{"id":22084,"date":"2024-10-30T14:55:54","date_gmt":"2024-10-30T19:55:54","guid":{"rendered":"https:\/\/nassasilhouette.org\/contacto\/"},"modified":"2026-01-12T18:50:46","modified_gmt":"2026-01-13T00:50:46","slug":"contacto","status":"publish","type":"page","link":"https:\/\/nassasilhouette.org\/es-mx\/copa-sk-lone-star\/contacto\/","title":{"rendered":"Contacto"},"content":{"rendered":"\n        <script>\n\t\t\tjQuery(document).ready(function(){\n\t\t\t\tjQuery(\".lapua-nav-group\").prependTo(jQuery(\".entry-header\"));\n\t\t\t});\n\t\t<\/script>\n\t\t<div class=\"lapua-nav-group\">\n\t\t\t<div class=\"lapua-home-group sk-home-group\">\n\t\t\t\t<a href=\"\/es-mx\/copa-sk-lone-star\/\"><img decoding=\"async\" src=\"\/wp-content\/uploads\/2024\/10\/sk_lone_star_cup_header.png\" \/><\/a>\n\t\t\t<\/div>\n\t\t\t<ul class=\"lapua-nav\">\n\t\t\t\t<li>\n\t\t\t\t\t<a href=\"\/es-mx\/copa-sk-lone-star\/sobre-nosotros-2\/\">Sobre Nosotros<\/a>\n\t\t\t\t<\/li>\n\t\t\t\t<li>\n\t\t\t\t\t<a href=\"\/es-mx\/copa-sk-lone-star\/informacion-sobre-el-partido-y-el-programa-de-premios-en-metalico\/\">Informaci\u00f3n sobre el partido y el programa de premios en met\u00e1lico<\/a>\n\t\t\t\t<\/li>\n\t\t\t\t<li>\n\t\t\t\t\t<a href=\"\/es-mx\/copa-sk-lone-star\/informacion-sobre-viajes\/\">Informaci\u00f3n sobre viajes<\/a>\n\t\t\t\t<\/li>\n\t\t\t\t<li>\n\t\t\t\t\t<a href=\"\/es-mx\/copa-sk-lone-star\/resultados-de-la-copa-sk-lone-star\/\">Resultados de la Copa SK Lone Star<\/a>\n\t\t\t\t<\/li>\n\t\t\t\t<li>\n\t\t\t\t\t<a href=\"\/es-mx\/copa-sk-lone-star\/patrocinadores-y-donantes-de-la-copa-sk-lone-star\/\">Patrocinadores y donantes de la Copa SK Lone Star<\/a>\n\t\t\t\t<\/li>\n\t\t\t\t<li>\n\t\t\t\t\t<a href=\"\/es-mx\/copa-sk-lone-star\/contacto\/\">Contacto<\/a>\n\t\t\t\t<\/li>\n\t\t\t<\/ul>\n\t\t<\/div>\n        \n    \n\n\n\n<div class=\"wp-block-media-text has-media-on-the-right is-stacked-on-mobile\"><div class=\"wp-block-media-text__content\">\n<p>\u00a1Vuestros <strong>Comit\u00e9s Directivo y Organizador de la Copa SK Lone Star <\/strong>est\u00e1n trabajando duro para que este <strong>&#8220;Campeonato Internacional Superregional <\/strong>&#8221; vuelva a ser un \u00e9xito arrollador en 2026 y m\u00e1s all\u00e1!<\/p>\n\n\n\n<p class=\"has-black-color has-text-color has-link-color wp-elements-21874a1a13a91648941bd30220188e78\">Tanto si eres un tirador de siluetas de rifle que desea m\u00e1s informaci\u00f3n como si est\u00e1s involucrado en la industria de los deportes de tiro y est\u00e1s interesado en convertirte en uno de nuestros donantes de SKLMC, \u00a1nos encantar\u00eda saber de ti!<\/p>\n<\/div><figure class=\"wp-block-media-text__media\"><img loading=\"lazy\" decoding=\"async\" width=\"1024\" height=\"546\" src=\"https:\/\/nassasilhouette.org\/wp-content\/uploads\/2024\/08\/Contact-Us-Image-1024x546.png\" alt=\"\" class=\"wp-image-21594 size-full\" srcset=\"https:\/\/nassasilhouette.org\/wp-content\/uploads\/2024\/08\/Contact-Us-Image-1024x546.png 1024w, https:\/\/nassasilhouette.org\/wp-content\/uploads\/2024\/08\/Contact-Us-Image-300x160.png 300w, https:\/\/nassasilhouette.org\/wp-content\/uploads\/2024\/08\/Contact-Us-Image-768x410.png 768w, https:\/\/nassasilhouette.org\/wp-content\/uploads\/2024\/08\/Contact-Us-Image-1536x819.png 1536w, https:\/\/nassasilhouette.org\/wp-content\/uploads\/2024\/08\/Contact-Us-Image-2048x1092.png 2048w, https:\/\/nassasilhouette.org\/wp-content\/uploads\/2024\/08\/Contact-Us-Image-1568x836.png 1568w\" sizes=\"auto, (max-width: 1024px) 100vw, 1024px\" \/><\/figure><\/div>\n\n\n\n<p class=\"has-black-color has-text-color has-link-color wp-elements-02eaf082b41bf8844e2daf0404612f45\">Para ponerte en contacto con la SK Lone Star Cup, env\u00eda un correo electr\u00f3nico a los siguientes miembros del Comit\u00e9 Directivo de la SKLSC:<\/p>\n\n\n\n<p class=\"has-black-color has-text-color has-link-color wp-elements-6b6c9ffddfe3f9b08f287cc0c4a31c02\"> <strong>Chris Cawthorne, Director de Partidos de SKLSC<\/strong> en <a href=\"mailto:Chris@nassasilhouette.org\">Chris@nassasilhouette.org<\/a>.  <\/p>\n\n\n\n<p><strong>Daniel Salazar <\/strong>en <a href=\"mailto:Daniel@nassasilhouette.org\">Daniel@nassasilhouette.org<\/a><\/p>\n\n\n\n<p><strong>Ricardo Arellano<\/strong> en <a href=\"mailto:Ricardo@nassasilhouette.org\">Ricardo@nassasilhouette.org<\/a><\/p>\n\n\n\n<p class=\"has-black-color has-text-color has-link-color wp-elements-b9d014df15fabe797f20e8b78affa371\">Los amigos de Facebook tambi\u00e9n pueden ponerse en contacto con Chris Cawthorne a trav\u00e9s de Facebook Messenger.<\/p>\n\n\n\n<p class=\"has-text-align-center has-text-color has-link-color wp-elements-251f511f83100d8e7114dfe4171859ed\" style=\"color:#0693e3\"><strong>Para m\u00e1s datos de contacto e informaci\u00f3n, haz clic en el Bolet\u00edn de Partidos SKLSC cuando se publique en las pr\u00f3ximas semanas: <\/strong><\/p>\n\n\n\n<div class=\"wp-block-buttons is-content-justification-center is-layout-flex wp-container-core-buttons-is-layout-16018d1d wp-block-buttons-is-layout-flex\">\n<div class=\"wp-block-button\"><a class=\"wp-block-button__link has-background has-small-font-size has-text-align-center has-custom-font-size wp-element-button\" style=\"background-color:#0693e3\"><strong>Bolet\u00edn de Partidos SKLSC (Pendiente)<\/strong><\/a><\/div>\n<\/div>\n\n\n\n<hr class=\"wp-block-separator has-alpha-channel-opacity\">\n","protected":false},"excerpt":{"rendered":"<p>\u00a1Vuestros Comit\u00e9s Directivo y Organizador de la Copa SK Lone Star est\u00e1n trabajando duro para que este &#8220;Campeonato Internacional Superregional &#8221; vuelva a ser un \u00e9xito arrollador en 2026 y m\u00e1s all\u00e1! Tanto si eres un tirador de siluetas de rifle que desea m\u00e1s informaci\u00f3n como si est\u00e1s involucrado en la industria de los deportes&hellip; <a class=\"more-link\" href=\"https:\/\/nassasilhouette.org\/es-mx\/copa-sk-lone-star\/contacto\/\">Continue reading <span class=\"screen-reader-text\">Contacto<\/span><\/a><\/p>\n","protected":false},"author":4,"featured_media":0,"parent":22065,"menu_order":0,"comment_status":"closed","ping_status":"closed","template":"","meta":{"_acf_changed":false,"footnotes":""},"class_list":["post-22084","page","type-page","status-publish","hentry","entry"],"acf":[],"rttpg_featured_image_url":null,"rttpg_author":{"display_name":"Chris Cawthorne","author_link":"https:\/\/nassasilhouette.org\/es-mx\/author\/cecawthorneyahoo-com\/"},"rttpg_comment":0,"rttpg_category":" <a href=\"https:\/\/nassasilhouette.org\/es-mx\/?taxonomy=translation_priority&#038;term=optional-es-mx\" rel=\"tag\">Optional<\/a>","rttpg_excerpt":"\u00a1Vuestros Comit\u00e9s Directivo y Organizador de la Copa SK Lone Star est\u00e1n trabajando duro para que este &#8220;Campeonato Internacional Superregional &#8221; vuelva a ser un \u00e9xito arrollador en 2026 y m\u00e1s all\u00e1! Tanto si eres un tirador de siluetas de rifle que desea m\u00e1s informaci\u00f3n como si est\u00e1s involucrado en la industria de los deportes&hellip;&hellip;","_links":{"self":[{"href":"https:\/\/nassasilhouette.org\/es-mx\/wp-json\/wp\/v2\/pages\/22084","targetHints":{"allow":["GET"]}}],"collection":[{"href":"https:\/\/nassasilhouette.org\/es-mx\/wp-json\/wp\/v2\/pages"}],"about":[{"href":"https:\/\/nassasilhouette.org\/es-mx\/wp-json\/wp\/v2\/types\/page"}],"author":[{"embeddable":true,"href":"https:\/\/nassasilhouette.org\/es-mx\/wp-json\/wp\/v2\/users\/4"}],"replies":[{"embeddable":true,"href":"https:\/\/nassasilhouette.org\/es-mx\/wp-json\/wp\/v2\/comments?post=22084"}],"version-history":[{"count":1,"href":"https:\/\/nassasilhouette.org\/es-mx\/wp-json\/wp\/v2\/pages\/22084\/revisions"}],"predecessor-version":[{"id":35617,"href":"https:\/\/nassasilhouette.org\/es-mx\/wp-json\/wp\/v2\/pages\/22084\/revisions\/35617"}],"up":[{"embeddable":true,"href":"https:\/\/nassasilhouette.org\/es-mx\/wp-json\/wp\/v2\/pages\/22065"}],"wp:attachment":[{"href":"https:\/\/nassasilhouette.org\/es-mx\/wp-json\/wp\/v2\/media?parent=22084"}],"curies":[{"name":"wp","href":"https:\/\/api.w.org\/{rel}","templated":true}]}}