{"id":22078,"date":"2024-10-30T11:51:54","date_gmt":"2024-10-30T16:51:54","guid":{"rendered":"https:\/\/nassasilhouette.org\/resultados-de-la-copa-sk-lone-star\/"},"modified":"2024-10-30T11:51:54","modified_gmt":"2024-10-30T16:51:54","slug":"resultados-de-la-copa-sk-lone-star","status":"publish","type":"page","link":"https:\/\/nassasilhouette.org\/es-mx\/copa-sk-lone-star\/resultados-de-la-copa-sk-lone-star\/","title":{"rendered":"Resultados de la Copa SK Lone Star"},"content":{"rendered":"\n        <script>\n\t\t\tjQuery(document).ready(function(){\n\t\t\t\tjQuery(\".lapua-nav-group\").prependTo(jQuery(\".entry-header\"));\n\t\t\t});\n\t\t<\/script>\n\t\t<div class=\"lapua-nav-group\">\n\t\t\t<div class=\"lapua-home-group sk-home-group\">\n\t\t\t\t<a href=\"\/es-mx\/copa-sk-lone-star\/\"><img decoding=\"async\" src=\"\/wp-content\/uploads\/2024\/10\/sk_lone_star_cup_header.png\" \/><\/a>\n\t\t\t<\/div>\n\t\t\t<ul class=\"lapua-nav\">\n\t\t\t\t<li>\n\t\t\t\t\t<a href=\"\/es-mx\/copa-sk-lone-star\/sobre-nosotros-2\/\">Sobre Nosotros<\/a>\n\t\t\t\t<\/li>\n\t\t\t\t<li>\n\t\t\t\t\t<a href=\"\/es-mx\/copa-sk-lone-star\/informacion-sobre-el-partido-y-el-programa-de-premios-en-metalico\/\">Informaci\u00f3n sobre el partido y el programa de premios en met\u00e1lico<\/a>\n\t\t\t\t<\/li>\n\t\t\t\t<li>\n\t\t\t\t\t<a href=\"\/es-mx\/copa-sk-lone-star\/informacion-sobre-viajes\/\">Informaci\u00f3n sobre viajes<\/a>\n\t\t\t\t<\/li>\n\t\t\t\t<li>\n\t\t\t\t\t<a href=\"\/es-mx\/copa-sk-lone-star\/resultados-de-la-copa-sk-lone-star\/\">Resultados de la Copa SK Lone Star<\/a>\n\t\t\t\t<\/li>\n\t\t\t\t<li>\n\t\t\t\t\t<a href=\"\/es-mx\/copa-sk-lone-star\/patrocinadores-y-donantes-de-la-copa-sk-lone-star\/\">Patrocinadores y donantes de la Copa SK Lone Star<\/a>\n\t\t\t\t<\/li>\n\t\t\t\t<li>\n\t\t\t\t\t<a href=\"\/es-mx\/copa-sk-lone-star\/contacto\/\">Contacto<\/a>\n\t\t\t\t<\/li>\n\t\t\t<\/ul>\n\t\t<\/div>\n        \n    \n\n\n\n<div class=\"wp-block-media-text is-stacked-on-mobile\" style=\"grid-template-columns:33% auto\"><figure class=\"wp-block-media-text__media\"><img loading=\"lazy\" decoding=\"async\" width=\"1024\" height=\"961\" src=\"https:\/\/nassasilhouette.org\/wp-content\/uploads\/2024\/09\/Cash-Awards-Banner-1024x961.png\" alt=\"\" class=\"wp-image-21714 size-full\" srcset=\"https:\/\/nassasilhouette.org\/wp-content\/uploads\/2024\/09\/Cash-Awards-Banner-1024x961.png 1024w, https:\/\/nassasilhouette.org\/wp-content\/uploads\/2024\/09\/Cash-Awards-Banner-300x282.png 300w, https:\/\/nassasilhouette.org\/wp-content\/uploads\/2024\/09\/Cash-Awards-Banner-768x721.png 768w, https:\/\/nassasilhouette.org\/wp-content\/uploads\/2024\/09\/Cash-Awards-Banner-1536x1442.png 1536w, https:\/\/nassasilhouette.org\/wp-content\/uploads\/2024\/09\/Cash-Awards-Banner-2048x1922.png 2048w, https:\/\/nassasilhouette.org\/wp-content\/uploads\/2024\/09\/Cash-Awards-Banner-1568x1472.png 1568w\" sizes=\"auto, (max-width: 1024px) 100vw, 1024px\" \/><\/figure><div class=\"wp-block-media-text__content\">\n<p>El Director del Partido SKLSC publicar\u00e1 a continuaci\u00f3n las puntuaciones y los resultados en met\u00e1lico\/premios tras el partido de los d\u00edas 7 y 8 de junio de 2025.<\/p>\n\n\n\n<p><\/p>\n<\/div><\/div>\n\n\n\n<hr class=\"wp-block-separator has-alpha-channel-opacity\">\n\n\n\n<div style=\"height:0px\" aria-hidden=\"true\" class=\"wp-block-spacer\"><\/div>\n\n\n\n<p class=\"has-text-color has-link-color wp-elements-f05c1dde628b4bf317a97725d78390d9\" style=\"color:#f30707\"><\/p>\n","protected":false},"excerpt":{"rendered":"<p>El Director del Partido SKLSC publicar\u00e1 a continuaci\u00f3n las puntuaciones y los resultados en met\u00e1lico\/premios tras el partido de los d\u00edas 7 y 8 de junio de 2025.<\/p>\n","protected":false},"author":4,"featured_media":0,"parent":22065,"menu_order":0,"comment_status":"closed","ping_status":"closed","template":"","meta":{"_acf_changed":false,"footnotes":""},"class_list":["post-22078","page","type-page","status-publish","hentry","entry"],"acf":[],"rttpg_featured_image_url":null,"rttpg_author":{"display_name":"Chris Cawthorne","author_link":"https:\/\/nassasilhouette.org\/es-mx\/author\/cecawthorneyahoo-com\/"},"rttpg_comment":0,"rttpg_category":" <a href=\"https:\/\/nassasilhouette.org\/es-mx\/?taxonomy=translation_priority&#038;term=optional-es-mx\" rel=\"tag\">Optional<\/a>","rttpg_excerpt":"El Director del Partido SKLSC publicar\u00e1 a continuaci\u00f3n las puntuaciones y los resultados en met\u00e1lico\/premios tras el partido de los d\u00edas 7 y 8 de junio de 2025.","_links":{"self":[{"href":"https:\/\/nassasilhouette.org\/es-mx\/wp-json\/wp\/v2\/pages\/22078","targetHints":{"allow":["GET"]}}],"collection":[{"href":"https:\/\/nassasilhouette.org\/es-mx\/wp-json\/wp\/v2\/pages"}],"about":[{"href":"https:\/\/nassasilhouette.org\/es-mx\/wp-json\/wp\/v2\/types\/page"}],"author":[{"embeddable":true,"href":"https:\/\/nassasilhouette.org\/es-mx\/wp-json\/wp\/v2\/users\/4"}],"replies":[{"embeddable":true,"href":"https:\/\/nassasilhouette.org\/es-mx\/wp-json\/wp\/v2\/comments?post=22078"}],"version-history":[{"count":0,"href":"https:\/\/nassasilhouette.org\/es-mx\/wp-json\/wp\/v2\/pages\/22078\/revisions"}],"up":[{"embeddable":true,"href":"https:\/\/nassasilhouette.org\/es-mx\/wp-json\/wp\/v2\/pages\/22065"}],"wp:attachment":[{"href":"https:\/\/nassasilhouette.org\/es-mx\/wp-json\/wp\/v2\/media?parent=22078"}],"curies":[{"name":"wp","href":"https:\/\/api.w.org\/{rel}","templated":true}]}}