{"id":20660,"date":"2023-02-17T14:47:03","date_gmt":"2023-02-17T20:47:03","guid":{"rendered":"https:\/\/nassasilhouette.org\/regiones-clubes-nassa\/regiones-clubes-de-ee-uu\/region-sureste-clubes\/asociacion-de-tiro-deportivo-de-memphis-lakeland-tn\/"},"modified":"2023-02-17T14:47:03","modified_gmt":"2023-02-17T20:47:03","slug":"asociacion-de-tiro-deportivo-de-memphis-lakeland-tn","status":"publish","type":"page","link":"https:\/\/nassasilhouette.org\/es-mx\/regiones-clubes-nassa\/regiones-clubes-de-ee-uu\/region-sureste-clubes\/asociacion-de-tiro-deportivo-de-memphis-lakeland-tn\/","title":{"rendered":"<strong>Asociaci\u00f3n de Tiro Deportivo de Memphis (Lakeland, TN)<\/strong>"},"content":{"rendered":"\n<div class=\"wp-block-media-text alignwide is-stacked-on-mobile\" style=\"grid-template-columns:17% auto\"><figure class=\"wp-block-media-text__media\"><img loading=\"lazy\" decoding=\"async\" width=\"774\" height=\"452\" src=\"https:\/\/nassasilhouette.org\/wp-content\/uploads\/2023\/02\/Memphis-Sport-Shooting-Association-Logo-1.jpg\" alt=\"\" class=\"wp-image-19982 size-full\" srcset=\"https:\/\/nassasilhouette.org\/wp-content\/uploads\/2023\/02\/Memphis-Sport-Shooting-Association-Logo-1.jpg 774w, https:\/\/nassasilhouette.org\/wp-content\/uploads\/2023\/02\/Memphis-Sport-Shooting-Association-Logo-1-300x175.jpg 300w, https:\/\/nassasilhouette.org\/wp-content\/uploads\/2023\/02\/Memphis-Sport-Shooting-Association-Logo-1-768x448.jpg 768w\" sizes=\"auto, (max-width: 774px) 100vw, 774px\" \/><\/figure><div class=\"wp-block-media-text__content\">\n<p>Memphis Sport Shooting Association, Inc. es una organizaci\u00f3n privada sin \u00e1nimo de lucro dedicada a la formaci\u00f3n de sus miembros en el uso seguro y adecuado de las armas de fuego con fines deportivos. En tiempos de guerra o de emergencia nacional, nuestros miembros forman un organismo eficaz para formar en el uso de las armas de fuego a quienes re\u00fanen los requisitos para el servicio militar.  &nbsp;<\/p>\n\n\n\n<p>La MSSA est\u00e1 afiliada a la National Rifle Association y al Civilian Marksmanship Program. Se constituy\u00f3 en 1986. La MSSA era anteriormente la Memphis Rifle and Revolver Association, que se constituy\u00f3 en 1936.  <\/p>\n<\/div><\/div>\n\n\n\n<div style=\"height:50px\" aria-hidden=\"true\" class=\"wp-block-spacer\"><\/div>\n\n\n\n<h2 class=\"has-text-align-center wp-block-heading\">Informaci\u00f3n de contacto<\/h2>\n\n\n\n<p><\/p>\n\n\n\n<figure class=\"wp-block-table is-style-stripes\"><table><tbody><tr><td><strong>P\u00e1gina web<\/strong>:<\/td><td>\n  <a href=\"https:\/\/mssashooting.com\/\">https:\/\/mssashooting.com\/<\/a>\n<\/td><\/tr><tr><td><strong>Facebook<\/strong>:<\/td><td>\n  <a href=\"https:\/\/www.facebook.com\/profile.php?id=100063693723327\">https:\/\/www.facebook.com\/profile.php?id=100063693723327<\/a>\n<\/td><\/tr><tr><td><strong>Direcci\u00f3n profesional<\/strong>:<\/td><td><strong>Xxxx<\/strong><\/td><\/tr><tr><td><strong>Ubicaci\u00f3n del rango<\/strong>:<\/td><td><strong>Xxxx<\/strong><\/td><\/tr><tr><td><strong>Contacto principal<\/strong>:<\/td><td><strong>Xxxx<\/strong><\/td><\/tr><tr><td><strong>Tel\u00e9fono de contacto principal<\/strong>:<\/td><td><strong>Xxxx<\/strong><\/td><\/tr><tr><td><strong>Correo electr\u00f3nico de contacto principal<\/strong>:<\/td><td><strong>Xxxx<\/strong><\/td><\/tr><\/tbody><\/table><\/figure>\n\n\n\n<div style=\"height:30px\" aria-hidden=\"true\" class=\"wp-block-spacer\"><\/div>\n\n\n\n<p><\/p>\n\n\n\n<h2 class=\"has-text-align-center wp-block-heading\">Capacidades de la gama Silhouette<\/h2>\n\n\n\n<p><\/p>\n\n\n\n<figure class=\"wp-block-table is-style-stripes\"><table><tbody><tr><td class=\"has-text-align-left\" data-align=\"left\"><strong>Disciplinas<\/strong>:<\/td><td><strong>Range Facilites<\/strong>:<\/td><\/tr><tr><td class=\"has-text-align-left\" data-align=\"left\"><strong>Rifle Smallbore<\/strong><\/td><td><strong>X Bancos de cada animal<\/strong><\/td><\/tr><tr><td class=\"has-text-align-left\" data-align=\"left\"><strong>Rifle de alta potencia<\/strong><\/td><td><strong><meta charset=\"utf-8\"> <strong>X Bancos de cada animal<\/strong><\/strong><\/td><\/tr><tr><td class=\"has-text-align-left\" data-align=\"left\"><strong>Rifle de palanca<\/strong><\/td><td><strong><meta charset=\"utf-8\"> <strong>X Bancos de cada animal<\/strong><\/strong><\/td><\/tr><tr><td class=\"has-text-align-left\" data-align=\"left\"><strong>Rifle de aire<\/strong><\/td><td><strong>X bancos de cada animal<\/strong><\/td><\/tr><\/tbody><\/table><\/figure>\n\n\n\n<div style=\"height:30px\" aria-hidden=\"true\" class=\"wp-block-spacer\"><\/div>\n\n\n\n<h2 class=\"has-text-align-center wp-block-heading\">Instalaciones de la gama Silhouette<\/h2>\n\n\n\n<figure class=\"wp-block-gallery has-nested-images columns-default is-cropped wp-block-gallery-1 is-layout-flex wp-block-gallery-is-layout-flex\">\n<figure class=\"wp-block-image size-large\"><a href=\"https:\/\/nassasilhouette.org\/wp-content\/uploads\/2022\/01\/Image-1-1-1.png\"><img loading=\"lazy\" decoding=\"async\" width=\"1024\" height=\"773\" data-id=\"9421\" src=\"https:\/\/nassasilhouette.org\/wp-content\/uploads\/2022\/01\/Image-1-1-1-1024x773.png\" alt=\"\" class=\"wp-image-9421\" srcset=\"https:\/\/nassasilhouette.org\/wp-content\/uploads\/2022\/01\/Image-1-1-1-1024x773.png 1024w, https:\/\/nassasilhouette.org\/wp-content\/uploads\/2022\/01\/Image-1-1-1-300x226.png 300w, https:\/\/nassasilhouette.org\/wp-content\/uploads\/2022\/01\/Image-1-1-1-768x580.png 768w, https:\/\/nassasilhouette.org\/wp-content\/uploads\/2022\/01\/Image-1-1-1.png 1457w\" sizes=\"auto, (max-width: 1024px) 100vw, 1024px\" \/><\/a><\/figure>\n\n\n\n<figure class=\"wp-block-image size-large\"><a href=\"https:\/\/nassasilhouette.org\/wp-content\/uploads\/2022\/01\/Image-2-1.png\"><img loading=\"lazy\" decoding=\"async\" width=\"1024\" height=\"773\" data-id=\"9422\" src=\"https:\/\/nassasilhouette.org\/wp-content\/uploads\/2022\/01\/Image-2-1-1024x773.png\" alt=\"\" class=\"wp-image-9422\" srcset=\"https:\/\/nassasilhouette.org\/wp-content\/uploads\/2022\/01\/Image-2-1-1024x773.png 1024w, https:\/\/nassasilhouette.org\/wp-content\/uploads\/2022\/01\/Image-2-1-300x226.png 300w, https:\/\/nassasilhouette.org\/wp-content\/uploads\/2022\/01\/Image-2-1-768x580.png 768w, https:\/\/nassasilhouette.org\/wp-content\/uploads\/2022\/01\/Image-2-1.png 1457w\" sizes=\"auto, (max-width: 1024px) 100vw, 1024px\" \/><\/a><\/figure>\n<\/figure>\n\n\n\n<figure class=\"wp-block-gallery alignwide has-nested-images columns-default is-cropped wp-block-gallery-2 is-layout-flex wp-block-gallery-is-layout-flex\">\n<figure class=\"wp-block-image size-large\"><a href=\"https:\/\/nassasilhouette.org\/wp-content\/uploads\/2022\/01\/Image-3-1.png\"><img loading=\"lazy\" decoding=\"async\" width=\"1024\" height=\"773\" data-id=\"9424\" src=\"https:\/\/nassasilhouette.org\/wp-content\/uploads\/2022\/01\/Image-3-1-1024x773.png\" alt=\"\" class=\"wp-image-9424\" srcset=\"https:\/\/nassasilhouette.org\/wp-content\/uploads\/2022\/01\/Image-3-1-1024x773.png 1024w, https:\/\/nassasilhouette.org\/wp-content\/uploads\/2022\/01\/Image-3-1-300x226.png 300w, https:\/\/nassasilhouette.org\/wp-content\/uploads\/2022\/01\/Image-3-1-768x580.png 768w, https:\/\/nassasilhouette.org\/wp-content\/uploads\/2022\/01\/Image-3-1.png 1457w\" sizes=\"auto, (max-width: 1024px) 100vw, 1024px\" \/><\/a><\/figure>\n\n\n\n<figure class=\"wp-block-image size-large\"><a href=\"https:\/\/nassasilhouette.org\/wp-content\/uploads\/2022\/01\/Image-4-1.png\"><img loading=\"lazy\" decoding=\"async\" width=\"1024\" height=\"773\" data-id=\"9425\" src=\"https:\/\/nassasilhouette.org\/wp-content\/uploads\/2022\/01\/Image-4-1-1024x773.png\" alt=\"\" class=\"wp-image-9425\" srcset=\"https:\/\/nassasilhouette.org\/wp-content\/uploads\/2022\/01\/Image-4-1-1024x773.png 1024w, https:\/\/nassasilhouette.org\/wp-content\/uploads\/2022\/01\/Image-4-1-300x226.png 300w, https:\/\/nassasilhouette.org\/wp-content\/uploads\/2022\/01\/Image-4-1-768x580.png 768w, https:\/\/nassasilhouette.org\/wp-content\/uploads\/2022\/01\/Image-4-1.png 1457w\" sizes=\"auto, (max-width: 1024px) 100vw, 1024px\" \/><\/a><\/figure>\n<\/figure>\n\n\n\n<figure class=\"wp-block-gallery alignwide has-nested-images columns-default is-cropped wp-block-gallery-3 is-layout-flex wp-block-gallery-is-layout-flex\">\n<figure class=\"wp-block-image size-large\"><a href=\"https:\/\/nassasilhouette.org\/wp-content\/uploads\/2022\/01\/Image-5-1.png\"><img loading=\"lazy\" decoding=\"async\" width=\"1024\" height=\"773\" data-id=\"9426\" src=\"https:\/\/nassasilhouette.org\/wp-content\/uploads\/2022\/01\/Image-5-1-1024x773.png\" alt=\"\" class=\"wp-image-9426\" srcset=\"https:\/\/nassasilhouette.org\/wp-content\/uploads\/2022\/01\/Image-5-1-1024x773.png 1024w, https:\/\/nassasilhouette.org\/wp-content\/uploads\/2022\/01\/Image-5-1-300x226.png 300w, https:\/\/nassasilhouette.org\/wp-content\/uploads\/2022\/01\/Image-5-1-768x580.png 768w, https:\/\/nassasilhouette.org\/wp-content\/uploads\/2022\/01\/Image-5-1.png 1457w\" sizes=\"auto, (max-width: 1024px) 100vw, 1024px\" \/><\/a><\/figure>\n\n\n\n<figure class=\"wp-block-image size-large\"><a href=\"https:\/\/nassasilhouette.org\/wp-content\/uploads\/2022\/01\/Image-6-1.png\"><img loading=\"lazy\" decoding=\"async\" width=\"1024\" height=\"773\" data-id=\"9427\" src=\"https:\/\/nassasilhouette.org\/wp-content\/uploads\/2022\/01\/Image-6-1-1024x773.png\" alt=\"\" class=\"wp-image-9427\" srcset=\"https:\/\/nassasilhouette.org\/wp-content\/uploads\/2022\/01\/Image-6-1-1024x773.png 1024w, https:\/\/nassasilhouette.org\/wp-content\/uploads\/2022\/01\/Image-6-1-300x226.png 300w, https:\/\/nassasilhouette.org\/wp-content\/uploads\/2022\/01\/Image-6-1-768x580.png 768w, https:\/\/nassasilhouette.org\/wp-content\/uploads\/2022\/01\/Image-6-1.png 1457w\" sizes=\"auto, (max-width: 1024px) 100vw, 1024px\" \/><\/a><\/figure>\n<\/figure>\n\n\n\n<figure class=\"wp-block-gallery alignwide has-nested-images columns-default is-cropped wp-block-gallery-4 is-layout-flex wp-block-gallery-is-layout-flex\">\n<figure class=\"wp-block-image size-large\"><a href=\"https:\/\/nassasilhouette.org\/wp-content\/uploads\/2022\/01\/Image-7-1.png\"><img loading=\"lazy\" decoding=\"async\" width=\"1024\" height=\"773\" data-id=\"9428\" src=\"https:\/\/nassasilhouette.org\/wp-content\/uploads\/2022\/01\/Image-7-1-1024x773.png\" alt=\"\" class=\"wp-image-9428\" srcset=\"https:\/\/nassasilhouette.org\/wp-content\/uploads\/2022\/01\/Image-7-1-1024x773.png 1024w, https:\/\/nassasilhouette.org\/wp-content\/uploads\/2022\/01\/Image-7-1-300x226.png 300w, https:\/\/nassasilhouette.org\/wp-content\/uploads\/2022\/01\/Image-7-1-768x580.png 768w, https:\/\/nassasilhouette.org\/wp-content\/uploads\/2022\/01\/Image-7-1.png 1457w\" sizes=\"auto, (max-width: 1024px) 100vw, 1024px\" \/><\/a><\/figure>\n\n\n\n<figure class=\"wp-block-image size-large\"><a href=\"https:\/\/nassasilhouette.org\/wp-content\/uploads\/2022\/01\/Image-8-1.png\"><img loading=\"lazy\" decoding=\"async\" width=\"1024\" height=\"773\" data-id=\"9429\" src=\"https:\/\/nassasilhouette.org\/wp-content\/uploads\/2022\/01\/Image-8-1-1024x773.png\" alt=\"\" class=\"wp-image-9429\" srcset=\"https:\/\/nassasilhouette.org\/wp-content\/uploads\/2022\/01\/Image-8-1-1024x773.png 1024w, https:\/\/nassasilhouette.org\/wp-content\/uploads\/2022\/01\/Image-8-1-300x226.png 300w, https:\/\/nassasilhouette.org\/wp-content\/uploads\/2022\/01\/Image-8-1-768x580.png 768w, https:\/\/nassasilhouette.org\/wp-content\/uploads\/2022\/01\/Image-8-1.png 1457w\" sizes=\"auto, (max-width: 1024px) 100vw, 1024px\" \/><\/a><\/figure>\n<\/figure>\n\n\n\n<figure class=\"wp-block-gallery alignwide has-nested-images columns-default is-cropped wp-block-gallery-5 is-layout-flex wp-block-gallery-is-layout-flex\">\n<figure class=\"wp-block-image size-large\"><a href=\"https:\/\/nassasilhouette.org\/wp-content\/uploads\/2022\/01\/Image-9-1.png\"><img loading=\"lazy\" decoding=\"async\" width=\"1024\" height=\"773\" data-id=\"9430\" src=\"https:\/\/nassasilhouette.org\/wp-content\/uploads\/2022\/01\/Image-9-1-1024x773.png\" alt=\"\" class=\"wp-image-9430\" srcset=\"https:\/\/nassasilhouette.org\/wp-content\/uploads\/2022\/01\/Image-9-1-1024x773.png 1024w, https:\/\/nassasilhouette.org\/wp-content\/uploads\/2022\/01\/Image-9-1-300x226.png 300w, https:\/\/nassasilhouette.org\/wp-content\/uploads\/2022\/01\/Image-9-1-768x580.png 768w, https:\/\/nassasilhouette.org\/wp-content\/uploads\/2022\/01\/Image-9-1.png 1457w\" sizes=\"auto, (max-width: 1024px) 100vw, 1024px\" \/><\/a><\/figure>\n\n\n\n<figure class=\"wp-block-image size-large\"><a href=\"https:\/\/nassasilhouette.org\/wp-content\/uploads\/2022\/01\/Image-10-1.png\"><img loading=\"lazy\" decoding=\"async\" width=\"1024\" height=\"773\" data-id=\"9431\" src=\"https:\/\/nassasilhouette.org\/wp-content\/uploads\/2022\/01\/Image-10-1-1024x773.png\" alt=\"\" class=\"wp-image-9431\" srcset=\"https:\/\/nassasilhouette.org\/wp-content\/uploads\/2022\/01\/Image-10-1-1024x773.png 1024w, https:\/\/nassasilhouette.org\/wp-content\/uploads\/2022\/01\/Image-10-1-300x226.png 300w, https:\/\/nassasilhouette.org\/wp-content\/uploads\/2022\/01\/Image-10-1-768x580.png 768w, https:\/\/nassasilhouette.org\/wp-content\/uploads\/2022\/01\/Image-10-1.png 1457w\" sizes=\"auto, (max-width: 1024px) 100vw, 1024px\" \/><\/a><\/figure>\n<\/figure>\n","protected":false},"excerpt":{"rendered":"<p>Memphis Sport Shooting Association, Inc. es una organizaci\u00f3n privada sin \u00e1nimo de lucro dedicada a la formaci\u00f3n de sus miembros en el uso seguro y adecuado de las armas de fuego con fines deportivos. En tiempos de guerra o de emergencia nacional, nuestros miembros forman un organismo eficaz para formar en el uso de las&hellip; <a class=\"more-link\" href=\"https:\/\/nassasilhouette.org\/es-mx\/regiones-clubes-nassa\/regiones-clubes-de-ee-uu\/region-sureste-clubes\/asociacion-de-tiro-deportivo-de-memphis-lakeland-tn\/\">Continue reading <span class=\"screen-reader-text\"><strong>Asociaci\u00f3n de Tiro Deportivo de Memphis (Lakeland, TN)<\/strong><\/span><\/a><\/p>\n","protected":false},"author":4,"featured_media":0,"parent":19536,"menu_order":0,"comment_status":"closed","ping_status":"closed","template":"","meta":{"_acf_changed":false,"footnotes":""},"class_list":["post-20660","page","type-page","status-publish","hentry","entry"],"acf":[],"rttpg_featured_image_url":null,"rttpg_author":{"display_name":"Chris Cawthorne","author_link":"https:\/\/nassasilhouette.org\/es-mx\/author\/cecawthorneyahoo-com\/"},"rttpg_comment":0,"rttpg_category":" <a href=\"https:\/\/nassasilhouette.org\/es-mx\/?taxonomy=translation_priority&#038;term=optional-es-mx\" rel=\"tag\">Optional<\/a>","rttpg_excerpt":"Memphis Sport Shooting Association, Inc. es una organizaci\u00f3n privada sin \u00e1nimo de lucro dedicada a la formaci\u00f3n de sus miembros en el uso seguro y adecuado de las armas de fuego con fines deportivos. En tiempos de guerra o de emergencia nacional, nuestros miembros forman un organismo eficaz para formar en el uso de las&hellip;&hellip;","_links":{"self":[{"href":"https:\/\/nassasilhouette.org\/es-mx\/wp-json\/wp\/v2\/pages\/20660","targetHints":{"allow":["GET"]}}],"collection":[{"href":"https:\/\/nassasilhouette.org\/es-mx\/wp-json\/wp\/v2\/pages"}],"about":[{"href":"https:\/\/nassasilhouette.org\/es-mx\/wp-json\/wp\/v2\/types\/page"}],"author":[{"embeddable":true,"href":"https:\/\/nassasilhouette.org\/es-mx\/wp-json\/wp\/v2\/users\/4"}],"replies":[{"embeddable":true,"href":"https:\/\/nassasilhouette.org\/es-mx\/wp-json\/wp\/v2\/comments?post=20660"}],"version-history":[{"count":0,"href":"https:\/\/nassasilhouette.org\/es-mx\/wp-json\/wp\/v2\/pages\/20660\/revisions"}],"up":[{"embeddable":true,"href":"https:\/\/nassasilhouette.org\/es-mx\/wp-json\/wp\/v2\/pages\/19536"}],"wp:attachment":[{"href":"https:\/\/nassasilhouette.org\/es-mx\/wp-json\/wp\/v2\/media?parent=20660"}],"curies":[{"name":"wp","href":"https:\/\/api.w.org\/{rel}","templated":true}]}}