{"id":19925,"date":"2023-02-12T16:08:32","date_gmt":"2023-02-12T22:08:32","guid":{"rendered":"https:\/\/nassasilhouette.org\/regiones-clubes-nassa\/regiones-clubes-de-mexico\/region-noroeste-clubes\/club-lobos-de-nogales-tiro-caza-y-pesca-nogales-son\/"},"modified":"2023-02-12T16:08:32","modified_gmt":"2023-02-12T22:08:32","slug":"club-lobos-de-nogales-tiro-caza-y-pesca-nogales-son","status":"publish","type":"page","link":"https:\/\/nassasilhouette.org\/es-mx\/regiones-clubes-nassa\/regiones-clubes-de-mexico\/region-noroeste-clubes\/club-lobos-de-nogales-tiro-caza-y-pesca-nogales-son\/","title":{"rendered":"<strong>Club Lobos de Nogales Tiro, Caza y Pesca (Nogales, Son.)<\/strong>"},"content":{"rendered":"\n<div class=\"wp-block-media-text alignwide is-stacked-on-mobile\" style=\"grid-template-columns:17% auto\"><figure class=\"wp-block-media-text__media\"><img loading=\"lazy\" decoding=\"async\" width=\"1024\" height=\"861\" src=\"https:\/\/nassasilhouette.org\/wp-content\/uploads\/2023\/02\/Club-Lobos-Clear-1-1024x861.jpg\" alt=\"\" class=\"wp-image-19875 size-full\" srcset=\"https:\/\/nassasilhouette.org\/wp-content\/uploads\/2023\/02\/Club-Lobos-Clear-1-1024x861.jpg 1024w, https:\/\/nassasilhouette.org\/wp-content\/uploads\/2023\/02\/Club-Lobos-Clear-1-300x252.jpg 300w, https:\/\/nassasilhouette.org\/wp-content\/uploads\/2023\/02\/Club-Lobos-Clear-1-768x646.jpg 768w, https:\/\/nassasilhouette.org\/wp-content\/uploads\/2023\/02\/Club-Lobos-Clear-1.jpg 1134w\" sizes=\"auto, (max-width: 1024px) 100vw, 1024px\" \/><\/figure><div class=\"wp-block-media-text__content\">\n<p>El Club Lobos De Nogales se estableci\u00f3 en 1957 con la intenci\u00f3n de patrocinar un lugar seguro para disparar a siluetas met\u00e1licas, promover el deporte a trav\u00e9s de la celebraci\u00f3n de eventos locales y nacionales reconocidos, proporcionar instrucci\u00f3n y educaci\u00f3n a cualquier persona que est\u00e9 interesada, y disfrutar de la camarader\u00eda entre compa\u00f1eros tiradores. Nuestro club es miembro de la Federacion Mexicana De Tiro (FEMETI) , Federacion Mexicana De Caza (FEMECA) y Liga Municipal De Tiro Nogales Sonora (LMT).<\/p>\n\n\n\n<p>El Club Lobos de Nogales es sede de encuentros locales, estatales y regionales de tiro al blanco, como el Campeonato Estatal FEMETI de Sonora y el Campeonato Noroeste de M\u00e9xico Sonora, Chihuahua, Sinaloa y Baja California. Para conocer las fechas y horarios de todos los actos, visite la p\u00e1gina Calendario. El pol\u00edgono est\u00e1 ubicado EN Camino Ejido la Arizona a 6.5 Km de Nogales, Sonora, M\u00e9xico.<\/p>\n<\/div><\/div>\n\n\n\n<div style=\"height:50px\" aria-hidden=\"true\" class=\"wp-block-spacer\"><\/div>\n\n\n\n<h2 class=\"has-text-align-center wp-block-heading\">Informaci\u00f3n de contacto<\/h2>\n\n\n\n<p><\/p>\n\n\n\n<figure class=\"wp-block-table is-style-stripes\"><table><tbody><tr><td><strong>Sitio web<\/strong>:<\/td><td>En construcci\u00f3n<\/td><\/tr><tr><td><strong>Facebook<\/strong>:<\/td><td>Club Lobos De Nogales Tiro, Caza y Pesca<\/td><\/tr><tr><td><strong>Domicilio Social<\/strong>:<\/td><td>CALLE ASTOLFO CARDENAS #101 Nogales Son COL. ALTAMIRA, C.P. 84047 <strong><strong>                        <\/strong><\/strong><\/td> <\/tr><tr><td><strong>Ubicaci\u00f3n del pol\u00edgono<\/strong>:<\/td><td>Camino Ejido la Arizona a 6.5 Km de Nogales, Sonora, Mx. <\/td> <\/tr><tr><td><strong>Contacto principal<\/strong>:<\/td><td>Roberto Villa Mart\u00ednez<\/td><\/tr><tr><td><strong>Tel\u00e9fono de contacto principal<\/strong><\/td><td>+52 662 479 6943<\/td><\/tr><tr><td><strong>Correo electr\u00f3nico de contacto principal<\/strong>:<\/td><td>clublobosnogales@gmail.com<\/td><\/tr><\/tbody><\/table><\/figure>\n\n\n\n<div style=\"height:30px\" aria-hidden=\"true\" class=\"wp-block-spacer\"><\/div>\n\n\n\n<h2 class=\"has-text-align-center wp-block-heading\">Capacidades de la gama Silhouette<\/h2>\n\n\n\n<p><\/p>\n\n\n\n<figure class=\"wp-block-table is-style-stripes\"><table><tbody><tr><td class=\"has-text-align-left\" data-align=\"left\"><strong>Disciplinas<\/strong>:<\/td><td><strong>Range Facilites<\/strong>:<\/td><\/tr><tr><td class=\"has-text-align-left\" data-align=\"left\">\n  <strong>Rifle Smallbore<\/strong>\n<\/td><td>\n  <strong>4 Bancos de cada animal<\/strong>\n<\/td><\/tr><tr><td class=\"has-text-align-left\" data-align=\"left\">\n  <strong>Rifle de alta potencia<\/strong>\n<\/td><td>\n  <strong>\n    <meta charset=\"utf-8\">\n    <strong>4 Bancos de cada animal<\/strong>\n  <\/strong>\n<\/td><\/tr><tr><td class=\"has-text-align-left\" data-align=\"left\">\n  <strong>\n    <strong>Mira Abierta Smallbore -Mira Abierta .22<\/strong>\n  <\/strong>\n<\/td><td>\n  <strong>\n    <meta charset=\"utf-8\">\n    <strong>4 Bancos de cada animal<\/strong>\n  <\/strong>\n<\/td><\/tr><tr><td class=\"has-text-align-left\" data-align=\"left\">\n  <strong>Rifle de aire comprimido<\/strong>\n<\/td><td>\n  <strong>Ninguno<\/strong>\n<\/td><\/tr><\/tbody><\/table><\/figure>\n\n\n\n<div style=\"height:30px\" aria-hidden=\"true\" class=\"wp-block-spacer\"><\/div>\n\n\n\n<h2 class=\"has-text-align-center wp-block-heading\">Instalaciones de la gama Silhouette<\/h2>\n\n\n\n<figure class=\"wp-block-gallery has-nested-images columns-default is-cropped wp-block-gallery-1 is-layout-flex wp-block-gallery-is-layout-flex\">\n<figure class=\"wp-block-image size-large\"><a href=\"https:\/\/nassasilhouette.org\/wp-content\/uploads\/2023\/02\/image-1.png\"><img loading=\"lazy\" decoding=\"async\" width=\"1024\" height=\"498\" data-id=\"19884\" src=\"https:\/\/nassasilhouette.org\/wp-content\/uploads\/2023\/02\/image-1-1024x498.png\" alt=\"\" class=\"wp-image-19884\" srcset=\"https:\/\/nassasilhouette.org\/wp-content\/uploads\/2023\/02\/image-1-1024x498.png 1024w, https:\/\/nassasilhouette.org\/wp-content\/uploads\/2023\/02\/image-1-300x146.png 300w, https:\/\/nassasilhouette.org\/wp-content\/uploads\/2023\/02\/image-1-768x373.png 768w, https:\/\/nassasilhouette.org\/wp-content\/uploads\/2023\/02\/image-1.png 1280w\" sizes=\"auto, (max-width: 1024px) 100vw, 1024px\" \/><\/a><\/figure>\n<\/figure>\n\n\n\n<figure class=\"wp-block-gallery alignwide has-nested-images columns-default is-cropped wp-block-gallery-2 is-layout-flex wp-block-gallery-is-layout-flex\">\n<figure class=\"wp-block-image size-large\"><a href=\"https:\/\/nassasilhouette.org\/wp-content\/uploads\/2023\/02\/image-2-scaled.jpg\"><img loading=\"lazy\" decoding=\"async\" width=\"1024\" height=\"498\" data-id=\"19888\" src=\"https:\/\/nassasilhouette.org\/wp-content\/uploads\/2023\/02\/image-2-1024x498.jpg\" alt=\"\" class=\"wp-image-19888\" srcset=\"https:\/\/nassasilhouette.org\/wp-content\/uploads\/2023\/02\/image-2-1024x498.jpg 1024w, https:\/\/nassasilhouette.org\/wp-content\/uploads\/2023\/02\/image-2-300x146.jpg 300w, https:\/\/nassasilhouette.org\/wp-content\/uploads\/2023\/02\/image-2-768x373.jpg 768w, https:\/\/nassasilhouette.org\/wp-content\/uploads\/2023\/02\/image-2-1536x746.jpg 1536w, https:\/\/nassasilhouette.org\/wp-content\/uploads\/2023\/02\/image-2-2048x995.jpg 2048w, https:\/\/nassasilhouette.org\/wp-content\/uploads\/2023\/02\/image-2-1568x762.jpg 1568w\" sizes=\"auto, (max-width: 1024px) 100vw, 1024px\" \/><\/a><\/figure>\n<\/figure>\n\n\n\n<figure class=\"wp-block-gallery alignwide has-nested-images columns-default is-cropped wp-block-gallery-3 is-layout-flex wp-block-gallery-is-layout-flex\">\n<figure class=\"wp-block-image size-large\"><a href=\"https:\/\/nassasilhouette.org\/wp-content\/uploads\/2023\/02\/image-3-scaled.jpg\"><img loading=\"lazy\" decoding=\"async\" width=\"1024\" height=\"363\" data-id=\"19890\" src=\"https:\/\/nassasilhouette.org\/wp-content\/uploads\/2023\/02\/image-3-1024x363.jpg\" alt=\"\" class=\"wp-image-19890\" srcset=\"https:\/\/nassasilhouette.org\/wp-content\/uploads\/2023\/02\/image-3-1024x363.jpg 1024w, https:\/\/nassasilhouette.org\/wp-content\/uploads\/2023\/02\/image-3-300x106.jpg 300w, https:\/\/nassasilhouette.org\/wp-content\/uploads\/2023\/02\/image-3-768x272.jpg 768w, https:\/\/nassasilhouette.org\/wp-content\/uploads\/2023\/02\/image-3-1536x545.jpg 1536w, https:\/\/nassasilhouette.org\/wp-content\/uploads\/2023\/02\/image-3-2048x726.jpg 2048w, https:\/\/nassasilhouette.org\/wp-content\/uploads\/2023\/02\/image-3-1568x556.jpg 1568w\" sizes=\"auto, (max-width: 1024px) 100vw, 1024px\" \/><\/a><\/figure>\n<\/figure>\n","protected":false},"excerpt":{"rendered":"<p>El Club Lobos De Nogales se estableci\u00f3 en 1957 con la intenci\u00f3n de patrocinar un lugar seguro para disparar a siluetas met\u00e1licas, promover el deporte a trav\u00e9s de la celebraci\u00f3n de eventos locales y nacionales reconocidos, proporcionar instrucci\u00f3n y educaci\u00f3n a cualquier persona que est\u00e9 interesada, y disfrutar de la camarader\u00eda entre compa\u00f1eros tiradores. Nuestro&hellip; <a class=\"more-link\" href=\"https:\/\/nassasilhouette.org\/es-mx\/regiones-clubes-nassa\/regiones-clubes-de-mexico\/region-noroeste-clubes\/club-lobos-de-nogales-tiro-caza-y-pesca-nogales-son\/\">Continue reading <span class=\"screen-reader-text\"><strong>Club Lobos de Nogales Tiro, Caza y Pesca (Nogales, Son.)<\/strong><\/span><\/a><\/p>\n","protected":false},"author":4,"featured_media":0,"parent":19520,"menu_order":0,"comment_status":"closed","ping_status":"closed","template":"","meta":{"_acf_changed":false,"footnotes":""},"class_list":["post-19925","page","type-page","status-publish","hentry","entry"],"acf":[],"rttpg_featured_image_url":null,"rttpg_author":{"display_name":"Chris Cawthorne","author_link":"https:\/\/nassasilhouette.org\/es-mx\/author\/cecawthorneyahoo-com\/"},"rttpg_comment":0,"rttpg_category":" <a href=\"https:\/\/nassasilhouette.org\/es-mx\/?taxonomy=translation_priority&#038;term=optional-es-mx\" rel=\"tag\">Optional<\/a>","rttpg_excerpt":"El Club Lobos De Nogales se estableci\u00f3 en 1957 con la intenci\u00f3n de patrocinar un lugar seguro para disparar a siluetas met\u00e1licas, promover el deporte a trav\u00e9s de la celebraci\u00f3n de eventos locales y nacionales reconocidos, proporcionar instrucci\u00f3n y educaci\u00f3n a cualquier persona que est\u00e9 interesada, y disfrutar de la camarader\u00eda entre compa\u00f1eros tiradores. Nuestro&hellip;&hellip;","_links":{"self":[{"href":"https:\/\/nassasilhouette.org\/es-mx\/wp-json\/wp\/v2\/pages\/19925","targetHints":{"allow":["GET"]}}],"collection":[{"href":"https:\/\/nassasilhouette.org\/es-mx\/wp-json\/wp\/v2\/pages"}],"about":[{"href":"https:\/\/nassasilhouette.org\/es-mx\/wp-json\/wp\/v2\/types\/page"}],"author":[{"embeddable":true,"href":"https:\/\/nassasilhouette.org\/es-mx\/wp-json\/wp\/v2\/users\/4"}],"replies":[{"embeddable":true,"href":"https:\/\/nassasilhouette.org\/es-mx\/wp-json\/wp\/v2\/comments?post=19925"}],"version-history":[{"count":0,"href":"https:\/\/nassasilhouette.org\/es-mx\/wp-json\/wp\/v2\/pages\/19925\/revisions"}],"up":[{"embeddable":true,"href":"https:\/\/nassasilhouette.org\/es-mx\/wp-json\/wp\/v2\/pages\/19520"}],"wp:attachment":[{"href":"https:\/\/nassasilhouette.org\/es-mx\/wp-json\/wp\/v2\/media?parent=19925"}],"curies":[{"name":"wp","href":"https:\/\/api.w.org\/{rel}","templated":true}]}}