{"id":19593,"date":"2021-10-13T18:28:00","date_gmt":"2021-10-13T23:28:00","guid":{"rendered":"https:\/\/nassasilhouette.org\/regiones-clubes-nassa\/regiones-clubes-de-ee-uu\/"},"modified":"2021-10-13T18:28:00","modified_gmt":"2021-10-13T23:28:00","slug":"regiones-clubes-de-ee-uu","status":"publish","type":"page","link":"https:\/\/nassasilhouette.org\/es-mx\/regiones-clubes-nassa\/regiones-clubes-de-ee-uu\/","title":{"rendered":"REGIONES\/CLUBES DE EE.UU."},"content":{"rendered":"\n<p class=\"has-text-align-center\"><strong>Esto incluye las regiones de NASSA USA de North Central, Northeast, Northwest, South Central, Southeast y Southwest USA.<\/strong><\/p>\n\n\n<div class=\"wp-block-image\">\n<figure class=\"aligncenter size-large\"><img loading=\"lazy\" decoding=\"async\" width=\"1024\" height=\"698\" src=\"https:\/\/nassasilhouette.org\/wp-content\/uploads\/2021\/12\/USA-Regions-Map-2-1024x698.png\" alt=\"\" class=\"wp-image-8070\" srcset=\"https:\/\/nassasilhouette.org\/wp-content\/uploads\/2021\/12\/USA-Regions-Map-2-1024x698.png 1024w, https:\/\/nassasilhouette.org\/wp-content\/uploads\/2021\/12\/USA-Regions-Map-2-300x204.png 300w, https:\/\/nassasilhouette.org\/wp-content\/uploads\/2021\/12\/USA-Regions-Map-2-768x523.png 768w, https:\/\/nassasilhouette.org\/wp-content\/uploads\/2021\/12\/USA-Regions-Map-2-1536x1047.png 1536w, https:\/\/nassasilhouette.org\/wp-content\/uploads\/2021\/12\/USA-Regions-Map-2-2048x1396.png 2048w\" sizes=\"auto, (max-width: 1024px) 100vw, 1024px\" \/><\/figure>\n<\/div>\n\n\n<div style=\"height:10px\" aria-hidden=\"true\" class=\"wp-block-spacer\"><\/div>\n\n\n\n<p><meta charset=\"utf-8\">La silueta de rifle de alta potencia emigr\u00f3 de M\u00e9xico a trav\u00e9s de la frontera entre Arizona y Nuevo M\u00e9xico con gusto durante las d\u00e9cadas de 1960 y 1970. En una d\u00e9cada, el Rifle Silueta en los EE.UU. se dinamiz\u00f3 a\u00fan m\u00e1s cuando la NRA se convirti\u00f3 en el organismo sancionador oficial y la disciplina de Rifle Silueta Smallbore se a\u00f1adi\u00f3 a la mezcla. Las competiciones de rifle de silueta se extendieron por todo Estados Unidos y pronto se convirtieron en el deporte de tiro m\u00e1s r\u00e1pido del pa\u00eds.  <\/p>\n\n\n\n<p>Cincuenta a\u00f1os despu\u00e9s, el Rifle Silueta sigue siendo uno de los deportes de tiro m\u00e1s desafiantes y divertidos. Hay algo especial en golpear un carnero a 500 metros y ver y o\u00edr ese CLANG cuando el carnero cae. Hoy en d\u00eda en los EE.UU. hay muchos nuevos deportes de tiro que compiten directamente con el Rifle Silueta en atraer y retener a los tiradores. La misi\u00f3n de la NASSA es garantizar que crezcamos y florezcamos como uno de los principales deportes de tiro de los Estados Unidos.<\/p>\n\n\n\n<hr class=\"wp-block-separator has-alpha-channel-opacity\">\n\n\n\n<div style=\"height:30px\" aria-hidden=\"true\" class=\"wp-block-spacer\"><\/div>\n\n\n\n<h2 class=\"has-text-align-center wp-block-heading\"><strong>Regi\u00f3n Centro-Norte\/Clubes<\/strong><\/h2>\n\n\n\n<div style=\"height:20px\" aria-hidden=\"true\" class=\"wp-block-spacer\"><\/div>\n\n\n\n<div class=\"wp-block-media-text alignwide is-stacked-on-mobile is-vertically-aligned-center\" style=\"grid-template-columns:38% auto\"><figure class=\"wp-block-media-text__media\"><img loading=\"lazy\" decoding=\"async\" width=\"1024\" height=\"792\" src=\"https:\/\/nassasilhouette.org\/wp-content\/uploads\/2022\/02\/Northeast-USA-Region-A-1-1024x792.png\" alt=\"\" class=\"wp-image-10399 size-full\" srcset=\"https:\/\/nassasilhouette.org\/wp-content\/uploads\/2022\/02\/Northeast-USA-Region-A-1-1024x792.png 1024w, https:\/\/nassasilhouette.org\/wp-content\/uploads\/2022\/02\/Northeast-USA-Region-A-1-300x232.png 300w, https:\/\/nassasilhouette.org\/wp-content\/uploads\/2022\/02\/Northeast-USA-Region-A-1-768x594.png 768w, https:\/\/nassasilhouette.org\/wp-content\/uploads\/2022\/02\/Northeast-USA-Region-A-1.png 1434w\" sizes=\"auto, (max-width: 1024px) 100vw, 1024px\" \/><\/figure><div class=\"wp-block-media-text__content\">\n<p class=\"has-text-align-center\"><strong>Esta regi\u00f3n de NASSA USA da servicio a Illinois, Iowa, Michigan, Minnesota, Nebraska, Dakota del Norte, Dakota del Sur y Wisconsin.<\/strong><\/p>\n\n\n\n<p class=\"has-text-align-center has-vivid-cyan-blue-color has-text-color\"><meta charset=\"utf-8\"><strong>Haga clic en el siguiente enlace para obtener informaci\u00f3n sobre el Director Regional de USA North Central, las Iniciativas Regionales y los Clubes de Rifle Silueta de la Regi\u00f3n Noreste.<\/strong><\/p>\n\n\n\n<div class=\"wp-block-buttons is-horizontal is-content-justification-center is-layout-flex wp-container-core-buttons-is-layout-499968f5 wp-block-buttons-is-layout-flex\">\n<div class=\"wp-block-button has-custom-font-size has-extra-small-font-size\"><a class=\"wp-block-button__link has-vivid-cyan-blue-background-color has-background wp-element-button\" href=\"http:\/\/nassasilhouette.org\/north-central\"><strong>CLUBES DE SILUETA DE LA ZONA CENTRO-NORTE<\/strong><\/a><\/div>\n<\/div>\n<\/div><\/div>\n\n\n\n<hr class=\"wp-block-separator has-alpha-channel-opacity\">\n\n\n\n<div style=\"height:50px\" aria-hidden=\"true\" class=\"wp-block-spacer\"><\/div>\n\n\n\n<h2 class=\"has-text-align-center wp-block-heading\"><strong>Regi\u00f3n Noreste\/Clubes<\/strong><\/h2>\n\n\n\n<div style=\"height:20px\" aria-hidden=\"true\" class=\"wp-block-spacer\"><\/div>\n\n\n\n<div class=\"wp-block-media-text alignwide is-stacked-on-mobile is-vertically-aligned-center\" style=\"grid-template-columns:40% auto\"><figure class=\"wp-block-media-text__media\"><img loading=\"lazy\" decoding=\"async\" width=\"1024\" height=\"882\" src=\"https:\/\/nassasilhouette.org\/wp-content\/uploads\/2022\/02\/Northeast-USA-Region-B-1-1024x882.png\" alt=\"\" class=\"wp-image-10414 size-full\" srcset=\"https:\/\/nassasilhouette.org\/wp-content\/uploads\/2022\/02\/Northeast-USA-Region-B-1-1024x882.png 1024w, https:\/\/nassasilhouette.org\/wp-content\/uploads\/2022\/02\/Northeast-USA-Region-B-1-300x259.png 300w, https:\/\/nassasilhouette.org\/wp-content\/uploads\/2022\/02\/Northeast-USA-Region-B-1-768x662.png 768w, https:\/\/nassasilhouette.org\/wp-content\/uploads\/2022\/02\/Northeast-USA-Region-B-1.png 1287w\" sizes=\"auto, (max-width: 1024px) 100vw, 1024px\" \/><\/figure><div class=\"wp-block-media-text__content\">\n<p class=\"has-text-align-center\"><meta charset=\"utf-8\"><strong>Esta regi\u00f3n de NASSA USA da servicio a Connecticut, Delaware, Indiana, Kentucky, Maine, Maryland, Massachusetts, New Hampshire, New Jersey, New York, Ohio, Pennsylvania, Rhode Island, Vermont, Virginia y West Virginia.<\/strong><\/p>\n\n\n\n<p class=\"has-text-align-center has-vivid-cyan-blue-color has-text-color\"><meta charset=\"utf-8\"><strong>Haga clic en el siguiente enlace para obtener informaci\u00f3n sobre el Director Regional de EE.UU. Noreste, Iniciativas Regionales y Clubes de Rifle Silueta en la Regi\u00f3n Noreste.<\/strong><\/p>\n\n\n\n<div class=\"wp-block-buttons is-horizontal is-content-justification-center is-layout-flex wp-container-core-buttons-is-layout-499968f5 wp-block-buttons-is-layout-flex\">\n<div class=\"wp-block-button has-custom-font-size has-extra-small-font-size\"><a class=\"wp-block-button__link has-vivid-cyan-blue-background-color has-background wp-element-button\" href=\"http:\/\/nassasilhouette.org\/northeast\"><meta charset=\"utf-8\"><strong>CLUBES DE SILUETA DEL NORESTE<\/strong><\/a><\/div>\n<\/div>\n<\/div><\/div>\n\n\n\n<hr class=\"wp-block-separator has-alpha-channel-opacity\">\n\n\n\n<div style=\"height:50px\" aria-hidden=\"true\" class=\"wp-block-spacer\"><\/div>\n\n\n\n<h2 class=\"has-text-align-center wp-block-heading\"><strong>Regi\u00f3n Noroeste\/Clubes<\/strong><\/h2>\n\n\n\n<div style=\"height:20px\" aria-hidden=\"true\" class=\"wp-block-spacer\"><\/div>\n\n\n\n<div class=\"wp-block-media-text alignwide is-stacked-on-mobile is-vertically-aligned-center\" style=\"grid-template-columns:40% auto\"><figure class=\"wp-block-media-text__media\"><img loading=\"lazy\" decoding=\"async\" width=\"1024\" height=\"810\" src=\"https:\/\/nassasilhouette.org\/wp-content\/uploads\/2022\/02\/Northwest-Region-B-1024x810.png\" alt=\"\" class=\"wp-image-10437 size-full\" srcset=\"https:\/\/nassasilhouette.org\/wp-content\/uploads\/2022\/02\/Northwest-Region-B-1024x810.png 1024w, https:\/\/nassasilhouette.org\/wp-content\/uploads\/2022\/02\/Northwest-Region-B-300x237.png 300w, https:\/\/nassasilhouette.org\/wp-content\/uploads\/2022\/02\/Northwest-Region-B-768x607.png 768w, https:\/\/nassasilhouette.org\/wp-content\/uploads\/2022\/02\/Northwest-Region-B.png 1443w\" sizes=\"auto, (max-width: 1024px) 100vw, 1024px\" \/><\/figure><div class=\"wp-block-media-text__content\">\n<p class=\"has-text-align-center\"><strong>Esta regi\u00f3n de NASSA USA da servicio a Alaska, Hawai, Idaho, Montana, Oreg\u00f3n, Washington y Wyoming.<\/strong><\/p>\n\n\n\n<p class=\"has-text-align-center has-vivid-cyan-blue-color has-text-color\"><meta charset=\"utf-8\"><strong>Haz clic en el siguiente enlace para obtener informaci\u00f3n sobre el Director Regional de USA Noroeste, las Iniciativas Regionales y los Clubes de Rifle Silueta de la Regi\u00f3n Noreste.<\/strong><\/p>\n\n\n\n<div class=\"wp-block-buttons is-horizontal is-content-justification-center is-layout-flex wp-container-core-buttons-is-layout-499968f5 wp-block-buttons-is-layout-flex\">\n<div class=\"wp-block-button has-custom-font-size has-extra-small-font-size\"><a class=\"wp-block-button__link has-vivid-cyan-blue-background-color has-background wp-element-button\" href=\"http:\/\/nassasilhouette.org\/northwest\"><meta charset=\"utf-8\"><strong>CLUBES DE SILUETAS DEL NOROESTE<\/strong><\/a><\/div>\n<\/div>\n<\/div><\/div>\n\n\n\n<hr class=\"wp-block-separator has-alpha-channel-opacity\">\n\n\n\n<div style=\"height:50px\" aria-hidden=\"true\" class=\"wp-block-spacer\"><\/div>\n\n\n\n<h2 class=\"has-text-align-center wp-block-heading\"><strong>Regi\u00f3n Centro-Sur\/Clubes<\/strong><\/h2>\n\n\n\n<div style=\"height:20px\" aria-hidden=\"true\" class=\"wp-block-spacer\"><\/div>\n\n\n\n<div class=\"wp-block-media-text alignwide is-stacked-on-mobile is-vertically-aligned-center\" style=\"grid-template-columns:40% auto\"><figure class=\"wp-block-media-text__media\"><img loading=\"lazy\" decoding=\"async\" width=\"1024\" height=\"903\" src=\"https:\/\/nassasilhouette.org\/wp-content\/uploads\/2022\/02\/South-Central-Region-B-1024x903.png\" alt=\"\" class=\"wp-image-10434 size-full\" srcset=\"https:\/\/nassasilhouette.org\/wp-content\/uploads\/2022\/02\/South-Central-Region-B-1024x903.png 1024w, https:\/\/nassasilhouette.org\/wp-content\/uploads\/2022\/02\/South-Central-Region-B-300x265.png 300w, https:\/\/nassasilhouette.org\/wp-content\/uploads\/2022\/02\/South-Central-Region-B-768x678.png 768w, https:\/\/nassasilhouette.org\/wp-content\/uploads\/2022\/02\/South-Central-Region-B.png 1283w\" sizes=\"auto, (max-width: 1024px) 100vw, 1024px\" \/><\/figure><div class=\"wp-block-media-text__content\">\n<p class=\"has-text-align-center\"><meta charset=\"utf-8\"><strong>Esta regi\u00f3n de NASSA USA da servicio a Arkansas, Kansas, Luisiana, Misuri, Oklahoma y Texas.  <\/strong><\/p>\n\n\n\n<p class=\"has-text-align-center has-vivid-cyan-blue-color has-text-color\"><meta charset=\"utf-8\"><strong>Haga clic en el siguiente enlace para obtener informaci\u00f3n sobre el Director Regional de USA South Central, las Iniciativas Regionales y los Clubes de Rifle Silueta de la Regi\u00f3n Noreste.<\/strong><\/p>\n\n\n\n<div class=\"wp-block-buttons is-horizontal is-content-justification-center is-layout-flex wp-container-core-buttons-is-layout-499968f5 wp-block-buttons-is-layout-flex\">\n<div class=\"wp-block-button has-custom-font-size has-extra-small-font-size\"><a class=\"wp-block-button__link has-vivid-cyan-blue-background-color has-background wp-element-button\" href=\"http:\/\/nassasilhouette.org\/south-central\"><meta charset=\"utf-8\"><strong>CLUBES DE SILUETA DE LA ZONA CENTRO-SUR<\/strong><\/a><\/div>\n<\/div>\n<\/div><\/div>\n\n\n\n<hr class=\"wp-block-separator has-alpha-channel-opacity\">\n\n\n\n<div style=\"height:50px\" aria-hidden=\"true\" class=\"wp-block-spacer\"><\/div>\n\n\n\n<h2 class=\"has-text-align-center wp-block-heading\"><strong>Regi\u00f3n Sureste\/Clubes<\/strong><\/h2>\n\n\n\n<div style=\"height:20px\" aria-hidden=\"true\" class=\"wp-block-spacer\"><\/div>\n\n\n\n<div class=\"wp-block-media-text alignwide is-stacked-on-mobile is-vertically-aligned-center\" style=\"grid-template-columns:40% auto\"><figure class=\"wp-block-media-text__media\"><img loading=\"lazy\" decoding=\"async\" width=\"1024\" height=\"887\" src=\"https:\/\/nassasilhouette.org\/wp-content\/uploads\/2022\/02\/Southeast-Region-B-1024x887.png\" alt=\"\" class=\"wp-image-10432 size-full\" srcset=\"https:\/\/nassasilhouette.org\/wp-content\/uploads\/2022\/02\/Southeast-Region-B-1024x887.png 1024w, https:\/\/nassasilhouette.org\/wp-content\/uploads\/2022\/02\/Southeast-Region-B-300x260.png 300w, https:\/\/nassasilhouette.org\/wp-content\/uploads\/2022\/02\/Southeast-Region-B-768x666.png 768w, https:\/\/nassasilhouette.org\/wp-content\/uploads\/2022\/02\/Southeast-Region-B.png 1274w\" sizes=\"auto, (max-width: 1024px) 100vw, 1024px\" \/><\/figure><div class=\"wp-block-media-text__content\">\n<p class=\"has-text-align-center\"><meta charset=\"utf-8\"><strong>Esta regi\u00f3n de NASSA USA da servicio a Alabama, Florida, Georgia, Mississippi, Carolina del Norte, Carolina del Sur y Tennessee.<\/strong><\/p>\n\n\n\n<p class=\"has-text-align-center has-vivid-cyan-blue-color has-text-color\"><meta charset=\"utf-8\"><strong>Haga clic en el siguiente enlace para obtener informaci\u00f3n sobre el Director Regional del Sureste de EE.UU., Iniciativas Regionales y Clubes de Rifle Silueta en la Regi\u00f3n Noreste.<\/strong><\/p>\n\n\n\n<div class=\"wp-block-buttons is-horizontal is-content-justification-center is-layout-flex wp-container-core-buttons-is-layout-499968f5 wp-block-buttons-is-layout-flex\">\n<div class=\"wp-block-button has-custom-font-size has-extra-small-font-size\"><a class=\"wp-block-button__link has-white-color has-vivid-cyan-blue-background-color has-text-color has-background wp-element-button\" href=\"http:\/\/nassasilhouette.org\/southeast\"><meta charset=\"utf-8\"><strong>CLUBES DE SILUETAS DEL SURESTE<\/strong><\/a><\/div>\n<\/div>\n<\/div><\/div>\n\n\n\n<hr class=\"wp-block-separator has-alpha-channel-opacity\">\n\n\n\n<div style=\"height:50px\" aria-hidden=\"true\" class=\"wp-block-spacer\"><\/div>\n\n\n\n<h2 class=\"has-text-align-center wp-block-heading\"><strong>Regi\u00f3n Suroeste\/Clubes<\/strong><\/h2>\n\n\n\n<div style=\"height:30px\" aria-hidden=\"true\" class=\"wp-block-spacer\"><\/div>\n\n\n\n<div class=\"wp-block-media-text alignwide is-stacked-on-mobile is-vertically-aligned-center\" style=\"grid-template-columns:40% auto\"><figure class=\"wp-block-media-text__media\"><img loading=\"lazy\" decoding=\"async\" width=\"1024\" height=\"828\" src=\"https:\/\/nassasilhouette.org\/wp-content\/uploads\/2022\/02\/Southwest-Region-B-1024x828.png\" alt=\"\" class=\"wp-image-10428 size-full\" srcset=\"https:\/\/nassasilhouette.org\/wp-content\/uploads\/2022\/02\/Southwest-Region-B-1024x828.png 1024w, https:\/\/nassasilhouette.org\/wp-content\/uploads\/2022\/02\/Southwest-Region-B-300x243.png 300w, https:\/\/nassasilhouette.org\/wp-content\/uploads\/2022\/02\/Southwest-Region-B-768x621.png 768w, https:\/\/nassasilhouette.org\/wp-content\/uploads\/2022\/02\/Southwest-Region-B.png 1411w\" sizes=\"auto, (max-width: 1024px) 100vw, 1024px\" \/><\/figure><div class=\"wp-block-media-text__content\">\n<p class=\"has-text-align-center\"><strong>Esta regi\u00f3n de NASSA USA da servicio a Arizona, California, Colorado, Nevada, Nuevo M\u00e9xico y Utah.<\/strong> <\/p>\n\n\n\n<p class=\"has-text-align-center has-vivid-cyan-blue-color has-text-color\"><strong>Haga clic en el siguiente enlace para obtener informaci\u00f3n sobre el Director Regional del Suroeste de EE.UU., las Iniciativas Regionales y los Clubes de Silueta de Rifle de la Regi\u00f3n Noreste.<\/strong><\/p>\n\n\n\n<div class=\"wp-block-buttons is-content-justification-center is-layout-flex wp-container-core-buttons-is-layout-16018d1d wp-block-buttons-is-layout-flex\">\n<div class=\"wp-block-button has-custom-font-size has-extra-small-font-size\"><a class=\"wp-block-button__link has-vivid-cyan-blue-background-color has-background wp-element-button\" href=\"http:\/\/nassasilhouette.org\/southwest\"><strong>CLUBES DE SILUETAS DEL SUROESTE<\/strong><\/a><\/div>\n<\/div>\n\n\n\n<p><\/p>\n\n\n\n<div style=\"height:20px\" aria-hidden=\"true\" class=\"wp-block-spacer\"><\/div>\n<\/div><\/div>\n\n\n\n<hr class=\"wp-block-separator has-alpha-channel-opacity\">\n","protected":false},"excerpt":{"rendered":"<p>Esto incluye las regiones de NASSA USA de North Central, Northeast, Northwest, South Central, Southeast y Southwest USA. La silueta de rifle de alta potencia emigr\u00f3 de M\u00e9xico a trav\u00e9s de la frontera entre Arizona y Nuevo M\u00e9xico con gusto durante las d\u00e9cadas de 1960 y 1970. En una d\u00e9cada, el Rifle Silueta en los&hellip; <a class=\"more-link\" href=\"https:\/\/nassasilhouette.org\/es-mx\/regiones-clubes-nassa\/regiones-clubes-de-ee-uu\/\">Continue reading <span class=\"screen-reader-text\">REGIONES\/CLUBES DE EE.UU.<\/span><\/a><\/p>\n","protected":false},"author":2,"featured_media":0,"parent":13852,"menu_order":0,"comment_status":"closed","ping_status":"closed","template":"","meta":{"_acf_changed":false,"footnotes":""},"class_list":["post-19593","page","type-page","status-publish","hentry","entry"],"acf":[],"rttpg_featured_image_url":null,"rttpg_author":{"display_name":"Garin Hatch","author_link":"https:\/\/nassasilhouette.org\/es-mx\/author\/garinhatchgmail-com\/"},"rttpg_comment":0,"rttpg_category":" <a href=\"https:\/\/nassasilhouette.org\/es-mx\/?taxonomy=translation_priority&#038;term=optional-es-mx\" rel=\"tag\">Optional<\/a>","rttpg_excerpt":"Esto incluye las regiones de NASSA USA de North Central, Northeast, Northwest, South Central, Southeast y Southwest USA. La silueta de rifle de alta potencia emigr\u00f3 de M\u00e9xico a trav\u00e9s de la frontera entre Arizona y Nuevo M\u00e9xico con gusto durante las d\u00e9cadas de 1960 y 1970. En una d\u00e9cada, el Rifle Silueta en los&hellip;&hellip;","_links":{"self":[{"href":"https:\/\/nassasilhouette.org\/es-mx\/wp-json\/wp\/v2\/pages\/19593","targetHints":{"allow":["GET"]}}],"collection":[{"href":"https:\/\/nassasilhouette.org\/es-mx\/wp-json\/wp\/v2\/pages"}],"about":[{"href":"https:\/\/nassasilhouette.org\/es-mx\/wp-json\/wp\/v2\/types\/page"}],"author":[{"embeddable":true,"href":"https:\/\/nassasilhouette.org\/es-mx\/wp-json\/wp\/v2\/users\/2"}],"replies":[{"embeddable":true,"href":"https:\/\/nassasilhouette.org\/es-mx\/wp-json\/wp\/v2\/comments?post=19593"}],"version-history":[{"count":0,"href":"https:\/\/nassasilhouette.org\/es-mx\/wp-json\/wp\/v2\/pages\/19593\/revisions"}],"up":[{"embeddable":true,"href":"https:\/\/nassasilhouette.org\/es-mx\/wp-json\/wp\/v2\/pages\/13852"}],"wp:attachment":[{"href":"https:\/\/nassasilhouette.org\/es-mx\/wp-json\/wp\/v2\/media?parent=19593"}],"curies":[{"name":"wp","href":"https:\/\/api.w.org\/{rel}","templated":true}]}}