{"id":19591,"date":"2021-11-21T14:08:47","date_gmt":"2021-11-21T20:08:47","guid":{"rendered":"https:\/\/nassasilhouette.org\/region-centro-sur-clubes\/club-de-tiro-psc-friendswood-texas\/"},"modified":"2021-11-21T14:08:47","modified_gmt":"2021-11-21T20:08:47","slug":"club-de-tiro-psc-friendswood-texas","status":"publish","type":"page","link":"https:\/\/nassasilhouette.org\/es-mx\/regiones-clubes-nassa\/regiones-clubes-de-ee-uu\/region-centro-sur-clubes\/club-de-tiro-psc-friendswood-texas\/","title":{"rendered":"Club de Tiro PSC &#8211; Friendswood, Texas"},"content":{"rendered":"\n<div class=\"wp-block-media-text alignwide is-stacked-on-mobile\" style=\"grid-template-columns:15% auto\"><figure class=\"wp-block-media-text__media\"><img loading=\"lazy\" decoding=\"async\" width=\"1020\" height=\"1024\" src=\"https:\/\/nassasilhouette.org\/wp-content\/uploads\/2021\/11\/PSC-Logo-1020x1024.jpg\" alt=\"\" class=\"wp-image-5714 size-full\" srcset=\"https:\/\/nassasilhouette.org\/wp-content\/uploads\/2021\/11\/PSC-Logo-1020x1024.jpg 1020w, https:\/\/nassasilhouette.org\/wp-content\/uploads\/2021\/11\/PSC-Logo-300x300.jpg 300w, https:\/\/nassasilhouette.org\/wp-content\/uploads\/2021\/11\/PSC-Logo-150x150.jpg 150w, https:\/\/nassasilhouette.org\/wp-content\/uploads\/2021\/11\/PSC-Logo-768x771.jpg 768w, https:\/\/nassasilhouette.org\/wp-content\/uploads\/2021\/11\/PSC-Logo.jpg 1223w\" sizes=\"auto, (max-width: 1020px) 100vw, 1020px\" \/><\/figure><div class=\"wp-block-media-text__content\">\n<p><\/p>\n\n\n\n<p><\/p>\n\n\n\n<p><\/p>\n\n\n\n<p><\/p>\n\n\n\n<p>El PSC Shooting Club, Inc. fue fundado en 1966 y es uno de los mejores clubes de tiro de Texas. Tambi\u00e9n es uno de los m\u00e1s grandes y presta servicio a casi 3.700 diputados, as\u00ed como a la comunidad. Las instalaciones del club incluyen un campo de tiro con rifle &#8220;de posici\u00f3n&#8221;, un campo de tiro con rifle de banco, un campo de tiro del calibre .22 para rifle y pistola, numerosas celdas y puestos para pistolas, un campo de tiro con pistola de aire comprimido, un campo de tiro con escopeta e incluso un campo de tiro con arco. Las instalaciones del club est\u00e1n a disposici\u00f3n de los socios durante el horario habitual los siete d\u00edas de la semana.  <\/p>\n\n\n\n<p><\/p>\n\n\n\n<p><meta charset=\"utf-8\">Los actos especiales, que incluyen numerosos partidos, programas educativos y otros eventos especializados, est\u00e1n abiertos al p\u00fablico. son una excelente manera de perfeccionar las habilidades y PSC ofrece mensualmente IDPA, USPSA, rifle NRA, y los partidos de silueta. Tanto si dispara para competir como si lo hace simplemente para mejorar su destreza con las armas, las partidas mensuales del club ofrecen grandes oportunidades y camarader\u00eda.<\/p>\n\n\n\n<p><\/p>\n\n\n\n<p><\/p>\n\n\n\n<p><\/p>\n\n\n\n<div style=\"height:50px\" aria-hidden=\"true\" class=\"wp-block-spacer\"><\/div>\n\n\n\n<p><\/p>\n<\/div><\/div>\n\n\n\n<h2 class=\"has-text-align-center wp-block-heading\">Informaci\u00f3n de contacto<\/h2>\n\n\n\n<p> <\/p>\n\n\n\n<figure class=\"wp-block-table is-style-stripes\"><table><tbody><tr><td><strong>P\u00e1gina web<\/strong>:<\/td><td>\n  <a href=\"https:\/\/www.pscshootingclub.com\/\" data-type=\"URL\" data-id=\"https:\/\/www.pscshootingclub.com\/\">www.pscshootingclub.com<\/a>\n<\/td><\/tr><tr><td><strong>Facebook<\/strong>:<\/td><td>\n  <strong>Club de Tiro PSC<\/strong>\n<\/td><\/tr><tr><td><strong>Direcci\u00f3n profesional<\/strong>:<\/td><td>\n  <strong>Xxxx<\/strong>\n<\/td><\/tr><tr><td><strong>Ubicaci\u00f3n del rango<\/strong>:<\/td><td>\n  <strong>Xxxx<\/strong>\n<\/td><\/tr><tr><td><strong>Contacto principal<\/strong>:<\/td><td>\n  <strong>Xxxx<\/strong>\n<\/td><\/tr><tr><td><strong>Tel\u00e9fono de contacto principal<\/strong>:<\/td><td>\n  <strong>Xxxx<\/strong>\n<\/td><\/tr><tr><td><strong>Correo electr\u00f3nico de contacto principal<\/strong>:<\/td><td>\n  <strong>Xxxx<\/strong>\n<\/td><\/tr><\/tbody><\/table><\/figure>\n\n\n\n<div style=\"height:30px\" aria-hidden=\"true\" class=\"wp-block-spacer\"><\/div>\n\n\n\n<p><\/p>\n\n\n\n<p class=\"has-text-align-center has-medium-font-size\"><\/p>\n\n\n\n<h2 class=\"has-text-align-center wp-block-heading\">Capacidades de la gama Silhouette<\/h2>\n\n\n\n<p><\/p>\n\n\n\n<figure class=\"wp-block-table is-style-stripes\"><table><tbody><tr><td class=\"has-text-align-left\" data-align=\"left\"><strong>Disciplinas<\/strong>:<\/td><td><strong>Range Facilites<\/strong>:<\/td><\/tr><tr><td class=\"has-text-align-left\" data-align=\"left\">\n  <strong>Rifle Smallbore<\/strong>\n<\/td><td>\n  <strong>3 Bancos de cada animal<\/strong>\n<\/td><\/tr><tr><td class=\"has-text-align-left\" data-align=\"left\">\n  <strong>Rifle de alta potencia<\/strong>\n<\/td><td>\n  <strong>No disponible<\/strong>\n<\/td><\/tr><tr><td class=\"has-text-align-left\" data-align=\"left\">\n  <strong>Rifle de palanca<\/strong>\n<\/td><td>\n  <strong>Xxxxx<\/strong>\n<\/td><\/tr><tr><td class=\"has-text-align-left\" data-align=\"left\">\n  <strong>Rifle de aire<\/strong>\n<\/td><td>\n  <strong>2 bancos de cada animal<\/strong>\n<\/td><\/tr><\/tbody><\/table><\/figure>\n\n\n\n<div style=\"height:30px\" aria-hidden=\"true\" class=\"wp-block-spacer\"><\/div>\n\n\n\n<h2 class=\"has-text-align-center wp-block-heading\">Instalaciones de la gama Silhouette<\/h2>\n\n\n\n<figure class=\"wp-block-gallery columns-1 is-cropped wp-block-gallery-1 is-layout-flex wp-block-gallery-is-layout-flex\"><ul class=\"blocks-gallery-grid\"><li class=\"blocks-gallery-item\"><figure><a href=\"https:\/\/nassasilhouette.org\/wp-content\/uploads\/2021\/11\/Club-Championship-Attendees.jpg\"><img loading=\"lazy\" decoding=\"async\" width=\"981\" height=\"534\" src=\"https:\/\/nassasilhouette.org\/wp-content\/uploads\/2021\/11\/Club-Championship-Attendees.jpg\" alt=\"\" data-id=\"6394\" data-full-url=\"https:\/\/nassasilhouette.org\/wp-content\/uploads\/2021\/11\/Club-Championship-Attendees.jpg\" data-link=\"https:\/\/nassasilhouette.org\/nassa-regions\/usa-gun-clubs\/south-central\/psa-shooting-club-friendswood-texas\/club-championship-attendees\/\" class=\"wp-image-6394\" srcset=\"https:\/\/nassasilhouette.org\/wp-content\/uploads\/2021\/11\/Club-Championship-Attendees.jpg 981w, https:\/\/nassasilhouette.org\/wp-content\/uploads\/2021\/11\/Club-Championship-Attendees-300x163.jpg 300w, https:\/\/nassasilhouette.org\/wp-content\/uploads\/2021\/11\/Club-Championship-Attendees-768x418.jpg 768w\" sizes=\"auto, (max-width: 981px) 100vw, 981px\" \/><\/a><figcaption class=\"blocks-gallery-item__caption\">Tiradores del Campeonato de Clubes del PSC<\/figcaption><\/figure><\/li><\/ul><figcaption class=\"blocks-gallery-caption\"> <\/figcaption><\/figure>\n\n\n\n<figure class=\"wp-block-gallery aligncenter columns-2 is-cropped wp-block-gallery-2 is-layout-flex wp-block-gallery-is-layout-flex\"><ul class=\"blocks-gallery-grid\"><li class=\"blocks-gallery-item\"><figure><a href=\"https:\/\/nassasilhouette.org\/wp-content\/uploads\/2021\/11\/2Smallbore-Firing-Line-1024x768.jpg\"><img loading=\"lazy\" decoding=\"async\" width=\"1024\" height=\"768\" src=\"https:\/\/nassasilhouette.org\/wp-content\/uploads\/2021\/11\/2Smallbore-Firing-Line-1024x768.jpg\" alt=\"\" data-id=\"6403\" data-link=\"https:\/\/nassasilhouette.org\/nassa-regions\/usa-gun-clubs\/south-central\/psa-shooting-club-friendswood-texas\/2smallbore-firing-line\/\" class=\"wp-image-6403\" srcset=\"https:\/\/nassasilhouette.org\/wp-content\/uploads\/2021\/11\/2Smallbore-Firing-Line-1024x768.jpg 1024w, https:\/\/nassasilhouette.org\/wp-content\/uploads\/2021\/11\/2Smallbore-Firing-Line-300x225.jpg 300w, https:\/\/nassasilhouette.org\/wp-content\/uploads\/2021\/11\/2Smallbore-Firing-Line-768x576.jpg 768w, https:\/\/nassasilhouette.org\/wp-content\/uploads\/2021\/11\/2Smallbore-Firing-Line-1536x1152.jpg 1536w, https:\/\/nassasilhouette.org\/wp-content\/uploads\/2021\/11\/2Smallbore-Firing-Line-2048x1536.jpg 2048w\" sizes=\"auto, (max-width: 1024px) 100vw, 1024px\" \/><\/a><figcaption class=\"blocks-gallery-item__caption\">L\u00ednea de tiro con ca\u00f1\u00f3n peque\u00f1o<\/figcaption><\/figure><\/li><li class=\"blocks-gallery-item\"><figure><a href=\"https:\/\/nassasilhouette.org\/wp-content\/uploads\/2021\/11\/3-SB-Firing-Line-CoverIMG_9964-scaled.jpg\"><img loading=\"lazy\" decoding=\"async\" width=\"1024\" height=\"768\" src=\"https:\/\/nassasilhouette.org\/wp-content\/uploads\/2021\/11\/3-SB-Firing-Line-CoverIMG_9964-1024x768.jpg\" alt=\"\" data-id=\"6404\" data-full-url=\"https:\/\/nassasilhouette.org\/wp-content\/uploads\/2021\/11\/3-SB-Firing-Line-CoverIMG_9964-scaled.jpg\" data-link=\"https:\/\/nassasilhouette.org\/nassa-regions\/usa-gun-clubs\/south-central\/psa-shooting-club-friendswood-texas\/3-sb-firing-line-coverimg_9964\/\" class=\"wp-image-6404\" srcset=\"https:\/\/nassasilhouette.org\/wp-content\/uploads\/2021\/11\/3-SB-Firing-Line-CoverIMG_9964-1024x768.jpg 1024w, https:\/\/nassasilhouette.org\/wp-content\/uploads\/2021\/11\/3-SB-Firing-Line-CoverIMG_9964-300x225.jpg 300w, https:\/\/nassasilhouette.org\/wp-content\/uploads\/2021\/11\/3-SB-Firing-Line-CoverIMG_9964-768x576.jpg 768w, https:\/\/nassasilhouette.org\/wp-content\/uploads\/2021\/11\/3-SB-Firing-Line-CoverIMG_9964-1536x1152.jpg 1536w, https:\/\/nassasilhouette.org\/wp-content\/uploads\/2021\/11\/3-SB-Firing-Line-CoverIMG_9964-2048x1536.jpg 2048w\" sizes=\"auto, (max-width: 1024px) 100vw, 1024px\" \/><\/a><figcaption class=\"blocks-gallery-item__caption\">Tapa de la l\u00ednea de tiro<\/figcaption><\/figure><\/li><\/ul><\/figure>\n\n\n\n<figure class=\"wp-block-gallery alignwide columns-2 is-cropped wp-block-gallery-3 is-layout-flex wp-block-gallery-is-layout-flex\"><ul class=\"blocks-gallery-grid\"><li class=\"blocks-gallery-item\"><figure><a href=\"https:\/\/nassasilhouette.org\/wp-content\/uploads\/2021\/11\/4-SB-Silhouette-Range-1024x768.jpg\"><img loading=\"lazy\" decoding=\"async\" width=\"1024\" height=\"768\" src=\"https:\/\/nassasilhouette.org\/wp-content\/uploads\/2021\/11\/4-SB-Silhouette-Range-1024x768.jpg\" alt=\"\" data-id=\"6405\" data-link=\"https:\/\/nassasilhouette.org\/nassa-regions\/usa-gun-clubs\/south-central\/psa-shooting-club-friendswood-texas\/4-sb-silhouette-range\/\" class=\"wp-image-6405\" srcset=\"https:\/\/nassasilhouette.org\/wp-content\/uploads\/2021\/11\/4-SB-Silhouette-Range-1024x768.jpg 1024w, https:\/\/nassasilhouette.org\/wp-content\/uploads\/2021\/11\/4-SB-Silhouette-Range-300x225.jpg 300w, https:\/\/nassasilhouette.org\/wp-content\/uploads\/2021\/11\/4-SB-Silhouette-Range-768x576.jpg 768w, https:\/\/nassasilhouette.org\/wp-content\/uploads\/2021\/11\/4-SB-Silhouette-Range-1536x1152.jpg 1536w, https:\/\/nassasilhouette.org\/wp-content\/uploads\/2021\/11\/4-SB-Silhouette-Range-2048x1536.jpg 2048w\" sizes=\"auto, (max-width: 1024px) 100vw, 1024px\" \/><\/a><figcaption class=\"blocks-gallery-item__caption\">Campo de tiro y bancos de animales<\/figcaption><\/figure><\/li><li class=\"blocks-gallery-item\"><figure><a href=\"https:\/\/nassasilhouette.org\/wp-content\/uploads\/2021\/11\/5-SB-Ram-Banks-scaled.jpg\"><img loading=\"lazy\" decoding=\"async\" width=\"1024\" height=\"768\" src=\"https:\/\/nassasilhouette.org\/wp-content\/uploads\/2021\/11\/5-SB-Ram-Banks-1024x768.jpg\" alt=\"\" data-id=\"6406\" data-full-url=\"https:\/\/nassasilhouette.org\/wp-content\/uploads\/2021\/11\/5-SB-Ram-Banks-scaled.jpg\" data-link=\"https:\/\/nassasilhouette.org\/nassa-regions\/usa-gun-clubs\/south-central\/psa-shooting-club-friendswood-texas\/5-sb-ram-banks\/\" class=\"wp-image-6406\" srcset=\"https:\/\/nassasilhouette.org\/wp-content\/uploads\/2021\/11\/5-SB-Ram-Banks-1024x768.jpg 1024w, https:\/\/nassasilhouette.org\/wp-content\/uploads\/2021\/11\/5-SB-Ram-Banks-300x225.jpg 300w, https:\/\/nassasilhouette.org\/wp-content\/uploads\/2021\/11\/5-SB-Ram-Banks-768x576.jpg 768w, https:\/\/nassasilhouette.org\/wp-content\/uploads\/2021\/11\/5-SB-Ram-Banks-1536x1152.jpg 1536w, https:\/\/nassasilhouette.org\/wp-content\/uploads\/2021\/11\/5-SB-Ram-Banks-2048x1536.jpg 2048w\" sizes=\"auto, (max-width: 1024px) 100vw, 1024px\" \/><\/a><figcaption class=\"blocks-gallery-item__caption\">Bancos de pistones de peque\u00f1o calibre<\/figcaption><\/figure><\/li><\/ul><\/figure>\n\n\n\n<figure class=\"wp-block-gallery alignwide columns-2 is-cropped wp-block-gallery-4 is-layout-flex wp-block-gallery-is-layout-flex\"><ul class=\"blocks-gallery-grid\"><li class=\"blocks-gallery-item\"><figure><a href=\"https:\/\/nassasilhouette.org\/wp-content\/uploads\/2021\/11\/6-SB-Chicken-Bank-1024x768.jpg\"><img loading=\"lazy\" decoding=\"async\" width=\"1024\" height=\"768\" src=\"https:\/\/nassasilhouette.org\/wp-content\/uploads\/2021\/11\/6-SB-Chicken-Bank-1024x768.jpg\" alt=\"\" data-id=\"6407\" data-link=\"https:\/\/nassasilhouette.org\/nassa-regions\/usa-gun-clubs\/south-central\/psa-shooting-club-friendswood-texas\/6-sb-chicken-bank\/\" class=\"wp-image-6407\" srcset=\"https:\/\/nassasilhouette.org\/wp-content\/uploads\/2021\/11\/6-SB-Chicken-Bank-1024x768.jpg 1024w, https:\/\/nassasilhouette.org\/wp-content\/uploads\/2021\/11\/6-SB-Chicken-Bank-300x225.jpg 300w, https:\/\/nassasilhouette.org\/wp-content\/uploads\/2021\/11\/6-SB-Chicken-Bank-768x576.jpg 768w, https:\/\/nassasilhouette.org\/wp-content\/uploads\/2021\/11\/6-SB-Chicken-Bank-1536x1152.jpg 1536w, https:\/\/nassasilhouette.org\/wp-content\/uploads\/2021\/11\/6-SB-Chicken-Bank-2048x1536.jpg 2048w\" sizes=\"auto, (max-width: 1024px) 100vw, 1024px\" \/><\/a><figcaption class=\"blocks-gallery-item__caption\">Bancos de pollos de peque\u00f1o calibre<\/figcaption><\/figure><\/li><li class=\"blocks-gallery-item\"><figure><a href=\"https:\/\/nassasilhouette.org\/wp-content\/uploads\/2021\/11\/7Air-Rifle-Range-scaled.jpg\"><img loading=\"lazy\" decoding=\"async\" width=\"1024\" height=\"768\" src=\"https:\/\/nassasilhouette.org\/wp-content\/uploads\/2021\/11\/7Air-Rifle-Range-1024x768.jpg\" alt=\"\" data-id=\"6408\" data-full-url=\"https:\/\/nassasilhouette.org\/wp-content\/uploads\/2021\/11\/7Air-Rifle-Range-scaled.jpg\" data-link=\"https:\/\/nassasilhouette.org\/nassa-regions\/usa-gun-clubs\/south-central\/psa-shooting-club-friendswood-texas\/7air-rifle-range\/\" class=\"wp-image-6408\" srcset=\"https:\/\/nassasilhouette.org\/wp-content\/uploads\/2021\/11\/7Air-Rifle-Range-1024x768.jpg 1024w, https:\/\/nassasilhouette.org\/wp-content\/uploads\/2021\/11\/7Air-Rifle-Range-300x225.jpg 300w, https:\/\/nassasilhouette.org\/wp-content\/uploads\/2021\/11\/7Air-Rifle-Range-768x576.jpg 768w, https:\/\/nassasilhouette.org\/wp-content\/uploads\/2021\/11\/7Air-Rifle-Range-1536x1152.jpg 1536w, https:\/\/nassasilhouette.org\/wp-content\/uploads\/2021\/11\/7Air-Rifle-Range-2048x1536.jpg 2048w\" sizes=\"auto, (max-width: 1024px) 100vw, 1024px\" \/><\/a><figcaption class=\"blocks-gallery-item__caption\">Campo de tiro con rifle de aire comprimido<\/figcaption><\/figure><\/li><\/ul><\/figure>\n\n\n\n<figure class=\"wp-block-gallery alignwide columns-2 is-cropped wp-block-gallery-5 is-layout-flex wp-block-gallery-is-layout-flex\"><ul class=\"blocks-gallery-grid\"><li class=\"blocks-gallery-item\"><figure><a href=\"https:\/\/nassasilhouette.org\/wp-content\/uploads\/2021\/11\/8-Cowboy-Firing-Line-1024x768.jpg\"><img loading=\"lazy\" decoding=\"async\" width=\"1024\" height=\"768\" src=\"https:\/\/nassasilhouette.org\/wp-content\/uploads\/2021\/11\/8-Cowboy-Firing-Line-1024x768.jpg\" alt=\"\" data-id=\"6409\" data-link=\"https:\/\/nassasilhouette.org\/nassa-regions\/usa-gun-clubs\/south-central\/psa-shooting-club-friendswood-texas\/8-cowboy-firing-line\/\" class=\"wp-image-6409\" srcset=\"https:\/\/nassasilhouette.org\/wp-content\/uploads\/2021\/11\/8-Cowboy-Firing-Line-1024x768.jpg 1024w, https:\/\/nassasilhouette.org\/wp-content\/uploads\/2021\/11\/8-Cowboy-Firing-Line-300x225.jpg 300w, https:\/\/nassasilhouette.org\/wp-content\/uploads\/2021\/11\/8-Cowboy-Firing-Line-768x576.jpg 768w, https:\/\/nassasilhouette.org\/wp-content\/uploads\/2021\/11\/8-Cowboy-Firing-Line-1536x1152.jpg 1536w, https:\/\/nassasilhouette.org\/wp-content\/uploads\/2021\/11\/8-Cowboy-Firing-Line-2048x1536.jpg 2048w\" sizes=\"auto, (max-width: 1024px) 100vw, 1024px\" \/><\/a><figcaption class=\"blocks-gallery-item__caption\">L\u00ednea de tiro Cowboy Lever Action<\/figcaption><\/figure><\/li><li class=\"blocks-gallery-item\"><figure><a href=\"https:\/\/nassasilhouette.org\/wp-content\/uploads\/2021\/11\/9-Cowboy-Lever-Action-Range-scaled.jpg\"><img loading=\"lazy\" decoding=\"async\" width=\"1024\" height=\"768\" src=\"https:\/\/nassasilhouette.org\/wp-content\/uploads\/2021\/11\/9-Cowboy-Lever-Action-Range-1024x768.jpg\" alt=\"\" data-id=\"6410\" data-full-url=\"https:\/\/nassasilhouette.org\/wp-content\/uploads\/2021\/11\/9-Cowboy-Lever-Action-Range-scaled.jpg\" data-link=\"https:\/\/nassasilhouette.org\/nassa-regions\/usa-gun-clubs\/south-central\/psa-shooting-club-friendswood-texas\/9-cowboy-lever-action-range\/\" class=\"wp-image-6410\" srcset=\"https:\/\/nassasilhouette.org\/wp-content\/uploads\/2021\/11\/9-Cowboy-Lever-Action-Range-1024x768.jpg 1024w, https:\/\/nassasilhouette.org\/wp-content\/uploads\/2021\/11\/9-Cowboy-Lever-Action-Range-300x225.jpg 300w, https:\/\/nassasilhouette.org\/wp-content\/uploads\/2021\/11\/9-Cowboy-Lever-Action-Range-768x576.jpg 768w, https:\/\/nassasilhouette.org\/wp-content\/uploads\/2021\/11\/9-Cowboy-Lever-Action-Range-1536x1152.jpg 1536w, https:\/\/nassasilhouette.org\/wp-content\/uploads\/2021\/11\/9-Cowboy-Lever-Action-Range-2048x1536.jpg 2048w\" sizes=\"auto, (max-width: 1024px) 100vw, 1024px\" \/><\/a><figcaption class=\"blocks-gallery-item__caption\">Cowboy Lever Action Range &amp; Animal Banks<\/figcaption><\/figure><\/li><\/ul><\/figure>\n\n\n\n<figure class=\"wp-block-gallery alignwide columns-0 is-cropped wp-block-gallery-6 is-layout-flex wp-block-gallery-is-layout-flex\"><ul class=\"blocks-gallery-grid\"><\/ul><\/figure>\n","protected":false},"excerpt":{"rendered":"<p>Informaci\u00f3n de contacto P\u00e1gina web: www.pscshootingclub.com Facebook: Club de Tiro PSC Direcci\u00f3n profesional: Xxxx Ubicaci\u00f3n del rango: Xxxx Contacto principal: Xxxx Tel\u00e9fono de contacto principal: Xxxx Correo electr\u00f3nico de contacto principal: Xxxx Capacidades de la gama Silhouette Disciplinas: Range Facilites: Rifle Smallbore 3 Bancos de cada animal Rifle de alta potencia No disponible Rifle de&hellip; <a class=\"more-link\" href=\"https:\/\/nassasilhouette.org\/es-mx\/regiones-clubes-nassa\/regiones-clubes-de-ee-uu\/region-centro-sur-clubes\/club-de-tiro-psc-friendswood-texas\/\">Continue reading <span class=\"screen-reader-text\">Club de Tiro PSC &#8211; Friendswood, Texas<\/span><\/a><\/p>\n","protected":false},"author":4,"featured_media":0,"parent":19582,"menu_order":0,"comment_status":"closed","ping_status":"closed","template":"","meta":{"_acf_changed":false,"footnotes":""},"class_list":["post-19591","page","type-page","status-publish","hentry","entry"],"acf":[],"rttpg_featured_image_url":null,"rttpg_author":{"display_name":"Chris Cawthorne","author_link":"https:\/\/nassasilhouette.org\/es-mx\/author\/cecawthorneyahoo-com\/"},"rttpg_comment":0,"rttpg_category":" <a href=\"https:\/\/nassasilhouette.org\/es-mx\/?taxonomy=translation_priority&#038;term=optional-es-mx\" rel=\"tag\">Optional<\/a>","rttpg_excerpt":"Informaci\u00f3n de contacto P\u00e1gina web: www.pscshootingclub.com Facebook: Club de Tiro PSC Direcci\u00f3n profesional: Xxxx Ubicaci\u00f3n del rango: Xxxx Contacto principal: Xxxx Tel\u00e9fono de contacto principal: Xxxx Correo electr\u00f3nico de contacto principal: Xxxx Capacidades de la gama Silhouette Disciplinas: Range Facilites: Rifle Smallbore 3 Bancos de cada animal Rifle de alta potencia No disponible Rifle de&hellip;&hellip;","_links":{"self":[{"href":"https:\/\/nassasilhouette.org\/es-mx\/wp-json\/wp\/v2\/pages\/19591","targetHints":{"allow":["GET"]}}],"collection":[{"href":"https:\/\/nassasilhouette.org\/es-mx\/wp-json\/wp\/v2\/pages"}],"about":[{"href":"https:\/\/nassasilhouette.org\/es-mx\/wp-json\/wp\/v2\/types\/page"}],"author":[{"embeddable":true,"href":"https:\/\/nassasilhouette.org\/es-mx\/wp-json\/wp\/v2\/users\/4"}],"replies":[{"embeddable":true,"href":"https:\/\/nassasilhouette.org\/es-mx\/wp-json\/wp\/v2\/comments?post=19591"}],"version-history":[{"count":0,"href":"https:\/\/nassasilhouette.org\/es-mx\/wp-json\/wp\/v2\/pages\/19591\/revisions"}],"up":[{"embeddable":true,"href":"https:\/\/nassasilhouette.org\/es-mx\/wp-json\/wp\/v2\/pages\/19582"}],"wp:attachment":[{"href":"https:\/\/nassasilhouette.org\/es-mx\/wp-json\/wp\/v2\/media?parent=19591"}],"curies":[{"name":"wp","href":"https:\/\/api.w.org\/{rel}","templated":true}]}}