{"id":19590,"date":"2021-11-20T16:55:14","date_gmt":"2021-11-20T22:55:14","guid":{"rendered":"https:\/\/nassasilhouette.org\/noticias-y-multimedia\/actualizaciones-regionales-de-nassa\/"},"modified":"2021-11-20T16:55:14","modified_gmt":"2021-11-20T22:55:14","slug":"actualizaciones-regionales-de-nassa","status":"publish","type":"page","link":"https:\/\/nassasilhouette.org\/es-mx\/noticias-y-multimedia\/actualizaciones-regionales-de-nassa\/","title":{"rendered":"Actualizaciones regionales de NASSA"},"content":{"rendered":"<div class=\"wp-block-image\">\n<figure class=\"aligncenter size-large\"><img loading=\"lazy\" decoding=\"async\" width=\"1024\" height=\"392\" src=\"https:\/\/nassasilhouette.org\/wp-content\/uploads\/2022\/11\/NASSA-Regional-Updates-Border-Banner-1024x392.jpg\" alt=\"\" class=\"wp-image-14956\" srcset=\"https:\/\/nassasilhouette.org\/wp-content\/uploads\/2022\/11\/NASSA-Regional-Updates-Border-Banner-1024x392.jpg 1024w, https:\/\/nassasilhouette.org\/wp-content\/uploads\/2022\/11\/NASSA-Regional-Updates-Border-Banner-300x115.jpg 300w, https:\/\/nassasilhouette.org\/wp-content\/uploads\/2022\/11\/NASSA-Regional-Updates-Border-Banner-768x294.jpg 768w, https:\/\/nassasilhouette.org\/wp-content\/uploads\/2022\/11\/NASSA-Regional-Updates-Border-Banner-1536x588.jpg 1536w, https:\/\/nassasilhouette.org\/wp-content\/uploads\/2022\/11\/NASSA-Regional-Updates-Border-Banner-2048x784.jpg 2048w, https:\/\/nassasilhouette.org\/wp-content\/uploads\/2022\/11\/NASSA-Regional-Updates-Border-Banner-1568x600.jpg 1568w\" sizes=\"auto, (max-width: 1024px) 100vw, 1024px\" \/><\/figure>\n<\/div>\n\n\n<div style=\"height:30px\" aria-hidden=\"true\" class=\"wp-block-spacer\"><\/div>\n\n\n\n<p>Las <strong>Actualizaciones Regionales de NASSA<\/strong> son un medio para que todos los Directores Regionales de NASSA en Canad\u00e1, M\u00e9xico y EE.UU. comuniquen y promuevan lo que est\u00e1 sucediendo en cada una de sus respectivas regiones. Se tratar\u00e1n temas como:  <\/p>\n\n\n\n<ul class=\"wp-block-list\">\n<li>Promoci\u00f3n de los <strong>partidos y resultados de los campeonatos<\/strong> en sus regiones.<\/li>\n\n\n\n<li>La introducci\u00f3n de nuevos clubes de Rifle Silhouette, programas y nuevas disciplinas de Rifle Silhouette.<\/li>\n\n\n\n<li>El anuncio de nuevos y\/o mejorados clubes de Rifle Silhouette\/instalaciones de campo que beneficien a la comunidad de Rifle Silhouette.<\/li>\n\n\n\n<li>El anuncio y la promoci\u00f3n de nuevas <strong>Iniciativas Regionales NASSA<\/strong> dentro de una regi\u00f3n determinada.<\/li>\n\n\n\n<li>La difusi\u00f3n de cualquier otra informaci\u00f3n relevante de la regi\u00f3n que pueda beneficiar a la comunidad local de Rifle Silhouette.<\/li>\n<\/ul>\n\n\n\n<div style=\"height:30px\" aria-hidden=\"true\" class=\"wp-block-spacer\"><\/div>\n\n\n\n\t\t\t\t<div class=\"blog-recent-posts-title\">\n\t\t\t\t\tOur Latest Posts\n\t\t\t\t<\/div>\n\t\t\t\t<ul class=\"blog-recent-posts\">\n\t\t\t\t\t\t\t\t  \t\t\t\t\t\n\t\t\t\t\t\t<li class=\"blog-recent-post\">\n\t\t\t\t\t\t\t<a class=\"blog-recent-post-link-group\" href=\"https:\/\/nassasilhouette.org\/es-mx\/copa-lapua-monarca-y-visita-nassa-cananea\/\">\n\t\t\t\t\t\t\t\t<div class=\"blog-recent-post-link-image\" style=\"background-image:url(https:\/\/nassasilhouette.org\/wp-content\/uploads\/2024\/05\/Cananera-85th-Thumbnail.jpg)\"><\/div>\n\t\t\t\t\t\t\t\t<div class=\"blog-recent-post-link-title\">Copa Lapua Monarca y Visita NASSA Cananea<\/div>\n\t\t\t\t\t\t\t<\/a>\n\t\t\t\t\t\t\t\n\t\t\t\t\t\t\t\t\t\t\t\t\t\t\n\t\t\t\t\t\t\t<div class=\"blog-recent-post-author\">By Chris Cawthorne<\/div>\n\t\t\t\t\t\t\t<div class=\"blog-recent-post-date\"><i class=\"fa fa-calendar\"><\/i><span>May 27, 2024<\/span><\/div>\n\t\t\t\t\t\t\t<div class=\"blog-recent-post-excerpt\">\n\t\t\t\t\t\t\t\t<p>El Club De Tiro Y Caza Cananea, situado cerca de la ciudad de Cananea (Sonora, M\u00e9xico), celebr\u00f3 su 85 Aniversario organizando un partido festivo de dos d\u00edas, el 18 y 19 de mayo de 2024. Daniel Salazar, Presidente de la Junta Directiva de la Copa Lapua Monarca, y Chris Cawthorne, Miembro de la Junta Directiva&hellip; <a class=\"more-link\" href=\"https:\/\/nassasilhouette.org\/es-mx\/copa-lapua-monarca-y-visita-nassa-cananea\/\">Continue reading <span class=\"screen-reader-text\">Copa Lapua Monarca y Visita NASSA Cananea<\/span><\/a><\/p>\n\t\t\t\t\t\t\t<\/div>\n\t\t\t\t\t\t\t<a class=\"blog-recent-post-cta\" href=\"https:\/\/nassasilhouette.org\/es-mx\/copa-lapua-monarca-y-visita-nassa-cananea\/\">Read More<\/a>\t\n\t\t\t\t\t\t<\/li>\n\n\t\t\t\t  \t\t\t\t\t\n\t\t\t\t\t\t<li class=\"blog-recent-post\">\n\t\t\t\t\t\t\t<a class=\"blog-recent-post-link-group\" href=\"https:\/\/nassasilhouette.org\/es-mx\/benchrest-f-class-smallbore-silhouette-llega-a-texas\/\">\n\t\t\t\t\t\t\t\t<div class=\"blog-recent-post-link-image\" style=\"background-image:url(https:\/\/nassasilhouette.org\/wp-content\/uploads\/2023\/11\/Feature-Image.jpg)\"><\/div>\n\t\t\t\t\t\t\t\t<div class=\"blog-recent-post-link-title\">\u00a1Benchrest\/F-Class Smallbore Silhouette llega a Texas!<\/div>\n\t\t\t\t\t\t\t<\/a>\n\t\t\t\t\t\t\t\n\t\t\t\t\t\t\t\t\t\t\t\t\t\t\n\t\t\t\t\t\t\t<div class=\"blog-recent-post-author\">By Chris Cawthorne<\/div>\n\t\t\t\t\t\t\t<div class=\"blog-recent-post-date\"><i class=\"fa fa-calendar\"><\/i><span>November 17, 2023<\/span><\/div>\n\t\t\t\t\t\t\t<div class=\"blog-recent-post-excerpt\">\n\t\t\t\t\t\t\t\t<p>USA SOUTH CENTRAL REGION &#8211; Benchrest\/F-Class Smallbore Silhouette se introdujo en el 2023 TSRA Texas State Smallbore Silhouette Championships celebrado en Bayou Rifles el 11-12 de noviembre de 2023. \u00a1Basado en el \u00e9xito que tuvimos aqu\u00ed en nuestros 2023 TSRA Texas State SB Silhouette Championships, Dustin se ha comprometido a a\u00f1adir esta disciplina a los&hellip; <a class=\"more-link\" href=\"https:\/\/nassasilhouette.org\/es-mx\/benchrest-f-class-smallbore-silhouette-llega-a-texas\/\">Continue reading <span class=\"screen-reader-text\">\u00a1Benchrest\/F-Class Smallbore Silhouette llega a Texas!<\/span><\/a><\/p>\n\t\t\t\t\t\t\t<\/div>\n\t\t\t\t\t\t\t<a class=\"blog-recent-post-cta\" href=\"https:\/\/nassasilhouette.org\/es-mx\/benchrest-f-class-smallbore-silhouette-llega-a-texas\/\">Read More<\/a>\t\n\t\t\t\t\t\t<\/li>\n\n\t\t\t\t  \t\t\t\t\t\n\t\t\t\t\t\t<li class=\"blog-recent-post\">\n\t\t\t\t\t\t\t<a class=\"blog-recent-post-link-group\" href=\"https:\/\/nassasilhouette.org\/es-mx\/la-silueta-de-alta-potencia-de-curso-corto-llega-a-zwolle\/\">\n\t\t\t\t\t\t\t\t<div class=\"blog-recent-post-link-image\" style=\"background-image:url(https:\/\/nassasilhouette.org\/wp-content\/uploads\/2023\/10\/Short-Course-HP-Feature-Image.jpg)\"><\/div>\n\t\t\t\t\t\t\t\t<div class=\"blog-recent-post-link-title\">La silueta de alta potencia de curso corto llega a Zwolle<\/div>\n\t\t\t\t\t\t\t<\/a>\n\t\t\t\t\t\t\t\n\t\t\t\t\t\t\t\t\t\t\t\t\t\t\n\t\t\t\t\t\t\t<div class=\"blog-recent-post-author\">By Chris Cawthorne<\/div>\n\t\t\t\t\t\t\t<div class=\"blog-recent-post-date\"><i class=\"fa fa-calendar\"><\/i><span>October 14, 2023<\/span><\/div>\n\t\t\t\t\t\t\t<div class=\"blog-recent-post-excerpt\">\n\t\t\t\t\t\t\t\t<p>NASSA USA Regi\u00f3n Sur Central &#8211; El 48\u00ba Campeonato Anual de Silueta HP del Estado de Luisiana en Zwolle, LA concluy\u00f3 el 7-8 de octubre de 2023. Esta famosa competici\u00f3n, conocida simplemente como &#8220;Zwolle&#8221; por los que asisten regularmente, es la competici\u00f3n de siluetas m\u00e1s antigua de Estados Unidos. El Director del Match, Dustin Flint,&hellip; <a class=\"more-link\" href=\"https:\/\/nassasilhouette.org\/es-mx\/la-silueta-de-alta-potencia-de-curso-corto-llega-a-zwolle\/\">Continue reading <span class=\"screen-reader-text\">La silueta de alta potencia de curso corto llega a Zwolle<\/span><\/a><\/p>\n\t\t\t\t\t\t\t<\/div>\n\t\t\t\t\t\t\t<a class=\"blog-recent-post-cta\" href=\"https:\/\/nassasilhouette.org\/es-mx\/la-silueta-de-alta-potencia-de-curso-corto-llega-a-zwolle\/\">Read More<\/a>\t\n\t\t\t\t\t\t<\/li>\n\n\t\t\t\t  \t\t\t\t\t\n\t\t\t\t\t\t<li class=\"blog-recent-post\">\n\t\t\t\t\t\t\t<a class=\"blog-recent-post-link-group\" href=\"https:\/\/nassasilhouette.org\/es-mx\/2023-campeonato-estatal-de-silueta-de-alta-potencia-de-texas\/\">\n\t\t\t\t\t\t\t\t<div class=\"blog-recent-post-link-image\" style=\"background-image:url(https:\/\/nassasilhouette.org\/wp-content\/uploads\/2023\/07\/Ram-Feature-Image-2.jpg)\"><\/div>\n\t\t\t\t\t\t\t\t<div class=\"blog-recent-post-link-title\">2023 Campeonato Estatal de Silueta de Alta Potencia de Texas<\/div>\n\t\t\t\t\t\t\t<\/a>\n\t\t\t\t\t\t\t\n\t\t\t\t\t\t\t\t\t\t\t\t\t\t\n\t\t\t\t\t\t\t<div class=\"blog-recent-post-author\">By Chris Cawthorne<\/div>\n\t\t\t\t\t\t\t<div class=\"blog-recent-post-date\"><i class=\"fa fa-calendar\"><\/i><span>July 12, 2023<\/span><\/div>\n\t\t\t\t\t\t\t<div class=\"blog-recent-post-excerpt\">\n\t\t\t\t\t\t\t\t<p>REGI\u00d3N SUR CENTRAL DE EE.UU. &#8211; La Asociaci\u00f3n de Silueta del Centro de Texas (CTSA) organiz\u00f3 el Campeonato de Silueta de Alta Potencia de la Asociaci\u00f3n Estatal de Rifle de Texas 2023 los d\u00edas 20 y 21 de mayo de 2023 en New Braunfels, Texas. El formato del partido fue un partido de rifle de&hellip; <a class=\"more-link\" href=\"https:\/\/nassasilhouette.org\/es-mx\/2023-campeonato-estatal-de-silueta-de-alta-potencia-de-texas\/\">Continue reading <span class=\"screen-reader-text\">2023 Campeonato Estatal de Silueta de Alta Potencia de Texas<\/span><\/a><\/p>\n\t\t\t\t\t\t\t<\/div>\n\t\t\t\t\t\t\t<a class=\"blog-recent-post-cta\" href=\"https:\/\/nassasilhouette.org\/es-mx\/2023-campeonato-estatal-de-silueta-de-alta-potencia-de-texas\/\">Read More<\/a>\t\n\t\t\t\t\t\t<\/li>\n\n\t\t\t\t  \t\t\t\t\t\n\t\t\t\t\t\t<li class=\"blog-recent-post\">\n\t\t\t\t\t\t\t<a class=\"blog-recent-post-link-group\" href=\"https:\/\/nassasilhouette.org\/es-mx\/los-juniors-sobresalen-en-la-regional-de-spindletop\/\">\n\t\t\t\t\t\t\t\t<div class=\"blog-recent-post-link-image\" style=\"background-image:url(https:\/\/nassasilhouette.org\/wp-content\/uploads\/2023\/04\/2023-Spindletop-Feature-Image.jpg)\"><\/div>\n\t\t\t\t\t\t\t\t<div class=\"blog-recent-post-link-title\">\u00a1Los Juniors sobresalen en la Regional de Spindletop!<\/div>\n\t\t\t\t\t\t\t<\/a>\n\t\t\t\t\t\t\t\n\t\t\t\t\t\t\t\t\t\t\t\t\t\t\n\t\t\t\t\t\t\t<div class=\"blog-recent-post-author\">By Chris Cawthorne<\/div>\n\t\t\t\t\t\t\t<div class=\"blog-recent-post-date\"><i class=\"fa fa-calendar\"><\/i><span>April 7, 2023<\/span><\/div>\n\t\t\t\t\t\t\t<div class=\"blog-recent-post-excerpt\">\n\t\t\t\t\t\t\t\t<p>USA SOUTH CENTRAL REGION &#8211; El 2023 Spindletop Silhouette Smallbore\/Air Rifle Regional, celebrado del31 de marzo al2 de abril, fue el primero de los Smallbore Championship Matches al aire libre de la temporada de tiro 2023 South Central. Esta competici\u00f3n, en su tercer a\u00f1o de existencia, se celebra en las magn\u00edficas instalaciones del Golden Triangle&hellip; <a class=\"more-link\" href=\"https:\/\/nassasilhouette.org\/es-mx\/los-juniors-sobresalen-en-la-regional-de-spindletop\/\">Continue reading <span class=\"screen-reader-text\">\u00a1Los Juniors sobresalen en la Regional de Spindletop!<\/span><\/a><\/p>\n\t\t\t\t\t\t\t<\/div>\n\t\t\t\t\t\t\t<a class=\"blog-recent-post-cta\" href=\"https:\/\/nassasilhouette.org\/es-mx\/los-juniors-sobresalen-en-la-regional-de-spindletop\/\">Read More<\/a>\t\n\t\t\t\t\t\t<\/li>\n\n\t\t\t\t  \t\t\t\t\t\n\t\t\t\t\t\t<li class=\"blog-recent-post\">\n\t\t\t\t\t\t\t<a class=\"blog-recent-post-link-group\" href=\"https:\/\/nassasilhouette.org\/es-mx\/records-batidos-en-el-coop-shoot\/\">\n\t\t\t\t\t\t\t\t<div class=\"blog-recent-post-link-image\" style=\"background-image:url(https:\/\/nassasilhouette.org\/wp-content\/uploads\/2023\/03\/Coop-Shoot-Feature-Image.jpg)\"><\/div>\n\t\t\t\t\t\t\t\t<div class=\"blog-recent-post-link-title\">\u00a1R\u00e9cords batidos en el Coop Shoot!<\/div>\n\t\t\t\t\t\t\t<\/a>\n\t\t\t\t\t\t\t\n\t\t\t\t\t\t\t\t\t\t\t\t\t\t\n\t\t\t\t\t\t\t<div class=\"blog-recent-post-author\">By Chris Cawthorne<\/div>\n\t\t\t\t\t\t\t<div class=\"blog-recent-post-date\"><i class=\"fa fa-calendar\"><\/i><span>March 8, 2023<\/span><\/div>\n\t\t\t\t\t\t\t<div class=\"blog-recent-post-excerpt\">\n\t\t\t\t\t\t\t\t<p>\u00a1USA SOUTH CENTRAL REGION &#8211; La 2023 Coop Shoot Air Rifle Indoor Regional, celebrada losd\u00edas 25y26 de febrero, dio el pistoletazo de salida a la 2023 Rifle Silhouette Season con una explosi\u00f3n! El Coop Shoot tiene un historial de batir r\u00e9cords nacionales de la NRA y este partido no fue una excepci\u00f3n. ESTE ES AHORA&hellip; <a class=\"more-link\" href=\"https:\/\/nassasilhouette.org\/es-mx\/records-batidos-en-el-coop-shoot\/\">Continue reading <span class=\"screen-reader-text\">\u00a1R\u00e9cords batidos en el Coop Shoot!<\/span><\/a><\/p>\n\t\t\t\t\t\t\t<\/div>\n\t\t\t\t\t\t\t<a class=\"blog-recent-post-cta\" href=\"https:\/\/nassasilhouette.org\/es-mx\/records-batidos-en-el-coop-shoot\/\">Read More<\/a>\t\n\t\t\t\t\t\t<\/li>\n\n\t\t\t\t  \t\t\t\t\t\n\t\t\t\t\t\t<li class=\"blog-recent-post\">\n\t\t\t\t\t\t\t<a class=\"blog-recent-post-link-group\" href=\"https:\/\/nassasilhouette.org\/es-mx\/la-silueta-del-rifle-deportivo-llega-a-ee-uu\/\">\n\t\t\t\t\t\t\t\t<div class=\"blog-recent-post-link-image\" style=\"background-image:url()\"><\/div>\n\t\t\t\t\t\t\t\t<div class=\"blog-recent-post-link-title\">La silueta del rifle deportivo llega a EE.UU.<\/div>\n\t\t\t\t\t\t\t<\/a>\n\t\t\t\t\t\t\t\n\t\t\t\t\t\t\t\t\t\t\t\t\t\t\n\t\t\t\t\t\t\t<div class=\"blog-recent-post-author\">By Chris Cawthorne<\/div>\n\t\t\t\t\t\t\t<div class=\"blog-recent-post-date\"><i class=\"fa fa-calendar\"><\/i><span>November 24, 2022<\/span><\/div>\n\t\t\t\t\t\t\t<div class=\"blog-recent-post-excerpt\">\n\t\t\t\t\t\t\t\t<p>USA SOUTWEST REGION &#8211; Recuerde el nombre Sporting Rifle (Open Sights) Silhouette. Probablemente no signifique nada para la mayor\u00eda de ustedes, aunque es una disciplina de silueta con rifle de peque\u00f1o calibre extremadamente popular en los estados mexicanos de Sonora y Baja California. Las miras abiertas suelen estar fijadas al ca\u00f1\u00f3n delantero y trasero en&hellip; <a class=\"more-link\" href=\"https:\/\/nassasilhouette.org\/es-mx\/la-silueta-del-rifle-deportivo-llega-a-ee-uu\/\">Continue reading <span class=\"screen-reader-text\">La silueta del rifle deportivo llega a EE.UU.<\/span><\/a><\/p>\n\t\t\t\t\t\t\t<\/div>\n\t\t\t\t\t\t\t<a class=\"blog-recent-post-cta\" href=\"https:\/\/nassasilhouette.org\/es-mx\/la-silueta-del-rifle-deportivo-llega-a-ee-uu\/\">Read More<\/a>\t\n\t\t\t\t\t\t<\/li>\n\n\t\t\t\t  \t\t\t\t\t\n\t\t\t\t\t\t<li class=\"blog-recent-post\">\n\t\t\t\t\t\t\t<a class=\"blog-recent-post-link-group\" href=\"https:\/\/nassasilhouette.org\/es-mx\/2022-texas-state-smallbore-silhouette-championships\/\">\n\t\t\t\t\t\t\t\t<div class=\"blog-recent-post-link-image\" style=\"background-image:url(https:\/\/nassasilhouette.org\/wp-content\/uploads\/2022\/11\/2022-Texas-Championships-Feature-Image.png)\"><\/div>\n\t\t\t\t\t\t\t\t<div class=\"blog-recent-post-link-title\">2022 Texas State Smallbore Silhouette Championships<\/div>\n\t\t\t\t\t\t\t<\/a>\n\t\t\t\t\t\t\t\n\t\t\t\t\t\t\t\t\t\t\t\t\t\t\n\t\t\t\t\t\t\t<div class=\"blog-recent-post-author\">By Chris Cawthorne<\/div>\n\t\t\t\t\t\t\t<div class=\"blog-recent-post-date\"><i class=\"fa fa-calendar\"><\/i><span><\/span><\/div>\n\t\t\t\t\t\t\t<div class=\"blog-recent-post-excerpt\">\n\t\t\t\t\t\t\t\t<p>USA SOUTH CENTRAL REGION &#8211; El 2022 Texas State Smallbore Silhouette Championships, celebrado el12 y13de noviembre de 2022, termin\u00f3 el \u00faltimo campeonato de silueta smallbore de nuestra temporada con estilo. Como se puede ver en la foto de grupo, tuvimos una gran participaci\u00f3n con 46 tiradores procedentes de Texas, Louisiana, Alabama, Coahuila (M\u00e9xico) y Nuevo&hellip; <a class=\"more-link\" href=\"https:\/\/nassasilhouette.org\/es-mx\/2022-texas-state-smallbore-silhouette-championships\/\">Continue reading <span class=\"screen-reader-text\">2022 Texas State Smallbore Silhouette Championships<\/span><\/a><\/p>\n\t\t\t\t\t\t\t<\/div>\n\t\t\t\t\t\t\t<a class=\"blog-recent-post-cta\" href=\"https:\/\/nassasilhouette.org\/es-mx\/2022-texas-state-smallbore-silhouette-championships\/\">Read More<\/a>\t\n\t\t\t\t\t\t<\/li>\n\n\t\t\t\t  \t\t\t\t\t\n\t\t\t\t\t\t<li class=\"blog-recent-post\">\n\t\t\t\t\t\t\t<a class=\"blog-recent-post-link-group\" href=\"https:\/\/nassasilhouette.org\/es-mx\/nuevas-noticias-de-silhouette\/\">\n\t\t\t\t\t\t\t\t<div class=\"blog-recent-post-link-image\" style=\"background-image:url(https:\/\/nassasilhouette.org\/wp-content\/uploads\/2022\/07\/Lapua-Monarch-Cup-Logo-Border.png)\"><\/div>\n\t\t\t\t\t\t\t\t<div class=\"blog-recent-post-link-title\">Nuevas noticias de Silhouette<\/div>\n\t\t\t\t\t\t\t<\/a>\n\t\t\t\t\t\t\t\n\t\t\t\t\t\t\t\t\t\t\t\t\t\t\n\t\t\t\t\t\t\t<div class=\"blog-recent-post-author\">By Tim Steinke<\/div>\n\t\t\t\t\t\t\t<div class=\"blog-recent-post-date\"><i class=\"fa fa-calendar\"><\/i><span>July 14, 2022<\/span><\/div>\n\t\t\t\t\t\t\t<div class=\"blog-recent-post-excerpt\">\n\t\t\t\t\t\t\t\t<p>Las nuevas noticias de Silhouette acaban de salir hoy. Para saber m\u00c3\u00a1s, haga clic aqu\u00c3\u00ad.<\/p>\n\t\t\t\t\t\t\t<\/div>\n\t\t\t\t\t\t\t<a class=\"blog-recent-post-cta\" href=\"https:\/\/nassasilhouette.org\/es-mx\/nuevas-noticias-de-silhouette\/\">Read More<\/a>\t\n\t\t\t\t\t\t<\/li>\n\n\t\t\t\t  \t\t\t\t  \n\t\t\t\t\t\t\t\t<\/ul>\n\n\t\t\t\t\n","protected":false},"excerpt":{"rendered":"<p>Las Actualizaciones Regionales de NASSA son un medio para que todos los Directores Regionales de NASSA en Canad\u00e1, M\u00e9xico y EE.UU. comuniquen y promuevan lo que est\u00e1 sucediendo en cada una de sus respectivas regiones. Se tratar\u00e1n temas como:<\/p>\n","protected":false},"author":4,"featured_media":0,"parent":13851,"menu_order":0,"comment_status":"closed","ping_status":"closed","template":"","meta":{"_acf_changed":false,"footnotes":""},"class_list":["post-19590","page","type-page","status-publish","hentry","entry"],"acf":[],"rttpg_featured_image_url":null,"rttpg_author":{"display_name":"Chris Cawthorne","author_link":"https:\/\/nassasilhouette.org\/es-mx\/author\/cecawthorneyahoo-com\/"},"rttpg_comment":0,"rttpg_category":"","rttpg_excerpt":"Las Actualizaciones Regionales de NASSA son un medio para que todos los Directores Regionales de NASSA en Canad\u00e1, M\u00e9xico y EE.UU. comuniquen y promuevan lo que est\u00e1 sucediendo en cada una de sus respectivas regiones. Se tratar\u00e1n temas como:","_links":{"self":[{"href":"https:\/\/nassasilhouette.org\/es-mx\/wp-json\/wp\/v2\/pages\/19590","targetHints":{"allow":["GET"]}}],"collection":[{"href":"https:\/\/nassasilhouette.org\/es-mx\/wp-json\/wp\/v2\/pages"}],"about":[{"href":"https:\/\/nassasilhouette.org\/es-mx\/wp-json\/wp\/v2\/types\/page"}],"author":[{"embeddable":true,"href":"https:\/\/nassasilhouette.org\/es-mx\/wp-json\/wp\/v2\/users\/4"}],"replies":[{"embeddable":true,"href":"https:\/\/nassasilhouette.org\/es-mx\/wp-json\/wp\/v2\/comments?post=19590"}],"version-history":[{"count":0,"href":"https:\/\/nassasilhouette.org\/es-mx\/wp-json\/wp\/v2\/pages\/19590\/revisions"}],"up":[{"embeddable":true,"href":"https:\/\/nassasilhouette.org\/es-mx\/wp-json\/wp\/v2\/pages\/13851"}],"wp:attachment":[{"href":"https:\/\/nassasilhouette.org\/es-mx\/wp-json\/wp\/v2\/media?parent=19590"}],"curies":[{"name":"wp","href":"https:\/\/api.w.org\/{rel}","templated":true}]}}