{"id":19585,"date":"2021-11-20T18:07:29","date_gmt":"2021-11-21T00:07:29","guid":{"rendered":"https:\/\/nassasilhouette.org\/biblioteca-tecnica-de-wigger\/blogs-de-la-nassa\/inspiracion\/"},"modified":"2021-11-20T18:07:29","modified_gmt":"2021-11-21T00:07:29","slug":"inspiracion","status":"publish","type":"page","link":"https:\/\/nassasilhouette.org\/es-mx\/biblioteca-tecnica-de-wigger\/blogs-de-la-nassa\/inspiracion\/","title":{"rendered":"Inspiraci\u00f3n"},"content":{"rendered":"<div class=\"wp-block-image\">\n<figure class=\"aligncenter size-large\"><img loading=\"lazy\" decoding=\"async\" width=\"1024\" height=\"421\" src=\"https:\/\/nassasilhouette.org\/wp-content\/uploads\/2021\/12\/Inspiration-Banner-1024x421.jpg\" alt=\"\" class=\"wp-image-7556\" srcset=\"https:\/\/nassasilhouette.org\/wp-content\/uploads\/2021\/12\/Inspiration-Banner-1024x421.jpg 1024w, https:\/\/nassasilhouette.org\/wp-content\/uploads\/2021\/12\/Inspiration-Banner-300x123.jpg 300w, https:\/\/nassasilhouette.org\/wp-content\/uploads\/2021\/12\/Inspiration-Banner-768x315.jpg 768w, https:\/\/nassasilhouette.org\/wp-content\/uploads\/2021\/12\/Inspiration-Banner-1536x631.jpg 1536w, https:\/\/nassasilhouette.org\/wp-content\/uploads\/2021\/12\/Inspiration-Banner-2048x841.jpg 2048w\" sizes=\"auto, (max-width: 1024px) 100vw, 1024px\" \/><\/figure>\n<\/div>\n\n\n<div style=\"height:10px\" aria-hidden=\"true\" class=\"wp-block-spacer\"><\/div>\n\n\n\n<p><meta charset=\"utf-8\"><meta charset=\"utf-8\">La inspiraci\u00f3n para convertirse en un campe\u00f3n de tiro comienza con una evocaci\u00f3n; el proceso de llevar a la mente consciente una imagen de \u00e9xito percibida. A menudo la evocaci\u00f3n se inspira en un objeto, una persona y\/o un acontecimiento sobre lo que ser\u00eda posible conseguir. Esto proporciona la motivaci\u00f3n necesaria para lograr el resultado deseado.  <\/p>\n\n\n\n<p><meta charset=\"utf-8\"><meta charset=\"utf-8\">Los tiradores de campeonatos tienen un tremendo af\u00e1n de superaci\u00f3n y, con \u00e9l, la dedicaci\u00f3n necesaria para alcanzar sus objetivos. En nuestra serie continua de <em>\n  <strong>Blogs de inspiraci\u00f3n<\/strong>\n<\/em>exploraremos las fuentes de inspiraci\u00f3n que impulsan a muchos de nuestros Maestros Tiradores en su b\u00fasqueda de la excelencia.<\/p>\n\n\n\n<blockquote class=\"wp-block-quote has-text-align-center is-style-default is-layout-flow wp-block-quote-is-layout-flow\">\n<p>&#8220;Se tarda 3-4 a\u00f1os en aprender a disparar, y otros 3-4 a\u00f1os en aprender a ganar &#8211; a lidiar con la presi\u00f3n de los partidos. Se necesitan varios a\u00f1os m\u00e1s para aprender a hacerlo cuando cuenta&#8221;.<\/p>\n<cite>Teniente Coronel Lones W. Wigger &#8211; Unidad de Tiradores del Ej\u00e9rcito de EE.UU.<\/cite><\/blockquote>\n\n\n\n<hr class=\"wp-block-separator has-alpha-channel-opacity\">\n\n\n\n\t\t\t\t<div class=\"blog-recent-posts-title\">\n\t\t\t\t\tOur Latest Posts\n\t\t\t\t<\/div>\n\t\t\t\t<ul class=\"blog-recent-posts\">\n\t\t\t\t\t\t\t\t  \t\t\t\t\t\n\t\t\t\t\t\t<li class=\"blog-recent-post\">\n\t\t\t\t\t\t\t<a class=\"blog-recent-post-link-group\" href=\"https:\/\/nassasilhouette.org\/es-mx\/quien-va-a-llevar-los-barcos\/\">\n\t\t\t\t\t\t\t\t<div class=\"blog-recent-post-link-image\" style=\"background-image:url(https:\/\/nassasilhouette.org\/wp-content\/uploads\/2022\/12\/Rifle-Silhoueyye-Report-Logo.jpg)\"><\/div>\n\t\t\t\t\t\t\t\t<div class=\"blog-recent-post-link-title\">Qui\u00e9n va a llevar los barcos<\/div>\n\t\t\t\t\t\t\t<\/a>\n\t\t\t\t\t\t\t\n\t\t\t\t\t\t\t\t\t\t\t\t\t\t\n\t\t\t\t\t\t\t<div class=\"blog-recent-post-author\">By Chris Cawthorne<\/div>\n\t\t\t\t\t\t\t<div class=\"blog-recent-post-date\"><i class=\"fa fa-calendar\"><\/i><span>December 20, 2022<\/span><\/div>\n\t\t\t\t\t\t\t<div class=\"blog-recent-post-excerpt\">\n\t\t\t\t\t\t\t\t<p>El deporte de la silueta ser\u00e1 exactamente lo que nosotros hagamos de \u00e9l. Trabajemos juntos para hacerlo grande. &#8220;\u00bfQui\u00e9n va a llevar los barcos?&#8221; &#8211; David Goggins David Goggins, ex SEAL de la Marina y tipo duro hasta la m\u00e9dula, desarroll\u00f3 este mantra durante el entrenamiento BUD\/S de la Marina (entrenamiento b\u00e1sico de los SEALS).&hellip; <a class=\"more-link\" href=\"https:\/\/nassasilhouette.org\/es-mx\/quien-va-a-llevar-los-barcos\/\">Continue reading <span class=\"screen-reader-text\">Qui\u00e9n va a llevar los barcos<\/span><\/a><\/p>\n\t\t\t\t\t\t\t<\/div>\n\t\t\t\t\t\t\t<a class=\"blog-recent-post-cta\" href=\"https:\/\/nassasilhouette.org\/es-mx\/quien-va-a-llevar-los-barcos\/\">Read More<\/a>\t\n\t\t\t\t\t\t<\/li>\n\n\t\t\t\t  \t\t\t\t\t\n\t\t\t\t\t\t<li class=\"blog-recent-post\">\n\t\t\t\t\t\t\t<a class=\"blog-recent-post-link-group\" href=\"https:\/\/nassasilhouette.org\/es-mx\/lones-w-wigger-jr-la-formacion-de-un-campeon\/\">\n\t\t\t\t\t\t\t\t<div class=\"blog-recent-post-link-image\" style=\"background-image:url(https:\/\/nassasilhouette.org\/wp-content\/uploads\/2022\/06\/Wigger-Enhaanced-Feature-Image-With-Border.png)\"><\/div>\n\t\t\t\t\t\t\t\t<div class=\"blog-recent-post-link-title\">Lones W. Wigger, Jr. &#8211; La formaci\u00f3n de un campe\u00f3n<\/div>\n\t\t\t\t\t\t\t<\/a>\n\t\t\t\t\t\t\t\n\t\t\t\t\t\t\t\t\t\t\t\t\t\t\n\t\t\t\t\t\t\t<div class=\"blog-recent-post-author\">By Chris Cawthorne<\/div>\n\t\t\t\t\t\t\t<div class=\"blog-recent-post-date\"><i class=\"fa fa-calendar\"><\/i><span>June 5, 2022<\/span><\/div>\n\t\t\t\t\t\t\t<div class=\"blog-recent-post-excerpt\">\n\t\t\t\t\t\t\t\t<p>Muchos tiradores de Silhouette tuvieron el placer de disparar con Lones W. Wigger, Jr. a lo largo de los a\u00f1os. Aunque la silueta no era su objetivo principal, le encantaba nuestro juego y fue dos veces ganador del Campeonato Nacional de Silueta de Alta Potencia de la NRA. Tambi\u00e9n fue cuatro veces ol\u00edmpico y el&hellip; <a class=\"more-link\" href=\"https:\/\/nassasilhouette.org\/es-mx\/lones-w-wigger-jr-la-formacion-de-un-campeon\/\">Continue reading <span class=\"screen-reader-text\">Lones W. Wigger, Jr. &#8211; La formaci\u00f3n de un campe\u00f3n<\/span><\/a><\/p>\n\t\t\t\t\t\t\t<\/div>\n\t\t\t\t\t\t\t<a class=\"blog-recent-post-cta\" href=\"https:\/\/nassasilhouette.org\/es-mx\/lones-w-wigger-jr-la-formacion-de-un-campeon\/\">Read More<\/a>\t\n\t\t\t\t\t\t<\/li>\n\n\t\t\t\t  \t\t\t\t\t\n\t\t\t\t\t\t<li class=\"blog-recent-post\">\n\t\t\t\t\t\t\t<a class=\"blog-recent-post-link-group\" href=\"https:\/\/nassasilhouette.org\/es-mx\/una-charla-con-chris-winstead\/\">\n\t\t\t\t\t\t\t\t<div class=\"blog-recent-post-link-image\" style=\"background-image:url(https:\/\/nassasilhouette.org\/wp-content\/uploads\/2022\/05\/Chris-Winstead-Feature-Image-Final-With-Border.jpg)\"><\/div>\n\t\t\t\t\t\t\t\t<div class=\"blog-recent-post-link-title\">Una charla con Chris Winstead<\/div>\n\t\t\t\t\t\t\t<\/a>\n\t\t\t\t\t\t\t\n\t\t\t\t\t\t\t\t\t\t\t\t\t\t\n\t\t\t\t\t\t\t<div class=\"blog-recent-post-author\">By Chris Cawthorne<\/div>\n\t\t\t\t\t\t\t<div class=\"blog-recent-post-date\"><i class=\"fa fa-calendar\"><\/i><span>May 25, 2022<\/span><\/div>\n\t\t\t\t\t\t\t<div class=\"blog-recent-post-excerpt\">\n\t\t\t\t\t\t\t\t<p>En este Silhouette Sport conocemos a muchas personas, como Chris Winstead, que nos inspiran a trav\u00e9s de sus actos y acciones. En este segundo blog de nuestra Inspiraci\u00f3n Serie , habl\u00e9 con Chris, muy conocido en el mundo de la silueta por su conocimiento de nuestro deporte y por haber entrenado\/supervisado a su hija Cathy&hellip; <a class=\"more-link\" href=\"https:\/\/nassasilhouette.org\/es-mx\/una-charla-con-chris-winstead\/\">Continue reading <span class=\"screen-reader-text\">Una charla con Chris Winstead<\/span><\/a><\/p>\n\t\t\t\t\t\t\t<\/div>\n\t\t\t\t\t\t\t<a class=\"blog-recent-post-cta\" href=\"https:\/\/nassasilhouette.org\/es-mx\/una-charla-con-chris-winstead\/\">Read More<\/a>\t\n\t\t\t\t\t\t<\/li>\n\n\t\t\t\t  \t\t\t\t  \n\t\t\t\t\t\t\t\t<\/ul>\n\n\t\t\t\t\n","protected":false},"excerpt":{"rendered":"<p>La inspiraci\u00f3n para convertirse en un campe\u00f3n de tiro comienza con una evocaci\u00f3n; el proceso de llevar a la mente consciente una imagen de \u00e9xito percibida. A menudo la evocaci\u00f3n se inspira en un objeto, una persona y\/o un acontecimiento sobre lo que ser\u00eda posible conseguir. Esto proporciona la motivaci\u00f3n necesaria para lograr el resultado&hellip; <a class=\"more-link\" href=\"https:\/\/nassasilhouette.org\/es-mx\/una-charla-con-chris-winstead\/\">Continue reading <span class=\"screen-reader-text\">Una charla con Chris Winstead<\/span><\/a><\/p>\n","protected":false},"author":4,"featured_media":0,"parent":19574,"menu_order":0,"comment_status":"closed","ping_status":"closed","template":"","meta":{"_acf_changed":false,"footnotes":""},"class_list":["post-19585","page","type-page","status-publish","hentry","entry"],"acf":[],"rttpg_featured_image_url":null,"rttpg_author":{"display_name":"Chris Cawthorne","author_link":"https:\/\/nassasilhouette.org\/es-mx\/author\/cecawthorneyahoo-com\/"},"rttpg_comment":0,"rttpg_category":"","rttpg_excerpt":"La inspiraci\u00f3n para convertirse en un campe\u00f3n de tiro comienza con una evocaci\u00f3n; el proceso de llevar a la mente consciente una imagen de \u00e9xito percibida. A menudo la evocaci\u00f3n se inspira en un objeto, una persona y\/o un acontecimiento sobre lo que ser\u00eda posible conseguir. Esto proporciona la motivaci\u00f3n necesaria para lograr el resultado&hellip;&hellip;","_links":{"self":[{"href":"https:\/\/nassasilhouette.org\/es-mx\/wp-json\/wp\/v2\/pages\/19585","targetHints":{"allow":["GET"]}}],"collection":[{"href":"https:\/\/nassasilhouette.org\/es-mx\/wp-json\/wp\/v2\/pages"}],"about":[{"href":"https:\/\/nassasilhouette.org\/es-mx\/wp-json\/wp\/v2\/types\/page"}],"author":[{"embeddable":true,"href":"https:\/\/nassasilhouette.org\/es-mx\/wp-json\/wp\/v2\/users\/4"}],"replies":[{"embeddable":true,"href":"https:\/\/nassasilhouette.org\/es-mx\/wp-json\/wp\/v2\/comments?post=19585"}],"version-history":[{"count":0,"href":"https:\/\/nassasilhouette.org\/es-mx\/wp-json\/wp\/v2\/pages\/19585\/revisions"}],"up":[{"embeddable":true,"href":"https:\/\/nassasilhouette.org\/es-mx\/wp-json\/wp\/v2\/pages\/19574"}],"wp:attachment":[{"href":"https:\/\/nassasilhouette.org\/es-mx\/wp-json\/wp\/v2\/media?parent=19585"}],"curies":[{"name":"wp","href":"https:\/\/api.w.org\/{rel}","templated":true}]}}