{"id":19584,"date":"2021-11-29T08:19:18","date_gmt":"2021-11-29T14:19:18","guid":{"rendered":"https:\/\/nassasilhouette.org\/sobre-nosotros\/bases-del-concurso\/cartuchos-de-alta-potencia\/"},"modified":"2021-11-29T08:19:18","modified_gmt":"2021-11-29T14:19:18","slug":"cartuchos-de-alta-potencia","status":"publish","type":"page","link":"https:\/\/nassasilhouette.org\/es-mx\/sobre-nosotros\/bases-del-concurso\/cartuchos-de-alta-potencia\/","title":{"rendered":"Cartuchos de alta potencia"},"content":{"rendered":"<div class=\"wp-block-image\">\n<figure class=\"aligncenter size-large\"><img loading=\"lazy\" decoding=\"async\" width=\"1024\" height=\"433\" src=\"https:\/\/nassasilhouette.org\/wp-content\/uploads\/2023\/01\/Highpower-Cartridges-Banner-1024x433.jpg\" alt=\"\" class=\"wp-image-18484\" srcset=\"https:\/\/nassasilhouette.org\/wp-content\/uploads\/2023\/01\/Highpower-Cartridges-Banner-1024x433.jpg 1024w, https:\/\/nassasilhouette.org\/wp-content\/uploads\/2023\/01\/Highpower-Cartridges-Banner-300x127.jpg 300w, https:\/\/nassasilhouette.org\/wp-content\/uploads\/2023\/01\/Highpower-Cartridges-Banner-768x324.jpg 768w, https:\/\/nassasilhouette.org\/wp-content\/uploads\/2023\/01\/Highpower-Cartridges-Banner-1536x649.jpg 1536w, https:\/\/nassasilhouette.org\/wp-content\/uploads\/2023\/01\/Highpower-Cartridges-Banner-2048x865.jpg 2048w, https:\/\/nassasilhouette.org\/wp-content\/uploads\/2023\/01\/Highpower-Cartridges-Banner-1568x662.jpg 1568w\" sizes=\"auto, (max-width: 1024px) 100vw, 1024px\" \/><\/figure>\n<\/div>\n\n\n<div style=\"height:10px\" aria-hidden=\"true\" class=\"wp-block-spacer\"><\/div>\n\n\n\n<div class=\"wp-block-columns is-layout-flex wp-container-core-columns-is-layout-9d6595d7 wp-block-columns-is-layout-flex\">\n<div class=\"wp-block-column is-layout-flow wp-block-column-is-layout-flow\"><div class=\"wp-block-image\">\n<figure class=\"aligncenter size-large is-resized\"><img loading=\"lazy\" decoding=\"async\" src=\"https:\/\/nassasilhouette.org\/wp-content\/uploads\/2023\/01\/UNDER-CONSTRUCTION-1024x497.jpg\" alt=\"\" class=\"wp-image-18439\" width=\"357\" height=\"171\"><\/figure>\n<\/div><\/div>\n\n\n\n<div class=\"wp-block-column is-layout-flow wp-block-column-is-layout-flow\">\n<p class=\"has-text-align-left has-text-color has-normal-font-size\" style=\"color:#ee0707\"><strong>Tenga paciencia con nosotros.<\/strong><\/p>\n\n\n\n<p class=\"has-text-align-left has-text-color has-normal-font-size\" style=\"color:#ee0707\"><strong>Estamos trabajando en esta secci\u00f3n tan r\u00e1pido como podemos.<\/strong><\/p>\n<\/div>\n<\/div>\n\n\n\n<p class=\"has-text-align-center has-vivid-cyan-blue-color has-text-color\"><strong>Para m\u00e1s informaci\u00f3n sobre los rifles y visores Silhouette Highpower, haga clic en los siguientes enlaces:<\/strong><\/p>\n\n\n\n<div class=\"wp-block-columns is-layout-flex wp-container-core-columns-is-layout-9d6595d7 wp-block-columns-is-layout-flex\">\n<div class=\"wp-block-column is-layout-flow wp-block-column-is-layout-flow\">\n<div class=\"wp-block-buttons is-content-justification-center is-layout-flex wp-container-core-buttons-is-layout-16018d1d wp-block-buttons-is-layout-flex\">\n<div class=\"wp-block-button has-custom-font-size has-extra-small-font-size\"><a class=\"wp-block-button__link has-vivid-cyan-blue-background-color has-background wp-element-button\">RIFLES SILHOUETTE HIGHPOWER<\/a><\/div>\n<\/div>\n<\/div>\n\n\n\n<div class=\"wp-block-column is-layout-flow wp-block-column-is-layout-flow\">\n<div class=\"wp-block-buttons is-content-justification-center is-layout-flex wp-container-core-buttons-is-layout-16018d1d wp-block-buttons-is-layout-flex\">\n<div class=\"wp-block-button has-custom-font-size has-extra-small-font-size\"><a class=\"wp-block-button__link has-vivid-cyan-blue-background-color has-background wp-element-button\" href=\"https:\/\/nassasilhouette.org\/about-us\/competition-basics\/silhouette-scopes\/\"><strong>VISORES SILHOUETTE<\/strong><\/a><\/div>\n<\/div>\n<\/div>\n<\/div>\n\n\n\n<hr class=\"wp-block-separator has-alpha-channel-opacity\">\n\n\n<div class=\"wp-block-image\">\n<figure class=\"aligncenter size-large\"><img loading=\"lazy\" decoding=\"async\" width=\"1024\" height=\"62\" src=\"https:\/\/nassasilhouette.org\/wp-content\/uploads\/2021\/12\/HP-Paragraph-Separators-1-1024x62.png\" alt=\"\" class=\"wp-image-8145\" srcset=\"https:\/\/nassasilhouette.org\/wp-content\/uploads\/2021\/12\/HP-Paragraph-Separators-1-1024x62.png 1024w, https:\/\/nassasilhouette.org\/wp-content\/uploads\/2021\/12\/HP-Paragraph-Separators-1-300x18.png 300w, https:\/\/nassasilhouette.org\/wp-content\/uploads\/2021\/12\/HP-Paragraph-Separators-1-768x47.png 768w, https:\/\/nassasilhouette.org\/wp-content\/uploads\/2021\/12\/HP-Paragraph-Separators-1-1536x94.png 1536w, https:\/\/nassasilhouette.org\/wp-content\/uploads\/2021\/12\/HP-Paragraph-Separators-1-2048x125.png 2048w\" sizes=\"auto, (max-width: 1024px) 100vw, 1024px\" \/><\/figure>\n<\/div>\n\n\n<div style=\"height:50px\" aria-hidden=\"true\" class=\"wp-block-spacer\"><\/div>\n\n\n\n<h2 class=\"has-text-align-center wp-block-heading\"><strong>Evoluci\u00f3n de los cartuchos de silueta de alta potencia<\/strong><\/h2>\n\n\n\n<div class=\"wp-block-columns is-layout-flex wp-container-core-columns-is-layout-9d6595d7 wp-block-columns-is-layout-flex\">\n<div class=\"wp-block-column is-layout-flow wp-block-column-is-layout-flow\"><div class=\"wp-block-image\">\n<figure class=\"aligncenter size-large is-resized\"><img loading=\"lazy\" decoding=\"async\" src=\"https:\/\/nassasilhouette.org\/wp-content\/uploads\/2023\/01\/UNDER-CONSTRUCTION-1024x497.jpg\" alt=\"\" class=\"wp-image-18439\" width=\"357\" height=\"171\"><\/figure>\n<\/div><\/div>\n\n\n\n<div class=\"wp-block-column is-layout-flow wp-block-column-is-layout-flow\">\n<p class=\"has-text-align-left has-text-color has-normal-font-size\" style=\"color:#ee0707\"><strong>Tenga paciencia con nosotros.<\/strong><\/p>\n\n\n\n<p class=\"has-text-align-left has-text-color has-normal-font-size\" style=\"color:#ee0707\"><strong>Estamos trabajando en esta secci\u00f3n tan r\u00e1pido como podemos.<\/strong><\/p>\n<\/div>\n<\/div>\n\n\n\n<hr class=\"wp-block-separator has-alpha-channel-opacity\">\n\n\n<div class=\"wp-block-image\">\n<figure class=\"aligncenter size-large\"><img loading=\"lazy\" decoding=\"async\" width=\"1024\" height=\"62\" src=\"https:\/\/nassasilhouette.org\/wp-content\/uploads\/2021\/12\/HP-Paragraph-Separators-1-1024x62.png\" alt=\"\" class=\"wp-image-8145\" srcset=\"https:\/\/nassasilhouette.org\/wp-content\/uploads\/2021\/12\/HP-Paragraph-Separators-1-1024x62.png 1024w, https:\/\/nassasilhouette.org\/wp-content\/uploads\/2021\/12\/HP-Paragraph-Separators-1-300x18.png 300w, https:\/\/nassasilhouette.org\/wp-content\/uploads\/2021\/12\/HP-Paragraph-Separators-1-768x47.png 768w, https:\/\/nassasilhouette.org\/wp-content\/uploads\/2021\/12\/HP-Paragraph-Separators-1-1536x94.png 1536w, https:\/\/nassasilhouette.org\/wp-content\/uploads\/2021\/12\/HP-Paragraph-Separators-1-2048x125.png 2048w\" sizes=\"auto, (max-width: 1024px) 100vw, 1024px\" \/><\/figure>\n<\/div>\n\n\n<div style=\"height:50px\" aria-hidden=\"true\" class=\"wp-block-spacer\"><\/div>\n\n\n\n<h2 class=\"has-text-align-center wp-block-heading\"><strong>Calibres de competici\u00f3n<\/strong><\/h2>\n\n\n\n<p class=\"has-text-align-left\"><meta charset=\"utf-8\"><\/p>\n\n\n\n<div class=\"wp-block-columns is-layout-flex wp-container-core-columns-is-layout-9d6595d7 wp-block-columns-is-layout-flex\">\n<div class=\"wp-block-column is-layout-flow wp-block-column-is-layout-flow\"><div class=\"wp-block-image\">\n<figure class=\"aligncenter size-large is-resized\"><img loading=\"lazy\" decoding=\"async\" src=\"https:\/\/nassasilhouette.org\/wp-content\/uploads\/2023\/01\/UNDER-CONSTRUCTION-1024x497.jpg\" alt=\"\" class=\"wp-image-18439\" width=\"357\" height=\"171\"><\/figure>\n<\/div><\/div>\n\n\n\n<div class=\"wp-block-column is-layout-flow wp-block-column-is-layout-flow\">\n<p class=\"has-text-align-left has-text-color has-normal-font-size\" style=\"color:#ee0707\"><strong>Tenga paciencia con nosotros.<\/strong><\/p>\n\n\n\n<p class=\"has-text-align-left has-text-color has-normal-font-size\" style=\"color:#ee0707\"><strong>Estamos trabajando en esta secci\u00f3n tan r\u00e1pido como podemos.<\/strong><\/p>\n<\/div>\n<\/div>\n\n\n\n<p class=\"has-text-align-left\"><strong>2021 NRA Campeonato Nacional de Silueta de Alta Potencia Encuesta &#8211; Calibre<\/strong><\/p>\n\n\n\n<div class=\"wp-block-columns is-layout-flex wp-container-core-columns-is-layout-9d6595d7 wp-block-columns-is-layout-flex\">\n<div class=\"wp-block-column is-layout-flow wp-block-column-is-layout-flow\">\n<figure class=\"wp-block-image size-large\"><img loading=\"lazy\" decoding=\"async\" width=\"565\" height=\"1024\" src=\"https:\/\/nassasilhouette.org\/wp-content\/uploads\/2021\/11\/Cartridge-HP-Standard-Survey-1-565x1024.png\" alt=\"\" class=\"wp-image-6886\" srcset=\"https:\/\/nassasilhouette.org\/wp-content\/uploads\/2021\/11\/Cartridge-HP-Standard-Survey-1-565x1024.png 565w, https:\/\/nassasilhouette.org\/wp-content\/uploads\/2021\/11\/Cartridge-HP-Standard-Survey-1-165x300.png 165w, https:\/\/nassasilhouette.org\/wp-content\/uploads\/2021\/11\/Cartridge-HP-Standard-Survey-1-768x1393.png 768w, https:\/\/nassasilhouette.org\/wp-content\/uploads\/2021\/11\/Cartridge-HP-Standard-Survey-1-847x1536.png 847w, https:\/\/nassasilhouette.org\/wp-content\/uploads\/2021\/11\/Cartridge-HP-Standard-Survey-1-1130x2048.png 1130w, https:\/\/nassasilhouette.org\/wp-content\/uploads\/2021\/11\/Cartridge-HP-Standard-Survey-1.png 1911w\" sizes=\"auto, (max-width: 565px) 100vw, 565px\" \/><\/figure>\n<\/div>\n\n\n\n<div class=\"wp-block-column is-layout-flow wp-block-column-is-layout-flow\">\n<figure class=\"wp-block-image size-large\"><img loading=\"lazy\" decoding=\"async\" width=\"565\" height=\"1024\" src=\"https:\/\/nassasilhouette.org\/wp-content\/uploads\/2023\/01\/Cartridge-HP-Hunter-Survey-565x1024.png\" alt=\"\" class=\"wp-image-18285\" srcset=\"https:\/\/nassasilhouette.org\/wp-content\/uploads\/2023\/01\/Cartridge-HP-Hunter-Survey-565x1024.png 565w, https:\/\/nassasilhouette.org\/wp-content\/uploads\/2023\/01\/Cartridge-HP-Hunter-Survey-165x300.png 165w, https:\/\/nassasilhouette.org\/wp-content\/uploads\/2023\/01\/Cartridge-HP-Hunter-Survey-768x1393.png 768w, https:\/\/nassasilhouette.org\/wp-content\/uploads\/2023\/01\/Cartridge-HP-Hunter-Survey-847x1536.png 847w, https:\/\/nassasilhouette.org\/wp-content\/uploads\/2023\/01\/Cartridge-HP-Hunter-Survey-1130x2048.png 1130w, https:\/\/nassasilhouette.org\/wp-content\/uploads\/2023\/01\/Cartridge-HP-Hunter-Survey-1568x2843.png 1568w, https:\/\/nassasilhouette.org\/wp-content\/uploads\/2023\/01\/Cartridge-HP-Hunter-Survey.png 1911w\" sizes=\"auto, (max-width: 565px) 100vw, 565px\" \/><\/figure>\n<\/div>\n\n\n\n<div class=\"wp-block-column is-layout-flow wp-block-column-is-layout-flow\"><\/div>\n<\/div>\n\n\n\n<hr class=\"wp-block-separator has-alpha-channel-opacity\">\n\n\n<div class=\"wp-block-image\">\n<figure class=\"aligncenter size-large\"><img loading=\"lazy\" decoding=\"async\" width=\"1024\" height=\"62\" src=\"https:\/\/nassasilhouette.org\/wp-content\/uploads\/2021\/12\/HP-Paragraph-Separators-1-1024x62.png\" alt=\"\" class=\"wp-image-8145\" srcset=\"https:\/\/nassasilhouette.org\/wp-content\/uploads\/2021\/12\/HP-Paragraph-Separators-1-1024x62.png 1024w, https:\/\/nassasilhouette.org\/wp-content\/uploads\/2021\/12\/HP-Paragraph-Separators-1-300x18.png 300w, https:\/\/nassasilhouette.org\/wp-content\/uploads\/2021\/12\/HP-Paragraph-Separators-1-768x47.png 768w, https:\/\/nassasilhouette.org\/wp-content\/uploads\/2021\/12\/HP-Paragraph-Separators-1-1536x94.png 1536w, https:\/\/nassasilhouette.org\/wp-content\/uploads\/2021\/12\/HP-Paragraph-Separators-1-2048x125.png 2048w\" sizes=\"auto, (max-width: 1024px) 100vw, 1024px\" \/><\/figure>\n<\/div>\n\n\n<div style=\"height:50px\" aria-hidden=\"true\" class=\"wp-block-spacer\"><\/div>\n\n\n\n<h2 class=\"has-text-align-center wp-block-heading\"><strong>Balas de competici\u00f3n<\/strong><\/h2>\n\n\n\n<div class=\"wp-block-columns is-layout-flex wp-container-core-columns-is-layout-9d6595d7 wp-block-columns-is-layout-flex\">\n<div class=\"wp-block-column is-layout-flow wp-block-column-is-layout-flow\"><div class=\"wp-block-image\">\n<figure class=\"aligncenter size-large is-resized\"><img loading=\"lazy\" decoding=\"async\" src=\"https:\/\/nassasilhouette.org\/wp-content\/uploads\/2023\/01\/UNDER-CONSTRUCTION-1024x497.jpg\" alt=\"\" class=\"wp-image-18439\" width=\"357\" height=\"171\"><\/figure>\n<\/div><\/div>\n\n\n\n<div class=\"wp-block-column is-layout-flow wp-block-column-is-layout-flow\">\n<p class=\"has-text-align-left has-text-color has-normal-font-size\" style=\"color:#ee0707\"><strong>Tenga paciencia con nosotros.<\/strong><\/p>\n\n\n\n<p class=\"has-text-align-left has-text-color has-normal-font-size\" style=\"color:#ee0707\"><strong>Estamos trabajando en esta secci\u00f3n tan r\u00e1pido como podemos.<\/strong><\/p>\n<\/div>\n<\/div>\n\n\n\n<p class=\"has-text-align-left\"><meta charset=\"utf-8\"><strong>2021 NRA High Power Silhouette National Championship Encuesta &#8211; Balas<\/strong><\/p>\n\n\n\n<div class=\"wp-block-columns is-layout-flex wp-container-core-columns-is-layout-9d6595d7 wp-block-columns-is-layout-flex\">\n<div class=\"wp-block-column is-layout-flow wp-block-column-is-layout-flow\">\n<figure class=\"wp-block-image size-large\"><img loading=\"lazy\" decoding=\"async\" width=\"922\" height=\"1024\" src=\"https:\/\/nassasilhouette.org\/wp-content\/uploads\/2021\/11\/Bullets-HP-Standard-Survey-922x1024.png\" alt=\"\" class=\"wp-image-6891\" srcset=\"https:\/\/nassasilhouette.org\/wp-content\/uploads\/2021\/11\/Bullets-HP-Standard-Survey-922x1024.png 922w, https:\/\/nassasilhouette.org\/wp-content\/uploads\/2021\/11\/Bullets-HP-Standard-Survey-270x300.png 270w, https:\/\/nassasilhouette.org\/wp-content\/uploads\/2021\/11\/Bullets-HP-Standard-Survey-768x853.png 768w, https:\/\/nassasilhouette.org\/wp-content\/uploads\/2021\/11\/Bullets-HP-Standard-Survey-1383x1536.png 1383w, https:\/\/nassasilhouette.org\/wp-content\/uploads\/2021\/11\/Bullets-HP-Standard-Survey-1844x2048.png 1844w, https:\/\/nassasilhouette.org\/wp-content\/uploads\/2021\/11\/Bullets-HP-Standard-Survey.png 1911w\" sizes=\"auto, (max-width: 922px) 100vw, 922px\" \/><\/figure>\n<\/div>\n\n\n\n<div class=\"wp-block-column is-layout-flow wp-block-column-is-layout-flow\">\n<figure class=\"wp-block-image size-large\"><img loading=\"lazy\" decoding=\"async\" width=\"1017\" height=\"1024\" src=\"https:\/\/nassasilhouette.org\/wp-content\/uploads\/2021\/11\/Bullets-HP-Hunter-Survey-1017x1024.png\" alt=\"\" class=\"wp-image-6941\" srcset=\"https:\/\/nassasilhouette.org\/wp-content\/uploads\/2021\/11\/Bullets-HP-Hunter-Survey-1017x1024.png 1017w, https:\/\/nassasilhouette.org\/wp-content\/uploads\/2021\/11\/Bullets-HP-Hunter-Survey-298x300.png 298w, https:\/\/nassasilhouette.org\/wp-content\/uploads\/2021\/11\/Bullets-HP-Hunter-Survey-150x150.png 150w, https:\/\/nassasilhouette.org\/wp-content\/uploads\/2021\/11\/Bullets-HP-Hunter-Survey-768x774.png 768w, https:\/\/nassasilhouette.org\/wp-content\/uploads\/2021\/11\/Bullets-HP-Hunter-Survey-1525x1536.png 1525w, https:\/\/nassasilhouette.org\/wp-content\/uploads\/2021\/11\/Bullets-HP-Hunter-Survey.png 1911w\" sizes=\"auto, (max-width: 1017px) 100vw, 1017px\" \/><\/figure>\n<\/div>\n\n\n\n<div class=\"wp-block-column is-layout-flow wp-block-column-is-layout-flow\"><\/div>\n<\/div>\n\n\n\n<hr class=\"wp-block-separator has-alpha-channel-opacity\">\n\n\n\n<p class=\"has-text-align-left\"><meta charset=\"utf-8\"><strong>2021 NRA High Power Silhouette National Championship Encuesta &#8211; Peso de las balas<\/strong><\/p>\n\n\n\n<div class=\"wp-block-columns is-layout-flex wp-container-core-columns-is-layout-9d6595d7 wp-block-columns-is-layout-flex\">\n<div class=\"wp-block-column is-layout-flow wp-block-column-is-layout-flow\">\n<figure class=\"wp-block-image size-large\"><img loading=\"lazy\" decoding=\"async\" width=\"770\" height=\"1024\" src=\"https:\/\/nassasilhouette.org\/wp-content\/uploads\/2021\/11\/Bullet-Weight-HP-Standard-Survey-770x1024.png\" alt=\"\" class=\"wp-image-6895\" srcset=\"https:\/\/nassasilhouette.org\/wp-content\/uploads\/2021\/11\/Bullet-Weight-HP-Standard-Survey-770x1024.png 770w, https:\/\/nassasilhouette.org\/wp-content\/uploads\/2021\/11\/Bullet-Weight-HP-Standard-Survey-225x300.png 225w, https:\/\/nassasilhouette.org\/wp-content\/uploads\/2021\/11\/Bullet-Weight-HP-Standard-Survey-768x1022.png 768w, https:\/\/nassasilhouette.org\/wp-content\/uploads\/2021\/11\/Bullet-Weight-HP-Standard-Survey-1154x1536.png 1154w, https:\/\/nassasilhouette.org\/wp-content\/uploads\/2021\/11\/Bullet-Weight-HP-Standard-Survey-1539x2048.png 1539w, https:\/\/nassasilhouette.org\/wp-content\/uploads\/2021\/11\/Bullet-Weight-HP-Standard-Survey.png 1911w\" sizes=\"auto, (max-width: 770px) 100vw, 770px\" \/><\/figure>\n<\/div>\n\n\n\n<div class=\"wp-block-column is-layout-flow wp-block-column-is-layout-flow\">\n<figure class=\"wp-block-image size-large\"><img loading=\"lazy\" decoding=\"async\" width=\"753\" height=\"1024\" src=\"https:\/\/nassasilhouette.org\/wp-content\/uploads\/2021\/11\/Bullet-Weight-HP-Hunter-Survey-753x1024.png\" alt=\"\" class=\"wp-image-6896\" srcset=\"https:\/\/nassasilhouette.org\/wp-content\/uploads\/2021\/11\/Bullet-Weight-HP-Hunter-Survey-753x1024.png 753w, https:\/\/nassasilhouette.org\/wp-content\/uploads\/2021\/11\/Bullet-Weight-HP-Hunter-Survey-221x300.png 221w, https:\/\/nassasilhouette.org\/wp-content\/uploads\/2021\/11\/Bullet-Weight-HP-Hunter-Survey-768x1044.png 768w, https:\/\/nassasilhouette.org\/wp-content\/uploads\/2021\/11\/Bullet-Weight-HP-Hunter-Survey-1130x1536.png 1130w, https:\/\/nassasilhouette.org\/wp-content\/uploads\/2021\/11\/Bullet-Weight-HP-Hunter-Survey-1506x2048.png 1506w, https:\/\/nassasilhouette.org\/wp-content\/uploads\/2021\/11\/Bullet-Weight-HP-Hunter-Survey.png 1911w\" sizes=\"auto, (max-width: 753px) 100vw, 753px\" \/><\/figure>\n<\/div>\n\n\n\n<div class=\"wp-block-column is-layout-flow wp-block-column-is-layout-flow\"><\/div>\n<\/div>\n\n\n\n<hr class=\"wp-block-separator has-alpha-channel-opacity\">\n\n\n<div class=\"wp-block-image\">\n<figure class=\"aligncenter size-large\"><img loading=\"lazy\" decoding=\"async\" width=\"1024\" height=\"62\" src=\"https:\/\/nassasilhouette.org\/wp-content\/uploads\/2021\/12\/HP-Paragraph-Separators-1-1024x62.png\" alt=\"\" class=\"wp-image-8145\" srcset=\"https:\/\/nassasilhouette.org\/wp-content\/uploads\/2021\/12\/HP-Paragraph-Separators-1-1024x62.png 1024w, https:\/\/nassasilhouette.org\/wp-content\/uploads\/2021\/12\/HP-Paragraph-Separators-1-300x18.png 300w, https:\/\/nassasilhouette.org\/wp-content\/uploads\/2021\/12\/HP-Paragraph-Separators-1-768x47.png 768w, https:\/\/nassasilhouette.org\/wp-content\/uploads\/2021\/12\/HP-Paragraph-Separators-1-1536x94.png 1536w, https:\/\/nassasilhouette.org\/wp-content\/uploads\/2021\/12\/HP-Paragraph-Separators-1-2048x125.png 2048w\" sizes=\"auto, (max-width: 1024px) 100vw, 1024px\" \/><\/figure>\n<\/div>\n\n\n<div style=\"height:50px\" aria-hidden=\"true\" class=\"wp-block-spacer\"><\/div>\n\n\n\n<h2 class=\"has-text-align-center wp-block-heading\"><strong>P\u00f3lvora sin humo para competici\u00f3n<\/strong><\/h2>\n\n\n\n<div class=\"wp-block-columns is-layout-flex wp-container-core-columns-is-layout-9d6595d7 wp-block-columns-is-layout-flex\">\n<div class=\"wp-block-column is-layout-flow wp-block-column-is-layout-flow\"><div class=\"wp-block-image\">\n<figure class=\"aligncenter size-large is-resized\"><img loading=\"lazy\" decoding=\"async\" src=\"https:\/\/nassasilhouette.org\/wp-content\/uploads\/2023\/01\/UNDER-CONSTRUCTION-1024x497.jpg\" alt=\"\" class=\"wp-image-18439\" width=\"357\" height=\"171\"><\/figure>\n<\/div><\/div>\n\n\n\n<div class=\"wp-block-column is-layout-flow wp-block-column-is-layout-flow\">\n<p class=\"has-text-align-left has-text-color has-normal-font-size\" style=\"color:#ee0707\"><strong>Tenga paciencia con nosotros.<\/strong><\/p>\n\n\n\n<p class=\"has-text-align-left has-text-color has-normal-font-size\" style=\"color:#ee0707\"><strong>Estamos trabajando en esta secci\u00f3n tan r\u00e1pido como podemos.<\/strong><\/p>\n<\/div>\n<\/div>\n\n\n\n<p><meta charset=\"utf-8\"><meta charset=\"utf-8\"><\/p>\n\n\n\n<p><strong>2021 NRA High Power Silhouette National Championship Encuesta &#8211; P\u00f3lvora sin humo<\/strong><\/p>\n\n\n\n<div class=\"wp-block-columns is-layout-flex wp-container-core-columns-is-layout-9d6595d7 wp-block-columns-is-layout-flex\">\n<div class=\"wp-block-column is-layout-flow wp-block-column-is-layout-flow\">\n<figure class=\"wp-block-image size-large\"><img loading=\"lazy\" decoding=\"async\" width=\"977\" height=\"1024\" src=\"https:\/\/nassasilhouette.org\/wp-content\/uploads\/2021\/11\/HP-Standard-Powder-Survey-977x1024.png\" alt=\"\" class=\"wp-image-6947\" srcset=\"https:\/\/nassasilhouette.org\/wp-content\/uploads\/2021\/11\/HP-Standard-Powder-Survey-977x1024.png 977w, https:\/\/nassasilhouette.org\/wp-content\/uploads\/2021\/11\/HP-Standard-Powder-Survey-286x300.png 286w, https:\/\/nassasilhouette.org\/wp-content\/uploads\/2021\/11\/HP-Standard-Powder-Survey-768x805.png 768w, https:\/\/nassasilhouette.org\/wp-content\/uploads\/2021\/11\/HP-Standard-Powder-Survey-1466x1536.png 1466w, https:\/\/nassasilhouette.org\/wp-content\/uploads\/2021\/11\/HP-Standard-Powder-Survey.png 1911w\" sizes=\"auto, (max-width: 977px) 100vw, 977px\" \/><\/figure>\n<\/div>\n\n\n\n<div class=\"wp-block-column is-layout-flow wp-block-column-is-layout-flow\">\n<figure class=\"wp-block-image size-large\"><img loading=\"lazy\" decoding=\"async\" width=\"936\" height=\"1024\" src=\"https:\/\/nassasilhouette.org\/wp-content\/uploads\/2021\/11\/HP-Hunter-Powder-Survey-936x1024.png\" alt=\"\" class=\"wp-image-6948\" srcset=\"https:\/\/nassasilhouette.org\/wp-content\/uploads\/2021\/11\/HP-Hunter-Powder-Survey-936x1024.png 936w, https:\/\/nassasilhouette.org\/wp-content\/uploads\/2021\/11\/HP-Hunter-Powder-Survey-274x300.png 274w, https:\/\/nassasilhouette.org\/wp-content\/uploads\/2021\/11\/HP-Hunter-Powder-Survey-768x840.png 768w, https:\/\/nassasilhouette.org\/wp-content\/uploads\/2021\/11\/HP-Hunter-Powder-Survey-1404x1536.png 1404w, https:\/\/nassasilhouette.org\/wp-content\/uploads\/2021\/11\/HP-Hunter-Powder-Survey-1873x2048.png 1873w, https:\/\/nassasilhouette.org\/wp-content\/uploads\/2021\/11\/HP-Hunter-Powder-Survey.png 1911w\" sizes=\"auto, (max-width: 936px) 100vw, 936px\" \/><\/figure>\n<\/div>\n\n\n\n<div class=\"wp-block-column is-layout-flow wp-block-column-is-layout-flow\"><\/div>\n<\/div>\n\n\n\n<hr class=\"wp-block-separator has-alpha-channel-opacity\">\n","protected":false},"excerpt":{"rendered":"<p>Tenga paciencia con nosotros. Estamos trabajando en esta secci\u00f3n tan r\u00e1pido como podemos. Para m\u00e1s informaci\u00f3n sobre los rifles y visores Silhouette Highpower, haga clic en los siguientes enlaces: Evoluci\u00f3n de los cartuchos de silueta de alta potencia Tenga paciencia con nosotros. Estamos trabajando en esta secci\u00f3n tan r\u00e1pido como podemos. Calibres de competici\u00f3n Tenga&hellip; <a class=\"more-link\" href=\"https:\/\/nassasilhouette.org\/es-mx\/sobre-nosotros\/bases-del-concurso\/cartuchos-de-alta-potencia\/\">Continue reading <span class=\"screen-reader-text\">Cartuchos de alta potencia<\/span><\/a><\/p>\n","protected":false},"author":4,"featured_media":0,"parent":19530,"menu_order":0,"comment_status":"closed","ping_status":"closed","template":"","meta":{"_acf_changed":false,"footnotes":""},"class_list":["post-19584","page","type-page","status-publish","hentry","entry"],"acf":[],"rttpg_featured_image_url":null,"rttpg_author":{"display_name":"Chris Cawthorne","author_link":"https:\/\/nassasilhouette.org\/es-mx\/author\/cecawthorneyahoo-com\/"},"rttpg_comment":0,"rttpg_category":" <a href=\"https:\/\/nassasilhouette.org\/es-mx\/?taxonomy=translation_priority&#038;term=optional-es-mx\" rel=\"tag\">Optional<\/a>","rttpg_excerpt":"Tenga paciencia con nosotros. Estamos trabajando en esta secci\u00f3n tan r\u00e1pido como podemos. Para m\u00e1s informaci\u00f3n sobre los rifles y visores Silhouette Highpower, haga clic en los siguientes enlaces: Evoluci\u00f3n de los cartuchos de silueta de alta potencia Tenga paciencia con nosotros. Estamos trabajando en esta secci\u00f3n tan r\u00e1pido como podemos. Calibres de competici\u00f3n Tenga&hellip;&hellip;","_links":{"self":[{"href":"https:\/\/nassasilhouette.org\/es-mx\/wp-json\/wp\/v2\/pages\/19584","targetHints":{"allow":["GET"]}}],"collection":[{"href":"https:\/\/nassasilhouette.org\/es-mx\/wp-json\/wp\/v2\/pages"}],"about":[{"href":"https:\/\/nassasilhouette.org\/es-mx\/wp-json\/wp\/v2\/types\/page"}],"author":[{"embeddable":true,"href":"https:\/\/nassasilhouette.org\/es-mx\/wp-json\/wp\/v2\/users\/4"}],"replies":[{"embeddable":true,"href":"https:\/\/nassasilhouette.org\/es-mx\/wp-json\/wp\/v2\/comments?post=19584"}],"version-history":[{"count":0,"href":"https:\/\/nassasilhouette.org\/es-mx\/wp-json\/wp\/v2\/pages\/19584\/revisions"}],"up":[{"embeddable":true,"href":"https:\/\/nassasilhouette.org\/es-mx\/wp-json\/wp\/v2\/pages\/19530"}],"wp:attachment":[{"href":"https:\/\/nassasilhouette.org\/es-mx\/wp-json\/wp\/v2\/media?parent=19584"}],"curies":[{"name":"wp","href":"https:\/\/api.w.org\/{rel}","templated":true}]}}