{"id":19583,"date":"2021-11-20T17:07:30","date_gmt":"2021-11-20T23:07:30","guid":{"rendered":"https:\/\/nassasilhouette.org\/sobre-nosotros\/bases-del-concurso\/rifles-de-gran-potencia\/"},"modified":"2021-11-20T17:07:30","modified_gmt":"2021-11-20T23:07:30","slug":"rifles-de-gran-potencia","status":"publish","type":"page","link":"https:\/\/nassasilhouette.org\/es-mx\/sobre-nosotros\/bases-del-concurso\/rifles-de-gran-potencia\/","title":{"rendered":"Rifles de gran potencia"},"content":{"rendered":"<div class=\"wp-block-image\">\n<figure class=\"aligncenter size-large\"><img loading=\"lazy\" decoding=\"async\" width=\"1024\" height=\"360\" src=\"https:\/\/nassasilhouette.org\/wp-content\/uploads\/2022\/03\/High-Power-Banner-1-1024x360.png\" alt=\"\" class=\"wp-image-10636\" srcset=\"https:\/\/nassasilhouette.org\/wp-content\/uploads\/2022\/03\/High-Power-Banner-1-1024x360.png 1024w, https:\/\/nassasilhouette.org\/wp-content\/uploads\/2022\/03\/High-Power-Banner-1-300x106.png 300w, https:\/\/nassasilhouette.org\/wp-content\/uploads\/2022\/03\/High-Power-Banner-1-768x270.png 768w, https:\/\/nassasilhouette.org\/wp-content\/uploads\/2022\/03\/High-Power-Banner-1-1536x541.png 1536w, https:\/\/nassasilhouette.org\/wp-content\/uploads\/2022\/03\/High-Power-Banner-1-2048x721.png 2048w\" sizes=\"auto, (max-width: 1024px) 100vw, 1024px\" \/><\/figure>\n<\/div>\n\n\n<p>Se trata del abuelo de todas las disciplinas de silueta met\u00e1lica, con el primer match organizado de rifle de silueta met\u00e1lica de alta potencia disputado en Ciudad de M\u00e9xico en 1948. Existen dos clases, &#8220;Standard Rifle&#8221; y &#8220;Hunter Rifle&#8221; sancionadas por la NRA y la SRAC, siendo la principal diferencia el peso del rifle y el tiro del gatillo. M\u00e9xico s\u00f3lo cuenta con la clase &#8220;Rifle Est\u00e1ndar&#8221; en los encuentros sancionados por la FEMETI.<\/p>\n\n\n\n<p class=\"has-text-align-center has-vivid-cyan-blue-color has-text-color\"><strong>Para obtener m\u00e1s informaci\u00f3n sobre los cartuchos y visores Silhouette Highpower, haga clic en los siguientes enlaces:<\/strong><\/p>\n\n\n\n<div class=\"wp-block-columns is-layout-flex wp-container-core-columns-is-layout-9d6595d7 wp-block-columns-is-layout-flex\">\n<div class=\"wp-block-column is-layout-flow wp-block-column-is-layout-flow\">\n<div class=\"wp-block-buttons is-content-justification-center is-layout-flex wp-container-core-buttons-is-layout-16018d1d wp-block-buttons-is-layout-flex\">\n<div class=\"wp-block-button has-custom-font-size has-extra-small-font-size\"><a class=\"wp-block-button__link has-vivid-cyan-blue-background-color has-background wp-element-button\">CARTUCHOS SILHOUETTE DE ALTA POTENCIA<\/a><\/div>\n<\/div>\n<\/div>\n\n\n\n<div class=\"wp-block-column is-layout-flow wp-block-column-is-layout-flow\">\n<div class=\"wp-block-buttons is-content-justification-center is-layout-flex wp-container-core-buttons-is-layout-16018d1d wp-block-buttons-is-layout-flex\">\n<div class=\"wp-block-button has-custom-font-size has-extra-small-font-size\"><a class=\"wp-block-button__link has-vivid-cyan-blue-background-color has-background wp-element-button\"><strong>VISORES SILHOUETTE<\/strong><\/a><\/div>\n<\/div>\n<\/div>\n<\/div>\n\n\n\n<hr class=\"wp-block-separator has-alpha-channel-opacity\">\n\n\n<div class=\"wp-block-image\">\n<figure class=\"aligncenter size-large\"><img loading=\"lazy\" decoding=\"async\" width=\"1024\" height=\"62\" src=\"https:\/\/nassasilhouette.org\/wp-content\/uploads\/2021\/12\/HP-Paragraph-Separators-1-1024x62.png\" alt=\"\" class=\"wp-image-8145\" srcset=\"https:\/\/nassasilhouette.org\/wp-content\/uploads\/2021\/12\/HP-Paragraph-Separators-1-1024x62.png 1024w, https:\/\/nassasilhouette.org\/wp-content\/uploads\/2021\/12\/HP-Paragraph-Separators-1-300x18.png 300w, https:\/\/nassasilhouette.org\/wp-content\/uploads\/2021\/12\/HP-Paragraph-Separators-1-768x47.png 768w, https:\/\/nassasilhouette.org\/wp-content\/uploads\/2021\/12\/HP-Paragraph-Separators-1-1536x94.png 1536w, https:\/\/nassasilhouette.org\/wp-content\/uploads\/2021\/12\/HP-Paragraph-Separators-1-2048x125.png 2048w\" sizes=\"auto, (max-width: 1024px) 100vw, 1024px\" \/><\/figure>\n<\/div>\n\n\n<div style=\"height:50px\" aria-hidden=\"true\" class=\"wp-block-spacer\"><\/div>\n\n\n\n<h2 class=\"has-text-align-center wp-block-heading\"><strong>Evoluci\u00f3n de los rifles de silueta de alta potencia<\/strong><\/h2>\n\n\n\n<div class=\"wp-block-columns is-layout-flex wp-container-core-columns-is-layout-9d6595d7 wp-block-columns-is-layout-flex\">\n<div class=\"wp-block-column is-layout-flow wp-block-column-is-layout-flow\"><div class=\"wp-block-image\">\n<figure class=\"aligncenter size-large is-resized\"><img loading=\"lazy\" decoding=\"async\" src=\"https:\/\/nassasilhouette.org\/wp-content\/uploads\/2023\/01\/UNDER-CONSTRUCTION-1024x497.jpg\" alt=\"\" class=\"wp-image-18439\" width=\"357\" height=\"171\"><\/figure>\n<\/div><\/div>\n\n\n\n<div class=\"wp-block-column is-layout-flow wp-block-column-is-layout-flow\">\n<p class=\"has-text-align-left has-text-color has-normal-font-size\" style=\"color:#ee0707\"><strong>Tenga paciencia con nosotros.<\/strong><\/p>\n\n\n\n<p class=\"has-text-align-left has-text-color has-normal-font-size\" style=\"color:#ee0707\"><strong>Estamos trabajando en esta secci\u00f3n tan r\u00e1pido como podemos.<\/strong><\/p>\n<\/div>\n<\/div>\n\n\n\n<hr class=\"wp-block-separator has-alpha-channel-opacity\">\n\n\n<div class=\"wp-block-image\">\n<figure class=\"aligncenter size-large\"><img loading=\"lazy\" decoding=\"async\" width=\"1024\" height=\"62\" src=\"https:\/\/nassasilhouette.org\/wp-content\/uploads\/2021\/12\/HP-Paragraph-Separators-1-1024x62.png\" alt=\"\" class=\"wp-image-8145\" srcset=\"https:\/\/nassasilhouette.org\/wp-content\/uploads\/2021\/12\/HP-Paragraph-Separators-1-1024x62.png 1024w, https:\/\/nassasilhouette.org\/wp-content\/uploads\/2021\/12\/HP-Paragraph-Separators-1-300x18.png 300w, https:\/\/nassasilhouette.org\/wp-content\/uploads\/2021\/12\/HP-Paragraph-Separators-1-768x47.png 768w, https:\/\/nassasilhouette.org\/wp-content\/uploads\/2021\/12\/HP-Paragraph-Separators-1-1536x94.png 1536w, https:\/\/nassasilhouette.org\/wp-content\/uploads\/2021\/12\/HP-Paragraph-Separators-1-2048x125.png 2048w\" sizes=\"auto, (max-width: 1024px) 100vw, 1024px\" \/><\/figure>\n<\/div>\n\n\n<div style=\"height:50px\" aria-hidden=\"true\" class=\"wp-block-spacer\"><\/div>\n\n\n\n<h2 class=\"has-text-align-center wp-block-heading\"><strong>Reglamento del rifle de silueta de alta potencia:<\/strong><\/h2>\n\n\n\n<p><strong>El rifle de silueta de alta potencia <\/strong>se define como un rifle, calibre 6mm o superior, siempre que no se permitan cartuchos con cintur\u00f3n o magnums, que cumpla las siguientes especificaciones:<\/p>\n\n\n\n<p>(a) Peso m\u00e1ximo 10 libras, 2 onzas, incluyendo miras.<\/p>\n\n\n\n<p>(b) Puede utilizarse cualquier mira, telesc\u00f3pica o met\u00e1lica. Los visores no pueden estar a m\u00e1s de 5 cm por encima del rifle, medidos desde la parte superior de la carcasa hasta la parte inferior del tubo del visor, ni pueden estar desplazados de la l\u00ednea central superior de la carcasa. Se proh\u00edbe cualquier dispositivo de punter\u00eda programado para activar los mecanismos de disparo.<\/p>\n\n\n\n<p>(c) Cualquier detonador no susceptible de descarga accidental. No se permiten los disparadores que funcionan al liberarse. En caso de disparo accidental, el Oficial de Pol\u00edgono exigir\u00e1 el ajuste del gatillo o la sustituci\u00f3n del rifle.<\/p>\n\n\n\n<p>(d) Culata: La culata debe ser de estilo tradicional y no puede estar doblada y\/o torcida para desviarse de las configuraciones convencionales como las culatas de rifle de f\u00e1brica o las culatas de silueta como las fabricadas por Fajen, McMillan, H-S Precision y otros. La delantera, incluidos los soportes y tornillos del guardamonte, no debe superar las 2 1\/4 pulgadas de ancho y las 2 1\/4 pulgadas de profundidad medidas desde la l\u00ednea central del \u00e1nima. Los cargadores no tienen que ajustarse a las medidas de la culata, pero los que se extienden por debajo de la l\u00ednea de la culata no pueden utilizarse como soporte seg\u00fan las reglas 3.I(h) y 3.14. La delantera debe extenderse un m\u00ednimo de 8 pulgadas hacia adelante del borde delantero del anillo receptor. El peine no deber\u00e1 sobrepasar la l\u00ednea central del orificio, pero el rollo Monte Carlo podr\u00e1 elevarse 1\/2 pulgada en el lado opuesto. La cantonera o la cantonera de retroceso no pueden sobrepasar la l\u00ednea inferior de la culata.<\/p>\n\n\n\n<p>(e) Se permiten los accesorios que no hagan que ninguna parte del rifle supere el peso o las dimensiones aqu\u00ed indicadas, siempre que no sobrepasen el extremo del ca\u00f1\u00f3n. Los dispositivos de punter\u00eda no se consideran &#8220;accesorios&#8221;.<\/p>\n\n\n\n<p>(f) El guardamonte debe estar presente y no puede variar de la configuraci\u00f3n convencional con el fin de proporcionar apoyo adicional para el pulgar o la palma de la mano y no debe ser m\u00e1s profundo de 1 5\/16 pulgadas por debajo de la l\u00ednea inferior del guardamonte. (Nota: Las carabinas TIC Contender y los rifles Ruger Single Shot est\u00e1n exentos, siempre que la profundidad adicional del guardamonte no se utilice como apoyo para la palma o el pulgar).<\/p>\n\n\n\n<p>(g) El ca\u00f1\u00f3n no puede ser m\u00e1s largo de 30 pulgadas incluyendo cualquier manguito o accesorio, medido desde la cara del cerrojo cerrado hasta el extremo del ca\u00f1\u00f3n.<\/p>\n\n\n\n<p><\/p>\n\n\n\n<p><strong>El rifle de caza de alta potencia <\/strong>es un rifle de estilo de caza con un peso m\u00e1ximo de 9 libras, incluidas las miras y, en su caso, un cargador o cargador vac\u00edo. El objetivo de esta norma es describir un rifle de caza com\u00fan que cumpla las siguientes especificaciones:<\/p>\n\n\n\n<p>(a) Calibre: 6mm o superior, siempre que no se permitan cartuchos con cintur\u00f3n o magnums.<\/p>\n\n\n\n<p>(b) Miras: puede utilizarse cualquier mira telesc\u00f3pica o met\u00e1lica. Los visores no pueden estar a m\u00e1s de 1,5 pulgadas por encima del rifle, medido desde la parte superior de la carcasa hasta la parte inferior del tubo del visor, ni el visor puede estar desplazado de la l\u00ednea central del \u00e1nima. Excepci\u00f3n: para los fusiles que expulsan la vaina vac\u00eda hacia arriba y que utilizan normalmente un visor desplazado, el visor puede estar desplazado. Se proh\u00edbe cualquier dispositivo de punter\u00eda programado para activar el mecanismo de disparo.<\/p>\n\n\n\n<p>&nbsp;(c) Culata: Una culata de estilo de caza; no se permiten las culatas con orificio para el pulgar. No est\u00e1n permitidos los accesorios, ya sean desmontables o permanentes. Se permiten eslabones giratorios y eslingas, pero las eslingas no pueden utilizarse para apoyar el brazo al disparar. Las dimensiones no pueden exceder las descritas en 3.1(d).<\/p>\n\n\n\n<p>(d) Gatillo: El tir\u00f3n del gatillo no ser\u00e1 inferior a 2 libras. En caso de disparo accidental, los responsables del campo de tiro exigir\u00e1n el ajuste del gatillo o la sustituci\u00f3n del rifle. Los rifles deben estar equipados con un seguro funcional. Todos los dispositivos de seguridad, incluidos los manuales, deben ser funcionales.<\/p>\n\n\n\n<p>(e) Ca\u00f1\u00f3n: Un ca\u00f1\u00f3n contorneado estilo caza que se estrecha desde la rec\u00e1mara hasta la boca del ca\u00f1\u00f3n. No se permiten los barriles de toro. Se permite un afinador de f\u00e1brica que no act\u00fae como freno de boca o compensador. La longitud m\u00e1xima del ca\u00f1\u00f3n es de 26 pulgadas, incluido el afinador. (V\u00e9ase la regla 3.16.1).<\/p>\n\n\n\n<p>(f) Cargadores: Los cargadores no pueden tener m\u00e1s de 5 cartuchos. Excepci\u00f3n: Durante un Shoot Off, la carga de un solo cartucho puede ser utilizada bajo la direcci\u00f3n del Oficial de Rango.<\/p>\n\n\n\n<p class=\"has-text-align-center has-vivid-cyan-blue-color has-text-color\"><strong>Si tiene m\u00e1s preguntas, por favor haga clic en el enlace de abajo al Libro Oficial de Reglas de Silueta de Rifle de la NRA (Revisado en Enero de 2020).<\/strong><\/p>\n\n\n\n<div class=\"wp-block-file aligncenter\"><a id=\"wp-block-file--media-7c38b0fe-734d-4d02-b7e6-ef05aaf09004\" href=\"https:\/\/nassasilhouette.org\/wp-content\/uploads\/2023\/01\/NRA-Silhouette-Rifle-Rulebook-Jan-2020.pdf\">\n  <strong>NRA-Silhouette-Rifle-Rulebook-Enero-2020<\/strong>\n<\/a><a href=\"https:\/\/nassasilhouette.org\/wp-content\/uploads\/2023\/01\/NRA-Silhouette-Rifle-Rulebook-Jan-2020.pdf\" class=\"wp-block-file__button wp-element-button\" download=\"\" aria-describedby=\"wp-block-file--media-7c38b0fe-734d-4d02-b7e6-ef05aaf09004\">Descargar<\/a><\/div>\n\n\n\n<hr class=\"wp-block-separator has-alpha-channel-opacity\">\n\n\n\n<div style=\"height:50px\" aria-hidden=\"true\" class=\"wp-block-spacer\"><\/div>\n\n\n\n<h2 class=\"has-text-align-center wp-block-heading\"><meta charset=\"utf-8\"><strong>Fusiles de gran potencia para competici\u00f3n de siluetas<\/strong><\/h2>\n\n\n\n<div class=\"wp-block-columns is-layout-flex wp-container-core-columns-is-layout-9d6595d7 wp-block-columns-is-layout-flex\">\n<div class=\"wp-block-column is-layout-flow wp-block-column-is-layout-flow\"><div class=\"wp-block-image\">\n<figure class=\"aligncenter size-large is-resized\"><img loading=\"lazy\" decoding=\"async\" src=\"https:\/\/nassasilhouette.org\/wp-content\/uploads\/2023\/01\/UNDER-CONSTRUCTION-1024x497.jpg\" alt=\"\" class=\"wp-image-18439\" width=\"357\" height=\"171\"><\/figure>\n<\/div><\/div>\n\n\n\n<div class=\"wp-block-column is-layout-flow wp-block-column-is-layout-flow\">\n<p class=\"has-text-align-left has-text-color has-normal-font-size\" style=\"color:#ee0707\"><strong>Tenga paciencia con nosotros.<\/strong><\/p>\n\n\n\n<p class=\"has-text-align-left has-text-color has-normal-font-size\" style=\"color:#ee0707\"><strong>Estamos trabajando en esta secci\u00f3n tan r\u00e1pido como podemos.<\/strong><\/p>\n<\/div>\n<\/div>\n\n\n\n<hr class=\"wp-block-separator has-alpha-channel-opacity\">\n","protected":false},"excerpt":{"rendered":"<p>Se trata del abuelo de todas las disciplinas de silueta met\u00e1lica, con el primer match organizado de rifle de silueta met\u00e1lica de alta potencia disputado en Ciudad de M\u00e9xico en 1948. Existen dos clases, &#8220;Standard Rifle&#8221; y &#8220;Hunter Rifle&#8221; sancionadas por la NRA y la SRAC, siendo la principal diferencia el peso del rifle y&hellip; <a class=\"more-link\" href=\"https:\/\/nassasilhouette.org\/es-mx\/sobre-nosotros\/bases-del-concurso\/rifles-de-gran-potencia\/\">Continue reading <span class=\"screen-reader-text\">Rifles de gran potencia<\/span><\/a><\/p>\n","protected":false},"author":4,"featured_media":0,"parent":19530,"menu_order":0,"comment_status":"closed","ping_status":"closed","template":"","meta":{"_acf_changed":false,"footnotes":""},"class_list":["post-19583","page","type-page","status-publish","hentry","entry"],"acf":[],"rttpg_featured_image_url":null,"rttpg_author":{"display_name":"Chris Cawthorne","author_link":"https:\/\/nassasilhouette.org\/es-mx\/author\/cecawthorneyahoo-com\/"},"rttpg_comment":0,"rttpg_category":" <a href=\"https:\/\/nassasilhouette.org\/es-mx\/?taxonomy=translation_priority&#038;term=optional-es-mx\" rel=\"tag\">Optional<\/a>","rttpg_excerpt":"Se trata del abuelo de todas las disciplinas de silueta met\u00e1lica, con el primer match organizado de rifle de silueta met\u00e1lica de alta potencia disputado en Ciudad de M\u00e9xico en 1948. Existen dos clases, &#8220;Standard Rifle&#8221; y &#8220;Hunter Rifle&#8221; sancionadas por la NRA y la SRAC, siendo la principal diferencia el peso del rifle y&hellip;&hellip;","_links":{"self":[{"href":"https:\/\/nassasilhouette.org\/es-mx\/wp-json\/wp\/v2\/pages\/19583","targetHints":{"allow":["GET"]}}],"collection":[{"href":"https:\/\/nassasilhouette.org\/es-mx\/wp-json\/wp\/v2\/pages"}],"about":[{"href":"https:\/\/nassasilhouette.org\/es-mx\/wp-json\/wp\/v2\/types\/page"}],"author":[{"embeddable":true,"href":"https:\/\/nassasilhouette.org\/es-mx\/wp-json\/wp\/v2\/users\/4"}],"replies":[{"embeddable":true,"href":"https:\/\/nassasilhouette.org\/es-mx\/wp-json\/wp\/v2\/comments?post=19583"}],"version-history":[{"count":0,"href":"https:\/\/nassasilhouette.org\/es-mx\/wp-json\/wp\/v2\/pages\/19583\/revisions"}],"up":[{"embeddable":true,"href":"https:\/\/nassasilhouette.org\/es-mx\/wp-json\/wp\/v2\/pages\/19530"}],"wp:attachment":[{"href":"https:\/\/nassasilhouette.org\/es-mx\/wp-json\/wp\/v2\/media?parent=19583"}],"curies":[{"name":"wp","href":"https:\/\/api.w.org\/{rel}","templated":true}]}}