{"id":19581,"date":"2021-11-20T18:08:25","date_gmt":"2021-11-21T00:08:25","guid":{"rendered":"https:\/\/nassasilhouette.org\/biblioteca-tecnica-de-wigger\/blogs-de-la-nassa\/el-juego-fisico\/"},"modified":"2021-11-20T18:08:25","modified_gmt":"2021-11-21T00:08:25","slug":"el-juego-fisico","status":"publish","type":"page","link":"https:\/\/nassasilhouette.org\/es-mx\/biblioteca-tecnica-de-wigger\/blogs-de-la-nassa\/el-juego-fisico\/","title":{"rendered":"El juego f\u00edsico"},"content":{"rendered":"<div class=\"wp-block-image\">\n<figure class=\"aligncenter size-large is-resized\"><img loading=\"lazy\" decoding=\"async\" src=\"https:\/\/nassasilhouette.org\/wp-content\/uploads\/2021\/12\/The-Physical-Game-Banner-1024x419.jpg\" alt=\"\" class=\"wp-image-7604\" width=\"840\" height=\"343\" srcset=\"https:\/\/nassasilhouette.org\/wp-content\/uploads\/2021\/12\/The-Physical-Game-Banner-1024x419.jpg 1024w, https:\/\/nassasilhouette.org\/wp-content\/uploads\/2021\/12\/The-Physical-Game-Banner-300x123.jpg 300w, https:\/\/nassasilhouette.org\/wp-content\/uploads\/2021\/12\/The-Physical-Game-Banner-768x314.jpg 768w, https:\/\/nassasilhouette.org\/wp-content\/uploads\/2021\/12\/The-Physical-Game-Banner-1536x629.jpg 1536w, https:\/\/nassasilhouette.org\/wp-content\/uploads\/2021\/12\/The-Physical-Game-Banner-2048x838.jpg 2048w\" sizes=\"auto, (max-width: 840px) 100vw, 840px\" \/><\/figure>\n<\/div>\n\n\n<div style=\"height:10px\" aria-hidden=\"true\" class=\"wp-block-spacer\"><\/div>\n\n\n\n<p><meta charset=\"utf-8\"><meta charset=\"utf-8\">El an\u00e1lisis y optimizaci\u00f3n de la mec\u00e1nica para minimizar el movimiento del tirador (biomec\u00e1nica) es a lo que nos referimos como <strong>\n  <em>El Juego F\u00edsico.<\/em>\n<\/strong> Cada tirador es \u00fanico, pero la ciencia que hay detr\u00e1s de la optimizaci\u00f3n de la preparaci\u00f3n f\u00edsica y la secuencia de tiro est\u00e1 bien documentada. El soporte \u00f3seo optimizado, la tensi\u00f3n muscular, el equilibrio, la respiraci\u00f3n y el acondicionamiento f\u00edsico general son s\u00f3lo algunos de los elementos que componen <strong>\n  <em>El juego f\u00edsico<\/em>\n<\/strong>. Todos los elementos deben trabajar conjuntamente con los elementos de <strong>\n  <em>El juego mental<\/em>\n<\/strong> para optimizar cada golpe realizado.<\/p>\n\n\n\n<p><meta charset=\"utf-8\">En nuestra serie continua de <em>\n  <strong>Blogs sobre el juego f\u00edsico<\/strong>\n<\/em>exploraremos c\u00f3mo muchos de nuestros mejores tiradores se entrenan f\u00edsicamente y llevan esos resultados del entrenamiento al rendimiento subconsciente en los Campeonatos.<\/p>\n\n\n\n<blockquote class=\"wp-block-quote has-text-align-center is-style-default is-layout-flow wp-block-quote-is-layout-flow\">\n<p>La idea que subyace al tiro en seco es trabajar las habilidades t\u00e9cnicas y mec\u00e1nicas y utilizar la informaci\u00f3n obtenida para orientarse. Esencialmente, el tiro en seco a trav\u00e9s de cambios y experimentos es una gran herramienta que no s\u00f3lo es conveniente de emplear, sino tambi\u00e9n una que realmente se centra en la actividad.<\/p>\n<cite>David Tubb &#8211;<em> &#8220;El tirador del rifle<\/em>&#8220;<\/cite><\/blockquote>\n\n\n\n<hr class=\"wp-block-separator has-alpha-channel-opacity\">\n\n\n\n\t\t\t\t<div class=\"blog-recent-posts-title\">\n\t\t\t\t\tOur Latest Posts\n\t\t\t\t<\/div>\n\t\t\t\t<ul class=\"blog-recent-posts\">\n\t\t\t\t\t\t\t\t  \t\t\t\t\t\n\t\t\t\t\t\t<li class=\"blog-recent-post\">\n\t\t\t\t\t\t\t<a class=\"blog-recent-post-link-group\" href=\"https:\/\/nassasilhouette.org\/es-mx\/preparacion-alimentacion-ajuste-de-la-posicion-y-silueta-ar\/\">\n\t\t\t\t\t\t\t\t<div class=\"blog-recent-post-link-image\" style=\"background-image:url(https:\/\/nassasilhouette.org\/wp-content\/uploads\/2022\/12\/Rifle-Silhoueyye-Report-Logo.jpg)\"><\/div>\n\t\t\t\t\t\t\t\t<div class=\"blog-recent-post-link-title\">Preparaci\u00f3n, alimentaci\u00f3n, ajuste de la posici\u00f3n y silueta AR<\/div>\n\t\t\t\t\t\t\t<\/a>\n\t\t\t\t\t\t\t\n\t\t\t\t\t\t\t\t\t\t\t\t\t\t\n\t\t\t\t\t\t\t<div class=\"blog-recent-post-author\">By Chris Cawthorne<\/div>\n\t\t\t\t\t\t\t<div class=\"blog-recent-post-date\"><i class=\"fa fa-calendar\"><\/i><span>December 20, 2022<\/span><\/div>\n\t\t\t\t\t\t\t<div class=\"blog-recent-post-excerpt\">\n\t\t\t\t\t\t\t\t<p>&#8220;Nunca a lo largo de la historia un hombre que haya vivido una vida f\u00e1cil ha dejado un nombre digno de ser recordado&#8221;. &#8211; Theodore Roosevelt He dicho varias veces que el mejor uso de este bolet\u00edn es tomar sus preguntas e ideas y proporcionar algunas respuestas y respuestas para hacernos pensar, hablar y hacer&hellip; <a class=\"more-link\" href=\"https:\/\/nassasilhouette.org\/es-mx\/preparacion-alimentacion-ajuste-de-la-posicion-y-silueta-ar\/\">Continue reading <span class=\"screen-reader-text\">Preparaci\u00f3n, alimentaci\u00f3n, ajuste de la posici\u00f3n y silueta AR<\/span><\/a><\/p>\n\t\t\t\t\t\t\t<\/div>\n\t\t\t\t\t\t\t<a class=\"blog-recent-post-cta\" href=\"https:\/\/nassasilhouette.org\/es-mx\/preparacion-alimentacion-ajuste-de-la-posicion-y-silueta-ar\/\">Read More<\/a>\t\n\t\t\t\t\t\t<\/li>\n\n\t\t\t\t  \t\t\t\t\t\n\t\t\t\t\t\t<li class=\"blog-recent-post\">\n\t\t\t\t\t\t\t<a class=\"blog-recent-post-link-group\" href=\"https:\/\/nassasilhouette.org\/es-mx\/nuevos-blogs-proximamente-3\/\">\n\t\t\t\t\t\t\t\t<div class=\"blog-recent-post-link-image\" style=\"background-image:url(https:\/\/nassasilhouette.org\/wp-content\/uploads\/2021\/12\/The-Physical-Game-Square-4.jpg)\"><\/div>\n\t\t\t\t\t\t\t\t<div class=\"blog-recent-post-link-title\">Nuevos blogs pr\u00f3ximamente<\/div>\n\t\t\t\t\t\t\t<\/a>\n\t\t\t\t\t\t\t\n\t\t\t\t\t\t\t\t\t\t\t\t\t\t\n\t\t\t\t\t\t\t<div class=\"blog-recent-post-author\">By Chris Cawthorne<\/div>\n\t\t\t\t\t\t\t<div class=\"blog-recent-post-date\"><i class=\"fa fa-calendar\"><\/i><span>November 25, 2021<\/span><\/div>\n\t\t\t\t\t\t\t<div class=\"blog-recent-post-excerpt\">\n\t\t\t\t\t\t\t\t<p>Tenga paciencia &#8211; nuestros blogueros est\u00e1n trabajando actualmente en la redacci\u00f3n de nuevos blogs&#8230;.<\/p>\n\t\t\t\t\t\t\t<\/div>\n\t\t\t\t\t\t\t<a class=\"blog-recent-post-cta\" href=\"https:\/\/nassasilhouette.org\/es-mx\/nuevos-blogs-proximamente-3\/\">Read More<\/a>\t\n\t\t\t\t\t\t<\/li>\n\n\t\t\t\t  \t\t\t\t  \n\t\t\t\t\t\t\t\t<\/ul>\n\n\t\t\t\t\n","protected":false},"excerpt":{"rendered":"<p>El an\u00e1lisis y optimizaci\u00f3n de la mec\u00e1nica para minimizar el movimiento del tirador (biomec\u00e1nica) es a lo que nos referimos como El Juego F\u00edsico. Cada tirador es \u00fanico, pero la ciencia que hay detr\u00e1s de la optimizaci\u00f3n de la preparaci\u00f3n f\u00edsica y la secuencia de tiro est\u00e1 bien documentada. El soporte \u00f3seo optimizado, la tensi\u00f3n&hellip; <a class=\"more-link\" href=\"https:\/\/nassasilhouette.org\/es-mx\/nuevos-blogs-proximamente-3\/\">Continue reading <span class=\"screen-reader-text\">Nuevos blogs pr\u00f3ximamente<\/span><\/a><\/p>\n","protected":false},"author":4,"featured_media":0,"parent":19574,"menu_order":0,"comment_status":"closed","ping_status":"closed","template":"","meta":{"_acf_changed":false,"footnotes":""},"class_list":["post-19581","page","type-page","status-publish","hentry","entry"],"acf":[],"rttpg_featured_image_url":null,"rttpg_author":{"display_name":"Chris Cawthorne","author_link":"https:\/\/nassasilhouette.org\/es-mx\/author\/cecawthorneyahoo-com\/"},"rttpg_comment":0,"rttpg_category":"","rttpg_excerpt":"El an\u00e1lisis y optimizaci\u00f3n de la mec\u00e1nica para minimizar el movimiento del tirador (biomec\u00e1nica) es a lo que nos referimos como El Juego F\u00edsico. Cada tirador es \u00fanico, pero la ciencia que hay detr\u00e1s de la optimizaci\u00f3n de la preparaci\u00f3n f\u00edsica y la secuencia de tiro est\u00e1 bien documentada. El soporte \u00f3seo optimizado, la tensi\u00f3n&hellip;&hellip;","_links":{"self":[{"href":"https:\/\/nassasilhouette.org\/es-mx\/wp-json\/wp\/v2\/pages\/19581","targetHints":{"allow":["GET"]}}],"collection":[{"href":"https:\/\/nassasilhouette.org\/es-mx\/wp-json\/wp\/v2\/pages"}],"about":[{"href":"https:\/\/nassasilhouette.org\/es-mx\/wp-json\/wp\/v2\/types\/page"}],"author":[{"embeddable":true,"href":"https:\/\/nassasilhouette.org\/es-mx\/wp-json\/wp\/v2\/users\/4"}],"replies":[{"embeddable":true,"href":"https:\/\/nassasilhouette.org\/es-mx\/wp-json\/wp\/v2\/comments?post=19581"}],"version-history":[{"count":0,"href":"https:\/\/nassasilhouette.org\/es-mx\/wp-json\/wp\/v2\/pages\/19581\/revisions"}],"up":[{"embeddable":true,"href":"https:\/\/nassasilhouette.org\/es-mx\/wp-json\/wp\/v2\/pages\/19574"}],"wp:attachment":[{"href":"https:\/\/nassasilhouette.org\/es-mx\/wp-json\/wp\/v2\/media?parent=19581"}],"curies":[{"name":"wp","href":"https:\/\/api.w.org\/{rel}","templated":true}]}}