{"id":19580,"date":"2021-12-31T10:47:56","date_gmt":"2021-12-31T16:47:56","guid":{"rendered":"https:\/\/nassasilhouette.org\/resultados-del-campeonato\/resultados-del-campeonato-de-canada\/"},"modified":"2024-04-11T22:55:00","modified_gmt":"2024-04-12T03:55:00","slug":"resultados-del-campeonato-de-canada","status":"publish","type":"page","link":"https:\/\/nassasilhouette.org\/es-mx\/resultados-del-campeonato\/resultados-del-campeonato-de-canada\/","title":{"rendered":"Resultados del Campeonato de Canad\u00e1"},"content":{"rendered":"\n<div style=\"height:20px\" aria-hidden=\"true\" class=\"wp-block-spacer\"><\/div>\n\n\n\n<div class=\"wp-block-media-text alignwide has-media-on-the-right is-stacked-on-mobile\" style=\"grid-template-columns:auto 57%\"><div class=\"wp-block-media-text__content\">\n<p><meta charset=\"utf-8\">A continuaci\u00f3n encontrar\u00e1 los resultados de los campeonatos de Canad\u00e1 (sancionados por SRAC y afiliados), as\u00ed como enlaces a los perfiles de los clubes de armas anfitriones. Su equipo de implementaci\u00f3n de NASSA est\u00e1 trabajando duro para capturar todos los resultados conocidos de los partidos del campeonato de manera oportuna a medida que lanzamos el sitio web de NASSA.<\/p>\n<\/div><figure class=\"wp-block-media-text__media\"><img loading=\"lazy\" decoding=\"async\" width=\"1024\" height=\"693\" src=\"https:\/\/nassasilhouette.org\/wp-content\/uploads\/2021\/12\/Canada-Provicnes-Map-1024x693.png\" alt=\"\" class=\"wp-image-8074 size-full\" srcset=\"https:\/\/nassasilhouette.org\/wp-content\/uploads\/2021\/12\/Canada-Provicnes-Map-1024x693.png 1024w, https:\/\/nassasilhouette.org\/wp-content\/uploads\/2021\/12\/Canada-Provicnes-Map-300x203.png 300w, https:\/\/nassasilhouette.org\/wp-content\/uploads\/2021\/12\/Canada-Provicnes-Map-768x520.png 768w, https:\/\/nassasilhouette.org\/wp-content\/uploads\/2021\/12\/Canada-Provicnes-Map-1536x1039.png 1536w, https:\/\/nassasilhouette.org\/wp-content\/uploads\/2021\/12\/Canada-Provicnes-Map-2048x1386.png 2048w\" sizes=\"auto, (max-width: 1024px) 100vw, 1024px\" \/><\/figure><\/div>\n\n\n\n<div style=\"height:10px\" aria-hidden=\"true\" class=\"wp-block-spacer\"><\/div>\n\n\n\n<p class=\"has-text-align-center has-vivid-cyan-blue-color has-text-color\"><strong>Directores de Partidos &#8211; Si no ves los resultados de tu Partido de Campeonato, ponte en contacto con tu Director Provincial, publ\u00edcalo en NASSA Facebook, NASSA Forum o haz clic en el enlace de abajo<\/strong>:<\/p>\n\n\n\n<div class=\"wp-block-buttons is-horizontal is-content-justification-center is-layout-flex wp-container-core-buttons-is-layout-499968f5 wp-block-buttons-is-layout-flex\">\n<div class=\"wp-block-button has-custom-font-size has-small-font-size\"><a class=\"wp-block-button__link has-vivid-cyan-blue-background-color has-background wp-element-button\" href=\"https:\/\/nassasilhouette.org\/about-us\/contact-us\/\"><strong>CONTACTAR CON NOSOTROS<\/strong><\/a><\/div>\n<\/div>\n\n\n\n<hr class=\"wp-block-separator has-alpha-channel-opacity\">\n\n\n\n<div style=\"height:49px\" aria-hidden=\"true\" class=\"wp-block-spacer\"><\/div>\n\n\n<div class=\"wp-block-image\">\n<figure class=\"aligncenter size-large\"><img loading=\"lazy\" decoding=\"async\" width=\"1024\" height=\"184\" src=\"https:\/\/nassasilhouette.org\/wp-content\/uploads\/2022\/12\/2023-Championship-Results-Banner-1024x184.png\" alt=\"\" class=\"wp-image-16677\" srcset=\"https:\/\/nassasilhouette.org\/wp-content\/uploads\/2022\/12\/2023-Championship-Results-Banner-1024x184.png 1024w, https:\/\/nassasilhouette.org\/wp-content\/uploads\/2022\/12\/2023-Championship-Results-Banner-300x54.png 300w, https:\/\/nassasilhouette.org\/wp-content\/uploads\/2022\/12\/2023-Championship-Results-Banner-768x138.png 768w, https:\/\/nassasilhouette.org\/wp-content\/uploads\/2022\/12\/2023-Championship-Results-Banner-1536x277.png 1536w, https:\/\/nassasilhouette.org\/wp-content\/uploads\/2022\/12\/2023-Championship-Results-Banner-2048x369.png 2048w, https:\/\/nassasilhouette.org\/wp-content\/uploads\/2022\/12\/2023-Championship-Results-Banner-1568x282.png 1568w\" sizes=\"auto, (max-width: 1024px) 100vw, 1024px\" \/><\/figure>\n<\/div>\n\n\n<div style=\"height:10px\" aria-hidden=\"true\" class=\"wp-block-spacer\"><\/div>\n\n\n\n<p>Publicaremos todos los resultados del Campeonato de Canad\u00e1 2023 a medida que recibamos la informaci\u00f3n. <strong>Directores de partidos &#8211; \u00bfNo ve sus partidos\/resultados en la lista? <\/strong>P\u00f3ngase en contacto con nosotros en <strong>\n  <em>CONT\u00c1CTENOS<\/em>\n<\/strong> arriba.<\/p>\n\n\n\n<p><span style=\"background-color: var(--global--color-background); color: var(--global--color-primary); font-family: var(--global--font-secondary); font-size: revert;\"><strong style=\"color: rgb(221, 16, 16); font-size: revert; text-align: center; background-color: var(--global--color-background); font-family: var(--global--font-secondary);\">A continuaci\u00f3n seguiremos publicando los resultados del Campeonato de Canad\u00e1 2022. Puede consultar estas puntuaciones para evaluar su pr\u00f3xima competici\u00f3n.<\/strong><\/span> <\/p>\n\n\n<div class=\"wp-block-image\">\n<figure class=\"aligncenter size-large\"><img loading=\"lazy\" decoding=\"async\" width=\"1024\" height=\"182\" src=\"https:\/\/nassasilhouette.org\/wp-content\/uploads\/2022\/12\/2023-SRAC-National-Championships-Banner-1-1024x182.png\" alt=\"\" class=\"wp-image-16694\" srcset=\"https:\/\/nassasilhouette.org\/wp-content\/uploads\/2022\/12\/2023-SRAC-National-Championships-Banner-1-1024x182.png 1024w, https:\/\/nassasilhouette.org\/wp-content\/uploads\/2022\/12\/2023-SRAC-National-Championships-Banner-1-300x53.png 300w, https:\/\/nassasilhouette.org\/wp-content\/uploads\/2022\/12\/2023-SRAC-National-Championships-Banner-1-768x136.png 768w, https:\/\/nassasilhouette.org\/wp-content\/uploads\/2022\/12\/2023-SRAC-National-Championships-Banner-1-1536x272.png 1536w, https:\/\/nassasilhouette.org\/wp-content\/uploads\/2022\/12\/2023-SRAC-National-Championships-Banner-1-2048x363.png 2048w, https:\/\/nassasilhouette.org\/wp-content\/uploads\/2022\/12\/2023-SRAC-National-Championships-Banner-1-1568x278.png 1568w\" sizes=\"auto, (max-width: 1024px) 100vw, 1024px\" \/><\/figure>\n<\/div>\n\n\n<div class=\"wp-block-media-text alignwide is-stacked-on-mobile\" style=\"grid-template-columns:18% auto\"><figure class=\"wp-block-media-text__media\"><img loading=\"lazy\" decoding=\"async\" width=\"557\" height=\"1024\" src=\"https:\/\/nassasilhouette.org\/wp-content\/uploads\/2023\/02\/Monarch-Bull-River-Logo-557x1024.png\" alt=\"\" class=\"wp-image-19842 size-full\" srcset=\"https:\/\/nassasilhouette.org\/wp-content\/uploads\/2023\/02\/Monarch-Bull-River-Logo-557x1024.png 557w, https:\/\/nassasilhouette.org\/wp-content\/uploads\/2023\/02\/Monarch-Bull-River-Logo-163x300.png 163w, https:\/\/nassasilhouette.org\/wp-content\/uploads\/2023\/02\/Monarch-Bull-River-Logo-768x1412.png 768w, https:\/\/nassasilhouette.org\/wp-content\/uploads\/2023\/02\/Monarch-Bull-River-Logo-835x1536.png 835w, https:\/\/nassasilhouette.org\/wp-content\/uploads\/2023\/02\/Monarch-Bull-River-Logo.png 1109w\" sizes=\"auto, (max-width: 557px) 100vw, 557px\" \/><\/figure><div class=\"wp-block-media-text__content\">\n<p><strong>2023 SRAC Canadian Silhouette Smallbore Nationals<\/strong><\/p>\n\n\n\n<p><strong>25-27 de junio de 2023<\/strong><\/p>\n\n\n\n<p class=\"has-text-color\" style=\"color:#f00808\"><strong>Resultados pendientes<\/strong><\/p>\n\n\n\n<div class=\"wp-block-columns is-layout-flex wp-container-core-columns-is-layout-9d6595d7 wp-block-columns-is-layout-flex\">\n<div class=\"wp-block-column is-layout-flow wp-block-column-is-layout-flow\">\n<div class=\"wp-block-file\"><a id=\"wp-block-file--media-aa2fb1ea-bc09-4fc1-af99-8f9a833e7aa1\" href=\"https:\/\/nassasilhouette.org\/wp-content\/uploads\/2023\/07\/2023-Canada-Nationals-SB-Standard-Rifle-Aggregate-Results.pdf\">\n  <strong>Resultados de rifle est\u00e1ndar<\/strong>\n<\/a><a href=\"https:\/\/nassasilhouette.org\/wp-content\/uploads\/2023\/07\/2023-Canada-Nationals-SB-Standard-Rifle-Aggregate-Results.pdf\" class=\"wp-block-file__button wp-element-button\" download=\"\" aria-describedby=\"wp-block-file--media-aa2fb1ea-bc09-4fc1-af99-8f9a833e7aa1\">Descargar<\/a><\/div>\n<\/div>\n\n\n\n<div class=\"wp-block-column is-layout-flow wp-block-column-is-layout-flow\">\n<div class=\"wp-block-file\"><a id=\"wp-block-file--media-06765f21-72bd-43d2-8b18-84b41adbd6be\" href=\"https:\/\/nassasilhouette.org\/wp-content\/uploads\/2023\/07\/2023-Canada-Nationals-Hunter-Rifle-Aggregate-Results.pdf\">\n  <strong>Resultados de Rifle de Caza<\/strong>\n<\/a><a href=\"https:\/\/nassasilhouette.org\/wp-content\/uploads\/2023\/07\/2023-Canada-Nationals-Hunter-Rifle-Aggregate-Results.pdf\" class=\"wp-block-file__button wp-element-button\" download=\"\" aria-describedby=\"wp-block-file--media-06765f21-72bd-43d2-8b18-84b41adbd6be\">Descargar<\/a><\/div>\n<\/div>\n<\/div>\n<\/div><\/div>\n\n\n\n<hr class=\"wp-block-separator has-alpha-channel-opacity\">\n\n\n\n<div class=\"wp-block-media-text alignwide is-stacked-on-mobile\" style=\"grid-template-columns:18% auto\"><figure class=\"wp-block-media-text__media\"><img loading=\"lazy\" decoding=\"async\" width=\"434\" height=\"434\" src=\"https:\/\/nassasilhouette.org\/wp-content\/uploads\/2022\/01\/Bull-River-Logo.png\" alt=\"\" class=\"wp-image-9756 size-full\" srcset=\"https:\/\/nassasilhouette.org\/wp-content\/uploads\/2022\/01\/Bull-River-Logo.png 434w, https:\/\/nassasilhouette.org\/wp-content\/uploads\/2022\/01\/Bull-River-Logo-300x300.png 300w, https:\/\/nassasilhouette.org\/wp-content\/uploads\/2022\/01\/Bull-River-Logo-150x150.png 150w\" sizes=\"auto, (max-width: 434px) 100vw, 434px\" \/><\/figure><div class=\"wp-block-media-text__content\">\n<p><strong>2023 SRAC Canadian Silhouette Highpower Nationals<\/strong><\/p>\n\n\n\n<p><strong>28 de junio-1 de julio de 2023<\/strong><\/p>\n\n\n\n<div class=\"wp-block-file\"><a id=\"wp-block-file--media-bc504be3-10c8-46e2-b23f-cccbeabfd416\" href=\"https:\/\/nassasilhouette.org\/wp-content\/uploads\/2023\/07\/2023-Canada-HP-National-Championship.pdf\">\n  <strong>RESULTADOS HP STANDARD Y HUNTER<\/strong>\n<\/a><a href=\"https:\/\/nassasilhouette.org\/wp-content\/uploads\/2023\/07\/2023-Canada-HP-National-Championship.pdf\" class=\"wp-block-file__button wp-element-button\" download=\"\" aria-describedby=\"wp-block-file--media-bc504be3-10c8-46e2-b23f-cccbeabfd416\">Descargar<\/a><\/div>\n<\/div><\/div>\n\n\n\n<hr class=\"wp-block-separator has-alpha-channel-opacity\">\n\n\n\n<div style=\"height:30px\" aria-hidden=\"true\" class=\"wp-block-spacer\"><\/div>\n\n\n<div class=\"wp-block-image\">\n<figure class=\"aligncenter size-large\"><img loading=\"lazy\" decoding=\"async\" width=\"1024\" height=\"182\" src=\"https:\/\/nassasilhouette.org\/wp-content\/uploads\/2022\/12\/2023-SRAC-Provincial-Championships-Banner-1024x182.png\" alt=\"\" class=\"wp-image-16700\" srcset=\"https:\/\/nassasilhouette.org\/wp-content\/uploads\/2022\/12\/2023-SRAC-Provincial-Championships-Banner-1024x182.png 1024w, https:\/\/nassasilhouette.org\/wp-content\/uploads\/2022\/12\/2023-SRAC-Provincial-Championships-Banner-300x53.png 300w, https:\/\/nassasilhouette.org\/wp-content\/uploads\/2022\/12\/2023-SRAC-Provincial-Championships-Banner-768x136.png 768w, https:\/\/nassasilhouette.org\/wp-content\/uploads\/2022\/12\/2023-SRAC-Provincial-Championships-Banner-1536x272.png 1536w, https:\/\/nassasilhouette.org\/wp-content\/uploads\/2022\/12\/2023-SRAC-Provincial-Championships-Banner-2048x363.png 2048w, https:\/\/nassasilhouette.org\/wp-content\/uploads\/2022\/12\/2023-SRAC-Provincial-Championships-Banner-1568x278.png 1568w\" sizes=\"auto, (max-width: 1024px) 100vw, 1024px\" \/><\/figure>\n<\/div>\n\n\n<p class=\"has-text-align-center has-normal-font-size\"><strong>(A\u00fan no se han recibido notificaciones de pr\u00f3ximos partidos)<\/strong><\/p>\n\n\n\n<hr class=\"wp-block-separator has-alpha-channel-opacity\">\n\n\n\n<div style=\"height:49px\" aria-hidden=\"true\" class=\"wp-block-spacer\"><\/div>\n\n\n<div class=\"wp-block-image\">\n<figure class=\"aligncenter size-large\"><img loading=\"lazy\" decoding=\"async\" width=\"1024\" height=\"184\" src=\"https:\/\/nassasilhouette.org\/wp-content\/uploads\/2022\/12\/2022-Canada-Championship-Results-Banner-1024x184.png\" alt=\"\" class=\"wp-image-16675\" srcset=\"https:\/\/nassasilhouette.org\/wp-content\/uploads\/2022\/12\/2022-Canada-Championship-Results-Banner-1024x184.png 1024w, https:\/\/nassasilhouette.org\/wp-content\/uploads\/2022\/12\/2022-Canada-Championship-Results-Banner-300x54.png 300w, https:\/\/nassasilhouette.org\/wp-content\/uploads\/2022\/12\/2022-Canada-Championship-Results-Banner-768x138.png 768w, https:\/\/nassasilhouette.org\/wp-content\/uploads\/2022\/12\/2022-Canada-Championship-Results-Banner-1536x277.png 1536w, https:\/\/nassasilhouette.org\/wp-content\/uploads\/2022\/12\/2022-Canada-Championship-Results-Banner-2048x369.png 2048w, https:\/\/nassasilhouette.org\/wp-content\/uploads\/2022\/12\/2022-Canada-Championship-Results-Banner-1568x282.png 1568w\" sizes=\"auto, (max-width: 1024px) 100vw, 1024px\" \/><\/figure>\n<\/div>\n\n\n<div style=\"height:10px\" aria-hidden=\"true\" class=\"wp-block-spacer\"><\/div>\n\n\n\n<div style=\"height:30px\" aria-hidden=\"true\" class=\"wp-block-spacer\"><\/div>\n\n\n<div class=\"wp-block-image\">\n<figure class=\"aligncenter size-large\"><img loading=\"lazy\" decoding=\"async\" width=\"1024\" height=\"182\" src=\"https:\/\/nassasilhouette.org\/wp-content\/uploads\/2022\/12\/2022-SRAC-National-Championships-Banner-1024x182.png\" alt=\"\" class=\"wp-image-16684\" srcset=\"https:\/\/nassasilhouette.org\/wp-content\/uploads\/2022\/12\/2022-SRAC-National-Championships-Banner-1024x182.png 1024w, https:\/\/nassasilhouette.org\/wp-content\/uploads\/2022\/12\/2022-SRAC-National-Championships-Banner-300x53.png 300w, https:\/\/nassasilhouette.org\/wp-content\/uploads\/2022\/12\/2022-SRAC-National-Championships-Banner-768x136.png 768w, https:\/\/nassasilhouette.org\/wp-content\/uploads\/2022\/12\/2022-SRAC-National-Championships-Banner-1536x272.png 1536w, https:\/\/nassasilhouette.org\/wp-content\/uploads\/2022\/12\/2022-SRAC-National-Championships-Banner-2048x363.png 2048w, https:\/\/nassasilhouette.org\/wp-content\/uploads\/2022\/12\/2022-SRAC-National-Championships-Banner-1568x278.png 1568w\" sizes=\"auto, (max-width: 1024px) 100vw, 1024px\" \/><\/figure>\n<\/div>\n\n\n<p class=\"has-text-align-center has-normal-font-size\"><strong>(No se celebrar\u00e1 ning\u00fan Campeonato Nacional en 2022)<\/strong><\/p>\n\n\n\n<hr class=\"wp-block-separator has-alpha-channel-opacity\">\n\n\n\n<div style=\"height:30px\" aria-hidden=\"true\" class=\"wp-block-spacer\"><\/div>\n\n\n<div class=\"wp-block-image\">\n<figure class=\"aligncenter size-large\"><img loading=\"lazy\" decoding=\"async\" width=\"1024\" height=\"182\" src=\"https:\/\/nassasilhouette.org\/wp-content\/uploads\/2022\/12\/2022-SRAC-national-Championships-1024x182.png\" alt=\"\" class=\"wp-image-16687\" srcset=\"https:\/\/nassasilhouette.org\/wp-content\/uploads\/2022\/12\/2022-SRAC-national-Championships-1024x182.png 1024w, https:\/\/nassasilhouette.org\/wp-content\/uploads\/2022\/12\/2022-SRAC-national-Championships-300x53.png 300w, https:\/\/nassasilhouette.org\/wp-content\/uploads\/2022\/12\/2022-SRAC-national-Championships-768x136.png 768w, https:\/\/nassasilhouette.org\/wp-content\/uploads\/2022\/12\/2022-SRAC-national-Championships-1536x272.png 1536w, https:\/\/nassasilhouette.org\/wp-content\/uploads\/2022\/12\/2022-SRAC-national-Championships-2048x363.png 2048w, https:\/\/nassasilhouette.org\/wp-content\/uploads\/2022\/12\/2022-SRAC-national-Championships-1568x278.png 1568w\" sizes=\"auto, (max-width: 1024px) 100vw, 1024px\" \/><\/figure>\n<\/div>\n\n\n<div class=\"wp-block-media-text alignwide is-stacked-on-mobile\" style=\"grid-template-columns:18% auto\"><figure class=\"wp-block-media-text__media\"><img loading=\"lazy\" decoding=\"async\" width=\"281\" height=\"292\" src=\"https:\/\/nassasilhouette.org\/wp-content\/uploads\/2022\/01\/Rosebu-Logo.gif\" alt=\"\" class=\"wp-image-9904 size-full\"><\/figure><div class=\"wp-block-media-text__content\">\n<p><strong>2022 AMSA Campeonato Provincial de Rifle de Silueta de Alta Potencia<\/strong><\/p>\n\n\n\n<p><strong>23 y 24 de julio de 2022<\/strong><\/p>\n\n\n\n<div class=\"wp-block-columns is-layout-flex wp-container-core-columns-is-layout-9d6595d7 wp-block-columns-is-layout-flex\">\n<div class=\"wp-block-column is-layout-flow wp-block-column-is-layout-flow\">\n<div class=\"wp-block-file\"><a id=\"wp-block-file--media-436f6cd1-f9e9-4cd0-87d8-f8055efee163\" href=\"https:\/\/nassasilhouette.org\/wp-content\/uploads\/2022\/12\/2022-HP-Standard-AMSA-results.pdf\">\n  <strong>RESULTADOS RIFLE STD<\/strong>\n<\/a><a href=\"https:\/\/nassasilhouette.org\/wp-content\/uploads\/2022\/12\/2022-HP-Standard-AMSA-results.pdf\" class=\"wp-block-file__button wp-element-button\" download=\"\" aria-describedby=\"wp-block-file--media-436f6cd1-f9e9-4cd0-87d8-f8055efee163\">Descargar<\/a><\/div>\n<\/div>\n\n\n\n<div class=\"wp-block-column is-layout-flow wp-block-column-is-layout-flow\">\n<div class=\"wp-block-file\"><a id=\"wp-block-file--media-51ef62fc-3183-4d2a-acf8-d6694d0efc1a\" href=\"https:\/\/nassasilhouette.org\/wp-content\/uploads\/2022\/12\/2022-HP-Hunter-AMSA-results.pdf\">\n  <strong>RESULTADOS RIFLE HTR<\/strong>\n<\/a><a href=\"https:\/\/nassasilhouette.org\/wp-content\/uploads\/2022\/12\/2022-HP-Hunter-AMSA-results.pdf\" class=\"wp-block-file__button wp-element-button\" download=\"\" aria-describedby=\"wp-block-file--media-51ef62fc-3183-4d2a-acf8-d6694d0efc1a\">Descargar<\/a><\/div>\n<\/div>\n<\/div>\n<\/div><\/div>\n\n\n\n<hr class=\"wp-block-separator has-alpha-channel-opacity\">\n\n\n\n<div class=\"wp-block-media-text alignwide is-stacked-on-mobile\" style=\"grid-template-columns:17% auto\"><figure class=\"wp-block-media-text__media\"><img loading=\"lazy\" decoding=\"async\" width=\"340\" height=\"224\" src=\"https:\/\/nassasilhouette.org\/wp-content\/uploads\/2022\/01\/Prince-George-Logo.png\" alt=\"\" class=\"wp-image-9784 size-full\" srcset=\"https:\/\/nassasilhouette.org\/wp-content\/uploads\/2022\/01\/Prince-George-Logo.png 340w, https:\/\/nassasilhouette.org\/wp-content\/uploads\/2022\/01\/Prince-George-Logo-300x198.png 300w\" sizes=\"auto, (max-width: 340px) 100vw, 340px\" \/><\/figure><div class=\"wp-block-media-text__content\">\n<p><strong>2022 Campeonato Provincial de Silueta de BC&nbsp;<\/strong><\/p>\n\n\n\n<p><strong>30 de julio &#8211; 2 de agosto de 2022<\/strong><\/p>\n\n\n\n<p class=\"has-text-color\" style=\"color:#f20808\"><strong>(PARTIDO ANULADO)<\/strong><\/p>\n<\/div><\/div>\n\n\n\n<hr class=\"wp-block-separator has-alpha-channel-opacity\">\n\n\n\n<div class=\"wp-block-media-text alignwide is-stacked-on-mobile\" style=\"grid-template-columns:17% auto\"><figure class=\"wp-block-media-text__media\"><img loading=\"lazy\" decoding=\"async\" width=\"964\" height=\"940\" src=\"https:\/\/nassasilhouette.org\/wp-content\/uploads\/2022\/01\/Taber-Logo.png\" alt=\"\" class=\"wp-image-9902 size-full\" srcset=\"https:\/\/nassasilhouette.org\/wp-content\/uploads\/2022\/01\/Taber-Logo.png 964w, https:\/\/nassasilhouette.org\/wp-content\/uploads\/2022\/01\/Taber-Logo-300x293.png 300w, https:\/\/nassasilhouette.org\/wp-content\/uploads\/2022\/01\/Taber-Logo-768x749.png 768w\" sizes=\"auto, (max-width: 964px) 100vw, 964px\" \/><\/figure><div class=\"wp-block-media-text__content\">\n<p><strong>2022 AMSA Provincial Smallbore Silhouette Championships  <\/strong><\/p>\n\n\n\n<p><strong>3 y 4 de septiembre de 2022<\/strong><\/p>\n\n\n\n<div class=\"wp-block-columns is-layout-flex wp-container-core-columns-is-layout-9d6595d7 wp-block-columns-is-layout-flex\">\n<div class=\"wp-block-column is-layout-flow wp-block-column-is-layout-flow\">\n<div class=\"wp-block-file\"><a id=\"wp-block-file--media-db79345b-fdc3-4418-8a85-862b59ef4186\" href=\"https:\/\/nassasilhouette.org\/wp-content\/uploads\/2022\/12\/2022-Provincial-Smallbore-Silhouette-Final-Results.pdf\">\n  <strong>RESULTADOS DE LAS ETS<\/strong>\n<\/a><a href=\"https:\/\/nassasilhouette.org\/wp-content\/uploads\/2022\/12\/2022-Provincial-Smallbore-Silhouette-Final-Results.pdf\" class=\"wp-block-file__button wp-element-button\" download=\"\" aria-describedby=\"wp-block-file--media-db79345b-fdc3-4418-8a85-862b59ef4186\">Descargar<\/a><\/div>\n<\/div>\n\n\n\n<div class=\"wp-block-column is-layout-flow wp-block-column-is-layout-flow\">\n<div class=\"wp-block-file\"><a id=\"wp-block-file--media-1472100e-022f-493a-baf7-9331d98f2b84\" href=\"https:\/\/nassasilhouette.org\/wp-content\/uploads\/2022\/12\/2022-Provisional-Smallbore-Hunting-Final-Results.pdf\">\n  <strong>RESULTADOS DE HTR<\/strong>\n<\/a><a href=\"https:\/\/nassasilhouette.org\/wp-content\/uploads\/2022\/12\/2022-Provisional-Smallbore-Hunting-Final-Results.pdf\" class=\"wp-block-file__button wp-element-button\" download=\"\" aria-describedby=\"wp-block-file--media-1472100e-022f-493a-baf7-9331d98f2b84\">Descargar<\/a><\/div>\n<\/div>\n<\/div>\n<\/div><\/div>\n\n\n\n<hr class=\"wp-block-separator has-alpha-channel-opacity\">\n\n\n\n<div style=\"height:50px\" aria-hidden=\"true\" class=\"wp-block-spacer\"><\/div>\n\n\n\n<h2 class=\"wp-block-heading has-text-align-center\"><strong>Archivo de resultados del Campeonato<\/strong><\/h2>\n\n\n\n<p><strong>Todos los archivos de resultados de los campeonatos de Canad\u00e1, M\u00e9xico y Estados Unidos se archivar\u00e1n a partir de 2022.  <\/strong>Esto continuar\u00e1 para los a\u00f1os siguientes (2023, 2024, 2025, etc.) en nuestras bases de datos para su referencia.  <\/p>\n\n\n\n<p class=\"has-text-align-center has-vivid-cyan-blue-color has-text-color\"><strong>Para ver los archivos, haga clic en el enlace de los archivos de resultados de los campeonatos que aparece a continuaci\u00f3n:  <\/strong><\/p>\n\n\n\n<div class=\"wp-block-buttons is-horizontal is-content-justification-center is-layout-flex wp-container-core-buttons-is-layout-499968f5 wp-block-buttons-is-layout-flex\">\n<div class=\"wp-block-button has-custom-font-size has-extra-small-font-size\"><a class=\"wp-block-button__link has-vivid-cyan-blue-background-color has-background wp-element-button\" href=\"https:\/\/nassasilhouette.org\/championship-results\/championship-results-archive\/\"><strong>ARCHIVOS DE RESULTADOS DEL CAMPEONATO<\/strong><\/a><\/div>\n<\/div>\n\n\n\n<hr class=\"wp-block-separator has-alpha-channel-opacity\">\n\n\n\n<div style=\"height:50px\" aria-hidden=\"true\" class=\"wp-block-spacer\"><\/div>\n\n\n\n<h2 class=\"wp-block-heading has-text-align-center\"><strong>Championship Results Database<\/strong><\/h2>\n\n\n<div class=\"wp-block-image\">\n<figure class=\"aligncenter size-large\"><img loading=\"lazy\" decoding=\"async\" width=\"1024\" height=\"411\" src=\"https:\/\/nassasilhouette.org\/wp-content\/uploads\/2022\/01\/Championship-Results-Database-Banner-1024x411.png\" alt=\"\" class=\"wp-image-9873\" srcset=\"https:\/\/nassasilhouette.org\/wp-content\/uploads\/2022\/01\/Championship-Results-Database-Banner-1024x411.png 1024w, https:\/\/nassasilhouette.org\/wp-content\/uploads\/2022\/01\/Championship-Results-Database-Banner-300x120.png 300w, https:\/\/nassasilhouette.org\/wp-content\/uploads\/2022\/01\/Championship-Results-Database-Banner-768x308.png 768w, https:\/\/nassasilhouette.org\/wp-content\/uploads\/2022\/01\/Championship-Results-Database-Banner-1536x616.png 1536w, https:\/\/nassasilhouette.org\/wp-content\/uploads\/2022\/01\/Championship-Results-Database-Banner-2048x822.png 2048w\" sizes=\"auto, (max-width: 1024px) 100vw, 1024px\" \/><\/figure>\n<\/div>\n\n\n<div style=\"height:20px\" aria-hidden=\"true\" class=\"wp-block-spacer\"><\/div>\n\n\n\n<p>Xxxxx<\/p>\n\n\n\n<div class=\"wp-block-buttons is-horizontal is-content-justification-center is-layout-flex wp-container-core-buttons-is-layout-499968f5 wp-block-buttons-is-layout-flex\">\n<div class=\"wp-block-button has-custom-font-size has-extra-small-font-size\"><a class=\"wp-block-button__link has-vivid-cyan-blue-background-color has-background wp-element-button\" href=\"http:\/\/nassasilhouette.org\/championship-results-database\"><strong>BASE DE DATOS DE RESULTADOS DEL CAMPEONATO<\/strong><\/a><\/div>\n<\/div>\n\n\n\n<hr class=\"wp-block-separator has-alpha-channel-opacity\">\n","protected":false},"excerpt":{"rendered":"<p>A continuaci\u00f3n encontrar\u00e1 los resultados de los campeonatos de Canad\u00e1 (sancionados por SRAC y afiliados), as\u00ed como enlaces a los perfiles de los clubes de armas anfitriones. Su equipo de implementaci\u00f3n de NASSA est\u00e1 trabajando duro para capturar todos los resultados conocidos de los partidos del campeonato de manera oportuna a medida que lanzamos el&hellip; <a class=\"more-link\" href=\"https:\/\/nassasilhouette.org\/es-mx\/resultados-del-campeonato\/resultados-del-campeonato-de-canada\/\">Continue reading <span class=\"screen-reader-text\">Resultados del Campeonato de Canad\u00e1<\/span><\/a><\/p>\n","protected":false},"author":4,"featured_media":0,"parent":13850,"menu_order":0,"comment_status":"closed","ping_status":"closed","template":"","meta":{"_acf_changed":false,"footnotes":""},"class_list":["post-19580","page","type-page","status-publish","hentry","entry"],"acf":[],"rttpg_featured_image_url":null,"rttpg_author":{"display_name":"Chris Cawthorne","author_link":"https:\/\/nassasilhouette.org\/es-mx\/author\/cecawthorneyahoo-com\/"},"rttpg_comment":0,"rttpg_category":" <a href=\"https:\/\/nassasilhouette.org\/es-mx\/?taxonomy=translation_priority&#038;term=optional-es-mx\" rel=\"tag\">Optional<\/a>","rttpg_excerpt":"A continuaci\u00f3n encontrar\u00e1 los resultados de los campeonatos de Canad\u00e1 (sancionados por SRAC y afiliados), as\u00ed como enlaces a los perfiles de los clubes de armas anfitriones. Su equipo de implementaci\u00f3n de NASSA est\u00e1 trabajando duro para capturar todos los resultados conocidos de los partidos del campeonato de manera oportuna a medida que lanzamos el&hellip;&hellip;","_links":{"self":[{"href":"https:\/\/nassasilhouette.org\/es-mx\/wp-json\/wp\/v2\/pages\/19580","targetHints":{"allow":["GET"]}}],"collection":[{"href":"https:\/\/nassasilhouette.org\/es-mx\/wp-json\/wp\/v2\/pages"}],"about":[{"href":"https:\/\/nassasilhouette.org\/es-mx\/wp-json\/wp\/v2\/types\/page"}],"author":[{"embeddable":true,"href":"https:\/\/nassasilhouette.org\/es-mx\/wp-json\/wp\/v2\/users\/4"}],"replies":[{"embeddable":true,"href":"https:\/\/nassasilhouette.org\/es-mx\/wp-json\/wp\/v2\/comments?post=19580"}],"version-history":[{"count":2,"href":"https:\/\/nassasilhouette.org\/es-mx\/wp-json\/wp\/v2\/pages\/19580\/revisions"}],"predecessor-version":[{"id":21250,"href":"https:\/\/nassasilhouette.org\/es-mx\/wp-json\/wp\/v2\/pages\/19580\/revisions\/21250"}],"up":[{"embeddable":true,"href":"https:\/\/nassasilhouette.org\/es-mx\/wp-json\/wp\/v2\/pages\/13850"}],"wp:attachment":[{"href":"https:\/\/nassasilhouette.org\/es-mx\/wp-json\/wp\/v2\/media?parent=19580"}],"curies":[{"name":"wp","href":"https:\/\/api.w.org\/{rel}","templated":true}]}}