{"id":19579,"date":"2021-11-21T14:04:07","date_gmt":"2021-11-21T20:04:07","guid":{"rendered":"https:\/\/nassasilhouette.org\/golden-triangle-gun-club-inc-beaumont-texas\/"},"modified":"2021-11-21T14:04:07","modified_gmt":"2021-11-21T20:04:07","slug":"golden-triangle-gun-club-inc-beaumont-texas","status":"publish","type":"page","link":"https:\/\/nassasilhouette.org\/es-mx\/regiones-clubes-nassa\/regiones-clubes-de-ee-uu\/region-centro-sur-clubes\/golden-triangle-gun-club-inc-beaumont-texas\/","title":{"rendered":"Golden Triangle Gun Club, Inc. &#8211; Beaumont, Texas"},"content":{"rendered":"\n<div class=\"wp-block-media-text alignwide is-stacked-on-mobile\" style=\"grid-template-columns:16% auto\"><figure class=\"wp-block-media-text__media\"><img loading=\"lazy\" decoding=\"async\" width=\"432\" height=\"246\" src=\"https:\/\/nassasilhouette.org\/wp-content\/uploads\/2021\/11\/Golden-Triangle-Cropped.jpg\" alt=\"\" class=\"wp-image-5710 size-full\" srcset=\"https:\/\/nassasilhouette.org\/wp-content\/uploads\/2021\/11\/Golden-Triangle-Cropped.jpg 432w, https:\/\/nassasilhouette.org\/wp-content\/uploads\/2021\/11\/Golden-Triangle-Cropped-300x171.jpg 300w\" sizes=\"auto, (max-width: 432px) 100vw, 432px\" \/><\/figure><div class=\"wp-block-media-text__content\">\n<p>El Golden Triangle Gun Club, Inc. es un club de armas privado, exclusivo para socios y 100% NRA, con m\u00e1s de 1.600 socios individuales.&nbsp;<meta charset=\"utf-8\">El club ofrece a sus socios y a sus familiares o invitados ocho campos de tiro diferentes para escopeta, pistola, pistola de perdigones y rifle de peque\u00f1o y gran calibre. Los programas de silueta que se ofrecen son los de arma corta, rifle de aire comprimido y acci\u00f3n de palanca vaquera.  <\/p>\n\n\n\n<p><meta charset=\"utf-8\">Los adolescentes pueden aprender seguridad y manejo de armas, adem\u00e1s de adquirir habilidades de punter\u00eda en los partidos de rifle 4-H de calibre 22 y de perdigones. A los cazadores les encantar\u00e1 el desaf\u00edo de las partidas de silueta met\u00e1lica de largo alcance.  <meta charset=\"utf-8\">Para las clases de formaci\u00f3n se dispone de un edificio del centro de actividades con aire acondicionado\/calefacci\u00f3n y dos aulas.&nbsp;<meta charset=\"utf-8\">Las personas que re\u00fanan los requisitos pueden hacerse miembros.<\/p>\n\n\n\n<p><\/p>\n\n\n\n<p><\/p>\n<\/div><\/div>\n\n\n\n<div style=\"height:50px\" aria-hidden=\"true\" class=\"wp-block-spacer\"><\/div>\n\n\n\n<h2 class=\"has-text-align-center wp-block-heading\">Informaci\u00f3n de contacto<\/h2>\n\n\n\n<p><\/p>\n\n\n\n<figure class=\"wp-block-table is-style-stripes\"><table><tbody><tr><td><strong>P\u00e1gina web<\/strong>:<\/td><td>\n  <a href=\"http:\/\/www.goldentrianglegunclub.com\" data-type=\"URL\" data-id=\"www.goldentrianglegunclub.com\">\n    <strong>www.goldentrianglegunclub.com<\/strong>\n  <\/a>\n<\/td><\/tr><tr><td><strong>Facebook<\/strong>:<\/td><td>\n  <strong>Golden Triangle Gun Club<\/strong>\n<\/td><\/tr><tr><td><strong>Direcci\u00f3n comercial<\/strong>:<\/td><td>\n  <strong>P.O. Box 5305, Beaumont, TX 77726<\/strong>\n<\/td><\/tr><tr><td><strong>Ubicaci\u00f3n del campo de tiro<\/strong>:<\/td><td>\n  <strong>7546 Erie Street, Beaumont, TX 77705<\/strong>\n<\/td><\/tr><tr><td><strong>Contacto principal<\/strong>:<\/td><td>\n  <strong>Ron Page (Presidente)<\/strong>\n<\/td><\/tr><tr><td><strong>Tel\u00e9fono de contacto principal<\/strong>:<\/td><td>\n  <strong>(409) 729-GTGC<\/strong>\n<\/td><\/tr><tr><td><strong>Correo electr\u00f3nico de contacto principal<\/strong>:<\/td><td>\n  <strong>info@goldentrianglegunclub.com<\/strong>\n<\/td><\/tr><\/tbody><\/table><\/figure>\n\n\n\n<div style=\"height:30px\" aria-hidden=\"true\" class=\"wp-block-spacer\"><\/div>\n\n\n\n<p><\/p>\n\n\n\n<h2 class=\"has-text-align-center wp-block-heading\">Capacidades de la gama Silhouette<\/h2>\n\n\n\n<p><\/p>\n\n\n\n<figure class=\"wp-block-table is-style-stripes\"><table><tbody><tr><td class=\"has-text-align-left\" data-align=\"left\"><strong>Disciplinas<\/strong>:<\/td><td><strong>Range Facilites<\/strong>:<\/td><\/tr><tr><td class=\"has-text-align-left\" data-align=\"left\">\n  <strong>Rifle Smallbore<\/strong>\n<\/td><td>\n  <strong>4 Bancos de cada animal<\/strong>\n<\/td><\/tr><tr><td class=\"has-text-align-left\" data-align=\"left\">\n  <strong>Rifle de alta potencia<\/strong>\n<\/td><td>\n  <strong>No disponible<\/strong>\n<\/td><\/tr><tr><td class=\"has-text-align-left\" data-align=\"left\">\n  <strong>Rifle de palanca<\/strong>\n<\/td><td>\n  <strong>4 bancos de cada animal<\/strong>\n<\/td><\/tr><tr><td class=\"has-text-align-left\" data-align=\"left\">\n  <strong>Rifle de aire<\/strong>\n<\/td><td>\n  <strong>4 bancos de cada animal<\/strong>\n<\/td><\/tr><\/tbody><\/table><\/figure>\n\n\n\n<div style=\"height:30px\" aria-hidden=\"true\" class=\"wp-block-spacer\"><\/div>\n\n\n\n<h2 class=\"has-text-align-center wp-block-heading\">Instalaciones de la gama Silhouette<\/h2>\n\n\n\n<figure class=\"wp-block-gallery columns-1 is-cropped wp-block-gallery-1 is-layout-flex wp-block-gallery-is-layout-flex\"><ul class=\"blocks-gallery-grid\"><li class=\"blocks-gallery-item\"><figure><a href=\"https:\/\/nassasilhouette.org\/wp-content\/uploads\/2021\/11\/1-Texas-SB-Regional-Participants.jpg\"><img loading=\"lazy\" decoding=\"async\" width=\"1024\" height=\"439\" src=\"https:\/\/nassasilhouette.org\/wp-content\/uploads\/2021\/11\/1-Texas-SB-Regional-Participants-1024x439.jpg\" alt=\"\" data-id=\"6670\" data-full-url=\"https:\/\/nassasilhouette.org\/wp-content\/uploads\/2021\/11\/1-Texas-SB-Regional-Participants.jpg\" data-link=\"https:\/\/nassasilhouette.org\/nassa-regions\/usa-gun-clubs\/south-central\/golden-triangle-gun-club-inc-beaumont-texas\/1-texas-sb-regional-participants\/\" class=\"wp-image-6670\" srcset=\"https:\/\/nassasilhouette.org\/wp-content\/uploads\/2021\/11\/1-Texas-SB-Regional-Participants-1024x439.jpg 1024w, https:\/\/nassasilhouette.org\/wp-content\/uploads\/2021\/11\/1-Texas-SB-Regional-Participants-300x129.jpg 300w, https:\/\/nassasilhouette.org\/wp-content\/uploads\/2021\/11\/1-Texas-SB-Regional-Participants-768x330.jpg 768w, https:\/\/nassasilhouette.org\/wp-content\/uploads\/2021\/11\/1-Texas-SB-Regional-Participants-1536x659.jpg 1536w, https:\/\/nassasilhouette.org\/wp-content\/uploads\/2021\/11\/1-Texas-SB-Regional-Participants.jpg 1778w\" sizes=\"auto, (max-width: 1024px) 100vw, 1024px\" \/><\/a><figcaption class=\"blocks-gallery-item__caption\">2021 Texas Smallbore Silhouette Asistentes Regionales<\/figcaption><\/figure><\/li><\/ul><\/figure>\n\n\n\n<figure class=\"wp-block-gallery alignwide columns-2 is-cropped wp-block-gallery-2 is-layout-flex wp-block-gallery-is-layout-flex\"><ul class=\"blocks-gallery-grid\"><li class=\"blocks-gallery-item\"><figure><a href=\"https:\/\/nassasilhouette.org\/wp-content\/uploads\/2021\/11\/2-SB-Range-Animal-Banks-1024x768.jpg\"><img loading=\"lazy\" decoding=\"async\" width=\"1024\" height=\"768\" src=\"https:\/\/nassasilhouette.org\/wp-content\/uploads\/2021\/11\/2-SB-Range-Animal-Banks-1024x768.jpg\" alt=\"\" data-id=\"6671\" data-link=\"https:\/\/nassasilhouette.org\/nassa-regions\/usa-gun-clubs\/south-central\/golden-triangle-gun-club-inc-beaumont-texas\/2-sb-range-animal-banks\/\" class=\"wp-image-6671\" srcset=\"https:\/\/nassasilhouette.org\/wp-content\/uploads\/2021\/11\/2-SB-Range-Animal-Banks-1024x768.jpg 1024w, https:\/\/nassasilhouette.org\/wp-content\/uploads\/2021\/11\/2-SB-Range-Animal-Banks-300x225.jpg 300w, https:\/\/nassasilhouette.org\/wp-content\/uploads\/2021\/11\/2-SB-Range-Animal-Banks-768x576.jpg 768w, https:\/\/nassasilhouette.org\/wp-content\/uploads\/2021\/11\/2-SB-Range-Animal-Banks-1536x1152.jpg 1536w, https:\/\/nassasilhouette.org\/wp-content\/uploads\/2021\/11\/2-SB-Range-Animal-Banks-2048x1536.jpg 2048w\" sizes=\"auto, (max-width: 1024px) 100vw, 1024px\" \/><\/a><figcaption class=\"blocks-gallery-item__caption\">Campo de tiro Golden Triangle Smallbore &amp; Cowboy Lever Action Range<\/figcaption><\/figure><\/li><li class=\"blocks-gallery-item\"><figure><a href=\"https:\/\/nassasilhouette.org\/wp-content\/uploads\/2021\/11\/3-SB-Firing-Line-1.jpg\"><img loading=\"lazy\" decoding=\"async\" width=\"720\" height=\"960\" src=\"https:\/\/nassasilhouette.org\/wp-content\/uploads\/2021\/11\/3-SB-Firing-Line-1.jpg\" alt=\"\" data-id=\"6672\" data-full-url=\"https:\/\/nassasilhouette.org\/wp-content\/uploads\/2021\/11\/3-SB-Firing-Line-1.jpg\" data-link=\"https:\/\/nassasilhouette.org\/nassa-regions\/usa-gun-clubs\/south-central\/golden-triangle-gun-club-inc-beaumont-texas\/3-sb-firing-line-1\/\" class=\"wp-image-6672\" srcset=\"https:\/\/nassasilhouette.org\/wp-content\/uploads\/2021\/11\/3-SB-Firing-Line-1.jpg 720w, https:\/\/nassasilhouette.org\/wp-content\/uploads\/2021\/11\/3-SB-Firing-Line-1-225x300.jpg 225w\" sizes=\"auto, (max-width: 720px) 100vw, 720px\" \/><\/a><figcaption class=\"blocks-gallery-item__caption\">  L\u00ednea de tiro con ca\u00f1\u00f3n peque\u00f1o<\/figcaption><\/figure><\/li><\/ul><\/figure>\n\n\n\n<figure class=\"wp-block-gallery alignwide columns-1 is-cropped wp-block-gallery-3 is-layout-flex wp-block-gallery-is-layout-flex\"><ul class=\"blocks-gallery-grid\"><li class=\"blocks-gallery-item\"><figure><a href=\"https:\/\/nassasilhouette.org\/wp-content\/uploads\/2021\/11\/4-SB-SB-Firing-Line-2-768x1024.jpg\"><img loading=\"lazy\" decoding=\"async\" width=\"768\" height=\"1024\" src=\"https:\/\/nassasilhouette.org\/wp-content\/uploads\/2021\/11\/4-SB-SB-Firing-Line-2-768x1024.jpg\" alt=\"\" data-id=\"6673\" data-link=\"https:\/\/nassasilhouette.org\/nassa-regions\/usa-gun-clubs\/south-central\/golden-triangle-gun-club-inc-beaumont-texas\/4-sb-sb-firing-line-2\/\" class=\"wp-image-6673\" srcset=\"https:\/\/nassasilhouette.org\/wp-content\/uploads\/2021\/11\/4-SB-SB-Firing-Line-2-768x1024.jpg 768w, https:\/\/nassasilhouette.org\/wp-content\/uploads\/2021\/11\/4-SB-SB-Firing-Line-2-225x300.jpg 225w, https:\/\/nassasilhouette.org\/wp-content\/uploads\/2021\/11\/4-SB-SB-Firing-Line-2-1152x1536.jpg 1152w, https:\/\/nassasilhouette.org\/wp-content\/uploads\/2021\/11\/4-SB-SB-Firing-Line-2.jpg 1536w\" sizes=\"auto, (max-width: 768px) 100vw, 768px\" \/><\/a><figcaption class=\"blocks-gallery-item__caption\">L\u00ednea de tiro con ca\u00f1\u00f3n peque\u00f1o<\/figcaption><\/figure><\/li><\/ul><\/figure>\n\n\n\n<figure class=\"wp-block-gallery alignwide columns-2 is-cropped wp-block-gallery-4 is-layout-flex wp-block-gallery-is-layout-flex\"><ul class=\"blocks-gallery-grid\"><li class=\"blocks-gallery-item\"><figure><a href=\"https:\/\/nassasilhouette.org\/wp-content\/uploads\/2021\/11\/7-Lever-Action-Range-4-scaled.jpg\"><img loading=\"lazy\" decoding=\"async\" width=\"1024\" height=\"768\" src=\"https:\/\/nassasilhouette.org\/wp-content\/uploads\/2021\/11\/7-Lever-Action-Range-4-1024x768.jpg\" alt=\"\" data-id=\"5679\" data-full-url=\"https:\/\/nassasilhouette.org\/wp-content\/uploads\/2021\/11\/7-Lever-Action-Range-4-scaled.jpg\" data-link=\"https:\/\/nassasilhouette.org\/?attachment_id=5679\" class=\"wp-image-5679\" srcset=\"https:\/\/nassasilhouette.org\/wp-content\/uploads\/2021\/11\/7-Lever-Action-Range-4-1024x768.jpg 1024w, https:\/\/nassasilhouette.org\/wp-content\/uploads\/2021\/11\/7-Lever-Action-Range-4-300x225.jpg 300w, https:\/\/nassasilhouette.org\/wp-content\/uploads\/2021\/11\/7-Lever-Action-Range-4-768x576.jpg 768w, https:\/\/nassasilhouette.org\/wp-content\/uploads\/2021\/11\/7-Lever-Action-Range-4-1536x1152.jpg 1536w, https:\/\/nassasilhouette.org\/wp-content\/uploads\/2021\/11\/7-Lever-Action-Range-4-2048x1536.jpg 2048w\" sizes=\"auto, (max-width: 1024px) 100vw, 1024px\" \/><\/a><figcaption class=\"blocks-gallery-item__caption\">Campo de tiro de armas de palanca de cartuchos de peque\u00f1o calibre y pistola<\/figcaption><\/figure><\/li><li class=\"blocks-gallery-item\"><figure><a href=\"https:\/\/nassasilhouette.org\/wp-content\/uploads\/2021\/11\/8-Lever-Action-Targets.jpg\"><img loading=\"lazy\" decoding=\"async\" width=\"1024\" height=\"683\" src=\"https:\/\/nassasilhouette.org\/wp-content\/uploads\/2021\/11\/8-Lever-Action-Targets-1024x683.jpg\" alt=\"\" data-id=\"5680\" data-full-url=\"https:\/\/nassasilhouette.org\/wp-content\/uploads\/2021\/11\/8-Lever-Action-Targets.jpg\" data-link=\"https:\/\/nassasilhouette.org\/?attachment_id=5680\" class=\"wp-image-5680\" srcset=\"https:\/\/nassasilhouette.org\/wp-content\/uploads\/2021\/11\/8-Lever-Action-Targets-1024x683.jpg 1024w, https:\/\/nassasilhouette.org\/wp-content\/uploads\/2021\/11\/8-Lever-Action-Targets-300x200.jpg 300w, https:\/\/nassasilhouette.org\/wp-content\/uploads\/2021\/11\/8-Lever-Action-Targets-768x512.jpg 768w, https:\/\/nassasilhouette.org\/wp-content\/uploads\/2021\/11\/8-Lever-Action-Targets-1536x1024.jpg 1536w, https:\/\/nassasilhouette.org\/wp-content\/uploads\/2021\/11\/8-Lever-Action-Targets-2048x1365.jpg 2048w\" sizes=\"auto, (max-width: 1024px) 100vw, 1024px\" \/><\/a><figcaption class=\"blocks-gallery-item__caption\">Blancos para armas de palanca de cartuchos de peque\u00f1o calibre y pistola<\/figcaption><\/figure><\/li><\/ul><\/figure>\n\n\n\n<figure class=\"wp-block-gallery alignwide columns-2 is-cropped wp-block-gallery-5 is-layout-flex wp-block-gallery-is-layout-flex\"><ul class=\"blocks-gallery-grid\"><li class=\"blocks-gallery-item\"><figure><a href=\"https:\/\/nassasilhouette.org\/wp-content\/uploads\/2021\/11\/9-Air-Rifle-Competitors-scaled.jpg\"><img loading=\"lazy\" decoding=\"async\" width=\"1024\" height=\"768\" src=\"https:\/\/nassasilhouette.org\/wp-content\/uploads\/2021\/11\/9-Air-Rifle-Competitors-1024x768.jpg\" alt=\"\" data-id=\"5685\" data-full-url=\"https:\/\/nassasilhouette.org\/wp-content\/uploads\/2021\/11\/9-Air-Rifle-Competitors-scaled.jpg\" data-link=\"https:\/\/nassasilhouette.org\/?attachment_id=5685\" class=\"wp-image-5685\" srcset=\"https:\/\/nassasilhouette.org\/wp-content\/uploads\/2021\/11\/9-Air-Rifle-Competitors-1024x768.jpg 1024w, https:\/\/nassasilhouette.org\/wp-content\/uploads\/2021\/11\/9-Air-Rifle-Competitors-300x225.jpg 300w, https:\/\/nassasilhouette.org\/wp-content\/uploads\/2021\/11\/9-Air-Rifle-Competitors-768x576.jpg 768w, https:\/\/nassasilhouette.org\/wp-content\/uploads\/2021\/11\/9-Air-Rifle-Competitors-1536x1152.jpg 1536w, https:\/\/nassasilhouette.org\/wp-content\/uploads\/2021\/11\/9-Air-Rifle-Competitors-2048x1536.jpg 2048w\" sizes=\"auto, (max-width: 1024px) 100vw, 1024px\" \/><\/a><figcaption class=\"blocks-gallery-item__caption\">Competidores de rifle de aire comprimido y l\u00ednea de tiro<\/figcaption><\/figure><\/li><li class=\"blocks-gallery-item\"><figure><a href=\"https:\/\/nassasilhouette.org\/wp-content\/uploads\/2021\/11\/10-Air-Rifle-Targets-scaled.jpg\"><img loading=\"lazy\" decoding=\"async\" width=\"1024\" height=\"768\" src=\"https:\/\/nassasilhouette.org\/wp-content\/uploads\/2021\/11\/10-Air-Rifle-Targets-1024x768.jpg\" alt=\"\" data-id=\"5682\" data-full-url=\"https:\/\/nassasilhouette.org\/wp-content\/uploads\/2021\/11\/10-Air-Rifle-Targets-scaled.jpg\" data-link=\"https:\/\/nassasilhouette.org\/?attachment_id=5682\" class=\"wp-image-5682\" srcset=\"https:\/\/nassasilhouette.org\/wp-content\/uploads\/2021\/11\/10-Air-Rifle-Targets-1024x768.jpg 1024w, https:\/\/nassasilhouette.org\/wp-content\/uploads\/2021\/11\/10-Air-Rifle-Targets-300x225.jpg 300w, https:\/\/nassasilhouette.org\/wp-content\/uploads\/2021\/11\/10-Air-Rifle-Targets-768x576.jpg 768w, https:\/\/nassasilhouette.org\/wp-content\/uploads\/2021\/11\/10-Air-Rifle-Targets-1536x1152.jpg 1536w, https:\/\/nassasilhouette.org\/wp-content\/uploads\/2021\/11\/10-Air-Rifle-Targets-2048x1536.jpg 2048w\" sizes=\"auto, (max-width: 1024px) 100vw, 1024px\" \/><\/a><figcaption class=\"blocks-gallery-item__caption\">Blancos reajustables para rifle de aire<\/figcaption><\/figure><\/li><\/ul><\/figure>\n","protected":false},"excerpt":{"rendered":"<p>El Golden Triangle Gun Club, Inc. es un club de armas privado, exclusivo para socios y 100% NRA, con m\u00e1s de 1.600 socios individuales.&nbsp;El club ofrece a sus socios y a sus familiares o invitados ocho campos de tiro diferentes para escopeta, pistola, pistola de perdigones y rifle de peque\u00f1o y gran calibre. Los programas&hellip; <a class=\"more-link\" href=\"https:\/\/nassasilhouette.org\/es-mx\/regiones-clubes-nassa\/regiones-clubes-de-ee-uu\/region-centro-sur-clubes\/golden-triangle-gun-club-inc-beaumont-texas\/\">Continue reading <span class=\"screen-reader-text\">Golden Triangle Gun Club, Inc. &#8211; Beaumont, Texas<\/span><\/a><\/p>\n","protected":false},"author":4,"featured_media":0,"parent":19582,"menu_order":0,"comment_status":"closed","ping_status":"closed","template":"","meta":{"_acf_changed":false,"footnotes":""},"class_list":["post-19579","page","type-page","status-publish","hentry","entry"],"acf":[],"rttpg_featured_image_url":null,"rttpg_author":{"display_name":"Chris Cawthorne","author_link":"https:\/\/nassasilhouette.org\/es-mx\/author\/cecawthorneyahoo-com\/"},"rttpg_comment":0,"rttpg_category":" <a href=\"https:\/\/nassasilhouette.org\/es-mx\/?taxonomy=translation_priority&#038;term=optional-es-mx\" rel=\"tag\">Optional<\/a>","rttpg_excerpt":"El Golden Triangle Gun Club, Inc. es un club de armas privado, exclusivo para socios y 100% NRA, con m\u00e1s de 1.600 socios individuales.&nbsp;El club ofrece a sus socios y a sus familiares o invitados ocho campos de tiro diferentes para escopeta, pistola, pistola de perdigones y rifle de peque\u00f1o y gran calibre. Los programas&hellip;&hellip;","_links":{"self":[{"href":"https:\/\/nassasilhouette.org\/es-mx\/wp-json\/wp\/v2\/pages\/19579","targetHints":{"allow":["GET"]}}],"collection":[{"href":"https:\/\/nassasilhouette.org\/es-mx\/wp-json\/wp\/v2\/pages"}],"about":[{"href":"https:\/\/nassasilhouette.org\/es-mx\/wp-json\/wp\/v2\/types\/page"}],"author":[{"embeddable":true,"href":"https:\/\/nassasilhouette.org\/es-mx\/wp-json\/wp\/v2\/users\/4"}],"replies":[{"embeddable":true,"href":"https:\/\/nassasilhouette.org\/es-mx\/wp-json\/wp\/v2\/comments?post=19579"}],"version-history":[{"count":0,"href":"https:\/\/nassasilhouette.org\/es-mx\/wp-json\/wp\/v2\/pages\/19579\/revisions"}],"up":[{"embeddable":true,"href":"https:\/\/nassasilhouette.org\/es-mx\/wp-json\/wp\/v2\/pages\/19582"}],"wp:attachment":[{"href":"https:\/\/nassasilhouette.org\/es-mx\/wp-json\/wp\/v2\/media?parent=19579"}],"curies":[{"name":"wp","href":"https:\/\/api.w.org\/{rel}","templated":true}]}}