{"id":19575,"date":"2021-11-21T14:07:25","date_gmt":"2021-11-21T20:07:25","guid":{"rendered":"https:\/\/nassasilhouette.org\/club-de-rifle-y-pistola-de-haltom-city-haltom-city-texas\/"},"modified":"2021-11-21T14:07:25","modified_gmt":"2021-11-21T20:07:25","slug":"club-de-rifle-y-pistola-de-haltom-city-haltom-city-texas","status":"publish","type":"page","link":"https:\/\/nassasilhouette.org\/es-mx\/regiones-clubes-nassa\/regiones-clubes-de-ee-uu\/region-centro-sur-clubes\/club-de-rifle-y-pistola-de-haltom-city-haltom-city-texas\/","title":{"rendered":"Club de Rifle y Pistola de Haltom City &#8211; Haltom City, Texas"},"content":{"rendered":"\n<div class=\"wp-block-media-text alignwide is-stacked-on-mobile\" style=\"grid-template-columns:19% auto\"><figure class=\"wp-block-media-text__media\"><img loading=\"lazy\" decoding=\"async\" width=\"185\" height=\"184\" src=\"https:\/\/nassasilhouette.org\/wp-content\/uploads\/2021\/10\/image11.png\" alt=\"\" class=\"wp-image-95 size-full\" srcset=\"https:\/\/nassasilhouette.org\/wp-content\/uploads\/2021\/10\/image11.png 185w, https:\/\/nassasilhouette.org\/wp-content\/uploads\/2021\/10\/image11-150x150.png 150w\" sizes=\"auto, (max-width: 185px) 100vw, 185px\" \/><\/figure><div class=\"wp-block-media-text__content\">\n<p>Bayou Rifles, fundada en 1936, ha sido durante mucho tiempo la meca del tiro deportivo en el \u00e1rea metropolitana de Houston. Tras el final de la Segunda Guerra Mundial, el Congreso cre\u00f3 el Civilian Marksmanship Program (CMP) y le encomend\u00f3 poner terrenos a disposici\u00f3n de organizaciones civiles como Bayou Rifles. El CMP era responsable de garantizar que los civiles estuvieran preparados para los servicios armados. Bayou Rifles construy\u00f3 el Addicks Range aproximadamente en 1952 en la ubicaci\u00f3n actual y el club de tiro trabaja en estrecha colaboraci\u00f3n con el Cuerpo de Ingenieros (COE) para mantener esta ubicaci\u00f3n para sus deportes de tiro de silueta.<\/p>\n\n\n\n<p>Bayou Rifles es muy conocida en Texas por su programa de silueta met\u00e1lica en las disciplinas de rifle de peque\u00f1o calibre, rifle de aire comprimido y rifle de palanca. Bayou Rifles tambi\u00e9n est\u00e1 bien establecida en otros deportes de tiro como el rifle de alta potencia y la pistola Bulls-Eye. La inscripci\u00f3n de nuevos miembros se realiza por orden de llegada a trav\u00e9s del correo electr\u00f3nico una vez al a\u00f1o. \u00a1Damos la bienvenida a todos los nuevos tiradores a unirse a nuestro programa de silueta!<\/p>\n<\/div><\/div>\n\n\n\n<div style=\"height:50px\" aria-hidden=\"true\" class=\"wp-block-spacer\"><\/div>\n\n\n\n<p><\/p>\n\n\n\n<h2 class=\"has-text-align-center wp-block-heading\">Informaci\u00f3n de contacto<\/h2>\n\n\n\n<p><\/p>\n\n\n\n<figure class=\"wp-block-table is-style-stripes\"><table><tbody><tr><td><strong>P\u00e1gina web<\/strong>:<\/td><td>\n  <a href=\"https:\/\/www.haltomcityrpc.org\">\n    <strong>https:\/\/www.haltomcityrpc.org<\/strong>\n  <\/a>\n<\/td><\/tr><tr><td><strong>Facebook<\/strong>:<\/td><td>\n  <strong>Xxxx<\/strong>\n<\/td><\/tr><tr><td><strong>Direcci\u00f3n comercial<\/strong>:<\/td><td>\n  <strong>P.O. Box 14291, Haltom City, Texas 76117-0291<\/strong>\n<\/td><\/tr><tr><td><strong>Ubicaci\u00f3n del campo<\/strong>:<\/td><td>\n  <strong>2100 Minnis Dr, Haltom City, TX 76117<\/strong>\n<\/td><\/tr><tr><td><strong>Contacto principal<\/strong>:<\/td><td>\n  <strong>Xxxx<\/strong>\n<\/td><\/tr><tr><td><strong>Tel\u00e9fono de contacto principal<\/strong>:<\/td><td>\n  <strong>Xxxx<\/strong>\n<\/td><\/tr><tr><td><strong>Correo electr\u00f3nico de contacto principal<\/strong>:<\/td><td>\n  <strong>Xxxx<\/strong>\n<\/td><\/tr><\/tbody><\/table><\/figure>\n\n\n\n<div style=\"height:30px\" aria-hidden=\"true\" class=\"wp-block-spacer\"><\/div>\n\n\n\n<p><\/p>\n\n\n\n<h2 class=\"has-text-align-center wp-block-heading\">Capacidades de la gama Silhouette<\/h2>\n\n\n\n<p><\/p>\n\n\n\n<figure class=\"wp-block-table is-style-stripes\"><table><tbody><tr><td class=\"has-text-align-left\" data-align=\"left\"><strong>Disciplinas<\/strong>:<\/td><td><strong>Range Facilites<\/strong>:<\/td><\/tr><tr><td class=\"has-text-align-left\" data-align=\"left\">\n  <strong>Rifle peque\u00f1o<\/strong>\n<\/td><td>\n  <strong>Xxxx<\/strong>\n<\/td><\/tr><tr><td class=\"has-text-align-left\" data-align=\"left\">\n  <strong>Rifle de alta potencia<\/strong>\n<\/td><td>\n  <strong>Xxxx<\/strong>\n<\/td><\/tr><tr><td class=\"has-text-align-left\" data-align=\"left\">\n  <strong>Rifle de palanca<\/strong>\n<\/td><td>\n  <strong>Xxxx<\/strong>\n<\/td><\/tr><tr><td class=\"has-text-align-left\" data-align=\"left\">\n  <strong>Rifle de aire comprimido<\/strong>\n<\/td><td>\n  <strong>Xxxx<\/strong>\n<\/td><\/tr><\/tbody><\/table><\/figure>\n\n\n\n<div style=\"height:30px\" aria-hidden=\"true\" class=\"wp-block-spacer\"><\/div>\n\n\n\n<h2 class=\"has-text-align-center wp-block-heading\">Instalaciones de la gama Silhouette<\/h2>\n\n\n\n<figure class=\"wp-block-gallery columns-0 is-cropped wp-block-gallery-1 is-layout-flex wp-block-gallery-is-layout-flex\"><ul class=\"blocks-gallery-grid\"><\/ul><\/figure>\n\n\n\n<figure class=\"wp-block-gallery columns-0 is-cropped wp-block-gallery-2 is-layout-flex wp-block-gallery-is-layout-flex\"><ul class=\"blocks-gallery-grid\"><\/ul><\/figure>\n\n\n\n<figure class=\"wp-block-gallery alignwide columns-0 is-cropped wp-block-gallery-3 is-layout-flex wp-block-gallery-is-layout-flex\"><ul class=\"blocks-gallery-grid\"><\/ul><\/figure>\n\n\n\n<figure class=\"wp-block-gallery alignwide columns-0 is-cropped wp-block-gallery-4 is-layout-flex wp-block-gallery-is-layout-flex\"><ul class=\"blocks-gallery-grid\"><\/ul><\/figure>\n\n\n\n<figure class=\"wp-block-gallery alignwide columns-0 is-cropped wp-block-gallery-5 is-layout-flex wp-block-gallery-is-layout-flex\"><ul class=\"blocks-gallery-grid\"><\/ul><\/figure>\n\n\n\n<figure class=\"wp-block-gallery alignwide columns-0 is-cropped wp-block-gallery-6 is-layout-flex wp-block-gallery-is-layout-flex\"><ul class=\"blocks-gallery-grid\"><\/ul><\/figure>\n","protected":false},"excerpt":{"rendered":"<p>Bayou Rifles, fundada en 1936, ha sido durante mucho tiempo la meca del tiro deportivo en el \u00e1rea metropolitana de Houston. Tras el final de la Segunda Guerra Mundial, el Congreso cre\u00f3 el Civilian Marksmanship Program (CMP) y le encomend\u00f3 poner terrenos a disposici\u00f3n de organizaciones civiles como Bayou Rifles. El CMP era responsable de&hellip; <a class=\"more-link\" href=\"https:\/\/nassasilhouette.org\/es-mx\/regiones-clubes-nassa\/regiones-clubes-de-ee-uu\/region-centro-sur-clubes\/club-de-rifle-y-pistola-de-haltom-city-haltom-city-texas\/\">Continue reading <span class=\"screen-reader-text\">Club de Rifle y Pistola de Haltom City &#8211; Haltom City, Texas<\/span><\/a><\/p>\n","protected":false},"author":4,"featured_media":0,"parent":19582,"menu_order":0,"comment_status":"closed","ping_status":"closed","template":"","meta":{"_acf_changed":false,"footnotes":""},"class_list":["post-19575","page","type-page","status-publish","hentry","entry"],"acf":[],"rttpg_featured_image_url":null,"rttpg_author":{"display_name":"Chris Cawthorne","author_link":"https:\/\/nassasilhouette.org\/es-mx\/author\/cecawthorneyahoo-com\/"},"rttpg_comment":0,"rttpg_category":" <a href=\"https:\/\/nassasilhouette.org\/es-mx\/?taxonomy=translation_priority&#038;term=optional-es-mx\" rel=\"tag\">Optional<\/a>","rttpg_excerpt":"Bayou Rifles, fundada en 1936, ha sido durante mucho tiempo la meca del tiro deportivo en el \u00e1rea metropolitana de Houston. Tras el final de la Segunda Guerra Mundial, el Congreso cre\u00f3 el Civilian Marksmanship Program (CMP) y le encomend\u00f3 poner terrenos a disposici\u00f3n de organizaciones civiles como Bayou Rifles. El CMP era responsable de&hellip;&hellip;","_links":{"self":[{"href":"https:\/\/nassasilhouette.org\/es-mx\/wp-json\/wp\/v2\/pages\/19575","targetHints":{"allow":["GET"]}}],"collection":[{"href":"https:\/\/nassasilhouette.org\/es-mx\/wp-json\/wp\/v2\/pages"}],"about":[{"href":"https:\/\/nassasilhouette.org\/es-mx\/wp-json\/wp\/v2\/types\/page"}],"author":[{"embeddable":true,"href":"https:\/\/nassasilhouette.org\/es-mx\/wp-json\/wp\/v2\/users\/4"}],"replies":[{"embeddable":true,"href":"https:\/\/nassasilhouette.org\/es-mx\/wp-json\/wp\/v2\/comments?post=19575"}],"version-history":[{"count":0,"href":"https:\/\/nassasilhouette.org\/es-mx\/wp-json\/wp\/v2\/pages\/19575\/revisions"}],"up":[{"embeddable":true,"href":"https:\/\/nassasilhouette.org\/es-mx\/wp-json\/wp\/v2\/pages\/19582"}],"wp:attachment":[{"href":"https:\/\/nassasilhouette.org\/es-mx\/wp-json\/wp\/v2\/media?parent=19575"}],"curies":[{"name":"wp","href":"https:\/\/api.w.org\/{rel}","templated":true}]}}