{"id":19573,"date":"2021-11-20T16:54:08","date_gmt":"2021-11-20T22:54:08","guid":{"rendered":"https:\/\/nassasilhouette.org\/noticias-y-multimedia\/nassa-press-releases\/"},"modified":"2021-11-20T16:54:08","modified_gmt":"2021-11-20T22:54:08","slug":"nassa-press-releases","status":"publish","type":"page","link":"https:\/\/nassasilhouette.org\/es-mx\/noticias-y-multimedia\/nassa-press-releases\/","title":{"rendered":"NASSA Press Releases"},"content":{"rendered":"<div class=\"wp-block-image\">\n<figure class=\"aligncenter size-large\"><img loading=\"lazy\" decoding=\"async\" width=\"1024\" height=\"416\" src=\"https:\/\/nassasilhouette.org\/wp-content\/uploads\/2022\/09\/NASSA-Press-Release-Banner-2-1024x416.jpg\" alt=\"\" class=\"wp-image-14276\" srcset=\"https:\/\/nassasilhouette.org\/wp-content\/uploads\/2022\/09\/NASSA-Press-Release-Banner-2-1024x416.jpg 1024w, https:\/\/nassasilhouette.org\/wp-content\/uploads\/2022\/09\/NASSA-Press-Release-Banner-2-300x122.jpg 300w, https:\/\/nassasilhouette.org\/wp-content\/uploads\/2022\/09\/NASSA-Press-Release-Banner-2-768x312.jpg 768w, https:\/\/nassasilhouette.org\/wp-content\/uploads\/2022\/09\/NASSA-Press-Release-Banner-2-1536x625.jpg 1536w, https:\/\/nassasilhouette.org\/wp-content\/uploads\/2022\/09\/NASSA-Press-Release-Banner-2-2048x833.jpg 2048w, https:\/\/nassasilhouette.org\/wp-content\/uploads\/2022\/09\/NASSA-Press-Release-Banner-2-1568x638.jpg 1568w\" sizes=\"auto, (max-width: 1024px) 100vw, 1024px\" \/><\/figure>\n<\/div>\n\n\n<div style=\"height:28px\" aria-hidden=\"true\" class=\"wp-block-spacer\"><\/div>\n\n\n\n<p>El Equipo de Implementaci\u00f3n de la NASSA publicar\u00e1 peri\u00f3dicamente <strong>comunicados de prensa de la NASSA<\/strong> en los que se destacar\u00e1n los hitos significativos alcanzados en el marco de nuestro Plan Estrat\u00e9gico de Implementaci\u00f3n de la NASSA. Se tratar\u00e1n temas como:  <\/p>\n\n\n\n<ul class=\"wp-block-list\">\n<li>Anuncios de nombramientos de personal para el Equipo de Implementaci\u00f3n de NASSA, los Directores Regionales o varios otros Directores Funcionales de NASSA que apoyan nuestra infraestructura organizativa.  <\/li>\n\n\n\n<li>Desarrollo de contenidos t\u00e9cnicos de gran valor a\u00f1adido en el marco de la Carta NASSA. Esto podr\u00eda incluir el pilotaje de nuevas tecnolog\u00edas, como bases de datos de rendimiento y aplicaciones que eleven la disciplina de silueta de rifle.  <\/li>\n\n\n\n<li>Notificaciones de acuerdos de colaboraci\u00f3n con organizaciones afines, patrocinadores, proveedores de la industria y otros en los que exista un beneficio mutuo.  <\/li>\n<\/ul>\n\n\n\n<p>Todos estos comunicados de prensa de NASSA tienen por objeto mantener informados a los miembros de NASSA y fomentar la confianza a medida que nos acercamos a un modelo de gobierno corporativo 501(c)(3) sin \u00e1nimo de lucro.<\/p>\n\n\n\n<div style=\"height:10px\" aria-hidden=\"true\" class=\"wp-block-spacer\"><\/div>\n\n\n\n\t\t\t\t<div class=\"blog-recent-posts-title\">\n\t\t\t\t\tOur Latest Posts\n\t\t\t\t<\/div>\n\t\t\t\t<ul class=\"blog-recent-posts\">\n\t\t\t\t\t\t\t\t  \t\t\t\t\t\n\t\t\t\t\t\t<li class=\"blog-recent-post\">\n\t\t\t\t\t\t\t<a class=\"blog-recent-post-link-group\" href=\"https:\/\/nassasilhouette.org\/es-mx\/publicado-el-programa-de-partidos-de-la-copa-sk-lone-star-2026\/\">\n\t\t\t\t\t\t\t\t<div class=\"blog-recent-post-link-image\" style=\"background-image:url(https:\/\/nassasilhouette.org\/wp-content\/uploads\/2025\/11\/2026-SKLSC-Annoucement-Thumb-Image.jpg)\"><\/div>\n\t\t\t\t\t\t\t\t<div class=\"blog-recent-post-link-title\">Publicado el programa de partidos de la Copa SK Lone Star 2026.<\/div>\n\t\t\t\t\t\t\t<\/a>\n\t\t\t\t\t\t\t\n\t\t\t\t\t\t\t\t\t\t\t\t\t\t\n\t\t\t\t\t\t\t<div class=\"blog-recent-post-author\">By Chris Cawthorne<\/div>\n\t\t\t\t\t\t\t<div class=\"blog-recent-post-date\"><i class=\"fa fa-calendar\"><\/i><span>January 11, 2026<\/span><\/div>\n\t\t\t\t\t\t\t<div class=\"blog-recent-post-excerpt\">\n\t\t\t\t\t\t\t\t<p>2026 SKLSC \u00a1Ya est\u00e1 abierto el plazo de inscripci\u00f3n! Las inscripciones est\u00e1n limitadas a 120 competidores de &#8220;Rifle Est\u00e1ndar&#8221; y a 30 competidores de &#8220;Silueta Benchrest&#8221; debido a la capacidad m\u00e1xima del campo de tiro. AS\u00cd QUE INSCR\u00cdBETE AHORA a trav\u00e9s de la inscripci\u00f3n en l\u00ednea o por correo antes de que se llene el&hellip; <a class=\"more-link\" href=\"https:\/\/nassasilhouette.org\/es-mx\/publicado-el-programa-de-partidos-de-la-copa-sk-lone-star-2026\/\">Continue reading <span class=\"screen-reader-text\">Publicado el programa de partidos de la Copa SK Lone Star 2026.<\/span><\/a><\/p>\n\t\t\t\t\t\t\t<\/div>\n\t\t\t\t\t\t\t<a class=\"blog-recent-post-cta\" href=\"https:\/\/nassasilhouette.org\/es-mx\/publicado-el-programa-de-partidos-de-la-copa-sk-lone-star-2026\/\">Read More<\/a>\t\n\t\t\t\t\t\t<\/li>\n\n\t\t\t\t  \t\t\t\t\t\n\t\t\t\t\t\t<li class=\"blog-recent-post\">\n\t\t\t\t\t\t\t<a class=\"blog-recent-post-link-group\" href=\"https:\/\/nassasilhouette.org\/es-mx\/llega-la-copa-sk-lone-star-2026\/\">\n\t\t\t\t\t\t\t\t<div class=\"blog-recent-post-link-image\" style=\"background-image:url(https:\/\/nassasilhouette.org\/wp-content\/uploads\/2026\/01\/2026-SKLSC-Feature-Image.png)\"><\/div>\n\t\t\t\t\t\t\t\t<div class=\"blog-recent-post-link-title\">\u00a1Llega la Copa SK Lone Star 2026!<\/div>\n\t\t\t\t\t\t\t<\/a>\n\t\t\t\t\t\t\t\n\t\t\t\t\t\t\t\t\t\t\t\t\t\t\n\t\t\t\t\t\t\t<div class=\"blog-recent-post-author\">By Chris Cawthorne<\/div>\n\t\t\t\t\t\t\t<div class=\"blog-recent-post-date\"><i class=\"fa fa-calendar\"><\/i><span>November 17, 2025<\/span><\/div>\n\t\t\t\t\t\t\t<div class=\"blog-recent-post-excerpt\">\n\t\t\t\t\t\t\t\t<p>Nos complace anunciar que la Copa SK Lone Star 2026 se celebrar\u00e1 en las instalaciones Bayou Rifles Addicks de Houston, Texas, los d\u00edas 6 y 7 de junio de 2025. Una vez m\u00e1s, \u00a1un gran saludo a SK Ammunition, nuestro &#8220;patrocinador principal&#8221;, por hacer posible esta &#8220;Super Regional Internacional&#8221; en 2026! Pronto tendremos el Programa&hellip; <a class=\"more-link\" href=\"https:\/\/nassasilhouette.org\/es-mx\/llega-la-copa-sk-lone-star-2026\/\">Continue reading <span class=\"screen-reader-text\">\u00a1Llega la Copa SK Lone Star 2026!<\/span><\/a><\/p>\n\t\t\t\t\t\t\t<\/div>\n\t\t\t\t\t\t\t<a class=\"blog-recent-post-cta\" href=\"https:\/\/nassasilhouette.org\/es-mx\/llega-la-copa-sk-lone-star-2026\/\">Read More<\/a>\t\n\t\t\t\t\t\t<\/li>\n\n\t\t\t\t  \t\t\t\t\t\n\t\t\t\t\t\t<li class=\"blog-recent-post\">\n\t\t\t\t\t\t\t<a class=\"blog-recent-post-link-group\" href=\"https:\/\/nassasilhouette.org\/es-mx\/john-hood-nombrado-director-regional-del-suroeste-de-eeuu\/\">\n\t\t\t\t\t\t\t\t<div class=\"blog-recent-post-link-image\" style=\"background-image:url(https:\/\/nassasilhouette.org\/wp-content\/uploads\/2024\/02\/John-Hood-Thumbnail.jpg)\"><\/div>\n\t\t\t\t\t\t\t\t<div class=\"blog-recent-post-link-title\">John Hood nombrado Director Regional del Suroeste de EEUU<\/div>\n\t\t\t\t\t\t\t<\/a>\n\t\t\t\t\t\t\t\n\t\t\t\t\t\t\t\t\t\t\t\t\t\t\n\t\t\t\t\t\t\t<div class=\"blog-recent-post-author\">By Chris Cawthorne<\/div>\n\t\t\t\t\t\t\t<div class=\"blog-recent-post-date\"><i class=\"fa fa-calendar\"><\/i><span>February 20, 2024<\/span><\/div>\n\t\t\t\t\t\t\t<div class=\"blog-recent-post-excerpt\">\n\t\t\t\t\t\t\t\t<p>El Equipo de Implementaci\u00f3n de la NASSA se complace en anunciar el nombramiento de John Hood como Director Regional del Suroeste de la NASSA USA. John es un veterano tirador de competici\u00f3n de silueta de rifle de la zona de Colorado. Esta formaci\u00f3n y su experiencia en su vida profesional aportar\u00e1n mucho valor a la&hellip; <a class=\"more-link\" href=\"https:\/\/nassasilhouette.org\/es-mx\/john-hood-nombrado-director-regional-del-suroeste-de-eeuu\/\">Continue reading <span class=\"screen-reader-text\">John Hood nombrado Director Regional del Suroeste de EEUU<\/span><\/a><\/p>\n\t\t\t\t\t\t\t<\/div>\n\t\t\t\t\t\t\t<a class=\"blog-recent-post-cta\" href=\"https:\/\/nassasilhouette.org\/es-mx\/john-hood-nombrado-director-regional-del-suroeste-de-eeuu\/\">Read More<\/a>\t\n\t\t\t\t\t\t<\/li>\n\n\t\t\t\t  \t\t\t\t\t\n\t\t\t\t\t\t<li class=\"blog-recent-post\">\n\t\t\t\t\t\t\t<a class=\"blog-recent-post-link-group\" href=\"https:\/\/nassasilhouette.org\/es-mx\/kenny-haupricht-nombrado-director-del-noreste-de-ee-uu\/\">\n\t\t\t\t\t\t\t\t<div class=\"blog-recent-post-link-image\" style=\"background-image:url(https:\/\/nassasilhouette.org\/wp-content\/uploads\/2023\/01\/Kenny-Feature-Image-scaled.jpg)\"><\/div>\n\t\t\t\t\t\t\t\t<div class=\"blog-recent-post-link-title\">Kenny Haupricht nombrado Director del Noreste de EE.UU.<\/div>\n\t\t\t\t\t\t\t<\/a>\n\t\t\t\t\t\t\t\n\t\t\t\t\t\t\t\t\t\t\t\t\t\t\n\t\t\t\t\t\t\t<div class=\"blog-recent-post-author\">By Chris Cawthorne<\/div>\n\t\t\t\t\t\t\t<div class=\"blog-recent-post-date\"><i class=\"fa fa-calendar\"><\/i><span>January 5, 2023<\/span><\/div>\n\t\t\t\t\t\t\t<div class=\"blog-recent-post-excerpt\">\n\t\t\t\t\t\t\t\t<p>El Equipo de Implementaci\u00f3n de la NASSA se complace en anunciar el nombramiento de Kenny Haupricht como Director Regional Noreste de la NASSA USA. Kenny ha estado involucrado en Rifle Silhouette desde que su padre y su abuelo le introdujeron en este deporte a una edad muy temprana. Es miembro destacado del Rifle Club de&hellip; <a class=\"more-link\" href=\"https:\/\/nassasilhouette.org\/es-mx\/kenny-haupricht-nombrado-director-del-noreste-de-ee-uu\/\">Continue reading <span class=\"screen-reader-text\">Kenny Haupricht nombrado Director del Noreste de EE.UU.<\/span><\/a><\/p>\n\t\t\t\t\t\t\t<\/div>\n\t\t\t\t\t\t\t<a class=\"blog-recent-post-cta\" href=\"https:\/\/nassasilhouette.org\/es-mx\/kenny-haupricht-nombrado-director-del-noreste-de-ee-uu\/\">Read More<\/a>\t\n\t\t\t\t\t\t<\/li>\n\n\t\t\t\t  \t\t\t\t\t\n\t\t\t\t\t\t<li class=\"blog-recent-post\">\n\t\t\t\t\t\t\t<a class=\"blog-recent-post-link-group\" href=\"https:\/\/nassasilhouette.org\/es-mx\/erich-mietenkorte-nombrado-director-regional-del-noroeste-de-ee-uu\/\">\n\t\t\t\t\t\t\t\t<div class=\"blog-recent-post-link-image\" style=\"background-image:url(https:\/\/nassasilhouette.org\/wp-content\/uploads\/2022\/12\/Erich-Thumbnail.jpg)\"><\/div>\n\t\t\t\t\t\t\t\t<div class=\"blog-recent-post-link-title\">Erich Mietenkorte nombrado Director Regional del Noroeste de EE.UU.<\/div>\n\t\t\t\t\t\t\t<\/a>\n\t\t\t\t\t\t\t\n\t\t\t\t\t\t\t\t\t\t\t\t\t\t\n\t\t\t\t\t\t\t<div class=\"blog-recent-post-author\">By Chris Cawthorne<\/div>\n\t\t\t\t\t\t\t<div class=\"blog-recent-post-date\"><i class=\"fa fa-calendar\"><\/i><span>December 29, 2022<\/span><\/div>\n\t\t\t\t\t\t\t<div class=\"blog-recent-post-excerpt\">\n\t\t\t\t\t\t\t\t<p>El Equipo de Implementaci\u00f3n de la NASSA se complace en anunciar el nombramiento de Erich Mietenkorte como Director Regional del Noroeste de la NASSA USA. La pasi\u00f3n y el entusiasmo de Erich por el tiro de silueta ser\u00e1n de gran beneficio para la organizaci\u00f3n NASSA y sus miembros. Erich trae consigo una determinaci\u00f3n implacable para&hellip; <a class=\"more-link\" href=\"https:\/\/nassasilhouette.org\/es-mx\/erich-mietenkorte-nombrado-director-regional-del-noroeste-de-ee-uu\/\">Continue reading <span class=\"screen-reader-text\">Erich Mietenkorte nombrado Director Regional del Noroeste de EE.UU.<\/span><\/a><\/p>\n\t\t\t\t\t\t\t<\/div>\n\t\t\t\t\t\t\t<a class=\"blog-recent-post-cta\" href=\"https:\/\/nassasilhouette.org\/es-mx\/erich-mietenkorte-nombrado-director-regional-del-noroeste-de-ee-uu\/\">Read More<\/a>\t\n\t\t\t\t\t\t<\/li>\n\n\t\t\t\t  \t\t\t\t\t\n\t\t\t\t\t\t<li class=\"blog-recent-post\">\n\t\t\t\t\t\t\t<a class=\"blog-recent-post-link-group\" href=\"https:\/\/nassasilhouette.org\/es-mx\/matt-judd-nombrado-director-regional-del-sureste-de-ee-uu\/\">\n\t\t\t\t\t\t\t\t<div class=\"blog-recent-post-link-image\" style=\"background-image:url()\"><\/div>\n\t\t\t\t\t\t\t\t<div class=\"blog-recent-post-link-title\">Matt Judd nombrado Director Regional del Sureste de EE.UU.<\/div>\n\t\t\t\t\t\t\t<\/a>\n\t\t\t\t\t\t\t\n\t\t\t\t\t\t\t\t\t\t\t\t\t\t\n\t\t\t\t\t\t\t<div class=\"blog-recent-post-author\">By Chris Cawthorne<\/div>\n\t\t\t\t\t\t\t<div class=\"blog-recent-post-date\"><i class=\"fa fa-calendar\"><\/i><span>November 29, 2022<\/span><\/div>\n\t\t\t\t\t\t\t<div class=\"blog-recent-post-excerpt\">\n\t\t\t\t\t\t\t\t<p>\u00bfQu\u00e9 le espera a la regi\u00f3n del Sureste? El Equipo de Implementaci\u00f3n de la NASSA ha estado trabajando estrechamente con Matt Judd sobre el trabajo de implementaci\u00f3n de la NASSA que queda por delante para la Regi\u00f3n Sureste de EE.UU. y Matt ha hecho la siguiente declaraci\u00f3n: &#8220;Estoy emocionado por la oportunidad de formar parte&hellip; <a class=\"more-link\" href=\"https:\/\/nassasilhouette.org\/es-mx\/matt-judd-nombrado-director-regional-del-sureste-de-ee-uu\/\">Continue reading <span class=\"screen-reader-text\">Matt Judd nombrado Director Regional del Sureste de EE.UU.<\/span><\/a><\/p>\n\t\t\t\t\t\t\t<\/div>\n\t\t\t\t\t\t\t<a class=\"blog-recent-post-cta\" href=\"https:\/\/nassasilhouette.org\/es-mx\/matt-judd-nombrado-director-regional-del-sureste-de-ee-uu\/\">Read More<\/a>\t\n\t\t\t\t\t\t<\/li>\n\n\t\t\t\t  \t\t\t\t\t\n\t\t\t\t\t\t<li class=\"blog-recent-post\">\n\t\t\t\t\t\t\t<a class=\"blog-recent-post-link-group\" href=\"https:\/\/nassasilhouette.org\/es-mx\/chris-cawthorne-nombrado-director-regional-centro-sur-de-ee-uu\/\">\n\t\t\t\t\t\t\t\t<div class=\"blog-recent-post-link-image\" style=\"background-image:url()\"><\/div>\n\t\t\t\t\t\t\t\t<div class=\"blog-recent-post-link-title\">Chris Cawthorne nombrado Director Regional Centro-Sur de EE.UU.<\/div>\n\t\t\t\t\t\t\t<\/a>\n\t\t\t\t\t\t\t\n\t\t\t\t\t\t\t\t\t\t\t\t\t\t\n\t\t\t\t\t\t\t<div class=\"blog-recent-post-author\">By Chris Cawthorne<\/div>\n\t\t\t\t\t\t\t<div class=\"blog-recent-post-date\"><i class=\"fa fa-calendar\"><\/i><span><\/span><\/div>\n\t\t\t\t\t\t\t<div class=\"blog-recent-post-excerpt\">\n\t\t\t\t\t\t\t\t<p>\u00bfQu\u00e9 le espera a la Regi\u00f3n Centro-Sur de EE.UU.? Ya se ha empezado a trabajar en el establecimiento de Iniciativas Regionales 2022-2023 USA South Central para promover el crecimiento de la silueta en la regi\u00f3n. Chris tambi\u00e9n ha empezado a trabajar con otros Directores Regionales de NASSA para aprovechar los recursos cuando la cooperaci\u00f3n mutua&hellip; <a class=\"more-link\" href=\"https:\/\/nassasilhouette.org\/es-mx\/chris-cawthorne-nombrado-director-regional-centro-sur-de-ee-uu\/\">Continue reading <span class=\"screen-reader-text\">Chris Cawthorne nombrado Director Regional Centro-Sur de EE.UU.<\/span><\/a><\/p>\n\t\t\t\t\t\t\t<\/div>\n\t\t\t\t\t\t\t<a class=\"blog-recent-post-cta\" href=\"https:\/\/nassasilhouette.org\/es-mx\/chris-cawthorne-nombrado-director-regional-centro-sur-de-ee-uu\/\">Read More<\/a>\t\n\t\t\t\t\t\t<\/li>\n\n\t\t\t\t  \t\t\t\t\t\n\t\t\t\t\t\t<li class=\"blog-recent-post\">\n\t\t\t\t\t\t\t<a class=\"blog-recent-post-link-group\" href=\"https:\/\/nassasilhouette.org\/es-mx\/nuevo-comunicado-de-prensa\/\">\n\t\t\t\t\t\t\t\t<div class=\"blog-recent-post-link-image\" style=\"background-image:url(https:\/\/nassasilhouette.org\/wp-content\/uploads\/2022\/07\/NASSARidgway-Feature-Image.png)\"><\/div>\n\t\t\t\t\t\t\t\t<div class=\"blog-recent-post-link-title\">Nuevo comunicado de prensa<\/div>\n\t\t\t\t\t\t\t<\/a>\n\t\t\t\t\t\t\t\n\t\t\t\t\t\t\t\t\t\t\t\t\t\t\n\t\t\t\t\t\t\t<div class=\"blog-recent-post-author\">By Tim Steinke<\/div>\n\t\t\t\t\t\t\t<div class=\"blog-recent-post-date\"><i class=\"fa fa-calendar\"><\/i><span>July 14, 2022<\/span><\/div>\n\t\t\t\t\t\t\t<div class=\"blog-recent-post-excerpt\">\n\t\t\t\t\t\t\t\t<p>Hoy acaba de salir un nuevo comunicado de prensa. Aqu\u00ed\u00ad hay m\u00e1s informaci\u00f3n.<\/p>\n\t\t\t\t\t\t\t<\/div>\n\t\t\t\t\t\t\t<a class=\"blog-recent-post-cta\" href=\"https:\/\/nassasilhouette.org\/es-mx\/nuevo-comunicado-de-prensa\/\">Read More<\/a>\t\n\t\t\t\t\t\t<\/li>\n\n\t\t\t\t  \t\t\t\t  \n\t\t\t\t\t\t\t\t<\/ul>\n\n\t\t\t\t\n","protected":false},"excerpt":{"rendered":"<p>El Equipo de Implementaci\u00f3n de la NASSA publicar\u00e1 peri\u00f3dicamente comunicados de prensa de la NASSA en los que se destacar\u00e1n los hitos significativos alcanzados en el marco de nuestro Plan Estrat\u00e9gico de Implementaci\u00f3n de la NASSA. Se tratar\u00e1n temas como: Todos estos comunicados de prensa de NASSA tienen por objeto mantener informados a los miembros&hellip; <a class=\"more-link\" href=\"https:\/\/nassasilhouette.org\/es-mx\/nuevo-comunicado-de-prensa\/\">Continue reading <span class=\"screen-reader-text\">Nuevo comunicado de prensa<\/span><\/a><\/p>\n","protected":false},"author":4,"featured_media":0,"parent":13851,"menu_order":0,"comment_status":"closed","ping_status":"closed","template":"","meta":{"_acf_changed":false,"footnotes":""},"class_list":["post-19573","page","type-page","status-publish","hentry","entry"],"acf":[],"rttpg_featured_image_url":null,"rttpg_author":{"display_name":"Chris Cawthorne","author_link":"https:\/\/nassasilhouette.org\/es-mx\/author\/cecawthorneyahoo-com\/"},"rttpg_comment":0,"rttpg_category":"","rttpg_excerpt":"El Equipo de Implementaci\u00f3n de la NASSA publicar\u00e1 peri\u00f3dicamente comunicados de prensa de la NASSA en los que se destacar\u00e1n los hitos significativos alcanzados en el marco de nuestro Plan Estrat\u00e9gico de Implementaci\u00f3n de la NASSA. Se tratar\u00e1n temas como: Todos estos comunicados de prensa de NASSA tienen por objeto mantener informados a los miembros&hellip;&hellip;","_links":{"self":[{"href":"https:\/\/nassasilhouette.org\/es-mx\/wp-json\/wp\/v2\/pages\/19573","targetHints":{"allow":["GET"]}}],"collection":[{"href":"https:\/\/nassasilhouette.org\/es-mx\/wp-json\/wp\/v2\/pages"}],"about":[{"href":"https:\/\/nassasilhouette.org\/es-mx\/wp-json\/wp\/v2\/types\/page"}],"author":[{"embeddable":true,"href":"https:\/\/nassasilhouette.org\/es-mx\/wp-json\/wp\/v2\/users\/4"}],"replies":[{"embeddable":true,"href":"https:\/\/nassasilhouette.org\/es-mx\/wp-json\/wp\/v2\/comments?post=19573"}],"version-history":[{"count":0,"href":"https:\/\/nassasilhouette.org\/es-mx\/wp-json\/wp\/v2\/pages\/19573\/revisions"}],"up":[{"embeddable":true,"href":"https:\/\/nassasilhouette.org\/es-mx\/wp-json\/wp\/v2\/pages\/13851"}],"wp:attachment":[{"href":"https:\/\/nassasilhouette.org\/es-mx\/wp-json\/wp\/v2\/media?parent=19573"}],"curies":[{"name":"wp","href":"https:\/\/api.w.org\/{rel}","templated":true}]}}