{"id":19570,"date":"2022-01-22T20:32:54","date_gmt":"2022-01-23T02:32:54","guid":{"rendered":"https:\/\/nassasilhouette.org\/regiones-clubes-nassa\/provincias-clubes-de-canada\/asociacion-protectora-de-caza-y-pesca-de-victoria-malahat-bc\/"},"modified":"2022-01-22T20:32:54","modified_gmt":"2022-01-23T02:32:54","slug":"asociacion-protectora-de-caza-y-pesca-de-victoria-malahat-bc","status":"publish","type":"page","link":"https:\/\/nassasilhouette.org\/es-mx\/regiones-clubes-nassa\/provincias-clubes-de-canada\/asociacion-protectora-de-caza-y-pesca-de-victoria-malahat-bc\/","title":{"rendered":"Asociaci\u00f3n Protectora de Caza y Pesca de Victoria &#8211; Malahat, BC"},"content":{"rendered":"\n<div class=\"wp-block-media-text alignwide is-stacked-on-mobile\" style=\"grid-template-columns:15% auto\"><figure class=\"wp-block-media-text__media\"><img loading=\"lazy\" decoding=\"async\" width=\"163\" height=\"217\" src=\"https:\/\/nassasilhouette.org\/wp-content\/uploads\/2022\/01\/VFGPA-logo.jpeg\" alt=\"\" class=\"wp-image-9760 size-full\"><\/figure><div class=\"wp-block-media-text__content\">\n<p>Desde 1919, la Asociaci\u00f3n Protectora de la Caza y la Pesca de Victoria ha mantenido un gran inter\u00e9s por la caza, la pesca, los deportes de tiro y la conservaci\u00f3n. Esta historia y tradici\u00f3n siguen siendo profundamente apreciadas y respetadas por nuestros miembros. Las instalaciones de la Asociaci\u00f3n en el Malahat son un escaparate de nuestra amplitud de intereses y un compromiso con el futuro de nuestro patrimonio.<\/p>\n\n\n\n<p class=\"has-medium-font-size\"><strong>Nuestra visi\u00f3n<\/strong><\/p>\n\n\n\n<p>Nuestra visi\u00f3n es que todos los residentes del sur de la isla de Vancouver se sientan orgullosos de disfrutar con seguridad de los deportes de tiro y otras actividades al aire libre como pasatiempo familiar, y que participen activamente en la gesti\u00f3n de los grandes espacios al aire libre.<\/p>\n\n\n\n<p>Mantenemos una Asociaci\u00f3n gestionada eficazmente, vibrante y en crecimiento, abierta a todos, que ofrecer\u00e1 amplios beneficios y disfrute a los miembros a trav\u00e9s de una diversidad de intereses y oportunidades al aire libre, al tiempo que reconoce y apoya un papel importante en la conservaci\u00f3n de los recursos naturales de la Columbia Brit\u00e1nica.<\/p>\n\n\n\n<p class=\"has-medium-font-size\"><strong>Misi\u00f3n<\/strong><\/p>\n\n\n\n<p>Proporcionar instalaciones y promover el deporte de competici\u00f3n seguro, as\u00ed como el tiro, la pesca y la caza recreativos,&nbsp;, apoyando al mismo tiempo la conservaci\u00f3n de los recursos naturales de la Columbia Brit\u00e1nica como parte de nuestro patrimonio canadiense.<\/p>\n\n\n\n<p class=\"has-medium-font-size\"><strong>Silueta<\/strong><\/p>\n\n\n\n<p>A lo largo del a\u00f1o, el campo de tiro se reserva generalmente a&nbsp;el tercer domingo de cada mes para los concursos de tiro de silueta .22 en nuestro campo de Malahat Mountain.&nbsp; (\u00a1Consulte el calendario del sitio web para confirmar las fechas!) &nbsp;Utilice un rifle del 22 de competici\u00f3n o de campo para ganar pins de premio por precisi\u00f3n. Los novatos son siempre bienvenidos, estaremos encantados de ense\u00f1arles c\u00f3mo.<\/p>\n<\/div><\/div>\n\n\n\n<div style=\"height:50px\" aria-hidden=\"true\" class=\"wp-block-spacer\"><\/div>\n\n\n\n<h2 class=\"has-text-align-center wp-block-heading\">Informaci\u00f3n de contacto<\/h2>\n\n\n\n<p><\/p>\n\n\n\n<figure class=\"wp-block-table is-style-stripes\"><table><tbody><tr><td><strong>P\u00e1gina web<\/strong>:<\/td><td>\n  <a href=\"https:\/\/vfgpa.org\">https:\/\/vfgpa.org<\/a>\n<\/td><\/tr><tr><td><strong>Facebook<\/strong>:<\/td><td>\n  <strong>\n    <a href=\"https:\/\/www.facebook.com\/Victoria-Fish-And-Game-Protective-Association-192591910779361\/\">Asociaci\u00f3n Protectora de Caza y Pesca de Victoria<\/a>\n  <\/strong>\n<\/td><\/tr><tr><td><strong>Direcci\u00f3n comercial<\/strong>:<\/td><td>\n  <strong>P.O. Box 93, Victoria, B.C., V8W 2M1<\/strong>\n<\/td><\/tr><tr><td><strong>Ubicaci\u00f3n del campo de tiro<\/strong>:<\/td><td><strong>700 Holker Place, Malahat, B.C<\/strong>., <meta charset=\"utf-8\"><strong>V8W 2M1<\/strong><\/td><\/tr><tr><td><strong>Contacto principal<\/strong>:<\/td><td>\n  <strong>Xxxx<\/strong>\n<\/td><\/tr><tr><td><strong>Tel\u00e9fono de contacto principal<\/strong>:<\/td><td>\n  <strong>Xxxx<\/strong>\n<\/td><\/tr><tr><td><strong>Correo electr\u00f3nico de contacto principal<\/strong>:<\/td><td>\n  <strong>Xxxx<\/strong>\n<\/td><\/tr><\/tbody><\/table><\/figure>\n\n\n\n<div style=\"height:30px\" aria-hidden=\"true\" class=\"wp-block-spacer\"><\/div>\n\n\n\n<p><\/p>\n\n\n\n<h2 class=\"has-text-align-center wp-block-heading\">Capacidades de la gama Silhouette<\/h2>\n\n\n\n<p><\/p>\n\n\n\n<figure class=\"wp-block-table is-style-stripes\"><table><tbody><tr><td class=\"has-text-align-left\" data-align=\"left\"><strong>Disciplinas<\/strong>:<\/td><td><strong>Range Facilites<\/strong>:<\/td><\/tr><tr><td class=\"has-text-align-left\" data-align=\"left\">\n  <strong>Rifle Smallbore<\/strong>\n<\/td><td>\n  <strong>X Bancos de cada animal<\/strong>\n<\/td><\/tr><tr><td class=\"has-text-align-left\" data-align=\"left\">\n  <strong>Rifle de alta potencia<\/strong>\n<\/td><td>\n  <strong>\n    <meta charset=\"utf-8\">\n    <strong>X Bancos de cada animal<\/strong>\n  <\/strong>\n<\/td><\/tr><tr><td class=\"has-text-align-left\" data-align=\"left\">\n  <strong>Rifle de palanca<\/strong>\n<\/td><td>\n  <strong>\n    <meta charset=\"utf-8\">\n    <strong>X Bancos de cada animal<\/strong>\n  <\/strong>\n<\/td><\/tr><tr><td class=\"has-text-align-left\" data-align=\"left\">\n  <strong>Rifle de aire<\/strong>\n<\/td><td>\n  <strong>X bancos de cada animal<\/strong>\n<\/td><\/tr><\/tbody><\/table><\/figure>\n\n\n\n<div style=\"height:30px\" aria-hidden=\"true\" class=\"wp-block-spacer\"><\/div>\n\n\n\n<h2 class=\"has-text-align-center wp-block-heading\">Instalaciones de la gama Silhouette<\/h2>\n\n\n\n<figure class=\"wp-block-gallery columns-2 is-cropped wp-block-gallery-1 is-layout-flex wp-block-gallery-is-layout-flex\"><ul class=\"blocks-gallery-grid\"><li class=\"blocks-gallery-item\"><figure><a href=\"https:\/\/nassasilhouette.org\/wp-content\/uploads\/2022\/01\/Image-1-1-1-1024x773.png\"><img loading=\"lazy\" decoding=\"async\" width=\"1024\" height=\"773\" src=\"https:\/\/nassasilhouette.org\/wp-content\/uploads\/2022\/01\/Image-1-1-1-1024x773.png\" alt=\"\" data-id=\"9421\" data-link=\"https:\/\/nassasilhouette.org\/nassa-regions\/gun-club-profile-title-city-state\/image-1-1-1\/\" class=\"wp-image-9421\" srcset=\"https:\/\/nassasilhouette.org\/wp-content\/uploads\/2022\/01\/Image-1-1-1-1024x773.png 1024w, https:\/\/nassasilhouette.org\/wp-content\/uploads\/2022\/01\/Image-1-1-1-300x226.png 300w, https:\/\/nassasilhouette.org\/wp-content\/uploads\/2022\/01\/Image-1-1-1-768x580.png 768w, https:\/\/nassasilhouette.org\/wp-content\/uploads\/2022\/01\/Image-1-1-1.png 1457w\" sizes=\"auto, (max-width: 1024px) 100vw, 1024px\" \/><\/a><\/figure><\/li><li class=\"blocks-gallery-item\"><figure><a href=\"https:\/\/nassasilhouette.org\/wp-content\/uploads\/2022\/01\/Image-2-1.png\"><img loading=\"lazy\" decoding=\"async\" width=\"1024\" height=\"773\" src=\"https:\/\/nassasilhouette.org\/wp-content\/uploads\/2022\/01\/Image-2-1-1024x773.png\" alt=\"\" data-id=\"9422\" data-full-url=\"https:\/\/nassasilhouette.org\/wp-content\/uploads\/2022\/01\/Image-2-1.png\" data-link=\"https:\/\/nassasilhouette.org\/nassa-regions\/gun-club-profile-title-city-state\/image-2-1\/\" class=\"wp-image-9422\" srcset=\"https:\/\/nassasilhouette.org\/wp-content\/uploads\/2022\/01\/Image-2-1-1024x773.png 1024w, https:\/\/nassasilhouette.org\/wp-content\/uploads\/2022\/01\/Image-2-1-300x226.png 300w, https:\/\/nassasilhouette.org\/wp-content\/uploads\/2022\/01\/Image-2-1-768x580.png 768w, https:\/\/nassasilhouette.org\/wp-content\/uploads\/2022\/01\/Image-2-1.png 1457w\" sizes=\"auto, (max-width: 1024px) 100vw, 1024px\" \/><\/a><\/figure><\/li><\/ul><\/figure>\n\n\n\n<figure class=\"wp-block-gallery alignwide columns-2 is-cropped wp-block-gallery-2 is-layout-flex wp-block-gallery-is-layout-flex\"><ul class=\"blocks-gallery-grid\"><li class=\"blocks-gallery-item\"><figure><a href=\"https:\/\/nassasilhouette.org\/wp-content\/uploads\/2022\/01\/Image-3-1-1024x773.png\"><img loading=\"lazy\" decoding=\"async\" width=\"1024\" height=\"773\" src=\"https:\/\/nassasilhouette.org\/wp-content\/uploads\/2022\/01\/Image-3-1-1024x773.png\" alt=\"\" data-id=\"9424\" data-link=\"https:\/\/nassasilhouette.org\/nassa-regions\/gun-club-profile-title-city-state\/image-3-1\/\" class=\"wp-image-9424\" srcset=\"https:\/\/nassasilhouette.org\/wp-content\/uploads\/2022\/01\/Image-3-1-1024x773.png 1024w, https:\/\/nassasilhouette.org\/wp-content\/uploads\/2022\/01\/Image-3-1-300x226.png 300w, https:\/\/nassasilhouette.org\/wp-content\/uploads\/2022\/01\/Image-3-1-768x580.png 768w, https:\/\/nassasilhouette.org\/wp-content\/uploads\/2022\/01\/Image-3-1.png 1457w\" sizes=\"auto, (max-width: 1024px) 100vw, 1024px\" \/><\/a><\/figure><\/li><li class=\"blocks-gallery-item\"><figure><a href=\"https:\/\/nassasilhouette.org\/wp-content\/uploads\/2022\/01\/Image-4-1.png\"><img loading=\"lazy\" decoding=\"async\" width=\"1024\" height=\"773\" src=\"https:\/\/nassasilhouette.org\/wp-content\/uploads\/2022\/01\/Image-4-1-1024x773.png\" alt=\"\" data-id=\"9425\" data-full-url=\"https:\/\/nassasilhouette.org\/wp-content\/uploads\/2022\/01\/Image-4-1.png\" data-link=\"https:\/\/nassasilhouette.org\/nassa-regions\/gun-club-profile-title-city-state\/image-4-1\/\" class=\"wp-image-9425\" srcset=\"https:\/\/nassasilhouette.org\/wp-content\/uploads\/2022\/01\/Image-4-1-1024x773.png 1024w, https:\/\/nassasilhouette.org\/wp-content\/uploads\/2022\/01\/Image-4-1-300x226.png 300w, https:\/\/nassasilhouette.org\/wp-content\/uploads\/2022\/01\/Image-4-1-768x580.png 768w, https:\/\/nassasilhouette.org\/wp-content\/uploads\/2022\/01\/Image-4-1.png 1457w\" sizes=\"auto, (max-width: 1024px) 100vw, 1024px\" \/><\/a><\/figure><\/li><\/ul><\/figure>\n\n\n\n<figure class=\"wp-block-gallery alignwide columns-2 is-cropped wp-block-gallery-3 is-layout-flex wp-block-gallery-is-layout-flex\"><ul class=\"blocks-gallery-grid\"><li class=\"blocks-gallery-item\"><figure><a href=\"https:\/\/nassasilhouette.org\/wp-content\/uploads\/2022\/01\/Image-5-1-1024x773.png\"><img loading=\"lazy\" decoding=\"async\" width=\"1024\" height=\"773\" src=\"https:\/\/nassasilhouette.org\/wp-content\/uploads\/2022\/01\/Image-5-1-1024x773.png\" alt=\"\" data-id=\"9426\" data-link=\"https:\/\/nassasilhouette.org\/nassa-regions\/gun-club-profile-title-city-state\/image-5-1\/\" class=\"wp-image-9426\" srcset=\"https:\/\/nassasilhouette.org\/wp-content\/uploads\/2022\/01\/Image-5-1-1024x773.png 1024w, https:\/\/nassasilhouette.org\/wp-content\/uploads\/2022\/01\/Image-5-1-300x226.png 300w, https:\/\/nassasilhouette.org\/wp-content\/uploads\/2022\/01\/Image-5-1-768x580.png 768w, https:\/\/nassasilhouette.org\/wp-content\/uploads\/2022\/01\/Image-5-1.png 1457w\" sizes=\"auto, (max-width: 1024px) 100vw, 1024px\" \/><\/a><\/figure><\/li><li class=\"blocks-gallery-item\"><figure><a href=\"https:\/\/nassasilhouette.org\/wp-content\/uploads\/2022\/01\/Image-6-1.png\"><img loading=\"lazy\" decoding=\"async\" width=\"1024\" height=\"773\" src=\"https:\/\/nassasilhouette.org\/wp-content\/uploads\/2022\/01\/Image-6-1-1024x773.png\" alt=\"\" data-id=\"9427\" data-full-url=\"https:\/\/nassasilhouette.org\/wp-content\/uploads\/2022\/01\/Image-6-1.png\" data-link=\"https:\/\/nassasilhouette.org\/nassa-regions\/gun-club-profile-title-city-state\/image-6-1\/\" class=\"wp-image-9427\" srcset=\"https:\/\/nassasilhouette.org\/wp-content\/uploads\/2022\/01\/Image-6-1-1024x773.png 1024w, https:\/\/nassasilhouette.org\/wp-content\/uploads\/2022\/01\/Image-6-1-300x226.png 300w, https:\/\/nassasilhouette.org\/wp-content\/uploads\/2022\/01\/Image-6-1-768x580.png 768w, https:\/\/nassasilhouette.org\/wp-content\/uploads\/2022\/01\/Image-6-1.png 1457w\" sizes=\"auto, (max-width: 1024px) 100vw, 1024px\" \/><\/a><\/figure><\/li><\/ul><\/figure>\n\n\n\n<figure class=\"wp-block-gallery alignwide columns-2 is-cropped wp-block-gallery-4 is-layout-flex wp-block-gallery-is-layout-flex\"><ul class=\"blocks-gallery-grid\"><li class=\"blocks-gallery-item\"><figure><a href=\"https:\/\/nassasilhouette.org\/wp-content\/uploads\/2022\/01\/Image-7-1-1024x773.png\"><img loading=\"lazy\" decoding=\"async\" width=\"1024\" height=\"773\" src=\"https:\/\/nassasilhouette.org\/wp-content\/uploads\/2022\/01\/Image-7-1-1024x773.png\" alt=\"\" data-id=\"9428\" data-link=\"https:\/\/nassasilhouette.org\/nassa-regions\/gun-club-profile-title-city-state\/image-7-1\/\" class=\"wp-image-9428\" srcset=\"https:\/\/nassasilhouette.org\/wp-content\/uploads\/2022\/01\/Image-7-1-1024x773.png 1024w, https:\/\/nassasilhouette.org\/wp-content\/uploads\/2022\/01\/Image-7-1-300x226.png 300w, https:\/\/nassasilhouette.org\/wp-content\/uploads\/2022\/01\/Image-7-1-768x580.png 768w, https:\/\/nassasilhouette.org\/wp-content\/uploads\/2022\/01\/Image-7-1.png 1457w\" sizes=\"auto, (max-width: 1024px) 100vw, 1024px\" \/><\/a><\/figure><\/li><li class=\"blocks-gallery-item\"><figure><a href=\"https:\/\/nassasilhouette.org\/wp-content\/uploads\/2022\/01\/Image-8-1.png\"><img loading=\"lazy\" decoding=\"async\" width=\"1024\" height=\"773\" src=\"https:\/\/nassasilhouette.org\/wp-content\/uploads\/2022\/01\/Image-8-1-1024x773.png\" alt=\"\" data-id=\"9429\" data-full-url=\"https:\/\/nassasilhouette.org\/wp-content\/uploads\/2022\/01\/Image-8-1.png\" data-link=\"https:\/\/nassasilhouette.org\/nassa-regions\/gun-club-profile-title-city-state\/image-8-1\/\" class=\"wp-image-9429\" srcset=\"https:\/\/nassasilhouette.org\/wp-content\/uploads\/2022\/01\/Image-8-1-1024x773.png 1024w, https:\/\/nassasilhouette.org\/wp-content\/uploads\/2022\/01\/Image-8-1-300x226.png 300w, https:\/\/nassasilhouette.org\/wp-content\/uploads\/2022\/01\/Image-8-1-768x580.png 768w, https:\/\/nassasilhouette.org\/wp-content\/uploads\/2022\/01\/Image-8-1.png 1457w\" sizes=\"auto, (max-width: 1024px) 100vw, 1024px\" \/><\/a><\/figure><\/li><\/ul><\/figure>\n\n\n\n<figure class=\"wp-block-gallery alignwide columns-2 is-cropped wp-block-gallery-5 is-layout-flex wp-block-gallery-is-layout-flex\"><ul class=\"blocks-gallery-grid\"><li class=\"blocks-gallery-item\"><figure><a href=\"https:\/\/nassasilhouette.org\/wp-content\/uploads\/2022\/01\/Image-9-1-1024x773.png\"><img loading=\"lazy\" decoding=\"async\" width=\"1024\" height=\"773\" src=\"https:\/\/nassasilhouette.org\/wp-content\/uploads\/2022\/01\/Image-9-1-1024x773.png\" alt=\"\" data-id=\"9430\" data-link=\"https:\/\/nassasilhouette.org\/nassa-regions\/gun-club-profile-title-city-state\/image-9-1\/\" class=\"wp-image-9430\" srcset=\"https:\/\/nassasilhouette.org\/wp-content\/uploads\/2022\/01\/Image-9-1-1024x773.png 1024w, https:\/\/nassasilhouette.org\/wp-content\/uploads\/2022\/01\/Image-9-1-300x226.png 300w, https:\/\/nassasilhouette.org\/wp-content\/uploads\/2022\/01\/Image-9-1-768x580.png 768w, https:\/\/nassasilhouette.org\/wp-content\/uploads\/2022\/01\/Image-9-1.png 1457w\" sizes=\"auto, (max-width: 1024px) 100vw, 1024px\" \/><\/a><\/figure><\/li><li class=\"blocks-gallery-item\"><figure><a href=\"https:\/\/nassasilhouette.org\/wp-content\/uploads\/2022\/01\/Image-10-1.png\"><img loading=\"lazy\" decoding=\"async\" width=\"1024\" height=\"773\" src=\"https:\/\/nassasilhouette.org\/wp-content\/uploads\/2022\/01\/Image-10-1-1024x773.png\" alt=\"\" data-id=\"9431\" data-full-url=\"https:\/\/nassasilhouette.org\/wp-content\/uploads\/2022\/01\/Image-10-1.png\" data-link=\"https:\/\/nassasilhouette.org\/nassa-regions\/gun-club-profile-title-city-state\/image-10-1\/\" class=\"wp-image-9431\" srcset=\"https:\/\/nassasilhouette.org\/wp-content\/uploads\/2022\/01\/Image-10-1-1024x773.png 1024w, https:\/\/nassasilhouette.org\/wp-content\/uploads\/2022\/01\/Image-10-1-300x226.png 300w, https:\/\/nassasilhouette.org\/wp-content\/uploads\/2022\/01\/Image-10-1-768x580.png 768w, https:\/\/nassasilhouette.org\/wp-content\/uploads\/2022\/01\/Image-10-1.png 1457w\" sizes=\"auto, (max-width: 1024px) 100vw, 1024px\" \/><\/a><\/figure><\/li><\/ul><\/figure>\n","protected":false},"excerpt":{"rendered":"<p>Desde 1919, la Asociaci\u00f3n Protectora de la Caza y la Pesca de Victoria ha mantenido un gran inter\u00e9s por la caza, la pesca, los deportes de tiro y la conservaci\u00f3n. Esta historia y tradici\u00f3n siguen siendo profundamente apreciadas y respetadas por nuestros miembros. Las instalaciones de la Asociaci\u00f3n en el Malahat son un escaparate de&hellip; <a class=\"more-link\" href=\"https:\/\/nassasilhouette.org\/es-mx\/regiones-clubes-nassa\/provincias-clubes-de-canada\/asociacion-protectora-de-caza-y-pesca-de-victoria-malahat-bc\/\">Continue reading <span class=\"screen-reader-text\">Asociaci\u00f3n Protectora de Caza y Pesca de Victoria &#8211; Malahat, BC<\/span><\/a><\/p>\n","protected":false},"author":4,"featured_media":0,"parent":19526,"menu_order":0,"comment_status":"closed","ping_status":"closed","template":"","meta":{"_acf_changed":false,"footnotes":""},"class_list":["post-19570","page","type-page","status-publish","hentry","entry"],"acf":[],"rttpg_featured_image_url":null,"rttpg_author":{"display_name":"Chris Cawthorne","author_link":"https:\/\/nassasilhouette.org\/es-mx\/author\/cecawthorneyahoo-com\/"},"rttpg_comment":0,"rttpg_category":" <a href=\"https:\/\/nassasilhouette.org\/es-mx\/?taxonomy=translation_priority&#038;term=optional-es-mx\" rel=\"tag\">Optional<\/a>","rttpg_excerpt":"Desde 1919, la Asociaci\u00f3n Protectora de la Caza y la Pesca de Victoria ha mantenido un gran inter\u00e9s por la caza, la pesca, los deportes de tiro y la conservaci\u00f3n. Esta historia y tradici\u00f3n siguen siendo profundamente apreciadas y respetadas por nuestros miembros. Las instalaciones de la Asociaci\u00f3n en el Malahat son un escaparate de&hellip;&hellip;","_links":{"self":[{"href":"https:\/\/nassasilhouette.org\/es-mx\/wp-json\/wp\/v2\/pages\/19570","targetHints":{"allow":["GET"]}}],"collection":[{"href":"https:\/\/nassasilhouette.org\/es-mx\/wp-json\/wp\/v2\/pages"}],"about":[{"href":"https:\/\/nassasilhouette.org\/es-mx\/wp-json\/wp\/v2\/types\/page"}],"author":[{"embeddable":true,"href":"https:\/\/nassasilhouette.org\/es-mx\/wp-json\/wp\/v2\/users\/4"}],"replies":[{"embeddable":true,"href":"https:\/\/nassasilhouette.org\/es-mx\/wp-json\/wp\/v2\/comments?post=19570"}],"version-history":[{"count":0,"href":"https:\/\/nassasilhouette.org\/es-mx\/wp-json\/wp\/v2\/pages\/19570\/revisions"}],"up":[{"embeddable":true,"href":"https:\/\/nassasilhouette.org\/es-mx\/wp-json\/wp\/v2\/pages\/19526"}],"wp:attachment":[{"href":"https:\/\/nassasilhouette.org\/es-mx\/wp-json\/wp\/v2\/media?parent=19570"}],"curies":[{"name":"wp","href":"https:\/\/api.w.org\/{rel}","templated":true}]}}