{"id":19568,"date":"2022-01-04T13:39:09","date_gmt":"2022-01-04T19:39:09","guid":{"rendered":"https:\/\/nassasilhouette.org\/region-noreste-clubes\/club-del-rifle-de-ridgway\/"},"modified":"2024-08-08T12:58:47","modified_gmt":"2024-08-08T17:58:47","slug":"club-del-rifle-de-ridgway","status":"publish","type":"page","link":"https:\/\/nassasilhouette.org\/es-mx\/regiones-clubes-nassa\/regiones-clubes-de-ee-uu\/region-noreste-clubes\/club-del-rifle-de-ridgway\/","title":{"rendered":"Club del Rifle de Ridgway"},"content":{"rendered":"\n<div class=\"wp-block-media-text alignwide is-stacked-on-mobile\" style=\"grid-template-columns:20% auto\"><figure class=\"wp-block-media-text__media\"><img loading=\"lazy\" decoding=\"async\" width=\"278\" height=\"138\" src=\"https:\/\/nassasilhouette.org\/wp-content\/uploads\/2022\/01\/Ridgway-Logo.png\" alt=\"\" class=\"wp-image-8523 size-full\"><\/figure><div class=\"wp-block-media-text__content\">\n<p><meta charset=\"utf-8\">Fundado en 1927 como Club de Rifle y Pistola de Ridgway, el nombre cambi\u00f3 a Club de Rifle de Ridgway en 1935. El club particip\u00f3 en muchas actividades y eventos diferentes a lo largo de los a\u00f1os y luego, a principios de la d\u00e9cada de 1970, el Rifle Club Ridgway estableci\u00f3 el primer campo de tiro de siluetas al este del r\u00edo Mississippi. Al principio, fue la sede de muchos Campeonatos Estatales y Regionales, antes de que los miembros del club empezaran a poner sus miras m\u00e1s altas, en el Campeonato Nacional. Finalmente, en 1985, el Rifle Club de Ridgway recibi\u00f3 la noticia de que organizar\u00edan su primer Campeonato Nacional de Silueta con Rifle de Alta Potencia.  <\/p>\n\n\n\n<p><meta charset=\"utf-8\">Una vez que los miembros recibieron la noticia de que acoger\u00edan los Campeonatos Nacionales, comenz\u00f3 el trabajo para crear un campo de tiro de alta potencia para los Campeonatos Nacionales. Los miembros del club que planeaban competir en el pr\u00f3ximo Campeonato empezaron a pagar sus cuotas de entrada en febrero para que el Club de Rifle Ridgway pudiera crear un campo de tiro digno de los Campeonatos Nacionales de Silueta. Los miembros del club se sintieron muy orgullosos y satisfechos cuando las instalaciones del campo de tiro recibieron los elogios de los competidores que viajaron a Ridgway para participar en nuestros primeros Nacionales.<\/p>\n\n\n\n<p><meta charset=\"utf-8\">Desde entonces, Ridgway ha organizado m\u00e1s Campeonatos Nacionales que ning\u00fan otro club independiente del pa\u00eds. Nuestras instalaciones de tiro siguen siendo favorecidas por los rangos de tiro con muchos r\u00e9cords nacionales que se establecen mientras se compite aqu\u00ed y nuestra reputaci\u00f3n de tener una competencia de calidad en un entorno agradable sigue atrayendo a tiradores de largas distancias a Ridgway. En 2021, el Rifle Club Ridgway tuvo la oportunidad de acoger los 4 Campeonatos Nacionales (P\u00f3lvora Negra, Acci\u00f3n de Palanca, Small-Bore y Hi Power). Para los Lever Action y Black Powder Nationals, habr\u00eda sido la primera vez que se celebran en el este de EE.UU..  <\/p>\n\n\n\n<p><meta charset=\"utf-8\">Esta fue una gran oportunidad para mostrar nuestros rangos de silueta de clase mundial a la comunidad de silueta y uno de los eventos m\u00e1s sorprendentes que ocurrieron en los Nacionales fue una presentaci\u00f3n de una de las siluetas originales YU o EWE, regalada al Club de Rifle Ridgway por el Club de Tiro, Caza y Pesca A.C. Fernando Hage en honor a todo lo que hemos hecho por el deporte del tiro de silueta. Este YU o EWE est\u00e1 expuesto en nuestra sede principal para que todos los visitantes puedan verlo.<\/p>\n<\/div><\/div>\n\n\n\n<div style=\"height:50px\" aria-hidden=\"true\" class=\"wp-block-spacer\"><\/div>\n\n\n\n<h2 class=\"has-text-align-center wp-block-heading\">Informaci\u00f3n de contacto<\/h2>\n\n\n\n<p><\/p>\n\n\n\n<figure class=\"wp-block-table is-style-stripes\"><table><tbody><tr><td><strong>P\u00e1gina web<\/strong>:<\/td><td>\n  <a href=\"http:\/\/ridgwayrifleclub.com\/\" data-type=\"URL\" data-id=\"http:\/\/ridgwayrifleclub.com\/\">Club del Rifle de Ridgway<\/a>\n<\/td><\/tr><tr><td><strong>Facebook<\/strong>:<\/td><td>\n  <strong>Club del Rifle de Ridgway<\/strong>\n<\/td><\/tr><tr><td><strong>Direcci\u00f3n comercial<\/strong>:<\/td><td>\n  <strong>152 Grant Rd, Ridgway, PA 15853<\/strong>\n<\/td><\/tr><tr><td><strong>Direcci\u00f3n de la Casa Club<\/strong>:<\/td><td>\n  <strong>152 Grant Rd #10, Ridgway, PA 15853<\/strong>\n<\/td><\/tr><tr><td><strong>Contacto principal<\/strong>:<\/td><td>\n  <strong>Kenny Haupricht<\/strong>\n<\/td><\/tr><tr><td><strong>Tel\u00e9fono de contacto principal<\/strong><\/td><td>\n  <strong>814-389-6557<\/strong>\n<\/td><\/tr><tr><td><strong>Correo electr\u00f3nico de contacto principal<\/strong>:<\/td><td>\n  <strong>kghaupricht@yahoo.com<\/strong>\n<\/td><\/tr><\/tbody><\/table><\/figure>\n\n\n\n<div style=\"height:30px\" aria-hidden=\"true\" class=\"wp-block-spacer\"><\/div>\n\n\n\n<p><\/p>\n\n\n\n<h2 class=\"has-text-align-center wp-block-heading\">Capacidades de la gama Silhouette<\/h2>\n\n\n\n<p><\/p>\n\n\n\n<figure class=\"wp-block-table is-style-stripes\"><table><tbody><tr><td class=\"has-text-align-left\" data-align=\"left\"><strong>Disciplinas<\/strong>:<\/td><td><strong>Range Facilites<\/strong>:<\/td><\/tr><tr><td class=\"has-text-align-left\" data-align=\"left\">\n  <strong>Rifle Smallbore<\/strong>\n<\/td><td>\n  <strong>10 bancos de cada animal<\/strong>\n<\/td><\/tr><tr><td class=\"has-text-align-left\" data-align=\"left\">\n  <strong>Rifle de alta potencia<\/strong>\n<\/td><td>\n  <strong>10 bancos de cada animal<\/strong>\n<\/td><\/tr><tr><td class=\"has-text-align-left\" data-align=\"left\">\n  <strong>Rifle de palanca<\/strong>\n<\/td><td>\n  <strong>10 bancos de cada animal<\/strong>\n<\/td><\/tr><tr><td class=\"has-text-align-left\" data-align=\"left\">\n  <strong>P\u00f3lvora negra<\/strong>\n<\/td><td>\n  <strong>10 bancos de cada animal<\/strong>\n<\/td><\/tr><\/tbody><\/table><\/figure>\n\n\n\n<div style=\"height:30px\" aria-hidden=\"true\" class=\"wp-block-spacer\"><\/div>\n\n\n\n<h2 class=\"has-text-align-center wp-block-heading\">Instalaciones de la gama Silhouette<\/h2>\n\n\n\n<figure class=\"wp-block-gallery columns-1 is-cropped wp-block-gallery-1 is-layout-flex wp-block-gallery-is-layout-flex\"><ul class=\"blocks-gallery-grid\"><li class=\"blocks-gallery-item\"><figure><a href=\"https:\/\/nassasilhouette.org\/wp-content\/uploads\/2022\/01\/Ridgway-1-LA-Range.jpg\"><img loading=\"lazy\" decoding=\"async\" width=\"1024\" height=\"577\" src=\"https:\/\/nassasilhouette.org\/wp-content\/uploads\/2022\/01\/Ridgway-1-LA-Range-1024x577.jpg\" alt=\"\" data-id=\"8772\" data-full-url=\"https:\/\/nassasilhouette.org\/wp-content\/uploads\/2022\/01\/Ridgway-1-LA-Range.jpg\" data-link=\"https:\/\/nassasilhouette.org\/nassa-regions\/usa-gun-clubs\/northeast\/ridgway-rifle-club\/ridgway-1-la-range\/\" class=\"wp-image-8772\" srcset=\"https:\/\/nassasilhouette.org\/wp-content\/uploads\/2022\/01\/Ridgway-1-LA-Range-1024x577.jpg 1024w, https:\/\/nassasilhouette.org\/wp-content\/uploads\/2022\/01\/Ridgway-1-LA-Range-300x169.jpg 300w, https:\/\/nassasilhouette.org\/wp-content\/uploads\/2022\/01\/Ridgway-1-LA-Range-768x433.jpg 768w, https:\/\/nassasilhouette.org\/wp-content\/uploads\/2022\/01\/Ridgway-1-LA-Range-1536x866.jpg 1536w, https:\/\/nassasilhouette.org\/wp-content\/uploads\/2022\/01\/Ridgway-1-LA-Range-2048x1154.jpg 2048w\" sizes=\"auto, (max-width: 1024px) 100vw, 1024px\" \/><\/a><figcaption class=\"blocks-gallery-item__caption\">Campo de tiro para los Campeonatos Nacionales de Silueta 2021<\/figcaption><\/figure><\/li><\/ul><\/figure>\n\n\n\n<figure class=\"wp-block-gallery alignwide columns-2 is-cropped wp-block-gallery-2 is-layout-flex wp-block-gallery-is-layout-flex\"><ul class=\"blocks-gallery-grid\"><li class=\"blocks-gallery-item\"><figure><a href=\"https:\/\/nassasilhouette.org\/wp-content\/uploads\/2022\/01\/Ridgway-2-LA-Range.jpg\"><img loading=\"lazy\" decoding=\"async\" width=\"960\" height=\"720\" src=\"https:\/\/nassasilhouette.org\/wp-content\/uploads\/2022\/01\/Ridgway-2-LA-Range.jpg\" alt=\"\" data-id=\"8773\" data-link=\"https:\/\/nassasilhouette.org\/nassa-regions\/usa-gun-clubs\/northeast\/ridgway-rifle-club\/ridgway-2-la-range\/\" class=\"wp-image-8773\" srcset=\"https:\/\/nassasilhouette.org\/wp-content\/uploads\/2022\/01\/Ridgway-2-LA-Range.jpg 960w, https:\/\/nassasilhouette.org\/wp-content\/uploads\/2022\/01\/Ridgway-2-LA-Range-300x225.jpg 300w, https:\/\/nassasilhouette.org\/wp-content\/uploads\/2022\/01\/Ridgway-2-LA-Range-768x576.jpg 768w\" sizes=\"auto, (max-width: 960px) 100vw, 960px\" \/><\/a><figcaption class=\"blocks-gallery-item__caption\">Vista del campo de tiro de palanca desde la l\u00ednea de carneros<\/figcaption><\/figure><\/li><li class=\"blocks-gallery-item\"><figure><a href=\"https:\/\/nassasilhouette.org\/wp-content\/uploads\/2022\/01\/Ridgway-3-LA-Nationals-2-Henry-Rifles-Donated.jpg\"><img loading=\"lazy\" decoding=\"async\" width=\"1024\" height=\"685\" src=\"https:\/\/nassasilhouette.org\/wp-content\/uploads\/2022\/01\/Ridgway-3-LA-Nationals-2-Henry-Rifles-Donated-1024x685.jpg\" alt=\"\" data-id=\"8775\" data-full-url=\"https:\/\/nassasilhouette.org\/wp-content\/uploads\/2022\/01\/Ridgway-3-LA-Nationals-2-Henry-Rifles-Donated.jpg\" data-link=\"https:\/\/nassasilhouette.org\/nassa-regions\/usa-gun-clubs\/northeast\/ridgway-rifle-club\/ridgway-3-la-nationals-2-henry-rifles-donated\/\" class=\"wp-image-8775\" srcset=\"https:\/\/nassasilhouette.org\/wp-content\/uploads\/2022\/01\/Ridgway-3-LA-Nationals-2-Henry-Rifles-Donated-1024x685.jpg 1024w, https:\/\/nassasilhouette.org\/wp-content\/uploads\/2022\/01\/Ridgway-3-LA-Nationals-2-Henry-Rifles-Donated-300x201.jpg 300w, https:\/\/nassasilhouette.org\/wp-content\/uploads\/2022\/01\/Ridgway-3-LA-Nationals-2-Henry-Rifles-Donated-768x514.jpg 768w, https:\/\/nassasilhouette.org\/wp-content\/uploads\/2022\/01\/Ridgway-3-LA-Nationals-2-Henry-Rifles-Donated-1536x1028.jpg 1536w, https:\/\/nassasilhouette.org\/wp-content\/uploads\/2022\/01\/Ridgway-3-LA-Nationals-2-Henry-Rifles-Donated.jpg 1936w\" sizes=\"auto, (max-width: 1024px) 100vw, 1024px\" \/><\/a><figcaption class=\"blocks-gallery-item__caption\">(2) Regalos de rifles Henry en los Nacionales de Los \u00c1ngeles 2021<\/figcaption><\/figure><\/li><\/ul><\/figure>\n\n\n\n<figure class=\"wp-block-gallery alignwide columns-1 is-cropped wp-block-gallery-3 is-layout-flex wp-block-gallery-is-layout-flex\"><ul class=\"blocks-gallery-grid\"><li class=\"blocks-gallery-item\"><figure><a href=\"https:\/\/nassasilhouette.org\/wp-content\/uploads\/2022\/01\/Ridgway-4-SB-Nationals-Range-1024x768.jpg\"><img loading=\"lazy\" decoding=\"async\" width=\"1024\" height=\"768\" src=\"https:\/\/nassasilhouette.org\/wp-content\/uploads\/2022\/01\/Ridgway-4-SB-Nationals-Range-1024x768.jpg\" alt=\"\" data-id=\"8776\" data-link=\"https:\/\/nassasilhouette.org\/nassa-regions\/usa-gun-clubs\/northeast\/ridgway-rifle-club\/ridgway-4-sb-nationals-range\/\" class=\"wp-image-8776\" srcset=\"https:\/\/nassasilhouette.org\/wp-content\/uploads\/2022\/01\/Ridgway-4-SB-Nationals-Range-1024x768.jpg 1024w, https:\/\/nassasilhouette.org\/wp-content\/uploads\/2022\/01\/Ridgway-4-SB-Nationals-Range-300x225.jpg 300w, https:\/\/nassasilhouette.org\/wp-content\/uploads\/2022\/01\/Ridgway-4-SB-Nationals-Range-768x576.jpg 768w, https:\/\/nassasilhouette.org\/wp-content\/uploads\/2022\/01\/Ridgway-4-SB-Nationals-Range-1536x1152.jpg 1536w, https:\/\/nassasilhouette.org\/wp-content\/uploads\/2022\/01\/Ridgway-4-SB-Nationals-Range.jpg 2048w\" sizes=\"auto, (max-width: 1024px) 100vw, 1024px\" \/><\/a><figcaption class=\"blocks-gallery-item__caption\">Campo de tiro Smallbore Silhouette &#8211; \u00a1Alto el fuego para los osos!<\/figcaption><\/figure><\/li><\/ul><\/figure>\n\n\n\n<figure class=\"wp-block-gallery columns-2 is-cropped wp-block-gallery-4 is-layout-flex wp-block-gallery-is-layout-flex\"><ul class=\"blocks-gallery-grid\"><li class=\"blocks-gallery-item\"><figure><img loading=\"lazy\" decoding=\"async\" width=\"1024\" height=\"683\" src=\"https:\/\/nassasilhouette.org\/wp-content\/uploads\/2022\/01\/Ridgway-5-SB-2021-Nationals-Firing-Line-2-1024x683.jpg\" alt=\"\" data-id=\"8783\" data-link=\"https:\/\/nassasilhouette.org\/nassa-regions\/usa-gun-clubs\/northeast\/ridgway-rifle-club\/ridgway-5-sb-2021-nationals-firing-line-2\/\" class=\"wp-image-8783\" srcset=\"https:\/\/nassasilhouette.org\/wp-content\/uploads\/2022\/01\/Ridgway-5-SB-2021-Nationals-Firing-Line-2-1024x683.jpg 1024w, https:\/\/nassasilhouette.org\/wp-content\/uploads\/2022\/01\/Ridgway-5-SB-2021-Nationals-Firing-Line-2-300x200.jpg 300w, https:\/\/nassasilhouette.org\/wp-content\/uploads\/2022\/01\/Ridgway-5-SB-2021-Nationals-Firing-Line-2-768x512.jpg 768w, https:\/\/nassasilhouette.org\/wp-content\/uploads\/2022\/01\/Ridgway-5-SB-2021-Nationals-Firing-Line-2-1536x1024.jpg 1536w, https:\/\/nassasilhouette.org\/wp-content\/uploads\/2022\/01\/Ridgway-5-SB-2021-Nationals-Firing-Line-2.jpg 1776w\" sizes=\"auto, (max-width: 1024px) 100vw, 1024px\" \/><figcaption class=\"blocks-gallery-item__caption\">2021 SB Nationals L\u00ednea de fuego<\/figcaption><\/figure><\/li><li class=\"blocks-gallery-item\"><figure><img loading=\"lazy\" decoding=\"async\" width=\"1024\" height=\"683\" src=\"https:\/\/nassasilhouette.org\/wp-content\/uploads\/2022\/01\/Ridgway-6-Ewe-Presentation-1024x683.jpg\" alt=\"\" data-id=\"8784\" data-full-url=\"https:\/\/nassasilhouette.org\/wp-content\/uploads\/2022\/01\/Ridgway-6-Ewe-Presentation.jpg\" data-link=\"https:\/\/nassasilhouette.org\/nassa-regions\/usa-gun-clubs\/northeast\/ridgway-rifle-club\/ridgway-6-ewe-presentation\/\" class=\"wp-image-8784\" srcset=\"https:\/\/nassasilhouette.org\/wp-content\/uploads\/2022\/01\/Ridgway-6-Ewe-Presentation-1024x683.jpg 1024w, https:\/\/nassasilhouette.org\/wp-content\/uploads\/2022\/01\/Ridgway-6-Ewe-Presentation-300x200.jpg 300w, https:\/\/nassasilhouette.org\/wp-content\/uploads\/2022\/01\/Ridgway-6-Ewe-Presentation-768x512.jpg 768w, https:\/\/nassasilhouette.org\/wp-content\/uploads\/2022\/01\/Ridgway-6-Ewe-Presentation-1536x1024.jpg 1536w, https:\/\/nassasilhouette.org\/wp-content\/uploads\/2022\/01\/Ridgway-6-Ewe-Presentation.jpg 1776w\" sizes=\"auto, (max-width: 1024px) 100vw, 1024px\" \/><figcaption class=\"blocks-gallery-item__caption\">\u00a1Regalo de una Oveja Original al Club del Rifle de Ridgway!<\/figcaption><\/figure><\/li><\/ul><\/figure>\n\n\n\n<figure class=\"wp-block-gallery alignwide columns-1 is-cropped wp-block-gallery-5 is-layout-flex wp-block-gallery-is-layout-flex\"><ul class=\"blocks-gallery-grid\"><li class=\"blocks-gallery-item\"><figure><a href=\"https:\/\/nassasilhouette.org\/wp-content\/uploads\/2022\/01\/Ridgway-7-HP-Range.jpg\"><img loading=\"lazy\" decoding=\"async\" width=\"720\" height=\"272\" src=\"https:\/\/nassasilhouette.org\/wp-content\/uploads\/2022\/01\/Ridgway-7-HP-Range.jpg\" alt=\"\" data-id=\"8778\" data-full-url=\"https:\/\/nassasilhouette.org\/wp-content\/uploads\/2022\/01\/Ridgway-7-HP-Range.jpg\" data-link=\"https:\/\/nassasilhouette.org\/nassa-regions\/usa-gun-clubs\/northeast\/ridgway-rifle-club\/ridgway-7-hp-range\/\" class=\"wp-image-8778\" srcset=\"https:\/\/nassasilhouette.org\/wp-content\/uploads\/2022\/01\/Ridgway-7-HP-Range.jpg 720w, https:\/\/nassasilhouette.org\/wp-content\/uploads\/2022\/01\/Ridgway-7-HP-Range-300x113.jpg 300w\" sizes=\"auto, (max-width: 720px) 100vw, 720px\" \/><\/a><figcaption class=\"blocks-gallery-item__caption\">Gama de Alta Potencia para los Campeonatos Nacionales de Silueta 2021<\/figcaption><\/figure><\/li><\/ul><\/figure>\n\n\n\n<figure class=\"wp-block-gallery alignwide columns-2 is-cropped wp-block-gallery-6 is-layout-flex wp-block-gallery-is-layout-flex\"><ul class=\"blocks-gallery-grid\"><li class=\"blocks-gallery-item\"><figure><a href=\"https:\/\/nassasilhouette.org\/wp-content\/uploads\/2022\/01\/Ridgway-8-HP-Range-Ready-Area-1024x768.jpeg\"><img loading=\"lazy\" decoding=\"async\" width=\"1024\" height=\"768\" src=\"https:\/\/nassasilhouette.org\/wp-content\/uploads\/2022\/01\/Ridgway-8-HP-Range-Ready-Area-1024x768.jpeg\" alt=\"\" data-id=\"8779\" data-link=\"https:\/\/nassasilhouette.org\/nassa-regions\/usa-gun-clubs\/northeast\/ridgway-rifle-club\/ridgway-8-hp-range-ready-area\/\" class=\"wp-image-8779\" srcset=\"https:\/\/nassasilhouette.org\/wp-content\/uploads\/2022\/01\/Ridgway-8-HP-Range-Ready-Area-1024x768.jpeg 1024w, https:\/\/nassasilhouette.org\/wp-content\/uploads\/2022\/01\/Ridgway-8-HP-Range-Ready-Area-300x225.jpeg 300w, https:\/\/nassasilhouette.org\/wp-content\/uploads\/2022\/01\/Ridgway-8-HP-Range-Ready-Area-768x576.jpeg 768w, https:\/\/nassasilhouette.org\/wp-content\/uploads\/2022\/01\/Ridgway-8-HP-Range-Ready-Area-1536x1152.jpeg 1536w, https:\/\/nassasilhouette.org\/wp-content\/uploads\/2022\/01\/Ridgway-8-HP-Range-Ready-Area-2048x1536.jpeg 2048w\" sizes=\"auto, (max-width: 1024px) 100vw, 1024px\" \/><\/a><figcaption class=\"blocks-gallery-item__caption\">Zona lista para la gama HP<\/figcaption><\/figure><\/li><li class=\"blocks-gallery-item\"><figure><a href=\"https:\/\/nassasilhouette.org\/wp-content\/uploads\/2022\/01\/Ridgway-9-HP-Rifles-scaled.jpeg\"><img loading=\"lazy\" decoding=\"async\" width=\"1024\" height=\"768\" src=\"https:\/\/nassasilhouette.org\/wp-content\/uploads\/2022\/01\/Ridgway-9-HP-Rifles-1024x768.jpeg\" alt=\"\" data-id=\"8780\" data-full-url=\"https:\/\/nassasilhouette.org\/wp-content\/uploads\/2022\/01\/Ridgway-9-HP-Rifles-scaled.jpeg\" data-link=\"https:\/\/nassasilhouette.org\/nassa-regions\/usa-gun-clubs\/northeast\/ridgway-rifle-club\/ridgway-9-hp-rifles\/\" class=\"wp-image-8780\" srcset=\"https:\/\/nassasilhouette.org\/wp-content\/uploads\/2022\/01\/Ridgway-9-HP-Rifles-1024x768.jpeg 1024w, https:\/\/nassasilhouette.org\/wp-content\/uploads\/2022\/01\/Ridgway-9-HP-Rifles-300x225.jpeg 300w, https:\/\/nassasilhouette.org\/wp-content\/uploads\/2022\/01\/Ridgway-9-HP-Rifles-768x576.jpeg 768w, https:\/\/nassasilhouette.org\/wp-content\/uploads\/2022\/01\/Ridgway-9-HP-Rifles-1536x1152.jpeg 1536w, https:\/\/nassasilhouette.org\/wp-content\/uploads\/2022\/01\/Ridgway-9-HP-Rifles-2048x1536.jpeg 2048w\" sizes=\"auto, (max-width: 1024px) 100vw, 1024px\" \/><\/a><figcaption class=\"blocks-gallery-item__caption\">Hardware para rifles de alta potencia<\/figcaption><\/figure><\/li><\/ul><\/figure>\n\n\n\n<p><\/p>\n","protected":false},"excerpt":{"rendered":"<p>Fundado en 1927 como Club de Rifle y Pistola de Ridgway, el nombre cambi\u00f3 a Club de Rifle de Ridgway en 1935. El club particip\u00f3 en muchas actividades y eventos diferentes a lo largo de los a\u00f1os y luego, a principios de la d\u00e9cada de 1970, el Rifle Club Ridgway estableci\u00f3 el primer campo de&hellip; <a class=\"more-link\" href=\"https:\/\/nassasilhouette.org\/es-mx\/regiones-clubes-nassa\/regiones-clubes-de-ee-uu\/region-noreste-clubes\/club-del-rifle-de-ridgway\/\">Continue reading <span class=\"screen-reader-text\">Club del Rifle de Ridgway<\/span><\/a><\/p>\n","protected":false},"author":4,"featured_media":0,"parent":19521,"menu_order":0,"comment_status":"closed","ping_status":"closed","template":"","meta":{"_acf_changed":false,"footnotes":""},"class_list":["post-19568","page","type-page","status-publish","hentry","entry"],"acf":[],"rttpg_featured_image_url":null,"rttpg_author":{"display_name":"Chris Cawthorne","author_link":"https:\/\/nassasilhouette.org\/es-mx\/author\/cecawthorneyahoo-com\/"},"rttpg_comment":0,"rttpg_category":" <a href=\"https:\/\/nassasilhouette.org\/es-mx\/?taxonomy=translation_priority&#038;term=optional-es-mx\" rel=\"tag\">Optional<\/a>","rttpg_excerpt":"Fundado en 1927 como Club de Rifle y Pistola de Ridgway, el nombre cambi\u00f3 a Club de Rifle de Ridgway en 1935. El club particip\u00f3 en muchas actividades y eventos diferentes a lo largo de los a\u00f1os y luego, a principios de la d\u00e9cada de 1970, el Rifle Club Ridgway estableci\u00f3 el primer campo de&hellip;&hellip;","_links":{"self":[{"href":"https:\/\/nassasilhouette.org\/es-mx\/wp-json\/wp\/v2\/pages\/19568","targetHints":{"allow":["GET"]}}],"collection":[{"href":"https:\/\/nassasilhouette.org\/es-mx\/wp-json\/wp\/v2\/pages"}],"about":[{"href":"https:\/\/nassasilhouette.org\/es-mx\/wp-json\/wp\/v2\/types\/page"}],"author":[{"embeddable":true,"href":"https:\/\/nassasilhouette.org\/es-mx\/wp-json\/wp\/v2\/users\/4"}],"replies":[{"embeddable":true,"href":"https:\/\/nassasilhouette.org\/es-mx\/wp-json\/wp\/v2\/comments?post=19568"}],"version-history":[{"count":1,"href":"https:\/\/nassasilhouette.org\/es-mx\/wp-json\/wp\/v2\/pages\/19568\/revisions"}],"predecessor-version":[{"id":21514,"href":"https:\/\/nassasilhouette.org\/es-mx\/wp-json\/wp\/v2\/pages\/19568\/revisions\/21514"}],"up":[{"embeddable":true,"href":"https:\/\/nassasilhouette.org\/es-mx\/wp-json\/wp\/v2\/pages\/19521"}],"wp:attachment":[{"href":"https:\/\/nassasilhouette.org\/es-mx\/wp-json\/wp\/v2\/media?parent=19568"}],"curies":[{"name":"wp","href":"https:\/\/api.w.org\/{rel}","templated":true}]}}