{"id":19563,"date":"2022-02-02T13:32:52","date_gmt":"2022-02-02T19:32:52","guid":{"rendered":"https:\/\/nassasilhouette.org\/asociacion-de-deportistas-del-valle-de-lander-lander-wy\/"},"modified":"2022-02-02T13:32:52","modified_gmt":"2022-02-02T19:32:52","slug":"asociacion-de-deportistas-del-valle-de-lander-lander-wy","status":"publish","type":"page","link":"https:\/\/nassasilhouette.org\/es-mx\/regiones-clubes-nassa\/regiones-clubes-de-ee-uu\/region-noroeste-clubes-2\/asociacion-de-deportistas-del-valle-de-lander-lander-wy\/","title":{"rendered":"Asociaci\u00f3n de Deportistas del Valle de Lander (Lander, WY)"},"content":{"rendered":"\n<div class=\"wp-block-media-text alignwide is-stacked-on-mobile\" style=\"grid-template-columns:15% auto\"><figure class=\"wp-block-media-text__media\"><img loading=\"lazy\" decoding=\"async\" width=\"724\" height=\"1024\" src=\"https:\/\/nassasilhouette.org\/wp-content\/uploads\/2022\/02\/Lander-Valley-Sportsmens-Association-724x1024.png\" alt=\"\" class=\"wp-image-10040 size-full\" srcset=\"https:\/\/nassasilhouette.org\/wp-content\/uploads\/2022\/02\/Lander-Valley-Sportsmens-Association-724x1024.png 724w, https:\/\/nassasilhouette.org\/wp-content\/uploads\/2022\/02\/Lander-Valley-Sportsmens-Association-212x300.png 212w, https:\/\/nassasilhouette.org\/wp-content\/uploads\/2022\/02\/Lander-Valley-Sportsmens-Association-768x1086.png 768w, https:\/\/nassasilhouette.org\/wp-content\/uploads\/2022\/02\/Lander-Valley-Sportsmens-Association-1086x1536.png 1086w, https:\/\/nassasilhouette.org\/wp-content\/uploads\/2022\/02\/Lander-Valley-Sportsmens-Association-1448x2048.png 1448w\" sizes=\"auto, (max-width: 724px) 100vw, 724px\" \/><\/figure><div class=\"wp-block-media-text__content\">\n<p>Acerca de nosotros Resumen &#8211; Cu\u00e1ndo se fund\u00f3, qui\u00e9nes somos, programa de siluetas, etc. Leer otros res\u00famenes del club sobre ejemplos&#8230;&#8230;<\/p>\n<\/div><\/div>\n\n\n\n<div style=\"height:50px\" aria-hidden=\"true\" class=\"wp-block-spacer\"><\/div>\n\n\n\n<h2 class=\"has-text-align-center wp-block-heading\">Informaci\u00f3n de contacto<\/h2>\n\n\n\n<p><\/p>\n\n\n\n<figure class=\"wp-block-table is-style-stripes\"><table><tbody><tr><td><strong>P\u00e1gina web<\/strong>:<\/td><td>\n  <strong>\n    <a href=\"http:\/\/lvsa.info\/\">Asociaci\u00f3n de Deportistas del Valle de Lander<\/a>\n  <\/strong>\n<\/td><\/tr><tr><td><strong>Facebook<\/strong>:<\/td><td>\n  <strong>Xxxx<\/strong>\n<\/td><\/tr><tr><td><strong>Direcci\u00f3n comercial<\/strong>:<\/td><td>\n  <strong>\n    <strong>PO Box 1113, Lander, WY 82520<\/strong>\n  <\/strong>\n<\/td><\/tr><tr><td><strong>Ubicaci\u00f3n del campo<\/strong> de tiro:<\/td><td>\n  <strong>Silhouette Range &#8211; 3 millas al norte de Lander en 8474 State Hwy 789.<\/strong>\n<\/td><\/tr><tr><td><strong>Contacto principal<\/strong>:<\/td><td>\n  <strong>Xxxx<\/strong>\n<\/td><\/tr><tr><td><strong>Tel\u00e9fono de contacto principal<\/strong>:<\/td><td>\n  <strong>Xxxx<\/strong>\n<\/td><\/tr><tr><td><strong>Correo electr\u00f3nico de contacto principal<\/strong>:<\/td><td>\n  <strong>Xxxx<\/strong>\n<\/td><\/tr><\/tbody><\/table><\/figure>\n\n\n\n<div style=\"height:30px\" aria-hidden=\"true\" class=\"wp-block-spacer\"><\/div>\n\n\n\n<p><\/p>\n\n\n\n<h2 class=\"has-text-align-center wp-block-heading\">Capacidades de la gama Silhouette<\/h2>\n\n\n\n<p><\/p>\n\n\n\n<figure class=\"wp-block-table is-style-stripes\"><table><tbody><tr><td class=\"has-text-align-left\" data-align=\"left\"><strong>Disciplinas<\/strong>:<\/td><td><strong>Range Facilites<\/strong>:<\/td><\/tr><tr><td class=\"has-text-align-left\" data-align=\"left\">\n  <strong>Rifle Smallbore<\/strong>\n<\/td><td>\n  <strong>X Bancos de cada animal<\/strong>\n<\/td><\/tr><tr><td class=\"has-text-align-left\" data-align=\"left\">\n  <strong>Rifle de alta potencia<\/strong>\n<\/td><td>\n  <strong>\n    <meta charset=\"utf-8\">\n    <strong>X Bancos de cada animal<\/strong>\n  <\/strong>\n<\/td><\/tr><tr><td class=\"has-text-align-left\" data-align=\"left\">\n  <strong>Rifle de palanca<\/strong>\n<\/td><td>\n  <strong>\n    <meta charset=\"utf-8\">\n    <strong>X Bancos de cada animal<\/strong>\n  <\/strong>\n<\/td><\/tr><tr><td class=\"has-text-align-left\" data-align=\"left\">\n  <strong>Rifle de aire<\/strong>\n<\/td><td>\n  <strong>X bancos de cada animal<\/strong>\n<\/td><\/tr><\/tbody><\/table><\/figure>\n\n\n\n<div style=\"height:30px\" aria-hidden=\"true\" class=\"wp-block-spacer\"><\/div>\n\n\n\n<h2 class=\"has-text-align-center wp-block-heading\">Instalaciones de la gama Silhouette<\/h2>\n\n\n\n<figure class=\"wp-block-gallery columns-2 is-cropped wp-block-gallery-1 is-layout-flex wp-block-gallery-is-layout-flex\"><ul class=\"blocks-gallery-grid\"><li class=\"blocks-gallery-item\"><figure><a href=\"https:\/\/nassasilhouette.org\/wp-content\/uploads\/2022\/01\/Image-1-1-1-1024x773.png\"><img loading=\"lazy\" decoding=\"async\" width=\"1024\" height=\"773\" src=\"https:\/\/nassasilhouette.org\/wp-content\/uploads\/2022\/01\/Image-1-1-1-1024x773.png\" alt=\"\" data-id=\"9421\" data-link=\"https:\/\/nassasilhouette.org\/nassa-regions\/gun-club-profile-title-city-state\/image-1-1-1\/\" class=\"wp-image-9421\" srcset=\"https:\/\/nassasilhouette.org\/wp-content\/uploads\/2022\/01\/Image-1-1-1-1024x773.png 1024w, https:\/\/nassasilhouette.org\/wp-content\/uploads\/2022\/01\/Image-1-1-1-300x226.png 300w, https:\/\/nassasilhouette.org\/wp-content\/uploads\/2022\/01\/Image-1-1-1-768x580.png 768w, https:\/\/nassasilhouette.org\/wp-content\/uploads\/2022\/01\/Image-1-1-1.png 1457w\" sizes=\"auto, (max-width: 1024px) 100vw, 1024px\" \/><\/a><\/figure><\/li><li class=\"blocks-gallery-item\"><figure><a href=\"https:\/\/nassasilhouette.org\/wp-content\/uploads\/2022\/01\/Image-2-1.png\"><img loading=\"lazy\" decoding=\"async\" width=\"1024\" height=\"773\" src=\"https:\/\/nassasilhouette.org\/wp-content\/uploads\/2022\/01\/Image-2-1-1024x773.png\" alt=\"\" data-id=\"9422\" data-full-url=\"https:\/\/nassasilhouette.org\/wp-content\/uploads\/2022\/01\/Image-2-1.png\" data-link=\"https:\/\/nassasilhouette.org\/nassa-regions\/gun-club-profile-title-city-state\/image-2-1\/\" class=\"wp-image-9422\" srcset=\"https:\/\/nassasilhouette.org\/wp-content\/uploads\/2022\/01\/Image-2-1-1024x773.png 1024w, https:\/\/nassasilhouette.org\/wp-content\/uploads\/2022\/01\/Image-2-1-300x226.png 300w, https:\/\/nassasilhouette.org\/wp-content\/uploads\/2022\/01\/Image-2-1-768x580.png 768w, https:\/\/nassasilhouette.org\/wp-content\/uploads\/2022\/01\/Image-2-1.png 1457w\" sizes=\"auto, (max-width: 1024px) 100vw, 1024px\" \/><\/a><\/figure><\/li><\/ul><\/figure>\n\n\n\n<figure class=\"wp-block-gallery alignwide columns-2 is-cropped wp-block-gallery-2 is-layout-flex wp-block-gallery-is-layout-flex\"><ul class=\"blocks-gallery-grid\"><li class=\"blocks-gallery-item\"><figure><a href=\"https:\/\/nassasilhouette.org\/wp-content\/uploads\/2022\/01\/Image-3-1-1024x773.png\"><img loading=\"lazy\" decoding=\"async\" width=\"1024\" height=\"773\" src=\"https:\/\/nassasilhouette.org\/wp-content\/uploads\/2022\/01\/Image-3-1-1024x773.png\" alt=\"\" data-id=\"9424\" data-link=\"https:\/\/nassasilhouette.org\/nassa-regions\/gun-club-profile-title-city-state\/image-3-1\/\" class=\"wp-image-9424\" srcset=\"https:\/\/nassasilhouette.org\/wp-content\/uploads\/2022\/01\/Image-3-1-1024x773.png 1024w, https:\/\/nassasilhouette.org\/wp-content\/uploads\/2022\/01\/Image-3-1-300x226.png 300w, https:\/\/nassasilhouette.org\/wp-content\/uploads\/2022\/01\/Image-3-1-768x580.png 768w, https:\/\/nassasilhouette.org\/wp-content\/uploads\/2022\/01\/Image-3-1.png 1457w\" sizes=\"auto, (max-width: 1024px) 100vw, 1024px\" \/><\/a><\/figure><\/li><li class=\"blocks-gallery-item\"><figure><a href=\"https:\/\/nassasilhouette.org\/wp-content\/uploads\/2022\/01\/Image-4-1.png\"><img loading=\"lazy\" decoding=\"async\" width=\"1024\" height=\"773\" src=\"https:\/\/nassasilhouette.org\/wp-content\/uploads\/2022\/01\/Image-4-1-1024x773.png\" alt=\"\" data-id=\"9425\" data-full-url=\"https:\/\/nassasilhouette.org\/wp-content\/uploads\/2022\/01\/Image-4-1.png\" data-link=\"https:\/\/nassasilhouette.org\/nassa-regions\/gun-club-profile-title-city-state\/image-4-1\/\" class=\"wp-image-9425\" srcset=\"https:\/\/nassasilhouette.org\/wp-content\/uploads\/2022\/01\/Image-4-1-1024x773.png 1024w, https:\/\/nassasilhouette.org\/wp-content\/uploads\/2022\/01\/Image-4-1-300x226.png 300w, https:\/\/nassasilhouette.org\/wp-content\/uploads\/2022\/01\/Image-4-1-768x580.png 768w, https:\/\/nassasilhouette.org\/wp-content\/uploads\/2022\/01\/Image-4-1.png 1457w\" sizes=\"auto, (max-width: 1024px) 100vw, 1024px\" \/><\/a><\/figure><\/li><\/ul><\/figure>\n\n\n\n<figure class=\"wp-block-gallery alignwide columns-2 is-cropped wp-block-gallery-3 is-layout-flex wp-block-gallery-is-layout-flex\"><ul class=\"blocks-gallery-grid\"><li class=\"blocks-gallery-item\"><figure><a href=\"https:\/\/nassasilhouette.org\/wp-content\/uploads\/2022\/01\/Image-5-1-1024x773.png\"><img loading=\"lazy\" decoding=\"async\" width=\"1024\" height=\"773\" src=\"https:\/\/nassasilhouette.org\/wp-content\/uploads\/2022\/01\/Image-5-1-1024x773.png\" alt=\"\" data-id=\"9426\" data-link=\"https:\/\/nassasilhouette.org\/nassa-regions\/gun-club-profile-title-city-state\/image-5-1\/\" class=\"wp-image-9426\" srcset=\"https:\/\/nassasilhouette.org\/wp-content\/uploads\/2022\/01\/Image-5-1-1024x773.png 1024w, https:\/\/nassasilhouette.org\/wp-content\/uploads\/2022\/01\/Image-5-1-300x226.png 300w, https:\/\/nassasilhouette.org\/wp-content\/uploads\/2022\/01\/Image-5-1-768x580.png 768w, https:\/\/nassasilhouette.org\/wp-content\/uploads\/2022\/01\/Image-5-1.png 1457w\" sizes=\"auto, (max-width: 1024px) 100vw, 1024px\" \/><\/a><\/figure><\/li><li class=\"blocks-gallery-item\"><figure><a href=\"https:\/\/nassasilhouette.org\/wp-content\/uploads\/2022\/01\/Image-6-1.png\"><img loading=\"lazy\" decoding=\"async\" width=\"1024\" height=\"773\" src=\"https:\/\/nassasilhouette.org\/wp-content\/uploads\/2022\/01\/Image-6-1-1024x773.png\" alt=\"\" data-id=\"9427\" data-full-url=\"https:\/\/nassasilhouette.org\/wp-content\/uploads\/2022\/01\/Image-6-1.png\" data-link=\"https:\/\/nassasilhouette.org\/nassa-regions\/gun-club-profile-title-city-state\/image-6-1\/\" class=\"wp-image-9427\" srcset=\"https:\/\/nassasilhouette.org\/wp-content\/uploads\/2022\/01\/Image-6-1-1024x773.png 1024w, https:\/\/nassasilhouette.org\/wp-content\/uploads\/2022\/01\/Image-6-1-300x226.png 300w, https:\/\/nassasilhouette.org\/wp-content\/uploads\/2022\/01\/Image-6-1-768x580.png 768w, https:\/\/nassasilhouette.org\/wp-content\/uploads\/2022\/01\/Image-6-1.png 1457w\" sizes=\"auto, (max-width: 1024px) 100vw, 1024px\" \/><\/a><\/figure><\/li><\/ul><\/figure>\n\n\n\n<figure class=\"wp-block-gallery alignwide columns-2 is-cropped wp-block-gallery-4 is-layout-flex wp-block-gallery-is-layout-flex\"><ul class=\"blocks-gallery-grid\"><li class=\"blocks-gallery-item\"><figure><a href=\"https:\/\/nassasilhouette.org\/wp-content\/uploads\/2022\/01\/Image-7-1-1024x773.png\"><img loading=\"lazy\" decoding=\"async\" width=\"1024\" height=\"773\" src=\"https:\/\/nassasilhouette.org\/wp-content\/uploads\/2022\/01\/Image-7-1-1024x773.png\" alt=\"\" data-id=\"9428\" data-link=\"https:\/\/nassasilhouette.org\/nassa-regions\/gun-club-profile-title-city-state\/image-7-1\/\" class=\"wp-image-9428\" srcset=\"https:\/\/nassasilhouette.org\/wp-content\/uploads\/2022\/01\/Image-7-1-1024x773.png 1024w, https:\/\/nassasilhouette.org\/wp-content\/uploads\/2022\/01\/Image-7-1-300x226.png 300w, https:\/\/nassasilhouette.org\/wp-content\/uploads\/2022\/01\/Image-7-1-768x580.png 768w, https:\/\/nassasilhouette.org\/wp-content\/uploads\/2022\/01\/Image-7-1.png 1457w\" sizes=\"auto, (max-width: 1024px) 100vw, 1024px\" \/><\/a><\/figure><\/li><li class=\"blocks-gallery-item\"><figure><a href=\"https:\/\/nassasilhouette.org\/wp-content\/uploads\/2022\/01\/Image-8-1.png\"><img loading=\"lazy\" decoding=\"async\" width=\"1024\" height=\"773\" src=\"https:\/\/nassasilhouette.org\/wp-content\/uploads\/2022\/01\/Image-8-1-1024x773.png\" alt=\"\" data-id=\"9429\" data-full-url=\"https:\/\/nassasilhouette.org\/wp-content\/uploads\/2022\/01\/Image-8-1.png\" data-link=\"https:\/\/nassasilhouette.org\/nassa-regions\/gun-club-profile-title-city-state\/image-8-1\/\" class=\"wp-image-9429\" srcset=\"https:\/\/nassasilhouette.org\/wp-content\/uploads\/2022\/01\/Image-8-1-1024x773.png 1024w, https:\/\/nassasilhouette.org\/wp-content\/uploads\/2022\/01\/Image-8-1-300x226.png 300w, https:\/\/nassasilhouette.org\/wp-content\/uploads\/2022\/01\/Image-8-1-768x580.png 768w, https:\/\/nassasilhouette.org\/wp-content\/uploads\/2022\/01\/Image-8-1.png 1457w\" sizes=\"auto, (max-width: 1024px) 100vw, 1024px\" \/><\/a><\/figure><\/li><\/ul><\/figure>\n\n\n\n<figure class=\"wp-block-gallery alignwide columns-2 is-cropped wp-block-gallery-5 is-layout-flex wp-block-gallery-is-layout-flex\"><ul class=\"blocks-gallery-grid\"><li class=\"blocks-gallery-item\"><figure><a href=\"https:\/\/nassasilhouette.org\/wp-content\/uploads\/2022\/01\/Image-9-1-1024x773.png\"><img loading=\"lazy\" decoding=\"async\" width=\"1024\" height=\"773\" src=\"https:\/\/nassasilhouette.org\/wp-content\/uploads\/2022\/01\/Image-9-1-1024x773.png\" alt=\"\" data-id=\"9430\" data-link=\"https:\/\/nassasilhouette.org\/nassa-regions\/gun-club-profile-title-city-state\/image-9-1\/\" class=\"wp-image-9430\" srcset=\"https:\/\/nassasilhouette.org\/wp-content\/uploads\/2022\/01\/Image-9-1-1024x773.png 1024w, https:\/\/nassasilhouette.org\/wp-content\/uploads\/2022\/01\/Image-9-1-300x226.png 300w, https:\/\/nassasilhouette.org\/wp-content\/uploads\/2022\/01\/Image-9-1-768x580.png 768w, https:\/\/nassasilhouette.org\/wp-content\/uploads\/2022\/01\/Image-9-1.png 1457w\" sizes=\"auto, (max-width: 1024px) 100vw, 1024px\" \/><\/a><\/figure><\/li><li class=\"blocks-gallery-item\"><figure><a href=\"https:\/\/nassasilhouette.org\/wp-content\/uploads\/2022\/01\/Image-10-1.png\"><img loading=\"lazy\" decoding=\"async\" width=\"1024\" height=\"773\" src=\"https:\/\/nassasilhouette.org\/wp-content\/uploads\/2022\/01\/Image-10-1-1024x773.png\" alt=\"\" data-id=\"9431\" data-full-url=\"https:\/\/nassasilhouette.org\/wp-content\/uploads\/2022\/01\/Image-10-1.png\" data-link=\"https:\/\/nassasilhouette.org\/nassa-regions\/gun-club-profile-title-city-state\/image-10-1\/\" class=\"wp-image-9431\" srcset=\"https:\/\/nassasilhouette.org\/wp-content\/uploads\/2022\/01\/Image-10-1-1024x773.png 1024w, https:\/\/nassasilhouette.org\/wp-content\/uploads\/2022\/01\/Image-10-1-300x226.png 300w, https:\/\/nassasilhouette.org\/wp-content\/uploads\/2022\/01\/Image-10-1-768x580.png 768w, https:\/\/nassasilhouette.org\/wp-content\/uploads\/2022\/01\/Image-10-1.png 1457w\" sizes=\"auto, (max-width: 1024px) 100vw, 1024px\" \/><\/a><\/figure><\/li><\/ul><\/figure>\n","protected":false},"excerpt":{"rendered":"<p>Acerca de nosotros Resumen &#8211; Cu\u00e1ndo se fund\u00f3, qui\u00e9nes somos, programa de siluetas, etc. Leer otros res\u00famenes del club sobre ejemplos&#8230;&#8230; Informaci\u00f3n de contacto P\u00e1gina web: Asociaci\u00f3n de Deportistas del Valle de Lander Facebook: Xxxx Direcci\u00f3n comercial: PO Box 1113, Lander, WY 82520 Ubicaci\u00f3n del campo de tiro: Silhouette Range &#8211; 3 millas al norte&hellip; <a class=\"more-link\" href=\"https:\/\/nassasilhouette.org\/es-mx\/regiones-clubes-nassa\/regiones-clubes-de-ee-uu\/region-noroeste-clubes-2\/asociacion-de-deportistas-del-valle-de-lander-lander-wy\/\">Continue reading <span class=\"screen-reader-text\">Asociaci\u00f3n de Deportistas del Valle de Lander (Lander, WY)<\/span><\/a><\/p>\n","protected":false},"author":4,"featured_media":0,"parent":19592,"menu_order":0,"comment_status":"closed","ping_status":"closed","template":"","meta":{"_acf_changed":false,"footnotes":""},"class_list":["post-19563","page","type-page","status-publish","hentry","entry"],"acf":[],"rttpg_featured_image_url":null,"rttpg_author":{"display_name":"Chris Cawthorne","author_link":"https:\/\/nassasilhouette.org\/es-mx\/author\/cecawthorneyahoo-com\/"},"rttpg_comment":0,"rttpg_category":" <a href=\"https:\/\/nassasilhouette.org\/es-mx\/?taxonomy=translation_priority&#038;term=optional-es-mx\" rel=\"tag\">Optional<\/a>","rttpg_excerpt":"Acerca de nosotros Resumen &#8211; Cu\u00e1ndo se fund\u00f3, qui\u00e9nes somos, programa de siluetas, etc. Leer otros res\u00famenes del club sobre ejemplos&#8230;&#8230; Informaci\u00f3n de contacto P\u00e1gina web: Asociaci\u00f3n de Deportistas del Valle de Lander Facebook: Xxxx Direcci\u00f3n comercial: PO Box 1113, Lander, WY 82520 Ubicaci\u00f3n del campo de tiro: Silhouette Range &#8211; 3 millas al norte&hellip;&hellip;","_links":{"self":[{"href":"https:\/\/nassasilhouette.org\/es-mx\/wp-json\/wp\/v2\/pages\/19563","targetHints":{"allow":["GET"]}}],"collection":[{"href":"https:\/\/nassasilhouette.org\/es-mx\/wp-json\/wp\/v2\/pages"}],"about":[{"href":"https:\/\/nassasilhouette.org\/es-mx\/wp-json\/wp\/v2\/types\/page"}],"author":[{"embeddable":true,"href":"https:\/\/nassasilhouette.org\/es-mx\/wp-json\/wp\/v2\/users\/4"}],"replies":[{"embeddable":true,"href":"https:\/\/nassasilhouette.org\/es-mx\/wp-json\/wp\/v2\/comments?post=19563"}],"version-history":[{"count":0,"href":"https:\/\/nassasilhouette.org\/es-mx\/wp-json\/wp\/v2\/pages\/19563\/revisions"}],"up":[{"embeddable":true,"href":"https:\/\/nassasilhouette.org\/es-mx\/wp-json\/wp\/v2\/pages\/19592"}],"wp:attachment":[{"href":"https:\/\/nassasilhouette.org\/es-mx\/wp-json\/wp\/v2\/media?parent=19563"}],"curies":[{"name":"wp","href":"https:\/\/api.w.org\/{rel}","templated":true}]}}