{"id":19561,"date":"2022-01-06T14:52:07","date_gmt":"2022-01-06T20:52:07","guid":{"rendered":"https:\/\/nassasilhouette.org\/region-noreste-clubes\/asociacion-de-deportistas-del-condado-de-tioga-owego-nueva-york\/"},"modified":"2022-01-06T14:52:07","modified_gmt":"2022-01-06T20:52:07","slug":"asociacion-de-deportistas-del-condado-de-tioga-owego-nueva-york","status":"publish","type":"page","link":"https:\/\/nassasilhouette.org\/es-mx\/regiones-clubes-nassa\/regiones-clubes-de-ee-uu\/region-noreste-clubes\/asociacion-de-deportistas-del-condado-de-tioga-owego-nueva-york\/","title":{"rendered":"Asociaci\u00f3n de Deportistas del Condado de Tioga &#8211; Owego, Nueva York"},"content":{"rendered":"\n<div class=\"wp-block-media-text alignwide is-stacked-on-mobile\" style=\"grid-template-columns:15% auto\"><figure class=\"wp-block-media-text__media\"><img loading=\"lazy\" decoding=\"async\" width=\"548\" height=\"616\" src=\"https:\/\/nassasilhouette.org\/wp-content\/uploads\/2022\/01\/Tioga-Logo.png\" alt=\"\" class=\"wp-image-8928 size-full\" srcset=\"https:\/\/nassasilhouette.org\/wp-content\/uploads\/2022\/01\/Tioga-Logo.png 548w, https:\/\/nassasilhouette.org\/wp-content\/uploads\/2022\/01\/Tioga-Logo-267x300.png 267w\" sizes=\"auto, (max-width: 548px) 100vw, 548px\" \/><\/figure><div class=\"wp-block-media-text__content\">\n<p>Originalmente constituida como The Owego Rod and Gun Club, Inc. en julio de 1907, la Tioga County Sportsmen&#8217;s Association, Inc. fue rebautizada el 10 de febrero de 1925. Edward J. Wood, Presidente del club, y Otis F. Swift, Secretario, recibieron el d\u00eda anterior una moci\u00f3n de los socios para continuar con la nueva incorporaci\u00f3n. Leon C. Rhodes, Juez de la Corte Suprema firm\u00f3 los documentos de incorporaci\u00f3n el 13 de febrero de 1925 y fue certificado por Herman Doctor, Subsecretario de Estado el 20 de febrero de 1925 que ninguna otra organizaci\u00f3n estaba utilizando el nombre reci\u00e9n incorporado de Tioga County Sportsmen&#8217;s Association, Inc.<\/p>\n\n\n\n<p>Originalmente incorporada en julio de 1907, la Tioga County Sportsmen&#8217;s Association, Inc. ha estado disparando Smallbore Silhouettes desde principios de los a\u00f1os 90. Hace unos 10 a\u00f1os a\u00f1adimos los partidos de Smallbore y Pistol Cartridge Lever Action. Nuestros partidos semanales comienzan a mediados de mayo y se prolongan hasta finales de agosto. Rotamos el tipo de partido Silhouette cada semana. Tambi\u00e9n tenemos partidos mensuales de Smallbore\/Pistola Cartucho Lever Action un s\u00e1bado al mes. Se celebran de abril a octubre.<\/p>\n\n\n\n<p>El club recibi\u00f3 su certificaci\u00f3n de la National Rifle Association of America el 22 de abril de 1991. Tambi\u00e9n es miembro de la New York State Rifle and Pistol Association y est\u00e1 afiliada al Civilian Marksmanship Program.<\/p>\n\n\n\n<p>Una prestigiosa placa titulada Trofeo Perpetuo Harry W. Reeves, otorga honores a los Equipos de Alto Promedio de la Asociaci\u00f3n Interestatal de Pistola. Este trofeo se remonta a la d\u00e9cada de 1950 y contin\u00faa en la actualidad, honrando 66 a\u00f1os de tradici\u00f3n.<\/p>\n\n\n\n<p>Actualmente, la TCSA cuenta con casi 700 miembros, entre los que se incluyen particulares, esposos y esposas, familiares y miembros vitalicios.<\/p>\n<\/div><\/div>\n\n\n\n<div style=\"height:50px\" aria-hidden=\"true\" class=\"wp-block-spacer\"><\/div>\n\n\n\n<p><\/p>\n\n\n\n<h2 class=\"has-text-align-center wp-block-heading\">Informaci\u00f3n de contacto<\/h2>\n\n\n\n<p><\/p>\n\n\n\n<figure class=\"wp-block-table is-style-stripes\"><table><tbody><tr><td><strong>P\u00e1gina web<\/strong>:<\/td><td>\n  <a href=\"http:\/\/www.bayourifles.com\">\n    <strong>www.tiogasportsmen.com<\/strong>\n  <\/a>\n<\/td><\/tr><tr><td><strong>Facebook<\/strong>:<\/td><td>\n  <strong>Tioga County Sortsmen&#8217;s Club<\/strong>\n<\/td><\/tr><tr><td><strong>Direcci\u00f3n comercial<\/strong>:<\/td><td>\n  <strong>1141 Carmichael Road, Owego, NY 13827<\/strong>\n<\/td><\/tr><tr><td><strong>Ubicaci\u00f3n del campo de<\/strong> tiro:<\/td><td>\n  <strong>\n    <meta charset=\"utf-8\">\n    <strong>1141 Carmichael Road, Owego, NY 13827<\/strong>\n  <\/strong>\n<\/td><\/tr><tr><td><strong>Contacto principal<\/strong>:<\/td><td>\n  <strong>Mike Potter<\/strong>\n<\/td><\/tr><tr><td><strong>Tel\u00e9fono de contacto principal<\/strong>:<\/td><td>\n  <strong>(607) 743-0705<\/strong>\n<\/td><\/tr><tr><td><strong>Correo electr\u00f3nico de contacto principal<\/strong>:<\/td><td>\n  <strong>mike.potter45@gmail.com<\/strong>\n<\/td><\/tr><\/tbody><\/table><\/figure>\n\n\n\n<div style=\"height:30px\" aria-hidden=\"true\" class=\"wp-block-spacer\"><\/div>\n\n\n\n<p><\/p>\n\n\n\n<h2 class=\"has-text-align-center wp-block-heading\">Capacidades de la gama Silhouette<\/h2>\n\n\n\n<p><\/p>\n\n\n\n<figure class=\"wp-block-table is-style-stripes\"><table><tbody><tr><td class=\"has-text-align-left\" data-align=\"left\"><strong>Disciplinas<\/strong>:<\/td><td><strong>Range Facilites<\/strong>:<\/td><\/tr><tr><td class=\"has-text-align-left\" data-align=\"left\">\n  <strong>Rifle de peque\u00f1o calibre<\/strong>\n<\/td><td>\n  <strong>4 bancos de cada animal<\/strong>\n<\/td><\/tr><tr><td class=\"has-text-align-left\" data-align=\"left\">\n  <strong>Rifle de alta potencia<\/strong>\n<\/td><td>\n  <strong>Ninguno<\/strong>\n<\/td><\/tr><tr><td class=\"has-text-align-left\" data-align=\"left\">\n  <strong>Rifle de palanca<\/strong>\n<\/td><td>\n  <strong>2 bancos de cada animal<\/strong>\n<\/td><\/tr><tr><td class=\"has-text-align-left\" data-align=\"left\">\n  <strong>Rifle de aire comprimido<\/strong>\n<\/td><td>\n  <strong>Ninguno<\/strong>\n<\/td><\/tr><\/tbody><\/table><\/figure>\n\n\n\n<div style=\"height:30px\" aria-hidden=\"true\" class=\"wp-block-spacer\"><\/div>\n\n\n\n<h2 class=\"has-text-align-center wp-block-heading\">Instalaciones de la gama Silhouette<\/h2>\n\n\n\n<figure class=\"wp-block-gallery columns-1 is-cropped wp-block-gallery-1 is-layout-flex wp-block-gallery-is-layout-flex\"><ul class=\"blocks-gallery-grid\"><li class=\"blocks-gallery-item\"><figure><a href=\"https:\/\/nassasilhouette.org\/wp-content\/uploads\/2022\/01\/1google-earth-of-grounds.jpeg\"><img loading=\"lazy\" decoding=\"async\" width=\"1024\" height=\"589\" src=\"https:\/\/nassasilhouette.org\/wp-content\/uploads\/2022\/01\/1google-earth-of-grounds-1024x589.jpeg\" alt=\"\" data-id=\"8944\" data-full-url=\"https:\/\/nassasilhouette.org\/wp-content\/uploads\/2022\/01\/1google-earth-of-grounds.jpeg\" data-link=\"https:\/\/nassasilhouette.org\/nassa-regions\/usa-gun-clubs\/northeast\/tioga-county-sportsmens-association\/1google-earth-of-grounds\/\" class=\"wp-image-8944\" srcset=\"https:\/\/nassasilhouette.org\/wp-content\/uploads\/2022\/01\/1google-earth-of-grounds-1024x589.jpeg 1024w, https:\/\/nassasilhouette.org\/wp-content\/uploads\/2022\/01\/1google-earth-of-grounds-300x173.jpeg 300w, https:\/\/nassasilhouette.org\/wp-content\/uploads\/2022\/01\/1google-earth-of-grounds-768x442.jpeg 768w, https:\/\/nassasilhouette.org\/wp-content\/uploads\/2022\/01\/1google-earth-of-grounds.jpeg 1107w\" sizes=\"auto, (max-width: 1024px) 100vw, 1024px\" \/><\/a><figcaption class=\"blocks-gallery-item__caption\">Vista a\u00e9rea de las instalaciones del campo de tiro<\/figcaption><\/figure><\/li><\/ul><\/figure>\n\n\n\n<figure class=\"wp-block-gallery alignwide columns-2 is-cropped wp-block-gallery-2 is-layout-flex wp-block-gallery-is-layout-flex\"><ul class=\"blocks-gallery-grid\"><li class=\"blocks-gallery-item\"><figure><a href=\"https:\/\/nassasilhouette.org\/wp-content\/uploads\/2022\/01\/10sign-to-the-club-grounds-small.jpeg\"><img loading=\"lazy\" decoding=\"async\" width=\"375\" height=\"230\" src=\"https:\/\/nassasilhouette.org\/wp-content\/uploads\/2022\/01\/10sign-to-the-club-grounds-small.jpeg\" alt=\"\" data-id=\"8955\" data-full-url=\"https:\/\/nassasilhouette.org\/wp-content\/uploads\/2022\/01\/10sign-to-the-club-grounds-small.jpeg\" data-link=\"https:\/\/nassasilhouette.org\/nassa-regions\/usa-gun-clubs\/northeast\/tioga-county-sportsmens-association\/10sign-to-the-club-grounds-small\/\" class=\"wp-image-8955\" srcset=\"https:\/\/nassasilhouette.org\/wp-content\/uploads\/2022\/01\/10sign-to-the-club-grounds-small.jpeg 375w, https:\/\/nassasilhouette.org\/wp-content\/uploads\/2022\/01\/10sign-to-the-club-grounds-small-300x184.jpeg 300w\" sizes=\"auto, (max-width: 375px) 100vw, 375px\" \/><\/a><figcaption class=\"blocks-gallery-item__caption\">Bienvenido a nuestro club<\/figcaption><\/figure><\/li><li class=\"blocks-gallery-item\"><figure><a href=\"https:\/\/nassasilhouette.org\/wp-content\/uploads\/2022\/01\/3-IMG_20200613_141749678_HDR-768x1024.jpg\"><img loading=\"lazy\" decoding=\"async\" width=\"768\" height=\"1024\" src=\"https:\/\/nassasilhouette.org\/wp-content\/uploads\/2022\/01\/3-IMG_20200613_141749678_HDR-768x1024.jpg\" alt=\"\" data-id=\"8947\" data-link=\"https:\/\/nassasilhouette.org\/nassa-regions\/usa-gun-clubs\/northeast\/tioga-county-sportsmens-association\/3-img_20200613_141749678_hdr\/\" class=\"wp-image-8947\" srcset=\"https:\/\/nassasilhouette.org\/wp-content\/uploads\/2022\/01\/3-IMG_20200613_141749678_HDR-768x1024.jpg 768w, https:\/\/nassasilhouette.org\/wp-content\/uploads\/2022\/01\/3-IMG_20200613_141749678_HDR-225x300.jpg 225w, https:\/\/nassasilhouette.org\/wp-content\/uploads\/2022\/01\/3-IMG_20200613_141749678_HDR-1152x1536.jpg 1152w, https:\/\/nassasilhouette.org\/wp-content\/uploads\/2022\/01\/3-IMG_20200613_141749678_HDR-1536x2048.jpg 1536w, https:\/\/nassasilhouette.org\/wp-content\/uploads\/2022\/01\/3-IMG_20200613_141749678_HDR-scaled.jpg 1920w\" sizes=\"auto, (max-width: 768px) 100vw, 768px\" \/><\/a><figcaption class=\"blocks-gallery-item__caption\">Listos en la l\u00ednea de fuego<\/figcaption><\/figure><\/li><\/ul><\/figure>\n\n\n\n<figure class=\"wp-block-gallery alignwide columns-2 is-cropped wp-block-gallery-3 is-layout-flex wp-block-gallery-is-layout-flex\"><ul class=\"blocks-gallery-grid\"><li class=\"blocks-gallery-item\"><figure><a href=\"https:\/\/nassasilhouette.org\/wp-content\/uploads\/2022\/01\/4-IMG_20200613_141723483-768x1024.jpg\"><img loading=\"lazy\" decoding=\"async\" width=\"768\" height=\"1024\" src=\"https:\/\/nassasilhouette.org\/wp-content\/uploads\/2022\/01\/4-IMG_20200613_141723483-768x1024.jpg\" alt=\"\" data-id=\"8948\" data-link=\"https:\/\/nassasilhouette.org\/nassa-regions\/usa-gun-clubs\/northeast\/tioga-county-sportsmens-association\/4-img_20200613_141723483\/\" class=\"wp-image-8948\" srcset=\"https:\/\/nassasilhouette.org\/wp-content\/uploads\/2022\/01\/4-IMG_20200613_141723483-768x1024.jpg 768w, https:\/\/nassasilhouette.org\/wp-content\/uploads\/2022\/01\/4-IMG_20200613_141723483-225x300.jpg 225w, https:\/\/nassasilhouette.org\/wp-content\/uploads\/2022\/01\/4-IMG_20200613_141723483-1152x1536.jpg 1152w, https:\/\/nassasilhouette.org\/wp-content\/uploads\/2022\/01\/4-IMG_20200613_141723483-1536x2048.jpg 1536w, https:\/\/nassasilhouette.org\/wp-content\/uploads\/2022\/01\/4-IMG_20200613_141723483-scaled.jpg 1920w\" sizes=\"auto, (max-width: 768px) 100vw, 768px\" \/><\/a><figcaption class=\"blocks-gallery-item__caption\">Silueta Bancos de Animales<\/figcaption><\/figure><\/li><li class=\"blocks-gallery-item\"><figure><a href=\"https:\/\/nassasilhouette.org\/wp-content\/uploads\/2022\/01\/5-IMG_20200613_142505442-scaled.jpg\"><img loading=\"lazy\" decoding=\"async\" width=\"768\" height=\"1024\" src=\"https:\/\/nassasilhouette.org\/wp-content\/uploads\/2022\/01\/5-IMG_20200613_142505442-768x1024.jpg\" alt=\"\" data-id=\"8949\" data-full-url=\"https:\/\/nassasilhouette.org\/wp-content\/uploads\/2022\/01\/5-IMG_20200613_142505442-scaled.jpg\" data-link=\"https:\/\/nassasilhouette.org\/nassa-regions\/usa-gun-clubs\/northeast\/tioga-county-sportsmens-association\/5-img_20200613_142505442\/\" class=\"wp-image-8949\" srcset=\"https:\/\/nassasilhouette.org\/wp-content\/uploads\/2022\/01\/5-IMG_20200613_142505442-768x1024.jpg 768w, https:\/\/nassasilhouette.org\/wp-content\/uploads\/2022\/01\/5-IMG_20200613_142505442-225x300.jpg 225w, https:\/\/nassasilhouette.org\/wp-content\/uploads\/2022\/01\/5-IMG_20200613_142505442-1152x1536.jpg 1152w, https:\/\/nassasilhouette.org\/wp-content\/uploads\/2022\/01\/5-IMG_20200613_142505442-1536x2048.jpg 1536w, https:\/\/nassasilhouette.org\/wp-content\/uploads\/2022\/01\/5-IMG_20200613_142505442-scaled.jpg 1920w\" sizes=\"auto, (max-width: 768px) 100vw, 768px\" \/><\/a><figcaption class=\"blocks-gallery-item__caption\">Bancos de pollos<\/figcaption><\/figure><\/li><\/ul><\/figure>\n\n\n\n<figure class=\"wp-block-gallery alignwide columns-2 is-cropped wp-block-gallery-4 is-layout-flex wp-block-gallery-is-layout-flex\"><ul class=\"blocks-gallery-grid\"><li class=\"blocks-gallery-item\"><figure><a href=\"https:\/\/nassasilhouette.org\/wp-content\/uploads\/2022\/01\/6-IMG_20200613_142438917_HDR-768x1024.jpg\"><img loading=\"lazy\" decoding=\"async\" width=\"768\" height=\"1024\" src=\"https:\/\/nassasilhouette.org\/wp-content\/uploads\/2022\/01\/6-IMG_20200613_142438917_HDR-768x1024.jpg\" alt=\"\" data-id=\"8950\" data-link=\"https:\/\/nassasilhouette.org\/nassa-regions\/usa-gun-clubs\/northeast\/tioga-county-sportsmens-association\/6-img_20200613_142438917_hdr\/\" class=\"wp-image-8950\" srcset=\"https:\/\/nassasilhouette.org\/wp-content\/uploads\/2022\/01\/6-IMG_20200613_142438917_HDR-768x1024.jpg 768w, https:\/\/nassasilhouette.org\/wp-content\/uploads\/2022\/01\/6-IMG_20200613_142438917_HDR-225x300.jpg 225w, https:\/\/nassasilhouette.org\/wp-content\/uploads\/2022\/01\/6-IMG_20200613_142438917_HDR-1152x1536.jpg 1152w, https:\/\/nassasilhouette.org\/wp-content\/uploads\/2022\/01\/6-IMG_20200613_142438917_HDR-1536x2048.jpg 1536w, https:\/\/nassasilhouette.org\/wp-content\/uploads\/2022\/01\/6-IMG_20200613_142438917_HDR-scaled.jpg 1920w\" sizes=\"auto, (max-width: 768px) 100vw, 768px\" \/><\/a><figcaption class=\"blocks-gallery-item__caption\">Bancos de cerdos<\/figcaption><\/figure><\/li><li class=\"blocks-gallery-item\"><figure><a href=\"https:\/\/nassasilhouette.org\/wp-content\/uploads\/2022\/01\/7-IMG_20200613_142420214_HDR-scaled.jpg\"><img loading=\"lazy\" decoding=\"async\" width=\"768\" height=\"1024\" src=\"https:\/\/nassasilhouette.org\/wp-content\/uploads\/2022\/01\/7-IMG_20200613_142420214_HDR-768x1024.jpg\" alt=\"\" data-id=\"8951\" data-full-url=\"https:\/\/nassasilhouette.org\/wp-content\/uploads\/2022\/01\/7-IMG_20200613_142420214_HDR-scaled.jpg\" data-link=\"https:\/\/nassasilhouette.org\/nassa-regions\/usa-gun-clubs\/northeast\/tioga-county-sportsmens-association\/7-img_20200613_142420214_hdr\/\" class=\"wp-image-8951\" srcset=\"https:\/\/nassasilhouette.org\/wp-content\/uploads\/2022\/01\/7-IMG_20200613_142420214_HDR-768x1024.jpg 768w, https:\/\/nassasilhouette.org\/wp-content\/uploads\/2022\/01\/7-IMG_20200613_142420214_HDR-225x300.jpg 225w, https:\/\/nassasilhouette.org\/wp-content\/uploads\/2022\/01\/7-IMG_20200613_142420214_HDR-1152x1536.jpg 1152w, https:\/\/nassasilhouette.org\/wp-content\/uploads\/2022\/01\/7-IMG_20200613_142420214_HDR-1536x2048.jpg 1536w, https:\/\/nassasilhouette.org\/wp-content\/uploads\/2022\/01\/7-IMG_20200613_142420214_HDR-scaled.jpg 1920w\" sizes=\"auto, (max-width: 768px) 100vw, 768px\" \/><\/a><figcaption class=\"blocks-gallery-item__caption\">Bancos turcos<\/figcaption><\/figure><\/li><\/ul><\/figure>\n\n\n\n<figure class=\"wp-block-gallery alignwide columns-2 is-cropped wp-block-gallery-5 is-layout-flex wp-block-gallery-is-layout-flex\"><ul class=\"blocks-gallery-grid\"><li class=\"blocks-gallery-item\"><figure><a href=\"https:\/\/nassasilhouette.org\/wp-content\/uploads\/2022\/01\/8-IMG_20200613_140157905-768x1024.jpg\"><img loading=\"lazy\" decoding=\"async\" width=\"768\" height=\"1024\" src=\"https:\/\/nassasilhouette.org\/wp-content\/uploads\/2022\/01\/8-IMG_20200613_140157905-768x1024.jpg\" alt=\"\" data-id=\"8952\" data-link=\"https:\/\/nassasilhouette.org\/nassa-regions\/usa-gun-clubs\/northeast\/tioga-county-sportsmens-association\/8-img_20200613_140157905\/\" class=\"wp-image-8952\" srcset=\"https:\/\/nassasilhouette.org\/wp-content\/uploads\/2022\/01\/8-IMG_20200613_140157905-768x1024.jpg 768w, https:\/\/nassasilhouette.org\/wp-content\/uploads\/2022\/01\/8-IMG_20200613_140157905-225x300.jpg 225w, https:\/\/nassasilhouette.org\/wp-content\/uploads\/2022\/01\/8-IMG_20200613_140157905-1152x1536.jpg 1152w, https:\/\/nassasilhouette.org\/wp-content\/uploads\/2022\/01\/8-IMG_20200613_140157905-1536x2048.jpg 1536w, https:\/\/nassasilhouette.org\/wp-content\/uploads\/2022\/01\/8-IMG_20200613_140157905-scaled.jpg 1920w\" sizes=\"auto, (max-width: 768px) 100vw, 768px\" \/><\/a><figcaption class=\"blocks-gallery-item__caption\">Herrajes de palanca<\/figcaption><\/figure><\/li><li class=\"blocks-gallery-item\"><figure><a href=\"https:\/\/nassasilhouette.org\/wp-content\/uploads\/2022\/01\/9-Main-Clubhouse-small.jpeg\"><img loading=\"lazy\" decoding=\"async\" width=\"375\" height=\"230\" src=\"https:\/\/nassasilhouette.org\/wp-content\/uploads\/2022\/01\/9-Main-Clubhouse-small.jpeg\" alt=\"\" data-id=\"8953\" data-full-url=\"https:\/\/nassasilhouette.org\/wp-content\/uploads\/2022\/01\/9-Main-Clubhouse-small.jpeg\" data-link=\"https:\/\/nassasilhouette.org\/nassa-regions\/usa-gun-clubs\/northeast\/tioga-county-sportsmens-association\/9-main-clubhouse-small\/\" class=\"wp-image-8953\" srcset=\"https:\/\/nassasilhouette.org\/wp-content\/uploads\/2022\/01\/9-Main-Clubhouse-small.jpeg 375w, https:\/\/nassasilhouette.org\/wp-content\/uploads\/2022\/01\/9-Main-Clubhouse-small-300x184.jpeg 300w\" sizes=\"auto, (max-width: 375px) 100vw, 375px\" \/><\/a><figcaption class=\"blocks-gallery-item__caption\">Casa Club<\/figcaption><\/figure><\/li><\/ul><\/figure>\n","protected":false},"excerpt":{"rendered":"<p>Originalmente constituida como The Owego Rod and Gun Club, Inc. en julio de 1907, la Tioga County Sportsmen&#8217;s Association, Inc. fue rebautizada el 10 de febrero de 1925. Edward J. Wood, Presidente del club, y Otis F. Swift, Secretario, recibieron el d\u00eda anterior una moci\u00f3n de los socios para continuar con la nueva incorporaci\u00f3n. Leon&hellip; <a class=\"more-link\" href=\"https:\/\/nassasilhouette.org\/es-mx\/regiones-clubes-nassa\/regiones-clubes-de-ee-uu\/region-noreste-clubes\/asociacion-de-deportistas-del-condado-de-tioga-owego-nueva-york\/\">Continue reading <span class=\"screen-reader-text\">Asociaci\u00f3n de Deportistas del Condado de Tioga &#8211; Owego, Nueva York<\/span><\/a><\/p>\n","protected":false},"author":4,"featured_media":0,"parent":19521,"menu_order":0,"comment_status":"closed","ping_status":"closed","template":"","meta":{"_acf_changed":false,"footnotes":""},"class_list":["post-19561","page","type-page","status-publish","hentry","entry"],"acf":[],"rttpg_featured_image_url":null,"rttpg_author":{"display_name":"Chris Cawthorne","author_link":"https:\/\/nassasilhouette.org\/es-mx\/author\/cecawthorneyahoo-com\/"},"rttpg_comment":0,"rttpg_category":" <a href=\"https:\/\/nassasilhouette.org\/es-mx\/?taxonomy=translation_priority&#038;term=optional-es-mx\" rel=\"tag\">Optional<\/a>","rttpg_excerpt":"Originalmente constituida como The Owego Rod and Gun Club, Inc. en julio de 1907, la Tioga County Sportsmen&#8217;s Association, Inc. fue rebautizada el 10 de febrero de 1925. Edward J. Wood, Presidente del club, y Otis F. Swift, Secretario, recibieron el d\u00eda anterior una moci\u00f3n de los socios para continuar con la nueva incorporaci\u00f3n. Leon&hellip;&hellip;","_links":{"self":[{"href":"https:\/\/nassasilhouette.org\/es-mx\/wp-json\/wp\/v2\/pages\/19561","targetHints":{"allow":["GET"]}}],"collection":[{"href":"https:\/\/nassasilhouette.org\/es-mx\/wp-json\/wp\/v2\/pages"}],"about":[{"href":"https:\/\/nassasilhouette.org\/es-mx\/wp-json\/wp\/v2\/types\/page"}],"author":[{"embeddable":true,"href":"https:\/\/nassasilhouette.org\/es-mx\/wp-json\/wp\/v2\/users\/4"}],"replies":[{"embeddable":true,"href":"https:\/\/nassasilhouette.org\/es-mx\/wp-json\/wp\/v2\/comments?post=19561"}],"version-history":[{"count":0,"href":"https:\/\/nassasilhouette.org\/es-mx\/wp-json\/wp\/v2\/pages\/19561\/revisions"}],"up":[{"embeddable":true,"href":"https:\/\/nassasilhouette.org\/es-mx\/wp-json\/wp\/v2\/pages\/19521"}],"wp:attachment":[{"href":"https:\/\/nassasilhouette.org\/es-mx\/wp-json\/wp\/v2\/media?parent=19561"}],"curies":[{"name":"wp","href":"https:\/\/api.w.org\/{rel}","templated":true}]}}