{"id":19559,"date":"2022-04-09T17:03:07","date_gmt":"2022-04-09T22:03:07","guid":{"rendered":"https:\/\/nassasilhouette.org\/biblioteca-tecnica-de-wigger\/iniciar-un-programa-de-siluetas\/"},"modified":"2022-04-09T17:03:07","modified_gmt":"2022-04-09T22:03:07","slug":"iniciar-un-programa-de-siluetas","status":"publish","type":"page","link":"https:\/\/nassasilhouette.org\/es-mx\/biblioteca-tecnica-de-wigger\/iniciar-un-programa-de-siluetas\/","title":{"rendered":"Iniciar un programa de siluetas"},"content":{"rendered":"<div class=\"wp-block-image\">\n<figure class=\"aligncenter size-large\"><img loading=\"lazy\" decoding=\"async\" width=\"1024\" height=\"481\" src=\"https:\/\/nassasilhouette.org\/wp-content\/uploads\/2022\/12\/Starting-a-Silhouette-Program-Banner-1-1024x481.jpg\" alt=\"\" class=\"wp-image-15276\" srcset=\"https:\/\/nassasilhouette.org\/wp-content\/uploads\/2022\/12\/Starting-a-Silhouette-Program-Banner-1-1024x481.jpg 1024w, https:\/\/nassasilhouette.org\/wp-content\/uploads\/2022\/12\/Starting-a-Silhouette-Program-Banner-1-300x141.jpg 300w, https:\/\/nassasilhouette.org\/wp-content\/uploads\/2022\/12\/Starting-a-Silhouette-Program-Banner-1-768x361.jpg 768w, https:\/\/nassasilhouette.org\/wp-content\/uploads\/2022\/12\/Starting-a-Silhouette-Program-Banner-1-1536x722.jpg 1536w, https:\/\/nassasilhouette.org\/wp-content\/uploads\/2022\/12\/Starting-a-Silhouette-Program-Banner-1-2048x963.jpg 2048w, https:\/\/nassasilhouette.org\/wp-content\/uploads\/2022\/12\/Starting-a-Silhouette-Program-Banner-1-1568x737.jpg 1568w\" sizes=\"auto, (max-width: 1024px) 100vw, 1024px\" \/><\/figure>\n<\/div>\n\n\n<div style=\"height:30px\" aria-hidden=\"true\" class=\"wp-block-spacer\"><\/div>\n\n\n\n<p>Los estatutos de la NASSA se centran en la promoci\u00f3n y expansi\u00f3n de las disciplinas de silueta con rifle en todas las regiones de la NASSA. Una forma en que NASSA puede hacerlo es proporcionando informaci\u00f3n \u00fatil sobre c\u00f3mo iniciar u optimizar un programa de silueta de rifle en los clubes de armas de toda Norteam\u00e9rica.<\/p>\n\n\n\n<p>Por favor, eche un vistazo a los diversos contenidos a continuaci\u00f3n, incluyendo la construcci\u00f3n \/ mantenimiento de un campo de tiro de siluetas, el desarrollo de la infraestructura del campo de tiro de siluetas, la compra de los suministros necesarios, la realizaci\u00f3n de un partido de siluetas y otros aspectos log\u00edsticos para ponerse en marcha. Nuestra <strong><em>C\u00f3mo iniciar un programa de siluetas<\/em> <\/strong>es un trabajo en curso y crecer\u00e1 a medida que podamos recopilar y a\u00f1adir nuevo material digno de ser publicado.<\/p>\n\n\n\n<p class=\"has-text-align-center has-vivid-cyan-blue-color has-text-color\"><strong>Utilice el enlace que aparece a continuaci\u00f3n para ponerse en contacto con nosotros y a\u00f1adir material nuevo que considere \u00fatil para nuestra comunidad de siluetas de rifle.<\/strong><\/p>\n\n\n\n<div class=\"wp-block-buttons is-layout-flex wp-block-buttons-is-layout-flex\">\n<div class=\"wp-block-button aligncenter has-custom-font-size has-extra-small-font-size\"><a class=\"wp-block-button__link has-vivid-cyan-blue-background-color has-background wp-element-button\" href=\"https:\/\/nassasilhouette.org\/about-us\/contact-us\/\"><strong>CONTACTAR CON NOSOTROS<\/strong><\/a><\/div>\n<\/div>\n\n\n\n<hr class=\"wp-block-separator has-alpha-channel-opacity\">\n\n\n\n<div style=\"height:50px\" aria-hidden=\"true\" class=\"wp-block-spacer\"><\/div>\n\n\n\n<h2 class=\"has-text-align-center has-large-font-size wp-block-heading\" style=\"font-style:normal;font-weight:400\"><strong>Silhouette Range Construcci\u00f3n y mantenimiento<\/strong><\/h2>\n\n\n\n<p>A continuaci\u00f3n se incluyen varias publicaciones, sitios web y material de referencia para empezar, as\u00ed como para ayudar a mantener la propiedad f\u00edsica de su campo de tiro de siluetas de rifle. Desde la optimizaci\u00f3n de la disposici\u00f3n del campo de tiro hasta las cuestiones medioambientales, este material es la base sobre la que construir un programa de siluetas de \u00e9xito.<\/p>\n\n\n\n<div class=\"wp-block-media-text alignwide is-stacked-on-mobile\" style=\"grid-template-columns:19% auto\"><figure class=\"wp-block-media-text__media\"><img loading=\"lazy\" decoding=\"async\" width=\"704\" height=\"786\" src=\"https:\/\/nassasilhouette.org\/wp-content\/uploads\/2022\/05\/NRA-Range-Source-Book.png\" alt=\"\" class=\"wp-image-11623 size-full\" srcset=\"https:\/\/nassasilhouette.org\/wp-content\/uploads\/2022\/05\/NRA-Range-Source-Book.png 704w, https:\/\/nassasilhouette.org\/wp-content\/uploads\/2022\/05\/NRA-Range-Source-Book-269x300.png 269w\" sizes=\"auto, (max-width: 704px) 100vw, 704px\" \/><\/figure><div class=\"wp-block-media-text__content\">\n<p class=\"has-medium-font-size\"><strong>NRA Range Source Book<\/strong><\/p>\n\n\n\n<p>The NRA Range Source Book (Current Edition) es un libro de consulta t\u00e9cnica para constructores y operadores de campos de tiro. El libro contiene 27 cap\u00edtulos de informaci\u00f3n sobre el funcionamiento y la construcci\u00f3n de campos de tiro recopilados en una carpeta de tres anillas. La versi\u00f3n actualizada del Libro de consulta de la NRA incluye informaci\u00f3n sobre campos de tiro exteriores e interiores, una extensa lista de proveedores del sector que pueden ayudarle a construir o mejorar su campo de tiro, as\u00ed como una secci\u00f3n de planos generales de referencia.<\/p>\n\n\n\n<div class=\"wp-block-buttons is-layout-flex wp-block-buttons-is-layout-flex\">\n<div class=\"wp-block-button aligncenter has-custom-font-size has-extra-small-font-size\"><a class=\"wp-block-button__link has-vivid-cyan-blue-background-color has-background wp-element-button\" href=\"https:\/\/materials.nrahq.org\/RangeServicesMaterials\/NRARangeSourceBookCurrentEdition\/\"><strong>SOLICITE EL LIBRO DE CONSULTA DE LA NRA<\/strong><\/a><\/div>\n<\/div>\n<\/div><\/div>\n\n\n\n<hr class=\"wp-block-separator has-alpha-channel-opacity\">\n\n\n\n<div style=\"height:0px\" aria-hidden=\"true\" class=\"wp-block-spacer\"><\/div>\n\n\n\n<div class=\"wp-block-media-text alignwide is-stacked-on-mobile\" style=\"grid-template-columns:18% auto\"><figure class=\"wp-block-media-text__media\"><img loading=\"lazy\" decoding=\"async\" width=\"792\" height=\"1024\" src=\"https:\/\/nassasilhouette.org\/wp-content\/uploads\/2022\/12\/EPA-Best-Mangement-Practices-792x1024.jpg\" alt=\"\" class=\"wp-image-15091 size-full\" srcset=\"https:\/\/nassasilhouette.org\/wp-content\/uploads\/2022\/12\/EPA-Best-Mangement-Practices-792x1024.jpg 792w, https:\/\/nassasilhouette.org\/wp-content\/uploads\/2022\/12\/EPA-Best-Mangement-Practices-232x300.jpg 232w, https:\/\/nassasilhouette.org\/wp-content\/uploads\/2022\/12\/EPA-Best-Mangement-Practices-768x992.jpg 768w, https:\/\/nassasilhouette.org\/wp-content\/uploads\/2022\/12\/EPA-Best-Mangement-Practices-1189x1536.jpg 1189w, https:\/\/nassasilhouette.org\/wp-content\/uploads\/2022\/12\/EPA-Best-Mangement-Practices.jpg 1567w\" sizes=\"auto, (max-width: 792px) 100vw, 792px\" \/><\/figure><div class=\"wp-block-media-text__content\">\n<p class=\"has-normal-font-size\"><strong>Pr\u00e1cticas recomendadas de la EPA para campos de tiro al aire libre con plomo<\/strong><\/p>\n\n\n\n<p>El Manual de mejores pr\u00e1cticas de la EPA proporciona a los propietarios y operadores de campos de tiro al aire libre con rifle, pistola, trampa, plato y arcilla deportiva informaci\u00f3n sobre la gesti\u00f3n del plomo en sus campos.<\/p>\n\n\n\n<div class=\"wp-block-columns is-layout-flex wp-container-core-columns-is-layout-9d6595d7 wp-block-columns-is-layout-flex\">\n<div class=\"wp-block-column is-layout-flow wp-block-column-is-layout-flow\">\n<div class=\"wp-block-file\"><a id=\"wp-block-file--media-c0aaabe6-b67c-43f0-b080-b5ea3b41a9ec\" href=\"https:\/\/nassasilhouette.org\/wp-content\/uploads\/2022\/12\/EPA.pdf\">MEJORES PR\u00c1CTICAS DE LA EPA <\/a><a href=\"https:\/\/nassasilhouette.org\/wp-content\/uploads\/2022\/12\/EPA.pdf\" class=\"wp-block-file__button wp-element-button\" download=\"\" aria-describedby=\"wp-block-file--media-c0aaabe6-b67c-43f0-b080-b5ea3b41a9ec\">PDF<\/a><\/div>\n<\/div>\n\n\n\n<div class=\"wp-block-column is-layout-flow wp-block-column-is-layout-flow\">\n<div class=\"wp-block-buttons is-layout-flex wp-block-buttons-is-layout-flex\">\n<div class=\"wp-block-button has-custom-font-size has-extra-small-font-size\"><a class=\"wp-block-button__link has-vivid-cyan-blue-background-color has-background wp-element-button\" href=\"https:\/\/www.epa.gov\/lead\/best-management-practices-lead-outdoor-shooting-ranges-0\">P\u00c1GINA WEB DE LA EPA<\/a><\/div>\n<\/div>\n<\/div>\n<\/div>\n<\/div><\/div>\n\n\n\n<hr class=\"wp-block-separator has-alpha-channel-opacity\">\n\n\n\n<div style=\"height:50px\" aria-hidden=\"true\" class=\"wp-block-spacer\"><\/div>\n\n\n\n<h2 class=\"has-text-align-center has-large-font-size wp-block-heading\"><strong>Equipo de la gama Silhouette<\/strong><\/h2>\n\n\n\n<p>Desde la infraestructura de la l\u00ednea de tiro hasta los soportes para las dianas de acero, iremos a\u00f1adiendo m\u00e1s informaci\u00f3n \u00fatil para configurar u optimizar tu campo de tiro de siluetas y empezar a derribar animales de acero.<\/p>\n\n\n\n<div class=\"wp-block-media-text alignwide is-stacked-on-mobile\" style=\"grid-template-columns:18% auto\"><figure class=\"wp-block-media-text__media\"><img loading=\"lazy\" decoding=\"async\" width=\"1024\" height=\"589\" src=\"https:\/\/nassasilhouette.org\/wp-content\/uploads\/2022\/12\/BRI-Target-Frame-Image-1024x589.jpg\" alt=\"\" class=\"wp-image-15116 size-full\" srcset=\"https:\/\/nassasilhouette.org\/wp-content\/uploads\/2022\/12\/BRI-Target-Frame-Image-1024x589.jpg 1024w, https:\/\/nassasilhouette.org\/wp-content\/uploads\/2022\/12\/BRI-Target-Frame-Image-300x173.jpg 300w, https:\/\/nassasilhouette.org\/wp-content\/uploads\/2022\/12\/BRI-Target-Frame-Image-768x442.jpg 768w, https:\/\/nassasilhouette.org\/wp-content\/uploads\/2022\/12\/BRI-Target-Frame-Image.jpg 1154w\" sizes=\"auto, (max-width: 1024px) 100vw, 1024px\" \/><\/figure><div class=\"wp-block-media-text__content\">\n<p class=\"has-normal-font-size\"><strong>Bayou Rifles Inc .22lr Smallbore Rifle Silhouette Stand<\/strong><\/p>\n\n\n\n<p>Aqu\u00ed se incluyen los planos CAD en formato PDF de un soporte de silueta de rifle smallbore .22lr &#8220;de referencia&#8221; utilizado en Bayou Rifles, Inc. ubicado en Houston, Texas. Estos stands son extremadamente robustos y los \u00faltimos (2) stands fueron construidos por una clase de taller de la escuela secundaria local por lo que son relativamente sencillo y f\u00e1cil de fabricar.<\/p>\n\n\n\n<div class=\"wp-block-buttons is-layout-flex wp-block-buttons-is-layout-flex\">\n<div class=\"wp-block-button aligncenter has-custom-font-size has-extra-small-font-size\"><a class=\"wp-block-button__link has-vivid-cyan-blue-background-color has-background wp-element-button\" href=\"https:\/\/nassasilhouette.org\/bayou-rifles-22lr-smallbore-silhouette-stand\/\"><strong>PLANOS DE SILHOUETTE STAND (PDFs)<\/strong><\/a><\/div>\n<\/div>\n<\/div><\/div>\n\n\n\n<hr class=\"wp-block-separator has-alpha-channel-opacity\">\n\n\n\n<div style=\"height:50px\" aria-hidden=\"true\" class=\"wp-block-spacer\"><\/div>\n\n\n\n<h2 class=\"has-text-align-center has-large-font-size wp-block-heading\"><strong>Silueta Match Stat Office<\/strong><\/h2>\n\n\n\n<div class=\"wp-block-media-text alignwide is-stacked-on-mobile\" style=\"grid-template-columns:19% auto\"><figure class=\"wp-block-media-text__media\"><img loading=\"lazy\" decoding=\"async\" width=\"536\" height=\"638\" src=\"https:\/\/nassasilhouette.org\/wp-content\/uploads\/2022\/12\/NRA-Silhouette-Bulletin-Board-Sheet-3.jpg\" alt=\"\" class=\"wp-image-15272 size-full\" srcset=\"https:\/\/nassasilhouette.org\/wp-content\/uploads\/2022\/12\/NRA-Silhouette-Bulletin-Board-Sheet-3.jpg 536w, https:\/\/nassasilhouette.org\/wp-content\/uploads\/2022\/12\/NRA-Silhouette-Bulletin-Board-Sheet-3-252x300.jpg 252w\" sizes=\"auto, (max-width: 536px) 100vw, 536px\" \/><\/figure><div class=\"wp-block-media-text__content\">\n<p class=\"has-normal-font-size\"><strong>Hoja informativa de la silueta de la NRA<\/strong><\/p>\n\n\n\n<p>Estas <strong>Hojas de Bolet\u00edn de Siluetas de la NRA<\/strong> se utilizan en muchos campeonatos en todo Estados Unidos. Normalmente se rellenan durante el transcurso de la competici\u00f3n para mantener informados a los tiradores mientras se recopilan las estad\u00edsticas para los resultados finales de la competici\u00f3n. Pida estas populares Hojas Informativas de Siluetas de la NRA en el enlace del sitio web de la NRA que aparece a continuaci\u00f3n:<\/p>\n\n\n\n<div class=\"wp-block-buttons is-layout-flex wp-block-buttons-is-layout-flex\">\n<div class=\"wp-block-button aligncenter has-custom-font-size has-extra-small-font-size\"><a class=\"wp-block-button__link has-vivid-cyan-blue-background-color has-background wp-element-button\" href=\"https:\/\/materials.nrahq.org\/In-House\/SilhouetteBulletinSheet\/\"><strong>SOLICITE AQU\u00cd LAS HOJAS INFORMATIVAS DE LA NRA<\/strong><\/a><\/div>\n<\/div>\n<\/div><\/div>\n\n\n\n<hr class=\"wp-block-separator has-alpha-channel-opacity\">\n\n\n\n<div style=\"height:48px\" aria-hidden=\"true\" class=\"wp-block-spacer\"><\/div>\n\n\n\n<h2 class=\"has-text-align-center wp-block-heading\"><strong>Alfileres de premio Silhouette<\/strong><\/h2>\n\n\n\n<div class=\"wp-block-media-text alignwide is-stacked-on-mobile\" style=\"grid-template-columns:17% auto\"><figure class=\"wp-block-media-text__media\"><img loading=\"lazy\" decoding=\"async\" width=\"1024\" height=\"1001\" src=\"https:\/\/nassasilhouette.org\/wp-content\/uploads\/2022\/12\/National_Rifle_Association_official_logo.svg-1024x1001.png\" alt=\"\" class=\"wp-image-16812 size-full\" srcset=\"https:\/\/nassasilhouette.org\/wp-content\/uploads\/2022\/12\/National_Rifle_Association_official_logo.svg-1024x1001.png 1024w, https:\/\/nassasilhouette.org\/wp-content\/uploads\/2022\/12\/National_Rifle_Association_official_logo.svg-300x293.png 300w, https:\/\/nassasilhouette.org\/wp-content\/uploads\/2022\/12\/National_Rifle_Association_official_logo.svg-768x751.png 768w, https:\/\/nassasilhouette.org\/wp-content\/uploads\/2022\/12\/National_Rifle_Association_official_logo.svg.png 1200w\" sizes=\"auto, (max-width: 1024px) 100vw, 1024px\" \/><\/figure><div class=\"wp-block-media-text__content\">\n<p class=\"has-normal-font-size\"><strong>Alfileres de premio de la NRA<\/strong><\/p>\n\n\n\n<p>Solicite a la NRA los pasadores de 5 en raya y de 10 en raya para todas las disciplinas de silueta de rifle utilizando el formulario adjunto m\u00e1s abajo. La direcci\u00f3n postal de la ANR correspondiente figura en el formulario.<\/p>\n\n\n\n<div class=\"wp-block-file\"><a id=\"wp-block-file--media-f3de4031-e81a-4445-bcd3-2aa2ee9cd0ac\" href=\"https:\/\/nassasilhouette.org\/wp-content\/uploads\/2022\/12\/NRA-Pins-Order-Form-1.pdf\">\n  <strong>NRA-Pins-Formulario de pedido<\/strong>\n<\/a><a href=\"https:\/\/nassasilhouette.org\/wp-content\/uploads\/2022\/12\/NRA-Pins-Order-Form-1.pdf\" class=\"wp-block-file__button wp-element-button\" download=\"\" aria-describedby=\"wp-block-file--media-f3de4031-e81a-4445-bcd3-2aa2ee9cd0ac\">Descargar<\/a><\/div>\n<\/div><\/div>\n\n\n\n<hr class=\"wp-block-separator has-alpha-channel-opacity\">\n\n\n\n<div class=\"wp-block-media-text alignwide is-stacked-on-mobile\" style=\"grid-template-columns:18% auto\"><figure class=\"wp-block-media-text__media\"><img loading=\"lazy\" decoding=\"async\" width=\"226\" height=\"97\" src=\"https:\/\/nassasilhouette.org\/wp-content\/uploads\/2022\/12\/RBR-Award-Pins-Logo.png\" alt=\"\" class=\"wp-image-16810 size-full\"><\/figure><div class=\"wp-block-media-text__content\">\n<p class=\"has-normal-font-size\"><strong>RBR Award Pins LLC<\/strong><\/p>\n\n\n\n<p>Pida 5 en raya, 10 en raya y otros pins personalizados on-line para todas las disciplinas de rifle silueta a RBR Award Pins LLC. El objetivo de RBR Award Pins es mantener las cosas sencillas y personales. Son una peque\u00f1a empresa dedicada a proporcionar el obsequio perfecto para su evento de rodaje.<\/p>\n\n\n\n<div class=\"wp-block-buttons is-content-justification-center is-layout-flex wp-container-core-buttons-is-layout-16018d1d wp-block-buttons-is-layout-flex\">\n<div class=\"wp-block-button has-custom-font-size has-extra-small-font-size\"><a class=\"wp-block-button__link has-vivid-cyan-blue-background-color has-background wp-element-button\" href=\"http:\/\/rbrawardpins.com\/\"><strong>RBR AWARD PINS WEBSITE<\/strong><\/a><\/div>\n<\/div>\n<\/div><\/div>\n\n\n\n<hr class=\"wp-block-separator has-alpha-channel-opacity\">\n\n\n\n<div style=\"height:50px\" aria-hidden=\"true\" class=\"wp-block-spacer\"><\/div>\n\n\n\n<h2 class=\"has-text-align-center has-large-font-size wp-block-heading\"><strong>Silueta de acero Vendedores de animales<\/strong><\/h2>\n\n\n\n<p>Los proveedores que se enumeran a continuaci\u00f3n son las fuentes estadounidenses m\u00e1s utilizadas para los blancos de acero para siluetas de rifle y los blancos de papel. Esto incluye tanto los animales aut\u00f3nomos fabricados a partir de chapa de acero, los animales swinger, as\u00ed como un proveedor que suministra animales de fundici\u00f3n utilizados en muchos partidos de silueta de peque\u00f1o calibre .22lr. Dado que dos de estos proveedores son talleres de fabricaci\u00f3n, realizar\u00e1n trabajos a medida con materiales diferentes, grosores distintos y otros requisitos que usted pueda tener m\u00e1s all\u00e1 de sus ofertas est\u00e1ndar en sus sitios web. Preg\u00fantenos.<\/p>\n\n\n\n<div class=\"wp-block-media-text alignwide is-stacked-on-mobile\" style=\"grid-template-columns:19% auto\"><figure class=\"wp-block-media-text__media\"><img loading=\"lazy\" decoding=\"async\" width=\"224\" height=\"163\" src=\"https:\/\/nassasilhouette.org\/wp-content\/uploads\/2022\/12\/Quality-Target-Logo-2.jpg\" alt=\"\" class=\"wp-image-15220 size-full\"><\/figure><div class=\"wp-block-media-text__content\">\n<p class=\"has-normal-font-size\"><strong>Objetivos de calidad, Inc.<\/strong><\/p>\n\n\n\n<p>La misi\u00f3n de Quality Targets es proporcionar las mejores dianas posibles a un precio asequible. La satisfacci\u00f3n del cliente y los productos de calidad&nbsp;son su principal prioridad. Fabricados en chapa de acero, Quality Targets ofrece una gama completa de blancos de acero para todas las disciplinas de tiro y realiza bastantes trabajos a medida.&nbsp;<\/p>\n\n\n\n<div class=\"wp-block-buttons is-layout-flex wp-block-buttons-is-layout-flex\">\n<div class=\"wp-block-button aligncenter has-custom-font-size has-extra-small-font-size\"><a class=\"wp-block-button__link has-vivid-cyan-blue-background-color has-background wp-element-button\" href=\"https:\/\/www.qualitytargets.com\/\">SITIO WEB DE CALIDAD<\/a><\/div>\n<\/div>\n<\/div><\/div>\n\n\n\n<hr class=\"wp-block-separator has-alpha-channel-opacity\">\n\n\n\n<div class=\"wp-block-media-text alignwide is-stacked-on-mobile is-vertically-aligned-center\" style=\"grid-template-columns:19% auto\"><figure class=\"wp-block-media-text__media\"><img loading=\"lazy\" decoding=\"async\" width=\"800\" height=\"300\" src=\"https:\/\/nassasilhouette.org\/wp-content\/uploads\/2022\/12\/NCSS-Logo-2.jpg\" alt=\"\" class=\"wp-image-15241 size-full\" srcset=\"https:\/\/nassasilhouette.org\/wp-content\/uploads\/2022\/12\/NCSS-Logo-2.jpg 800w, https:\/\/nassasilhouette.org\/wp-content\/uploads\/2022\/12\/NCSS-Logo-2-300x113.jpg 300w, https:\/\/nassasilhouette.org\/wp-content\/uploads\/2022\/12\/NCSS-Logo-2-768x288.jpg 768w\" sizes=\"auto, (max-width: 800px) 100vw, 800px\" \/><\/figure><div class=\"wp-block-media-text__content\">\n<p class=\"has-normal-font-size\"><strong>Tiradores de siluetas de Carolina del Norte<\/strong><\/p>\n\n\n\n<p>North Carolina Silhouette Shooters suministra dianas fundidas de calibre .22lr smallbore, muy populares en muchos campeonatos de los EE.UU., incluidos los Campeonatos Nacionales de la NRA. Construido seg\u00fan especificaciones exactas con resistencia a\u00f1adida (especialmente los pollos) para evitar roturas. Los blancos ofrecidos son de hierro d\u00factil fundido &#8211; 1\/5 tama\u00f1o .22LR blancos de \u00e1nima peque\u00f1a con bases rectificadas planas\/paralelas con peso centrado sobre la base para la estabilidad. Los animales de fundici\u00f3n se suministran con pintura de imprimaci\u00f3n aplicada para evitar la oxidaci\u00f3n.  <\/p>\n\n\n\n<div class=\"wp-block-buttons is-layout-flex wp-block-buttons-is-layout-flex\">\n<div class=\"wp-block-button aligncenter has-custom-font-size has-extra-small-font-size\"><a class=\"wp-block-button__link has-vivid-cyan-blue-background-color has-background wp-element-button\" href=\"http:\/\/ncsilhouette.com\/products\/\"><strong>SITIO WEB DE LOS TIRADORES DE SILUETAS DE CAROLINA DEL NORTE<\/strong><\/a><\/div>\n<\/div>\n<\/div><\/div>\n\n\n\n<div class=\"wp-block-media-text alignwide is-stacked-on-mobile\" style=\"grid-template-columns:18% auto\"><figure class=\"wp-block-media-text__media\"><img loading=\"lazy\" decoding=\"async\" width=\"1024\" height=\"379\" src=\"https:\/\/nassasilhouette.org\/wp-content\/uploads\/2022\/12\/Magnum-Target-Logo-1024x379.png\" alt=\"\" class=\"wp-image-16806 size-full\" srcset=\"https:\/\/nassasilhouette.org\/wp-content\/uploads\/2022\/12\/Magnum-Target-Logo-1024x379.png 1024w, https:\/\/nassasilhouette.org\/wp-content\/uploads\/2022\/12\/Magnum-Target-Logo-300x111.png 300w, https:\/\/nassasilhouette.org\/wp-content\/uploads\/2022\/12\/Magnum-Target-Logo-768x284.png 768w, https:\/\/nassasilhouette.org\/wp-content\/uploads\/2022\/12\/Magnum-Target-Logo-1536x568.png 1536w, https:\/\/nassasilhouette.org\/wp-content\/uploads\/2022\/12\/Magnum-Target-Logo-2048x758.png 2048w, https:\/\/nassasilhouette.org\/wp-content\/uploads\/2022\/12\/Magnum-Target-Logo-1568x580.png 1568w\" sizes=\"auto, (max-width: 1024px) 100vw, 1024px\" \/><\/figure><div class=\"wp-block-media-text__content\">\n<p class=\"has-normal-font-size\"><strong>Objetivo Magnum<\/strong><\/p>\n\n\n\n<p>Los que trabajan en Magnum Target han disfrutado disparando desde que tuvieron edad suficiente para empu\u00f1ar un arma. Construyeron blancos de tiro a lo largo de los a\u00f1os para su propio uso personal, ya que eran incapaces de encontrar blancos de tiro asequibles y de alta calidad. Muchos cazadores y tiradores recreativos y de competici\u00f3n empezaron a pedir a Magnum Target que construyera dianas para ellos a medida que se corr\u00eda la voz en la comunidad.<\/p>\n\n\n\n<div class=\"wp-block-buttons is-content-justification-center is-layout-flex wp-container-core-buttons-is-layout-16018d1d wp-block-buttons-is-layout-flex\">\n<div class=\"wp-block-button has-custom-font-size has-extra-small-font-size\"><a class=\"wp-block-button__link has-vivid-cyan-blue-background-color has-background wp-element-button\" href=\"https:\/\/magnumtarget.com\/\"><strong>MAGNUM TARGET WEBSITE<\/strong><\/a><\/div>\n<\/div>\n<\/div><\/div>\n\n\n\n<hr class=\"wp-block-separator has-alpha-channel-opacity\">\n\n\n\n<div class=\"wp-block-media-text alignwide is-stacked-on-mobile\" style=\"grid-template-columns:18% auto\"><figure class=\"wp-block-media-text__media\"><img loading=\"lazy\" decoding=\"async\" width=\"488\" height=\"306\" src=\"https:\/\/nassasilhouette.org\/wp-content\/uploads\/2022\/12\/Outdoor-Products-Plus-Logo.jpg\" alt=\"\" class=\"wp-image-15265 size-full\" srcset=\"https:\/\/nassasilhouette.org\/wp-content\/uploads\/2022\/12\/Outdoor-Products-Plus-Logo.jpg 488w, https:\/\/nassasilhouette.org\/wp-content\/uploads\/2022\/12\/Outdoor-Products-Plus-Logo-300x188.jpg 300w\" sizes=\"auto, (max-width: 488px) 100vw, 488px\" \/><\/figure><div class=\"wp-block-media-text__content\">\n<p class=\"has-normal-font-size\"><strong>Productos para exteriores Plus<\/strong><\/p>\n\n\n\n<p>Outdoor Products Plus ofrece una gran selecci\u00f3n a precios econ\u00f3micos de blancos de papel para siluetas de animales y son utilizados por muchos tiradores de siluetas para practicar. Ofrecen env\u00edo gratuito en pedidos de 50 $ o m\u00e1s en EE.UU. continental. Tambi\u00e9n cotizan env\u00edos internacionales si les env\u00edas lo que quieres y una direcci\u00f3n de env\u00edo.<\/p>\n\n\n\n<div class=\"wp-block-buttons is-layout-flex wp-block-buttons-is-layout-flex\">\n<div class=\"wp-block-button aligncenter has-custom-font-size has-extra-small-font-size\"><a class=\"wp-block-button__link has-vivid-cyan-blue-background-color has-background wp-element-button\" href=\"https:\/\/outdoorproductsplus.com\/\"><strong>SITIO WEB DE OUTDOOR PRODUCTS PLUS<\/strong><\/a><\/div>\n<\/div>\n<\/div><\/div>\n\n\n\n<hr class=\"wp-block-separator has-alpha-channel-opacity\">\n","protected":false},"excerpt":{"rendered":"<p>Los estatutos de la NASSA se centran en la promoci\u00f3n y expansi\u00f3n de las disciplinas de silueta con rifle en todas las regiones de la NASSA. Una forma en que NASSA puede hacerlo es proporcionando informaci\u00f3n \u00fatil sobre c\u00f3mo iniciar u optimizar un programa de silueta de rifle en los clubes de armas de toda&hellip; <a class=\"more-link\" href=\"https:\/\/nassasilhouette.org\/es-mx\/biblioteca-tecnica-de-wigger\/iniciar-un-programa-de-siluetas\/\">Continue reading <span class=\"screen-reader-text\">Iniciar un programa de siluetas<\/span><\/a><\/p>\n","protected":false},"author":4,"featured_media":0,"parent":13853,"menu_order":0,"comment_status":"closed","ping_status":"closed","template":"","meta":{"_acf_changed":false,"footnotes":""},"class_list":["post-19559","page","type-page","status-publish","hentry","entry"],"acf":[],"rttpg_featured_image_url":null,"rttpg_author":{"display_name":"Chris Cawthorne","author_link":"https:\/\/nassasilhouette.org\/es-mx\/author\/cecawthorneyahoo-com\/"},"rttpg_comment":0,"rttpg_category":" <a href=\"https:\/\/nassasilhouette.org\/es-mx\/?taxonomy=translation_priority&#038;term=optional-es-mx\" rel=\"tag\">Optional<\/a>","rttpg_excerpt":"Los estatutos de la NASSA se centran en la promoci\u00f3n y expansi\u00f3n de las disciplinas de silueta con rifle en todas las regiones de la NASSA. Una forma en que NASSA puede hacerlo es proporcionando informaci\u00f3n \u00fatil sobre c\u00f3mo iniciar u optimizar un programa de silueta de rifle en los clubes de armas de toda&hellip;&hellip;","_links":{"self":[{"href":"https:\/\/nassasilhouette.org\/es-mx\/wp-json\/wp\/v2\/pages\/19559","targetHints":{"allow":["GET"]}}],"collection":[{"href":"https:\/\/nassasilhouette.org\/es-mx\/wp-json\/wp\/v2\/pages"}],"about":[{"href":"https:\/\/nassasilhouette.org\/es-mx\/wp-json\/wp\/v2\/types\/page"}],"author":[{"embeddable":true,"href":"https:\/\/nassasilhouette.org\/es-mx\/wp-json\/wp\/v2\/users\/4"}],"replies":[{"embeddable":true,"href":"https:\/\/nassasilhouette.org\/es-mx\/wp-json\/wp\/v2\/comments?post=19559"}],"version-history":[{"count":0,"href":"https:\/\/nassasilhouette.org\/es-mx\/wp-json\/wp\/v2\/pages\/19559\/revisions"}],"up":[{"embeddable":true,"href":"https:\/\/nassasilhouette.org\/es-mx\/wp-json\/wp\/v2\/pages\/13853"}],"wp:attachment":[{"href":"https:\/\/nassasilhouette.org\/es-mx\/wp-json\/wp\/v2\/media?parent=19559"}],"curies":[{"name":"wp","href":"https:\/\/api.w.org\/{rel}","templated":true}]}}