{"id":19552,"date":"2022-01-15T12:47:38","date_gmt":"2022-01-15T18:47:38","guid":{"rendered":"https:\/\/nassasilhouette.org\/club-deportivo-pe-ell-pe-ell-wa\/"},"modified":"2022-01-15T12:47:38","modified_gmt":"2022-01-15T18:47:38","slug":"club-deportivo-pe-ell-pe-ell-wa","status":"publish","type":"page","link":"https:\/\/nassasilhouette.org\/es-mx\/regiones-clubes-nassa\/regiones-clubes-de-ee-uu\/region-noroeste-clubes-2\/club-deportivo-pe-ell-pe-ell-wa\/","title":{"rendered":"Club Deportivo Pe Ell &#8211; Pe Ell, WA"},"content":{"rendered":"\n<div class=\"wp-block-media-text alignwide is-stacked-on-mobile\" style=\"grid-template-columns:15% auto\"><figure class=\"wp-block-media-text__media\"><img loading=\"lazy\" decoding=\"async\" width=\"176\" height=\"174\" src=\"https:\/\/nassasilhouette.org\/wp-content\/uploads\/2022\/01\/cbc-Logo.png\" alt=\"\" class=\"wp-image-9393 size-full\"><\/figure><div class=\"wp-block-media-text__content\">\n<p><meta charset=\"utf-8\">Sede del Campeonato de Siluetas Conard Bernhardt, la peque\u00c3\u00b1a ciudad de Pe Ell, Washington, tiene \u00c2 uno de los campos de siluetas m\u00c3\u00a1s conocidos del pa\u00c3s. Las favorables condiciones de tiro han hecho del Pe Ell Sportsman&#8217;s Club el hogar de muchos r\u00e9cords nacionales y anfitri\u00f3n de los mejores tiradores del pa\u00eds.<\/p>\n<\/div><\/div>\n\n\n\n<div style=\"height:50px\" aria-hidden=\"true\" class=\"wp-block-spacer\"><\/div>\n\n\n\n<h2 class=\"has-text-align-center wp-block-heading\">Informaci\u00f3n de contacto<\/h2>\n\n\n\n<p><\/p>\n\n\n\n<figure class=\"wp-block-table is-style-stripes\"><table><tbody><tr><td><strong>P\u00e1gina web<\/strong>:<\/td><td>\n  <a href=\"http:\/\/www.plsportsmensclub.com\/\">http:\/\/www.plsportsmensclub.com\/<\/a>\n<\/td><\/tr><tr><td><strong>Facebook<\/strong>:<\/td><td>\n  <strong>\n    <strong>Club de Deportistas Pe Ell<\/strong>\n  <\/strong>\n<\/td><\/tr><tr><td><strong>Direcci\u00f3n comercial<\/strong>:<\/td><td>\n  <strong>239 McCormick Creek Rd, Pe Ell, WA 98572<\/strong>\n<\/td><\/tr><tr><td><strong>Ubicaci\u00f3n del campo<\/strong>:<\/td><td>\n  <strong>239 McCormick Creek Rd, Pe Ell, WA 98572<\/strong>\n<\/td><\/tr><tr><td><strong>Contacto principal<\/strong>:<\/td><td>\n  <strong>Xxxx<\/strong>\n<\/td><\/tr><tr><td><strong>Tel\u00e9fono de contacto principal<\/strong>:<\/td><td>\n  <strong>Xxxx<\/strong>\n<\/td><\/tr><tr><td><strong>Correo electr\u00f3nico de contacto principal<\/strong>:<\/td><td>\n  <strong>Xxxx<\/strong>\n<\/td><\/tr><\/tbody><\/table><\/figure>\n\n\n\n<div style=\"height:30px\" aria-hidden=\"true\" class=\"wp-block-spacer\"><\/div>\n\n\n\n<p><\/p>\n\n\n\n<h2 class=\"has-text-align-center wp-block-heading\">Capacidades de la gama Silhouette<\/h2>\n\n\n\n<p><\/p>\n\n\n\n<figure class=\"wp-block-table is-style-stripes\"><table><tbody><tr><td class=\"has-text-align-left\" data-align=\"left\"><strong>Disciplinas<\/strong>:<\/td><td><strong>Range Facilites<\/strong>:<\/td><\/tr><tr><td class=\"has-text-align-left\" data-align=\"left\">\n  <strong>Rifle Smallbore<\/strong>\n<\/td><td>\n  <strong>5 Bancos de cada animal<\/strong>\n<\/td><\/tr><tr><td class=\"has-text-align-left\" data-align=\"left\">\n  <strong>Rifle de alta potencia<\/strong>\n<\/td><td>\n  <strong>\n    <meta charset=\"utf-8\">\n    <strong>3 Bancos de cada animal<\/strong>\n  <\/strong>\n<\/td><\/tr><tr><td class=\"has-text-align-left\" data-align=\"left\">\n  <strong>Acci\u00f3n de palanca<\/strong>\n<\/td><td>\n  <strong>\n    <meta charset=\"utf-8\">\n    <strong>1 Banco de cada animal<\/strong>\n  <\/strong>\n<\/td><\/tr><tr><td class=\"has-text-align-left\" data-align=\"left\">\n  <strong>Pistola Cartucho Acci\u00f3n de Palanca<\/strong>\n<\/td><td>\n  <meta charset=\"utf-8\">\n  <strong>\n    <strong>1 Banco de cada animal<\/strong>\n  <\/strong>\n<\/td><\/tr><tr><td class=\"has-text-align-left\" data-align=\"left\">\n  <strong>Cartucho de rifle de palanca<\/strong>\n<\/td><td>\n  <meta charset=\"utf-8\">\n  <strong>\n    <strong>1 Banco de cada animal<\/strong>\n  <\/strong>\n<\/td><\/tr><tr><td class=\"has-text-align-left\" data-align=\"left\">\n  <strong>Rifle de aire comprimido<\/strong>\n<\/td><td>\n  <strong>Ninguno<\/strong>\n<\/td><\/tr><\/tbody><\/table><\/figure>\n\n\n\n<div style=\"height:30px\" aria-hidden=\"true\" class=\"wp-block-spacer\"><\/div>\n\n\n\n<h2 class=\"has-text-align-center wp-block-heading\">Instalaciones de la gama Silhouette<\/h2>\n\n\n\n<figure class=\"wp-block-gallery columns-2 is-cropped wp-block-gallery-1 is-layout-flex wp-block-gallery-is-layout-flex\"><ul class=\"blocks-gallery-grid\"><li class=\"blocks-gallery-item\"><figure><a href=\"https:\/\/nassasilhouette.org\/wp-content\/uploads\/2022\/01\/Shooters-on-the-Line-1024x774.jpeg\"><img loading=\"lazy\" decoding=\"async\" width=\"1024\" height=\"774\" src=\"https:\/\/nassasilhouette.org\/wp-content\/uploads\/2022\/01\/Shooters-on-the-Line-1024x774.jpeg\" alt=\"\" data-id=\"9436\" data-link=\"https:\/\/nassasilhouette.org\/nassa-regions\/usa-gun-clubs\/northwest\/pe-ell-sportsmans-club-pe-ell-wa\/shooters-on-the-line\/\" class=\"wp-image-9436\" srcset=\"https:\/\/nassasilhouette.org\/wp-content\/uploads\/2022\/01\/Shooters-on-the-Line-1024x774.jpeg 1024w, https:\/\/nassasilhouette.org\/wp-content\/uploads\/2022\/01\/Shooters-on-the-Line-300x227.jpeg 300w, https:\/\/nassasilhouette.org\/wp-content\/uploads\/2022\/01\/Shooters-on-the-Line-768x580.jpeg 768w, https:\/\/nassasilhouette.org\/wp-content\/uploads\/2022\/01\/Shooters-on-the-Line-1536x1161.jpeg 1536w, https:\/\/nassasilhouette.org\/wp-content\/uploads\/2022\/01\/Shooters-on-the-Line-2048x1548.jpeg 2048w\" sizes=\"auto, (max-width: 1024px) 100vw, 1024px\" \/><\/a><figcaption class=\"blocks-gallery-item__caption\">Tiradores en la l\u00ednea<\/figcaption><\/figure><\/li><li class=\"blocks-gallery-item\"><figure><a href=\"https:\/\/nassasilhouette.org\/wp-content\/uploads\/2022\/01\/High-Power-scaled.jpeg\"><img loading=\"lazy\" decoding=\"async\" width=\"1024\" height=\"768\" src=\"https:\/\/nassasilhouette.org\/wp-content\/uploads\/2022\/01\/High-Power-1024x768.jpeg\" alt=\"\" data-id=\"9437\" data-full-url=\"https:\/\/nassasilhouette.org\/wp-content\/uploads\/2022\/01\/High-Power-scaled.jpeg\" data-link=\"https:\/\/nassasilhouette.org\/nassa-regions\/usa-gun-clubs\/northwest\/pe-ell-sportsmans-club-pe-ell-wa\/high-power\/\" class=\"wp-image-9437\" srcset=\"https:\/\/nassasilhouette.org\/wp-content\/uploads\/2022\/01\/High-Power-1024x768.jpeg 1024w, https:\/\/nassasilhouette.org\/wp-content\/uploads\/2022\/01\/High-Power-300x225.jpeg 300w, https:\/\/nassasilhouette.org\/wp-content\/uploads\/2022\/01\/High-Power-768x576.jpeg 768w, https:\/\/nassasilhouette.org\/wp-content\/uploads\/2022\/01\/High-Power-1536x1152.jpeg 1536w, https:\/\/nassasilhouette.org\/wp-content\/uploads\/2022\/01\/High-Power-2048x1536.jpeg 2048w\" sizes=\"auto, (max-width: 1024px) 100vw, 1024px\" \/><\/a><figcaption class=\"blocks-gallery-item__caption\">Objetivos de alta potencia<\/figcaption><\/figure><\/li><\/ul><\/figure>\n\n\n\n<figure class=\"wp-block-gallery alignwide columns-2 is-cropped wp-block-gallery-2 is-layout-flex wp-block-gallery-is-layout-flex\"><ul class=\"blocks-gallery-grid\"><li class=\"blocks-gallery-item\"><figure><a href=\"https:\/\/nassasilhouette.org\/wp-content\/uploads\/2022\/01\/Target-Rich-Environment-1024x678.jpeg\"><img loading=\"lazy\" decoding=\"async\" width=\"1024\" height=\"678\" src=\"https:\/\/nassasilhouette.org\/wp-content\/uploads\/2022\/01\/Target-Rich-Environment-1024x678.jpeg\" alt=\"\" data-id=\"9438\" data-link=\"https:\/\/nassasilhouette.org\/nassa-regions\/usa-gun-clubs\/northwest\/pe-ell-sportsmans-club-pe-ell-wa\/target-rich-environment\/\" class=\"wp-image-9438\" srcset=\"https:\/\/nassasilhouette.org\/wp-content\/uploads\/2022\/01\/Target-Rich-Environment-1024x678.jpeg 1024w, https:\/\/nassasilhouette.org\/wp-content\/uploads\/2022\/01\/Target-Rich-Environment-300x199.jpeg 300w, https:\/\/nassasilhouette.org\/wp-content\/uploads\/2022\/01\/Target-Rich-Environment-768x508.jpeg 768w, https:\/\/nassasilhouette.org\/wp-content\/uploads\/2022\/01\/Target-Rich-Environment-1536x1016.jpeg 1536w, https:\/\/nassasilhouette.org\/wp-content\/uploads\/2022\/01\/Target-Rich-Environment-2048x1355.jpeg 2048w\" sizes=\"auto, (max-width: 1024px) 100vw, 1024px\" \/><\/a><figcaption class=\"blocks-gallery-item__caption\">Entorno rico en objetivos<\/figcaption><\/figure><\/li><li class=\"blocks-gallery-item\"><figure><a href=\"https:\/\/nassasilhouette.org\/wp-content\/uploads\/2022\/01\/Behind-the-Line-1-scaled.jpeg\"><img loading=\"lazy\" decoding=\"async\" width=\"1024\" height=\"768\" src=\"https:\/\/nassasilhouette.org\/wp-content\/uploads\/2022\/01\/Behind-the-Line-1-1024x768.jpeg\" alt=\"\" data-id=\"9439\" data-full-url=\"https:\/\/nassasilhouette.org\/wp-content\/uploads\/2022\/01\/Behind-the-Line-1-scaled.jpeg\" data-link=\"https:\/\/nassasilhouette.org\/nassa-regions\/usa-gun-clubs\/northwest\/pe-ell-sportsmans-club-pe-ell-wa\/behind-the-line-1\/\" class=\"wp-image-9439\" srcset=\"https:\/\/nassasilhouette.org\/wp-content\/uploads\/2022\/01\/Behind-the-Line-1-1024x768.jpeg 1024w, https:\/\/nassasilhouette.org\/wp-content\/uploads\/2022\/01\/Behind-the-Line-1-300x225.jpeg 300w, https:\/\/nassasilhouette.org\/wp-content\/uploads\/2022\/01\/Behind-the-Line-1-768x576.jpeg 768w, https:\/\/nassasilhouette.org\/wp-content\/uploads\/2022\/01\/Behind-the-Line-1-1536x1152.jpeg 1536w, https:\/\/nassasilhouette.org\/wp-content\/uploads\/2022\/01\/Behind-the-Line-1-2048x1536.jpeg 2048w\" sizes=\"auto, (max-width: 1024px) 100vw, 1024px\" \/><\/a><figcaption class=\"blocks-gallery-item__caption\">Detr\u00e1s de la l\u00ednea<\/figcaption><\/figure><\/li><\/ul><\/figure>\n\n\n\n<figure class=\"wp-block-gallery alignwide columns-2 is-cropped wp-block-gallery-3 is-layout-flex wp-block-gallery-is-layout-flex\"><ul class=\"blocks-gallery-grid\"><li class=\"blocks-gallery-item\"><figure><a href=\"https:\/\/nassasilhouette.org\/wp-content\/uploads\/2022\/01\/Fun-for-All-Ages-1024x768.jpeg\"><img loading=\"lazy\" decoding=\"async\" width=\"1024\" height=\"768\" src=\"https:\/\/nassasilhouette.org\/wp-content\/uploads\/2022\/01\/Fun-for-All-Ages-1024x768.jpeg\" alt=\"\" data-id=\"9440\" data-link=\"https:\/\/nassasilhouette.org\/nassa-regions\/usa-gun-clubs\/northwest\/pe-ell-sportsmans-club-pe-ell-wa\/fun-for-all-ages\/\" class=\"wp-image-9440\" srcset=\"https:\/\/nassasilhouette.org\/wp-content\/uploads\/2022\/01\/Fun-for-All-Ages-1024x768.jpeg 1024w, https:\/\/nassasilhouette.org\/wp-content\/uploads\/2022\/01\/Fun-for-All-Ages-300x225.jpeg 300w, https:\/\/nassasilhouette.org\/wp-content\/uploads\/2022\/01\/Fun-for-All-Ages-768x576.jpeg 768w, https:\/\/nassasilhouette.org\/wp-content\/uploads\/2022\/01\/Fun-for-All-Ages-1536x1152.jpeg 1536w, https:\/\/nassasilhouette.org\/wp-content\/uploads\/2022\/01\/Fun-for-All-Ages-2048x1536.jpeg 2048w\" sizes=\"auto, (max-width: 1024px) 100vw, 1024px\" \/><\/a><figcaption class=\"blocks-gallery-item__caption\">Diversi\u00f3n para todas las edades<\/figcaption><\/figure><\/li><li class=\"blocks-gallery-item\"><figure><a href=\"https:\/\/nassasilhouette.org\/wp-content\/uploads\/2022\/01\/Fresh-HP-Chickens-scaled.jpg\"><img loading=\"lazy\" decoding=\"async\" width=\"1024\" height=\"768\" src=\"https:\/\/nassasilhouette.org\/wp-content\/uploads\/2022\/01\/Fresh-HP-Chickens-1024x768.jpg\" alt=\"\" data-id=\"9441\" data-full-url=\"https:\/\/nassasilhouette.org\/wp-content\/uploads\/2022\/01\/Fresh-HP-Chickens-scaled.jpg\" data-link=\"https:\/\/nassasilhouette.org\/nassa-regions\/usa-gun-clubs\/northwest\/pe-ell-sportsmans-club-pe-ell-wa\/fresh-hp-chickens\/\" class=\"wp-image-9441\" srcset=\"https:\/\/nassasilhouette.org\/wp-content\/uploads\/2022\/01\/Fresh-HP-Chickens-1024x768.jpg 1024w, https:\/\/nassasilhouette.org\/wp-content\/uploads\/2022\/01\/Fresh-HP-Chickens-300x225.jpg 300w, https:\/\/nassasilhouette.org\/wp-content\/uploads\/2022\/01\/Fresh-HP-Chickens-768x576.jpg 768w, https:\/\/nassasilhouette.org\/wp-content\/uploads\/2022\/01\/Fresh-HP-Chickens-1536x1152.jpg 1536w, https:\/\/nassasilhouette.org\/wp-content\/uploads\/2022\/01\/Fresh-HP-Chickens-2048x1536.jpg 2048w\" sizes=\"auto, (max-width: 1024px) 100vw, 1024px\" \/><\/a><figcaption class=\"blocks-gallery-item__caption\">Pollos frescos de alta potencia<\/figcaption><\/figure><\/li><\/ul><\/figure>\n\n\n\n<figure class=\"wp-block-gallery alignwide columns-2 is-cropped wp-block-gallery-4 is-layout-flex wp-block-gallery-is-layout-flex\"><ul class=\"blocks-gallery-grid\"><li class=\"blocks-gallery-item\"><figure><a href=\"https:\/\/nassasilhouette.org\/wp-content\/uploads\/2022\/01\/Rifle-Racks-768x1024.jpeg\"><img loading=\"lazy\" decoding=\"async\" width=\"768\" height=\"1024\" src=\"https:\/\/nassasilhouette.org\/wp-content\/uploads\/2022\/01\/Rifle-Racks-768x1024.jpeg\" alt=\"\" data-id=\"9442\" data-link=\"https:\/\/nassasilhouette.org\/nassa-regions\/usa-gun-clubs\/northwest\/pe-ell-sportsmans-club-pe-ell-wa\/rifle-racks\/\" class=\"wp-image-9442\" srcset=\"https:\/\/nassasilhouette.org\/wp-content\/uploads\/2022\/01\/Rifle-Racks-768x1024.jpeg 768w, https:\/\/nassasilhouette.org\/wp-content\/uploads\/2022\/01\/Rifle-Racks-225x300.jpeg 225w, https:\/\/nassasilhouette.org\/wp-content\/uploads\/2022\/01\/Rifle-Racks-1152x1536.jpeg 1152w, https:\/\/nassasilhouette.org\/wp-content\/uploads\/2022\/01\/Rifle-Racks-1536x2048.jpeg 1536w, https:\/\/nassasilhouette.org\/wp-content\/uploads\/2022\/01\/Rifle-Racks-scaled.jpeg 1920w\" sizes=\"auto, (max-width: 768px) 100vw, 768px\" \/><\/a><figcaption class=\"blocks-gallery-item__caption\">Portafusiles<\/figcaption><\/figure><\/li><li class=\"blocks-gallery-item\"><figure><a href=\"https:\/\/nassasilhouette.org\/wp-content\/uploads\/2022\/01\/Sending-Lead-Downrange-scaled.jpeg\"><img loading=\"lazy\" decoding=\"async\" width=\"1024\" height=\"768\" src=\"https:\/\/nassasilhouette.org\/wp-content\/uploads\/2022\/01\/Sending-Lead-Downrange-1024x768.jpeg\" alt=\"\" data-id=\"9443\" data-full-url=\"https:\/\/nassasilhouette.org\/wp-content\/uploads\/2022\/01\/Sending-Lead-Downrange-scaled.jpeg\" data-link=\"https:\/\/nassasilhouette.org\/nassa-regions\/usa-gun-clubs\/northwest\/pe-ell-sportsmans-club-pe-ell-wa\/sending-lead-downrange\/\" class=\"wp-image-9443\" srcset=\"https:\/\/nassasilhouette.org\/wp-content\/uploads\/2022\/01\/Sending-Lead-Downrange-1024x768.jpeg 1024w, https:\/\/nassasilhouette.org\/wp-content\/uploads\/2022\/01\/Sending-Lead-Downrange-300x225.jpeg 300w, https:\/\/nassasilhouette.org\/wp-content\/uploads\/2022\/01\/Sending-Lead-Downrange-768x576.jpeg 768w, https:\/\/nassasilhouette.org\/wp-content\/uploads\/2022\/01\/Sending-Lead-Downrange-1536x1152.jpeg 1536w, https:\/\/nassasilhouette.org\/wp-content\/uploads\/2022\/01\/Sending-Lead-Downrange-2048x1536.jpeg 2048w\" sizes=\"auto, (max-width: 1024px) 100vw, 1024px\" \/><\/a><figcaption class=\"blocks-gallery-item__caption\">Enviar plomo al campo de tiro<\/figcaption><\/figure><\/li><\/ul><\/figure>\n\n\n\n<figure class=\"wp-block-gallery alignwide columns-1 is-cropped wp-block-gallery-5 is-layout-flex wp-block-gallery-is-layout-flex\"><ul class=\"blocks-gallery-grid\"><li class=\"blocks-gallery-item\"><figure><a href=\"https:\/\/nassasilhouette.org\/wp-content\/uploads\/2022\/01\/The-Line-scaled.jpg\"><img loading=\"lazy\" decoding=\"async\" width=\"1024\" height=\"768\" src=\"https:\/\/nassasilhouette.org\/wp-content\/uploads\/2022\/01\/The-Line-1024x768.jpg\" alt=\"\" data-id=\"9444\" data-full-url=\"https:\/\/nassasilhouette.org\/wp-content\/uploads\/2022\/01\/The-Line-scaled.jpg\" data-link=\"https:\/\/nassasilhouette.org\/nassa-regions\/usa-gun-clubs\/northwest\/pe-ell-sportsmans-club-pe-ell-wa\/the-line\/\" class=\"wp-image-9444\" srcset=\"https:\/\/nassasilhouette.org\/wp-content\/uploads\/2022\/01\/The-Line-1024x768.jpg 1024w, https:\/\/nassasilhouette.org\/wp-content\/uploads\/2022\/01\/The-Line-300x225.jpg 300w, https:\/\/nassasilhouette.org\/wp-content\/uploads\/2022\/01\/The-Line-768x576.jpg 768w, https:\/\/nassasilhouette.org\/wp-content\/uploads\/2022\/01\/The-Line-1536x1152.jpg 1536w, https:\/\/nassasilhouette.org\/wp-content\/uploads\/2022\/01\/The-Line-2048x1536.jpg 2048w\" sizes=\"auto, (max-width: 1024px) 100vw, 1024px\" \/><\/a><figcaption class=\"blocks-gallery-item__caption\">La l\u00ednea<\/figcaption><\/figure><\/li><\/ul><\/figure>\n","protected":false},"excerpt":{"rendered":"<p>Sede del Campeonato de Siluetas Conard Bernhardt, la peque\u00c3\u00b1a ciudad de Pe Ell, Washington, tiene \u00c2 uno de los campos de siluetas m\u00c3\u00a1s conocidos del pa\u00c3s. Las favorables condiciones de tiro han hecho del Pe Ell Sportsman&#8217;s Club el hogar de muchos r\u00e9cords nacionales y anfitri\u00f3n de los mejores tiradores del pa\u00eds. Informaci\u00f3n de contacto&hellip; <a class=\"more-link\" href=\"https:\/\/nassasilhouette.org\/es-mx\/regiones-clubes-nassa\/regiones-clubes-de-ee-uu\/region-noroeste-clubes-2\/club-deportivo-pe-ell-pe-ell-wa\/\">Continue reading <span class=\"screen-reader-text\">Club Deportivo Pe Ell &#8211; Pe Ell, WA<\/span><\/a><\/p>\n","protected":false},"author":4,"featured_media":0,"parent":19592,"menu_order":0,"comment_status":"closed","ping_status":"closed","template":"","meta":{"_acf_changed":false,"footnotes":""},"class_list":["post-19552","page","type-page","status-publish","hentry","entry"],"acf":[],"rttpg_featured_image_url":null,"rttpg_author":{"display_name":"Chris Cawthorne","author_link":"https:\/\/nassasilhouette.org\/es-mx\/author\/cecawthorneyahoo-com\/"},"rttpg_comment":0,"rttpg_category":" <a href=\"https:\/\/nassasilhouette.org\/es-mx\/?taxonomy=translation_priority&#038;term=optional-es-mx\" rel=\"tag\">Optional<\/a>","rttpg_excerpt":"Sede del Campeonato de Siluetas Conard Bernhardt, la peque\u00c3\u00b1a ciudad de Pe Ell, Washington, tiene \u00c2 uno de los campos de siluetas m\u00c3\u00a1s conocidos del pa\u00c3s. Las favorables condiciones de tiro han hecho del Pe Ell Sportsman&#8217;s Club el hogar de muchos r\u00e9cords nacionales y anfitri\u00f3n de los mejores tiradores del pa\u00eds. Informaci\u00f3n de contacto&hellip;&hellip;","_links":{"self":[{"href":"https:\/\/nassasilhouette.org\/es-mx\/wp-json\/wp\/v2\/pages\/19552","targetHints":{"allow":["GET"]}}],"collection":[{"href":"https:\/\/nassasilhouette.org\/es-mx\/wp-json\/wp\/v2\/pages"}],"about":[{"href":"https:\/\/nassasilhouette.org\/es-mx\/wp-json\/wp\/v2\/types\/page"}],"author":[{"embeddable":true,"href":"https:\/\/nassasilhouette.org\/es-mx\/wp-json\/wp\/v2\/users\/4"}],"replies":[{"embeddable":true,"href":"https:\/\/nassasilhouette.org\/es-mx\/wp-json\/wp\/v2\/comments?post=19552"}],"version-history":[{"count":0,"href":"https:\/\/nassasilhouette.org\/es-mx\/wp-json\/wp\/v2\/pages\/19552\/revisions"}],"up":[{"embeddable":true,"href":"https:\/\/nassasilhouette.org\/es-mx\/wp-json\/wp\/v2\/pages\/19592"}],"wp:attachment":[{"href":"https:\/\/nassasilhouette.org\/es-mx\/wp-json\/wp\/v2\/media?parent=19552"}],"curies":[{"name":"wp","href":"https:\/\/api.w.org\/{rel}","templated":true}]}}