{"id":19546,"date":"2022-02-01T18:38:41","date_gmt":"2022-02-02T00:38:41","guid":{"rendered":"https:\/\/nassasilhouette.org\/region-noroeste-clubes\/club-de-tiro-caza-y-pesca-de-h-caborca-a-c-caborca-son\/"},"modified":"2022-02-01T18:38:41","modified_gmt":"2022-02-02T00:38:41","slug":"club-de-tiro-caza-y-pesca-de-h-caborca-a-c-caborca-son","status":"publish","type":"page","link":"https:\/\/nassasilhouette.org\/es-mx\/regiones-clubes-nassa\/regiones-clubes-de-mexico\/region-noroeste-clubes\/club-de-tiro-caza-y-pesca-de-h-caborca-a-c-caborca-son\/","title":{"rendered":"Club de Tiro, Caza y Pesca de H Caborca A.C. (Caborca, Son.)"},"content":{"rendered":"\n<div class=\"wp-block-media-text alignwide is-stacked-on-mobile\" style=\"grid-template-columns:15% auto\"><figure class=\"wp-block-media-text__media\"><img loading=\"lazy\" decoding=\"async\" width=\"1024\" height=\"1024\" src=\"https:\/\/nassasilhouette.org\/wp-content\/uploads\/2022\/02\/Club-de-C.-T.-y-P.-de-H.-Caborca-A.C-1024x1024.jpg\" alt=\"\" class=\"wp-image-9997 size-full\" srcset=\"https:\/\/nassasilhouette.org\/wp-content\/uploads\/2022\/02\/Club-de-C.-T.-y-P.-de-H.-Caborca-A.C-1024x1024.jpg 1024w, https:\/\/nassasilhouette.org\/wp-content\/uploads\/2022\/02\/Club-de-C.-T.-y-P.-de-H.-Caborca-A.C-300x300.jpg 300w, https:\/\/nassasilhouette.org\/wp-content\/uploads\/2022\/02\/Club-de-C.-T.-y-P.-de-H.-Caborca-A.C-150x150.jpg 150w, https:\/\/nassasilhouette.org\/wp-content\/uploads\/2022\/02\/Club-de-C.-T.-y-P.-de-H.-Caborca-A.C-768x768.jpg 768w, https:\/\/nassasilhouette.org\/wp-content\/uploads\/2022\/02\/Club-de-C.-T.-y-P.-de-H.-Caborca-A.C.jpg 1082w\" sizes=\"auto, (max-width: 1024px) 100vw, 1024px\" \/><\/figure><div class=\"wp-block-media-text__content\">\n<p>Xxxx<\/p>\n<\/div><\/div>\n\n\n\n<div class=\"wp-block-media-text alignwide is-stacked-on-mobile\" style=\"grid-template-columns:15% auto\"><figure class=\"wp-block-media-text__media\"><img loading=\"lazy\" decoding=\"async\" width=\"1024\" height=\"1024\" src=\"https:\/\/nassasilhouette.org\/wp-content\/uploads\/2022\/01\/Place-Logo-Here-1024x1024.png\" alt=\"\" class=\"wp-image-9407 size-full\" srcset=\"https:\/\/nassasilhouette.org\/wp-content\/uploads\/2022\/01\/Place-Logo-Here-1024x1024.png 1024w, https:\/\/nassasilhouette.org\/wp-content\/uploads\/2022\/01\/Place-Logo-Here-300x300.png 300w, https:\/\/nassasilhouette.org\/wp-content\/uploads\/2022\/01\/Place-Logo-Here-150x150.png 150w, https:\/\/nassasilhouette.org\/wp-content\/uploads\/2022\/01\/Place-Logo-Here-768x768.png 768w, https:\/\/nassasilhouette.org\/wp-content\/uploads\/2022\/01\/Place-Logo-Here.png 1164w\" sizes=\"auto, (max-width: 1024px) 100vw, 1024px\" \/><\/figure><div class=\"wp-block-media-text__content\">\n<p class=\"has-text-align-center has-medium-font-size\"><strong>T\u00edtulo del club de tiro &#8211; Ciudad, Estado<\/strong><\/p>\n\n\n\n<p>Acerca de EE.UU. Resumen<\/p>\n<\/div><\/div>\n\n\n\n<div style=\"height:50px\" aria-hidden=\"true\" class=\"wp-block-spacer\"><\/div>\n\n\n\n<h2 class=\"has-text-align-center wp-block-heading\">Informaci\u00f3n de contacto<\/h2>\n\n\n\n<p><\/p>\n\n\n\n<figure class=\"wp-block-table is-style-stripes\"><table><tbody><tr><td><strong>P\u00e1gina web<\/strong>:<\/td><td><\/td><\/tr><tr><td><strong>Facebook<\/strong>:<\/td><td>\n  <strong>\n    <a href=\"http:\/\/Club%20de%20Tiro,%20Caza%20y%20Pesca%20de%20H%20Caborca%20A.C.\">Club de Tiro, Caza y Pesca de H Caborca A.C.<\/a>\n  <\/strong>\n<\/td><\/tr><tr><td><strong>Direcci\u00f3n profesional<\/strong>:<\/td><td>\n  <strong>Xxxx<\/strong>\n<\/td><\/tr><tr><td><strong>Ubicaci\u00f3n del rango<\/strong>:<\/td><td>\n  <strong>Xxxx<\/strong>\n<\/td><\/tr><tr><td><strong>Contacto principal<\/strong>:<\/td><td>\n  <strong>Xxxx<\/strong>\n<\/td><\/tr><tr><td><strong>Tel\u00e9fono de contacto principal<\/strong>:<\/td><td>\n  <strong>Xxxx<\/strong>\n<\/td><\/tr><tr><td><strong>Correo electr\u00f3nico de contacto principal<\/strong>:<\/td><td>\n  <strong>Xxxx<\/strong>\n<\/td><\/tr><\/tbody><\/table><\/figure>\n\n\n\n<div style=\"height:30px\" aria-hidden=\"true\" class=\"wp-block-spacer\"><\/div>\n\n\n\n<p><\/p>\n\n\n\n<h2 class=\"has-text-align-center wp-block-heading\">Capacidades de la gama Silhouette<\/h2>\n\n\n\n<p><\/p>\n\n\n\n<figure class=\"wp-block-table is-style-stripes\"><table><tbody><tr><td class=\"has-text-align-left\" data-align=\"left\"><strong>Disciplinas<\/strong>:<\/td><td><strong>Range Facilites<\/strong>:<\/td><\/tr><tr><td class=\"has-text-align-left\" data-align=\"left\">\n  <strong>Rifle Smallbore<\/strong>\n<\/td><td>\n  <strong>X Bancos de cada animal<\/strong>\n<\/td><\/tr><tr><td class=\"has-text-align-left\" data-align=\"left\">\n  <strong>Rifle de alta potencia<\/strong>\n<\/td><td>\n  <strong>\n    <meta charset=\"utf-8\">\n    <strong>X Bancos de cada animal<\/strong>\n  <\/strong>\n<\/td><\/tr><tr><td class=\"has-text-align-left\" data-align=\"left\">\n  <strong>Rifle de palanca<\/strong>\n<\/td><td>\n  <strong>\n    <meta charset=\"utf-8\">\n    <strong>X Bancos de cada animal<\/strong>\n  <\/strong>\n<\/td><\/tr><tr><td class=\"has-text-align-left\" data-align=\"left\">\n  <strong>Rifle de aire<\/strong>\n<\/td><td>\n  <strong>X bancos de cada animal<\/strong>\n<\/td><\/tr><\/tbody><\/table><\/figure>\n\n\n\n<div style=\"height:30px\" aria-hidden=\"true\" class=\"wp-block-spacer\"><\/div>\n\n\n\n<h2 class=\"has-text-align-center wp-block-heading\">Instalaciones de la gama Silhouette<\/h2>\n\n\n\n<figure class=\"wp-block-gallery columns-2 is-cropped wp-block-gallery-1 is-layout-flex wp-block-gallery-is-layout-flex\"><ul class=\"blocks-gallery-grid\"><li class=\"blocks-gallery-item\"><figure><a href=\"https:\/\/nassasilhouette.org\/wp-content\/uploads\/2022\/01\/Image-1-1-1-1024x773.png\"><img loading=\"lazy\" decoding=\"async\" width=\"1024\" height=\"773\" src=\"https:\/\/nassasilhouette.org\/wp-content\/uploads\/2022\/01\/Image-1-1-1-1024x773.png\" alt=\"\" data-id=\"9421\" data-link=\"https:\/\/nassasilhouette.org\/nassa-regions\/gun-club-profile-title-city-state\/image-1-1-1\/\" class=\"wp-image-9421\" srcset=\"https:\/\/nassasilhouette.org\/wp-content\/uploads\/2022\/01\/Image-1-1-1-1024x773.png 1024w, https:\/\/nassasilhouette.org\/wp-content\/uploads\/2022\/01\/Image-1-1-1-300x226.png 300w, https:\/\/nassasilhouette.org\/wp-content\/uploads\/2022\/01\/Image-1-1-1-768x580.png 768w, https:\/\/nassasilhouette.org\/wp-content\/uploads\/2022\/01\/Image-1-1-1.png 1457w\" sizes=\"auto, (max-width: 1024px) 100vw, 1024px\" \/><\/a><\/figure><\/li><li class=\"blocks-gallery-item\"><figure><a href=\"https:\/\/nassasilhouette.org\/wp-content\/uploads\/2022\/01\/Image-2-1.png\"><img loading=\"lazy\" decoding=\"async\" width=\"1024\" height=\"773\" src=\"https:\/\/nassasilhouette.org\/wp-content\/uploads\/2022\/01\/Image-2-1-1024x773.png\" alt=\"\" data-id=\"9422\" data-full-url=\"https:\/\/nassasilhouette.org\/wp-content\/uploads\/2022\/01\/Image-2-1.png\" data-link=\"https:\/\/nassasilhouette.org\/nassa-regions\/gun-club-profile-title-city-state\/image-2-1\/\" class=\"wp-image-9422\" srcset=\"https:\/\/nassasilhouette.org\/wp-content\/uploads\/2022\/01\/Image-2-1-1024x773.png 1024w, https:\/\/nassasilhouette.org\/wp-content\/uploads\/2022\/01\/Image-2-1-300x226.png 300w, https:\/\/nassasilhouette.org\/wp-content\/uploads\/2022\/01\/Image-2-1-768x580.png 768w, https:\/\/nassasilhouette.org\/wp-content\/uploads\/2022\/01\/Image-2-1.png 1457w\" sizes=\"auto, (max-width: 1024px) 100vw, 1024px\" \/><\/a><\/figure><\/li><\/ul><\/figure>\n\n\n\n<figure class=\"wp-block-gallery alignwide columns-2 is-cropped wp-block-gallery-2 is-layout-flex wp-block-gallery-is-layout-flex\"><ul class=\"blocks-gallery-grid\"><li class=\"blocks-gallery-item\"><figure><a href=\"https:\/\/nassasilhouette.org\/wp-content\/uploads\/2022\/01\/Image-3-1-1024x773.png\"><img loading=\"lazy\" decoding=\"async\" width=\"1024\" height=\"773\" src=\"https:\/\/nassasilhouette.org\/wp-content\/uploads\/2022\/01\/Image-3-1-1024x773.png\" alt=\"\" data-id=\"9424\" data-link=\"https:\/\/nassasilhouette.org\/nassa-regions\/gun-club-profile-title-city-state\/image-3-1\/\" class=\"wp-image-9424\" srcset=\"https:\/\/nassasilhouette.org\/wp-content\/uploads\/2022\/01\/Image-3-1-1024x773.png 1024w, https:\/\/nassasilhouette.org\/wp-content\/uploads\/2022\/01\/Image-3-1-300x226.png 300w, https:\/\/nassasilhouette.org\/wp-content\/uploads\/2022\/01\/Image-3-1-768x580.png 768w, https:\/\/nassasilhouette.org\/wp-content\/uploads\/2022\/01\/Image-3-1.png 1457w\" sizes=\"auto, (max-width: 1024px) 100vw, 1024px\" \/><\/a><\/figure><\/li><li class=\"blocks-gallery-item\"><figure><a href=\"https:\/\/nassasilhouette.org\/wp-content\/uploads\/2022\/01\/Image-4-1.png\"><img loading=\"lazy\" decoding=\"async\" width=\"1024\" height=\"773\" src=\"https:\/\/nassasilhouette.org\/wp-content\/uploads\/2022\/01\/Image-4-1-1024x773.png\" alt=\"\" data-id=\"9425\" data-full-url=\"https:\/\/nassasilhouette.org\/wp-content\/uploads\/2022\/01\/Image-4-1.png\" data-link=\"https:\/\/nassasilhouette.org\/nassa-regions\/gun-club-profile-title-city-state\/image-4-1\/\" class=\"wp-image-9425\" srcset=\"https:\/\/nassasilhouette.org\/wp-content\/uploads\/2022\/01\/Image-4-1-1024x773.png 1024w, https:\/\/nassasilhouette.org\/wp-content\/uploads\/2022\/01\/Image-4-1-300x226.png 300w, https:\/\/nassasilhouette.org\/wp-content\/uploads\/2022\/01\/Image-4-1-768x580.png 768w, https:\/\/nassasilhouette.org\/wp-content\/uploads\/2022\/01\/Image-4-1.png 1457w\" sizes=\"auto, (max-width: 1024px) 100vw, 1024px\" \/><\/a><\/figure><\/li><\/ul><\/figure>\n\n\n\n<figure class=\"wp-block-gallery alignwide columns-2 is-cropped wp-block-gallery-3 is-layout-flex wp-block-gallery-is-layout-flex\"><ul class=\"blocks-gallery-grid\"><li class=\"blocks-gallery-item\"><figure><a href=\"https:\/\/nassasilhouette.org\/wp-content\/uploads\/2022\/01\/Image-5-1-1024x773.png\"><img loading=\"lazy\" decoding=\"async\" width=\"1024\" height=\"773\" src=\"https:\/\/nassasilhouette.org\/wp-content\/uploads\/2022\/01\/Image-5-1-1024x773.png\" alt=\"\" data-id=\"9426\" data-link=\"https:\/\/nassasilhouette.org\/nassa-regions\/gun-club-profile-title-city-state\/image-5-1\/\" class=\"wp-image-9426\" srcset=\"https:\/\/nassasilhouette.org\/wp-content\/uploads\/2022\/01\/Image-5-1-1024x773.png 1024w, https:\/\/nassasilhouette.org\/wp-content\/uploads\/2022\/01\/Image-5-1-300x226.png 300w, https:\/\/nassasilhouette.org\/wp-content\/uploads\/2022\/01\/Image-5-1-768x580.png 768w, https:\/\/nassasilhouette.org\/wp-content\/uploads\/2022\/01\/Image-5-1.png 1457w\" sizes=\"auto, (max-width: 1024px) 100vw, 1024px\" \/><\/a><\/figure><\/li><li class=\"blocks-gallery-item\"><figure><a href=\"https:\/\/nassasilhouette.org\/wp-content\/uploads\/2022\/01\/Image-6-1.png\"><img loading=\"lazy\" decoding=\"async\" width=\"1024\" height=\"773\" src=\"https:\/\/nassasilhouette.org\/wp-content\/uploads\/2022\/01\/Image-6-1-1024x773.png\" alt=\"\" data-id=\"9427\" data-full-url=\"https:\/\/nassasilhouette.org\/wp-content\/uploads\/2022\/01\/Image-6-1.png\" data-link=\"https:\/\/nassasilhouette.org\/nassa-regions\/gun-club-profile-title-city-state\/image-6-1\/\" class=\"wp-image-9427\" srcset=\"https:\/\/nassasilhouette.org\/wp-content\/uploads\/2022\/01\/Image-6-1-1024x773.png 1024w, https:\/\/nassasilhouette.org\/wp-content\/uploads\/2022\/01\/Image-6-1-300x226.png 300w, https:\/\/nassasilhouette.org\/wp-content\/uploads\/2022\/01\/Image-6-1-768x580.png 768w, https:\/\/nassasilhouette.org\/wp-content\/uploads\/2022\/01\/Image-6-1.png 1457w\" sizes=\"auto, (max-width: 1024px) 100vw, 1024px\" \/><\/a><\/figure><\/li><\/ul><\/figure>\n\n\n\n<figure class=\"wp-block-gallery alignwide columns-2 is-cropped wp-block-gallery-4 is-layout-flex wp-block-gallery-is-layout-flex\"><ul class=\"blocks-gallery-grid\"><li class=\"blocks-gallery-item\"><figure><a href=\"https:\/\/nassasilhouette.org\/wp-content\/uploads\/2022\/01\/Image-7-1-1024x773.png\"><img loading=\"lazy\" decoding=\"async\" width=\"1024\" height=\"773\" src=\"https:\/\/nassasilhouette.org\/wp-content\/uploads\/2022\/01\/Image-7-1-1024x773.png\" alt=\"\" data-id=\"9428\" data-link=\"https:\/\/nassasilhouette.org\/nassa-regions\/gun-club-profile-title-city-state\/image-7-1\/\" class=\"wp-image-9428\" srcset=\"https:\/\/nassasilhouette.org\/wp-content\/uploads\/2022\/01\/Image-7-1-1024x773.png 1024w, https:\/\/nassasilhouette.org\/wp-content\/uploads\/2022\/01\/Image-7-1-300x226.png 300w, https:\/\/nassasilhouette.org\/wp-content\/uploads\/2022\/01\/Image-7-1-768x580.png 768w, https:\/\/nassasilhouette.org\/wp-content\/uploads\/2022\/01\/Image-7-1.png 1457w\" sizes=\"auto, (max-width: 1024px) 100vw, 1024px\" \/><\/a><\/figure><\/li><li class=\"blocks-gallery-item\"><figure><a href=\"https:\/\/nassasilhouette.org\/wp-content\/uploads\/2022\/01\/Image-8-1.png\"><img loading=\"lazy\" decoding=\"async\" width=\"1024\" height=\"773\" src=\"https:\/\/nassasilhouette.org\/wp-content\/uploads\/2022\/01\/Image-8-1-1024x773.png\" alt=\"\" data-id=\"9429\" data-full-url=\"https:\/\/nassasilhouette.org\/wp-content\/uploads\/2022\/01\/Image-8-1.png\" data-link=\"https:\/\/nassasilhouette.org\/nassa-regions\/gun-club-profile-title-city-state\/image-8-1\/\" class=\"wp-image-9429\" srcset=\"https:\/\/nassasilhouette.org\/wp-content\/uploads\/2022\/01\/Image-8-1-1024x773.png 1024w, https:\/\/nassasilhouette.org\/wp-content\/uploads\/2022\/01\/Image-8-1-300x226.png 300w, https:\/\/nassasilhouette.org\/wp-content\/uploads\/2022\/01\/Image-8-1-768x580.png 768w, https:\/\/nassasilhouette.org\/wp-content\/uploads\/2022\/01\/Image-8-1.png 1457w\" sizes=\"auto, (max-width: 1024px) 100vw, 1024px\" \/><\/a><\/figure><\/li><\/ul><\/figure>\n\n\n\n<figure class=\"wp-block-gallery alignwide columns-2 is-cropped wp-block-gallery-5 is-layout-flex wp-block-gallery-is-layout-flex\"><ul class=\"blocks-gallery-grid\"><li class=\"blocks-gallery-item\"><figure><a href=\"https:\/\/nassasilhouette.org\/wp-content\/uploads\/2022\/01\/Image-9-1-1024x773.png\"><img loading=\"lazy\" decoding=\"async\" width=\"1024\" height=\"773\" src=\"https:\/\/nassasilhouette.org\/wp-content\/uploads\/2022\/01\/Image-9-1-1024x773.png\" alt=\"\" data-id=\"9430\" data-link=\"https:\/\/nassasilhouette.org\/nassa-regions\/gun-club-profile-title-city-state\/image-9-1\/\" class=\"wp-image-9430\" srcset=\"https:\/\/nassasilhouette.org\/wp-content\/uploads\/2022\/01\/Image-9-1-1024x773.png 1024w, https:\/\/nassasilhouette.org\/wp-content\/uploads\/2022\/01\/Image-9-1-300x226.png 300w, https:\/\/nassasilhouette.org\/wp-content\/uploads\/2022\/01\/Image-9-1-768x580.png 768w, https:\/\/nassasilhouette.org\/wp-content\/uploads\/2022\/01\/Image-9-1.png 1457w\" sizes=\"auto, (max-width: 1024px) 100vw, 1024px\" \/><\/a><\/figure><\/li><li class=\"blocks-gallery-item\"><figure><a href=\"https:\/\/nassasilhouette.org\/wp-content\/uploads\/2022\/01\/Image-10-1.png\"><img loading=\"lazy\" decoding=\"async\" width=\"1024\" height=\"773\" src=\"https:\/\/nassasilhouette.org\/wp-content\/uploads\/2022\/01\/Image-10-1-1024x773.png\" alt=\"\" data-id=\"9431\" data-full-url=\"https:\/\/nassasilhouette.org\/wp-content\/uploads\/2022\/01\/Image-10-1.png\" data-link=\"https:\/\/nassasilhouette.org\/nassa-regions\/gun-club-profile-title-city-state\/image-10-1\/\" class=\"wp-image-9431\" srcset=\"https:\/\/nassasilhouette.org\/wp-content\/uploads\/2022\/01\/Image-10-1-1024x773.png 1024w, https:\/\/nassasilhouette.org\/wp-content\/uploads\/2022\/01\/Image-10-1-300x226.png 300w, https:\/\/nassasilhouette.org\/wp-content\/uploads\/2022\/01\/Image-10-1-768x580.png 768w, https:\/\/nassasilhouette.org\/wp-content\/uploads\/2022\/01\/Image-10-1.png 1457w\" sizes=\"auto, (max-width: 1024px) 100vw, 1024px\" \/><\/a><\/figure><\/li><\/ul><\/figure>\n","protected":false},"excerpt":{"rendered":"<p>Xxxx T\u00edtulo del club de tiro &#8211; Ciudad, Estado Acerca de EE.UU. Resumen Informaci\u00f3n de contacto P\u00e1gina web: Facebook: Club de Tiro, Caza y Pesca de H Caborca A.C. Direcci\u00f3n profesional: Xxxx Ubicaci\u00f3n del rango: Xxxx Contacto principal: Xxxx Tel\u00e9fono de contacto principal: Xxxx Correo electr\u00f3nico de contacto principal: Xxxx Capacidades de la gama Silhouette&hellip; <a class=\"more-link\" href=\"https:\/\/nassasilhouette.org\/es-mx\/regiones-clubes-nassa\/regiones-clubes-de-mexico\/region-noroeste-clubes\/club-de-tiro-caza-y-pesca-de-h-caborca-a-c-caborca-son\/\">Continue reading <span class=\"screen-reader-text\">Club de Tiro, Caza y Pesca de H Caborca A.C. (Caborca, Son.)<\/span><\/a><\/p>\n","protected":false},"author":4,"featured_media":0,"parent":19520,"menu_order":0,"comment_status":"closed","ping_status":"closed","template":"","meta":{"_acf_changed":false,"footnotes":""},"class_list":["post-19546","page","type-page","status-publish","hentry","entry"],"acf":[],"rttpg_featured_image_url":null,"rttpg_author":{"display_name":"Chris Cawthorne","author_link":"https:\/\/nassasilhouette.org\/es-mx\/author\/cecawthorneyahoo-com\/"},"rttpg_comment":0,"rttpg_category":" <a href=\"https:\/\/nassasilhouette.org\/es-mx\/?taxonomy=translation_priority&#038;term=optional-es-mx\" rel=\"tag\">Optional<\/a>","rttpg_excerpt":"Xxxx T\u00edtulo del club de tiro &#8211; Ciudad, Estado Acerca de EE.UU. Resumen Informaci\u00f3n de contacto P\u00e1gina web: Facebook: Club de Tiro, Caza y Pesca de H Caborca A.C. Direcci\u00f3n profesional: Xxxx Ubicaci\u00f3n del rango: Xxxx Contacto principal: Xxxx Tel\u00e9fono de contacto principal: Xxxx Correo electr\u00f3nico de contacto principal: Xxxx Capacidades de la gama Silhouette&hellip;&hellip;","_links":{"self":[{"href":"https:\/\/nassasilhouette.org\/es-mx\/wp-json\/wp\/v2\/pages\/19546","targetHints":{"allow":["GET"]}}],"collection":[{"href":"https:\/\/nassasilhouette.org\/es-mx\/wp-json\/wp\/v2\/pages"}],"about":[{"href":"https:\/\/nassasilhouette.org\/es-mx\/wp-json\/wp\/v2\/types\/page"}],"author":[{"embeddable":true,"href":"https:\/\/nassasilhouette.org\/es-mx\/wp-json\/wp\/v2\/users\/4"}],"replies":[{"embeddable":true,"href":"https:\/\/nassasilhouette.org\/es-mx\/wp-json\/wp\/v2\/comments?post=19546"}],"version-history":[{"count":0,"href":"https:\/\/nassasilhouette.org\/es-mx\/wp-json\/wp\/v2\/pages\/19546\/revisions"}],"up":[{"embeddable":true,"href":"https:\/\/nassasilhouette.org\/es-mx\/wp-json\/wp\/v2\/pages\/19520"}],"wp:attachment":[{"href":"https:\/\/nassasilhouette.org\/es-mx\/wp-json\/wp\/v2\/media?parent=19546"}],"curies":[{"name":"wp","href":"https:\/\/api.w.org\/{rel}","templated":true}]}}