{"id":19545,"date":"2022-01-15T13:12:47","date_gmt":"2022-01-15T19:12:47","guid":{"rendered":"https:\/\/nassasilhouette.org\/asociacion-de-tiradores-civiles-hellgate-missoula-mt\/"},"modified":"2023-07-31T20:04:39","modified_gmt":"2023-08-01T01:04:39","slug":"asociacion-de-tiradores-civiles-hellgate-missoula-mt","status":"publish","type":"page","link":"https:\/\/nassasilhouette.org\/es-mx\/regiones-clubes-nassa\/regiones-clubes-de-ee-uu\/region-noroeste-clubes-2\/asociacion-de-tiradores-civiles-hellgate-missoula-mt\/","title":{"rendered":"Asociaci\u00f3n de Tiradores Civiles Hellgate &#8211; Missoula, MT"},"content":{"rendered":"\n<div class=\"wp-block-media-text alignwide is-stacked-on-mobile\" style=\"grid-template-columns:15% auto\"><figure class=\"wp-block-media-text__media\"><img loading=\"lazy\" decoding=\"async\" width=\"337\" height=\"411\" src=\"https:\/\/nassasilhouette.org\/wp-content\/uploads\/2022\/01\/Hellgate-Civilian-Shooters-Association-Logo.jpeg\" alt=\"\" class=\"wp-image-9396 size-full\" srcset=\"https:\/\/nassasilhouette.org\/wp-content\/uploads\/2022\/01\/Hellgate-Civilian-Shooters-Association-Logo.jpeg 337w, https:\/\/nassasilhouette.org\/wp-content\/uploads\/2022\/01\/Hellgate-Civilian-Shooters-Association-Logo-246x300.jpeg 246w\" sizes=\"auto, (max-width: 337px) 100vw, 337px\" \/><\/figure><div class=\"wp-block-media-text__content\">\n<p><meta charset=\"utf-8\">La Asociaci\u00f3n de Tiradores Civiles de Hellgate (HCSA) se constituy\u00f3 en mayo de 1938. La ubicaci\u00f3n original del campo de tiro, en West Riverside, sigue utiliz\u00e1ndose hoy en d\u00eda. Tambi\u00e9n disponemos de una gama con amplias instalaciones en Deep Creek.\u00c2&nbsp;<\/p>\n\n\n\n<p><meta charset=\"utf-8\">HCSA ofrece pr\u00e1ctica y competiciones de tiro de clase mundial, organizando el Iron Man Silhouette Regional Match en junio y un Lever Gun Silhouette Regional en septiembre y cuenta con partidos regulares de silueta del club &#8230;.<\/p>\n<\/div><\/div>\n\n\n\n<div style=\"height:50px\" aria-hidden=\"true\" class=\"wp-block-spacer\"><\/div>\n\n\n\n<h2 class=\"wp-block-heading has-text-align-center\">Informaci\u00f3n de contacto<\/h2>\n\n\n\n<p><\/p>\n\n\n\n<figure class=\"wp-block-table is-style-stripes\"><table><tbody><tr><td><strong>P\u00e1gina web<\/strong>:<\/td><td><a href=\"http:\/\/www.hellgatecsa.org\/\">http:\/\/www.hellgatecsa.org\/<\/a><\/td><\/tr><tr><td><strong>Facebook<\/strong>:<\/td><td><strong>Ninguno<\/strong><\/td><\/tr><tr><td><strong>Direcci\u00f3n comercial<\/strong>:<\/td><td><strong>3840 Spurgin Road, Missoula, MT 59804<\/strong><\/td><\/tr><tr><td><strong>Ubicaci\u00f3n del campo de tiro<\/strong>:<\/td><td><strong><strong>17770 Deep Creek Rd<\/strong>, <strong>Missoula, MT 59804<\/strong><\/strong><\/td><\/tr><tr><td><strong>Contacto principal<\/strong>:<\/td><td><strong>Mike Cassidy<\/strong><\/td><\/tr><tr><td><strong>Tel\u00e9fono de contacto<\/strong> principal<\/td><td><strong>406 240-5591<\/strong><\/td><\/tr><tr><td><strong>Correo electr\u00f3nico de contacto principal<\/strong>:<\/td><td><strong>mike@fabcraft.com<\/strong><\/td><\/tr><\/tbody><\/table><\/figure>\n\n\n\n<div style=\"height:30px\" aria-hidden=\"true\" class=\"wp-block-spacer\"><\/div>\n\n\n\n<p><\/p>\n\n\n\n<h2 class=\"wp-block-heading has-text-align-center\">Capacidades de la gama Silhouette<\/h2>\n\n\n\n<p><\/p>\n\n\n\n<figure class=\"wp-block-table is-style-stripes\"><table><tbody><tr><td class=\"has-text-align-left\" data-align=\"left\"><strong>Disciplinas<\/strong>:<\/td><td><strong>Range Facilites<\/strong>:<\/td><\/tr><tr><td class=\"has-text-align-left\" data-align=\"left\"><strong>Rifle Smallbore<\/strong><\/td><td><strong>6 Bancos de cada animal<\/strong><\/td><\/tr><tr><td class=\"has-text-align-left\" data-align=\"left\"><strong>Rifle de alta potencia<\/strong><\/td><td><strong><meta charset=\"utf-8\"> <\/meta> <strong>4 Bancos de cada animal<\/strong><\/strong><\/td><\/tr><tr><td class=\"has-text-align-left\" data-align=\"left\"><strong>Rifle de palanca<\/strong><\/td><td><strong><meta charset=\"utf-8\"> <\/meta> <strong>4 Bancos de cada animal<\/strong><\/strong><\/td><\/tr><tr><td class=\"has-text-align-left\" data-align=\"left\"><strong>Rifle de aire comprimido<\/strong><\/td><td><strong>Ninguno<\/strong><\/td><\/tr><\/tbody><\/table><\/figure>\n\n\n\n<div style=\"height:30px\" aria-hidden=\"true\" class=\"wp-block-spacer\"><\/div>\n\n\n\n<h2 class=\"wp-block-heading has-text-align-center\">Instalaciones de la gama Silhouette<\/h2>\n\n\n\n<figure class=\"wp-block-gallery has-nested-images columns-default is-cropped wp-block-gallery-1 is-layout-flex wp-block-gallery-is-layout-flex\">\n<figure class=\"wp-block-image size-large\"><a href=\"https:\/\/nassasilhouette.org\/wp-content\/uploads\/2022\/01\/Welcome-Silhouette-Shooters.jpeg\"><img loading=\"lazy\" decoding=\"async\" width=\"768\" height=\"1024\" data-id=\"9458\" src=\"https:\/\/nassasilhouette.org\/wp-content\/uploads\/2022\/01\/Welcome-Silhouette-Shooters-768x1024.jpeg\" alt=\"\" class=\"wp-image-9458\" srcset=\"https:\/\/nassasilhouette.org\/wp-content\/uploads\/2022\/01\/Welcome-Silhouette-Shooters-768x1024.jpeg 768w, https:\/\/nassasilhouette.org\/wp-content\/uploads\/2022\/01\/Welcome-Silhouette-Shooters-225x300.jpeg 225w, https:\/\/nassasilhouette.org\/wp-content\/uploads\/2022\/01\/Welcome-Silhouette-Shooters.jpeg 800w\" sizes=\"auto, (max-width: 768px) 100vw, 768px\" \/><\/a><figcaption class=\"wp-element-caption\">\u00a1Bienvenidos Tiradores de Siluetas!<\/figcaption><\/figure>\n\n\n\n<figure class=\"wp-block-image size-large\"><a href=\"https:\/\/nassasilhouette.org\/wp-content\/uploads\/2022\/01\/Smallbore-Firing-Line.jpeg\"><img loading=\"lazy\" decoding=\"async\" width=\"1024\" height=\"768\" data-id=\"9459\" src=\"https:\/\/nassasilhouette.org\/wp-content\/uploads\/2022\/01\/Smallbore-Firing-Line-1024x768.jpeg\" alt=\"\" class=\"wp-image-9459\" srcset=\"https:\/\/nassasilhouette.org\/wp-content\/uploads\/2022\/01\/Smallbore-Firing-Line-1024x768.jpeg 1024w, https:\/\/nassasilhouette.org\/wp-content\/uploads\/2022\/01\/Smallbore-Firing-Line-300x225.jpeg 300w, https:\/\/nassasilhouette.org\/wp-content\/uploads\/2022\/01\/Smallbore-Firing-Line-768x576.jpeg 768w, https:\/\/nassasilhouette.org\/wp-content\/uploads\/2022\/01\/Smallbore-Firing-Line.jpeg 1067w\" sizes=\"auto, (max-width: 1024px) 100vw, 1024px\" \/><\/a><figcaption class=\"wp-element-caption\">L\u00ednea de tiro con ca\u00f1\u00f3n peque\u00f1o<\/figcaption><\/figure>\n<\/figure>\n\n\n\n<figure class=\"wp-block-gallery alignwide has-nested-images columns-default is-cropped wp-block-gallery-2 is-layout-flex wp-block-gallery-is-layout-flex\">\n<figure class=\"wp-block-image size-large\"><a href=\"https:\/\/nassasilhouette.org\/wp-content\/uploads\/2022\/01\/Smallbore-Range.jpeg\"><img loading=\"lazy\" decoding=\"async\" width=\"1024\" height=\"768\" data-id=\"9461\" src=\"https:\/\/nassasilhouette.org\/wp-content\/uploads\/2022\/01\/Smallbore-Range-1024x768.jpeg\" alt=\"\" class=\"wp-image-9461\" srcset=\"https:\/\/nassasilhouette.org\/wp-content\/uploads\/2022\/01\/Smallbore-Range-1024x768.jpeg 1024w, https:\/\/nassasilhouette.org\/wp-content\/uploads\/2022\/01\/Smallbore-Range-300x225.jpeg 300w, https:\/\/nassasilhouette.org\/wp-content\/uploads\/2022\/01\/Smallbore-Range-768x576.jpeg 768w, https:\/\/nassasilhouette.org\/wp-content\/uploads\/2022\/01\/Smallbore-Range.jpeg 1067w\" sizes=\"auto, (max-width: 1024px) 100vw, 1024px\" \/><\/a><figcaption class=\"wp-element-caption\">Alcance del ca\u00f1\u00f3n peque\u00f1o<\/figcaption><\/figure>\n\n\n\n<figure class=\"wp-block-image size-large\"><a href=\"https:\/\/nassasilhouette.org\/wp-content\/uploads\/2022\/01\/High-Power-Firing-Line.jpeg\"><img loading=\"lazy\" decoding=\"async\" width=\"1024\" height=\"768\" data-id=\"9462\" src=\"https:\/\/nassasilhouette.org\/wp-content\/uploads\/2022\/01\/High-Power-Firing-Line-1024x768.jpeg\" alt=\"\" class=\"wp-image-9462\" srcset=\"https:\/\/nassasilhouette.org\/wp-content\/uploads\/2022\/01\/High-Power-Firing-Line-1024x768.jpeg 1024w, https:\/\/nassasilhouette.org\/wp-content\/uploads\/2022\/01\/High-Power-Firing-Line-300x225.jpeg 300w, https:\/\/nassasilhouette.org\/wp-content\/uploads\/2022\/01\/High-Power-Firing-Line-768x576.jpeg 768w, https:\/\/nassasilhouette.org\/wp-content\/uploads\/2022\/01\/High-Power-Firing-Line.jpeg 1067w\" sizes=\"auto, (max-width: 1024px) 100vw, 1024px\" \/><\/a><figcaption class=\"wp-element-caption\">L\u00ednea de cocci\u00f3n de alta potencia<\/figcaption><\/figure>\n<\/figure>\n\n\n\n<figure class=\"wp-block-gallery alignwide has-nested-images columns-default is-cropped wp-block-gallery-3 is-layout-flex wp-block-gallery-is-layout-flex\">\n<figure class=\"wp-block-image size-large\"><a href=\"https:\/\/nassasilhouette.org\/wp-content\/uploads\/2022\/01\/500-Meter-Rams.jpeg\"><img loading=\"lazy\" decoding=\"async\" width=\"1024\" height=\"768\" data-id=\"9463\" src=\"https:\/\/nassasilhouette.org\/wp-content\/uploads\/2022\/01\/500-Meter-Rams-1024x768.jpeg\" alt=\"\" class=\"wp-image-9463\" srcset=\"https:\/\/nassasilhouette.org\/wp-content\/uploads\/2022\/01\/500-Meter-Rams-1024x768.jpeg 1024w, https:\/\/nassasilhouette.org\/wp-content\/uploads\/2022\/01\/500-Meter-Rams-300x225.jpeg 300w, https:\/\/nassasilhouette.org\/wp-content\/uploads\/2022\/01\/500-Meter-Rams-768x576.jpeg 768w, https:\/\/nassasilhouette.org\/wp-content\/uploads\/2022\/01\/500-Meter-Rams.jpeg 1067w\" sizes=\"auto, (max-width: 1024px) 100vw, 1024px\" \/><\/a><figcaption class=\"wp-element-caption\">500 metros Rams<\/figcaption><\/figure>\n\n\n\n<figure class=\"wp-block-image size-large\"><a href=\"https:\/\/nassasilhouette.org\/wp-content\/uploads\/2022\/01\/Silhouette-Smiles.jpeg\"><img loading=\"lazy\" decoding=\"async\" width=\"1024\" height=\"682\" data-id=\"9464\" src=\"https:\/\/nassasilhouette.org\/wp-content\/uploads\/2022\/01\/Silhouette-Smiles-1024x682.jpeg\" alt=\"\" class=\"wp-image-9464\" srcset=\"https:\/\/nassasilhouette.org\/wp-content\/uploads\/2022\/01\/Silhouette-Smiles-1024x682.jpeg 1024w, https:\/\/nassasilhouette.org\/wp-content\/uploads\/2022\/01\/Silhouette-Smiles-300x200.jpeg 300w, https:\/\/nassasilhouette.org\/wp-content\/uploads\/2022\/01\/Silhouette-Smiles-768x512.jpeg 768w, https:\/\/nassasilhouette.org\/wp-content\/uploads\/2022\/01\/Silhouette-Smiles.jpeg 1100w\" sizes=\"auto, (max-width: 1024px) 100vw, 1024px\" \/><\/a><figcaption class=\"wp-element-caption\">Silueta Sonrisas<\/figcaption><\/figure>\n<\/figure>\n\n\n\n<figure class=\"wp-block-gallery alignwide has-nested-images columns-default is-cropped wp-block-gallery-4 is-layout-flex wp-block-gallery-is-layout-flex\">\n<figure class=\"wp-block-image size-large\"><a href=\"https:\/\/nassasilhouette.org\/wp-content\/uploads\/2022\/01\/Fun-For-Everyone.jpeg\"><img loading=\"lazy\" decoding=\"async\" width=\"1024\" height=\"682\" data-id=\"9465\" src=\"https:\/\/nassasilhouette.org\/wp-content\/uploads\/2022\/01\/Fun-For-Everyone-1024x682.jpeg\" alt=\"\" class=\"wp-image-9465\" srcset=\"https:\/\/nassasilhouette.org\/wp-content\/uploads\/2022\/01\/Fun-For-Everyone-1024x682.jpeg 1024w, https:\/\/nassasilhouette.org\/wp-content\/uploads\/2022\/01\/Fun-For-Everyone-300x200.jpeg 300w, https:\/\/nassasilhouette.org\/wp-content\/uploads\/2022\/01\/Fun-For-Everyone-768x512.jpeg 768w, https:\/\/nassasilhouette.org\/wp-content\/uploads\/2022\/01\/Fun-For-Everyone.jpeg 1100w\" sizes=\"auto, (max-width: 1024px) 100vw, 1024px\" \/><\/a><figcaption class=\"wp-element-caption\">Diversi\u00f3n para todos<\/figcaption><\/figure>\n\n\n\n<figure class=\"wp-block-image size-large\"><a href=\"https:\/\/nassasilhouette.org\/wp-content\/uploads\/2022\/01\/Rifles-Are-Pretty.jpeg\"><img loading=\"lazy\" decoding=\"async\" width=\"789\" height=\"1024\" data-id=\"9466\" src=\"https:\/\/nassasilhouette.org\/wp-content\/uploads\/2022\/01\/Rifles-Are-Pretty-789x1024.jpeg\" alt=\"\" class=\"wp-image-9466\" srcset=\"https:\/\/nassasilhouette.org\/wp-content\/uploads\/2022\/01\/Rifles-Are-Pretty-789x1024.jpeg 789w, https:\/\/nassasilhouette.org\/wp-content\/uploads\/2022\/01\/Rifles-Are-Pretty-231x300.jpeg 231w, https:\/\/nassasilhouette.org\/wp-content\/uploads\/2022\/01\/Rifles-Are-Pretty-768x997.jpeg 768w, https:\/\/nassasilhouette.org\/wp-content\/uploads\/2022\/01\/Rifles-Are-Pretty.jpeg 986w\" sizes=\"auto, (max-width: 789px) 100vw, 789px\" \/><\/a><figcaption class=\"wp-element-caption\">Los rifles son bonitos<\/figcaption><\/figure>\n<\/figure>\n\n\n\n<figure class=\"wp-block-gallery alignwide has-nested-images columns-default is-cropped wp-block-gallery-5 is-layout-flex wp-block-gallery-is-layout-flex\">\n<figure class=\"wp-block-image size-large\"><a href=\"https:\/\/nassasilhouette.org\/wp-content\/uploads\/2022\/01\/High-Power-Line.jpeg\"><img loading=\"lazy\" decoding=\"async\" width=\"1024\" height=\"683\" data-id=\"9467\" src=\"https:\/\/nassasilhouette.org\/wp-content\/uploads\/2022\/01\/High-Power-Line-1024x683.jpeg\" alt=\"\" class=\"wp-image-9467\" srcset=\"https:\/\/nassasilhouette.org\/wp-content\/uploads\/2022\/01\/High-Power-Line-1024x683.jpeg 1024w, https:\/\/nassasilhouette.org\/wp-content\/uploads\/2022\/01\/High-Power-Line-300x200.jpeg 300w, https:\/\/nassasilhouette.org\/wp-content\/uploads\/2022\/01\/High-Power-Line-768x512.jpeg 768w, https:\/\/nassasilhouette.org\/wp-content\/uploads\/2022\/01\/High-Power-Line.jpeg 1100w\" sizes=\"auto, (max-width: 1024px) 100vw, 1024px\" \/><\/a><figcaption class=\"wp-element-caption\">L\u00ednea de alta potencia<\/figcaption><\/figure>\n<\/figure>\n","protected":false},"excerpt":{"rendered":"<p>La Asociaci\u00f3n de Tiradores Civiles de Hellgate (HCSA) se constituy\u00f3 en mayo de 1938. La ubicaci\u00f3n original del campo de tiro, en West Riverside, sigue utiliz\u00e1ndose hoy en d\u00eda. Tambi\u00e9n disponemos de una gama con amplias instalaciones en Deep Creek.\u00c2&nbsp; HCSA ofrece pr\u00e1ctica y competiciones de tiro de clase mundial, organizando el Iron Man Silhouette&hellip; <a class=\"more-link\" href=\"https:\/\/nassasilhouette.org\/es-mx\/regiones-clubes-nassa\/regiones-clubes-de-ee-uu\/region-noroeste-clubes-2\/asociacion-de-tiradores-civiles-hellgate-missoula-mt\/\">Continue reading <span class=\"screen-reader-text\">Asociaci\u00f3n de Tiradores Civiles Hellgate &#8211; Missoula, MT<\/span><\/a><\/p>\n","protected":false},"author":4,"featured_media":0,"parent":19592,"menu_order":0,"comment_status":"closed","ping_status":"closed","template":"","meta":{"_acf_changed":false,"footnotes":""},"class_list":["post-19545","page","type-page","status-publish","hentry","entry"],"acf":[],"rttpg_featured_image_url":null,"rttpg_author":{"display_name":"Chris Cawthorne","author_link":"https:\/\/nassasilhouette.org\/es-mx\/author\/cecawthorneyahoo-com\/"},"rttpg_comment":0,"rttpg_category":" <a href=\"https:\/\/nassasilhouette.org\/es-mx\/?taxonomy=translation_priority&#038;term=optional-es-mx\" rel=\"tag\">Optional<\/a>","rttpg_excerpt":"La Asociaci\u00f3n de Tiradores Civiles de Hellgate (HCSA) se constituy\u00f3 en mayo de 1938. La ubicaci\u00f3n original del campo de tiro, en West Riverside, sigue utiliz\u00e1ndose hoy en d\u00eda. Tambi\u00e9n disponemos de una gama con amplias instalaciones en Deep Creek.\u00c2&nbsp; HCSA ofrece pr\u00e1ctica y competiciones de tiro de clase mundial, organizando el Iron Man Silhouette&hellip;&hellip;","_links":{"self":[{"href":"https:\/\/nassasilhouette.org\/es-mx\/wp-json\/wp\/v2\/pages\/19545","targetHints":{"allow":["GET"]}}],"collection":[{"href":"https:\/\/nassasilhouette.org\/es-mx\/wp-json\/wp\/v2\/pages"}],"about":[{"href":"https:\/\/nassasilhouette.org\/es-mx\/wp-json\/wp\/v2\/types\/page"}],"author":[{"embeddable":true,"href":"https:\/\/nassasilhouette.org\/es-mx\/wp-json\/wp\/v2\/users\/4"}],"replies":[{"embeddable":true,"href":"https:\/\/nassasilhouette.org\/es-mx\/wp-json\/wp\/v2\/comments?post=19545"}],"version-history":[{"count":1,"href":"https:\/\/nassasilhouette.org\/es-mx\/wp-json\/wp\/v2\/pages\/19545\/revisions"}],"predecessor-version":[{"id":20537,"href":"https:\/\/nassasilhouette.org\/es-mx\/wp-json\/wp\/v2\/pages\/19545\/revisions\/20537"}],"up":[{"embeddable":true,"href":"https:\/\/nassasilhouette.org\/es-mx\/wp-json\/wp\/v2\/pages\/19592"}],"wp:attachment":[{"href":"https:\/\/nassasilhouette.org\/es-mx\/wp-json\/wp\/v2\/media?parent=19545"}],"curies":[{"name":"wp","href":"https:\/\/api.w.org\/{rel}","templated":true}]}}