{"id":19540,"date":"2021-11-20T17:00:33","date_gmt":"2021-11-20T23:00:33","guid":{"rendered":"https:\/\/nassasilhouette.org\/sobre-nosotros\/historia-de-la-silueta-metalica\/"},"modified":"2021-11-20T17:00:33","modified_gmt":"2021-11-20T23:00:33","slug":"historia-de-la-silueta-metalica","status":"publish","type":"page","link":"https:\/\/nassasilhouette.org\/es-mx\/sobre-nosotros\/historia-de-la-silueta-metalica\/","title":{"rendered":"Historia de la silueta met\u00e1lica"},"content":{"rendered":"\n<h2 class=\"has-text-align-center has-medium-font-size wp-block-heading\"><strong>La leyenda de Pancho Villa (1910 &#8211; 1924)<\/strong><\/h2>\n\n\n<div class=\"wp-block-image\">\n<figure class=\"aligncenter size-large\"><img loading=\"lazy\" decoding=\"async\" width=\"1024\" height=\"441\" src=\"https:\/\/nassasilhouette.org\/wp-content\/uploads\/2021\/11\/Pancho-Villa-Collage-1024x441.png\" alt=\"\" class=\"wp-image-6274\" srcset=\"https:\/\/nassasilhouette.org\/wp-content\/uploads\/2021\/11\/Pancho-Villa-Collage-1024x441.png 1024w, https:\/\/nassasilhouette.org\/wp-content\/uploads\/2021\/11\/Pancho-Villa-Collage-300x129.png 300w, https:\/\/nassasilhouette.org\/wp-content\/uploads\/2021\/11\/Pancho-Villa-Collage-768x331.png 768w, https:\/\/nassasilhouette.org\/wp-content\/uploads\/2021\/11\/Pancho-Villa-Collage-1536x662.png 1536w, https:\/\/nassasilhouette.org\/wp-content\/uploads\/2021\/11\/Pancho-Villa-Collage-2048x883.png 2048w\" sizes=\"auto, (max-width: 1024px) 100vw, 1024px\" \/><\/figure>\n<\/div>\n\n\n<div style=\"height:20px\" aria-hidden=\"true\" class=\"wp-block-spacer\"><\/div>\n\n\n\n<p><meta charset=\"utf-8\">Hay algo muy seductor en que nuestro deporte de siluetas tenga sus posibles or\u00edgenes en los \u00faltimos d\u00edas del Salvaje Oeste&#8230;&#8230;&#8230;.<\/p>\n\n\n\n<p><meta charset=\"utf-8\">Cuenta la leyenda que nuestro deporte de Rifle Silueta tuvo sus or\u00edgenes con los hombres de Pancho Villa en el norte de M\u00e9xico durante la Guerra Fronteriza de 1910-1919 con el General Pershing y las tropas del Ej\u00e9rcito de los Estados Unidos. Las apuestas sobre qui\u00e9n era el mejor tirador entre los hombres de Villa llevaron a disparar a distancia a animales vivos para demostrar qui\u00e9n era el verdadero campe\u00f3n.<\/p>\n\n\n\n<p><meta charset=\"utf-8\">Tras el conflicto, los hombres de Villa regresaron a casa y llevaron consigo estos eventos deportivos con animales vivos utilizando sus rifles de caza de alta potencia. Con el tiempo, los brotes de animales vivos se sustituyeron por recortes met\u00e1licos de animales, en parte debido a la presi\u00f3n del p\u00fablico, dando lugar a las &#8220;Silhuetas Met\u00e1licas&#8221;.  <\/p>\n\n\n\n<hr class=\"wp-block-separator has-alpha-channel-opacity\">\n\n\n<div class=\"wp-block-image\">\n<figure class=\"aligncenter size-large is-resized\"><img loading=\"lazy\" decoding=\"async\" src=\"https:\/\/nassasilhouette.org\/wp-content\/uploads\/2022\/12\/Under-Construction-Logo-1024x1008.jpg\" alt=\"\" class=\"wp-image-16800\" width=\"332\" height=\"327\" srcset=\"https:\/\/nassasilhouette.org\/wp-content\/uploads\/2022\/12\/Under-Construction-Logo-1024x1008.jpg 1024w, https:\/\/nassasilhouette.org\/wp-content\/uploads\/2022\/12\/Under-Construction-Logo-300x295.jpg 300w, https:\/\/nassasilhouette.org\/wp-content\/uploads\/2022\/12\/Under-Construction-Logo-768x756.jpg 768w, https:\/\/nassasilhouette.org\/wp-content\/uploads\/2022\/12\/Under-Construction-Logo.jpg 1494w\" sizes=\"auto, (max-width: 332px) 100vw, 332px\" \/><\/figure>\n<\/div>\n\n\n<div style=\"height:6px\" aria-hidden=\"true\" class=\"wp-block-spacer\"><\/div>\n\n\n\n<p class=\"has-text-align-center has-text-color\" style=\"color:#f10a0a\"><strong>\u00a1Perdonen nuestra construcci\u00f3n!  <\/strong><\/p>\n\n\n\n<p class=\"has-text-align-center has-text-color\" style=\"color:#f10a0a\"><strong>No quer\u00edamos retrasar el lanzamiento de NASSA Launch porque esta p\u00e1gina no estuviera terminada<\/strong>.<\/p>\n\n\n\n<p class=\"has-text-align-center has-text-color\" style=\"color:#f10a0a\"><strong>Su Implementaci\u00f3n NASSA ha estado reuniendo toneladas de informaci\u00f3n sobre la historia de Rifle Silhouette y actualizar\u00e1 esta p\u00e1gina web en la primera mitad de 2023.<\/strong><\/p>\n\n\n\n<hr class=\"wp-block-separator has-alpha-channel-opacity\">\n\n\n\n<div style=\"height:50px\" aria-hidden=\"true\" class=\"wp-block-spacer\"><\/div>\n\n\n\n<p class=\"has-text-align-center has-medium-font-size\"><strong>\u00c9poca de los rodajes de animales vivos ( 1925 &#8211; 1940)<\/strong><\/p>\n\n\n\n<p class=\"has-vivid-red-color has-text-color\"><strong>(En construcci\u00f3n)<\/strong><\/p>\n\n\n\n<hr class=\"wp-block-separator has-alpha-channel-opacity\">\n\n\n\n<div style=\"height:50px\" aria-hidden=\"true\" class=\"wp-block-spacer\"><\/div>\n\n\n\n<p class=\"has-text-align-center has-medium-font-size\"><strong>Comienza la silueta met\u00e1lica (1940 &#8211; 1960)<\/strong><\/p>\n\n\n\n<p class=\"has-vivid-red-color has-text-color\"><meta charset=\"utf-8\"><strong>(En construcci\u00f3n)<\/strong><\/p>\n\n\n\n<hr class=\"wp-block-separator has-alpha-channel-opacity\">\n\n\n\n<div style=\"height:50px\" aria-hidden=\"true\" class=\"wp-block-spacer\"><\/div>\n\n\n\n<p class=\"has-text-align-center has-medium-font-size\"><strong>Los primeros a\u00f1os (1960 &#8211; 1970<\/strong>)<\/p>\n\n\n\n<p class=\"has-text-color\" style=\"color:#f20a0a\"><meta charset=\"utf-8\"><strong>(En construcci\u00f3n)<\/strong><\/p>\n\n\n\n<hr class=\"wp-block-separator has-alpha-channel-opacity\">\n\n\n\n<div style=\"height:49px\" aria-hidden=\"true\" class=\"wp-block-spacer\"><\/div>\n\n\n\n<p class=\"has-text-align-center has-medium-font-size\"><strong>Entrar en la ANR (1970 -1980)<\/strong><\/p>\n\n\n\n<p class=\"has-text-color\" style=\"color:#f10707\"><strong>(En construcci\u00f3n)<\/strong><\/p>\n\n\n\n<div class=\"wp-block-columns is-layout-flex wp-container-core-columns-is-layout-9d6595d7 wp-block-columns-is-layout-flex\">\n<div class=\"wp-block-column is-layout-flow wp-block-column-is-layout-flow\" style=\"flex-basis:33.33%\"><div class=\"wp-block-image\">\n<figure class=\"aligncenter size-large\"><img loading=\"lazy\" decoding=\"async\" width=\"768\" height=\"1024\" src=\"https:\/\/nassasilhouette.org\/wp-content\/uploads\/2022\/01\/IMG_1240-768x1024.jpg\" alt=\"\" class=\"wp-image-9751\" srcset=\"https:\/\/nassasilhouette.org\/wp-content\/uploads\/2022\/01\/IMG_1240-768x1024.jpg 768w, https:\/\/nassasilhouette.org\/wp-content\/uploads\/2022\/01\/IMG_1240-225x300.jpg 225w, https:\/\/nassasilhouette.org\/wp-content\/uploads\/2022\/01\/IMG_1240-1152x1536.jpg 1152w, https:\/\/nassasilhouette.org\/wp-content\/uploads\/2022\/01\/IMG_1240-1536x2048.jpg 1536w, https:\/\/nassasilhouette.org\/wp-content\/uploads\/2022\/01\/IMG_1240-scaled.jpg 1920w\" sizes=\"auto, (max-width: 768px) 100vw, 768px\" \/><figcaption class=\"wp-element-caption\"><strong>American Rifleman &#8211; Julio 1973<\/strong><\/figcaption><\/figure>\n<\/div>\n\n\n<figure class=\"wp-block-image size-large\"><img loading=\"lazy\" decoding=\"async\" width=\"768\" height=\"1024\" src=\"https:\/\/nassasilhouette.org\/wp-content\/uploads\/2022\/01\/IMG_1237-768x1024.jpg\" alt=\"\" class=\"wp-image-9752\" srcset=\"https:\/\/nassasilhouette.org\/wp-content\/uploads\/2022\/01\/IMG_1237-768x1024.jpg 768w, https:\/\/nassasilhouette.org\/wp-content\/uploads\/2022\/01\/IMG_1237-225x300.jpg 225w, https:\/\/nassasilhouette.org\/wp-content\/uploads\/2022\/01\/IMG_1237-1152x1536.jpg 1152w, https:\/\/nassasilhouette.org\/wp-content\/uploads\/2022\/01\/IMG_1237-1536x2048.jpg 1536w, https:\/\/nassasilhouette.org\/wp-content\/uploads\/2022\/01\/IMG_1237-scaled.jpg 1920w\" sizes=\"auto, (max-width: 768px) 100vw, 768px\" \/><figcaption class=\"wp-element-caption\"><strong>American Rifleman &#8211; Noviembre 1974<\/strong><\/figcaption><\/figure>\n<\/div>\n<\/div>\n\n\n\n<hr class=\"wp-block-separator has-alpha-channel-opacity\">\n\n\n\n<div style=\"height:50px\" aria-hidden=\"true\" class=\"wp-block-spacer\"><\/div>\n\n\n\n<p class=\"has-text-align-center has-medium-font-size\"><strong>T\u00edtulo por determinar (1980-1990)<\/strong><\/p>\n\n\n\n<p class=\"has-vivid-red-color has-text-color\"><meta charset=\"utf-8\"><strong>(En construcci\u00f3n)<\/strong><\/p>\n\n\n\n<hr class=\"wp-block-separator has-alpha-channel-opacity\">\n\n\n\n<div style=\"height:50px\" aria-hidden=\"true\" class=\"wp-block-spacer\"><\/div>\n\n\n\n<p class=\"has-text-align-center has-medium-font-size\"><strong>\n  <strong>T\u00edtulo por determinar<\/strong>\n<\/strong> <strong>(1990-2000)<\/strong><meta charset=\"utf-8\"><\/p>\n\n\n\n<p class=\"has-vivid-red-color has-text-color\"><meta charset=\"utf-8\"><strong>(En construcci\u00f3n)<\/strong><\/p>\n\n\n\n<hr class=\"wp-block-separator has-alpha-channel-opacity\">\n\n\n\n<div style=\"height:50px\" aria-hidden=\"true\" class=\"wp-block-spacer\"><\/div>\n\n\n\n<p class=\"has-text-align-center has-black-color has-text-color has-medium-font-size\"><strong><strong>T\u00edtulo por determinar<\/strong> (2000 -2010)<\/strong><meta charset=\"utf-8\"><\/p>\n\n\n\n<p class=\"has-vivid-red-color has-text-color\"><meta charset=\"utf-8\"><strong>(En construcci\u00f3n)<\/strong><\/p>\n\n\n\n<hr class=\"wp-block-separator has-alpha-channel-opacity\">\n\n\n\n<div style=\"height:50px\" aria-hidden=\"true\" class=\"wp-block-spacer\"><\/div>\n\n\n\n<p class=\"has-text-align-center has-medium-font-size\"><strong><strong>T\u00edtulo por determinar<\/strong> (2010 -2020)<\/strong><meta charset=\"utf-8\"><\/p>\n\n\n\n<p class=\"has-vivid-red-color has-text-color\"><meta charset=\"utf-8\"><strong>(En construcci\u00f3n)<\/strong><\/p>\n\n\n\n<hr class=\"wp-block-separator has-alpha-channel-opacity\">\n\n\n\n<div style=\"height:50px\" aria-hidden=\"true\" class=\"wp-block-spacer\"><\/div>\n\n\n\n<p class=\"has-text-align-center has-medium-font-size\"><strong>T\u00edtulo por determinar (2020 -)<\/strong><\/p>\n\n\n\n<div style=\"height:20px\" aria-hidden=\"true\" class=\"wp-block-spacer\"><\/div>\n\n\n\n<div class=\"wp-block-columns is-layout-flex wp-container-core-columns-is-layout-9d6595d7 wp-block-columns-is-layout-flex\">\n<div class=\"wp-block-column is-layout-flow wp-block-column-is-layout-flow\" style=\"flex-basis:33.33%\">\n<figure class=\"wp-block-image size-full\"><img loading=\"lazy\" decoding=\"async\" width=\"725\" height=\"563\" src=\"https:\/\/nassasilhouette.org\/wp-content\/uploads\/2022\/01\/Ewe.jpg\" alt=\"\" class=\"wp-image-9743\" srcset=\"https:\/\/nassasilhouette.org\/wp-content\/uploads\/2022\/01\/Ewe.jpg 725w, https:\/\/nassasilhouette.org\/wp-content\/uploads\/2022\/01\/Ewe-300x233.jpg 300w\" sizes=\"auto, (max-width: 725px) 100vw, 725px\" \/><\/figure>\n\n\n\n<p class=\"has-text-align-center\"><meta charset=\"utf-8\"><strong>Una silueta de oveja de regalo para Ridgway<\/strong><\/p>\n\n\n\n<p><meta charset=\"utf-8\">Una presentaci\u00f3n especial de Daniel Salazar de McAllen, Texas. Daniel investig\u00f3 a fondo el origen de la silueta como deporte, que comenz\u00f3 con el uso de rifles de gran potencia. Gracias a sus investigaciones, entabl\u00f3 un di\u00e1logo con el Club De Tiro Caza Cananea de Sonora (M\u00e9xico), que cre\u00f3 las primeras siluetas para el tiro con fusil de alta potencia&#8230;..<\/p>\n\n\n\n<div class=\"wp-block-buttons is-horizontal is-content-justification-right is-layout-flex wp-container-core-buttons-is-layout-ae2fe186 wp-block-buttons-is-layout-flex\">\n<div class=\"wp-block-button has-custom-font-size has-small-font-size\"><a class=\"wp-block-button__link has-vivid-cyan-blue-background-color has-background wp-element-button\"><strong>LEER M\u00c1S<\/strong><\/a><\/div>\n<\/div>\n<\/div>\n\n\n\n<div class=\"wp-block-column is-layout-flow wp-block-column-is-layout-flow\" style=\"flex-basis:100%\">\n<p><\/p>\n<\/div>\n<\/div>\n\n\n\n<p><\/p>\n\n\n\n<h4 class=\"wp-block-heading\"><strong>Silueta original Presentaci\u00f3n del objetivo<\/strong><\/h4>\n\n\n\n<figure class=\"wp-block-image size-full\"><img loading=\"lazy\" decoding=\"async\" width=\"335\" height=\"73\" src=\"https:\/\/nassasilhouette.org\/wp-content\/uploads\/2022\/01\/ssusa-Logo.png\" alt=\"\" class=\"wp-image-8770\" srcset=\"https:\/\/nassasilhouette.org\/wp-content\/uploads\/2022\/01\/ssusa-Logo.png 335w, https:\/\/nassasilhouette.org\/wp-content\/uploads\/2022\/01\/ssusa-Logo-300x65.png 300w\" sizes=\"auto, (max-width: 335px) 100vw, 335px\" \/><\/figure>\n\n\n\n<p>Adem\u00e1s de la competici\u00f3n, durante smallbore hubo una presentaci\u00f3n especial a cargo de Daniel Salazar, de McAllen, Texas. Daniel investig\u00f3 a fondo el origen de la silueta como deporte, que comenz\u00f3 con el uso de rifles de gran potencia. Gracias a sus investigaciones, entabl\u00f3 un di\u00e1logo con el Club De Tiro Caza Cananea de Sonora (M\u00e9xico), que cre\u00f3 las primeras siluetas para el tiro con rifle de alta potencia. Al principio, se utilizaba la forma de una oveja como blanco de 500 metros. M\u00e1s tarde evolucion\u00f3 hasta convertirse en la silueta de carnero a la que hoy disparan los competidores.<\/p>\n\n\n\n<p>Gracias a sus conversaciones con el club de Sonora (M\u00e9xico), Salazar descubri\u00f3 que a\u00fan existen las dianas originales fabricadas a principios de la d\u00e9cada de 1950. Una de las dianas originales fue llevada a Estados Unidos y regalada al Rifle Club de Ridgway para honrar sus esfuerzos continuos por promover la silueta de rifle en Estados Unidos. La presentaci\u00f3n fue recibida con sorpresa, emoci\u00f3n y l\u00e1grimas, as\u00ed como con una abrumadora sensaci\u00f3n de aprecio por esta pieza de tiro de competici\u00f3n.&nbsp;<a rel=\"noreferrer noopener\" href=\"https:\/\/www.ssusa.org\/articles\/2018\/9\/28\/an-ad-hoc-history-of-rifle-metallic-silhouette-part-1\" target=\"_blank\">historia<\/a>.<\/p>\n","protected":false},"excerpt":{"rendered":"<p>La leyenda de Pancho Villa (1910 &#8211; 1924) Hay algo muy seductor en que nuestro deporte de siluetas tenga sus posibles or\u00edgenes en los \u00faltimos d\u00edas del Salvaje Oeste&#8230;&#8230;&#8230;. Cuenta la leyenda que nuestro deporte de Rifle Silueta tuvo sus or\u00edgenes con los hombres de Pancho Villa en el norte de M\u00e9xico durante la Guerra&hellip; <a class=\"more-link\" href=\"https:\/\/nassasilhouette.org\/es-mx\/sobre-nosotros\/historia-de-la-silueta-metalica\/\">Continue reading <span class=\"screen-reader-text\">Historia de la silueta met\u00e1lica<\/span><\/a><\/p>\n","protected":false},"author":4,"featured_media":0,"parent":13848,"menu_order":0,"comment_status":"closed","ping_status":"closed","template":"","meta":{"_acf_changed":false,"footnotes":""},"class_list":["post-19540","page","type-page","status-publish","hentry","entry"],"acf":[],"rttpg_featured_image_url":null,"rttpg_author":{"display_name":"Chris Cawthorne","author_link":"https:\/\/nassasilhouette.org\/es-mx\/author\/cecawthorneyahoo-com\/"},"rttpg_comment":0,"rttpg_category":" <a href=\"https:\/\/nassasilhouette.org\/es-mx\/?taxonomy=translation_priority&#038;term=optional-es-mx\" rel=\"tag\">Optional<\/a>","rttpg_excerpt":"La leyenda de Pancho Villa (1910 &#8211; 1924) Hay algo muy seductor en que nuestro deporte de siluetas tenga sus posibles or\u00edgenes en los \u00faltimos d\u00edas del Salvaje Oeste&#8230;&#8230;&#8230;. Cuenta la leyenda que nuestro deporte de Rifle Silueta tuvo sus or\u00edgenes con los hombres de Pancho Villa en el norte de M\u00e9xico durante la Guerra&hellip;&hellip;","_links":{"self":[{"href":"https:\/\/nassasilhouette.org\/es-mx\/wp-json\/wp\/v2\/pages\/19540","targetHints":{"allow":["GET"]}}],"collection":[{"href":"https:\/\/nassasilhouette.org\/es-mx\/wp-json\/wp\/v2\/pages"}],"about":[{"href":"https:\/\/nassasilhouette.org\/es-mx\/wp-json\/wp\/v2\/types\/page"}],"author":[{"embeddable":true,"href":"https:\/\/nassasilhouette.org\/es-mx\/wp-json\/wp\/v2\/users\/4"}],"replies":[{"embeddable":true,"href":"https:\/\/nassasilhouette.org\/es-mx\/wp-json\/wp\/v2\/comments?post=19540"}],"version-history":[{"count":0,"href":"https:\/\/nassasilhouette.org\/es-mx\/wp-json\/wp\/v2\/pages\/19540\/revisions"}],"up":[{"embeddable":true,"href":"https:\/\/nassasilhouette.org\/es-mx\/wp-json\/wp\/v2\/pages\/13848"}],"wp:attachment":[{"href":"https:\/\/nassasilhouette.org\/es-mx\/wp-json\/wp\/v2\/media?parent=19540"}],"curies":[{"name":"wp","href":"https:\/\/api.w.org\/{rel}","templated":true}]}}