{"id":19539,"date":"2021-11-20T18:09:08","date_gmt":"2021-11-21T00:09:08","guid":{"rendered":"https:\/\/nassasilhouette.org\/en-el-campo-de-tiro\/"},"modified":"2021-11-20T18:09:08","modified_gmt":"2021-11-21T00:09:08","slug":"en-el-campo-de-tiro","status":"publish","type":"page","link":"https:\/\/nassasilhouette.org\/es-mx\/biblioteca-tecnica-de-wigger\/blogs-de-la-nassa\/en-el-campo-de-tiro\/","title":{"rendered":"En el campo de tiro"},"content":{"rendered":"<div class=\"wp-block-image\">\n<figure class=\"aligncenter size-large\"><img loading=\"lazy\" decoding=\"async\" width=\"1024\" height=\"423\" src=\"https:\/\/nassasilhouette.org\/wp-content\/uploads\/2021\/12\/At-the-Range-Banner-1024x423.jpg\" alt=\"\" class=\"wp-image-7562\" srcset=\"https:\/\/nassasilhouette.org\/wp-content\/uploads\/2021\/12\/At-the-Range-Banner-1024x423.jpg 1024w, https:\/\/nassasilhouette.org\/wp-content\/uploads\/2021\/12\/At-the-Range-Banner-300x124.jpg 300w, https:\/\/nassasilhouette.org\/wp-content\/uploads\/2021\/12\/At-the-Range-Banner-768x317.jpg 768w, https:\/\/nassasilhouette.org\/wp-content\/uploads\/2021\/12\/At-the-Range-Banner-1536x634.jpg 1536w, https:\/\/nassasilhouette.org\/wp-content\/uploads\/2021\/12\/At-the-Range-Banner-2048x846.jpg 2048w\" sizes=\"auto, (max-width: 1024px) 100vw, 1024px\" \/><\/figure>\n<\/div>\n\n\n<div style=\"height:10px\" aria-hidden=\"true\" class=\"wp-block-spacer\"><\/div>\n\n\n\n<p><meta charset=\"utf-8\">David Tubb dijo que <em>\n  <strong>&#8220;la preparaci\u00f3n es la clave del \u00e9xito en la competici\u00f3n&#8221;.<\/strong>\n<\/em> Llegar a la l\u00ednea de tiro sin estar preparado para imprevistos s\u00f3lo aleja del proceso mental de ejecutar el tiro perfecto. Algo tan sencillo como dejarse la pantalla del visor en la bolsa de tiro o no discutir la estrategia de dopaje por viento con el observador puede provocar fallos en el rendimiento.  <strong>\n  <em>En el campo de tiro<\/em>\n<\/strong> es un importante caj\u00f3n de sastre para todo el equipo auxiliar de tiro, accesorios y procesos preparatorios no relacionados con el rifle y la munici\u00f3n que pueden afectar a su rendimiento.<\/p>\n\n\n\n<p><meta charset=\"utf-8\">En nuestra serie continua de <em>\n  <strong>Blogs en el campo de tiro<\/strong>\n<\/em>exploraremos lo que nuestros mejores tiradores tienen en su bolsa de tiro, la preparaci\u00f3n previa al partido y las t\u00e9cnicas utilizadas junto con sus observadores para asegurarse de que la ejecuci\u00f3n de sus tiros es \u00f3ptima.<\/p>\n\n\n\n<hr class=\"wp-block-separator has-alpha-channel-opacity\">\n\n\n\n\t\t\t\t<div class=\"blog-recent-posts-title\">\n\t\t\t\t\tOur Latest Posts\n\t\t\t\t<\/div>\n\t\t\t\t<ul class=\"blog-recent-posts\">\n\t\t\t\t\t\t\t\t  \t\t\t\t\t\n\t\t\t\t\t\t<li class=\"blog-recent-post\">\n\t\t\t\t\t\t\t<a class=\"blog-recent-post-link-group\" href=\"https:\/\/nassasilhouette.org\/es-mx\/nuevos-blogs-proximamente\/\">\n\t\t\t\t\t\t\t\t<div class=\"blog-recent-post-link-image\" style=\"background-image:url(https:\/\/nassasilhouette.org\/wp-content\/uploads\/2021\/12\/Atthe-Range-Square-1.jpg)\"><\/div>\n\t\t\t\t\t\t\t\t<div class=\"blog-recent-post-link-title\">Nuevos blogs pr\u00f3ximamente<\/div>\n\t\t\t\t\t\t\t<\/a>\n\t\t\t\t\t\t\t\n\t\t\t\t\t\t\t\t\t\t\t\t\t\t\n\t\t\t\t\t\t\t<div class=\"blog-recent-post-author\">By Chris Cawthorne<\/div>\n\t\t\t\t\t\t\t<div class=\"blog-recent-post-date\"><i class=\"fa fa-calendar\"><\/i><span>November 25, 2021<\/span><\/div>\n\t\t\t\t\t\t\t<div class=\"blog-recent-post-excerpt\">\n\t\t\t\t\t\t\t\t<p>Tenga paciencia &#8211; nuestros blogueros est\u00e1n trabajando actualmente en la redacci\u00f3n de nuevos blogs&#8230;.<\/p>\n\t\t\t\t\t\t\t<\/div>\n\t\t\t\t\t\t\t<a class=\"blog-recent-post-cta\" href=\"https:\/\/nassasilhouette.org\/es-mx\/nuevos-blogs-proximamente\/\">Read More<\/a>\t\n\t\t\t\t\t\t<\/li>\n\n\t\t\t\t  \t\t\t\t\t\n\t\t\t\t\t\t<li class=\"blog-recent-post\">\n\t\t\t\t\t\t\t<a class=\"blog-recent-post-link-group\" href=\"https:\/\/nassasilhouette.org\/es-mx\/nuevos-blogs-proximamente-4\/\">\n\t\t\t\t\t\t\t\t<div class=\"blog-recent-post-link-image\" style=\"background-image:url(https:\/\/nassasilhouette.org\/wp-content\/uploads\/2021\/12\/Atthe-Range-Square-1.jpg)\"><\/div>\n\t\t\t\t\t\t\t\t<div class=\"blog-recent-post-link-title\">Nuevos blogs pr\u00f3ximamente<\/div>\n\t\t\t\t\t\t\t<\/a>\n\t\t\t\t\t\t\t\n\t\t\t\t\t\t\t\t\t\t\t\t\t\t\n\t\t\t\t\t\t\t<div class=\"blog-recent-post-author\">By Chris Cawthorne<\/div>\n\t\t\t\t\t\t\t<div class=\"blog-recent-post-date\"><i class=\"fa fa-calendar\"><\/i><span>November 24, 2021<\/span><\/div>\n\t\t\t\t\t\t\t<div class=\"blog-recent-post-excerpt\">\n\t\t\t\t\t\t\t\t<p>Tenga paciencia &#8211; nuestros blogueros est\u00e1n trabajando actualmente en la redacci\u00f3n de nuevos blogs&#8230;.<\/p>\n\t\t\t\t\t\t\t<\/div>\n\t\t\t\t\t\t\t<a class=\"blog-recent-post-cta\" href=\"https:\/\/nassasilhouette.org\/es-mx\/nuevos-blogs-proximamente-4\/\">Read More<\/a>\t\n\t\t\t\t\t\t<\/li>\n\n\t\t\t\t  \t\t\t\t  \n\t\t\t\t\t\t\t\t<\/ul>\n\n\t\t\t\t\n","protected":false},"excerpt":{"rendered":"<p>David Tubb dijo que &#8220;la preparaci\u00f3n es la clave del \u00e9xito en la competici\u00f3n&#8221;. Llegar a la l\u00ednea de tiro sin estar preparado para imprevistos s\u00f3lo aleja del proceso mental de ejecutar el tiro perfecto. Algo tan sencillo como dejarse la pantalla del visor en la bolsa de tiro o no discutir la estrategia de&hellip; <a class=\"more-link\" href=\"https:\/\/nassasilhouette.org\/es-mx\/nuevos-blogs-proximamente-4\/\">Continue reading <span class=\"screen-reader-text\">Nuevos blogs pr\u00f3ximamente<\/span><\/a><\/p>\n","protected":false},"author":4,"featured_media":0,"parent":19574,"menu_order":0,"comment_status":"closed","ping_status":"closed","template":"","meta":{"_acf_changed":false,"footnotes":""},"class_list":["post-19539","page","type-page","status-publish","hentry","entry"],"acf":[],"rttpg_featured_image_url":null,"rttpg_author":{"display_name":"Chris Cawthorne","author_link":"https:\/\/nassasilhouette.org\/es-mx\/author\/cecawthorneyahoo-com\/"},"rttpg_comment":0,"rttpg_category":"","rttpg_excerpt":"David Tubb dijo que &#8220;la preparaci\u00f3n es la clave del \u00e9xito en la competici\u00f3n&#8221;. Llegar a la l\u00ednea de tiro sin estar preparado para imprevistos s\u00f3lo aleja del proceso mental de ejecutar el tiro perfecto. Algo tan sencillo como dejarse la pantalla del visor en la bolsa de tiro o no discutir la estrategia de&hellip;&hellip;","_links":{"self":[{"href":"https:\/\/nassasilhouette.org\/es-mx\/wp-json\/wp\/v2\/pages\/19539","targetHints":{"allow":["GET"]}}],"collection":[{"href":"https:\/\/nassasilhouette.org\/es-mx\/wp-json\/wp\/v2\/pages"}],"about":[{"href":"https:\/\/nassasilhouette.org\/es-mx\/wp-json\/wp\/v2\/types\/page"}],"author":[{"embeddable":true,"href":"https:\/\/nassasilhouette.org\/es-mx\/wp-json\/wp\/v2\/users\/4"}],"replies":[{"embeddable":true,"href":"https:\/\/nassasilhouette.org\/es-mx\/wp-json\/wp\/v2\/comments?post=19539"}],"version-history":[{"count":0,"href":"https:\/\/nassasilhouette.org\/es-mx\/wp-json\/wp\/v2\/pages\/19539\/revisions"}],"up":[{"embeddable":true,"href":"https:\/\/nassasilhouette.org\/es-mx\/wp-json\/wp\/v2\/pages\/19574"}],"wp:attachment":[{"href":"https:\/\/nassasilhouette.org\/es-mx\/wp-json\/wp\/v2\/media?parent=19539"}],"curies":[{"name":"wp","href":"https:\/\/api.w.org\/{rel}","templated":true}]}}