{"id":19534,"date":"2021-11-20T18:10:07","date_gmt":"2021-11-21T00:10:07","guid":{"rendered":"https:\/\/nassasilhouette.org\/rifles-y-miras\/"},"modified":"2021-11-20T18:10:07","modified_gmt":"2021-11-21T00:10:07","slug":"rifles-y-miras","status":"publish","type":"page","link":"https:\/\/nassasilhouette.org\/es-mx\/biblioteca-tecnica-de-wigger\/blogs-de-la-nassa\/rifles-y-miras\/","title":{"rendered":"Rifles y miras"},"content":{"rendered":"<div class=\"wp-block-image\">\n<figure class=\"aligncenter size-large\"><img loading=\"lazy\" decoding=\"async\" width=\"1024\" height=\"401\" src=\"https:\/\/nassasilhouette.org\/wp-content\/uploads\/2021\/12\/Rifles-Scopes-Banner-1024x401.jpg\" alt=\"\" class=\"wp-image-7601\" srcset=\"https:\/\/nassasilhouette.org\/wp-content\/uploads\/2021\/12\/Rifles-Scopes-Banner-1024x401.jpg 1024w, https:\/\/nassasilhouette.org\/wp-content\/uploads\/2021\/12\/Rifles-Scopes-Banner-300x118.jpg 300w, https:\/\/nassasilhouette.org\/wp-content\/uploads\/2021\/12\/Rifles-Scopes-Banner-768x301.jpg 768w, https:\/\/nassasilhouette.org\/wp-content\/uploads\/2021\/12\/Rifles-Scopes-Banner-1536x602.jpg 1536w, https:\/\/nassasilhouette.org\/wp-content\/uploads\/2021\/12\/Rifles-Scopes-Banner-2048x803.jpg 2048w\" sizes=\"auto, (max-width: 1024px) 100vw, 1024px\" \/><\/figure>\n<\/div>\n\n\n<div style=\"height:10px\" aria-hidden=\"true\" class=\"wp-block-spacer\"><\/div>\n\n\n\n<p><meta charset=\"utf-8\"><meta charset=\"utf-8\">Un rifle Master-Class debe ser capaz de ofrecer resultados de campeonato. La fiabilidad y el rendimiento tanto del rifle como del sistema de punter\u00eda no deben cuestionarse cuando el tirador se dirige a la l\u00ednea de tiro. El rifle tambi\u00e9n debe ajustarse adecuadamente al f\u00edsico del tirador para complementar y optimizar todos los aspectos relevantes de <strong>\n  <em>El juego f\u00edsico.<\/em>\n<\/strong> <\/p>\n\n\n\n<p><meta charset=\"utf-8\">En nuestra serie continua de <em>\n  <strong>Blogs sobre rifles y miras<\/strong>\n<\/em>exploraremos lo que muchos de nuestros mejores tiradores tienen que decir sobre sus rifles y miras. La intenci\u00f3n es dar a nuestros lectores la informaci\u00f3n para hacer sus propias opciones de rifle \/ vista en lo que puede funcionar mejor para usted.<\/p>\n\n\n\n<hr class=\"wp-block-separator has-alpha-channel-opacity\">\n\n\n\n\t\t\t\t<div class=\"blog-recent-posts-title\">\n\t\t\t\t\tOur Latest Posts\n\t\t\t\t<\/div>\n\t\t\t\t<ul class=\"blog-recent-posts\">\n\t\t\t\t\t\t\t\t  \t\t\t\t\t\n\t\t\t\t\t\t<li class=\"blog-recent-post\">\n\t\t\t\t\t\t\t<a class=\"blog-recent-post-link-group\" href=\"https:\/\/nassasilhouette.org\/es-mx\/anillas-de-cola-de-milano\/\">\n\t\t\t\t\t\t\t\t<div class=\"blog-recent-post-link-image\" style=\"background-image:url(https:\/\/nassasilhouette.org\/wp-content\/uploads\/2022\/12\/Dovetail-Scope-Rings-Feature-Image-1.jpg)\"><\/div>\n\t\t\t\t\t\t\t\t<div class=\"blog-recent-post-link-title\">Anillas de cola de milano<\/div>\n\t\t\t\t\t\t\t<\/a>\n\t\t\t\t\t\t\t\n\t\t\t\t\t\t\t\t\t\t\t\t\t\t\n\t\t\t\t\t\t\t<div class=\"blog-recent-post-author\">By Chris Cawthorne<\/div>\n\t\t\t\t\t\t\t<div class=\"blog-recent-post-date\"><i class=\"fa fa-calendar\"><\/i><span>December 30, 2022<\/span><\/div>\n\t\t\t\t\t\t\t<div class=\"blog-recent-post-excerpt\">\n\t\t\t\t\t\t\t\t<p>Incluye una entrevista con Pete Deal de D3 Precision Hay muchos componentes que intervienen en la fabricaci\u00f3n de un rifle preciso y ninguno de ellos es el m\u00e1s importante. Todos son eslabones de una cadena que tienen que hacer bien su trabajo, y cualquier eslab\u00f3n d\u00e9bil puede hacer que no se cumplan las normas de&hellip; <a class=\"more-link\" href=\"https:\/\/nassasilhouette.org\/es-mx\/anillas-de-cola-de-milano\/\">Continue reading <span class=\"screen-reader-text\">Anillas de cola de milano<\/span><\/a><\/p>\n\t\t\t\t\t\t\t<\/div>\n\t\t\t\t\t\t\t<a class=\"blog-recent-post-cta\" href=\"https:\/\/nassasilhouette.org\/es-mx\/anillas-de-cola-de-milano\/\">Read More<\/a>\t\n\t\t\t\t\t\t<\/li>\n\n\t\t\t\t  \t\t\t\t\t\n\t\t\t\t\t\t<li class=\"blog-recent-post\">\n\t\t\t\t\t\t\t<a class=\"blog-recent-post-link-group\" href=\"https:\/\/nassasilhouette.org\/es-mx\/no-se-trata-del-rifle\/\">\n\t\t\t\t\t\t\t\t<div class=\"blog-recent-post-link-image\" style=\"background-image:url(https:\/\/nassasilhouette.org\/wp-content\/uploads\/2022\/12\/Rifle-Silhoueyye-Report-Logo.jpg)\"><\/div>\n\t\t\t\t\t\t\t\t<div class=\"blog-recent-post-link-title\">No se trata del rifle<\/div>\n\t\t\t\t\t\t\t<\/a>\n\t\t\t\t\t\t\t\n\t\t\t\t\t\t\t\t\t\t\t\t\t\t\n\t\t\t\t\t\t\t<div class=\"blog-recent-post-author\">By Chris Cawthorne<\/div>\n\t\t\t\t\t\t\t<div class=\"blog-recent-post-date\"><i class=\"fa fa-calendar\"><\/i><span>December 20, 2022<\/span><\/div>\n\t\t\t\t\t\t\t<div class=\"blog-recent-post-excerpt\">\n\t\t\t\t\t\t\t\t<p>Qu\u00e9 equipo utilizar y por qu\u00e9 no es tan importante. &#8220;No se trata de las zapatillas, sino de lo que haces con ellas&#8221;. &#8211; Michael Jordan Agradezco mucho a quienes me han enviado preguntas e ideas por correo electr\u00f3nico. Es mucho m\u00e1s f\u00e1cil saber sobre qu\u00e9 quieres leer si me lo dices. Te garantizo que&hellip; <a class=\"more-link\" href=\"https:\/\/nassasilhouette.org\/es-mx\/no-se-trata-del-rifle\/\">Continue reading <span class=\"screen-reader-text\">No se trata del rifle<\/span><\/a><\/p>\n\t\t\t\t\t\t\t<\/div>\n\t\t\t\t\t\t\t<a class=\"blog-recent-post-cta\" href=\"https:\/\/nassasilhouette.org\/es-mx\/no-se-trata-del-rifle\/\">Read More<\/a>\t\n\t\t\t\t\t\t<\/li>\n\n\t\t\t\t  \t\t\t\t\t\n\t\t\t\t\t\t<li class=\"blog-recent-post\">\n\t\t\t\t\t\t\t<a class=\"blog-recent-post-link-group\" href=\"https:\/\/nassasilhouette.org\/es-mx\/modificacion-del-air-arms-hft-500\/\">\n\t\t\t\t\t\t\t\t<div class=\"blog-recent-post-link-image\" style=\"background-image:url(https:\/\/nassasilhouette.org\/wp-content\/uploads\/2022\/05\/Feature-Image.jpg)\"><\/div>\n\t\t\t\t\t\t\t\t<div class=\"blog-recent-post-link-title\">Modificaci\u00f3n del Air Arms HFT-500<\/div>\n\t\t\t\t\t\t\t<\/a>\n\t\t\t\t\t\t\t\n\t\t\t\t\t\t\t\t\t\t\t\t\t\t\n\t\t\t\t\t\t\t<div class=\"blog-recent-post-author\">By Chris Cawthorne<\/div>\n\t\t\t\t\t\t\t<div class=\"blog-recent-post-date\"><i class=\"fa fa-calendar\"><\/i><span>May 21, 2022<\/span><\/div>\n\t\t\t\t\t\t\t<div class=\"blog-recent-post-excerpt\">\n\t\t\t\t\t\t\t\t<p>Seleccionar un rifle para cualquiera de las diversas disciplinas de silueta met\u00e1lica puede ser todo un reto. Si bien hay ciertas marcas y modelos que suelen atraer a los aficionados por su capacidad para cumplir los criterios b\u00e1sicos de este deporte, el premio a los &#8220;criterios m\u00e1s abiertos y menos restrictivos&#8221; probablemente se lo lleve&hellip; <a class=\"more-link\" href=\"https:\/\/nassasilhouette.org\/es-mx\/modificacion-del-air-arms-hft-500\/\">Continue reading <span class=\"screen-reader-text\">Modificaci\u00f3n del Air Arms HFT-500<\/span><\/a><\/p>\n\t\t\t\t\t\t\t<\/div>\n\t\t\t\t\t\t\t<a class=\"blog-recent-post-cta\" href=\"https:\/\/nassasilhouette.org\/es-mx\/modificacion-del-air-arms-hft-500\/\">Read More<\/a>\t\n\t\t\t\t\t\t<\/li>\n\n\t\t\t\t  \t\t\t\t  \n\t\t\t\t\t\t\t\t<\/ul>\n\n\t\t\t\t\n","protected":false},"excerpt":{"rendered":"<p>Un rifle Master-Class debe ser capaz de ofrecer resultados de campeonato. La fiabilidad y el rendimiento tanto del rifle como del sistema de punter\u00eda no deben cuestionarse cuando el tirador se dirige a la l\u00ednea de tiro. El rifle tambi\u00e9n debe ajustarse adecuadamente al f\u00edsico del tirador para complementar y optimizar todos los aspectos relevantes&hellip; <a class=\"more-link\" href=\"https:\/\/nassasilhouette.org\/es-mx\/modificacion-del-air-arms-hft-500\/\">Continue reading <span class=\"screen-reader-text\">Modificaci\u00f3n del Air Arms HFT-500<\/span><\/a><\/p>\n","protected":false},"author":4,"featured_media":0,"parent":19574,"menu_order":0,"comment_status":"closed","ping_status":"closed","template":"","meta":{"_acf_changed":false,"footnotes":""},"class_list":["post-19534","page","type-page","status-publish","hentry","entry"],"acf":[],"rttpg_featured_image_url":null,"rttpg_author":{"display_name":"Chris Cawthorne","author_link":"https:\/\/nassasilhouette.org\/es-mx\/author\/cecawthorneyahoo-com\/"},"rttpg_comment":0,"rttpg_category":"","rttpg_excerpt":"Un rifle Master-Class debe ser capaz de ofrecer resultados de campeonato. La fiabilidad y el rendimiento tanto del rifle como del sistema de punter\u00eda no deben cuestionarse cuando el tirador se dirige a la l\u00ednea de tiro. El rifle tambi\u00e9n debe ajustarse adecuadamente al f\u00edsico del tirador para complementar y optimizar todos los aspectos relevantes&hellip;&hellip;","_links":{"self":[{"href":"https:\/\/nassasilhouette.org\/es-mx\/wp-json\/wp\/v2\/pages\/19534","targetHints":{"allow":["GET"]}}],"collection":[{"href":"https:\/\/nassasilhouette.org\/es-mx\/wp-json\/wp\/v2\/pages"}],"about":[{"href":"https:\/\/nassasilhouette.org\/es-mx\/wp-json\/wp\/v2\/types\/page"}],"author":[{"embeddable":true,"href":"https:\/\/nassasilhouette.org\/es-mx\/wp-json\/wp\/v2\/users\/4"}],"replies":[{"embeddable":true,"href":"https:\/\/nassasilhouette.org\/es-mx\/wp-json\/wp\/v2\/comments?post=19534"}],"version-history":[{"count":0,"href":"https:\/\/nassasilhouette.org\/es-mx\/wp-json\/wp\/v2\/pages\/19534\/revisions"}],"up":[{"embeddable":true,"href":"https:\/\/nassasilhouette.org\/es-mx\/wp-json\/wp\/v2\/pages\/19574"}],"wp:attachment":[{"href":"https:\/\/nassasilhouette.org\/es-mx\/wp-json\/wp\/v2\/media?parent=19534"}],"curies":[{"name":"wp","href":"https:\/\/api.w.org\/{rel}","templated":true}]}}