{"id":19529,"date":"2021-11-20T18:10:48","date_gmt":"2021-11-21T00:10:48","guid":{"rendered":"https:\/\/nassasilhouette.org\/municion-y-balistica\/"},"modified":"2021-11-20T18:10:48","modified_gmt":"2021-11-21T00:10:48","slug":"municion-y-balistica","status":"publish","type":"page","link":"https:\/\/nassasilhouette.org\/es-mx\/biblioteca-tecnica-de-wigger\/blogs-de-la-nassa\/municion-y-balistica\/","title":{"rendered":"Munici\u00f3n y bal\u00edstica"},"content":{"rendered":"<div class=\"wp-block-image\">\n<figure class=\"aligncenter size-large\"><img loading=\"lazy\" decoding=\"async\" width=\"1024\" height=\"287\" src=\"https:\/\/nassasilhouette.org\/wp-content\/uploads\/2021\/12\/Ammo-Ballistics-Banner-1024x287.jpg\" alt=\"\" class=\"wp-image-7552\" srcset=\"https:\/\/nassasilhouette.org\/wp-content\/uploads\/2021\/12\/Ammo-Ballistics-Banner-1024x287.jpg 1024w, https:\/\/nassasilhouette.org\/wp-content\/uploads\/2021\/12\/Ammo-Ballistics-Banner-300x84.jpg 300w, https:\/\/nassasilhouette.org\/wp-content\/uploads\/2021\/12\/Ammo-Ballistics-Banner-768x215.jpg 768w, https:\/\/nassasilhouette.org\/wp-content\/uploads\/2021\/12\/Ammo-Ballistics-Banner-1536x431.jpg 1536w, https:\/\/nassasilhouette.org\/wp-content\/uploads\/2021\/12\/Ammo-Ballistics-Banner-2048x574.jpg 2048w\" sizes=\"auto, (max-width: 1024px) 100vw, 1024px\" \/><\/figure>\n<\/div>\n\n\n<div style=\"height:10px\" aria-hidden=\"true\" class=\"wp-block-spacer\"><\/div>\n\n\n\n<p><meta charset=\"utf-8\">El <strong>\n  <em>Munici\u00f3n y Bal\u00edstica<\/em>\n<\/strong> funcionan como un sistema con <em>\n  <strong>Rifles y miras<\/strong>\n<\/em> para optimizar el rendimiento de tiro. El calibre del rifle elegido junto con la combinaci\u00f3n de p\u00f3lvora\/bala debe equilibrar la precisi\u00f3n requerida a todas las distancias y la consistencia necesaria para derribar animales, todo ello sopesado con los efectos del retroceso en el transcurso de la competici\u00f3n. Esto es mucho m\u00e1s significativo en un recorrido de Campeonato Nacional de 240 rondas para el r\u00e9cord.  <\/p>\n\n\n\n<p><meta charset=\"utf-8\">La munici\u00f3n y la bal\u00edstica para silueta han cambiado significativamente en los \u00faltimos a\u00f1os con la llegada de la nueva tecnolog\u00eda de balas (coeficientes bal\u00edsticos mejorados).  <meta charset=\"utf-8\">En nuestra serie continua de <em>\n  <strong>Blogs de Munici\u00f3n y Bal\u00edstica<\/strong>\n<\/em>exploraremos qu\u00e9 calibres y componentes de recarga est\u00e1n experimentando nuestros mejores tiradores para obtener una ventaja en los campeonatos.<\/p>\n\n\n\n<hr class=\"wp-block-separator has-alpha-channel-opacity\">\n\n\n\n\t\t\t\t<div class=\"blog-recent-posts-title\">\n\t\t\t\t\tOur Latest Posts\n\t\t\t\t<\/div>\n\t\t\t\t<ul class=\"blog-recent-posts\">\n\t\t\t\t\t\t\t\t  \t\t\t\t\t\n\t\t\t\t\t\t<li class=\"blog-recent-post\">\n\t\t\t\t\t\t\t<a class=\"blog-recent-post-link-group\" href=\"https:\/\/nassasilhouette.org\/es-mx\/nuevos-blogs-proximamente-2\/\">\n\t\t\t\t\t\t\t\t<div class=\"blog-recent-post-link-image\" style=\"background-image:url(https:\/\/nassasilhouette.org\/wp-content\/uploads\/2021\/12\/Ammo-Ballistics-Square.jpg)\"><\/div>\n\t\t\t\t\t\t\t\t<div class=\"blog-recent-post-link-title\">Nuevos blogs pr\u00f3ximamente<\/div>\n\t\t\t\t\t\t\t<\/a>\n\t\t\t\t\t\t\t\n\t\t\t\t\t\t\t\t\t\t\t\t\t\t\n\t\t\t\t\t\t\t<div class=\"blog-recent-post-author\">By Chris Cawthorne<\/div>\n\t\t\t\t\t\t\t<div class=\"blog-recent-post-date\"><i class=\"fa fa-calendar\"><\/i><span>November 25, 2021<\/span><\/div>\n\t\t\t\t\t\t\t<div class=\"blog-recent-post-excerpt\">\n\t\t\t\t\t\t\t\t<p>Tenga paciencia &#8211; nuestros blogueros est\u00e1n trabajando actualmente en la redacci\u00f3n de nuevos blogs&#8230;.<\/p>\n\t\t\t\t\t\t\t<\/div>\n\t\t\t\t\t\t\t<a class=\"blog-recent-post-cta\" href=\"https:\/\/nassasilhouette.org\/es-mx\/nuevos-blogs-proximamente-2\/\">Read More<\/a>\t\n\t\t\t\t\t\t<\/li>\n\n\t\t\t\t  \t\t\t\t\t\n\t\t\t\t\t\t<li class=\"blog-recent-post\">\n\t\t\t\t\t\t\t<a class=\"blog-recent-post-link-group\" href=\"https:\/\/nassasilhouette.org\/es-mx\/nuevos-blogs-proximamente-5\/\">\n\t\t\t\t\t\t\t\t<div class=\"blog-recent-post-link-image\" style=\"background-image:url(https:\/\/nassasilhouette.org\/wp-content\/uploads\/2021\/12\/Ammo-Ballistics-Square.jpg)\"><\/div>\n\t\t\t\t\t\t\t\t<div class=\"blog-recent-post-link-title\">Nuevos blogs pr\u00f3ximamente<\/div>\n\t\t\t\t\t\t\t<\/a>\n\t\t\t\t\t\t\t\n\t\t\t\t\t\t\t\t\t\t\t\t\t\t\n\t\t\t\t\t\t\t<div class=\"blog-recent-post-author\">By Chris Cawthorne<\/div>\n\t\t\t\t\t\t\t<div class=\"blog-recent-post-date\"><i class=\"fa fa-calendar\"><\/i><span>November 23, 2021<\/span><\/div>\n\t\t\t\t\t\t\t<div class=\"blog-recent-post-excerpt\">\n\t\t\t\t\t\t\t\t<p>Tenga paciencia &#8211; nuestros blogueros est\u00e1n trabajando actualmente en la redacci\u00f3n de nuevos blogs&#8230;.<\/p>\n\t\t\t\t\t\t\t<\/div>\n\t\t\t\t\t\t\t<a class=\"blog-recent-post-cta\" href=\"https:\/\/nassasilhouette.org\/es-mx\/nuevos-blogs-proximamente-5\/\">Read More<\/a>\t\n\t\t\t\t\t\t<\/li>\n\n\t\t\t\t  \t\t\t\t  \n\t\t\t\t\t\t\t\t<\/ul>\n\n\t\t\t\t\n","protected":false},"excerpt":{"rendered":"<p>El Munici\u00f3n y Bal\u00edstica funcionan como un sistema con Rifles y miras para optimizar el rendimiento de tiro. El calibre del rifle elegido junto con la combinaci\u00f3n de p\u00f3lvora\/bala debe equilibrar la precisi\u00f3n requerida a todas las distancias y la consistencia necesaria para derribar animales, todo ello sopesado con los efectos del retroceso en el&hellip; <a class=\"more-link\" href=\"https:\/\/nassasilhouette.org\/es-mx\/nuevos-blogs-proximamente-5\/\">Continue reading <span class=\"screen-reader-text\">Nuevos blogs pr\u00f3ximamente<\/span><\/a><\/p>\n","protected":false},"author":4,"featured_media":0,"parent":19574,"menu_order":0,"comment_status":"closed","ping_status":"closed","template":"","meta":{"_acf_changed":false,"footnotes":""},"class_list":["post-19529","page","type-page","status-publish","hentry","entry"],"acf":[],"rttpg_featured_image_url":null,"rttpg_author":{"display_name":"Chris Cawthorne","author_link":"https:\/\/nassasilhouette.org\/es-mx\/author\/cecawthorneyahoo-com\/"},"rttpg_comment":0,"rttpg_category":"","rttpg_excerpt":"El Munici\u00f3n y Bal\u00edstica funcionan como un sistema con Rifles y miras para optimizar el rendimiento de tiro. El calibre del rifle elegido junto con la combinaci\u00f3n de p\u00f3lvora\/bala debe equilibrar la precisi\u00f3n requerida a todas las distancias y la consistencia necesaria para derribar animales, todo ello sopesado con los efectos del retroceso en el&hellip;&hellip;","_links":{"self":[{"href":"https:\/\/nassasilhouette.org\/es-mx\/wp-json\/wp\/v2\/pages\/19529","targetHints":{"allow":["GET"]}}],"collection":[{"href":"https:\/\/nassasilhouette.org\/es-mx\/wp-json\/wp\/v2\/pages"}],"about":[{"href":"https:\/\/nassasilhouette.org\/es-mx\/wp-json\/wp\/v2\/types\/page"}],"author":[{"embeddable":true,"href":"https:\/\/nassasilhouette.org\/es-mx\/wp-json\/wp\/v2\/users\/4"}],"replies":[{"embeddable":true,"href":"https:\/\/nassasilhouette.org\/es-mx\/wp-json\/wp\/v2\/comments?post=19529"}],"version-history":[{"count":0,"href":"https:\/\/nassasilhouette.org\/es-mx\/wp-json\/wp\/v2\/pages\/19529\/revisions"}],"up":[{"embeddable":true,"href":"https:\/\/nassasilhouette.org\/es-mx\/wp-json\/wp\/v2\/pages\/19574"}],"wp:attachment":[{"href":"https:\/\/nassasilhouette.org\/es-mx\/wp-json\/wp\/v2\/media?parent=19529"}],"curies":[{"name":"wp","href":"https:\/\/api.w.org\/{rel}","templated":true}]}}