{"id":19525,"date":"2021-11-20T14:02:05","date_gmt":"2021-11-20T20:02:05","guid":{"rendered":"https:\/\/nassasilhouette.org\/regiones-clubes-nassa\/regiones-clubes-de-mexico\/"},"modified":"2021-11-20T14:02:05","modified_gmt":"2021-11-20T20:02:05","slug":"regiones-clubes-de-mexico","status":"publish","type":"page","link":"https:\/\/nassasilhouette.org\/es-mx\/regiones-clubes-nassa\/regiones-clubes-de-mexico\/","title":{"rendered":"REGIONES\/CLUBES DE M\u00c9XICO"},"content":{"rendered":"\n<p class=\"has-text-align-center\"><strong>Esto incluye las regiones NASSA M\u00e9xico Noreste, Noroeste, Centro y Sur de M\u00e9xico.<\/strong><\/p>\n\n\n<div class=\"wp-block-image\">\n<figure class=\"aligncenter size-large\"><img loading=\"lazy\" decoding=\"async\" width=\"1024\" height=\"678\" src=\"https:\/\/nassasilhouette.org\/wp-content\/uploads\/2021\/12\/Mexico-Regions-Map-1-1024x678.png\" alt=\"\" class=\"wp-image-8105\" srcset=\"https:\/\/nassasilhouette.org\/wp-content\/uploads\/2021\/12\/Mexico-Regions-Map-1-1024x678.png 1024w, https:\/\/nassasilhouette.org\/wp-content\/uploads\/2021\/12\/Mexico-Regions-Map-1-300x199.png 300w, https:\/\/nassasilhouette.org\/wp-content\/uploads\/2021\/12\/Mexico-Regions-Map-1-768x509.png 768w, https:\/\/nassasilhouette.org\/wp-content\/uploads\/2021\/12\/Mexico-Regions-Map-1-1536x1017.png 1536w, https:\/\/nassasilhouette.org\/wp-content\/uploads\/2021\/12\/Mexico-Regions-Map-1-2048x1356.png 2048w\" sizes=\"auto, (max-width: 1024px) 100vw, 1024px\" \/><\/figure>\n<\/div>\n\n\n<div style=\"height:10px\" aria-hidden=\"true\" class=\"wp-block-spacer\"><\/div>\n\n\n\n<p><meta charset=\"utf-8\">Cuenta la leyenda que nuestro deporte de Rifle Silueta tuvo sus or\u00edgenes con los hombres de Pancho Villa en el norte de M\u00e9xico durante la Guerra Fronteriza de 1910-1919 con el General Pershing y las tropas del Ej\u00e9rcito de los Estados Unidos. Las apuestas sobre qui\u00e9n era el mejor tirador entre los hombres de Villa llevaron a disparar a distancia a animales vivos para demostrar qui\u00e9n era el verdadero campe\u00f3n. Tras el conflicto, los hombres de Villa regresaron a casa y llevaron consigo estos eventos deportivos con animales vivos utilizando sus rifles de caza de alta potencia. Con el tiempo, los brotes de animales vivos se sustituyeron por recortes met\u00e1licos de animales, en parte debido a la presi\u00f3n del p\u00fablico, dando lugar a las &#8220;Silhuetas Met\u00e1licas&#8221;.  <\/p>\n\n\n\n<p>Avanzando m\u00e1s de 100 a\u00f1os, M\u00e9xico contin\u00faa con esta larga y fuerte tradici\u00f3n de <strong>Silhuetas Met\u00e1licas<\/strong>, convirti\u00e9ndolo en el deporte de tiro n\u00famero uno en M\u00e9xico. Muchos de los 31 Estados Federales de M\u00e9xico tienen numerosos Clubes de Rifle Silueta y la competencia es intensa, ya que el Estado ganador del Campeonato Nacional de M\u00e9xico reclama el derecho de ser anfitri\u00f3n del Campeonato Nacional de M\u00e9xico del a\u00f1o siguiente.<\/p>\n\n\n\n<hr class=\"wp-block-separator has-alpha-channel-opacity\">\n\n\n\n<div style=\"height:50px\" aria-hidden=\"true\" class=\"wp-block-spacer\"><\/div>\n\n\n\n<h2 class=\"has-text-align-center wp-block-heading\"><meta charset=\"utf-8\"><strong>Regi\u00f3n Noreste\/Clubes<\/strong><\/h2>\n\n\n\n<div style=\"height:20px\" aria-hidden=\"true\" class=\"wp-block-spacer\"><\/div>\n\n\n\n<div class=\"wp-block-media-text alignwide is-stacked-on-mobile is-vertically-aligned-center\" style=\"grid-template-columns:40% auto\"><figure class=\"wp-block-media-text__media\"><img loading=\"lazy\" decoding=\"async\" width=\"935\" height=\"1024\" src=\"https:\/\/nassasilhouette.org\/wp-content\/uploads\/2022\/02\/Northeast-Region-Border-2-935x1024.png\" alt=\"\" class=\"wp-image-10385 size-full\" srcset=\"https:\/\/nassasilhouette.org\/wp-content\/uploads\/2022\/02\/Northeast-Region-Border-2-935x1024.png 935w, https:\/\/nassasilhouette.org\/wp-content\/uploads\/2022\/02\/Northeast-Region-Border-2-274x300.png 274w, https:\/\/nassasilhouette.org\/wp-content\/uploads\/2022\/02\/Northeast-Region-Border-2-768x841.png 768w, https:\/\/nassasilhouette.org\/wp-content\/uploads\/2022\/02\/Northeast-Region-Border-2.png 971w\" sizes=\"auto, (max-width: 935px) 100vw, 935px\" \/><\/figure><div class=\"wp-block-media-text__content\">\n<p class=\"has-text-align-center\"><meta charset=\"utf-8\">Esta Regi\u00f3n NASSA M\u00e9xico atiende Coahuila, Nuevo Le\u00f3n y Tamaulipas. A continuaci\u00f3n encontrar\u00e1s informaci\u00f3n sobre los clubes de Rifle Silueta de la Regi\u00f3n Noroeste.<\/p>\n\n\n\n<p class=\"has-text-align-center has-vivid-cyan-blue-color has-text-color\"><strong>Haz clic en el siguiente enlace para obtener informaci\u00f3n sobre el Director Regional del Noreste de M\u00e9xico, las Iniciativas Regionales y los Clubes de Silueta de Rifle de la Regi\u00f3n Noreste.<\/strong><\/p>\n\n\n\n<div class=\"wp-block-buttons is-horizontal is-content-justification-center is-layout-flex wp-container-core-buttons-is-layout-499968f5 wp-block-buttons-is-layout-flex\">\n<div class=\"wp-block-button has-custom-font-size has-small-font-size\"><a class=\"wp-block-button__link has-vivid-cyan-blue-background-color has-background wp-element-button\" href=\"http:\/\/nassasilhouette.org\/tbd2-region-ranges\"><meta charset=\"utf-8\"><strong>CLUBES DE SILUETA DEL NORESTE<\/strong><\/a><\/div>\n<\/div>\n<\/div><\/div>\n\n\n\n<hr class=\"wp-block-separator has-alpha-channel-opacity\">\n\n\n\n<div style=\"height:50px\" aria-hidden=\"true\" class=\"wp-block-spacer\"><\/div>\n\n\n\n<h2 class=\"has-text-align-center wp-block-heading\"><strong>Regi\u00f3n Noroeste\/Clubes<\/strong><\/h2>\n\n\n\n<div style=\"height:20px\" aria-hidden=\"true\" class=\"wp-block-spacer\"><\/div>\n\n\n\n<div class=\"wp-block-media-text alignwide is-stacked-on-mobile is-vertically-aligned-center\" style=\"grid-template-columns:44% auto\"><figure class=\"wp-block-media-text__media\"><img loading=\"lazy\" decoding=\"async\" width=\"1024\" height=\"731\" src=\"https:\/\/nassasilhouette.org\/wp-content\/uploads\/2022\/02\/Northwest-Mexico-A-1024x731.png\" alt=\"\" class=\"wp-image-10352 size-full\" srcset=\"https:\/\/nassasilhouette.org\/wp-content\/uploads\/2022\/02\/Northwest-Mexico-A-1024x731.png 1024w, https:\/\/nassasilhouette.org\/wp-content\/uploads\/2022\/02\/Northwest-Mexico-A-300x214.png 300w, https:\/\/nassasilhouette.org\/wp-content\/uploads\/2022\/02\/Northwest-Mexico-A-768x548.png 768w, https:\/\/nassasilhouette.org\/wp-content\/uploads\/2022\/02\/Northwest-Mexico-A.png 1521w\" sizes=\"auto, (max-width: 1024px) 100vw, 1024px\" \/><\/figure><div class=\"wp-block-media-text__content\">\n<p class=\"has-text-align-center\">Esta Regi\u00f3n NASSA M\u00e9xico atiende Baja California, Baja California Sur, Chihuahua, Durango, Sinaloa y Sonora.<\/p>\n\n\n\n<p class=\"has-text-align-center has-vivid-cyan-blue-color has-text-color\"><strong>Haga clic en el enlace de abajo para obtener informaci\u00f3n sobre el Director Regional del Noroeste de M\u00e9xico, Iniciativas Regionales y Clubes de Silueta de Rifle en la Regi\u00f3n Noreste.<\/strong><\/p>\n\n\n\n<div class=\"wp-block-buttons is-horizontal is-content-justification-center is-layout-flex wp-container-core-buttons-is-layout-499968f5 wp-block-buttons-is-layout-flex\">\n<div class=\"wp-block-button has-custom-font-size has-small-font-size\"><a class=\"wp-block-button__link has-vivid-cyan-blue-background-color has-background wp-element-button\" href=\"http:\/\/nassasilhouette.org\/tbd1-region-ranges\"><strong>CLUBES DE SILUETAS DEL NOROESTE<\/strong><\/a><\/div>\n<\/div>\n<\/div><\/div>\n\n\n\n<hr class=\"wp-block-separator has-alpha-channel-opacity\">\n\n\n\n<div style=\"height:51px\" aria-hidden=\"true\" class=\"wp-block-spacer\"><\/div>\n\n\n\n<h2 class=\"has-text-align-center wp-block-heading\"><strong>Regi\u00f3n Central\/Clubes<\/strong><\/h2>\n\n\n\n<div style=\"height:20px\" aria-hidden=\"true\" class=\"wp-block-spacer\"><\/div>\n\n\n\n<div class=\"wp-block-media-text alignwide is-stacked-on-mobile is-vertically-aligned-center\" style=\"grid-template-columns:44% auto\"><figure class=\"wp-block-media-text__media\"><img loading=\"lazy\" decoding=\"async\" width=\"1024\" height=\"951\" src=\"https:\/\/nassasilhouette.org\/wp-content\/uploads\/2022\/02\/Central-Region-Border-2-1024x951.png\" alt=\"\" class=\"wp-image-10369 size-full\" srcset=\"https:\/\/nassasilhouette.org\/wp-content\/uploads\/2022\/02\/Central-Region-Border-2-1024x951.png 1024w, https:\/\/nassasilhouette.org\/wp-content\/uploads\/2022\/02\/Central-Region-Border-2-300x279.png 300w, https:\/\/nassasilhouette.org\/wp-content\/uploads\/2022\/02\/Central-Region-Border-2-768x713.png 768w, https:\/\/nassasilhouette.org\/wp-content\/uploads\/2022\/02\/Central-Region-Border-2.png 1145w\" sizes=\"auto, (max-width: 1024px) 100vw, 1024px\" \/><\/figure><div class=\"wp-block-media-text__content\">\n<p class=\"has-text-align-center\"><meta charset=\"utf-8\">Esta regi\u00f3n de NASSA M\u00e9xico presta servicios a Aguascalientes, Colima, Guanajuato, Jalisco, Michoac\u00e1n, Nayarit, San Luis Potos\u00ed y Zacatecas.&nbsp;<\/p>\n\n\n\n<p class=\"has-text-align-center has-vivid-cyan-blue-color has-text-color\"><meta charset=\"utf-8\"><strong><meta charset=\"utf-8\">Haga clic en el enlace de abajo para obtener informaci\u00f3n sobre el Director Regional de M\u00e9xico Central, Iniciativas Regionales y Clubes de Silueta de Rifle en la Regi\u00f3n Noreste.<\/strong><\/p>\n\n\n\n<div class=\"wp-block-buttons is-horizontal is-content-justification-center is-layout-flex wp-container-core-buttons-is-layout-499968f5 wp-block-buttons-is-layout-flex\">\n<div class=\"wp-block-button has-custom-font-size has-small-font-size\"><a class=\"wp-block-button__link has-vivid-cyan-blue-background-color has-background wp-element-button\" href=\"http:\/\/nassasilhouette.org\/tbd3-region-ranges\"><meta charset=\"utf-8\"><strong>CLUBES DE SILUETAS DEL NOROESTE<\/strong><\/a><\/div>\n<\/div>\n<\/div><\/div>\n\n\n\n<hr class=\"wp-block-separator has-alpha-channel-opacity\">\n\n\n\n<div style=\"height:50px\" aria-hidden=\"true\" class=\"wp-block-spacer\"><\/div>\n\n\n\n<h2 class=\"has-text-align-center wp-block-heading\"><strong>Regi\u00f3n Sur\/Clubes<\/strong><\/h2>\n\n\n\n<div style=\"height:20px\" aria-hidden=\"true\" class=\"wp-block-spacer\"><\/div>\n\n\n\n<div class=\"wp-block-media-text alignwide is-stacked-on-mobile is-vertically-aligned-center\"><figure class=\"wp-block-media-text__media\"><img loading=\"lazy\" decoding=\"async\" width=\"1024\" height=\"553\" src=\"https:\/\/nassasilhouette.org\/wp-content\/uploads\/2022\/02\/Southern-Region-Border-1024x553.png\" alt=\"\" class=\"wp-image-10375 size-full\" srcset=\"https:\/\/nassasilhouette.org\/wp-content\/uploads\/2022\/02\/Southern-Region-Border-1024x553.png 1024w, https:\/\/nassasilhouette.org\/wp-content\/uploads\/2022\/02\/Southern-Region-Border-300x162.png 300w, https:\/\/nassasilhouette.org\/wp-content\/uploads\/2022\/02\/Southern-Region-Border-768x415.png 768w, https:\/\/nassasilhouette.org\/wp-content\/uploads\/2022\/02\/Southern-Region-Border-1536x830.png 1536w, https:\/\/nassasilhouette.org\/wp-content\/uploads\/2022\/02\/Southern-Region-Border.png 1567w\" sizes=\"auto, (max-width: 1024px) 100vw, 1024px\" \/><\/figure><div class=\"wp-block-media-text__content\">\n<p class=\"has-text-align-center\"><meta charset=\"utf-8\"><meta charset=\"utf-8\">Esta Regi\u00f3n NASSA M\u00e9xico atiende a Campeche, Chiapas, Distrito Federal, Estado de M\u00e9xico, Hidalgo, Oaxaca, Puebla, Quer\u00e9taro, Quintana Roo, Tlaxcala, Veracruz y Yucat\u00e1n. A continuaci\u00f3n encontrar\u00e1 informaci\u00f3n sobre los clubes de Rifle Silueta de la Regi\u00f3n Sur.<\/p>\n\n\n\n<p class=\"has-text-align-center has-vivid-cyan-blue-color has-text-color\"><meta charset=\"utf-8\"><meta charset=\"utf-8\"><strong><meta charset=\"utf-8\">Haz clic en el siguiente enlace para obtener informaci\u00f3n sobre el Director Regional M\u00e9xico Sur, Iniciativas Regionales y Clubes de Rifle Silueta en la Regi\u00f3n Noreste.<\/strong><\/p>\n\n\n\n<div class=\"wp-block-buttons is-horizontal is-content-justification-center is-layout-flex wp-container-core-buttons-is-layout-499968f5 wp-block-buttons-is-layout-flex\">\n<div class=\"wp-block-button has-custom-font-size has-small-font-size\"><a class=\"wp-block-button__link has-vivid-cyan-blue-background-color has-background wp-element-button\" href=\"http:\/\/nassasilhouette.org\/tbd4-region-ranges\"><meta charset=\"utf-8\"><strong>CLUBES DE SILUETAS DEL SUR<\/strong><\/a><\/div>\n<\/div>\n<\/div><\/div>\n\n\n\n<hr class=\"wp-block-separator has-alpha-channel-opacity\">\n","protected":false},"excerpt":{"rendered":"<p>Esto incluye las regiones NASSA M\u00e9xico Noreste, Noroeste, Centro y Sur de M\u00e9xico. Cuenta la leyenda que nuestro deporte de Rifle Silueta tuvo sus or\u00edgenes con los hombres de Pancho Villa en el norte de M\u00e9xico durante la Guerra Fronteriza de 1910-1919 con el General Pershing y las tropas del Ej\u00e9rcito de los Estados Unidos.&hellip; <a class=\"more-link\" href=\"https:\/\/nassasilhouette.org\/es-mx\/regiones-clubes-nassa\/regiones-clubes-de-mexico\/\">Continue reading <span class=\"screen-reader-text\">REGIONES\/CLUBES DE M\u00c9XICO<\/span><\/a><\/p>\n","protected":false},"author":4,"featured_media":0,"parent":13852,"menu_order":0,"comment_status":"closed","ping_status":"closed","template":"","meta":{"_acf_changed":false,"footnotes":""},"class_list":["post-19525","page","type-page","status-publish","hentry","entry"],"acf":[],"rttpg_featured_image_url":null,"rttpg_author":{"display_name":"Chris Cawthorne","author_link":"https:\/\/nassasilhouette.org\/es-mx\/author\/cecawthorneyahoo-com\/"},"rttpg_comment":0,"rttpg_category":" <a href=\"https:\/\/nassasilhouette.org\/es-mx\/?taxonomy=translation_priority&#038;term=optional-es-mx\" rel=\"tag\">Optional<\/a>","rttpg_excerpt":"Esto incluye las regiones NASSA M\u00e9xico Noreste, Noroeste, Centro y Sur de M\u00e9xico. Cuenta la leyenda que nuestro deporte de Rifle Silueta tuvo sus or\u00edgenes con los hombres de Pancho Villa en el norte de M\u00e9xico durante la Guerra Fronteriza de 1910-1919 con el General Pershing y las tropas del Ej\u00e9rcito de los Estados Unidos.&hellip;&hellip;","_links":{"self":[{"href":"https:\/\/nassasilhouette.org\/es-mx\/wp-json\/wp\/v2\/pages\/19525","targetHints":{"allow":["GET"]}}],"collection":[{"href":"https:\/\/nassasilhouette.org\/es-mx\/wp-json\/wp\/v2\/pages"}],"about":[{"href":"https:\/\/nassasilhouette.org\/es-mx\/wp-json\/wp\/v2\/types\/page"}],"author":[{"embeddable":true,"href":"https:\/\/nassasilhouette.org\/es-mx\/wp-json\/wp\/v2\/users\/4"}],"replies":[{"embeddable":true,"href":"https:\/\/nassasilhouette.org\/es-mx\/wp-json\/wp\/v2\/comments?post=19525"}],"version-history":[{"count":0,"href":"https:\/\/nassasilhouette.org\/es-mx\/wp-json\/wp\/v2\/pages\/19525\/revisions"}],"up":[{"embeddable":true,"href":"https:\/\/nassasilhouette.org\/es-mx\/wp-json\/wp\/v2\/pages\/13852"}],"wp:attachment":[{"href":"https:\/\/nassasilhouette.org\/es-mx\/wp-json\/wp\/v2\/media?parent=19525"}],"curies":[{"name":"wp","href":"https:\/\/api.w.org\/{rel}","templated":true}]}}