{"id":19524,"date":"2021-11-20T17:03:20","date_gmt":"2021-11-20T23:03:20","guid":{"rendered":"https:\/\/nassasilhouette.org\/rifles-de-pequeno-calibre\/"},"modified":"2021-11-20T17:03:20","modified_gmt":"2021-11-20T23:03:20","slug":"rifles-de-pequeno-calibre","status":"publish","type":"page","link":"https:\/\/nassasilhouette.org\/es-mx\/sobre-nosotros\/bases-del-concurso\/rifles-de-pequeno-calibre\/","title":{"rendered":"Rifles de peque\u00f1o calibre"},"content":{"rendered":"<div class=\"wp-block-image\">\n<figure class=\"aligncenter size-large is-resized\"><img loading=\"lazy\" decoding=\"async\" src=\"https:\/\/nassasilhouette.org\/wp-content\/uploads\/2022\/03\/Smallbore-Banner-2-1024x369.png\" alt=\"\" class=\"wp-image-10654\" width=\"1024\" height=\"369\" srcset=\"https:\/\/nassasilhouette.org\/wp-content\/uploads\/2022\/03\/Smallbore-Banner-2-1024x369.png 1024w, https:\/\/nassasilhouette.org\/wp-content\/uploads\/2022\/03\/Smallbore-Banner-2-300x108.png 300w, https:\/\/nassasilhouette.org\/wp-content\/uploads\/2022\/03\/Smallbore-Banner-2-768x277.png 768w, https:\/\/nassasilhouette.org\/wp-content\/uploads\/2022\/03\/Smallbore-Banner-2-1536x553.png 1536w, https:\/\/nassasilhouette.org\/wp-content\/uploads\/2022\/03\/Smallbore-Banner-2-2048x738.png 2048w\" sizes=\"auto, (max-width: 1024px) 100vw, 1024px\" \/><\/figure>\n<\/div>\n\n\n<p>Con la popularidad de los rifles de caza de peque\u00f1o calibre .22lr, era inevitable que la disciplina de silueta con rifle de peque\u00f1o calibre siguiera a la de alta potencia y acabara populariz\u00e1ndose. De forma similar a la disciplina &#8220;Rifle de alta potencia&#8221;, existe una clase &#8220;Rifle est\u00e1ndar&#8221; y &#8220;Rifle de caza&#8221; Smallbore Rifle sancionada por la NRA y la SRAC. En M\u00e9xico, existe una clase de &#8220;Rifle Est\u00e1ndar&#8221; as\u00ed como una clase de rifle ligero de caza con miras de hoja met\u00e1lica que utiliza blancos m\u00e1s grandes.  <\/p>\n\n\n\n<p class=\"has-text-align-center has-vivid-cyan-blue-color has-text-color\"><strong>Para obtener m\u00e1s informaci\u00f3n sobre la munici\u00f3n y los visores Silhouette Smallbore, haga clic en los enlaces siguientes:<\/strong><\/p>\n\n\n\n<div class=\"wp-block-columns is-layout-flex wp-container-core-columns-is-layout-9d6595d7 wp-block-columns-is-layout-flex\">\n<div class=\"wp-block-column is-layout-flow wp-block-column-is-layout-flow\">\n<div class=\"wp-block-buttons is-content-justification-center is-layout-flex wp-container-core-buttons-is-layout-16018d1d wp-block-buttons-is-layout-flex\">\n<div class=\"wp-block-button has-custom-font-size has-extra-small-font-size\"><a class=\"wp-block-button__link has-vivid-cyan-blue-background-color has-background wp-element-button\">MUNICI\u00d3N SILHOUETTE SMALLBORE<\/a><\/div>\n<\/div>\n<\/div>\n\n\n\n<div class=\"wp-block-column is-layout-flow wp-block-column-is-layout-flow\">\n<div class=\"wp-block-buttons is-content-justification-center is-layout-flex wp-container-core-buttons-is-layout-16018d1d wp-block-buttons-is-layout-flex\">\n<div class=\"wp-block-button has-custom-font-size has-extra-small-font-size\"><a class=\"wp-block-button__link has-vivid-cyan-blue-background-color has-background wp-element-button\" href=\"https:\/\/nassasilhouette.org\/about-us\/competition-basics\/silhouette-scopes\/\"><strong>VISORES SILHOUETTE<\/strong><\/a><\/div>\n<\/div>\n<\/div>\n<\/div>\n\n\n\n<div style=\"height:50px\" aria-hidden=\"true\" class=\"wp-block-spacer\"><\/div>\n\n\n<div class=\"wp-block-image\">\n<figure class=\"aligncenter size-large\"><img loading=\"lazy\" decoding=\"async\" width=\"1024\" height=\"71\" src=\"https:\/\/nassasilhouette.org\/wp-content\/uploads\/2021\/12\/SB-Paragraph-Separators-1024x71.png\" alt=\"\" class=\"wp-image-8149\" srcset=\"https:\/\/nassasilhouette.org\/wp-content\/uploads\/2021\/12\/SB-Paragraph-Separators-1024x71.png 1024w, https:\/\/nassasilhouette.org\/wp-content\/uploads\/2021\/12\/SB-Paragraph-Separators-300x21.png 300w, https:\/\/nassasilhouette.org\/wp-content\/uploads\/2021\/12\/SB-Paragraph-Separators-768x53.png 768w, https:\/\/nassasilhouette.org\/wp-content\/uploads\/2021\/12\/SB-Paragraph-Separators-1536x107.png 1536w, https:\/\/nassasilhouette.org\/wp-content\/uploads\/2021\/12\/SB-Paragraph-Separators-2048x142.png 2048w\" sizes=\"auto, (max-width: 1024px) 100vw, 1024px\" \/><\/figure>\n<\/div>\n\n\n<div style=\"height:50px\" aria-hidden=\"true\" class=\"wp-block-spacer\"><\/div>\n\n\n\n<h2 class=\"has-text-align-center wp-block-heading\"><strong>Evoluci\u00f3n de los rifles de silueta de peque\u00f1o calibre<\/strong><\/h2>\n\n\n\n<div style=\"height:30px\" aria-hidden=\"true\" class=\"wp-block-spacer\"><\/div>\n\n\n\n<div class=\"wp-block-columns is-layout-flex wp-container-core-columns-is-layout-9d6595d7 wp-block-columns-is-layout-flex\">\n<div class=\"wp-block-column is-layout-flow wp-block-column-is-layout-flow\"><div class=\"wp-block-image\">\n<figure class=\"aligncenter size-large is-resized\"><img loading=\"lazy\" decoding=\"async\" src=\"https:\/\/nassasilhouette.org\/wp-content\/uploads\/2023\/01\/UNDER-CONSTRUCTION-1024x497.jpg\" alt=\"\" class=\"wp-image-18439\" width=\"357\" height=\"171\"><\/figure>\n<\/div><\/div>\n\n\n\n<div class=\"wp-block-column is-layout-flow wp-block-column-is-layout-flow\">\n<p class=\"has-text-align-left has-text-color has-normal-font-size\" style=\"color:#ee0707\"><strong>Tenga paciencia con nosotros.<\/strong><\/p>\n\n\n\n<p class=\"has-text-align-left has-text-color has-normal-font-size\" style=\"color:#ee0707\"><strong>Estamos trabajando en esta secci\u00f3n tan r\u00e1pido como podemos.<\/strong><\/p>\n<\/div>\n<\/div>\n\n\n\n<p>(Comentarios sobre la cama de pilares de Wigger y las culatas de fibra de carbono)<\/p>\n\n\n\n<div style=\"height:50px\" aria-hidden=\"true\" class=\"wp-block-spacer\"><\/div>\n\n\n<div class=\"wp-block-image\">\n<figure class=\"aligncenter size-large\"><img loading=\"lazy\" decoding=\"async\" width=\"1024\" height=\"71\" src=\"https:\/\/nassasilhouette.org\/wp-content\/uploads\/2021\/12\/SB-Paragraph-Separators-1024x71.png\" alt=\"\" class=\"wp-image-8149\" srcset=\"https:\/\/nassasilhouette.org\/wp-content\/uploads\/2021\/12\/SB-Paragraph-Separators-1024x71.png 1024w, https:\/\/nassasilhouette.org\/wp-content\/uploads\/2021\/12\/SB-Paragraph-Separators-300x21.png 300w, https:\/\/nassasilhouette.org\/wp-content\/uploads\/2021\/12\/SB-Paragraph-Separators-768x53.png 768w, https:\/\/nassasilhouette.org\/wp-content\/uploads\/2021\/12\/SB-Paragraph-Separators-1536x107.png 1536w, https:\/\/nassasilhouette.org\/wp-content\/uploads\/2021\/12\/SB-Paragraph-Separators-2048x142.png 2048w\" sizes=\"auto, (max-width: 1024px) 100vw, 1024px\" \/><\/figure>\n<\/div>\n\n\n<div style=\"height:50px\" aria-hidden=\"true\" class=\"wp-block-spacer\"><\/div>\n\n\n\n<div style=\"height:30px\" aria-hidden=\"true\" class=\"wp-block-spacer\"><\/div>\n\n\n\n<h2 class=\"has-text-align-center wp-block-heading\"><meta charset=\"utf-8\"><strong>Reglamento del rifle de peque\u00f1o calibre de silueta<\/strong><\/h2>\n\n\n\n<div class=\"wp-block-columns is-layout-flex wp-container-core-columns-is-layout-9d6595d7 wp-block-columns-is-layout-flex\">\n<div class=\"wp-block-column is-layout-flow wp-block-column-is-layout-flow\"><div class=\"wp-block-image\">\n<figure class=\"aligncenter size-large is-resized\"><img loading=\"lazy\" decoding=\"async\" src=\"https:\/\/nassasilhouette.org\/wp-content\/uploads\/2023\/01\/UNDER-CONSTRUCTION-1024x497.jpg\" alt=\"\" class=\"wp-image-18439\" width=\"357\" height=\"171\"><\/figure>\n<\/div><\/div>\n\n\n\n<div class=\"wp-block-column is-layout-flow wp-block-column-is-layout-flow\">\n<p class=\"has-text-align-left has-text-color has-normal-font-size\" style=\"color:#ee0707\"><strong>Tenga paciencia con nosotros.<\/strong><\/p>\n\n\n\n<p class=\"has-text-align-left has-text-color has-normal-font-size\" style=\"color:#ee0707\"><strong>Estamos trabajando en esta secci\u00f3n tan r\u00e1pido como podemos.<\/strong><\/p>\n<\/div>\n<\/div>\n\n\n\n<p><meta charset=\"utf-8\">Dentro de los EE.UU., el NRA Silhouette Rifle Rulebook establece normas uniformes para las competiciones de silueta con ca\u00f1\u00f3n peque\u00f1o sancionadas por la NRA. La Silhouette Rifle Association of Canada (SRAC) utiliza el NRA Silhouette Rifle Rulebook para los partidos sancionados.  <\/p>\n\n\n\n<p class=\"has-text-color\" style=\"color:#ed0a0a\"><strong>(Comentarios sobre el Rifle Est\u00e1ndar de M\u00e9xico)<\/strong><\/p>\n\n\n\n<div style=\"height:30px\" aria-hidden=\"true\" class=\"wp-block-spacer\"><\/div>\n\n\n\n<p><strong>\n  <u>Rifle de silueta Smallbore<\/u>\n<\/strong>:<\/p>\n\n\n\n<p>El Rifle de Silueta Smallbore es id\u00e9ntico a la descripci\u00f3n del Rifle de Silueta de Alta Potencia, excepto que el rifle debe estar recargado s\u00f3lo para cartuchos de calibre .22 cortos, largos o largos rimfire cargados de f\u00e1brica. No se permiten las cargas calientes, como los &#8220;Stingers&#8221;.<\/p>\n\n\n<div class=\"wp-block-image\">\n<figure class=\"aligncenter size-large\"><img loading=\"lazy\" decoding=\"async\" width=\"1024\" height=\"313\" src=\"https:\/\/nassasilhouette.org\/wp-content\/uploads\/2022\/03\/Anschutz-54.18-4-1024x313.png\" alt=\"\" class=\"wp-image-10672\" srcset=\"https:\/\/nassasilhouette.org\/wp-content\/uploads\/2022\/03\/Anschutz-54.18-4-1024x313.png 1024w, https:\/\/nassasilhouette.org\/wp-content\/uploads\/2022\/03\/Anschutz-54.18-4-300x92.png 300w, https:\/\/nassasilhouette.org\/wp-content\/uploads\/2022\/03\/Anschutz-54.18-4-768x234.png 768w, https:\/\/nassasilhouette.org\/wp-content\/uploads\/2022\/03\/Anschutz-54.18-4-1536x469.png 1536w, https:\/\/nassasilhouette.org\/wp-content\/uploads\/2022\/03\/Anschutz-54.18-4-2048x625.png 2048w\" sizes=\"auto, (max-width: 1024px) 100vw, 1024px\" \/><\/figure>\n<\/div>\n\n\n<div style=\"height:30px\" aria-hidden=\"true\" class=\"wp-block-spacer\"><\/div>\n\n\n\n<p><strong>\n  <u>Rifle Smallbore Hunter Silhouette<\/u>\n<\/strong>:<\/p>\n\n\n\n<p>El Rifle de Caza de Siluetas con Ca\u00f1\u00f3n Peque\u00f1o es id\u00e9ntico a la descripci\u00f3n del Rifle de Caza de Siluetas de Alta Potencia, excepto que (a) el fusil puede ser de carga \u00fanica, (b) el peso no puede superar las 8 libras y media, (c) el rifle deber\u00e1 estar recargado \u00fanicamente para cartuchos cortos, largos o largos de percusi\u00f3n anular del calibre 22 cargados de f\u00e1brica, y (d) No se permiten volteadores de barriles ni pesos adicionales. \u00bfCa\u00f1\u00f3n c\u00f3nico?<\/p>\n\n\n<div class=\"wp-block-image\">\n<figure class=\"aligncenter size-large\"><img loading=\"lazy\" decoding=\"async\" width=\"1024\" height=\"279\" src=\"https:\/\/nassasilhouette.org\/wp-content\/uploads\/2022\/03\/Anschutz-Hunter-White-Background-1024x279.png\" alt=\"\" class=\"wp-image-10658\" srcset=\"https:\/\/nassasilhouette.org\/wp-content\/uploads\/2022\/03\/Anschutz-Hunter-White-Background-1024x279.png 1024w, https:\/\/nassasilhouette.org\/wp-content\/uploads\/2022\/03\/Anschutz-Hunter-White-Background-300x82.png 300w, https:\/\/nassasilhouette.org\/wp-content\/uploads\/2022\/03\/Anschutz-Hunter-White-Background-768x209.png 768w, https:\/\/nassasilhouette.org\/wp-content\/uploads\/2022\/03\/Anschutz-Hunter-White-Background-1536x419.png 1536w, https:\/\/nassasilhouette.org\/wp-content\/uploads\/2022\/03\/Anschutz-Hunter-White-Background-2048x558.png 2048w\" sizes=\"auto, (max-width: 1024px) 100vw, 1024px\" \/><\/figure>\n<\/div>\n\n\n<p class=\"has-text-align-center has-vivid-cyan-blue-color has-text-color\"><strong>Si tiene m\u00e1s preguntas, por favor haga clic en el enlace de abajo al Libro Oficial de Reglas de Silueta de Rifle de la NRA (Revisado en Enero de 2020).<\/strong><\/p>\n\n\n\n<div class=\"wp-block-file aligncenter\"><a id=\"wp-block-file--media-7c38b0fe-734d-4d02-b7e6-ef05aaf09004\" href=\"https:\/\/nassasilhouette.org\/wp-content\/uploads\/2023\/01\/NRA-Silhouette-Rifle-Rulebook-Jan-2020.pdf\">\n  <strong>NRA-Silhouette-Rifle-Rulebook-Enero-2020<\/strong>\n<\/a><a href=\"https:\/\/nassasilhouette.org\/wp-content\/uploads\/2023\/01\/NRA-Silhouette-Rifle-Rulebook-Jan-2020.pdf\" class=\"wp-block-file__button wp-element-button\" download=\"\" aria-describedby=\"wp-block-file--media-7c38b0fe-734d-4d02-b7e6-ef05aaf09004\">Descargar<\/a><\/div>\n\n\n\n<hr class=\"wp-block-separator has-alpha-channel-opacity\">\n\n\n\n<div style=\"height:50px\" aria-hidden=\"true\" class=\"wp-block-spacer\"><\/div>\n\n\n<div class=\"wp-block-image\">\n<figure class=\"aligncenter size-large\"><img loading=\"lazy\" decoding=\"async\" width=\"1024\" height=\"71\" src=\"https:\/\/nassasilhouette.org\/wp-content\/uploads\/2021\/12\/SB-Paragraph-Separators-1024x71.png\" alt=\"\" class=\"wp-image-8149\" srcset=\"https:\/\/nassasilhouette.org\/wp-content\/uploads\/2021\/12\/SB-Paragraph-Separators-1024x71.png 1024w, https:\/\/nassasilhouette.org\/wp-content\/uploads\/2021\/12\/SB-Paragraph-Separators-300x21.png 300w, https:\/\/nassasilhouette.org\/wp-content\/uploads\/2021\/12\/SB-Paragraph-Separators-768x53.png 768w, https:\/\/nassasilhouette.org\/wp-content\/uploads\/2021\/12\/SB-Paragraph-Separators-1536x107.png 1536w, https:\/\/nassasilhouette.org\/wp-content\/uploads\/2021\/12\/SB-Paragraph-Separators-2048x142.png 2048w\" sizes=\"auto, (max-width: 1024px) 100vw, 1024px\" \/><\/figure>\n<\/div>\n\n\n<div style=\"height:50px\" aria-hidden=\"true\" class=\"wp-block-spacer\"><\/div>\n\n\n\n<h2 class=\"has-text-align-center wp-block-heading\"><meta charset=\"utf-8\"><strong>Rifles Smallbore para Competici\u00f3n de Silueta<\/strong><\/h2>\n\n\n\n<div style=\"height:30px\" aria-hidden=\"true\" class=\"wp-block-spacer\"><\/div>\n\n\n\n<div class=\"wp-block-columns is-layout-flex wp-container-core-columns-is-layout-9d6595d7 wp-block-columns-is-layout-flex\">\n<div class=\"wp-block-column is-layout-flow wp-block-column-is-layout-flow\"><div class=\"wp-block-image\">\n<figure class=\"aligncenter size-large is-resized\"><img loading=\"lazy\" decoding=\"async\" src=\"https:\/\/nassasilhouette.org\/wp-content\/uploads\/2023\/01\/UNDER-CONSTRUCTION-1024x497.jpg\" alt=\"\" class=\"wp-image-18439\" width=\"357\" height=\"171\"><\/figure>\n<\/div><\/div>\n\n\n\n<div class=\"wp-block-column is-layout-flow wp-block-column-is-layout-flow\">\n<p class=\"has-text-align-left has-text-color has-normal-font-size\" style=\"color:#ee0707\"><strong>Tenga paciencia con nosotros.<\/strong><\/p>\n\n\n\n<p class=\"has-text-align-left has-text-color has-normal-font-size\" style=\"color:#ee0707\"><strong>Estamos trabajando en esta secci\u00f3n tan r\u00e1pido como podemos.<\/strong><\/p>\n<\/div>\n<\/div>\n\n\n\n<p class=\"has-text-align-left\">2021 NRA SB National Championship Survey &#8211; Fabricantes de rifles<\/p>\n\n\n\n<div class=\"wp-block-columns is-layout-flex wp-container-core-columns-is-layout-9d6595d7 wp-block-columns-is-layout-flex\">\n<div class=\"wp-block-column is-layout-flow wp-block-column-is-layout-flow\">\n<figure class=\"wp-block-image size-large\"><img loading=\"lazy\" decoding=\"async\" width=\"642\" height=\"1024\" src=\"https:\/\/nassasilhouette.org\/wp-content\/uploads\/2021\/11\/Standard-Rifle-Survey-642x1024.png\" alt=\"\" class=\"wp-image-6849\" srcset=\"https:\/\/nassasilhouette.org\/wp-content\/uploads\/2021\/11\/Standard-Rifle-Survey-642x1024.png 642w, https:\/\/nassasilhouette.org\/wp-content\/uploads\/2021\/11\/Standard-Rifle-Survey-188x300.png 188w, https:\/\/nassasilhouette.org\/wp-content\/uploads\/2021\/11\/Standard-Rifle-Survey-768x1225.png 768w, https:\/\/nassasilhouette.org\/wp-content\/uploads\/2021\/11\/Standard-Rifle-Survey-963x1536.png 963w, https:\/\/nassasilhouette.org\/wp-content\/uploads\/2021\/11\/Standard-Rifle-Survey-1284x2048.png 1284w, https:\/\/nassasilhouette.org\/wp-content\/uploads\/2021\/11\/Standard-Rifle-Survey.png 1911w\" sizes=\"auto, (max-width: 642px) 100vw, 642px\" \/><\/figure>\n<\/div>\n\n\n\n<div class=\"wp-block-column is-layout-flow wp-block-column-is-layout-flow\">\n<figure class=\"wp-block-image size-large\"><img loading=\"lazy\" decoding=\"async\" width=\"740\" height=\"1024\" src=\"https:\/\/nassasilhouette.org\/wp-content\/uploads\/2021\/11\/Smallbore-Hunter-Survey-1-740x1024.png\" alt=\"\" class=\"wp-image-6851\" srcset=\"https:\/\/nassasilhouette.org\/wp-content\/uploads\/2021\/11\/Smallbore-Hunter-Survey-1-740x1024.png 740w, https:\/\/nassasilhouette.org\/wp-content\/uploads\/2021\/11\/Smallbore-Hunter-Survey-1-217x300.png 217w, https:\/\/nassasilhouette.org\/wp-content\/uploads\/2021\/11\/Smallbore-Hunter-Survey-1-768x1062.png 768w, https:\/\/nassasilhouette.org\/wp-content\/uploads\/2021\/11\/Smallbore-Hunter-Survey-1-1111x1536.png 1111w, https:\/\/nassasilhouette.org\/wp-content\/uploads\/2021\/11\/Smallbore-Hunter-Survey-1-1481x2048.png 1481w, https:\/\/nassasilhouette.org\/wp-content\/uploads\/2021\/11\/Smallbore-Hunter-Survey-1.png 1925w\" sizes=\"auto, (max-width: 740px) 100vw, 740px\" \/><\/figure>\n<\/div>\n\n\n\n<div class=\"wp-block-column is-layout-flow wp-block-column-is-layout-flow\"><\/div>\n<\/div>\n\n\n\n<hr class=\"wp-block-separator has-alpha-channel-opacity\">\n","protected":false},"excerpt":{"rendered":"<p>Con la popularidad de los rifles de caza de peque\u00f1o calibre .22lr, era inevitable que la disciplina de silueta con rifle de peque\u00f1o calibre siguiera a la de alta potencia y acabara populariz\u00e1ndose. De forma similar a la disciplina &#8220;Rifle de alta potencia&#8221;, existe una clase &#8220;Rifle est\u00e1ndar&#8221; y &#8220;Rifle de caza&#8221; Smallbore Rifle sancionada&hellip; <a class=\"more-link\" href=\"https:\/\/nassasilhouette.org\/es-mx\/sobre-nosotros\/bases-del-concurso\/rifles-de-pequeno-calibre\/\">Continue reading <span class=\"screen-reader-text\">Rifles de peque\u00f1o calibre<\/span><\/a><\/p>\n","protected":false},"author":4,"featured_media":0,"parent":19530,"menu_order":0,"comment_status":"closed","ping_status":"closed","template":"","meta":{"_acf_changed":false,"footnotes":""},"class_list":["post-19524","page","type-page","status-publish","hentry","entry"],"acf":[],"rttpg_featured_image_url":null,"rttpg_author":{"display_name":"Chris Cawthorne","author_link":"https:\/\/nassasilhouette.org\/es-mx\/author\/cecawthorneyahoo-com\/"},"rttpg_comment":0,"rttpg_category":" <a href=\"https:\/\/nassasilhouette.org\/es-mx\/?taxonomy=translation_priority&#038;term=optional-es-mx\" rel=\"tag\">Optional<\/a>","rttpg_excerpt":"Con la popularidad de los rifles de caza de peque\u00f1o calibre .22lr, era inevitable que la disciplina de silueta con rifle de peque\u00f1o calibre siguiera a la de alta potencia y acabara populariz\u00e1ndose. De forma similar a la disciplina &#8220;Rifle de alta potencia&#8221;, existe una clase &#8220;Rifle est\u00e1ndar&#8221; y &#8220;Rifle de caza&#8221; Smallbore Rifle sancionada&hellip;&hellip;","_links":{"self":[{"href":"https:\/\/nassasilhouette.org\/es-mx\/wp-json\/wp\/v2\/pages\/19524","targetHints":{"allow":["GET"]}}],"collection":[{"href":"https:\/\/nassasilhouette.org\/es-mx\/wp-json\/wp\/v2\/pages"}],"about":[{"href":"https:\/\/nassasilhouette.org\/es-mx\/wp-json\/wp\/v2\/types\/page"}],"author":[{"embeddable":true,"href":"https:\/\/nassasilhouette.org\/es-mx\/wp-json\/wp\/v2\/users\/4"}],"replies":[{"embeddable":true,"href":"https:\/\/nassasilhouette.org\/es-mx\/wp-json\/wp\/v2\/comments?post=19524"}],"version-history":[{"count":0,"href":"https:\/\/nassasilhouette.org\/es-mx\/wp-json\/wp\/v2\/pages\/19524\/revisions"}],"up":[{"embeddable":true,"href":"https:\/\/nassasilhouette.org\/es-mx\/wp-json\/wp\/v2\/pages\/19530"}],"wp:attachment":[{"href":"https:\/\/nassasilhouette.org\/es-mx\/wp-json\/wp\/v2\/media?parent=19524"}],"curies":[{"name":"wp","href":"https:\/\/api.w.org\/{rel}","templated":true}]}}