{"id":19517,"date":"2021-11-20T18:07:58","date_gmt":"2021-11-21T00:07:58","guid":{"rendered":"https:\/\/nassasilhouette.org\/el-juego-mental\/"},"modified":"2021-11-20T18:07:58","modified_gmt":"2021-11-21T00:07:58","slug":"el-juego-mental","status":"publish","type":"page","link":"https:\/\/nassasilhouette.org\/es-mx\/biblioteca-tecnica-de-wigger\/blogs-de-la-nassa\/el-juego-mental\/","title":{"rendered":"El juego mental"},"content":{"rendered":"\n<figure class=\"wp-block-image size-large\"><img loading=\"lazy\" decoding=\"async\" width=\"1024\" height=\"389\" src=\"https:\/\/nassasilhouette.org\/wp-content\/uploads\/2021\/12\/The-Mind-Game-Banner-1024x389.jpg\" alt=\"\" class=\"wp-image-7558\" srcset=\"https:\/\/nassasilhouette.org\/wp-content\/uploads\/2021\/12\/The-Mind-Game-Banner-1024x389.jpg 1024w, https:\/\/nassasilhouette.org\/wp-content\/uploads\/2021\/12\/The-Mind-Game-Banner-300x114.jpg 300w, https:\/\/nassasilhouette.org\/wp-content\/uploads\/2021\/12\/The-Mind-Game-Banner-768x291.jpg 768w, https:\/\/nassasilhouette.org\/wp-content\/uploads\/2021\/12\/The-Mind-Game-Banner-1536x583.jpg 1536w, https:\/\/nassasilhouette.org\/wp-content\/uploads\/2021\/12\/The-Mind-Game-Banner-2048x777.jpg 2048w\" sizes=\"auto, (max-width: 1024px) 100vw, 1024px\" \/><\/figure>\n\n\n\n<div style=\"height:10px\" aria-hidden=\"true\" class=\"wp-block-spacer\"><\/div>\n\n\n\n<p>Dominio de <strong>\n  <em>El Juego Mental<\/em>\n<\/strong> es aprender a manejar y controlar la mente consciente (fuente de la presi\u00f3n del partido) y entrenar el tremendo poder de la mente subconsciente para ejecutar de forma consistente la secuencia de golpes. Todos los campeones de los distintos deportes de tiro han aprendido a dominar esta lucha de emociones y a canalizar a su favor tanto la ansiedad previa al partido como la presi\u00f3n del partido de campeonato.  <\/p>\n\n\n\n<p>En nuestra serie continua de <em>\n  <strong>Blogs sobre el juego mental<\/strong>\n<\/em>exploraremos muchas fuentes publicadas y experiencias de algunos de los mejores competidores de rifle y psic\u00f3logos deportivos en las diversas disciplinas de tiro deportivo.  <\/p>\n\n\n\n<blockquote class=\"wp-block-quote has-text-align-center has-extra-small-font-size is-layout-flow wp-block-quote-is-layout-flow\">\n<p>&#8220;Los ganadores est\u00e1n convencidos de que acabar\u00e1n primeros. Los dem\u00e1s esperan acabar primeros&#8221;<\/p>\n\n\n\n<p><\/p>\n\n\n\n<p class=\"has-extra-small-font-size\">Lanny Bassham, del libro &#8220;Con la mente puesta en ganar&#8221;<\/p>\n<\/blockquote>\n\n\n\n<blockquote class=\"wp-block-quote has-text-align-center has-extra-small-font-size is-layout-flow wp-block-quote-is-layout-flow\">\n<p>&#8220;Siempre pienso que el que tengo en la rec\u00e1mara es el primero. Disparo 40 partidos de un tiro cada uno, no un solo partido de 40&#8221;.<\/p>\n\n\n\n<p class=\"has-extra-small-font-size\">Agust\u00edn S\u00e1nchez, tirador de siluetas de clase mundial<\/p>\n<\/blockquote>\n\n\n\n<hr class=\"wp-block-separator has-alpha-channel-opacity\">\n\n\n\n\t\t\t\t<div class=\"blog-recent-posts-title\">\n\t\t\t\t\tOur Latest Posts\n\t\t\t\t<\/div>\n\t\t\t\t<ul class=\"blog-recent-posts\">\n\t\t\t\t\t\t\t\t  \t\t\t\t\t\n\t\t\t\t\t\t<li class=\"blog-recent-post\">\n\t\t\t\t\t\t\t<a class=\"blog-recent-post-link-group\" href=\"https:\/\/nassasilhouette.org\/es-mx\/formacion-parte-1\/\">\n\t\t\t\t\t\t\t\t<div class=\"blog-recent-post-link-image\" style=\"background-image:url(https:\/\/nassasilhouette.org\/wp-content\/uploads\/2022\/12\/Rifle-Silhoueyye-Report-Logo.jpg)\"><\/div>\n\t\t\t\t\t\t\t\t<div class=\"blog-recent-post-link-title\">Formaci\u00f3n, Parte 1<\/div>\n\t\t\t\t\t\t\t<\/a>\n\t\t\t\t\t\t\t\n\t\t\t\t\t\t\t\t\t\t\t\t\t\t\n\t\t\t\t\t\t\t<div class=\"blog-recent-post-author\">By Chris Cawthorne<\/div>\n\t\t\t\t\t\t\t<div class=\"blog-recent-post-date\"><i class=\"fa fa-calendar\"><\/i><span>February 14, 2023<\/span><\/div>\n\t\t\t\t\t\t\t<div class=\"blog-recent-post-excerpt\">\n\t\t\t\t\t\t\t\t<p>Crear h\u00e1bitos que conduzcan al \u00e9xito. &#8220;Si puedes esquivar una llave inglesa, puedes esquivar una pelota&#8221;. &#8211; Patches O&#8217;Houlihan \u00a1Feliz A\u00f1o Nuevo! Ya estamos casi a finales de enero, as\u00ed que probablemente sea un poco tarde para desear a todo el mundo un feliz a\u00f1o nuevo; pero este es el primer post de The Rifle&hellip; <a class=\"more-link\" href=\"https:\/\/nassasilhouette.org\/es-mx\/formacion-parte-1\/\">Continue reading <span class=\"screen-reader-text\">Formaci\u00f3n, Parte 1<\/span><\/a><\/p>\n\t\t\t\t\t\t\t<\/div>\n\t\t\t\t\t\t\t<a class=\"blog-recent-post-cta\" href=\"https:\/\/nassasilhouette.org\/es-mx\/formacion-parte-1\/\">Read More<\/a>\t\n\t\t\t\t\t\t<\/li>\n\n\t\t\t\t  \t\t\t\t\t\n\t\t\t\t\t\t<li class=\"blog-recent-post\">\n\t\t\t\t\t\t\t<a class=\"blog-recent-post-link-group\" href=\"https:\/\/nassasilhouette.org\/es-mx\/el-error-mas-comun\/\">\n\t\t\t\t\t\t\t\t<div class=\"blog-recent-post-link-image\" style=\"background-image:url(https:\/\/nassasilhouette.org\/wp-content\/uploads\/2022\/12\/Rifle-Silhoueyye-Report-Logo.jpg)\"><\/div>\n\t\t\t\t\t\t\t\t<div class=\"blog-recent-post-link-title\">El error m\u00e1s com\u00fan<\/div>\n\t\t\t\t\t\t\t<\/a>\n\t\t\t\t\t\t\t\n\t\t\t\t\t\t\t\t\t\t\t\t\t\t\n\t\t\t\t\t\t\t<div class=\"blog-recent-post-author\">By Chris Cawthorne<\/div>\n\t\t\t\t\t\t\t<div class=\"blog-recent-post-date\"><i class=\"fa fa-calendar\"><\/i><span>December 20, 2022<\/span><\/div>\n\t\t\t\t\t\t\t<div class=\"blog-recent-post-excerpt\">\n\t\t\t\t\t\t\t\t<p>&#8220;\u00a1No hablamos de Bruno!&#8221; &#8211; Encanto Seamos sinceros, hacer buenas puntuaciones en silueta es dif\u00edcil. No es algo que cualquiera pueda hacer bien sin m\u00e1s. Se necesita MUCHO trabajo y tiempo para desarrollar las habilidades f\u00edsicas y mentales necesarias para rendir bien en este deporte. Para dar en el blanco de una silueta, tenemos que&hellip; <a class=\"more-link\" href=\"https:\/\/nassasilhouette.org\/es-mx\/el-error-mas-comun\/\">Continue reading <span class=\"screen-reader-text\">El error m\u00e1s com\u00fan<\/span><\/a><\/p>\n\t\t\t\t\t\t\t<\/div>\n\t\t\t\t\t\t\t<a class=\"blog-recent-post-cta\" href=\"https:\/\/nassasilhouette.org\/es-mx\/el-error-mas-comun\/\">Read More<\/a>\t\n\t\t\t\t\t\t<\/li>\n\n\t\t\t\t  \t\t\t\t\t\n\t\t\t\t\t\t<li class=\"blog-recent-post\">\n\t\t\t\t\t\t\t<a class=\"blog-recent-post-link-group\" href=\"https:\/\/nassasilhouette.org\/es-mx\/nuevos-blogs-proximamente-4\/\">\n\t\t\t\t\t\t\t\t<div class=\"blog-recent-post-link-image\" style=\"background-image:url(https:\/\/nassasilhouette.org\/wp-content\/uploads\/2021\/12\/The-Memtal-Game-3.jpg)\"><\/div>\n\t\t\t\t\t\t\t\t<div class=\"blog-recent-post-link-title\">Nuevos blogs pr\u00f3ximamente<\/div>\n\t\t\t\t\t\t\t<\/a>\n\t\t\t\t\t\t\t\n\t\t\t\t\t\t\t\t\t\t\t\t\t\t\n\t\t\t\t\t\t\t<div class=\"blog-recent-post-author\">By Chris Cawthorne<\/div>\n\t\t\t\t\t\t\t<div class=\"blog-recent-post-date\"><i class=\"fa fa-calendar\"><\/i><span>November 25, 2021<\/span><\/div>\n\t\t\t\t\t\t\t<div class=\"blog-recent-post-excerpt\">\n\t\t\t\t\t\t\t\t<p>Tenga paciencia &#8211; nuestros blogueros est\u00e1n trabajando actualmente en la redacci\u00f3n de nuevos blogs&#8230;.<\/p>\n\t\t\t\t\t\t\t<\/div>\n\t\t\t\t\t\t\t<a class=\"blog-recent-post-cta\" href=\"https:\/\/nassasilhouette.org\/es-mx\/nuevos-blogs-proximamente-4\/\">Read More<\/a>\t\n\t\t\t\t\t\t<\/li>\n\n\t\t\t\t  \t\t\t\t  \n\t\t\t\t\t\t\t\t<\/ul>\n\n\t\t\t\t\n","protected":false},"excerpt":{"rendered":"<p>Dominio de El Juego Mental es aprender a manejar y controlar la mente consciente (fuente de la presi\u00f3n del partido) y entrenar el tremendo poder de la mente subconsciente para ejecutar de forma consistente la secuencia de golpes. Todos los campeones de los distintos deportes de tiro han aprendido a dominar esta lucha de emociones&hellip; <a class=\"more-link\" href=\"https:\/\/nassasilhouette.org\/es-mx\/nuevos-blogs-proximamente-4\/\">Continue reading <span class=\"screen-reader-text\">Nuevos blogs pr\u00f3ximamente<\/span><\/a><\/p>\n","protected":false},"author":4,"featured_media":0,"parent":19574,"menu_order":0,"comment_status":"closed","ping_status":"closed","template":"","meta":{"_acf_changed":false,"footnotes":""},"class_list":["post-19517","page","type-page","status-publish","hentry","entry"],"acf":[],"rttpg_featured_image_url":null,"rttpg_author":{"display_name":"Chris Cawthorne","author_link":"https:\/\/nassasilhouette.org\/es-mx\/author\/cecawthorneyahoo-com\/"},"rttpg_comment":0,"rttpg_category":"","rttpg_excerpt":"Dominio de El Juego Mental es aprender a manejar y controlar la mente consciente (fuente de la presi\u00f3n del partido) y entrenar el tremendo poder de la mente subconsciente para ejecutar de forma consistente la secuencia de golpes. Todos los campeones de los distintos deportes de tiro han aprendido a dominar esta lucha de emociones&hellip;&hellip;","_links":{"self":[{"href":"https:\/\/nassasilhouette.org\/es-mx\/wp-json\/wp\/v2\/pages\/19517","targetHints":{"allow":["GET"]}}],"collection":[{"href":"https:\/\/nassasilhouette.org\/es-mx\/wp-json\/wp\/v2\/pages"}],"about":[{"href":"https:\/\/nassasilhouette.org\/es-mx\/wp-json\/wp\/v2\/types\/page"}],"author":[{"embeddable":true,"href":"https:\/\/nassasilhouette.org\/es-mx\/wp-json\/wp\/v2\/users\/4"}],"replies":[{"embeddable":true,"href":"https:\/\/nassasilhouette.org\/es-mx\/wp-json\/wp\/v2\/comments?post=19517"}],"version-history":[{"count":0,"href":"https:\/\/nassasilhouette.org\/es-mx\/wp-json\/wp\/v2\/pages\/19517\/revisions"}],"up":[{"embeddable":true,"href":"https:\/\/nassasilhouette.org\/es-mx\/wp-json\/wp\/v2\/pages\/19574"}],"wp:attachment":[{"href":"https:\/\/nassasilhouette.org\/es-mx\/wp-json\/wp\/v2\/media?parent=19517"}],"curies":[{"name":"wp","href":"https:\/\/api.w.org\/{rel}","templated":true}]}}