{"id":19515,"date":"2021-11-24T12:09:04","date_gmt":"2021-11-24T18:09:04","guid":{"rendered":"https:\/\/nassasilhouette.org\/tiradores-de-siluetas-de-toledo-bend-zwolle-luisiana\/"},"modified":"2021-11-24T12:09:04","modified_gmt":"2021-11-24T18:09:04","slug":"tiradores-de-siluetas-de-toledo-bend-zwolle-luisiana","status":"publish","type":"page","link":"https:\/\/nassasilhouette.org\/es-mx\/regiones-clubes-nassa\/regiones-clubes-de-ee-uu\/region-centro-sur-clubes\/tiradores-de-siluetas-de-toledo-bend-zwolle-luisiana\/","title":{"rendered":"Tiradores de siluetas de Toledo Bend &#8211; Zwolle, Luisiana"},"content":{"rendered":"\n<div class=\"wp-block-media-text alignwide is-stacked-on-mobile\" style=\"grid-template-columns:20% auto\"><figure class=\"wp-block-media-text__media\"><img loading=\"lazy\" decoding=\"async\" width=\"1024\" height=\"708\" src=\"https:\/\/nassasilhouette.org\/wp-content\/uploads\/2021\/11\/Toledo-Bend-Logo-1024x708.jpg\" alt=\"\" class=\"wp-image-6428 size-full\" srcset=\"https:\/\/nassasilhouette.org\/wp-content\/uploads\/2021\/11\/Toledo-Bend-Logo-1024x708.jpg 1024w, https:\/\/nassasilhouette.org\/wp-content\/uploads\/2021\/11\/Toledo-Bend-Logo-300x207.jpg 300w, https:\/\/nassasilhouette.org\/wp-content\/uploads\/2021\/11\/Toledo-Bend-Logo-768x531.jpg 768w, https:\/\/nassasilhouette.org\/wp-content\/uploads\/2021\/11\/Toledo-Bend-Logo-1536x1062.jpg 1536w, https:\/\/nassasilhouette.org\/wp-content\/uploads\/2021\/11\/Toledo-Bend-Logo-2048x1416.jpg 2048w\" sizes=\"auto, (max-width: 1024px) 100vw, 1024px\" \/><\/figure><div class=\"wp-block-media-text__content\">\n<p>Los Tiradores de Silueta de Toledo Bend organizan los Campeonatos Anuales de Silueta de Alta Potencia de Luisiana en Zwolle, LA. Este combate tiene el honor de ser el combate de silhouette m\u00e1s largo de los Estados Unidos. En el a\u00f1o 2021 se celebr\u00f3 el 46\u00ba aniversario de este partido, iniciado en 1975. El campo de tiro es precioso y es conocido como el &#8220;Fenway Park de la silueta&#8221; entre los tiradores que asisten.<\/p>\n\n\n\n<p>Allen Murdock, Presidente de los Toledo Bend Silhouette Shooters, organiza este match hist\u00f3rico en la granja de &#8220;Bucky&#8221; Murdock en Zwolle. Su padre, LLoyd A. &#8220;Bucky&#8221; Murdock, fue el primero en poner en marcha esta competici\u00f3n a la que no se puede faltar, y algunos de los mejores tiradores de siluetas de nuestro deporte han pasado por esta l\u00ednea de tiro. Desde 1995, el espectacular Trofeo Lloyd A. &#8220;Bucky&#8221; Murdock lleva grabado el nombre del ganador del Match &#8220;Top Gun&#8221;. Se trata de una competici\u00f3n que deber\u00eda figurar en la lista de deseos de todo tirador serio de siluetas. La inscripci\u00f3n est\u00e1 restringida a los primeros 48 tiradores inscritos.<\/p>\n<\/div><\/div>\n\n\n\n<div style=\"height:49px\" aria-hidden=\"true\" class=\"wp-block-spacer\"><\/div>\n\n\n\n<p class=\"has-text-align-center has-medium-font-size\"><strong>Informaci\u00f3n de contacto<\/strong><\/p>\n\n\n\n<p><\/p>\n\n\n\n<figure class=\"wp-block-table is-style-stripes\"><table><tbody><tr><td><strong>P\u00e1gina web<\/strong>:<\/td><td>\n  <strong>No Website<\/strong>\n<\/td><\/tr><tr><td><strong>Facebook<\/strong>:<\/td><td>\n  <strong>No hay p\u00e1gina de Facebook<\/strong>\n<\/td><\/tr><tr><td><strong>Direcci\u00f3n comercial<\/strong>:<\/td><td>\n  <strong>Allen Murdock, P.O. Box 1560, Zwolle, LA 71486<\/strong>\n<\/td><\/tr><tr><td><strong>Ubicaci\u00f3n del campo<\/strong>:<\/td><td>\n  <strong>709 Bar Dr Road, Zwolle, LA 71486<\/strong>\n<\/td><\/tr><tr><td><strong>Contacto principal<\/strong>:<\/td><td>\n  <strong>Allen Murdock<\/strong>\n<\/td><\/tr><tr><td><strong>Tel\u00e9fono de contacto principal<\/strong><\/td><td>\n  <strong>504 390-8511<\/strong>\n<\/td><\/tr><tr><td><strong>Correo electr\u00f3nico de contacto principal<\/strong>:<\/td><td>\n  <strong>amurdock1958@aol.com<\/strong>\n<\/td><\/tr><tr><td>\n  <strong>Contacto secundario:<\/strong>\n<\/td><td>\n  <strong>Eric Harper<\/strong>\n<\/td><\/tr><tr><td>\n  <strong>Tel\u00e9fono de contacto secundario<\/strong>\n<\/td><td>\n  <strong>504 427-6274<\/strong>\n<\/td><\/tr><tr><td>\n  <strong>Correo electr\u00f3nico de contacto secundario:<\/strong>\n<\/td><td>\n  <strong>mmongo@bellsouth.net<\/strong>\n<\/td><\/tr><\/tbody><\/table><\/figure>\n\n\n\n<div style=\"height:30px\" aria-hidden=\"true\" class=\"wp-block-spacer\"><\/div>\n\n\n\n<p><\/p>\n\n\n\n<p class=\"has-text-align-center has-medium-font-size\"><meta charset=\"utf-8\"><strong>Instalaciones de silueta disponibles<\/strong><\/p>\n\n\n\n<p><\/p>\n\n\n\n<figure class=\"wp-block-table is-style-stripes\"><table><tbody><tr><td class=\"has-text-align-left\" data-align=\"left\"><strong>Disciplinas<\/strong>:<\/td><td><strong>Range Facilites<\/strong>:<\/td><\/tr><tr><td class=\"has-text-align-left\" data-align=\"left\">\n  <strong>Rifle Smallbore<\/strong>\n<\/td><td>\n  <strong>2 bancos de cada animal<\/strong>\n<\/td><\/tr><tr><td class=\"has-text-align-left\" data-align=\"left\">\n  <strong>Rifle de alta potencia<\/strong>\n<\/td><td>\n  <strong>No disponible<\/strong>\n<\/td><\/tr><tr><td class=\"has-text-align-left\" data-align=\"left\">\n  <strong>Rifle de palanca<\/strong>\n<\/td><td>\n  <strong>\n    <meta charset=\"utf-8\">\n    <strong>No disponible<\/strong>\n  <\/strong>\n<\/td><\/tr><tr><td class=\"has-text-align-left\" data-align=\"left\">\n  <strong>Rifle de aire comprimido<\/strong>\n<\/td><td>\n  <strong>\n    <meta charset=\"utf-8\">\n    <strong>No disponible<\/strong>\n  <\/strong>\n<\/td><\/tr><\/tbody><\/table><\/figure>\n\n\n\n<div style=\"height:30px\" aria-hidden=\"true\" class=\"wp-block-spacer\"><\/div>\n\n\n\n<p><\/p>\n\n\n\n<figure class=\"wp-block-gallery columns-1 is-cropped wp-block-gallery-1 is-layout-flex wp-block-gallery-is-layout-flex\"><ul class=\"blocks-gallery-grid\"><li class=\"blocks-gallery-item\"><figure><a href=\"https:\/\/nassasilhouette.org\/wp-content\/uploads\/2021\/11\/1-Firing-Line.jpg\"><img loading=\"lazy\" decoding=\"async\" width=\"960\" height=\"720\" src=\"https:\/\/nassasilhouette.org\/wp-content\/uploads\/2021\/11\/1-Firing-Line.jpg\" alt=\"\" data-id=\"6415\" data-full-url=\"https:\/\/nassasilhouette.org\/wp-content\/uploads\/2021\/11\/1-Firing-Line.jpg\" data-link=\"https:\/\/nassasilhouette.org\/?attachment_id=6415\" class=\"wp-image-6415\" srcset=\"https:\/\/nassasilhouette.org\/wp-content\/uploads\/2021\/11\/1-Firing-Line.jpg 960w, https:\/\/nassasilhouette.org\/wp-content\/uploads\/2021\/11\/1-Firing-Line-300x225.jpg 300w, https:\/\/nassasilhouette.org\/wp-content\/uploads\/2021\/11\/1-Firing-Line-768x576.jpg 768w\" sizes=\"auto, (max-width: 960px) 100vw, 960px\" \/><\/a><figcaption class=\"blocks-gallery-item__caption\">Campeonatos estatales de Silueta HP de Luisiana &#8211; &#8220;Bucky&#8221; Murdock Farm, Zwolle, LA<\/figcaption><\/figure><\/li><\/ul><figcaption class=\"blocks-gallery-caption\"> <\/figcaption><\/figure>\n\n\n\n<figure class=\"wp-block-gallery aligncenter columns-2 is-cropped wp-block-gallery-2 is-layout-flex wp-block-gallery-is-layout-flex\"><ul class=\"blocks-gallery-grid\"><li class=\"blocks-gallery-item\"><figure><a href=\"https:\/\/nassasilhouette.org\/wp-content\/uploads\/2021\/11\/2-Our-Match-Hosts-768x1024.jpg\"><img loading=\"lazy\" decoding=\"async\" width=\"768\" height=\"1024\" src=\"https:\/\/nassasilhouette.org\/wp-content\/uploads\/2021\/11\/2-Our-Match-Hosts-768x1024.jpg\" alt=\"\" data-id=\"6416\" data-link=\"https:\/\/nassasilhouette.org\/?attachment_id=6416\" class=\"wp-image-6416\" srcset=\"https:\/\/nassasilhouette.org\/wp-content\/uploads\/2021\/11\/2-Our-Match-Hosts-768x1024.jpg 768w, https:\/\/nassasilhouette.org\/wp-content\/uploads\/2021\/11\/2-Our-Match-Hosts-225x300.jpg 225w, https:\/\/nassasilhouette.org\/wp-content\/uploads\/2021\/11\/2-Our-Match-Hosts-1152x1536.jpg 1152w, https:\/\/nassasilhouette.org\/wp-content\/uploads\/2021\/11\/2-Our-Match-Hosts-1536x2048.jpg 1536w, https:\/\/nassasilhouette.org\/wp-content\/uploads\/2021\/11\/2-Our-Match-Hosts-scaled.jpg 1920w\" sizes=\"auto, (max-width: 768px) 100vw, 768px\" \/><\/a><figcaption class=\"blocks-gallery-item__caption\">Anfitriones del partido &#8211; Allen Murdock, Phyllis Murdock &amp; Renee Bridges<\/figcaption><\/figure><\/li><li class=\"blocks-gallery-item\"><figure><a href=\"https:\/\/nassasilhouette.org\/wp-content\/uploads\/2021\/11\/3-Lloyd-A.-Bucky-Murdock-Trophy-scaled.jpg\"><img loading=\"lazy\" decoding=\"async\" width=\"1024\" height=\"768\" src=\"https:\/\/nassasilhouette.org\/wp-content\/uploads\/2021\/11\/3-Lloyd-A.-Bucky-Murdock-Trophy-1024x768.jpg\" alt=\"\" data-id=\"6417\" data-full-url=\"https:\/\/nassasilhouette.org\/wp-content\/uploads\/2021\/11\/3-Lloyd-A.-Bucky-Murdock-Trophy-scaled.jpg\" data-link=\"https:\/\/nassasilhouette.org\/?attachment_id=6417\" class=\"wp-image-6417\" srcset=\"https:\/\/nassasilhouette.org\/wp-content\/uploads\/2021\/11\/3-Lloyd-A.-Bucky-Murdock-Trophy-1024x768.jpg 1024w, https:\/\/nassasilhouette.org\/wp-content\/uploads\/2021\/11\/3-Lloyd-A.-Bucky-Murdock-Trophy-300x225.jpg 300w, https:\/\/nassasilhouette.org\/wp-content\/uploads\/2021\/11\/3-Lloyd-A.-Bucky-Murdock-Trophy-768x576.jpg 768w, https:\/\/nassasilhouette.org\/wp-content\/uploads\/2021\/11\/3-Lloyd-A.-Bucky-Murdock-Trophy-1536x1152.jpg 1536w, https:\/\/nassasilhouette.org\/wp-content\/uploads\/2021\/11\/3-Lloyd-A.-Bucky-Murdock-Trophy-2048x1536.jpg 2048w\" sizes=\"auto, (max-width: 1024px) 100vw, 1024px\" \/><\/a><figcaption class=\"blocks-gallery-item__caption\">Trofeo Top Gun LLoyd A. (Bucky) Murdock<\/figcaption><\/figure><\/li><\/ul><\/figure>\n\n\n\n<figure class=\"wp-block-gallery alignwide columns-2 is-cropped wp-block-gallery-3 is-layout-flex wp-block-gallery-is-layout-flex\"><ul class=\"blocks-gallery-grid\"><li class=\"blocks-gallery-item\"><figure><a href=\"https:\/\/nassasilhouette.org\/wp-content\/uploads\/2021\/11\/4-Zwolle-Range-1024x768.jpg\"><img loading=\"lazy\" decoding=\"async\" width=\"1024\" height=\"768\" src=\"https:\/\/nassasilhouette.org\/wp-content\/uploads\/2021\/11\/4-Zwolle-Range-1024x768.jpg\" alt=\"\" data-id=\"6418\" data-link=\"https:\/\/nassasilhouette.org\/?attachment_id=6418\" class=\"wp-image-6418\" srcset=\"https:\/\/nassasilhouette.org\/wp-content\/uploads\/2021\/11\/4-Zwolle-Range-1024x768.jpg 1024w, https:\/\/nassasilhouette.org\/wp-content\/uploads\/2021\/11\/4-Zwolle-Range-300x225.jpg 300w, https:\/\/nassasilhouette.org\/wp-content\/uploads\/2021\/11\/4-Zwolle-Range-768x576.jpg 768w, https:\/\/nassasilhouette.org\/wp-content\/uploads\/2021\/11\/4-Zwolle-Range-1536x1152.jpg 1536w, https:\/\/nassasilhouette.org\/wp-content\/uploads\/2021\/11\/4-Zwolle-Range-2048x1536.jpg 2048w\" sizes=\"auto, (max-width: 1024px) 100vw, 1024px\" \/><\/a><figcaption class=\"blocks-gallery-item__caption\">L\u00ednea de tiro de siluetas de alta potencia<\/figcaption><\/figure><\/li><li class=\"blocks-gallery-item\"><figure><a href=\"https:\/\/nassasilhouette.org\/wp-content\/uploads\/2021\/11\/5-Chicken-Bank.jpg\"><img loading=\"lazy\" decoding=\"async\" width=\"960\" height=\"720\" src=\"https:\/\/nassasilhouette.org\/wp-content\/uploads\/2021\/11\/5-Chicken-Bank.jpg\" alt=\"\" data-id=\"6419\" data-full-url=\"https:\/\/nassasilhouette.org\/wp-content\/uploads\/2021\/11\/5-Chicken-Bank.jpg\" data-link=\"https:\/\/nassasilhouette.org\/?attachment_id=6419\" class=\"wp-image-6419\" srcset=\"https:\/\/nassasilhouette.org\/wp-content\/uploads\/2021\/11\/5-Chicken-Bank.jpg 960w, https:\/\/nassasilhouette.org\/wp-content\/uploads\/2021\/11\/5-Chicken-Bank-300x225.jpg 300w, https:\/\/nassasilhouette.org\/wp-content\/uploads\/2021\/11\/5-Chicken-Bank-768x576.jpg 768w\" sizes=\"auto, (max-width: 960px) 100vw, 960px\" \/><\/a><figcaption class=\"blocks-gallery-item__caption\">Banco de pollos &#8211; 200 metros<\/figcaption><\/figure><\/li><\/ul><\/figure>\n\n\n\n<figure class=\"wp-block-gallery alignwide columns-2 is-cropped wp-block-gallery-4 is-layout-flex wp-block-gallery-is-layout-flex\"><ul class=\"blocks-gallery-grid\"><li class=\"blocks-gallery-item\"><figure><a href=\"https:\/\/nassasilhouette.org\/wp-content\/uploads\/2021\/11\/6-HP-Silhouette-Rifles-1024x768.jpg\"><img loading=\"lazy\" decoding=\"async\" width=\"1024\" height=\"768\" src=\"https:\/\/nassasilhouette.org\/wp-content\/uploads\/2021\/11\/6-HP-Silhouette-Rifles-1024x768.jpg\" alt=\"\" data-id=\"6420\" data-link=\"https:\/\/nassasilhouette.org\/?attachment_id=6420\" class=\"wp-image-6420\" srcset=\"https:\/\/nassasilhouette.org\/wp-content\/uploads\/2021\/11\/6-HP-Silhouette-Rifles-1024x768.jpg 1024w, https:\/\/nassasilhouette.org\/wp-content\/uploads\/2021\/11\/6-HP-Silhouette-Rifles-300x225.jpg 300w, https:\/\/nassasilhouette.org\/wp-content\/uploads\/2021\/11\/6-HP-Silhouette-Rifles-768x576.jpg 768w, https:\/\/nassasilhouette.org\/wp-content\/uploads\/2021\/11\/6-HP-Silhouette-Rifles-1536x1152.jpg 1536w, https:\/\/nassasilhouette.org\/wp-content\/uploads\/2021\/11\/6-HP-Silhouette-Rifles-2048x1536.jpg 2048w\" sizes=\"auto, (max-width: 1024px) 100vw, 1024px\" \/><\/a><figcaption class=\"blocks-gallery-item__caption\">Rack de rifles de alta potencia<\/figcaption><\/figure><\/li><li class=\"blocks-gallery-item\"><figure><a href=\"https:\/\/nassasilhouette.org\/wp-content\/uploads\/2021\/11\/7-View-From-Ram-Line.jpg\"><img loading=\"lazy\" decoding=\"async\" width=\"960\" height=\"720\" src=\"https:\/\/nassasilhouette.org\/wp-content\/uploads\/2021\/11\/7-View-From-Ram-Line.jpg\" alt=\"\" data-id=\"6421\" data-full-url=\"https:\/\/nassasilhouette.org\/wp-content\/uploads\/2021\/11\/7-View-From-Ram-Line.jpg\" data-link=\"https:\/\/nassasilhouette.org\/?attachment_id=6421\" class=\"wp-image-6421\" srcset=\"https:\/\/nassasilhouette.org\/wp-content\/uploads\/2021\/11\/7-View-From-Ram-Line.jpg 960w, https:\/\/nassasilhouette.org\/wp-content\/uploads\/2021\/11\/7-View-From-Ram-Line-300x225.jpg 300w, https:\/\/nassasilhouette.org\/wp-content\/uploads\/2021\/11\/7-View-From-Ram-Line-768x576.jpg 768w\" sizes=\"auto, (max-width: 960px) 100vw, 960px\" \/><\/a><figcaption class=\"blocks-gallery-item__caption\">Vista desde la l\u00ednea de carneros hasta la l\u00ednea de fuego<\/figcaption><\/figure><\/li><\/ul><\/figure>\n\n\n\n<figure class=\"wp-block-gallery alignwide columns-2 is-cropped wp-block-gallery-5 is-layout-flex wp-block-gallery-is-layout-flex\"><ul class=\"blocks-gallery-grid\"><li class=\"blocks-gallery-item\"><figure><a href=\"https:\/\/nassasilhouette.org\/wp-content\/uploads\/2021\/11\/8-IMG_5702-1024x768.jpg\"><img loading=\"lazy\" decoding=\"async\" width=\"1024\" height=\"768\" src=\"https:\/\/nassasilhouette.org\/wp-content\/uploads\/2021\/11\/8-IMG_5702-1024x768.jpg\" alt=\"\" data-id=\"6422\" data-link=\"https:\/\/nassasilhouette.org\/?attachment_id=6422\" class=\"wp-image-6422\" srcset=\"https:\/\/nassasilhouette.org\/wp-content\/uploads\/2021\/11\/8-IMG_5702-1024x768.jpg 1024w, https:\/\/nassasilhouette.org\/wp-content\/uploads\/2021\/11\/8-IMG_5702-300x225.jpg 300w, https:\/\/nassasilhouette.org\/wp-content\/uploads\/2021\/11\/8-IMG_5702-768x576.jpg 768w, https:\/\/nassasilhouette.org\/wp-content\/uploads\/2021\/11\/8-IMG_5702-1536x1152.jpg 1536w, https:\/\/nassasilhouette.org\/wp-content\/uploads\/2021\/11\/8-IMG_5702-2048x1536.jpg 2048w\" sizes=\"auto, (max-width: 1024px) 100vw, 1024px\" \/><\/a><figcaption class=\"blocks-gallery-item__caption\">Zona de preparaci\u00f3n detr\u00e1s de la l\u00ednea de fuego<\/figcaption><\/figure><\/li><li class=\"blocks-gallery-item\"><figure><a href=\"https:\/\/nassasilhouette.org\/wp-content\/uploads\/2021\/11\/9-Stat-Office-Awards-scaled.jpg\"><img loading=\"lazy\" decoding=\"async\" width=\"1024\" height=\"768\" src=\"https:\/\/nassasilhouette.org\/wp-content\/uploads\/2021\/11\/9-Stat-Office-Awards-1024x768.jpg\" alt=\"\" data-id=\"6423\" data-full-url=\"https:\/\/nassasilhouette.org\/wp-content\/uploads\/2021\/11\/9-Stat-Office-Awards-scaled.jpg\" data-link=\"https:\/\/nassasilhouette.org\/?attachment_id=6423\" class=\"wp-image-6423\" srcset=\"https:\/\/nassasilhouette.org\/wp-content\/uploads\/2021\/11\/9-Stat-Office-Awards-1024x768.jpg 1024w, https:\/\/nassasilhouette.org\/wp-content\/uploads\/2021\/11\/9-Stat-Office-Awards-300x225.jpg 300w, https:\/\/nassasilhouette.org\/wp-content\/uploads\/2021\/11\/9-Stat-Office-Awards-768x576.jpg 768w, https:\/\/nassasilhouette.org\/wp-content\/uploads\/2021\/11\/9-Stat-Office-Awards-1536x1152.jpg 1536w, https:\/\/nassasilhouette.org\/wp-content\/uploads\/2021\/11\/9-Stat-Office-Awards-2048x1536.jpg 2048w\" sizes=\"auto, (max-width: 1024px) 100vw, 1024px\" \/><\/a><figcaption class=\"blocks-gallery-item__caption\">Premios Stat Office y Match<\/figcaption><\/figure><\/li><\/ul><\/figure>\n\n\n\n<p class=\"has-text-align-center has-medium-font-size\"><\/p>\n","protected":false},"excerpt":{"rendered":"<p>Los Tiradores de Silueta de Toledo Bend organizan los Campeonatos Anuales de Silueta de Alta Potencia de Luisiana en Zwolle, LA. Este combate tiene el honor de ser el combate de silhouette m\u00e1s largo de los Estados Unidos. En el a\u00f1o 2021 se celebr\u00f3 el 46\u00ba aniversario de este partido, iniciado en 1975. El campo&hellip; <a class=\"more-link\" href=\"https:\/\/nassasilhouette.org\/es-mx\/regiones-clubes-nassa\/regiones-clubes-de-ee-uu\/region-centro-sur-clubes\/tiradores-de-siluetas-de-toledo-bend-zwolle-luisiana\/\">Continue reading <span class=\"screen-reader-text\">Tiradores de siluetas de Toledo Bend &#8211; Zwolle, Luisiana<\/span><\/a><\/p>\n","protected":false},"author":4,"featured_media":0,"parent":19582,"menu_order":0,"comment_status":"closed","ping_status":"closed","template":"","meta":{"_acf_changed":false,"footnotes":""},"class_list":["post-19515","page","type-page","status-publish","hentry","entry"],"acf":[],"rttpg_featured_image_url":null,"rttpg_author":{"display_name":"Chris Cawthorne","author_link":"https:\/\/nassasilhouette.org\/es-mx\/author\/cecawthorneyahoo-com\/"},"rttpg_comment":0,"rttpg_category":" <a href=\"https:\/\/nassasilhouette.org\/es-mx\/?taxonomy=translation_priority&#038;term=optional-es-mx\" rel=\"tag\">Optional<\/a>","rttpg_excerpt":"Los Tiradores de Silueta de Toledo Bend organizan los Campeonatos Anuales de Silueta de Alta Potencia de Luisiana en Zwolle, LA. Este combate tiene el honor de ser el combate de silhouette m\u00e1s largo de los Estados Unidos. En el a\u00f1o 2021 se celebr\u00f3 el 46\u00ba aniversario de este partido, iniciado en 1975. El campo&hellip;&hellip;","_links":{"self":[{"href":"https:\/\/nassasilhouette.org\/es-mx\/wp-json\/wp\/v2\/pages\/19515","targetHints":{"allow":["GET"]}}],"collection":[{"href":"https:\/\/nassasilhouette.org\/es-mx\/wp-json\/wp\/v2\/pages"}],"about":[{"href":"https:\/\/nassasilhouette.org\/es-mx\/wp-json\/wp\/v2\/types\/page"}],"author":[{"embeddable":true,"href":"https:\/\/nassasilhouette.org\/es-mx\/wp-json\/wp\/v2\/users\/4"}],"replies":[{"embeddable":true,"href":"https:\/\/nassasilhouette.org\/es-mx\/wp-json\/wp\/v2\/comments?post=19515"}],"version-history":[{"count":0,"href":"https:\/\/nassasilhouette.org\/es-mx\/wp-json\/wp\/v2\/pages\/19515\/revisions"}],"up":[{"embeddable":true,"href":"https:\/\/nassasilhouette.org\/es-mx\/wp-json\/wp\/v2\/pages\/19582"}],"wp:attachment":[{"href":"https:\/\/nassasilhouette.org\/es-mx\/wp-json\/wp\/v2\/media?parent=19515"}],"curies":[{"name":"wp","href":"https:\/\/api.w.org\/{rel}","templated":true}]}}