{"id":19513,"date":"2021-11-29T08:25:26","date_gmt":"2021-11-29T14:25:26","guid":{"rendered":"https:\/\/nassasilhouette.org\/visores-silhouette\/"},"modified":"2021-11-29T08:25:26","modified_gmt":"2021-11-29T14:25:26","slug":"visores-silhouette","status":"publish","type":"page","link":"https:\/\/nassasilhouette.org\/es-mx\/sobre-nosotros\/bases-del-concurso\/visores-silhouette\/","title":{"rendered":"Visores Silhouette"},"content":{"rendered":"<div class=\"wp-block-image\">\n<figure class=\"aligncenter size-large is-resized\"><img loading=\"lazy\" decoding=\"async\" src=\"https:\/\/nassasilhouette.org\/wp-content\/uploads\/2022\/12\/Under-Construction-Logo-1024x1008.jpg\" alt=\"\" class=\"wp-image-16800\" width=\"356\" height=\"350\" srcset=\"https:\/\/nassasilhouette.org\/wp-content\/uploads\/2022\/12\/Under-Construction-Logo-1024x1008.jpg 1024w, https:\/\/nassasilhouette.org\/wp-content\/uploads\/2022\/12\/Under-Construction-Logo-300x295.jpg 300w, https:\/\/nassasilhouette.org\/wp-content\/uploads\/2022\/12\/Under-Construction-Logo-768x756.jpg 768w, https:\/\/nassasilhouette.org\/wp-content\/uploads\/2022\/12\/Under-Construction-Logo.jpg 1494w\" sizes=\"auto, (max-width: 356px) 100vw, 356px\" \/><\/figure>\n<\/div>\n\n\n<p class=\"has-text-align-center has-text-color\" style=\"color:#f10a0a\"><strong>\u00a1Perdonen nuestra construcci\u00f3n!  <\/strong><\/p>\n\n\n\n<p class=\"has-text-align-center has-text-color\" style=\"color:#f10a0a\"><strong>No quer\u00edamos retrasar el lanzamiento de NASSA Launch porque esta p\u00e1gina no estuviera terminada<\/strong>.<\/p>\n\n\n\n<p class=\"has-text-align-center has-text-color\" style=\"color:#f10a0a\"><strong>Su Implementaci\u00f3n NASSA ha estado reuniendo toneladas de informaci\u00f3n sobre Silhouette Scopes y actualizar\u00e1 esta p\u00e1gina web en la primera mitad de 2023.<\/strong><\/p>\n\n\n\n<p class=\"has-text-align-center has-vivid-cyan-blue-color has-text-color\"><strong>Para m\u00e1s informaci\u00f3n sobre rifles Silhouette Smallbore, rifles Highpower y rifles de aire comprimido, haga clic en los siguientes enlaces:<\/strong><\/p>\n\n\n\n<div class=\"wp-block-columns is-layout-flex wp-container-core-columns-is-layout-9d6595d7 wp-block-columns-is-layout-flex\">\n<div class=\"wp-block-column is-layout-flow wp-block-column-is-layout-flow\">\n<div class=\"wp-block-buttons is-content-justification-center is-layout-flex wp-container-core-buttons-is-layout-16018d1d wp-block-buttons-is-layout-flex\">\n<div class=\"wp-block-button has-custom-font-size has-extra-small-font-size\"><a class=\"wp-block-button__link has-vivid-cyan-blue-background-color has-background wp-element-button\" href=\"https:\/\/nassasilhouette.org\/about-us\/competition-basics\/smallbore-rifle\/\"><strong>RIFLES DE PEQUE\u00d1O CALIBRE<\/strong><\/a><\/div>\n<\/div>\n<\/div>\n\n\n\n<div class=\"wp-block-column is-layout-flow wp-block-column-is-layout-flow\">\n<div class=\"wp-block-buttons is-content-justification-center is-layout-flex wp-container-core-buttons-is-layout-16018d1d wp-block-buttons-is-layout-flex\">\n<div class=\"wp-block-button has-custom-font-size has-extra-small-font-size\"><a class=\"wp-block-button__link has-vivid-cyan-blue-background-color has-background wp-element-button\"><strong>RIFLES DE ALTA POTENCIA<\/strong><\/a><\/div>\n<\/div>\n<\/div>\n\n\n\n<div class=\"wp-block-column is-layout-flow wp-block-column-is-layout-flow\">\n<div class=\"wp-block-buttons is-content-justification-center is-layout-flex wp-container-core-buttons-is-layout-16018d1d wp-block-buttons-is-layout-flex\">\n<div class=\"wp-block-button has-custom-font-size has-extra-small-font-size\"><a class=\"wp-block-button__link has-vivid-cyan-blue-background-color has-background wp-element-button\"><strong>RIFLES DE AIRE<\/strong><\/a><\/div>\n<\/div>\n<\/div>\n<\/div>\n\n\n\n<hr class=\"wp-block-separator has-alpha-channel-opacity\">\n\n\n<div class=\"wp-block-image\">\n<figure class=\"aligncenter size-large\"><img loading=\"lazy\" decoding=\"async\" width=\"1024\" height=\"62\" src=\"https:\/\/nassasilhouette.org\/wp-content\/uploads\/2021\/12\/HP-Paragraph-Separators-1-1024x62.png\" alt=\"\" class=\"wp-image-8145\" srcset=\"https:\/\/nassasilhouette.org\/wp-content\/uploads\/2021\/12\/HP-Paragraph-Separators-1-1024x62.png 1024w, https:\/\/nassasilhouette.org\/wp-content\/uploads\/2021\/12\/HP-Paragraph-Separators-1-300x18.png 300w, https:\/\/nassasilhouette.org\/wp-content\/uploads\/2021\/12\/HP-Paragraph-Separators-1-768x47.png 768w, https:\/\/nassasilhouette.org\/wp-content\/uploads\/2021\/12\/HP-Paragraph-Separators-1-1536x94.png 1536w, https:\/\/nassasilhouette.org\/wp-content\/uploads\/2021\/12\/HP-Paragraph-Separators-1-2048x125.png 2048w\" sizes=\"auto, (max-width: 1024px) 100vw, 1024px\" \/><\/figure>\n<\/div>\n\n\n<div style=\"height:50px\" aria-hidden=\"true\" class=\"wp-block-spacer\"><\/div>\n\n\n\n<h2 class=\"has-text-align-center wp-block-heading\"><strong>Evoluci\u00f3n de los visores Silhouette:<\/strong><\/h2>\n\n\n\n<div class=\"wp-block-columns is-layout-flex wp-container-core-columns-is-layout-9d6595d7 wp-block-columns-is-layout-flex\">\n<div class=\"wp-block-column is-layout-flow wp-block-column-is-layout-flow\"><div class=\"wp-block-image\">\n<figure class=\"aligncenter size-large is-resized\"><img loading=\"lazy\" decoding=\"async\" src=\"https:\/\/nassasilhouette.org\/wp-content\/uploads\/2023\/01\/UNDER-CONSTRUCTION-1024x497.jpg\" alt=\"\" class=\"wp-image-18439\" width=\"357\" height=\"171\"><\/figure>\n<\/div><\/div>\n\n\n\n<div class=\"wp-block-column is-layout-flow wp-block-column-is-layout-flow\">\n<p class=\"has-text-align-left has-text-color has-normal-font-size\" style=\"color:#ee0707\"><strong>Tenga paciencia con nosotros.<\/strong><\/p>\n\n\n\n<p class=\"has-text-align-left has-text-color has-normal-font-size\" style=\"color:#ee0707\"><strong>Estamos trabajando en esta secci\u00f3n tan r\u00e1pido como podemos.<\/strong><\/p>\n<\/div>\n<\/div>\n\n\n\n<div style=\"height:13px\" aria-hidden=\"true\" class=\"wp-block-spacer\"><\/div>\n\n\n\n<div class=\"wp-block-media-text alignwide is-stacked-on-mobile\" style=\"grid-template-columns:38% auto\"><figure class=\"wp-block-media-text__media\"><img loading=\"lazy\" decoding=\"async\" width=\"742\" height=\"1024\" src=\"https:\/\/nassasilhouette.org\/wp-content\/uploads\/2023\/01\/Weaver-Scope-Ad-Enhanced-742x1024.jpg\" alt=\"\" class=\"wp-image-18344 size-full\" srcset=\"https:\/\/nassasilhouette.org\/wp-content\/uploads\/2023\/01\/Weaver-Scope-Ad-Enhanced-742x1024.jpg 742w, https:\/\/nassasilhouette.org\/wp-content\/uploads\/2023\/01\/Weaver-Scope-Ad-Enhanced-217x300.jpg 217w, https:\/\/nassasilhouette.org\/wp-content\/uploads\/2023\/01\/Weaver-Scope-Ad-Enhanced-768x1061.jpg 768w, https:\/\/nassasilhouette.org\/wp-content\/uploads\/2023\/01\/Weaver-Scope-Ad-Enhanced-1112x1536.jpg 1112w, https:\/\/nassasilhouette.org\/wp-content\/uploads\/2023\/01\/Weaver-Scope-Ad-Enhanced-1483x2048.jpg 1483w, https:\/\/nassasilhouette.org\/wp-content\/uploads\/2023\/01\/Weaver-Scope-Ad-Enhanced-1568x2165.jpg 1568w, https:\/\/nassasilhouette.org\/wp-content\/uploads\/2023\/01\/Weaver-Scope-Ad-Enhanced-scaled.jpg 1854w\" sizes=\"auto, (max-width: 742px) 100vw, 742px\" \/><\/figure><div class=\"wp-block-media-text__content\">\n<p>(Comentarios)<\/p>\n<\/div><\/div>\n\n\n\n<hr class=\"wp-block-separator has-alpha-channel-opacity\">\n\n\n\n<div style=\"height:50px\" aria-hidden=\"true\" class=\"wp-block-spacer\"><\/div>\n\n\n\n<h2 class=\"has-text-align-center wp-block-heading\"><strong>\u00c1mbitos de competencia:<\/strong><\/h2>\n\n\n\n<div class=\"wp-block-columns is-layout-flex wp-container-core-columns-is-layout-9d6595d7 wp-block-columns-is-layout-flex\">\n<div class=\"wp-block-column is-layout-flow wp-block-column-is-layout-flow\"><div class=\"wp-block-image\">\n<figure class=\"aligncenter size-large is-resized\"><img loading=\"lazy\" decoding=\"async\" src=\"https:\/\/nassasilhouette.org\/wp-content\/uploads\/2023\/01\/UNDER-CONSTRUCTION-1024x497.jpg\" alt=\"\" class=\"wp-image-18439\" width=\"357\" height=\"171\"><\/figure>\n<\/div><\/div>\n\n\n\n<div class=\"wp-block-column is-layout-flow wp-block-column-is-layout-flow\">\n<p class=\"has-text-align-left has-text-color has-normal-font-size\" style=\"color:#ee0707\"><strong>Tenga paciencia con nosotros.<\/strong><\/p>\n\n\n\n<p class=\"has-text-align-left has-text-color has-normal-font-size\" style=\"color:#ee0707\"><strong>Estamos trabajando en esta secci\u00f3n tan r\u00e1pido como podemos.<\/strong><\/p>\n<\/div>\n<\/div>\n\n\n\n<p><meta charset=\"utf-8\"><\/p>\n\n\n\n<p><strong>2021 NRA SB National Championship Encuesta &#8211; Alcance Fabricantes<\/strong><\/p>\n\n\n\n<div class=\"wp-block-columns is-layout-flex wp-container-core-columns-is-layout-9d6595d7 wp-block-columns-is-layout-flex\">\n<div class=\"wp-block-column is-layout-flow wp-block-column-is-layout-flow\">\n<figure class=\"wp-block-image size-large\"><img loading=\"lazy\" decoding=\"async\" width=\"726\" height=\"1024\" src=\"https:\/\/nassasilhouette.org\/wp-content\/uploads\/2021\/11\/Scopes-SB-Standard-Rifle-726x1024.png\" alt=\"\" class=\"wp-image-6870\" srcset=\"https:\/\/nassasilhouette.org\/wp-content\/uploads\/2021\/11\/Scopes-SB-Standard-Rifle-726x1024.png 726w, https:\/\/nassasilhouette.org\/wp-content\/uploads\/2021\/11\/Scopes-SB-Standard-Rifle-213x300.png 213w, https:\/\/nassasilhouette.org\/wp-content\/uploads\/2021\/11\/Scopes-SB-Standard-Rifle-768x1083.png 768w, https:\/\/nassasilhouette.org\/wp-content\/uploads\/2021\/11\/Scopes-SB-Standard-Rifle-1089x1536.png 1089w, https:\/\/nassasilhouette.org\/wp-content\/uploads\/2021\/11\/Scopes-SB-Standard-Rifle-1452x2048.png 1452w, https:\/\/nassasilhouette.org\/wp-content\/uploads\/2021\/11\/Scopes-SB-Standard-Rifle.png 1911w\" sizes=\"auto, (max-width: 726px) 100vw, 726px\" \/><\/figure>\n<\/div>\n\n\n\n<div class=\"wp-block-column is-layout-flow wp-block-column-is-layout-flow\">\n<figure class=\"wp-block-image size-large\"><img loading=\"lazy\" decoding=\"async\" width=\"635\" height=\"1024\" src=\"https:\/\/nassasilhouette.org\/wp-content\/uploads\/2021\/11\/Scopes-SB-Hunter-Rifle-635x1024.png\" alt=\"\" class=\"wp-image-6871\" srcset=\"https:\/\/nassasilhouette.org\/wp-content\/uploads\/2021\/11\/Scopes-SB-Hunter-Rifle-635x1024.png 635w, https:\/\/nassasilhouette.org\/wp-content\/uploads\/2021\/11\/Scopes-SB-Hunter-Rifle-186x300.png 186w, https:\/\/nassasilhouette.org\/wp-content\/uploads\/2021\/11\/Scopes-SB-Hunter-Rifle-768x1238.png 768w, https:\/\/nassasilhouette.org\/wp-content\/uploads\/2021\/11\/Scopes-SB-Hunter-Rifle-953x1536.png 953w, https:\/\/nassasilhouette.org\/wp-content\/uploads\/2021\/11\/Scopes-SB-Hunter-Rifle-1271x2048.png 1271w, https:\/\/nassasilhouette.org\/wp-content\/uploads\/2021\/11\/Scopes-SB-Hunter-Rifle.png 1911w\" sizes=\"auto, (max-width: 635px) 100vw, 635px\" \/><\/figure>\n<\/div>\n\n\n\n<div class=\"wp-block-column is-layout-flow wp-block-column-is-layout-flow\"><\/div>\n<\/div>\n","protected":false},"excerpt":{"rendered":"<p>\u00a1Perdonen nuestra construcci\u00f3n! No quer\u00edamos retrasar el lanzamiento de NASSA Launch porque esta p\u00e1gina no estuviera terminada. Su Implementaci\u00f3n NASSA ha estado reuniendo toneladas de informaci\u00f3n sobre Silhouette Scopes y actualizar\u00e1 esta p\u00e1gina web en la primera mitad de 2023. Para m\u00e1s informaci\u00f3n sobre rifles Silhouette Smallbore, rifles Highpower y rifles de aire comprimido, haga&hellip; <a class=\"more-link\" href=\"https:\/\/nassasilhouette.org\/es-mx\/sobre-nosotros\/bases-del-concurso\/visores-silhouette\/\">Continue reading <span class=\"screen-reader-text\">Visores Silhouette<\/span><\/a><\/p>\n","protected":false},"author":4,"featured_media":0,"parent":19530,"menu_order":0,"comment_status":"closed","ping_status":"closed","template":"","meta":{"_acf_changed":false,"footnotes":""},"class_list":["post-19513","page","type-page","status-publish","hentry","entry"],"acf":[],"rttpg_featured_image_url":null,"rttpg_author":{"display_name":"Chris Cawthorne","author_link":"https:\/\/nassasilhouette.org\/es-mx\/author\/cecawthorneyahoo-com\/"},"rttpg_comment":0,"rttpg_category":" <a href=\"https:\/\/nassasilhouette.org\/es-mx\/?taxonomy=translation_priority&#038;term=optional-es-mx\" rel=\"tag\">Optional<\/a>","rttpg_excerpt":"\u00a1Perdonen nuestra construcci\u00f3n! No quer\u00edamos retrasar el lanzamiento de NASSA Launch porque esta p\u00e1gina no estuviera terminada. Su Implementaci\u00f3n NASSA ha estado reuniendo toneladas de informaci\u00f3n sobre Silhouette Scopes y actualizar\u00e1 esta p\u00e1gina web en la primera mitad de 2023. Para m\u00e1s informaci\u00f3n sobre rifles Silhouette Smallbore, rifles Highpower y rifles de aire comprimido, haga&hellip;&hellip;","_links":{"self":[{"href":"https:\/\/nassasilhouette.org\/es-mx\/wp-json\/wp\/v2\/pages\/19513","targetHints":{"allow":["GET"]}}],"collection":[{"href":"https:\/\/nassasilhouette.org\/es-mx\/wp-json\/wp\/v2\/pages"}],"about":[{"href":"https:\/\/nassasilhouette.org\/es-mx\/wp-json\/wp\/v2\/types\/page"}],"author":[{"embeddable":true,"href":"https:\/\/nassasilhouette.org\/es-mx\/wp-json\/wp\/v2\/users\/4"}],"replies":[{"embeddable":true,"href":"https:\/\/nassasilhouette.org\/es-mx\/wp-json\/wp\/v2\/comments?post=19513"}],"version-history":[{"count":0,"href":"https:\/\/nassasilhouette.org\/es-mx\/wp-json\/wp\/v2\/pages\/19513\/revisions"}],"up":[{"embeddable":true,"href":"https:\/\/nassasilhouette.org\/es-mx\/wp-json\/wp\/v2\/pages\/19530"}],"wp:attachment":[{"href":"https:\/\/nassasilhouette.org\/es-mx\/wp-json\/wp\/v2\/media?parent=19513"}],"curies":[{"name":"wp","href":"https:\/\/api.w.org\/{rel}","templated":true}]}}