{"id":19507,"date":"2021-11-26T15:17:31","date_gmt":"2021-11-26T21:17:31","guid":{"rendered":"https:\/\/nassasilhouette.org\/tulsa-red-castle-gun-club-tulsa-oklahoma\/"},"modified":"2021-11-26T15:17:31","modified_gmt":"2021-11-26T21:17:31","slug":"tulsa-red-castle-gun-club-tulsa-oklahoma","status":"publish","type":"page","link":"https:\/\/nassasilhouette.org\/es-mx\/regiones-clubes-nassa\/regiones-clubes-de-ee-uu\/region-centro-sur-clubes\/tulsa-red-castle-gun-club-tulsa-oklahoma\/","title":{"rendered":"Tulsa Red Castle Gun Club &#8211; Tulsa, Oklahoma"},"content":{"rendered":"\n<div class=\"wp-block-media-text alignwide is-stacked-on-mobile\" style=\"grid-template-columns:15% auto\"><figure class=\"wp-block-media-text__media\"><img loading=\"lazy\" decoding=\"async\" width=\"559\" height=\"547\" src=\"https:\/\/nassasilhouette.org\/wp-content\/uploads\/2021\/10\/Tulsa-Red-Castle-Gun-Club-1.png\" alt=\"\" class=\"wp-image-214 size-full\" srcset=\"https:\/\/nassasilhouette.org\/wp-content\/uploads\/2021\/10\/Tulsa-Red-Castle-Gun-Club-1.png 559w, https:\/\/nassasilhouette.org\/wp-content\/uploads\/2021\/10\/Tulsa-Red-Castle-Gun-Club-1-300x294.png 300w\" sizes=\"auto, (max-width: 559px) 100vw, 559px\" \/><\/figure><div class=\"wp-block-media-text__content\">\n<p><meta charset=\"utf-8\"><meta charset=\"utf-8\">  Fundado en 1963, el Tulsa Red Castle Gun Club, de 640 acres, es el campo de tiro m\u00e1s completo de Oklahoma. El club se cre\u00f3 en colaboraci\u00f3n con la Fundaci\u00f3n Zink utilizando una parte del rancho Zink, cerca del hermoso lago Skiatook.  <\/p>\n\n\n\n<p>Muchos de los principales deportes de tiro est\u00e1n representados en el Red Castle Gun Club. Smallbore y High-Power Metallic Silhouette ofrece partidos mensuales de abril a octubre. Tambi\u00e9n ofrecemos CMP, Trap, Skeet, y Sporting Clays, una ciudad completa de tiro SASS Cowboy Action, una l\u00ednea de tiro de 600 yardas totalmente cubierta, un rango de rifle de alta potencia de 1000 yardas, un rango de reposo en banco de 25 &#8211; 200 yardas totalmente cubierto, y rangos de pistola, plinking y rifle junior totalmente cubiertos.  <\/p>\n\n\n\n<p>Aunque el Tulsa Red Castle Gun Club es s\u00f3lo para socios, nuestras partidas mensuales est\u00e1n abiertas al p\u00fablico. Todos son bienvenidos a estos partidos. S\u00f3lo tiene que ponerse en contacto con el Director del Partido correspondiente unos d\u00edas antes del evento para recibir instrucciones sobre c\u00f3mo acceder al Rancho Zink el d\u00eda del rodaje.<\/p>\n<\/div><\/div>\n\n\n\n<div style=\"height:50px\" aria-hidden=\"true\" class=\"wp-block-spacer\"><\/div>\n\n\n\n<h2 class=\"has-text-align-center wp-block-heading\">Informaci\u00f3n de contacto<\/h2>\n\n\n\n<p><\/p>\n\n\n\n<figure class=\"wp-block-table is-style-stripes\"><table><tbody><tr><td><strong>P\u00e1gina web<\/strong>:<\/td><td>\n  <a href=\"http:\/\/www.bayourifles.com\">\n    <strong>www.tulsaredcastlegunclub.com<\/strong>\n  <\/a>\n<\/td><\/tr><tr><td><strong>Facebook<\/strong>:<\/td><td>\n  <strong>Tulsa Red Castle Gun Club<\/strong>\n<\/td><\/tr><tr><td><strong>Direcci\u00f3n comercial<\/strong>:<\/td><td>\n  <strong>1115 S Zunis Ave, Tulsa, OK 74104-3815<\/strong>\n<\/td><\/tr><tr><td><strong>Ubicaci\u00f3n del \u00e1rea de distribuci\u00f3n<\/strong>:<\/td><td><strong>Zink Ranch<\/strong> &#8211; <strong>36.307716751219395, -96.11677793122517 <\/strong><\/td> <\/tr><tr><td><strong>Contacto principal<\/strong> 1:<\/td><td>\n  <strong>Will Beeler (Director de Silhouette)<\/strong>\n<\/td><\/tr><tr><td><strong>Tel\u00e9fono de contacto<\/strong> principal 1:<\/td><td>\n  <strong>918 953-9214<\/strong>\n<\/td><\/tr><tr><td><strong>Correo electr\u00f3nico de contacto<\/strong> principal 1:<\/td><td>\n  <strong>willbeeler214@gmail.com<\/strong>\n<\/td><\/tr><tr><td>\n  <strong>Contacto principal 2:<\/strong>\n<\/td><td>\n  <strong>Stan Henry (Director de Silhouette)<\/strong>\n<\/td><\/tr><tr><td>\n  <strong>Tel\u00e9fono de contacto principal 2:<\/strong>\n<\/td><td>\n  <strong>918 688-4642<\/strong>\n<\/td><\/tr><tr><td>\n  <strong>Correo electr\u00f3nico de contacto principal 2:<\/strong>\n<\/td><td>\n  <strong>stanhenry95@hotmail.com<\/strong>\n<\/td><\/tr><\/tbody><\/table><\/figure>\n\n\n\n<div style=\"height:30px\" aria-hidden=\"true\" class=\"wp-block-spacer\"><\/div>\n\n\n\n<p><\/p>\n\n\n\n<h2 class=\"has-text-align-center wp-block-heading\">Capacidades de la gama Silhouette<\/h2>\n\n\n\n<p><\/p>\n\n\n\n<figure class=\"wp-block-table is-style-stripes\"><table><tbody><tr><td class=\"has-text-align-left\" data-align=\"left\"><strong>Disciplinas<\/strong>:<\/td><td><strong>Range Facilites<\/strong>:<\/td><\/tr><tr><td class=\"has-text-align-left\" data-align=\"left\">\n  <strong>Rifle peque\u00f1o<\/strong>\n<\/td><td>\n  <strong>Xxxx<\/strong>\n<\/td><\/tr><tr><td class=\"has-text-align-left\" data-align=\"left\">\n  <strong>Rifle de alta potencia<\/strong>\n<\/td><td>\n  <strong>Xxxx<\/strong>\n<\/td><\/tr><tr><td class=\"has-text-align-left\" data-align=\"left\">\n  <strong>Rifle de palanca<\/strong>\n<\/td><td>\n  <strong>Xxxx<\/strong>\n<\/td><\/tr><tr><td class=\"has-text-align-left\" data-align=\"left\">\n  <strong>Rifle de aire comprimido<\/strong>\n<\/td><td>\n  <strong>Xxxx<\/strong>\n<\/td><\/tr><\/tbody><\/table><\/figure>\n\n\n\n<div style=\"height:30px\" aria-hidden=\"true\" class=\"wp-block-spacer\"><\/div>\n\n\n\n<h2 class=\"has-text-align-center wp-block-heading\">Instalaciones de la gama Silhouette<\/h2>\n\n\n\n<figure class=\"wp-block-gallery columns-2 is-cropped wp-block-gallery-1 is-layout-flex wp-block-gallery-is-layout-flex\"><ul class=\"blocks-gallery-grid\"><li class=\"blocks-gallery-item\"><figure><a href=\"https:\/\/nassasilhouette.org\/wp-content\/uploads\/2021\/11\/1-Smallbore-Silhouette-Range-Cover-1024x768.jpg\"><img loading=\"lazy\" decoding=\"async\" width=\"1024\" height=\"768\" src=\"https:\/\/nassasilhouette.org\/wp-content\/uploads\/2021\/11\/1-Smallbore-Silhouette-Range-Cover-1024x768.jpg\" alt=\"\" data-id=\"6695\" data-link=\"https:\/\/nassasilhouette.org\/nassa-regions\/usa-gun-clubs\/south-central\/tulsa-red-castle-gun-club-tulsa-oklahoma\/1-smallbore-silhouette-range-cover-2\/\" class=\"wp-image-6695\" srcset=\"https:\/\/nassasilhouette.org\/wp-content\/uploads\/2021\/11\/1-Smallbore-Silhouette-Range-Cover-1024x768.jpg 1024w, https:\/\/nassasilhouette.org\/wp-content\/uploads\/2021\/11\/1-Smallbore-Silhouette-Range-Cover-300x225.jpg 300w, https:\/\/nassasilhouette.org\/wp-content\/uploads\/2021\/11\/1-Smallbore-Silhouette-Range-Cover-768x576.jpg 768w, https:\/\/nassasilhouette.org\/wp-content\/uploads\/2021\/11\/1-Smallbore-Silhouette-Range-Cover-1536x1152.jpg 1536w, https:\/\/nassasilhouette.org\/wp-content\/uploads\/2021\/11\/1-Smallbore-Silhouette-Range-Cover-2048x1536.jpg 2048w\" sizes=\"auto, (max-width: 1024px) 100vw, 1024px\" \/><\/a><figcaption class=\"blocks-gallery-item__caption\">Campo de tiro cubierto Smallbore Silhouette  <\/figcaption><\/figure><\/li><li class=\"blocks-gallery-item\"><figure><a href=\"https:\/\/nassasilhouette.org\/wp-content\/uploads\/2021\/11\/2-Smallbore-Silhouette-Range-scaled.jpg\"><img loading=\"lazy\" decoding=\"async\" width=\"1024\" height=\"768\" src=\"https:\/\/nassasilhouette.org\/wp-content\/uploads\/2021\/11\/2-Smallbore-Silhouette-Range-1024x768.jpg\" alt=\"\" data-id=\"6696\" data-full-url=\"https:\/\/nassasilhouette.org\/wp-content\/uploads\/2021\/11\/2-Smallbore-Silhouette-Range-scaled.jpg\" data-link=\"https:\/\/nassasilhouette.org\/nassa-regions\/usa-gun-clubs\/south-central\/tulsa-red-castle-gun-club-tulsa-oklahoma\/2-smallbore-silhouette-range-2\/\" class=\"wp-image-6696\" srcset=\"https:\/\/nassasilhouette.org\/wp-content\/uploads\/2021\/11\/2-Smallbore-Silhouette-Range-1024x768.jpg 1024w, https:\/\/nassasilhouette.org\/wp-content\/uploads\/2021\/11\/2-Smallbore-Silhouette-Range-300x225.jpg 300w, https:\/\/nassasilhouette.org\/wp-content\/uploads\/2021\/11\/2-Smallbore-Silhouette-Range-768x576.jpg 768w, https:\/\/nassasilhouette.org\/wp-content\/uploads\/2021\/11\/2-Smallbore-Silhouette-Range-1536x1152.jpg 1536w, https:\/\/nassasilhouette.org\/wp-content\/uploads\/2021\/11\/2-Smallbore-Silhouette-Range-2048x1536.jpg 2048w\" sizes=\"auto, (max-width: 1024px) 100vw, 1024px\" \/><\/a><figcaption class=\"blocks-gallery-item__caption\">Campo de tiro de siluetas de peque\u00f1o calibre y bancos de animales<\/figcaption><\/figure><\/li><\/ul><\/figure>\n\n\n\n<figure class=\"wp-block-gallery alignwide columns-2 is-cropped wp-block-gallery-2 is-layout-flex wp-block-gallery-is-layout-flex\"><ul class=\"blocks-gallery-grid\"><li class=\"blocks-gallery-item\"><figure><a href=\"https:\/\/nassasilhouette.org\/wp-content\/uploads\/2021\/11\/3-Smallbore-Silhouette-Range-Firing-Line-1024x768.jpg\"><img loading=\"lazy\" decoding=\"async\" width=\"1024\" height=\"768\" src=\"https:\/\/nassasilhouette.org\/wp-content\/uploads\/2021\/11\/3-Smallbore-Silhouette-Range-Firing-Line-1024x768.jpg\" alt=\"\" data-id=\"6697\" data-link=\"https:\/\/nassasilhouette.org\/nassa-regions\/usa-gun-clubs\/south-central\/tulsa-red-castle-gun-club-tulsa-oklahoma\/3-smallbore-silhouette-range-firing-line-2\/\" class=\"wp-image-6697\" srcset=\"https:\/\/nassasilhouette.org\/wp-content\/uploads\/2021\/11\/3-Smallbore-Silhouette-Range-Firing-Line-1024x768.jpg 1024w, https:\/\/nassasilhouette.org\/wp-content\/uploads\/2021\/11\/3-Smallbore-Silhouette-Range-Firing-Line-300x225.jpg 300w, https:\/\/nassasilhouette.org\/wp-content\/uploads\/2021\/11\/3-Smallbore-Silhouette-Range-Firing-Line-768x576.jpg 768w, https:\/\/nassasilhouette.org\/wp-content\/uploads\/2021\/11\/3-Smallbore-Silhouette-Range-Firing-Line-1536x1152.jpg 1536w, https:\/\/nassasilhouette.org\/wp-content\/uploads\/2021\/11\/3-Smallbore-Silhouette-Range-Firing-Line-2048x1536.jpg 2048w\" sizes=\"auto, (max-width: 1024px) 100vw, 1024px\" \/><\/a><figcaption class=\"blocks-gallery-item__caption\">Campeonatos Regionales de Oklahoma &#8211; Smallbore Firing Line<\/figcaption><\/figure><\/li><li class=\"blocks-gallery-item\"><figure><a href=\"https:\/\/nassasilhouette.org\/wp-content\/uploads\/2021\/11\/4-Smallbore-Silhouette-Rifles-1-768x1024.jpg\"><img loading=\"lazy\" decoding=\"async\" width=\"768\" height=\"1024\" src=\"https:\/\/nassasilhouette.org\/wp-content\/uploads\/2021\/11\/4-Smallbore-Silhouette-Rifles-1-768x1024.jpg\" alt=\"\" data-id=\"6700\" data-link=\"https:\/\/nassasilhouette.org\/nassa-regions\/usa-gun-clubs\/south-central\/tulsa-red-castle-gun-club-tulsa-oklahoma\/4-smallbore-silhouette-rifles-1\/\" class=\"wp-image-6700\" srcset=\"https:\/\/nassasilhouette.org\/wp-content\/uploads\/2021\/11\/4-Smallbore-Silhouette-Rifles-1-768x1024.jpg 768w, https:\/\/nassasilhouette.org\/wp-content\/uploads\/2021\/11\/4-Smallbore-Silhouette-Rifles-1-225x300.jpg 225w, https:\/\/nassasilhouette.org\/wp-content\/uploads\/2021\/11\/4-Smallbore-Silhouette-Rifles-1-1152x1536.jpg 1152w, https:\/\/nassasilhouette.org\/wp-content\/uploads\/2021\/11\/4-Smallbore-Silhouette-Rifles-1-1536x2048.jpg 1536w, https:\/\/nassasilhouette.org\/wp-content\/uploads\/2021\/11\/4-Smallbore-Silhouette-Rifles-1-scaled.jpg 1920w\" sizes=\"auto, (max-width: 768px) 100vw, 768px\" \/><\/a><figcaption class=\"blocks-gallery-item__caption\">Rifles de caza de siluetas con ca\u00f1\u00f3n peque\u00f1o<\/figcaption><\/figure><\/li><\/ul><\/figure>\n\n\n\n<figure class=\"wp-block-gallery alignwide columns-2 is-cropped wp-block-gallery-3 is-layout-flex wp-block-gallery-is-layout-flex\"><ul class=\"blocks-gallery-grid\"><li class=\"blocks-gallery-item\"><figure><a href=\"https:\/\/nassasilhouette.org\/wp-content\/uploads\/2021\/11\/5-Smallbore-Chicken-Bank-1-1024x683.jpg\"><img loading=\"lazy\" decoding=\"async\" width=\"1024\" height=\"683\" src=\"https:\/\/nassasilhouette.org\/wp-content\/uploads\/2021\/11\/5-Smallbore-Chicken-Bank-1-1024x683.jpg\" alt=\"\" data-id=\"6702\" data-link=\"https:\/\/nassasilhouette.org\/nassa-regions\/usa-gun-clubs\/south-central\/tulsa-red-castle-gun-club-tulsa-oklahoma\/5-smallbore-chicken-bank-1-2\/\" class=\"wp-image-6702\" srcset=\"https:\/\/nassasilhouette.org\/wp-content\/uploads\/2021\/11\/5-Smallbore-Chicken-Bank-1-1024x683.jpg 1024w, https:\/\/nassasilhouette.org\/wp-content\/uploads\/2021\/11\/5-Smallbore-Chicken-Bank-1-300x200.jpg 300w, https:\/\/nassasilhouette.org\/wp-content\/uploads\/2021\/11\/5-Smallbore-Chicken-Bank-1-768x512.jpg 768w, https:\/\/nassasilhouette.org\/wp-content\/uploads\/2021\/11\/5-Smallbore-Chicken-Bank-1-1536x1024.jpg 1536w, https:\/\/nassasilhouette.org\/wp-content\/uploads\/2021\/11\/5-Smallbore-Chicken-Bank-1.jpg 1776w\" sizes=\"auto, (max-width: 1024px) 100vw, 1024px\" \/><\/a><figcaption class=\"blocks-gallery-item__caption\">\u00a1Bancos de pollos rojos Smallbore!<\/figcaption><\/figure><\/li><li class=\"blocks-gallery-item\"><figure><a href=\"https:\/\/nassasilhouette.org\/wp-content\/uploads\/2021\/11\/6-Smallbore-Pig-Banks-1.jpg\"><img loading=\"lazy\" decoding=\"async\" width=\"1024\" height=\"683\" src=\"https:\/\/nassasilhouette.org\/wp-content\/uploads\/2021\/11\/6-Smallbore-Pig-Banks-1-1024x683.jpg\" alt=\"\" data-id=\"6709\" data-full-url=\"https:\/\/nassasilhouette.org\/wp-content\/uploads\/2021\/11\/6-Smallbore-Pig-Banks-1.jpg\" data-link=\"https:\/\/nassasilhouette.org\/nassa-regions\/usa-gun-clubs\/south-central\/tulsa-red-castle-gun-club-tulsa-oklahoma\/6-smallbore-pig-banks-1-2\/\" class=\"wp-image-6709\" srcset=\"https:\/\/nassasilhouette.org\/wp-content\/uploads\/2021\/11\/6-Smallbore-Pig-Banks-1-1024x683.jpg 1024w, https:\/\/nassasilhouette.org\/wp-content\/uploads\/2021\/11\/6-Smallbore-Pig-Banks-1-300x200.jpg 300w, https:\/\/nassasilhouette.org\/wp-content\/uploads\/2021\/11\/6-Smallbore-Pig-Banks-1-768x512.jpg 768w, https:\/\/nassasilhouette.org\/wp-content\/uploads\/2021\/11\/6-Smallbore-Pig-Banks-1-1536x1024.jpg 1536w, https:\/\/nassasilhouette.org\/wp-content\/uploads\/2021\/11\/6-Smallbore-Pig-Banks-1.jpg 1776w\" sizes=\"auto, (max-width: 1024px) 100vw, 1024px\" \/><\/a><figcaption class=\"blocks-gallery-item__caption\">Bancos de cerdos rojos de peque\u00f1o calibre<\/figcaption><\/figure><\/li><\/ul><\/figure>\n\n\n\n<figure class=\"wp-block-gallery alignwide columns-2 is-cropped wp-block-gallery-4 is-layout-flex wp-block-gallery-is-layout-flex\"><ul class=\"blocks-gallery-grid\"><li class=\"blocks-gallery-item\"><figure><a href=\"https:\/\/nassasilhouette.org\/wp-content\/uploads\/2021\/11\/7-Smallbore-Turkey-Bank-1024x683.jpg\"><img loading=\"lazy\" decoding=\"async\" width=\"1024\" height=\"683\" src=\"https:\/\/nassasilhouette.org\/wp-content\/uploads\/2021\/11\/7-Smallbore-Turkey-Bank-1024x683.jpg\" alt=\"\" data-id=\"6704\" data-link=\"https:\/\/nassasilhouette.org\/nassa-regions\/usa-gun-clubs\/south-central\/tulsa-red-castle-gun-club-tulsa-oklahoma\/7-smallbore-turkey-bank-2\/\" class=\"wp-image-6704\" srcset=\"https:\/\/nassasilhouette.org\/wp-content\/uploads\/2021\/11\/7-Smallbore-Turkey-Bank-1024x683.jpg 1024w, https:\/\/nassasilhouette.org\/wp-content\/uploads\/2021\/11\/7-Smallbore-Turkey-Bank-300x200.jpg 300w, https:\/\/nassasilhouette.org\/wp-content\/uploads\/2021\/11\/7-Smallbore-Turkey-Bank-768x512.jpg 768w, https:\/\/nassasilhouette.org\/wp-content\/uploads\/2021\/11\/7-Smallbore-Turkey-Bank-1536x1024.jpg 1536w, https:\/\/nassasilhouette.org\/wp-content\/uploads\/2021\/11\/7-Smallbore-Turkey-Bank.jpg 1776w\" sizes=\"auto, (max-width: 1024px) 100vw, 1024px\" \/><\/a><figcaption class=\"blocks-gallery-item__caption\">Bancos rojos para pavos de peque\u00f1o calibre<\/figcaption><\/figure><\/li><li class=\"blocks-gallery-item\"><figure><a href=\"https:\/\/nassasilhouette.org\/wp-content\/uploads\/2021\/11\/8-High-Power-Silhouette-Range-1.jpg\"><img loading=\"lazy\" decoding=\"async\" width=\"1024\" height=\"683\" src=\"https:\/\/nassasilhouette.org\/wp-content\/uploads\/2021\/11\/8-High-Power-Silhouette-Range-1-1024x683.jpg\" alt=\"\" data-id=\"6710\" data-full-url=\"https:\/\/nassasilhouette.org\/wp-content\/uploads\/2021\/11\/8-High-Power-Silhouette-Range-1.jpg\" data-link=\"https:\/\/nassasilhouette.org\/nassa-regions\/usa-gun-clubs\/south-central\/tulsa-red-castle-gun-club-tulsa-oklahoma\/8-high-power-silhouette-range-1\/\" class=\"wp-image-6710\" srcset=\"https:\/\/nassasilhouette.org\/wp-content\/uploads\/2021\/11\/8-High-Power-Silhouette-Range-1-1024x683.jpg 1024w, https:\/\/nassasilhouette.org\/wp-content\/uploads\/2021\/11\/8-High-Power-Silhouette-Range-1-300x200.jpg 300w, https:\/\/nassasilhouette.org\/wp-content\/uploads\/2021\/11\/8-High-Power-Silhouette-Range-1-768x512.jpg 768w, https:\/\/nassasilhouette.org\/wp-content\/uploads\/2021\/11\/8-High-Power-Silhouette-Range-1-1536x1024.jpg 1536w, https:\/\/nassasilhouette.org\/wp-content\/uploads\/2021\/11\/8-High-Power-Silhouette-Range-1.jpg 1776w\" sizes=\"auto, (max-width: 1024px) 100vw, 1024px\" \/><\/a><figcaption class=\"blocks-gallery-item__caption\">Gama Silhouette de alta potencia<\/figcaption><\/figure><\/li><\/ul><\/figure>\n\n\n\n<figure class=\"wp-block-gallery alignwide columns-2 is-cropped wp-block-gallery-5 is-layout-flex wp-block-gallery-is-layout-flex\"><ul class=\"blocks-gallery-grid\"><li class=\"blocks-gallery-item\"><figure><a href=\"https:\/\/nassasilhouette.org\/wp-content\/uploads\/2021\/11\/9-High-Power-Silhouette-Firing-Line-683x1024.jpg\"><img loading=\"lazy\" decoding=\"async\" width=\"683\" height=\"1024\" src=\"https:\/\/nassasilhouette.org\/wp-content\/uploads\/2021\/11\/9-High-Power-Silhouette-Firing-Line-683x1024.jpg\" alt=\"\" data-id=\"6706\" data-link=\"https:\/\/nassasilhouette.org\/nassa-regions\/usa-gun-clubs\/south-central\/tulsa-red-castle-gun-club-tulsa-oklahoma\/9-high-power-silhouette-firing-line-2\/\" class=\"wp-image-6706\" srcset=\"https:\/\/nassasilhouette.org\/wp-content\/uploads\/2021\/11\/9-High-Power-Silhouette-Firing-Line-683x1024.jpg 683w, https:\/\/nassasilhouette.org\/wp-content\/uploads\/2021\/11\/9-High-Power-Silhouette-Firing-Line-200x300.jpg 200w, https:\/\/nassasilhouette.org\/wp-content\/uploads\/2021\/11\/9-High-Power-Silhouette-Firing-Line-768x1152.jpg 768w, https:\/\/nassasilhouette.org\/wp-content\/uploads\/2021\/11\/9-High-Power-Silhouette-Firing-Line-1024x1536.jpg 1024w, https:\/\/nassasilhouette.org\/wp-content\/uploads\/2021\/11\/9-High-Power-Silhouette-Firing-Line.jpg 1184w\" sizes=\"auto, (max-width: 683px) 100vw, 683px\" \/><\/a><figcaption class=\"blocks-gallery-item__caption\">James Severin y Cathy Winstead Severin Tiroteo HP<\/figcaption><\/figure><\/li><li class=\"blocks-gallery-item\"><figure><a href=\"https:\/\/nassasilhouette.org\/wp-content\/uploads\/2021\/11\/10-High-Power-Firing-Line.jpg\"><img loading=\"lazy\" decoding=\"async\" width=\"1024\" height=\"683\" src=\"https:\/\/nassasilhouette.org\/wp-content\/uploads\/2021\/11\/10-High-Power-Firing-Line-1024x683.jpg\" alt=\"\" data-id=\"6711\" data-full-url=\"https:\/\/nassasilhouette.org\/wp-content\/uploads\/2021\/11\/10-High-Power-Firing-Line.jpg\" data-link=\"https:\/\/nassasilhouette.org\/nassa-regions\/usa-gun-clubs\/south-central\/tulsa-red-castle-gun-club-tulsa-oklahoma\/10-high-power-firing-line\/\" class=\"wp-image-6711\" srcset=\"https:\/\/nassasilhouette.org\/wp-content\/uploads\/2021\/11\/10-High-Power-Firing-Line-1024x683.jpg 1024w, https:\/\/nassasilhouette.org\/wp-content\/uploads\/2021\/11\/10-High-Power-Firing-Line-300x200.jpg 300w, https:\/\/nassasilhouette.org\/wp-content\/uploads\/2021\/11\/10-High-Power-Firing-Line-768x512.jpg 768w, https:\/\/nassasilhouette.org\/wp-content\/uploads\/2021\/11\/10-High-Power-Firing-Line-1536x1024.jpg 1536w, https:\/\/nassasilhouette.org\/wp-content\/uploads\/2021\/11\/10-High-Power-Firing-Line.jpg 1776w\" sizes=\"auto, (max-width: 1024px) 100vw, 1024px\" \/><\/a><figcaption class=\"blocks-gallery-item__caption\">L\u00ednea de tiro de siluetas de alta potencia<\/figcaption><\/figure><\/li><\/ul><\/figure>\n","protected":false},"excerpt":{"rendered":"<p>Fundado en 1963, el Tulsa Red Castle Gun Club, de 640 acres, es el campo de tiro m\u00e1s completo de Oklahoma. El club se cre\u00f3 en colaboraci\u00f3n con la Fundaci\u00f3n Zink utilizando una parte del rancho Zink, cerca del hermoso lago Skiatook. Muchos de los principales deportes de tiro est\u00e1n representados en el Red Castle&hellip; <a class=\"more-link\" href=\"https:\/\/nassasilhouette.org\/es-mx\/regiones-clubes-nassa\/regiones-clubes-de-ee-uu\/region-centro-sur-clubes\/tulsa-red-castle-gun-club-tulsa-oklahoma\/\">Continue reading <span class=\"screen-reader-text\">Tulsa Red Castle Gun Club &#8211; Tulsa, Oklahoma<\/span><\/a><\/p>\n","protected":false},"author":4,"featured_media":12633,"parent":19582,"menu_order":0,"comment_status":"closed","ping_status":"closed","template":"","meta":{"_acf_changed":false,"footnotes":""},"class_list":["post-19507","page","type-page","status-publish","has-post-thumbnail","hentry","entry"],"acf":[],"rttpg_featured_image_url":{"full":["https:\/\/nassasilhouette.org\/wp-content\/uploads\/2021\/10\/Tulsa-Red-Castle-Gun-Club-1.png",559,547,false],"landscape":["https:\/\/nassasilhouette.org\/wp-content\/uploads\/2021\/10\/Tulsa-Red-Castle-Gun-Club-1.png",559,547,false],"portraits":["https:\/\/nassasilhouette.org\/wp-content\/uploads\/2021\/10\/Tulsa-Red-Castle-Gun-Club-1.png",559,547,false],"thumbnail":["https:\/\/nassasilhouette.org\/wp-content\/uploads\/2021\/10\/Tulsa-Red-Castle-Gun-Club-1-150x150.png",150,150,true],"medium":["https:\/\/nassasilhouette.org\/wp-content\/uploads\/2021\/10\/Tulsa-Red-Castle-Gun-Club-1-300x294.png",300,294,true],"large":["https:\/\/nassasilhouette.org\/wp-content\/uploads\/2021\/10\/Tulsa-Red-Castle-Gun-Club-1.png",559,547,false],"1536x1536":["https:\/\/nassasilhouette.org\/wp-content\/uploads\/2021\/10\/Tulsa-Red-Castle-Gun-Club-1.png",559,547,false],"2048x2048":["https:\/\/nassasilhouette.org\/wp-content\/uploads\/2021\/10\/Tulsa-Red-Castle-Gun-Club-1.png",559,547,false],"post-thumbnail":["https:\/\/nassasilhouette.org\/wp-content\/uploads\/2021\/10\/Tulsa-Red-Castle-Gun-Club-1.png",559,547,false],"gform-image-choice-sm":["https:\/\/nassasilhouette.org\/wp-content\/uploads\/2021\/10\/Tulsa-Red-Castle-Gun-Club-1.png",300,294,false],"gform-image-choice-md":["https:\/\/nassasilhouette.org\/wp-content\/uploads\/2021\/10\/Tulsa-Red-Castle-Gun-Club-1.png",400,391,false],"gform-image-choice-lg":["https:\/\/nassasilhouette.org\/wp-content\/uploads\/2021\/10\/Tulsa-Red-Castle-Gun-Club-1.png",559,547,false],"rt_custom":["https:\/\/nassasilhouette.org\/wp-content\/uploads\/2021\/10\/Tulsa-Red-Castle-Gun-Club-1.png",559,547,false]},"rttpg_author":{"display_name":"Chris Cawthorne","author_link":"https:\/\/nassasilhouette.org\/es-mx\/author\/cecawthorneyahoo-com\/"},"rttpg_comment":0,"rttpg_category":" <a href=\"https:\/\/nassasilhouette.org\/es-mx\/?taxonomy=translation_priority&#038;term=optional-es-mx\" rel=\"tag\">Optional<\/a>","rttpg_excerpt":"Fundado en 1963, el Tulsa Red Castle Gun Club, de 640 acres, es el campo de tiro m\u00e1s completo de Oklahoma. El club se cre\u00f3 en colaboraci\u00f3n con la Fundaci\u00f3n Zink utilizando una parte del rancho Zink, cerca del hermoso lago Skiatook. Muchos de los principales deportes de tiro est\u00e1n representados en el Red Castle&hellip;&hellip;","_links":{"self":[{"href":"https:\/\/nassasilhouette.org\/es-mx\/wp-json\/wp\/v2\/pages\/19507","targetHints":{"allow":["GET"]}}],"collection":[{"href":"https:\/\/nassasilhouette.org\/es-mx\/wp-json\/wp\/v2\/pages"}],"about":[{"href":"https:\/\/nassasilhouette.org\/es-mx\/wp-json\/wp\/v2\/types\/page"}],"author":[{"embeddable":true,"href":"https:\/\/nassasilhouette.org\/es-mx\/wp-json\/wp\/v2\/users\/4"}],"replies":[{"embeddable":true,"href":"https:\/\/nassasilhouette.org\/es-mx\/wp-json\/wp\/v2\/comments?post=19507"}],"version-history":[{"count":0,"href":"https:\/\/nassasilhouette.org\/es-mx\/wp-json\/wp\/v2\/pages\/19507\/revisions"}],"up":[{"embeddable":true,"href":"https:\/\/nassasilhouette.org\/es-mx\/wp-json\/wp\/v2\/pages\/19582"}],"wp:featuredmedia":[{"embeddable":true,"href":"https:\/\/nassasilhouette.org\/es-mx\/wp-json\/wp\/v2\/media\/12633"}],"wp:attachment":[{"href":"https:\/\/nassasilhouette.org\/es-mx\/wp-json\/wp\/v2\/media?parent=19507"}],"curies":[{"name":"wp","href":"https:\/\/api.w.org\/{rel}","templated":true}]}}