{"id":19506,"date":"2021-11-24T16:13:26","date_gmt":"2021-11-24T22:13:26","guid":{"rendered":"https:\/\/nassasilhouette.org\/asociacion-de-silueta-del-centro-de-texas\/"},"modified":"2021-11-24T16:13:26","modified_gmt":"2021-11-24T22:13:26","slug":"asociacion-de-silueta-del-centro-de-texas","status":"publish","type":"page","link":"https:\/\/nassasilhouette.org\/es-mx\/regiones-clubes-nassa\/regiones-clubes-de-ee-uu\/region-centro-sur-clubes\/asociacion-de-silueta-del-centro-de-texas\/","title":{"rendered":"Asociaci\u00f3n de Silueta del Centro de Texas"},"content":{"rendered":"\n<div class=\"wp-block-media-text alignwide is-stacked-on-mobile\" style=\"grid-template-columns:26% auto\"><figure class=\"wp-block-media-text__media\"><img loading=\"lazy\" decoding=\"async\" width=\"300\" height=\"270\" src=\"https:\/\/nassasilhouette.org\/wp-content\/uploads\/2021\/11\/Picture6.jpg\" alt=\"\" class=\"wp-image-5490 size-full\"><\/figure><div class=\"wp-block-media-text__content\">\n<p>Xxxxx<\/p>\n<\/div><\/div>\n\n\n\n<div style=\"height:50px\" aria-hidden=\"true\" class=\"wp-block-spacer\"><\/div>\n\n\n\n<h2 class=\"has-text-align-center wp-block-heading\">Informaci\u00f3n de contacto<\/h2>\n\n\n\n<p><\/p>\n\n\n\n<figure class=\"wp-block-table is-style-stripes\"><table><tbody><tr><td><strong>P\u00e1gina web<\/strong>:<\/td><td>\n  <a href=\"http:\/\/silhouette-texas.us\/\">http:\/\/silhouette-texas.us\/<\/a>\n<\/td><\/tr><tr><td><strong>Facebook<\/strong>:<\/td><td>\n  <strong>Asociaci\u00f3n de Silueta del Centro de Texas<\/strong>\n<\/td><\/tr><tr><td><strong>Direcci\u00f3n profesional<\/strong>:<\/td><td>\n  <strong>Xxxx<\/strong>\n<\/td><\/tr><tr><td><strong>Ubicaci\u00f3n<\/strong> de Range:<\/td><td>\n  <strong>421 Range Road, New Braunfels, Texas 78132<\/strong>\n<\/td><\/tr><tr><td><strong>Contacto principal<\/strong>:<\/td><td>\n  <strong>Ken Schilling (Presidente)<\/strong>\n<\/td><\/tr><tr><td><strong>Tel\u00e9fono de contacto<\/strong> principal<\/td><td>\n  <strong>580 583-4134<\/strong>\n<\/td><\/tr><tr><td><strong>Correo electr\u00f3nico de contacto principal<\/strong>:<\/td><td>\n  <strong>Xxxx<\/strong>\n<\/td><\/tr><tr><td>\n  <strong>Contacto secundario:<\/strong>\n<\/td><td>\n  <strong>Jeff Shoemake<\/strong>\n<\/td><\/tr><tr><td>\n  <strong>Tel\u00e9fono de contacto secundario<\/strong>\n<\/td><td>\n  <strong>830 708-6500<\/strong>\n<\/td><\/tr><tr><td>\n  <strong>Correo electr\u00f3nico de contacto secundario:<\/strong>\n<\/td><td>\n  <strong>Xxxx<\/strong>\n<\/td><\/tr><\/tbody><\/table><\/figure>\n\n\n\n<div style=\"height:30px\" aria-hidden=\"true\" class=\"wp-block-spacer\"><\/div>\n\n\n\n<p><\/p>\n\n\n\n<h2 class=\"has-text-align-center wp-block-heading\">Capacidades de la gama Silhouette<\/h2>\n\n\n\n<p><\/p>\n\n\n\n<figure class=\"wp-block-table is-style-stripes\"><table><tbody><tr><td class=\"has-text-align-left\" data-align=\"left\"><strong>Disciplinas<\/strong>:<\/td><td><strong>Range Facilites<\/strong>:<\/td><\/tr><tr><td class=\"has-text-align-left\" data-align=\"left\">\n  <strong>Rifle peque\u00f1o<\/strong>\n<\/td><td>\n  <strong>Xxxx<\/strong>\n<\/td><\/tr><tr><td class=\"has-text-align-left\" data-align=\"left\">\n  <strong>Rifle de alta potencia<\/strong>\n<\/td><td>\n  <strong>2 bancos de cada animal<\/strong>\n<\/td><\/tr><tr><td class=\"has-text-align-left\" data-align=\"left\">\n  <strong>Rifle de palanca<\/strong>\n<\/td><td>\n  <strong>Xxxx<\/strong>\n<\/td><\/tr><tr><td class=\"has-text-align-left\" data-align=\"left\">\n  <strong>Rifle de aire comprimido<\/strong>\n<\/td><td>\n  <strong>No disponible<\/strong>\n<\/td><\/tr><\/tbody><\/table><\/figure>\n\n\n\n<div style=\"height:30px\" aria-hidden=\"true\" class=\"wp-block-spacer\"><\/div>\n\n\n\n<h2 class=\"has-text-align-center wp-block-heading\">Instalaciones de la gama Silhouette<\/h2>\n\n\n\n<figure class=\"wp-block-gallery columns-1 is-cropped wp-block-gallery-1 is-layout-flex wp-block-gallery-is-layout-flex\"><ul class=\"blocks-gallery-grid\"><li class=\"blocks-gallery-item\"><figure><img loading=\"lazy\" decoding=\"async\" width=\"960\" height=\"720\" src=\"https:\/\/nassasilhouette.org\/wp-content\/uploads\/2021\/11\/1-High-Power-Competitors.jpg\" alt=\"\" data-id=\"6452\" data-full-url=\"https:\/\/nassasilhouette.org\/wp-content\/uploads\/2021\/11\/1-High-Power-Competitors.jpg\" data-link=\"https:\/\/nassasilhouette.org\/?attachment_id=6452\" class=\"wp-image-6452\" srcset=\"https:\/\/nassasilhouette.org\/wp-content\/uploads\/2021\/11\/1-High-Power-Competitors.jpg 960w, https:\/\/nassasilhouette.org\/wp-content\/uploads\/2021\/11\/1-High-Power-Competitors-300x225.jpg 300w, https:\/\/nassasilhouette.org\/wp-content\/uploads\/2021\/11\/1-High-Power-Competitors-768x576.jpg 768w\" sizes=\"auto, (max-width: 960px) 100vw, 960px\" \/><figcaption class=\"blocks-gallery-item__caption\">2021 TSRA Texas State High Power Silhouette Championship Competidores<\/figcaption><\/figure><\/li><\/ul><\/figure>\n\n\n\n<figure class=\"wp-block-gallery aligncenter columns-2 is-cropped wp-block-gallery-2 is-layout-flex wp-block-gallery-is-layout-flex\"><ul class=\"blocks-gallery-grid\"><li class=\"blocks-gallery-item\"><figure><a href=\"https:\/\/nassasilhouette.org\/wp-content\/uploads\/2021\/11\/2-High-Power-Firing-Line-2-1024x768.jpg\"><img loading=\"lazy\" decoding=\"async\" width=\"1024\" height=\"768\" src=\"https:\/\/nassasilhouette.org\/wp-content\/uploads\/2021\/11\/2-High-Power-Firing-Line-2-1024x768.jpg\" alt=\"\" data-id=\"6454\" data-link=\"https:\/\/nassasilhouette.org\/?attachment_id=6454\" class=\"wp-image-6454\" srcset=\"https:\/\/nassasilhouette.org\/wp-content\/uploads\/2021\/11\/2-High-Power-Firing-Line-2-1024x768.jpg 1024w, https:\/\/nassasilhouette.org\/wp-content\/uploads\/2021\/11\/2-High-Power-Firing-Line-2-300x225.jpg 300w, https:\/\/nassasilhouette.org\/wp-content\/uploads\/2021\/11\/2-High-Power-Firing-Line-2-768x576.jpg 768w, https:\/\/nassasilhouette.org\/wp-content\/uploads\/2021\/11\/2-High-Power-Firing-Line-2-1536x1152.jpg 1536w, https:\/\/nassasilhouette.org\/wp-content\/uploads\/2021\/11\/2-High-Power-Firing-Line-2.jpg 2048w\" sizes=\"auto, (max-width: 1024px) 100vw, 1024px\" \/><\/a><figcaption class=\"blocks-gallery-item__caption\">L\u00ednea de tiro Silhouette High Power<\/figcaption><\/figure><\/li><li class=\"blocks-gallery-item\"><figure><a href=\"https:\/\/nassasilhouette.org\/wp-content\/uploads\/2021\/11\/3-High-Power-Range-scaled.jpg\"><img loading=\"lazy\" decoding=\"async\" width=\"1024\" height=\"768\" src=\"https:\/\/nassasilhouette.org\/wp-content\/uploads\/2021\/11\/3-High-Power-Range-1024x768.jpg\" alt=\"\" data-id=\"6455\" data-full-url=\"https:\/\/nassasilhouette.org\/wp-content\/uploads\/2021\/11\/3-High-Power-Range-scaled.jpg\" data-link=\"https:\/\/nassasilhouette.org\/?attachment_id=6455\" class=\"wp-image-6455\" srcset=\"https:\/\/nassasilhouette.org\/wp-content\/uploads\/2021\/11\/3-High-Power-Range-1024x768.jpg 1024w, https:\/\/nassasilhouette.org\/wp-content\/uploads\/2021\/11\/3-High-Power-Range-300x225.jpg 300w, https:\/\/nassasilhouette.org\/wp-content\/uploads\/2021\/11\/3-High-Power-Range-768x576.jpg 768w, https:\/\/nassasilhouette.org\/wp-content\/uploads\/2021\/11\/3-High-Power-Range-1536x1152.jpg 1536w, https:\/\/nassasilhouette.org\/wp-content\/uploads\/2021\/11\/3-High-Power-Range-2048x1536.jpg 2048w\" sizes=\"auto, (max-width: 1024px) 100vw, 1024px\" \/><\/a><figcaption class=\"blocks-gallery-item__caption\">Silueta Gama Alta Potencia y Bancos de Animales<\/figcaption><\/figure><\/li><\/ul><\/figure>\n\n\n\n<figure class=\"wp-block-gallery alignwide columns-2 is-cropped wp-block-gallery-3 is-layout-flex wp-block-gallery-is-layout-flex\"><ul class=\"blocks-gallery-grid\"><li class=\"blocks-gallery-item\"><figure><a href=\"https:\/\/nassasilhouette.org\/wp-content\/uploads\/2021\/11\/4-Behind-the-Firing-Line-1024x768.jpg\"><img loading=\"lazy\" decoding=\"async\" width=\"1024\" height=\"768\" src=\"https:\/\/nassasilhouette.org\/wp-content\/uploads\/2021\/11\/4-Behind-the-Firing-Line-1024x768.jpg\" alt=\"\" data-id=\"6456\" data-link=\"https:\/\/nassasilhouette.org\/?attachment_id=6456\" class=\"wp-image-6456\" srcset=\"https:\/\/nassasilhouette.org\/wp-content\/uploads\/2021\/11\/4-Behind-the-Firing-Line-1024x768.jpg 1024w, https:\/\/nassasilhouette.org\/wp-content\/uploads\/2021\/11\/4-Behind-the-Firing-Line-300x225.jpg 300w, https:\/\/nassasilhouette.org\/wp-content\/uploads\/2021\/11\/4-Behind-the-Firing-Line-768x576.jpg 768w, https:\/\/nassasilhouette.org\/wp-content\/uploads\/2021\/11\/4-Behind-the-Firing-Line-1536x1152.jpg 1536w, https:\/\/nassasilhouette.org\/wp-content\/uploads\/2021\/11\/4-Behind-the-Firing-Line-2048x1536.jpg 2048w\" sizes=\"auto, (max-width: 1024px) 100vw, 1024px\" \/><\/a><figcaption class=\"blocks-gallery-item__caption\">Detr\u00e1s de la l\u00ednea de tiro de Silhouette<\/figcaption><\/figure><\/li><li class=\"blocks-gallery-item\"><figure><a href=\"https:\/\/nassasilhouette.org\/wp-content\/uploads\/2021\/11\/5-High-Power-Chickens-scaled.jpg\"><img loading=\"lazy\" decoding=\"async\" width=\"1024\" height=\"768\" src=\"https:\/\/nassasilhouette.org\/wp-content\/uploads\/2021\/11\/5-High-Power-Chickens-1024x768.jpg\" alt=\"\" data-id=\"6457\" data-full-url=\"https:\/\/nassasilhouette.org\/wp-content\/uploads\/2021\/11\/5-High-Power-Chickens-scaled.jpg\" data-link=\"https:\/\/nassasilhouette.org\/?attachment_id=6457\" class=\"wp-image-6457\" srcset=\"https:\/\/nassasilhouette.org\/wp-content\/uploads\/2021\/11\/5-High-Power-Chickens-1024x768.jpg 1024w, https:\/\/nassasilhouette.org\/wp-content\/uploads\/2021\/11\/5-High-Power-Chickens-300x225.jpg 300w, https:\/\/nassasilhouette.org\/wp-content\/uploads\/2021\/11\/5-High-Power-Chickens-768x576.jpg 768w, https:\/\/nassasilhouette.org\/wp-content\/uploads\/2021\/11\/5-High-Power-Chickens-1536x1152.jpg 1536w, https:\/\/nassasilhouette.org\/wp-content\/uploads\/2021\/11\/5-High-Power-Chickens-2048x1536.jpg 2048w\" sizes=\"auto, (max-width: 1024px) 100vw, 1024px\" \/><\/a><figcaption class=\"blocks-gallery-item__caption\">Banco de pollos de alta potencia<\/figcaption><\/figure><\/li><\/ul><\/figure>\n\n\n\n<figure class=\"wp-block-gallery alignwide columns-2 is-cropped wp-block-gallery-4 is-layout-flex wp-block-gallery-is-layout-flex\"><ul class=\"blocks-gallery-grid\"><li class=\"blocks-gallery-item\"><figure><a href=\"https:\/\/nassasilhouette.org\/wp-content\/uploads\/2021\/11\/6-High-Power-Pigs-1-1024x768.jpg\"><img loading=\"lazy\" decoding=\"async\" width=\"1024\" height=\"768\" src=\"https:\/\/nassasilhouette.org\/wp-content\/uploads\/2021\/11\/6-High-Power-Pigs-1-1024x768.jpg\" alt=\"\" data-id=\"6458\" data-link=\"https:\/\/nassasilhouette.org\/?attachment_id=6458\" class=\"wp-image-6458\" srcset=\"https:\/\/nassasilhouette.org\/wp-content\/uploads\/2021\/11\/6-High-Power-Pigs-1-1024x768.jpg 1024w, https:\/\/nassasilhouette.org\/wp-content\/uploads\/2021\/11\/6-High-Power-Pigs-1-300x225.jpg 300w, https:\/\/nassasilhouette.org\/wp-content\/uploads\/2021\/11\/6-High-Power-Pigs-1-768x576.jpg 768w, https:\/\/nassasilhouette.org\/wp-content\/uploads\/2021\/11\/6-High-Power-Pigs-1-1536x1152.jpg 1536w, https:\/\/nassasilhouette.org\/wp-content\/uploads\/2021\/11\/6-High-Power-Pigs-1-2048x1536.jpg 2048w\" sizes=\"auto, (max-width: 1024px) 100vw, 1024px\" \/><\/a><figcaption class=\"blocks-gallery-item__caption\">Banco de cerdos de alta potencia<\/figcaption><\/figure><\/li><li class=\"blocks-gallery-item\"><figure><a href=\"https:\/\/nassasilhouette.org\/wp-content\/uploads\/2021\/11\/7-High-Power-Turkeys-1-scaled.jpg\"><img loading=\"lazy\" decoding=\"async\" width=\"1024\" height=\"768\" src=\"https:\/\/nassasilhouette.org\/wp-content\/uploads\/2021\/11\/7-High-Power-Turkeys-1-1024x768.jpg\" alt=\"\" data-id=\"6459\" data-full-url=\"https:\/\/nassasilhouette.org\/wp-content\/uploads\/2021\/11\/7-High-Power-Turkeys-1-scaled.jpg\" data-link=\"https:\/\/nassasilhouette.org\/?attachment_id=6459\" class=\"wp-image-6459\" srcset=\"https:\/\/nassasilhouette.org\/wp-content\/uploads\/2021\/11\/7-High-Power-Turkeys-1-1024x768.jpg 1024w, https:\/\/nassasilhouette.org\/wp-content\/uploads\/2021\/11\/7-High-Power-Turkeys-1-300x225.jpg 300w, https:\/\/nassasilhouette.org\/wp-content\/uploads\/2021\/11\/7-High-Power-Turkeys-1-768x576.jpg 768w, https:\/\/nassasilhouette.org\/wp-content\/uploads\/2021\/11\/7-High-Power-Turkeys-1-1536x1152.jpg 1536w, https:\/\/nassasilhouette.org\/wp-content\/uploads\/2021\/11\/7-High-Power-Turkeys-1-2048x1536.jpg 2048w\" sizes=\"auto, (max-width: 1024px) 100vw, 1024px\" \/><\/a><figcaption class=\"blocks-gallery-item__caption\">Banco de pavos de alta potencia Mirando hacia atr\u00e1s en la l\u00ednea de fuego<\/figcaption><\/figure><\/li><\/ul><\/figure>\n\n\n\n<figure class=\"wp-block-gallery alignwide columns-2 is-cropped wp-block-gallery-5 is-layout-flex wp-block-gallery-is-layout-flex\"><ul class=\"blocks-gallery-grid\"><li class=\"blocks-gallery-item\"><figure><a href=\"https:\/\/nassasilhouette.org\/wp-content\/uploads\/2021\/11\/8-High-Power-Rams-1-1024x768.jpg\"><img loading=\"lazy\" decoding=\"async\" width=\"1024\" height=\"768\" src=\"https:\/\/nassasilhouette.org\/wp-content\/uploads\/2021\/11\/8-High-Power-Rams-1-1024x768.jpg\" alt=\"\" data-id=\"6460\" data-link=\"https:\/\/nassasilhouette.org\/?attachment_id=6460\" class=\"wp-image-6460\" srcset=\"https:\/\/nassasilhouette.org\/wp-content\/uploads\/2021\/11\/8-High-Power-Rams-1-1024x768.jpg 1024w, https:\/\/nassasilhouette.org\/wp-content\/uploads\/2021\/11\/8-High-Power-Rams-1-300x225.jpg 300w, https:\/\/nassasilhouette.org\/wp-content\/uploads\/2021\/11\/8-High-Power-Rams-1-768x576.jpg 768w, https:\/\/nassasilhouette.org\/wp-content\/uploads\/2021\/11\/8-High-Power-Rams-1-1536x1152.jpg 1536w, https:\/\/nassasilhouette.org\/wp-content\/uploads\/2021\/11\/8-High-Power-Rams-1-2048x1536.jpg 2048w\" sizes=\"auto, (max-width: 1024px) 100vw, 1024px\" \/><\/a><figcaption class=\"blocks-gallery-item__caption\">Banco de arietes de alta potencia<\/figcaption><\/figure><\/li><li class=\"blocks-gallery-item\"><figure><a href=\"https:\/\/nassasilhouette.org\/wp-content\/uploads\/2021\/11\/9-HP-State-Championships-Prize-Table-1-scaled.jpg\"><img loading=\"lazy\" decoding=\"async\" width=\"1024\" height=\"768\" src=\"https:\/\/nassasilhouette.org\/wp-content\/uploads\/2021\/11\/9-HP-State-Championships-Prize-Table-1-1024x768.jpg\" alt=\"\" data-id=\"6461\" data-full-url=\"https:\/\/nassasilhouette.org\/wp-content\/uploads\/2021\/11\/9-HP-State-Championships-Prize-Table-1-scaled.jpg\" data-link=\"https:\/\/nassasilhouette.org\/?attachment_id=6461\" class=\"wp-image-6461\" srcset=\"https:\/\/nassasilhouette.org\/wp-content\/uploads\/2021\/11\/9-HP-State-Championships-Prize-Table-1-1024x768.jpg 1024w, https:\/\/nassasilhouette.org\/wp-content\/uploads\/2021\/11\/9-HP-State-Championships-Prize-Table-1-300x225.jpg 300w, https:\/\/nassasilhouette.org\/wp-content\/uploads\/2021\/11\/9-HP-State-Championships-Prize-Table-1-768x576.jpg 768w, https:\/\/nassasilhouette.org\/wp-content\/uploads\/2021\/11\/9-HP-State-Championships-Prize-Table-1-1536x1152.jpg 1536w, https:\/\/nassasilhouette.org\/wp-content\/uploads\/2021\/11\/9-HP-State-Championships-Prize-Table-1-2048x1536.jpg 2048w\" sizes=\"auto, (max-width: 1024px) 100vw, 1024px\" \/><\/a><figcaption class=\"blocks-gallery-item__caption\">Mesa de premios para vendedores &#8211; Campeonatos estatales de silueta HP<\/figcaption><\/figure><\/li><\/ul><\/figure>\n\n\n\n<figure class=\"wp-block-gallery alignwide columns-0 is-cropped wp-block-gallery-6 is-layout-flex wp-block-gallery-is-layout-flex\"><ul class=\"blocks-gallery-grid\"><\/ul><\/figure>\n\n\n\n<p><\/p>\n","protected":false},"excerpt":{"rendered":"<p>Xxxxx Informaci\u00f3n de contacto P\u00e1gina web: http:\/\/silhouette-texas.us\/ Facebook: Asociaci\u00f3n de Silueta del Centro de Texas Direcci\u00f3n profesional: Xxxx Ubicaci\u00f3n de Range: 421 Range Road, New Braunfels, Texas 78132 Contacto principal: Ken Schilling (Presidente) Tel\u00e9fono de contacto principal 580 583-4134 Correo electr\u00f3nico de contacto principal: Xxxx Contacto secundario: Jeff Shoemake Tel\u00e9fono de contacto secundario 830 708-6500&hellip; <a class=\"more-link\" href=\"https:\/\/nassasilhouette.org\/es-mx\/regiones-clubes-nassa\/regiones-clubes-de-ee-uu\/region-centro-sur-clubes\/asociacion-de-silueta-del-centro-de-texas\/\">Continue reading <span class=\"screen-reader-text\">Asociaci\u00f3n de Silueta del Centro de Texas<\/span><\/a><\/p>\n","protected":false},"author":4,"featured_media":0,"parent":19582,"menu_order":0,"comment_status":"closed","ping_status":"closed","template":"","meta":{"_acf_changed":false,"footnotes":""},"class_list":["post-19506","page","type-page","status-publish","hentry","entry"],"acf":[],"rttpg_featured_image_url":null,"rttpg_author":{"display_name":"Chris Cawthorne","author_link":"https:\/\/nassasilhouette.org\/es-mx\/author\/cecawthorneyahoo-com\/"},"rttpg_comment":0,"rttpg_category":" <a href=\"https:\/\/nassasilhouette.org\/es-mx\/?taxonomy=translation_priority&#038;term=optional-es-mx\" rel=\"tag\">Optional<\/a>","rttpg_excerpt":"Xxxxx Informaci\u00f3n de contacto P\u00e1gina web: http:\/\/silhouette-texas.us\/ Facebook: Asociaci\u00f3n de Silueta del Centro de Texas Direcci\u00f3n profesional: Xxxx Ubicaci\u00f3n de Range: 421 Range Road, New Braunfels, Texas 78132 Contacto principal: Ken Schilling (Presidente) Tel\u00e9fono de contacto principal 580 583-4134 Correo electr\u00f3nico de contacto principal: Xxxx Contacto secundario: Jeff Shoemake Tel\u00e9fono de contacto secundario 830 708-6500&hellip;&hellip;","_links":{"self":[{"href":"https:\/\/nassasilhouette.org\/es-mx\/wp-json\/wp\/v2\/pages\/19506","targetHints":{"allow":["GET"]}}],"collection":[{"href":"https:\/\/nassasilhouette.org\/es-mx\/wp-json\/wp\/v2\/pages"}],"about":[{"href":"https:\/\/nassasilhouette.org\/es-mx\/wp-json\/wp\/v2\/types\/page"}],"author":[{"embeddable":true,"href":"https:\/\/nassasilhouette.org\/es-mx\/wp-json\/wp\/v2\/users\/4"}],"replies":[{"embeddable":true,"href":"https:\/\/nassasilhouette.org\/es-mx\/wp-json\/wp\/v2\/comments?post=19506"}],"version-history":[{"count":0,"href":"https:\/\/nassasilhouette.org\/es-mx\/wp-json\/wp\/v2\/pages\/19506\/revisions"}],"up":[{"embeddable":true,"href":"https:\/\/nassasilhouette.org\/es-mx\/wp-json\/wp\/v2\/pages\/19582"}],"wp:attachment":[{"href":"https:\/\/nassasilhouette.org\/es-mx\/wp-json\/wp\/v2\/media?parent=19506"}],"curies":[{"name":"wp","href":"https:\/\/api.w.org\/{rel}","templated":true}]}}