{"id":19505,"date":"2021-11-24T16:43:05","date_gmt":"2021-11-24T22:43:05","guid":{"rendered":"https:\/\/nassasilhouette.org\/austin-rifle-club-inc-manor-texas\/"},"modified":"2021-11-24T16:43:05","modified_gmt":"2021-11-24T22:43:05","slug":"austin-rifle-club-inc-manor-texas","status":"publish","type":"page","link":"https:\/\/nassasilhouette.org\/es-mx\/regiones-clubes-nassa\/regiones-clubes-de-ee-uu\/region-centro-sur-clubes\/austin-rifle-club-inc-manor-texas\/","title":{"rendered":"Austin Rifle Club, Inc. &#8211; Manor, Texas"},"content":{"rendered":"\n<div class=\"wp-block-media-text alignwide is-stacked-on-mobile\" style=\"grid-template-columns:15% auto\"><figure class=\"wp-block-media-text__media\"><img loading=\"lazy\" decoding=\"async\" width=\"176\" height=\"145\" src=\"https:\/\/nassasilhouette.org\/wp-content\/uploads\/2021\/11\/Austin-Rifle-Club.png\" alt=\"\" class=\"wp-image-5709 size-full\"><\/figure><div class=\"wp-block-media-text__content\">\n<p><br><meta charset=\"utf-8\">El Austin Rifle Club, Inc, fundado en 1894 e incorporado en 1928, es una organizaci\u00f3n sin \u00e1nimo de lucro, formada exclusivamente por voluntarios, dedicada a los deportes de tiro y a la educaci\u00f3n de la juventud estadounidense en las \u00e1reas de tiro y manejo seguro de armas.&nbsp;  El Austin Rifle Club se encuentra a las afueras de Austin, en la localidad de Manor, Texas. Contamos con un edificio de formaci\u00f3n y con m\u00e1s de 1.500 socios.&nbsp; <\/p>\n\n\n\n<p>Los socios de ARC tienen acceso ilimitado a nuestro campo de tiro para disparar todo lo que quieran, y son tambi\u00e9n nuestros socios quienes se encargan de su mantenimiento.&nbsp;  Si decides unirte al club, te pedimos que te conviertas en un miembro implicado que dona tiempo para ayudar a asegurar que nosotros y nuestros hijos tengamos un lugar seguro para disparar para las generaciones venideras.<\/p>\n<\/div><\/div>\n\n\n\n<div style=\"height:50px\" aria-hidden=\"true\" class=\"wp-block-spacer\"><\/div>\n\n\n\n<p><\/p>\n\n\n\n<h2 class=\"has-text-align-center wp-block-heading\">Informaci\u00f3n de contacto<\/h2>\n\n\n\n<p><\/p>\n\n\n\n<figure class=\"wp-block-table is-style-stripes\"><table><tbody><tr><td><strong>P\u00e1gina web<\/strong>:<\/td><td>\n  <a href=\"https:\/\/austinrifleclub.org\/\" data-type=\"URL\" data-id=\"https:\/\/austinrifleclub.org\/\">https:\/\/austinrifleclub.org\/<\/a>\n<\/td><\/tr><tr><td><strong>Facebook<\/strong>:<\/td><td>\n  <strong>Club del Rifle de Austin<\/strong>\n<\/td><\/tr><tr><td><strong>Direcci\u00f3n comercial<\/strong>:<\/td><td>\n  <strong>P.O. Box 141399, Austin, TX 78714-1399<\/strong>\n<\/td><\/tr><tr><td><strong>Ubicaci\u00f3n del campo<\/strong>:<\/td><td><strong>16312 Littig Road, Manor, TX<\/strong>, 78653<\/td><\/tr><tr><td><strong>Contacto principal<\/strong>:<\/td><td>\n  <strong>Xxxx<\/strong>\n<\/td><\/tr><tr><td><strong>Tel\u00e9fono de contacto principal<\/strong>:<\/td><td>\n  <strong>Xxxx<\/strong>\n<\/td><\/tr><tr><td><strong>Correo electr\u00f3nico de contacto principal<\/strong>:<\/td><td>\n  <strong>Xxxx<\/strong>\n<\/td><\/tr><\/tbody><\/table><\/figure>\n\n\n\n<div style=\"height:30px\" aria-hidden=\"true\" class=\"wp-block-spacer\"><\/div>\n\n\n\n<p><\/p>\n\n\n\n<h2 class=\"has-text-align-center wp-block-heading\">Capacidades de la gama Silhouette<\/h2>\n\n\n\n<p><\/p>\n\n\n\n<figure class=\"wp-block-table is-style-stripes\"><table><tbody><tr><td class=\"has-text-align-left\" data-align=\"left\"><strong>Disciplinas<\/strong>:<\/td><td><strong>Range Facilites<\/strong>:<\/td><\/tr><tr><td class=\"has-text-align-left\" data-align=\"left\">\n  <strong>Rifle peque\u00f1o<\/strong>\n<\/td><td>\n  <strong>Xxxx<\/strong>\n<\/td><\/tr><tr><td class=\"has-text-align-left\" data-align=\"left\">\n  <strong>Rifle de alta potencia<\/strong>\n<\/td><td>\n  <strong>No disponible<\/strong>\n<\/td><\/tr><tr><td class=\"has-text-align-left\" data-align=\"left\">\n  <strong>Rifle de palanca<\/strong>\n<\/td><td>\n  <strong>Xxxx<\/strong>\n<\/td><\/tr><tr><td class=\"has-text-align-left\" data-align=\"left\">\n  <strong>Rifle de aire comprimido<\/strong>\n<\/td><td>\n  <strong>No disponible<\/strong>\n<\/td><\/tr><\/tbody><\/table><\/figure>\n\n\n\n<div style=\"height:30px\" aria-hidden=\"true\" class=\"wp-block-spacer\"><\/div>\n\n\n\n<h2 class=\"has-text-align-center wp-block-heading\">Instalaciones de la gama Silhouette<\/h2>\n\n\n\n<figure class=\"wp-block-gallery aligncenter columns-1 is-cropped wp-block-gallery-1 is-layout-flex wp-block-gallery-is-layout-flex\"><ul class=\"blocks-gallery-grid\"><li class=\"blocks-gallery-item\"><figure><a href=\"https:\/\/nassasilhouette.org\/wp-content\/uploads\/2021\/11\/1-Lever-Action-Range-scaled.jpg\"><img loading=\"lazy\" decoding=\"async\" width=\"1024\" height=\"332\" src=\"https:\/\/nassasilhouette.org\/wp-content\/uploads\/2021\/11\/1-Lever-Action-Range-1024x332.jpg\" alt=\"\" data-id=\"6476\" data-full-url=\"https:\/\/nassasilhouette.org\/wp-content\/uploads\/2021\/11\/1-Lever-Action-Range-scaled.jpg\" data-link=\"https:\/\/nassasilhouette.org\/nassa-regions\/usa-gun-clubs\/south-central\/austin-rifle-club-manor-texas-2\/1-lever-action-range\/\" class=\"wp-image-6476\" srcset=\"https:\/\/nassasilhouette.org\/wp-content\/uploads\/2021\/11\/1-Lever-Action-Range-1024x332.jpg 1024w, https:\/\/nassasilhouette.org\/wp-content\/uploads\/2021\/11\/1-Lever-Action-Range-300x97.jpg 300w, https:\/\/nassasilhouette.org\/wp-content\/uploads\/2021\/11\/1-Lever-Action-Range-768x249.jpg 768w, https:\/\/nassasilhouette.org\/wp-content\/uploads\/2021\/11\/1-Lever-Action-Range-1536x499.jpg 1536w, https:\/\/nassasilhouette.org\/wp-content\/uploads\/2021\/11\/1-Lever-Action-Range-2048x665.jpg 2048w\" sizes=\"auto, (max-width: 1024px) 100vw, 1024px\" \/><\/a><figcaption class=\"blocks-gallery-item__caption\">Alcance de la acci\u00f3n de palanca y bancos de animales<\/figcaption><\/figure><\/li><\/ul><\/figure>\n\n\n\n<figure class=\"wp-block-gallery alignwide columns-2 is-cropped wp-block-gallery-2 is-layout-flex wp-block-gallery-is-layout-flex\"><ul class=\"blocks-gallery-grid\"><li class=\"blocks-gallery-item\"><figure><a href=\"https:\/\/nassasilhouette.org\/wp-content\/uploads\/2021\/11\/2-Lever-Action-Range-1024x681.png\"><img loading=\"lazy\" decoding=\"async\" width=\"1024\" height=\"681\" src=\"https:\/\/nassasilhouette.org\/wp-content\/uploads\/2021\/11\/2-Lever-Action-Range-1024x681.png\" alt=\"\" data-id=\"6477\" data-link=\"https:\/\/nassasilhouette.org\/nassa-regions\/usa-gun-clubs\/south-central\/austin-rifle-club-manor-texas-2\/2-lever-action-range\/\" class=\"wp-image-6477\" srcset=\"https:\/\/nassasilhouette.org\/wp-content\/uploads\/2021\/11\/2-Lever-Action-Range-1024x681.png 1024w, https:\/\/nassasilhouette.org\/wp-content\/uploads\/2021\/11\/2-Lever-Action-Range-300x199.png 300w, https:\/\/nassasilhouette.org\/wp-content\/uploads\/2021\/11\/2-Lever-Action-Range-768x511.png 768w, https:\/\/nassasilhouette.org\/wp-content\/uploads\/2021\/11\/2-Lever-Action-Range.png 1226w\" sizes=\"auto, (max-width: 1024px) 100vw, 1024px\" \/><\/a><figcaption class=\"blocks-gallery-item__caption\">Competidores del TSRA Texas State Lever Action Championship<\/figcaption><\/figure><\/li><li class=\"blocks-gallery-item\"><figure><a href=\"https:\/\/nassasilhouette.org\/wp-content\/uploads\/2021\/11\/3-Lever-Action-Firing-Line-1.jpg\"><img loading=\"lazy\" decoding=\"async\" width=\"1024\" height=\"691\" src=\"https:\/\/nassasilhouette.org\/wp-content\/uploads\/2021\/11\/3-Lever-Action-Firing-Line-1-1024x691.jpg\" alt=\"\" data-id=\"6489\" data-full-url=\"https:\/\/nassasilhouette.org\/wp-content\/uploads\/2021\/11\/3-Lever-Action-Firing-Line-1.jpg\" data-link=\"https:\/\/nassasilhouette.org\/nassa-regions\/usa-gun-clubs\/south-central\/austin-rifle-club-manor-texas-2\/3-lever-action-firing-line-1\/\" class=\"wp-image-6489\" srcset=\"https:\/\/nassasilhouette.org\/wp-content\/uploads\/2021\/11\/3-Lever-Action-Firing-Line-1-1024x691.jpg 1024w, https:\/\/nassasilhouette.org\/wp-content\/uploads\/2021\/11\/3-Lever-Action-Firing-Line-1-300x202.jpg 300w, https:\/\/nassasilhouette.org\/wp-content\/uploads\/2021\/11\/3-Lever-Action-Firing-Line-1-768x518.jpg 768w, https:\/\/nassasilhouette.org\/wp-content\/uploads\/2021\/11\/3-Lever-Action-Firing-Line-1-1536x1036.jpg 1536w, https:\/\/nassasilhouette.org\/wp-content\/uploads\/2021\/11\/3-Lever-Action-Firing-Line-1.jpg 1686w\" sizes=\"auto, (max-width: 1024px) 100vw, 1024px\" \/><\/a><figcaption class=\"blocks-gallery-item__caption\">L\u00ednea de tiro de palanca<\/figcaption><\/figure><\/li><\/ul><\/figure>\n\n\n\n<figure class=\"wp-block-gallery alignwide columns-2 is-cropped wp-block-gallery-3 is-layout-flex wp-block-gallery-is-layout-flex\"><ul class=\"blocks-gallery-grid\"><li class=\"blocks-gallery-item\"><figure><a href=\"https:\/\/nassasilhouette.org\/wp-content\/uploads\/2021\/11\/5-Chicken-Bank-1.jpg\"><img loading=\"lazy\" decoding=\"async\" width=\"1024\" height=\"683\" src=\"https:\/\/nassasilhouette.org\/wp-content\/uploads\/2021\/11\/5-Chicken-Bank-1-1024x683.jpg\" alt=\"\" data-id=\"6494\" data-full-url=\"https:\/\/nassasilhouette.org\/wp-content\/uploads\/2021\/11\/5-Chicken-Bank-1.jpg\" data-link=\"https:\/\/nassasilhouette.org\/nassa-regions\/usa-gun-clubs\/south-central\/austin-rifle-club-manor-texas-2\/5-chicken-bank-1\/\" class=\"wp-image-6494\" srcset=\"https:\/\/nassasilhouette.org\/wp-content\/uploads\/2021\/11\/5-Chicken-Bank-1-1024x683.jpg 1024w, https:\/\/nassasilhouette.org\/wp-content\/uploads\/2021\/11\/5-Chicken-Bank-1-300x200.jpg 300w, https:\/\/nassasilhouette.org\/wp-content\/uploads\/2021\/11\/5-Chicken-Bank-1-768x512.jpg 768w, https:\/\/nassasilhouette.org\/wp-content\/uploads\/2021\/11\/5-Chicken-Bank-1-1536x1025.jpg 1536w, https:\/\/nassasilhouette.org\/wp-content\/uploads\/2021\/11\/5-Chicken-Bank-1.jpg 2048w\" sizes=\"auto, (max-width: 1024px) 100vw, 1024px\" \/><\/a><figcaption class=\"blocks-gallery-item__caption\">Banco de pollos de palanca<\/figcaption><\/figure><\/li><li class=\"blocks-gallery-item\"><figure><a href=\"https:\/\/nassasilhouette.org\/wp-content\/uploads\/2021\/11\/4-Ram-BankJPG-683x1024.jpg\"><img loading=\"lazy\" decoding=\"async\" width=\"683\" height=\"1024\" src=\"https:\/\/nassasilhouette.org\/wp-content\/uploads\/2021\/11\/4-Ram-BankJPG-683x1024.jpg\" alt=\"\" data-id=\"6490\" data-link=\"https:\/\/nassasilhouette.org\/nassa-regions\/usa-gun-clubs\/south-central\/austin-rifle-club-manor-texas-2\/4-ram-bankjpg\/\" class=\"wp-image-6490\" srcset=\"https:\/\/nassasilhouette.org\/wp-content\/uploads\/2021\/11\/4-Ram-BankJPG-683x1024.jpg 683w, https:\/\/nassasilhouette.org\/wp-content\/uploads\/2021\/11\/4-Ram-BankJPG-200x300.jpg 200w, https:\/\/nassasilhouette.org\/wp-content\/uploads\/2021\/11\/4-Ram-BankJPG-768x1152.jpg 768w, https:\/\/nassasilhouette.org\/wp-content\/uploads\/2021\/11\/4-Ram-BankJPG-1024x1536.jpg 1024w, https:\/\/nassasilhouette.org\/wp-content\/uploads\/2021\/11\/4-Ram-BankJPG.jpg 1365w\" sizes=\"auto, (max-width: 683px) 100vw, 683px\" \/><\/a><figcaption class=\"blocks-gallery-item__caption\">L\u00ednea de tiro de palanca y banco de pistones<\/figcaption><\/figure><\/li><\/ul><\/figure>\n\n\n\n<figure class=\"wp-block-gallery alignwide columns-2 is-cropped wp-block-gallery-4 is-layout-flex wp-block-gallery-is-layout-flex\"><ul class=\"blocks-gallery-grid\"><li class=\"blocks-gallery-item\"><figure><a href=\"https:\/\/nassasilhouette.org\/wp-content\/uploads\/2021\/11\/6-Lever-Action-rifle-Rack-1024x768.jpeg\"><img loading=\"lazy\" decoding=\"async\" width=\"1024\" height=\"768\" src=\"https:\/\/nassasilhouette.org\/wp-content\/uploads\/2021\/11\/6-Lever-Action-rifle-Rack-1024x768.jpeg\" alt=\"\" data-id=\"6481\" data-link=\"https:\/\/nassasilhouette.org\/nassa-regions\/usa-gun-clubs\/south-central\/austin-rifle-club-manor-texas-2\/6-lever-action-rifle-rack\/\" class=\"wp-image-6481\" srcset=\"https:\/\/nassasilhouette.org\/wp-content\/uploads\/2021\/11\/6-Lever-Action-rifle-Rack-1024x768.jpeg 1024w, https:\/\/nassasilhouette.org\/wp-content\/uploads\/2021\/11\/6-Lever-Action-rifle-Rack-300x225.jpeg 300w, https:\/\/nassasilhouette.org\/wp-content\/uploads\/2021\/11\/6-Lever-Action-rifle-Rack-768x576.jpeg 768w, https:\/\/nassasilhouette.org\/wp-content\/uploads\/2021\/11\/6-Lever-Action-rifle-Rack-1536x1152.jpeg 1536w, https:\/\/nassasilhouette.org\/wp-content\/uploads\/2021\/11\/6-Lever-Action-rifle-Rack-2048x1536.jpeg 2048w\" sizes=\"auto, (max-width: 1024px) 100vw, 1024px\" \/><\/a><figcaption class=\"blocks-gallery-item__caption\">Unas armas de palanca<\/figcaption><\/figure><\/li><li class=\"blocks-gallery-item\"><figure><a href=\"https:\/\/nassasilhouette.org\/wp-content\/uploads\/2021\/11\/7-Rifle-Cart-scaled.jpeg\"><img loading=\"lazy\" decoding=\"async\" width=\"768\" height=\"1024\" src=\"https:\/\/nassasilhouette.org\/wp-content\/uploads\/2021\/11\/7-Rifle-Cart-768x1024.jpeg\" alt=\"\" data-id=\"6482\" data-full-url=\"https:\/\/nassasilhouette.org\/wp-content\/uploads\/2021\/11\/7-Rifle-Cart-scaled.jpeg\" data-link=\"https:\/\/nassasilhouette.org\/nassa-regions\/usa-gun-clubs\/south-central\/austin-rifle-club-manor-texas-2\/7-rifle-cart\/\" class=\"wp-image-6482\" srcset=\"https:\/\/nassasilhouette.org\/wp-content\/uploads\/2021\/11\/7-Rifle-Cart-768x1024.jpeg 768w, https:\/\/nassasilhouette.org\/wp-content\/uploads\/2021\/11\/7-Rifle-Cart-225x300.jpeg 225w, https:\/\/nassasilhouette.org\/wp-content\/uploads\/2021\/11\/7-Rifle-Cart-1152x1536.jpeg 1152w, https:\/\/nassasilhouette.org\/wp-content\/uploads\/2021\/11\/7-Rifle-Cart-1536x2048.jpeg 1536w, https:\/\/nassasilhouette.org\/wp-content\/uploads\/2021\/11\/7-Rifle-Cart-scaled.jpeg 1920w\" sizes=\"auto, (max-width: 768px) 100vw, 768px\" \/><\/a><figcaption class=\"blocks-gallery-item__caption\">Carro de palanca<\/figcaption><\/figure><\/li><\/ul><\/figure>\n\n\n\n<figure class=\"wp-block-gallery alignwide columns-2 is-cropped wp-block-gallery-5 is-layout-flex wp-block-gallery-is-layout-flex\"><ul class=\"blocks-gallery-grid\"><li class=\"blocks-gallery-item\"><figure><a href=\"https:\/\/nassasilhouette.org\/wp-content\/uploads\/2021\/11\/8-SB-Firing-Line.jpg\"><img loading=\"lazy\" decoding=\"async\" width=\"1024\" height=\"684\" src=\"https:\/\/nassasilhouette.org\/wp-content\/uploads\/2021\/11\/8-SB-Firing-Line-1024x684.jpg\" alt=\"\" data-id=\"6491\" data-full-url=\"https:\/\/nassasilhouette.org\/wp-content\/uploads\/2021\/11\/8-SB-Firing-Line.jpg\" data-link=\"https:\/\/nassasilhouette.org\/nassa-regions\/usa-gun-clubs\/south-central\/austin-rifle-club-manor-texas-2\/8-sb-firing-line\/\" class=\"wp-image-6491\" srcset=\"https:\/\/nassasilhouette.org\/wp-content\/uploads\/2021\/11\/8-SB-Firing-Line-1024x684.jpg 1024w, https:\/\/nassasilhouette.org\/wp-content\/uploads\/2021\/11\/8-SB-Firing-Line-300x200.jpg 300w, https:\/\/nassasilhouette.org\/wp-content\/uploads\/2021\/11\/8-SB-Firing-Line-768x513.jpg 768w, https:\/\/nassasilhouette.org\/wp-content\/uploads\/2021\/11\/8-SB-Firing-Line-1536x1025.jpg 1536w, https:\/\/nassasilhouette.org\/wp-content\/uploads\/2021\/11\/8-SB-Firing-Line.jpg 2048w\" sizes=\"auto, (max-width: 1024px) 100vw, 1024px\" \/><\/a><figcaption class=\"blocks-gallery-item__caption\">L\u00ednea de tiro para armas peque\u00f1as y bancos de animales<\/figcaption><\/figure><\/li><li class=\"blocks-gallery-item\"><figure><a href=\"https:\/\/nassasilhouette.org\/wp-content\/uploads\/2021\/11\/9-SB-Range-Resettables-1024x768.jpg\"><img loading=\"lazy\" decoding=\"async\" width=\"1024\" height=\"768\" src=\"https:\/\/nassasilhouette.org\/wp-content\/uploads\/2021\/11\/9-SB-Range-Resettables-1024x768.jpg\" alt=\"\" data-id=\"6484\" data-link=\"https:\/\/nassasilhouette.org\/nassa-regions\/usa-gun-clubs\/south-central\/austin-rifle-club-manor-texas-2\/9-sb-range-resettables\/\" class=\"wp-image-6484\" srcset=\"https:\/\/nassasilhouette.org\/wp-content\/uploads\/2021\/11\/9-SB-Range-Resettables-1024x768.jpg 1024w, https:\/\/nassasilhouette.org\/wp-content\/uploads\/2021\/11\/9-SB-Range-Resettables-300x225.jpg 300w, https:\/\/nassasilhouette.org\/wp-content\/uploads\/2021\/11\/9-SB-Range-Resettables-768x576.jpg 768w, https:\/\/nassasilhouette.org\/wp-content\/uploads\/2021\/11\/9-SB-Range-Resettables-1536x1152.jpg 1536w, https:\/\/nassasilhouette.org\/wp-content\/uploads\/2021\/11\/9-SB-Range-Resettables-2048x1536.jpg 2048w\" sizes=\"auto, (max-width: 1024px) 100vw, 1024px\" \/><\/a><figcaption class=\"blocks-gallery-item__caption\">Peque\u00f1o calibre Silueta Gama Reajustables<\/figcaption><\/figure><\/li><\/ul><\/figure>\n\n\n\n<p><\/p>\n","protected":false},"excerpt":{"rendered":"<p>El Austin Rifle Club, Inc, fundado en 1894 e incorporado en 1928, es una organizaci\u00f3n sin \u00e1nimo de lucro, formada exclusivamente por voluntarios, dedicada a los deportes de tiro y a la educaci\u00f3n de la juventud estadounidense en las \u00e1reas de tiro y manejo seguro de armas.&nbsp; El Austin Rifle Club se encuentra a las&hellip; <a class=\"more-link\" href=\"https:\/\/nassasilhouette.org\/es-mx\/regiones-clubes-nassa\/regiones-clubes-de-ee-uu\/region-centro-sur-clubes\/austin-rifle-club-inc-manor-texas\/\">Continue reading <span class=\"screen-reader-text\">Austin Rifle Club, Inc. &#8211; Manor, Texas<\/span><\/a><\/p>\n","protected":false},"author":4,"featured_media":0,"parent":19582,"menu_order":0,"comment_status":"closed","ping_status":"closed","template":"","meta":{"_acf_changed":false,"footnotes":""},"class_list":["post-19505","page","type-page","status-publish","hentry","entry"],"acf":[],"rttpg_featured_image_url":null,"rttpg_author":{"display_name":"Chris Cawthorne","author_link":"https:\/\/nassasilhouette.org\/es-mx\/author\/cecawthorneyahoo-com\/"},"rttpg_comment":0,"rttpg_category":" <a href=\"https:\/\/nassasilhouette.org\/es-mx\/?taxonomy=translation_priority&#038;term=optional-es-mx\" rel=\"tag\">Optional<\/a>","rttpg_excerpt":"El Austin Rifle Club, Inc, fundado en 1894 e incorporado en 1928, es una organizaci\u00f3n sin \u00e1nimo de lucro, formada exclusivamente por voluntarios, dedicada a los deportes de tiro y a la educaci\u00f3n de la juventud estadounidense en las \u00e1reas de tiro y manejo seguro de armas.&nbsp; El Austin Rifle Club se encuentra a las&hellip;&hellip;","_links":{"self":[{"href":"https:\/\/nassasilhouette.org\/es-mx\/wp-json\/wp\/v2\/pages\/19505","targetHints":{"allow":["GET"]}}],"collection":[{"href":"https:\/\/nassasilhouette.org\/es-mx\/wp-json\/wp\/v2\/pages"}],"about":[{"href":"https:\/\/nassasilhouette.org\/es-mx\/wp-json\/wp\/v2\/types\/page"}],"author":[{"embeddable":true,"href":"https:\/\/nassasilhouette.org\/es-mx\/wp-json\/wp\/v2\/users\/4"}],"replies":[{"embeddable":true,"href":"https:\/\/nassasilhouette.org\/es-mx\/wp-json\/wp\/v2\/comments?post=19505"}],"version-history":[{"count":0,"href":"https:\/\/nassasilhouette.org\/es-mx\/wp-json\/wp\/v2\/pages\/19505\/revisions"}],"up":[{"embeddable":true,"href":"https:\/\/nassasilhouette.org\/es-mx\/wp-json\/wp\/v2\/pages\/19582"}],"wp:attachment":[{"href":"https:\/\/nassasilhouette.org\/es-mx\/wp-json\/wp\/v2\/media?parent=19505"}],"curies":[{"name":"wp","href":"https:\/\/api.w.org\/{rel}","templated":true}]}}