{"id":19504,"date":"2021-12-31T10:42:17","date_gmt":"2021-12-31T16:42:17","guid":{"rendered":"https:\/\/nassasilhouette.org\/proximos-campeonatos\/proximos-campeonatos-de-mexico\/"},"modified":"2024-04-11T22:47:35","modified_gmt":"2024-04-12T03:47:35","slug":"proximos-campeonatos-de-mexico","status":"publish","type":"page","link":"https:\/\/nassasilhouette.org\/es-mx\/proximos-campeonatos\/proximos-campeonatos-de-mexico\/","title":{"rendered":"Pr\u00f3ximos campeonatos de M\u00e9xico"},"content":{"rendered":"\n<div style=\"height:20px\" aria-hidden=\"true\" class=\"wp-block-spacer\"><\/div>\n\n\n\n<div class=\"wp-block-media-text alignwide has-media-on-the-right is-stacked-on-mobile\" style=\"grid-template-columns:auto 57%\"><div class=\"wp-block-media-text__content\">\n<p><meta charset=\"utf-8\">A continuaci\u00f3n encontrar\u00e1 los Campeonatos de M\u00e9xico (sancionados por la FEMETI), as\u00ed como enlaces a los perfiles de los clubes de armas anfitriones y los programas de los partidos. Su Equipo de Implementaci\u00f3n de NASSA est\u00e1 trabajando duro para capturar todos los Partidos de Campeonato conocidos a medida que lanzamos el Sitio Web de NASSA.<\/p>\n<\/div><figure class=\"wp-block-media-text__media\"><img loading=\"lazy\" decoding=\"async\" width=\"1024\" height=\"678\" src=\"https:\/\/nassasilhouette.org\/wp-content\/uploads\/2021\/12\/Mexico-Regions-Map-1-1024x678.png\" alt=\"\" class=\"wp-image-8105 size-full\" srcset=\"https:\/\/nassasilhouette.org\/wp-content\/uploads\/2021\/12\/Mexico-Regions-Map-1-1024x678.png 1024w, https:\/\/nassasilhouette.org\/wp-content\/uploads\/2021\/12\/Mexico-Regions-Map-1-300x199.png 300w, https:\/\/nassasilhouette.org\/wp-content\/uploads\/2021\/12\/Mexico-Regions-Map-1-768x509.png 768w, https:\/\/nassasilhouette.org\/wp-content\/uploads\/2021\/12\/Mexico-Regions-Map-1-1536x1017.png 1536w, https:\/\/nassasilhouette.org\/wp-content\/uploads\/2021\/12\/Mexico-Regions-Map-1-2048x1356.png 2048w\" sizes=\"auto, (max-width: 1024px) 100vw, 1024px\" \/><\/figure><\/div>\n\n\n\n<div style=\"height:10px\" aria-hidden=\"true\" class=\"wp-block-spacer\"><\/div>\n\n\n\n<p class=\"has-text-align-center has-vivid-cyan-blue-color has-text-color\"><strong>Si no ves tu partido del campeonato en la lista, ponte en contacto con tu director regional, publ\u00edcalo en el Facebook de NASSA, en el foro de NASSA o haz clic en el siguiente enlace:<\/strong><\/p>\n\n\n\n<div class=\"wp-block-buttons is-content-justification-center is-layout-flex wp-container-core-buttons-is-layout-16018d1d wp-block-buttons-is-layout-flex\">\n<div class=\"wp-block-button has-custom-font-size has-extra-small-font-size\"><a class=\"wp-block-button__link has-vivid-cyan-blue-background-color has-background wp-element-button\" href=\"https:\/\/nassasilhouette.org\/wp-admin\/nassasilhouette.org\/contact-us\"><strong>CONTACTAR CON NOSOTROS<\/strong><\/a><\/div>\n<\/div>\n\n\n\n<hr class=\"wp-block-separator has-alpha-channel-opacity\">\n\n\n\n<div style=\"height:50px\" aria-hidden=\"true\" class=\"wp-block-spacer\"><\/div>\n\n\n<div class=\"wp-block-image\">\n<figure class=\"aligncenter size-large\"><img loading=\"lazy\" decoding=\"async\" width=\"1024\" height=\"192\" src=\"https:\/\/nassasilhouette.org\/wp-content\/uploads\/2022\/12\/2023-Mexico-Championship-Season-Banner-1024x192.jpg\" alt=\"\" class=\"wp-image-16798\" srcset=\"https:\/\/nassasilhouette.org\/wp-content\/uploads\/2022\/12\/2023-Mexico-Championship-Season-Banner-1024x192.jpg 1024w, https:\/\/nassasilhouette.org\/wp-content\/uploads\/2022\/12\/2023-Mexico-Championship-Season-Banner-300x56.jpg 300w, https:\/\/nassasilhouette.org\/wp-content\/uploads\/2022\/12\/2023-Mexico-Championship-Season-Banner-768x144.jpg 768w, https:\/\/nassasilhouette.org\/wp-content\/uploads\/2022\/12\/2023-Mexico-Championship-Season-Banner-1536x288.jpg 1536w, https:\/\/nassasilhouette.org\/wp-content\/uploads\/2022\/12\/2023-Mexico-Championship-Season-Banner-2048x384.jpg 2048w, https:\/\/nassasilhouette.org\/wp-content\/uploads\/2022\/12\/2023-Mexico-Championship-Season-Banner-1568x294.jpg 1568w\" sizes=\"auto, (max-width: 1024px) 100vw, 1024px\" \/><\/figure>\n<\/div>\n\n<div class=\"wp-block-image\">\n<figure class=\"aligncenter size-large is-resized\"><img loading=\"lazy\" decoding=\"async\" width=\"1024\" height=\"1008\" src=\"https:\/\/nassasilhouette.org\/wp-content\/uploads\/2022\/12\/Under-Construction-Logo-1024x1008.jpg\" alt=\"\" class=\"wp-image-16800\" style=\"width:262px;height:258px\" srcset=\"https:\/\/nassasilhouette.org\/wp-content\/uploads\/2022\/12\/Under-Construction-Logo-1024x1008.jpg 1024w, https:\/\/nassasilhouette.org\/wp-content\/uploads\/2022\/12\/Under-Construction-Logo-300x295.jpg 300w, https:\/\/nassasilhouette.org\/wp-content\/uploads\/2022\/12\/Under-Construction-Logo-768x756.jpg 768w, https:\/\/nassasilhouette.org\/wp-content\/uploads\/2022\/12\/Under-Construction-Logo.jpg 1494w\" sizes=\"auto, (max-width: 1024px) 100vw, 1024px\" \/><\/figure>\n<\/div>\n\n\n<div style=\"height:10px\" aria-hidden=\"true\" class=\"wp-block-spacer\"><\/div>\n\n\n\n<p>Horario de Femeti<\/p>\n\n\n\n<div class=\"wp-block-buttons is-layout-flex wp-block-buttons-is-layout-flex\">\n<div class=\"wp-block-button\"><a class=\"wp-block-button__link wp-element-button\" href=\"https:\/\/view.publitas.com\/silueteros-com\/calendario-femeti-2024-siluetas-metalicas\/page\/1?fbclid=IwAR0pNkDw7MevNKucb9fIXkbJeYLjd9NS2yVBSWFDX_pvXIbiV_RDpiuBeKI\">Calendario Femeti 2024<\/a><\/div>\n<\/div>\n\n\n\n<p class=\"has-text-align-center has-text-color\" style=\"color:#ee0808\"><strong>\u00a1El Equipo de Implementaci\u00f3n de NASSA estar\u00e1 trabajando de cerca con Ricard Arellano, nuestro Director de Integraci\u00f3n de NASSA M\u00e9xico, para actualizar toda la informaci\u00f3n sobre los Pr\u00f3ximos Campeonatos de M\u00e9xico 2023! Perdonen nuestra construcci\u00f3n hasta que terminemos nuestro trabajo.<\/strong><\/p>\n\n\n\n<hr class=\"wp-block-separator has-alpha-channel-opacity\">\n\n\n\n<div style=\"height:10px\" aria-hidden=\"true\" class=\"wp-block-spacer\"><\/div>\n\n\n<div class=\"wp-block-image\">\n<figure class=\"aligncenter size-large\"><img loading=\"lazy\" decoding=\"async\" width=\"1024\" height=\"77\" src=\"https:\/\/nassasilhouette.org\/wp-content\/uploads\/2021\/12\/Enero-January-Banner-1024x77.png\" alt=\"\" class=\"wp-image-8429\" srcset=\"https:\/\/nassasilhouette.org\/wp-content\/uploads\/2021\/12\/Enero-January-Banner-1024x77.png 1024w, https:\/\/nassasilhouette.org\/wp-content\/uploads\/2021\/12\/Enero-January-Banner-300x22.png 300w, https:\/\/nassasilhouette.org\/wp-content\/uploads\/2021\/12\/Enero-January-Banner-768x57.png 768w, https:\/\/nassasilhouette.org\/wp-content\/uploads\/2021\/12\/Enero-January-Banner-1536x115.png 1536w, https:\/\/nassasilhouette.org\/wp-content\/uploads\/2021\/12\/Enero-January-Banner-2048x153.png 2048w\" sizes=\"auto, (max-width: 1024px) 100vw, 1024px\" \/><\/figure>\n<\/div>\n\n\n<p class=\"has-text-align-center has-vivid-red-color has-text-color\"><meta charset=\"utf-8\"><strong>(En construcci\u00f3n)<\/strong><\/p>\n\n\n\n<hr class=\"wp-block-separator has-alpha-channel-opacity\">\n\n\n<div class=\"wp-block-image\">\n<figure class=\"aligncenter size-large\"><img loading=\"lazy\" decoding=\"async\" width=\"1024\" height=\"78\" src=\"https:\/\/nassasilhouette.org\/wp-content\/uploads\/2021\/12\/Febrero-February-Banner-1024x78.png\" alt=\"\" class=\"wp-image-8430\" srcset=\"https:\/\/nassasilhouette.org\/wp-content\/uploads\/2021\/12\/Febrero-February-Banner-1024x78.png 1024w, https:\/\/nassasilhouette.org\/wp-content\/uploads\/2021\/12\/Febrero-February-Banner-300x23.png 300w, https:\/\/nassasilhouette.org\/wp-content\/uploads\/2021\/12\/Febrero-February-Banner-768x59.png 768w, https:\/\/nassasilhouette.org\/wp-content\/uploads\/2021\/12\/Febrero-February-Banner-1536x117.png 1536w, https:\/\/nassasilhouette.org\/wp-content\/uploads\/2021\/12\/Febrero-February-Banner-2048x156.png 2048w\" sizes=\"auto, (max-width: 1024px) 100vw, 1024px\" \/><\/figure>\n<\/div>\n\n\n<p class=\"has-text-align-center has-vivid-red-color has-text-color\"><meta charset=\"utf-8\"><strong>(En construcci\u00f3n)<\/strong><meta charset=\"utf-8\"><\/p>\n\n\n\n<hr class=\"wp-block-separator has-alpha-channel-opacity\">\n\n\n<div class=\"wp-block-image\">\n<figure class=\"aligncenter size-large\"><img loading=\"lazy\" decoding=\"async\" width=\"1024\" height=\"77\" src=\"https:\/\/nassasilhouette.org\/wp-content\/uploads\/2021\/12\/Marzo-March-Banner-1024x77.png\" alt=\"\" class=\"wp-image-8432\" srcset=\"https:\/\/nassasilhouette.org\/wp-content\/uploads\/2021\/12\/Marzo-March-Banner-1024x77.png 1024w, https:\/\/nassasilhouette.org\/wp-content\/uploads\/2021\/12\/Marzo-March-Banner-300x22.png 300w, https:\/\/nassasilhouette.org\/wp-content\/uploads\/2021\/12\/Marzo-March-Banner-768x57.png 768w, https:\/\/nassasilhouette.org\/wp-content\/uploads\/2021\/12\/Marzo-March-Banner-1536x115.png 1536w, https:\/\/nassasilhouette.org\/wp-content\/uploads\/2021\/12\/Marzo-March-Banner-2048x153.png 2048w\" sizes=\"auto, (max-width: 1024px) 100vw, 1024px\" \/><\/figure>\n<\/div>\n\n\n<p class=\"has-text-align-center has-vivid-red-color has-text-color\"><meta charset=\"utf-8\"><strong>(En construcci\u00f3n)<\/strong><meta charset=\"utf-8\"><\/p>\n\n\n\n<hr class=\"wp-block-separator has-alpha-channel-opacity\">\n\n\n<div class=\"wp-block-image\">\n<figure class=\"aligncenter size-large\"><img loading=\"lazy\" decoding=\"async\" width=\"1024\" height=\"78\" src=\"https:\/\/nassasilhouette.org\/wp-content\/uploads\/2021\/12\/Abril-April-Banner-1024x78.png\" alt=\"\" class=\"wp-image-8433\" srcset=\"https:\/\/nassasilhouette.org\/wp-content\/uploads\/2021\/12\/Abril-April-Banner-1024x78.png 1024w, https:\/\/nassasilhouette.org\/wp-content\/uploads\/2021\/12\/Abril-April-Banner-300x23.png 300w, https:\/\/nassasilhouette.org\/wp-content\/uploads\/2021\/12\/Abril-April-Banner-768x59.png 768w, https:\/\/nassasilhouette.org\/wp-content\/uploads\/2021\/12\/Abril-April-Banner-1536x117.png 1536w, https:\/\/nassasilhouette.org\/wp-content\/uploads\/2021\/12\/Abril-April-Banner-2048x156.png 2048w\" sizes=\"auto, (max-width: 1024px) 100vw, 1024px\" \/><\/figure>\n<\/div>\n\n\n<p class=\"has-text-align-center has-vivid-red-color has-text-color\"><meta charset=\"utf-8\"><strong>(En construcci\u00f3n)<\/strong><meta charset=\"utf-8\"><\/p>\n\n\n\n<hr class=\"wp-block-separator has-alpha-channel-opacity\">\n\n\n<div class=\"wp-block-image\">\n<figure class=\"aligncenter size-large\"><img loading=\"lazy\" decoding=\"async\" width=\"1024\" height=\"78\" src=\"https:\/\/nassasilhouette.org\/wp-content\/uploads\/2021\/12\/Mayo-May-Banner-1024x78.png\" alt=\"\" class=\"wp-image-8434\" srcset=\"https:\/\/nassasilhouette.org\/wp-content\/uploads\/2021\/12\/Mayo-May-Banner-1024x78.png 1024w, https:\/\/nassasilhouette.org\/wp-content\/uploads\/2021\/12\/Mayo-May-Banner-300x23.png 300w, https:\/\/nassasilhouette.org\/wp-content\/uploads\/2021\/12\/Mayo-May-Banner-768x59.png 768w, https:\/\/nassasilhouette.org\/wp-content\/uploads\/2021\/12\/Mayo-May-Banner-1536x117.png 1536w, https:\/\/nassasilhouette.org\/wp-content\/uploads\/2021\/12\/Mayo-May-Banner-2048x156.png 2048w\" sizes=\"auto, (max-width: 1024px) 100vw, 1024px\" \/><\/figure>\n<\/div>\n\n\n<p class=\"has-text-align-center has-vivid-red-color has-text-color\"><meta charset=\"utf-8\"><strong>(En construcci\u00f3n)<\/strong><meta charset=\"utf-8\"><\/p>\n\n\n\n<hr class=\"wp-block-separator has-alpha-channel-opacity\">\n\n\n<div class=\"wp-block-image\">\n<figure class=\"aligncenter size-large\"><img loading=\"lazy\" decoding=\"async\" width=\"1024\" height=\"78\" src=\"https:\/\/nassasilhouette.org\/wp-content\/uploads\/2021\/12\/Junio-June-Banner-1-1024x78.png\" alt=\"\" class=\"wp-image-8444\" srcset=\"https:\/\/nassasilhouette.org\/wp-content\/uploads\/2021\/12\/Junio-June-Banner-1-1024x78.png 1024w, https:\/\/nassasilhouette.org\/wp-content\/uploads\/2021\/12\/Junio-June-Banner-1-300x23.png 300w, https:\/\/nassasilhouette.org\/wp-content\/uploads\/2021\/12\/Junio-June-Banner-1-768x59.png 768w, https:\/\/nassasilhouette.org\/wp-content\/uploads\/2021\/12\/Junio-June-Banner-1-1536x117.png 1536w, https:\/\/nassasilhouette.org\/wp-content\/uploads\/2021\/12\/Junio-June-Banner-1-2048x156.png 2048w\" sizes=\"auto, (max-width: 1024px) 100vw, 1024px\" \/><\/figure>\n<\/div>\n\n\n<p class=\"has-text-align-center has-vivid-red-color has-text-color\"><meta charset=\"utf-8\"><strong>(En construcci\u00f3n)<\/strong><meta charset=\"utf-8\"><\/p>\n\n\n\n<hr class=\"wp-block-separator has-alpha-channel-opacity\">\n\n\n<div class=\"wp-block-image\">\n<figure class=\"aligncenter size-large\"><img loading=\"lazy\" decoding=\"async\" width=\"1024\" height=\"78\" src=\"https:\/\/nassasilhouette.org\/wp-content\/uploads\/2021\/12\/Julio-July-Banner-1024x78.png\" alt=\"\" class=\"wp-image-8436\" srcset=\"https:\/\/nassasilhouette.org\/wp-content\/uploads\/2021\/12\/Julio-July-Banner-1024x78.png 1024w, https:\/\/nassasilhouette.org\/wp-content\/uploads\/2021\/12\/Julio-July-Banner-300x23.png 300w, https:\/\/nassasilhouette.org\/wp-content\/uploads\/2021\/12\/Julio-July-Banner-768x59.png 768w, https:\/\/nassasilhouette.org\/wp-content\/uploads\/2021\/12\/Julio-July-Banner-1536x117.png 1536w, https:\/\/nassasilhouette.org\/wp-content\/uploads\/2021\/12\/Julio-July-Banner-2048x156.png 2048w\" sizes=\"auto, (max-width: 1024px) 100vw, 1024px\" \/><\/figure>\n<\/div>\n\n\n<p class=\"has-text-align-center has-vivid-red-color has-text-color\"><meta charset=\"utf-8\"><strong>(En construcci\u00f3n)<\/strong><meta charset=\"utf-8\"><\/p>\n\n\n\n<hr class=\"wp-block-separator has-alpha-channel-opacity\">\n\n\n<div class=\"wp-block-image\">\n<figure class=\"aligncenter size-large\"><img loading=\"lazy\" decoding=\"async\" width=\"1024\" height=\"77\" src=\"https:\/\/nassasilhouette.org\/wp-content\/uploads\/2021\/12\/Augoto-August-Banner-1024x77.png\" alt=\"\" class=\"wp-image-8437\" srcset=\"https:\/\/nassasilhouette.org\/wp-content\/uploads\/2021\/12\/Augoto-August-Banner-1024x77.png 1024w, https:\/\/nassasilhouette.org\/wp-content\/uploads\/2021\/12\/Augoto-August-Banner-300x22.png 300w, https:\/\/nassasilhouette.org\/wp-content\/uploads\/2021\/12\/Augoto-August-Banner-768x57.png 768w, https:\/\/nassasilhouette.org\/wp-content\/uploads\/2021\/12\/Augoto-August-Banner-1536x115.png 1536w, https:\/\/nassasilhouette.org\/wp-content\/uploads\/2021\/12\/Augoto-August-Banner-2048x153.png 2048w\" sizes=\"auto, (max-width: 1024px) 100vw, 1024px\" \/><\/figure>\n<\/div>\n\n\n<p class=\"has-text-align-center has-vivid-red-color has-text-color\"><meta charset=\"utf-8\"><strong>(En construcci\u00f3n)<\/strong><meta charset=\"utf-8\"><\/p>\n\n\n\n<hr class=\"wp-block-separator has-alpha-channel-opacity\">\n\n\n<div class=\"wp-block-image\">\n<figure class=\"aligncenter size-large\"><img loading=\"lazy\" decoding=\"async\" width=\"1024\" height=\"77\" src=\"https:\/\/nassasilhouette.org\/wp-content\/uploads\/2021\/12\/Septiembre-September-Banner-1024x77.png\" alt=\"\" class=\"wp-image-8438\" srcset=\"https:\/\/nassasilhouette.org\/wp-content\/uploads\/2021\/12\/Septiembre-September-Banner-1024x77.png 1024w, https:\/\/nassasilhouette.org\/wp-content\/uploads\/2021\/12\/Septiembre-September-Banner-300x22.png 300w, https:\/\/nassasilhouette.org\/wp-content\/uploads\/2021\/12\/Septiembre-September-Banner-768x57.png 768w, https:\/\/nassasilhouette.org\/wp-content\/uploads\/2021\/12\/Septiembre-September-Banner-1536x115.png 1536w, https:\/\/nassasilhouette.org\/wp-content\/uploads\/2021\/12\/Septiembre-September-Banner-2048x153.png 2048w\" sizes=\"auto, (max-width: 1024px) 100vw, 1024px\" \/><\/figure>\n<\/div>\n\n\n<p class=\"has-text-align-center has-vivid-red-color has-text-color\"><meta charset=\"utf-8\"><strong>(En construcci\u00f3n)<\/strong><meta charset=\"utf-8\"><\/p>\n\n\n\n<hr class=\"wp-block-separator has-alpha-channel-opacity\">\n\n\n<div class=\"wp-block-image\">\n<figure class=\"aligncenter size-large\"><img loading=\"lazy\" decoding=\"async\" width=\"1024\" height=\"78\" src=\"https:\/\/nassasilhouette.org\/wp-content\/uploads\/2021\/12\/Octubre-October-Banner-1024x78.png\" alt=\"\" class=\"wp-image-8439\" srcset=\"https:\/\/nassasilhouette.org\/wp-content\/uploads\/2021\/12\/Octubre-October-Banner-1024x78.png 1024w, https:\/\/nassasilhouette.org\/wp-content\/uploads\/2021\/12\/Octubre-October-Banner-300x23.png 300w, https:\/\/nassasilhouette.org\/wp-content\/uploads\/2021\/12\/Octubre-October-Banner-768x59.png 768w, https:\/\/nassasilhouette.org\/wp-content\/uploads\/2021\/12\/Octubre-October-Banner-1536x117.png 1536w, https:\/\/nassasilhouette.org\/wp-content\/uploads\/2021\/12\/Octubre-October-Banner-2048x156.png 2048w\" sizes=\"auto, (max-width: 1024px) 100vw, 1024px\" \/><\/figure>\n<\/div>\n\n\n<p class=\"has-text-align-center has-vivid-red-color has-text-color\"><meta charset=\"utf-8\"><strong>(En construcci\u00f3n)<\/strong><meta charset=\"utf-8\"><\/p>\n\n\n\n<hr class=\"wp-block-separator has-alpha-channel-opacity\">\n\n\n<div class=\"wp-block-image\">\n<figure class=\"aligncenter size-large\"><img loading=\"lazy\" decoding=\"async\" width=\"1024\" height=\"78\" src=\"https:\/\/nassasilhouette.org\/wp-content\/uploads\/2021\/12\/Noviembre-November-Banner-1024x78.png\" alt=\"\" class=\"wp-image-8440\" srcset=\"https:\/\/nassasilhouette.org\/wp-content\/uploads\/2021\/12\/Noviembre-November-Banner-1024x78.png 1024w, https:\/\/nassasilhouette.org\/wp-content\/uploads\/2021\/12\/Noviembre-November-Banner-300x23.png 300w, https:\/\/nassasilhouette.org\/wp-content\/uploads\/2021\/12\/Noviembre-November-Banner-768x59.png 768w, https:\/\/nassasilhouette.org\/wp-content\/uploads\/2021\/12\/Noviembre-November-Banner-1536x117.png 1536w, https:\/\/nassasilhouette.org\/wp-content\/uploads\/2021\/12\/Noviembre-November-Banner-2048x156.png 2048w\" sizes=\"auto, (max-width: 1024px) 100vw, 1024px\" \/><\/figure>\n<\/div>\n\n\n<p class=\"has-text-align-center has-vivid-red-color has-text-color\"><meta charset=\"utf-8\"><strong>(En construcci\u00f3n)<\/strong><meta charset=\"utf-8\"><\/p>\n\n\n\n<hr class=\"wp-block-separator has-alpha-channel-opacity\">\n\n\n<div class=\"wp-block-image\">\n<figure class=\"aligncenter size-large\"><img loading=\"lazy\" decoding=\"async\" width=\"1024\" height=\"78\" src=\"https:\/\/nassasilhouette.org\/wp-content\/uploads\/2021\/12\/Diciembre-December-Banner-1024x78.png\" alt=\"\" class=\"wp-image-8441\" srcset=\"https:\/\/nassasilhouette.org\/wp-content\/uploads\/2021\/12\/Diciembre-December-Banner-1024x78.png 1024w, https:\/\/nassasilhouette.org\/wp-content\/uploads\/2021\/12\/Diciembre-December-Banner-300x23.png 300w, https:\/\/nassasilhouette.org\/wp-content\/uploads\/2021\/12\/Diciembre-December-Banner-768x59.png 768w, https:\/\/nassasilhouette.org\/wp-content\/uploads\/2021\/12\/Diciembre-December-Banner-1536x117.png 1536w, https:\/\/nassasilhouette.org\/wp-content\/uploads\/2021\/12\/Diciembre-December-Banner-2048x156.png 2048w\" sizes=\"auto, (max-width: 1024px) 100vw, 1024px\" \/><\/figure>\n<\/div>\n\n\n<p class=\"has-text-align-center has-vivid-red-color has-text-color\"><meta charset=\"utf-8\"><strong>(En construcci\u00f3n)<\/strong><meta charset=\"utf-8\"><\/p>\n\n\n\n<hr class=\"wp-block-separator has-alpha-channel-opacity\">\n\n\n\n<div style=\"height:50px\" aria-hidden=\"true\" class=\"wp-block-spacer\"><\/div>\n\n\n\n<h2 class=\"wp-block-heading has-text-align-center\"><strong>Pr\u00f3ximos campeonatos Archivos<\/strong><\/h2>\n\n\n\n<p><strong>Todas las listas de los pr\u00f3ximos campeonatos de Canad\u00e1, M\u00e9xico y Estados Unidos se archivar\u00e1n a partir de 2022.  <\/strong>Esto continuar\u00e1 para los a\u00f1os siguientes (2023, 2024, 2025, etc.) en nuestras bases de datos para su referencia.  <\/p>\n\n\n\n<p class=\"has-text-align-center has-vivid-cyan-blue-color has-text-color\"><strong>Para ver los archivos, haga clic en el enlace Archivos de los pr\u00f3ximos campeonatos:  <\/strong><\/p>\n\n\n\n<div class=\"wp-block-buttons is-horizontal is-content-justification-center is-layout-flex wp-container-core-buttons-is-layout-499968f5 wp-block-buttons-is-layout-flex\">\n<div class=\"wp-block-button has-custom-font-size has-extra-small-font-size\"><a class=\"wp-block-button__link has-vivid-cyan-blue-background-color has-background wp-element-button\" href=\"nassasilhouette.org\/upcoming-championship-archives\"><strong>PR\u00d3XIMOS<\/strong>CAMPEONATOS ARCHIVOS<\/a><\/div>\n<\/div>\n\n\n\n<hr class=\"wp-block-separator has-alpha-channel-opacity\">\n\n\n\n<div style=\"height:20px\" aria-hidden=\"true\" class=\"wp-block-spacer\"><\/div>\n","protected":false},"excerpt":{"rendered":"<p>A continuaci\u00f3n encontrar\u00e1 los Campeonatos de M\u00e9xico (sancionados por la FEMETI), as\u00ed como enlaces a los perfiles de los clubes de armas anfitriones y los programas de los partidos. Su Equipo de Implementaci\u00f3n de NASSA est\u00e1 trabajando duro para capturar todos los Partidos de Campeonato conocidos a medida que lanzamos el Sitio Web de NASSA.&hellip; <a class=\"more-link\" href=\"https:\/\/nassasilhouette.org\/es-mx\/proximos-campeonatos\/proximos-campeonatos-de-mexico\/\">Continue reading <span class=\"screen-reader-text\">Pr\u00f3ximos campeonatos de M\u00e9xico<\/span><\/a><\/p>\n","protected":false},"author":4,"featured_media":0,"parent":13849,"menu_order":0,"comment_status":"closed","ping_status":"closed","template":"","meta":{"_acf_changed":false,"footnotes":""},"class_list":["post-19504","page","type-page","status-publish","hentry","entry"],"acf":[],"rttpg_featured_image_url":null,"rttpg_author":{"display_name":"Chris Cawthorne","author_link":"https:\/\/nassasilhouette.org\/es-mx\/author\/cecawthorneyahoo-com\/"},"rttpg_comment":0,"rttpg_category":" <a href=\"https:\/\/nassasilhouette.org\/es-mx\/?taxonomy=translation_priority&#038;term=optional-es-mx\" rel=\"tag\">Optional<\/a>","rttpg_excerpt":"A continuaci\u00f3n encontrar\u00e1 los Campeonatos de M\u00e9xico (sancionados por la FEMETI), as\u00ed como enlaces a los perfiles de los clubes de armas anfitriones y los programas de los partidos. Su Equipo de Implementaci\u00f3n de NASSA est\u00e1 trabajando duro para capturar todos los Partidos de Campeonato conocidos a medida que lanzamos el Sitio Web de NASSA.&hellip;&hellip;","_links":{"self":[{"href":"https:\/\/nassasilhouette.org\/es-mx\/wp-json\/wp\/v2\/pages\/19504","targetHints":{"allow":["GET"]}}],"collection":[{"href":"https:\/\/nassasilhouette.org\/es-mx\/wp-json\/wp\/v2\/pages"}],"about":[{"href":"https:\/\/nassasilhouette.org\/es-mx\/wp-json\/wp\/v2\/types\/page"}],"author":[{"embeddable":true,"href":"https:\/\/nassasilhouette.org\/es-mx\/wp-json\/wp\/v2\/users\/4"}],"replies":[{"embeddable":true,"href":"https:\/\/nassasilhouette.org\/es-mx\/wp-json\/wp\/v2\/comments?post=19504"}],"version-history":[{"count":1,"href":"https:\/\/nassasilhouette.org\/es-mx\/wp-json\/wp\/v2\/pages\/19504\/revisions"}],"predecessor-version":[{"id":21244,"href":"https:\/\/nassasilhouette.org\/es-mx\/wp-json\/wp\/v2\/pages\/19504\/revisions\/21244"}],"up":[{"embeddable":true,"href":"https:\/\/nassasilhouette.org\/es-mx\/wp-json\/wp\/v2\/pages\/13849"}],"wp:attachment":[{"href":"https:\/\/nassasilhouette.org\/es-mx\/wp-json\/wp\/v2\/media?parent=19504"}],"curies":[{"name":"wp","href":"https:\/\/api.w.org\/{rel}","templated":true}]}}