{"id":19503,"date":"2021-11-26T16:21:25","date_gmt":"2021-11-26T22:21:25","guid":{"rendered":"https:\/\/nassasilhouette.org\/club-bayou-airgun-baton-rouge-luisiana\/"},"modified":"2021-11-26T16:21:25","modified_gmt":"2021-11-26T22:21:25","slug":"club-bayou-airgun-baton-rouge-luisiana","status":"publish","type":"page","link":"https:\/\/nassasilhouette.org\/es-mx\/regiones-clubes-nassa\/regiones-clubes-de-ee-uu\/region-centro-sur-clubes\/club-bayou-airgun-baton-rouge-luisiana\/","title":{"rendered":"Club Bayou Airgun &#8211; Baton Rouge, Luisiana"},"content":{"rendered":"\n<div class=\"wp-block-media-text alignwide is-stacked-on-mobile\" style=\"grid-template-columns:15% auto\"><figure class=\"wp-block-media-text__media\"><img loading=\"lazy\" decoding=\"async\" width=\"412\" height=\"375\" src=\"https:\/\/nassasilhouette.org\/wp-content\/uploads\/2021\/11\/Bayou-Air-Gun-Club.png\" alt=\"\" class=\"wp-image-6720 size-full\" srcset=\"https:\/\/nassasilhouette.org\/wp-content\/uploads\/2021\/11\/Bayou-Air-Gun-Club.png 412w, https:\/\/nassasilhouette.org\/wp-content\/uploads\/2021\/11\/Bayou-Air-Gun-Club-300x273.png 300w\" sizes=\"auto, (max-width: 412px) 100vw, 412px\" \/><\/figure><div class=\"wp-block-media-text__content\">\n<p id=\"h.p_ID_32\">El Bayou Airgun Club se estableci\u00f3 en 1989 con la intenci\u00f3n de patrocinar un lugar seguro para disparar armas de aire comprimido, promover el deporte a trav\u00e9s de la celebraci\u00f3n de eventos locales y nacionales reconocidos, proporcionar instrucci\u00f3n y educaci\u00f3n a cualquier persona que est\u00e9 interesada, y para disfrutar de la camarader\u00eda entre compa\u00f1eros tiradores. Administramos la responsabilidad de disparar en el Jean Lafitte Airgun Range en nombre de <a rel=\"noreferrer noopener\" href=\"http:\/\/www.google.com\/url?q=http%3A%2F%2Fwww.brec.org%2Findex.cfm%2Fsubhome%2F8%2Fn%2F66&amp;sa=D&amp;sntz=1&amp;usg=AFQjCNFDYUlnQemycbjaf1swbxJE3rr-YQ\" target=\"_blank\">BREC<\/a>, la Comisi\u00f3n de Recreaci\u00f3n y Parques de Baton Rouge, y nuestro campo de tiro es uno de los m\u00e1s antiguos del pa\u00eds. Nuestro club es miembro de la <a rel=\"noreferrer noopener\" href=\"http:\/\/www.google.com\/url?q=http%3A%2F%2Fwww.aafta.org%2F&amp;sa=D&amp;sntz=1&amp;usg=AFQjCNHl5tJZfgPm4CeKYTeYwI7xug-Q3w\" target=\"_blank\">American Airgun Field Target Association<\/a> y de la NRA y estamos totalmente asegurados a trav\u00e9s de la NRA.<\/p>\n\n\n\n<p id=\"h.p_ID_36\">El BAC organiza encuentros regionales de Field Target, como el Cajun Classic, todos los a\u00f1os, y encuentros de Field Target del club todos los meses. Tambi\u00e9n hemos sido los patrocinadores del Campeonato Nacional de Silueta de Rifle de Aire durante los \u00faltimos 4 a\u00f1os, y celebramos partidos mensuales del club en silueta tambi\u00e9n. Recientemente hemos a\u00f1adido partidos mensuales de pistola de aire comprimido en 10 metros ol\u00edmpicos y silueta. Para conocer las fechas y horarios de todos los actos, visite la p\u00e1gina Calendario.<\/p>\n\n\n\n<p id=\"h.p_ID_40\">El campo de tiro se encuentra en <a href=\"http:\/\/maps.google.com\/maps?q=17200+Airline+Highway,+Baton+Rouge,+LA&amp;hl=en&amp;ll=30.346935,-90.998822&amp;spn=0.007064,0.009645&amp;sll=38.341656,-95.712891&amp;sspn=51.785585,79.013672&amp;vpsrc=6&amp;hnear=17200+Airline+Hwy,+Baton+Rouge,+Louisiana+70809&amp;t=m&amp;z=17\" target=\"_blank\" rel=\"noreferrer noopener\">Baton Rouge<\/a> State Fairgrounds, <a href=\"http:\/\/maps.google.com\/maps?q=17200+Airline+Highway,+Baton+Rouge,+LA&amp;hl=en&amp;ll=30.346935,-90.998822&amp;spn=0.007064,0.009645&amp;sll=38.341656,-95.712891&amp;sspn=51.785585,79.013672&amp;vpsrc=6&amp;hnear=17200+Airline+Hwy,+Baton+Rouge,+Louisiana+70809&amp;t=m&amp;z=17\" target=\"_blank\" rel=\"noreferrer noopener\">17200 Airline Highway, Baton Rouge, LA 70809<\/a>. Est\u00e1 a un kil\u00f3metro y medio al sur de la esquina de Airline Highway y Highland Road, y escondida en la esquina trasera derecha, en una zona vallada y segura.<\/p>\n<\/div><\/div>\n\n\n\n<div style=\"height:50px\" aria-hidden=\"true\" class=\"wp-block-spacer\"><\/div>\n\n\n\n<h2 class=\"has-text-align-center wp-block-heading\">Informaci\u00f3n de contacto<\/h2>\n\n\n\n<p><\/p>\n\n\n\n<figure class=\"wp-block-table is-style-stripes\"><table><tbody><tr><td><strong>P\u00e1gina web<\/strong>:<\/td><td>\n  <a href=\"https:\/\/sites.google.com\/site\/bayouairgunclub\/contact-us\">\n    <strong>Bayou Airgun Club<\/strong>\n  <\/a>\n<\/td><\/tr><tr><td><strong>Facebook<\/strong>:<\/td><td>\n  <strong>Xxxx<\/strong>\n<\/td><\/tr><tr><td><strong>Direcci\u00f3n profesional<\/strong>:<\/td><td>\n  <strong>Xxxx<\/strong>\n<\/td><\/tr><tr><td><strong>Ubicaci\u00f3n del campo de tiro<\/strong>:<\/td><td>\n  <strong>17200 Airline Highway, Baton Rouge, LA 70809<\/strong>\n<\/td><\/tr><tr><td><strong>Contacto principal<\/strong>:<\/td><td>\n  <strong>Xxxx<\/strong>\n<\/td><\/tr><tr><td><strong>Tel\u00e9fono de contacto principal<\/strong>:<\/td><td>\n  <strong>Xxxx<\/strong>\n<\/td><\/tr><tr><td><strong>Correo electr\u00f3nico de contacto principal<\/strong>:<\/td><td>\n  <strong>Xxxx<\/strong>\n<\/td><\/tr><\/tbody><\/table><\/figure>\n\n\n\n<div style=\"height:30px\" aria-hidden=\"true\" class=\"wp-block-spacer\"><\/div>\n\n\n\n<p><\/p>\n\n\n\n<h2 class=\"has-text-align-center wp-block-heading\">Capacidades de la gama Silhouette<\/h2>\n\n\n\n<p><\/p>\n\n\n\n<figure class=\"wp-block-table is-style-stripes\"><table><tbody><tr><td class=\"has-text-align-left\" data-align=\"left\"><strong>Disciplinas<\/strong>:<\/td><td><strong>Range Facilites<\/strong>:<\/td><\/tr><tr><td class=\"has-text-align-left\" data-align=\"left\">\n  <strong>Rifle peque\u00f1o<\/strong>\n<\/td><td>\n  <strong>No disponible<\/strong>\n<\/td><\/tr><tr><td class=\"has-text-align-left\" data-align=\"left\">\n  <strong>Rifle de alta potencia<\/strong>\n<\/td><td>\n  <strong>No disponible<\/strong>\n<\/td><\/tr><tr><td class=\"has-text-align-left\" data-align=\"left\">\n  <strong>Rifle de palanca<\/strong>\n<\/td><td>\n  <strong>No disponible<\/strong>\n<\/td><\/tr><tr><td class=\"has-text-align-left\" data-align=\"left\">\n  <strong>Rifle de aire<\/strong>\n<\/td><td>\n  <strong>4 bancos de cada animal<\/strong>\n<\/td><\/tr><\/tbody><\/table><\/figure>\n\n\n\n<div style=\"height:30px\" aria-hidden=\"true\" class=\"wp-block-spacer\"><\/div>\n\n\n\n<h2 class=\"has-text-align-center wp-block-heading\">Instalaciones de la gama Silhouette<\/h2>\n\n\n\n<figure class=\"wp-block-gallery alignwide columns-2 is-cropped wp-block-gallery-1 is-layout-flex wp-block-gallery-is-layout-flex\"><ul class=\"blocks-gallery-grid\"><li class=\"blocks-gallery-item\"><figure><a href=\"https:\/\/nassasilhouette.org\/wp-content\/uploads\/2021\/11\/1-Bayou-Air-Gun-Club-Facility-1024x768.jpg\"><img loading=\"lazy\" decoding=\"async\" width=\"1024\" height=\"768\" src=\"https:\/\/nassasilhouette.org\/wp-content\/uploads\/2021\/11\/1-Bayou-Air-Gun-Club-Facility-1024x768.jpg\" alt=\"\" data-id=\"6722\" data-link=\"https:\/\/nassasilhouette.org\/nassa-regions\/usa-gun-clubs\/south-central\/bayou-airgun-club-baton-rouge-louisiana\/1-bayou-air-gun-club-facility\/\" class=\"wp-image-6722\" srcset=\"https:\/\/nassasilhouette.org\/wp-content\/uploads\/2021\/11\/1-Bayou-Air-Gun-Club-Facility-1024x768.jpg 1024w, https:\/\/nassasilhouette.org\/wp-content\/uploads\/2021\/11\/1-Bayou-Air-Gun-Club-Facility-300x225.jpg 300w, https:\/\/nassasilhouette.org\/wp-content\/uploads\/2021\/11\/1-Bayou-Air-Gun-Club-Facility-768x576.jpg 768w, https:\/\/nassasilhouette.org\/wp-content\/uploads\/2021\/11\/1-Bayou-Air-Gun-Club-Facility-1536x1152.jpg 1536w, https:\/\/nassasilhouette.org\/wp-content\/uploads\/2021\/11\/1-Bayou-Air-Gun-Club-Facility-2048x1536.jpg 2048w\" sizes=\"auto, (max-width: 1024px) 100vw, 1024px\" \/><\/a><figcaption class=\"blocks-gallery-item__caption\">El hermoso campo de tiro del Bayou Airgun Club<\/figcaption><\/figure><\/li><li class=\"blocks-gallery-item\"><figure><a href=\"https:\/\/nassasilhouette.org\/wp-content\/uploads\/2021\/11\/2-Firing-Line.jpg\"><img loading=\"lazy\" decoding=\"async\" width=\"720\" height=\"960\" src=\"https:\/\/nassasilhouette.org\/wp-content\/uploads\/2021\/11\/2-Firing-Line.jpg\" alt=\"\" data-id=\"6723\" data-full-url=\"https:\/\/nassasilhouette.org\/wp-content\/uploads\/2021\/11\/2-Firing-Line.jpg\" data-link=\"https:\/\/nassasilhouette.org\/nassa-regions\/usa-gun-clubs\/south-central\/bayou-airgun-club-baton-rouge-louisiana\/2-firing-line\/\" class=\"wp-image-6723\" srcset=\"https:\/\/nassasilhouette.org\/wp-content\/uploads\/2021\/11\/2-Firing-Line.jpg 720w, https:\/\/nassasilhouette.org\/wp-content\/uploads\/2021\/11\/2-Firing-Line-225x300.jpg 225w\" sizes=\"auto, (max-width: 720px) 100vw, 720px\" \/><\/a><figcaption class=\"blocks-gallery-item__caption\">L\u00ednea de tiro de siluetas de rifle de aire comprimido<\/figcaption><\/figure><\/li><\/ul><\/figure>\n\n\n\n<figure class=\"wp-block-gallery alignwide columns-2 is-cropped wp-block-gallery-2 is-layout-flex wp-block-gallery-is-layout-flex\"><ul class=\"blocks-gallery-grid\"><li class=\"blocks-gallery-item\"><figure><a href=\"https:\/\/nassasilhouette.org\/wp-content\/uploads\/2021\/11\/3-Resettable-Targets-1024x768.jpg\"><img loading=\"lazy\" decoding=\"async\" width=\"1024\" height=\"768\" src=\"https:\/\/nassasilhouette.org\/wp-content\/uploads\/2021\/11\/3-Resettable-Targets-1024x768.jpg\" alt=\"\" data-id=\"6724\" data-link=\"https:\/\/nassasilhouette.org\/nassa-regions\/usa-gun-clubs\/south-central\/bayou-airgun-club-baton-rouge-louisiana\/3-resettable-targets\/\" class=\"wp-image-6724\" srcset=\"https:\/\/nassasilhouette.org\/wp-content\/uploads\/2021\/11\/3-Resettable-Targets-1024x768.jpg 1024w, https:\/\/nassasilhouette.org\/wp-content\/uploads\/2021\/11\/3-Resettable-Targets-300x225.jpg 300w, https:\/\/nassasilhouette.org\/wp-content\/uploads\/2021\/11\/3-Resettable-Targets-768x576.jpg 768w, https:\/\/nassasilhouette.org\/wp-content\/uploads\/2021\/11\/3-Resettable-Targets-1536x1152.jpg 1536w, https:\/\/nassasilhouette.org\/wp-content\/uploads\/2021\/11\/3-Resettable-Targets.jpg 2048w\" sizes=\"auto, (max-width: 1024px) 100vw, 1024px\" \/><\/a><figcaption class=\"blocks-gallery-item__caption\">Rifle de Aire Silueta Alcance y Animales Reajustables<\/figcaption><\/figure><\/li><li class=\"blocks-gallery-item\"><figure><a href=\"https:\/\/nassasilhouette.org\/wp-content\/uploads\/2021\/11\/4-4H-Junior-Shooter-scaled.jpg\"><img loading=\"lazy\" decoding=\"async\" width=\"768\" height=\"1024\" src=\"https:\/\/nassasilhouette.org\/wp-content\/uploads\/2021\/11\/4-4H-Junior-Shooter-768x1024.jpg\" alt=\"\" data-id=\"6725\" data-full-url=\"https:\/\/nassasilhouette.org\/wp-content\/uploads\/2021\/11\/4-4H-Junior-Shooter-scaled.jpg\" data-link=\"https:\/\/nassasilhouette.org\/nassa-regions\/usa-gun-clubs\/south-central\/bayou-airgun-club-baton-rouge-louisiana\/4-4h-junior-shooter\/\" class=\"wp-image-6725\" srcset=\"https:\/\/nassasilhouette.org\/wp-content\/uploads\/2021\/11\/4-4H-Junior-Shooter-768x1024.jpg 768w, https:\/\/nassasilhouette.org\/wp-content\/uploads\/2021\/11\/4-4H-Junior-Shooter-225x300.jpg 225w, https:\/\/nassasilhouette.org\/wp-content\/uploads\/2021\/11\/4-4H-Junior-Shooter-1152x1536.jpg 1152w, https:\/\/nassasilhouette.org\/wp-content\/uploads\/2021\/11\/4-4H-Junior-Shooter-1536x2048.jpg 1536w, https:\/\/nassasilhouette.org\/wp-content\/uploads\/2021\/11\/4-4H-Junior-Shooter-scaled.jpg 1920w\" sizes=\"auto, (max-width: 768px) 100vw, 768px\" \/><\/a><figcaption class=\"blocks-gallery-item__caption\">Los tiradores Junior 4H son participantes habituales<\/figcaption><\/figure><\/li><\/ul><\/figure>\n\n\n\n<figure class=\"wp-block-gallery alignwide columns-2 is-cropped wp-block-gallery-3 is-layout-flex wp-block-gallery-is-layout-flex\"><ul class=\"blocks-gallery-grid\"><li class=\"blocks-gallery-item\"><figure><a href=\"https:\/\/nassasilhouette.org\/wp-content\/uploads\/2021\/11\/5-Dustins-Home-Range-1024x768.jpg\"><img loading=\"lazy\" decoding=\"async\" width=\"1024\" height=\"768\" src=\"https:\/\/nassasilhouette.org\/wp-content\/uploads\/2021\/11\/5-Dustins-Home-Range-1024x768.jpg\" alt=\"\" data-id=\"6726\" data-link=\"https:\/\/nassasilhouette.org\/nassa-regions\/usa-gun-clubs\/south-central\/bayou-airgun-club-baton-rouge-louisiana\/5-dustins-home-range\/\" class=\"wp-image-6726\" srcset=\"https:\/\/nassasilhouette.org\/wp-content\/uploads\/2021\/11\/5-Dustins-Home-Range-1024x768.jpg 1024w, https:\/\/nassasilhouette.org\/wp-content\/uploads\/2021\/11\/5-Dustins-Home-Range-300x225.jpg 300w, https:\/\/nassasilhouette.org\/wp-content\/uploads\/2021\/11\/5-Dustins-Home-Range-768x576.jpg 768w, https:\/\/nassasilhouette.org\/wp-content\/uploads\/2021\/11\/5-Dustins-Home-Range-1536x1152.jpg 1536w, https:\/\/nassasilhouette.org\/wp-content\/uploads\/2021\/11\/5-Dustins-Home-Range-2048x1536.jpg 2048w\" sizes=\"auto, (max-width: 1024px) 100vw, 1024px\" \/><\/a><figcaption class=\"blocks-gallery-item__caption\">  Campo de Dustin Flint<\/figcaption><\/figure><\/li><li class=\"blocks-gallery-item\"><figure><a href=\"https:\/\/nassasilhouette.org\/wp-content\/uploads\/2021\/11\/6-Ram-REsettable-Targets-scaled.jpg\"><img loading=\"lazy\" decoding=\"async\" width=\"768\" height=\"1024\" src=\"https:\/\/nassasilhouette.org\/wp-content\/uploads\/2021\/11\/6-Ram-REsettable-Targets-768x1024.jpg\" alt=\"\" data-id=\"6727\" data-full-url=\"https:\/\/nassasilhouette.org\/wp-content\/uploads\/2021\/11\/6-Ram-REsettable-Targets-scaled.jpg\" data-link=\"https:\/\/nassasilhouette.org\/nassa-regions\/usa-gun-clubs\/south-central\/bayou-airgun-club-baton-rouge-louisiana\/6-ram-resettable-targets\/\" class=\"wp-image-6727\" srcset=\"https:\/\/nassasilhouette.org\/wp-content\/uploads\/2021\/11\/6-Ram-REsettable-Targets-768x1024.jpg 768w, https:\/\/nassasilhouette.org\/wp-content\/uploads\/2021\/11\/6-Ram-REsettable-Targets-225x300.jpg 225w, https:\/\/nassasilhouette.org\/wp-content\/uploads\/2021\/11\/6-Ram-REsettable-Targets-1152x1536.jpg 1152w, https:\/\/nassasilhouette.org\/wp-content\/uploads\/2021\/11\/6-Ram-REsettable-Targets-1536x2048.jpg 1536w, https:\/\/nassasilhouette.org\/wp-content\/uploads\/2021\/11\/6-Ram-REsettable-Targets-scaled.jpg 1920w\" sizes=\"auto, (max-width: 768px) 100vw, 768px\" \/><\/a><figcaption class=\"blocks-gallery-item__caption\">Banco de arietes reajustable<\/figcaption><\/figure><\/li><\/ul><\/figure>\n\n\n\n<figure class=\"wp-block-gallery alignwide columns-2 is-cropped wp-block-gallery-4 is-layout-flex wp-block-gallery-is-layout-flex\"><ul class=\"blocks-gallery-grid\"><li class=\"blocks-gallery-item\"><figure><a href=\"https:\/\/nassasilhouette.org\/wp-content\/uploads\/2021\/11\/9-IzJerry-Cooking.jpg\"><img loading=\"lazy\" decoding=\"async\" width=\"455\" height=\"640\" src=\"https:\/\/nassasilhouette.org\/wp-content\/uploads\/2021\/11\/9-IzJerry-Cooking.jpg\" alt=\"\" data-id=\"6728\" data-link=\"https:\/\/nassasilhouette.org\/nassa-regions\/usa-gun-clubs\/south-central\/bayou-airgun-club-baton-rouge-louisiana\/9-izjerry-cooking\/\" class=\"wp-image-6728\" srcset=\"https:\/\/nassasilhouette.org\/wp-content\/uploads\/2021\/11\/9-IzJerry-Cooking.jpg 455w, https:\/\/nassasilhouette.org\/wp-content\/uploads\/2021\/11\/9-IzJerry-Cooking-213x300.jpg 213w\" sizes=\"auto, (max-width: 455px) 100vw, 455px\" \/><\/a><figcaption class=\"blocks-gallery-item__caption\">\u00a1El legendario Gumbo de Jerry Tureau!<\/figcaption><\/figure><\/li><li class=\"blocks-gallery-item\"><figure><a href=\"https:\/\/nassasilhouette.org\/wp-content\/uploads\/2021\/11\/10-Benchrest-Silhouette.jpg\"><img loading=\"lazy\" decoding=\"async\" width=\"720\" height=\"960\" src=\"https:\/\/nassasilhouette.org\/wp-content\/uploads\/2021\/11\/10-Benchrest-Silhouette.jpg\" alt=\"\" data-id=\"6729\" data-full-url=\"https:\/\/nassasilhouette.org\/wp-content\/uploads\/2021\/11\/10-Benchrest-Silhouette.jpg\" data-link=\"https:\/\/nassasilhouette.org\/nassa-regions\/usa-gun-clubs\/south-central\/bayou-airgun-club-baton-rouge-louisiana\/10-benchrest-silhouette\/\" class=\"wp-image-6729\" srcset=\"https:\/\/nassasilhouette.org\/wp-content\/uploads\/2021\/11\/10-Benchrest-Silhouette.jpg 720w, https:\/\/nassasilhouette.org\/wp-content\/uploads\/2021\/11\/10-Benchrest-Silhouette-225x300.jpg 225w\" sizes=\"auto, (max-width: 720px) 100vw, 720px\" \/><\/a><figcaption class=\"blocks-gallery-item__caption\">\u00a1Silueta de rifle de aire comprimido Benchrest!<\/figcaption><\/figure><\/li><\/ul><\/figure>\n","protected":false},"excerpt":{"rendered":"<p>El Bayou Airgun Club se estableci\u00f3 en 1989 con la intenci\u00f3n de patrocinar un lugar seguro para disparar armas de aire comprimido, promover el deporte a trav\u00e9s de la celebraci\u00f3n de eventos locales y nacionales reconocidos, proporcionar instrucci\u00f3n y educaci\u00f3n a cualquier persona que est\u00e9 interesada, y para disfrutar de la camarader\u00eda entre compa\u00f1eros tiradores.&hellip; <a class=\"more-link\" href=\"https:\/\/nassasilhouette.org\/es-mx\/regiones-clubes-nassa\/regiones-clubes-de-ee-uu\/region-centro-sur-clubes\/club-bayou-airgun-baton-rouge-luisiana\/\">Continue reading <span class=\"screen-reader-text\">Club Bayou Airgun &#8211; Baton Rouge, Luisiana<\/span><\/a><\/p>\n","protected":false},"author":4,"featured_media":0,"parent":19582,"menu_order":0,"comment_status":"closed","ping_status":"closed","template":"","meta":{"_acf_changed":false,"footnotes":""},"class_list":["post-19503","page","type-page","status-publish","hentry","entry"],"acf":[],"rttpg_featured_image_url":null,"rttpg_author":{"display_name":"Chris Cawthorne","author_link":"https:\/\/nassasilhouette.org\/es-mx\/author\/cecawthorneyahoo-com\/"},"rttpg_comment":0,"rttpg_category":" <a href=\"https:\/\/nassasilhouette.org\/es-mx\/?taxonomy=translation_priority&#038;term=optional-es-mx\" rel=\"tag\">Optional<\/a>","rttpg_excerpt":"El Bayou Airgun Club se estableci\u00f3 en 1989 con la intenci\u00f3n de patrocinar un lugar seguro para disparar armas de aire comprimido, promover el deporte a trav\u00e9s de la celebraci\u00f3n de eventos locales y nacionales reconocidos, proporcionar instrucci\u00f3n y educaci\u00f3n a cualquier persona que est\u00e9 interesada, y para disfrutar de la camarader\u00eda entre compa\u00f1eros tiradores.&hellip;&hellip;","_links":{"self":[{"href":"https:\/\/nassasilhouette.org\/es-mx\/wp-json\/wp\/v2\/pages\/19503","targetHints":{"allow":["GET"]}}],"collection":[{"href":"https:\/\/nassasilhouette.org\/es-mx\/wp-json\/wp\/v2\/pages"}],"about":[{"href":"https:\/\/nassasilhouette.org\/es-mx\/wp-json\/wp\/v2\/types\/page"}],"author":[{"embeddable":true,"href":"https:\/\/nassasilhouette.org\/es-mx\/wp-json\/wp\/v2\/users\/4"}],"replies":[{"embeddable":true,"href":"https:\/\/nassasilhouette.org\/es-mx\/wp-json\/wp\/v2\/comments?post=19503"}],"version-history":[{"count":0,"href":"https:\/\/nassasilhouette.org\/es-mx\/wp-json\/wp\/v2\/pages\/19503\/revisions"}],"up":[{"embeddable":true,"href":"https:\/\/nassasilhouette.org\/es-mx\/wp-json\/wp\/v2\/pages\/19582"}],"wp:attachment":[{"href":"https:\/\/nassasilhouette.org\/es-mx\/wp-json\/wp\/v2\/media?parent=19503"}],"curies":[{"name":"wp","href":"https:\/\/api.w.org\/{rel}","templated":true}]}}