{"id":19501,"date":"2021-11-26T21:53:21","date_gmt":"2021-11-27T03:53:21","guid":{"rendered":"https:\/\/nassasilhouette.org\/complejo-fusilier-arnaudville-luisiana\/"},"modified":"2021-11-26T21:53:21","modified_gmt":"2021-11-27T03:53:21","slug":"complejo-fusilier-arnaudville-luisiana","status":"publish","type":"page","link":"https:\/\/nassasilhouette.org\/es-mx\/regiones-clubes-nassa\/regiones-clubes-de-ee-uu\/region-centro-sur-clubes\/complejo-fusilier-arnaudville-luisiana\/","title":{"rendered":"Complejo Fusilier &#8211; Arnaudville, Luisiana"},"content":{"rendered":"\n<div class=\"wp-block-media-text alignwide is-stacked-on-mobile\" style=\"grid-template-columns:18% auto\"><figure class=\"wp-block-media-text__media\"><img loading=\"lazy\" decoding=\"async\" width=\"1024\" height=\"481\" src=\"https:\/\/nassasilhouette.org\/wp-content\/uploads\/2021\/11\/Fusilier-Logo-Border-1-1024x481.png\" alt=\"\" class=\"wp-image-6769 size-full\" srcset=\"https:\/\/nassasilhouette.org\/wp-content\/uploads\/2021\/11\/Fusilier-Logo-Border-1-1024x481.png 1024w, https:\/\/nassasilhouette.org\/wp-content\/uploads\/2021\/11\/Fusilier-Logo-Border-1-300x141.png 300w, https:\/\/nassasilhouette.org\/wp-content\/uploads\/2021\/11\/Fusilier-Logo-Border-1-768x361.png 768w, https:\/\/nassasilhouette.org\/wp-content\/uploads\/2021\/11\/Fusilier-Logo-Border-1-1536x721.png 1536w, https:\/\/nassasilhouette.org\/wp-content\/uploads\/2021\/11\/Fusilier-Logo-Border-1-2048x961.png 2048w\" sizes=\"auto, (max-width: 1024px) 100vw, 1024px\" \/><\/figure><div class=\"wp-block-media-text__content\">\n<p>Somos un campo de tiro privado, sin \u00e1nimo de lucro, s\u00f3lo para socios, que ofrece un lugar seguro y agradable para los tiradores de rifle, pistola y escopeta.  &nbsp;El club se form\u00f3 en 2002 despu\u00e9s de que el antiguo Hub City Rifle and Pistol Club perdiera el contrato de arrendamiento de su propiedad cerca de Lafayette, Lousiana.<\/p>\n\n\n\n<p>Los campos de tiro est\u00e1n situados en unas 654 hect\u00e1reas propiedad del club.&nbsp;  Abrimos de sol a sol todos los d\u00edas de la semana.&nbsp;  A menos que estemos realizando un mantenimiento rutinario, que intentamos minimizar e informar a nuestros miembros a trav\u00e9s de este sitio web.<\/p>\n\n\n\n<p>Nuestras instalaciones cuentan con cuatro campos de tiro:&nbsp; Pistola, Rifle\/Pistola, Rifle y Escopeta.<\/p>\n<\/div><\/div>\n\n\n\n<div style=\"height:50px\" aria-hidden=\"true\" class=\"wp-block-spacer\"><\/div>\n\n\n\n<h2 class=\"has-text-align-center wp-block-heading\">Informaci\u00f3n de contacto<\/h2>\n\n\n\n<p><\/p>\n\n\n\n<figure class=\"wp-block-table is-style-stripes\"><table><tbody><tr><td><strong>P\u00e1gina web<\/strong>:<\/td><td>\n  <a href=\"https:\/\/fusiliercomplex.com\/\">https:\/\/fusiliercomplex.com\/<\/a>\n<\/td><\/tr><tr><td><strong>Facebook<\/strong>:<\/td><td>Xxxx<\/td><\/tr><tr><td><strong>Direcci\u00f3n comercial<\/strong>:<\/td><td>\n  <strong>PO Box 51704, Lafayette, LA. 70505<\/strong>\n<\/td><\/tr><tr><td><strong>Ubicaci\u00f3n del rango<\/strong>:<\/td><td>\n  <strong>Xxxx<\/strong>\n<\/td><\/tr><tr><td><strong>Contacto principal<\/strong>:<\/td><td>\n  <strong>Xxxx<\/strong>\n<\/td><\/tr><tr><td><strong>Tel\u00e9fono de contacto principal<\/strong>:<\/td><td>\n  <strong>Xxxx<\/strong>\n<\/td><\/tr><tr><td><strong>Correo electr\u00f3nico de contacto principal<\/strong>:<\/td><td>\n  <strong>Xxxx<\/strong>\n<\/td><\/tr><\/tbody><\/table><\/figure>\n\n\n\n<p><\/p>\n\n\n\n<div style=\"height:30px\" aria-hidden=\"true\" class=\"wp-block-spacer\"><\/div>\n\n\n\n<h2 class=\"has-text-align-center wp-block-heading\">Capacidades de la gama Silhouette<\/h2>\n\n\n\n<p><\/p>\n\n\n\n<figure class=\"wp-block-table is-style-stripes\"><table><tbody><tr><td class=\"has-text-align-left\" data-align=\"left\"><strong>Disciplinas<\/strong>:<\/td><td><strong>Range Facilites<\/strong>:<\/td><\/tr><tr><td class=\"has-text-align-left\" data-align=\"left\">\n  <strong>Rifle peque\u00f1o<\/strong>\n<\/td><td>\n  <strong>Xxxx<\/strong>\n<\/td><\/tr><tr><td class=\"has-text-align-left\" data-align=\"left\">\n  <strong>Rifle de alta potencia<\/strong>\n<\/td><td>\n  <strong>Xxxx<\/strong>\n<\/td><\/tr><tr><td class=\"has-text-align-left\" data-align=\"left\">\n  <strong>Rifle de palanca<\/strong>\n<\/td><td>\n  <strong>Xxxx<\/strong>\n<\/td><\/tr><tr><td class=\"has-text-align-left\" data-align=\"left\">\n  <strong>Rifle de aire comprimido<\/strong>\n<\/td><td>\n  <strong>Xxxx<\/strong>\n<\/td><\/tr><\/tbody><\/table><\/figure>\n\n\n\n<div style=\"height:30px\" aria-hidden=\"true\" class=\"wp-block-spacer\"><\/div>\n\n\n\n<h2 class=\"has-text-align-center wp-block-heading\">Instalaciones de la gama Silhouette<\/h2>\n\n\n\n<figure class=\"wp-block-gallery columns-2 is-cropped wp-block-gallery-1 is-layout-flex wp-block-gallery-is-layout-flex\"><ul class=\"blocks-gallery-grid\"><li class=\"blocks-gallery-item\"><figure><img loading=\"lazy\" decoding=\"async\" width=\"1024\" height=\"768\" src=\"https:\/\/nassasilhouette.org\/wp-content\/uploads\/2021\/12\/1-Fusilier-Facility-1024x768.jpeg\" alt=\"\" data-id=\"7536\" data-link=\"https:\/\/nassasilhouette.org\/nassa-regions\/usa-gun-clubs\/south-central\/the-fusilier-complex-arnaudville-la\/1-fusilier-facility\/\" class=\"wp-image-7536\" srcset=\"https:\/\/nassasilhouette.org\/wp-content\/uploads\/2021\/12\/1-Fusilier-Facility-1024x768.jpeg 1024w, https:\/\/nassasilhouette.org\/wp-content\/uploads\/2021\/12\/1-Fusilier-Facility-300x225.jpeg 300w, https:\/\/nassasilhouette.org\/wp-content\/uploads\/2021\/12\/1-Fusilier-Facility-768x576.jpeg 768w, https:\/\/nassasilhouette.org\/wp-content\/uploads\/2021\/12\/1-Fusilier-Facility-1536x1152.jpeg 1536w, https:\/\/nassasilhouette.org\/wp-content\/uploads\/2021\/12\/1-Fusilier-Facility-2048x1536.jpeg 2048w\" sizes=\"auto, (max-width: 1024px) 100vw, 1024px\" \/><figcaption class=\"blocks-gallery-item__caption\">Instalaci\u00f3n de siluetas de fusileros<\/figcaption><\/figure><\/li><li class=\"blocks-gallery-item\"><figure><img loading=\"lazy\" decoding=\"async\" width=\"1024\" height=\"768\" src=\"https:\/\/nassasilhouette.org\/wp-content\/uploads\/2021\/12\/2-SB-Silhouette-Range-1024x768.jpeg\" alt=\"\" data-id=\"7537\" data-full-url=\"https:\/\/nassasilhouette.org\/wp-content\/uploads\/2021\/12\/2-SB-Silhouette-Range-scaled.jpeg\" data-link=\"https:\/\/nassasilhouette.org\/nassa-regions\/usa-gun-clubs\/south-central\/the-fusilier-complex-arnaudville-la\/2-sb-silhouette-range\/\" class=\"wp-image-7537\" srcset=\"https:\/\/nassasilhouette.org\/wp-content\/uploads\/2021\/12\/2-SB-Silhouette-Range-1024x768.jpeg 1024w, https:\/\/nassasilhouette.org\/wp-content\/uploads\/2021\/12\/2-SB-Silhouette-Range-300x225.jpeg 300w, https:\/\/nassasilhouette.org\/wp-content\/uploads\/2021\/12\/2-SB-Silhouette-Range-768x576.jpeg 768w, https:\/\/nassasilhouette.org\/wp-content\/uploads\/2021\/12\/2-SB-Silhouette-Range-1536x1152.jpeg 1536w, https:\/\/nassasilhouette.org\/wp-content\/uploads\/2021\/12\/2-SB-Silhouette-Range-2048x1536.jpeg 2048w\" sizes=\"auto, (max-width: 1024px) 100vw, 1024px\" \/><figcaption class=\"blocks-gallery-item__caption\">Bancos de animales de acci\u00f3n de palanca para armas peque\u00f1as<\/figcaption><\/figure><\/li><\/ul><\/figure>\n\n\n\n<figure class=\"wp-block-gallery columns-2 is-cropped wp-block-gallery-2 is-layout-flex wp-block-gallery-is-layout-flex\"><ul class=\"blocks-gallery-grid\"><li class=\"blocks-gallery-item\"><figure><a href=\"https:\/\/nassasilhouette.org\/wp-content\/uploads\/2021\/12\/3-SB-Firing-Line-1024x768.jpeg\"><img loading=\"lazy\" decoding=\"async\" width=\"1024\" height=\"768\" src=\"https:\/\/nassasilhouette.org\/wp-content\/uploads\/2021\/12\/3-SB-Firing-Line-1024x768.jpeg\" alt=\"\" data-id=\"7539\" data-link=\"https:\/\/nassasilhouette.org\/nassa-regions\/usa-gun-clubs\/south-central\/the-fusilier-complex-arnaudville-la\/3-sb-firing-line\/\" class=\"wp-image-7539\" srcset=\"https:\/\/nassasilhouette.org\/wp-content\/uploads\/2021\/12\/3-SB-Firing-Line-1024x768.jpeg 1024w, https:\/\/nassasilhouette.org\/wp-content\/uploads\/2021\/12\/3-SB-Firing-Line-300x225.jpeg 300w, https:\/\/nassasilhouette.org\/wp-content\/uploads\/2021\/12\/3-SB-Firing-Line-768x576.jpeg 768w, https:\/\/nassasilhouette.org\/wp-content\/uploads\/2021\/12\/3-SB-Firing-Line-1536x1152.jpeg 1536w, https:\/\/nassasilhouette.org\/wp-content\/uploads\/2021\/12\/3-SB-Firing-Line-2048x1536.jpeg 2048w\" sizes=\"auto, (max-width: 1024px) 100vw, 1024px\" \/><\/a><figcaption class=\"blocks-gallery-item__caption\">L\u00ednea de tiro de acci\u00f3n de palanca para cartuchos de peque\u00f1o calibre y pistola<\/figcaption><\/figure><\/li><li class=\"blocks-gallery-item\"><figure><a href=\"https:\/\/nassasilhouette.org\/wp-content\/uploads\/2021\/12\/4-SB-Chickens-scaled.jpeg\"><img loading=\"lazy\" decoding=\"async\" width=\"768\" height=\"1024\" src=\"https:\/\/nassasilhouette.org\/wp-content\/uploads\/2021\/12\/4-SB-Chickens-768x1024.jpeg\" alt=\"\" data-id=\"7540\" data-full-url=\"https:\/\/nassasilhouette.org\/wp-content\/uploads\/2021\/12\/4-SB-Chickens-scaled.jpeg\" data-link=\"https:\/\/nassasilhouette.org\/nassa-regions\/usa-gun-clubs\/south-central\/the-fusilier-complex-arnaudville-la\/4-sb-chickens\/\" class=\"wp-image-7540\" srcset=\"https:\/\/nassasilhouette.org\/wp-content\/uploads\/2021\/12\/4-SB-Chickens-768x1024.jpeg 768w, https:\/\/nassasilhouette.org\/wp-content\/uploads\/2021\/12\/4-SB-Chickens-225x300.jpeg 225w, https:\/\/nassasilhouette.org\/wp-content\/uploads\/2021\/12\/4-SB-Chickens-1152x1536.jpeg 1152w, https:\/\/nassasilhouette.org\/wp-content\/uploads\/2021\/12\/4-SB-Chickens-1536x2048.jpeg 1536w, https:\/\/nassasilhouette.org\/wp-content\/uploads\/2021\/12\/4-SB-Chickens-scaled.jpeg 1920w\" sizes=\"auto, (max-width: 768px) 100vw, 768px\" \/><\/a><figcaption class=\"blocks-gallery-item__caption\">Derribando pollos de acero<\/figcaption><\/figure><\/li><\/ul><\/figure>\n\n\n\n<figure class=\"wp-block-gallery alignwide columns-2 is-cropped wp-block-gallery-3 is-layout-flex wp-block-gallery-is-layout-flex\"><ul class=\"blocks-gallery-grid\"><li class=\"blocks-gallery-item\"><figure><a href=\"https:\/\/nassasilhouette.org\/wp-content\/uploads\/2021\/12\/5-SB-Pig-Bank-1024x768.jpeg\"><img loading=\"lazy\" decoding=\"async\" width=\"1024\" height=\"768\" src=\"https:\/\/nassasilhouette.org\/wp-content\/uploads\/2021\/12\/5-SB-Pig-Bank-1024x768.jpeg\" alt=\"\" data-id=\"7541\" data-link=\"https:\/\/nassasilhouette.org\/nassa-regions\/usa-gun-clubs\/south-central\/the-fusilier-complex-arnaudville-la\/5-sb-pig-bank\/\" class=\"wp-image-7541\" srcset=\"https:\/\/nassasilhouette.org\/wp-content\/uploads\/2021\/12\/5-SB-Pig-Bank-1024x768.jpeg 1024w, https:\/\/nassasilhouette.org\/wp-content\/uploads\/2021\/12\/5-SB-Pig-Bank-300x225.jpeg 300w, https:\/\/nassasilhouette.org\/wp-content\/uploads\/2021\/12\/5-SB-Pig-Bank-768x576.jpeg 768w, https:\/\/nassasilhouette.org\/wp-content\/uploads\/2021\/12\/5-SB-Pig-Bank-1536x1152.jpeg 1536w, https:\/\/nassasilhouette.org\/wp-content\/uploads\/2021\/12\/5-SB-Pig-Bank-2048x1536.jpeg 2048w\" sizes=\"auto, (max-width: 1024px) 100vw, 1024px\" \/><\/a><figcaption class=\"blocks-gallery-item__caption\">Bancos de cartuchos para arma corta y pistola<\/figcaption><\/figure><\/li><li class=\"blocks-gallery-item\"><figure><a href=\"https:\/\/nassasilhouette.org\/wp-content\/uploads\/2021\/12\/6-Pig-Bank.jpg\"><img loading=\"lazy\" decoding=\"async\" width=\"768\" height=\"1024\" src=\"https:\/\/nassasilhouette.org\/wp-content\/uploads\/2021\/12\/6-Pig-Bank-768x1024.jpg\" alt=\"\" data-id=\"7542\" data-full-url=\"https:\/\/nassasilhouette.org\/wp-content\/uploads\/2021\/12\/6-Pig-Bank.jpg\" data-link=\"https:\/\/nassasilhouette.org\/nassa-regions\/usa-gun-clubs\/south-central\/the-fusilier-complex-arnaudville-la\/6-pig-bank\/\" class=\"wp-image-7542\" srcset=\"https:\/\/nassasilhouette.org\/wp-content\/uploads\/2021\/12\/6-Pig-Bank-768x1024.jpg 768w, https:\/\/nassasilhouette.org\/wp-content\/uploads\/2021\/12\/6-Pig-Bank-225x300.jpg 225w, https:\/\/nassasilhouette.org\/wp-content\/uploads\/2021\/12\/6-Pig-Bank-1152x1536.jpg 1152w, https:\/\/nassasilhouette.org\/wp-content\/uploads\/2021\/12\/6-Pig-Bank.jpg 1536w\" sizes=\"auto, (max-width: 768px) 100vw, 768px\" \/><\/a><figcaption class=\"blocks-gallery-item__caption\">Derribar cerdos de acero<\/figcaption><\/figure><\/li><\/ul><\/figure>\n\n\n\n<figure class=\"wp-block-gallery alignwide columns-2 is-cropped wp-block-gallery-4 is-layout-flex wp-block-gallery-is-layout-flex\"><ul class=\"blocks-gallery-grid\"><li class=\"blocks-gallery-item\"><figure><a href=\"https:\/\/nassasilhouette.org\/wp-content\/uploads\/2021\/12\/7-Bruce-Spotting-Dustin-768x1024.jpeg\"><img loading=\"lazy\" decoding=\"async\" width=\"768\" height=\"1024\" src=\"https:\/\/nassasilhouette.org\/wp-content\/uploads\/2021\/12\/7-Bruce-Spotting-Dustin-768x1024.jpeg\" alt=\"\" data-id=\"7543\" data-link=\"https:\/\/nassasilhouette.org\/nassa-regions\/usa-gun-clubs\/south-central\/the-fusilier-complex-arnaudville-la\/7-bruce-spotting-dustin\/\" class=\"wp-image-7543\" srcset=\"https:\/\/nassasilhouette.org\/wp-content\/uploads\/2021\/12\/7-Bruce-Spotting-Dustin-768x1024.jpeg 768w, https:\/\/nassasilhouette.org\/wp-content\/uploads\/2021\/12\/7-Bruce-Spotting-Dustin-225x300.jpeg 225w, https:\/\/nassasilhouette.org\/wp-content\/uploads\/2021\/12\/7-Bruce-Spotting-Dustin-1152x1536.jpeg 1152w, https:\/\/nassasilhouette.org\/wp-content\/uploads\/2021\/12\/7-Bruce-Spotting-Dustin-1536x2048.jpeg 1536w, https:\/\/nassasilhouette.org\/wp-content\/uploads\/2021\/12\/7-Bruce-Spotting-Dustin-scaled.jpeg 1920w\" sizes=\"auto, (max-width: 768px) 100vw, 768px\" \/><\/a><figcaption class=\"blocks-gallery-item__caption\">Bruce Finley Spotting para Dustin Flint<\/figcaption><\/figure><\/li><li class=\"blocks-gallery-item\"><figure><a href=\"https:\/\/nassasilhouette.org\/wp-content\/uploads\/2021\/12\/8-Rifle-Cartridge-Animals-Banks-scaled.jpeg\"><img loading=\"lazy\" decoding=\"async\" width=\"1024\" height=\"768\" src=\"https:\/\/nassasilhouette.org\/wp-content\/uploads\/2021\/12\/8-Rifle-Cartridge-Animals-Banks-1024x768.jpeg\" alt=\"\" data-id=\"7544\" data-full-url=\"https:\/\/nassasilhouette.org\/wp-content\/uploads\/2021\/12\/8-Rifle-Cartridge-Animals-Banks-scaled.jpeg\" data-link=\"https:\/\/nassasilhouette.org\/nassa-regions\/usa-gun-clubs\/south-central\/the-fusilier-complex-arnaudville-la\/8-rifle-cartridge-animals-banks\/\" class=\"wp-image-7544\" srcset=\"https:\/\/nassasilhouette.org\/wp-content\/uploads\/2021\/12\/8-Rifle-Cartridge-Animals-Banks-1024x768.jpeg 1024w, https:\/\/nassasilhouette.org\/wp-content\/uploads\/2021\/12\/8-Rifle-Cartridge-Animals-Banks-300x225.jpeg 300w, https:\/\/nassasilhouette.org\/wp-content\/uploads\/2021\/12\/8-Rifle-Cartridge-Animals-Banks-768x576.jpeg 768w, https:\/\/nassasilhouette.org\/wp-content\/uploads\/2021\/12\/8-Rifle-Cartridge-Animals-Banks-1536x1152.jpeg 1536w, https:\/\/nassasilhouette.org\/wp-content\/uploads\/2021\/12\/8-Rifle-Cartridge-Animals-Banks-2048x1536.jpeg 2048w\" sizes=\"auto, (max-width: 1024px) 100vw, 1024px\" \/><\/a><figcaption class=\"blocks-gallery-item__caption\">Cartucho de rifle de palanca Bancos de animales<\/figcaption><\/figure><\/li><\/ul><\/figure>\n\n\n\n<figure class=\"wp-block-gallery alignwide columns-2 is-cropped wp-block-gallery-5 is-layout-flex wp-block-gallery-is-layout-flex\"><ul class=\"blocks-gallery-grid\"><li class=\"blocks-gallery-item\"><figure><a href=\"https:\/\/nassasilhouette.org\/wp-content\/uploads\/2021\/12\/9-Rifle-Cartridge-Shoot-Off-1024x771.jpg\"><img loading=\"lazy\" decoding=\"async\" width=\"1024\" height=\"771\" src=\"https:\/\/nassasilhouette.org\/wp-content\/uploads\/2021\/12\/9-Rifle-Cartridge-Shoot-Off-1024x771.jpg\" alt=\"\" data-id=\"7545\" data-link=\"https:\/\/nassasilhouette.org\/nassa-regions\/usa-gun-clubs\/south-central\/the-fusilier-complex-arnaudville-la\/9-rifle-cartridge-shoot-off\/\" class=\"wp-image-7545\" srcset=\"https:\/\/nassasilhouette.org\/wp-content\/uploads\/2021\/12\/9-Rifle-Cartridge-Shoot-Off-1024x771.jpg 1024w, https:\/\/nassasilhouette.org\/wp-content\/uploads\/2021\/12\/9-Rifle-Cartridge-Shoot-Off-300x226.jpg 300w, https:\/\/nassasilhouette.org\/wp-content\/uploads\/2021\/12\/9-Rifle-Cartridge-Shoot-Off-768x578.jpg 768w, https:\/\/nassasilhouette.org\/wp-content\/uploads\/2021\/12\/9-Rifle-Cartridge-Shoot-Off-1536x1157.jpg 1536w, https:\/\/nassasilhouette.org\/wp-content\/uploads\/2021\/12\/9-Rifle-Cartridge-Shoot-Off.jpg 2048w\" sizes=\"auto, (max-width: 1024px) 100vw, 1024px\" \/><\/a><figcaption class=\"blocks-gallery-item__caption\">Tiroteo entre Bruce Finley y John Mullins<\/figcaption><\/figure><\/li><li class=\"blocks-gallery-item\"><figure><a href=\"https:\/\/nassasilhouette.org\/wp-content\/uploads\/2021\/12\/10-Jerry-told-Garin-1-1-scaled.jpeg\"><img loading=\"lazy\" decoding=\"async\" width=\"768\" height=\"1024\" src=\"https:\/\/nassasilhouette.org\/wp-content\/uploads\/2021\/12\/10-Jerry-told-Garin-1-1-768x1024.jpeg\" alt=\"\" data-id=\"7547\" data-full-url=\"https:\/\/nassasilhouette.org\/wp-content\/uploads\/2021\/12\/10-Jerry-told-Garin-1-1-scaled.jpeg\" data-link=\"https:\/\/nassasilhouette.org\/nassa-regions\/usa-gun-clubs\/south-central\/the-fusilier-complex-arnaudville-la\/10-jerry-told-garin-1-1\/\" class=\"wp-image-7547\" srcset=\"https:\/\/nassasilhouette.org\/wp-content\/uploads\/2021\/12\/10-Jerry-told-Garin-1-1-768x1024.jpeg 768w, https:\/\/nassasilhouette.org\/wp-content\/uploads\/2021\/12\/10-Jerry-told-Garin-1-1-225x300.jpeg 225w, https:\/\/nassasilhouette.org\/wp-content\/uploads\/2021\/12\/10-Jerry-told-Garin-1-1-1152x1536.jpeg 1152w, https:\/\/nassasilhouette.org\/wp-content\/uploads\/2021\/12\/10-Jerry-told-Garin-1-1-1536x2048.jpeg 1536w, https:\/\/nassasilhouette.org\/wp-content\/uploads\/2021\/12\/10-Jerry-told-Garin-1-1-scaled.jpeg 1920w\" sizes=\"auto, (max-width: 768px) 100vw, 768px\" \/><\/a><figcaption class=\"blocks-gallery-item__caption\">\u00a1\u00a1\u00a1Jerry le acaba de decir a Garin lo que hay en el Gumbo!!!<\/figcaption><\/figure><\/li><\/ul><\/figure>\n","protected":false},"excerpt":{"rendered":"<p>Somos un campo de tiro privado, sin \u00e1nimo de lucro, s\u00f3lo para socios, que ofrece un lugar seguro y agradable para los tiradores de rifle, pistola y escopeta. &nbsp;El club se form\u00f3 en 2002 despu\u00e9s de que el antiguo Hub City Rifle and Pistol Club perdiera el contrato de arrendamiento de su propiedad cerca de&hellip; <a class=\"more-link\" href=\"https:\/\/nassasilhouette.org\/es-mx\/regiones-clubes-nassa\/regiones-clubes-de-ee-uu\/region-centro-sur-clubes\/complejo-fusilier-arnaudville-luisiana\/\">Continue reading <span class=\"screen-reader-text\">Complejo Fusilier &#8211; Arnaudville, Luisiana<\/span><\/a><\/p>\n","protected":false},"author":4,"featured_media":0,"parent":19582,"menu_order":0,"comment_status":"closed","ping_status":"closed","template":"","meta":{"_acf_changed":false,"footnotes":""},"class_list":["post-19501","page","type-page","status-publish","hentry","entry"],"acf":[],"rttpg_featured_image_url":null,"rttpg_author":{"display_name":"Chris Cawthorne","author_link":"https:\/\/nassasilhouette.org\/es-mx\/author\/cecawthorneyahoo-com\/"},"rttpg_comment":0,"rttpg_category":" <a href=\"https:\/\/nassasilhouette.org\/es-mx\/?taxonomy=translation_priority&#038;term=optional-es-mx\" rel=\"tag\">Optional<\/a>","rttpg_excerpt":"Somos un campo de tiro privado, sin \u00e1nimo de lucro, s\u00f3lo para socios, que ofrece un lugar seguro y agradable para los tiradores de rifle, pistola y escopeta. &nbsp;El club se form\u00f3 en 2002 despu\u00e9s de que el antiguo Hub City Rifle and Pistol Club perdiera el contrato de arrendamiento de su propiedad cerca de&hellip;&hellip;","_links":{"self":[{"href":"https:\/\/nassasilhouette.org\/es-mx\/wp-json\/wp\/v2\/pages\/19501","targetHints":{"allow":["GET"]}}],"collection":[{"href":"https:\/\/nassasilhouette.org\/es-mx\/wp-json\/wp\/v2\/pages"}],"about":[{"href":"https:\/\/nassasilhouette.org\/es-mx\/wp-json\/wp\/v2\/types\/page"}],"author":[{"embeddable":true,"href":"https:\/\/nassasilhouette.org\/es-mx\/wp-json\/wp\/v2\/users\/4"}],"replies":[{"embeddable":true,"href":"https:\/\/nassasilhouette.org\/es-mx\/wp-json\/wp\/v2\/comments?post=19501"}],"version-history":[{"count":0,"href":"https:\/\/nassasilhouette.org\/es-mx\/wp-json\/wp\/v2\/pages\/19501\/revisions"}],"up":[{"embeddable":true,"href":"https:\/\/nassasilhouette.org\/es-mx\/wp-json\/wp\/v2\/pages\/19582"}],"wp:attachment":[{"href":"https:\/\/nassasilhouette.org\/es-mx\/wp-json\/wp\/v2\/media?parent=19501"}],"curies":[{"name":"wp","href":"https:\/\/api.w.org\/{rel}","templated":true}]}}