{"id":19500,"date":"2021-11-27T13:59:33","date_gmt":"2021-11-27T19:59:33","guid":{"rendered":"https:\/\/nassasilhouette.org\/club-easl-smallbore-silhouette-gonzales-luisiana\/"},"modified":"2021-11-27T13:59:33","modified_gmt":"2021-11-27T19:59:33","slug":"club-easl-smallbore-silhouette-gonzales-luisiana","status":"publish","type":"page","link":"https:\/\/nassasilhouette.org\/es-mx\/regiones-clubes-nassa\/regiones-clubes-de-ee-uu\/region-centro-sur-clubes\/club-easl-smallbore-silhouette-gonzales-luisiana\/","title":{"rendered":"Club EASL Smallbore Silhouette &#8211; Gonzales, Luisiana"},"content":{"rendered":"\n<div class=\"wp-block-media-text alignwide is-stacked-on-mobile\" style=\"grid-template-columns:15% auto\"><figure class=\"wp-block-media-text__media\"><img loading=\"lazy\" decoding=\"async\" width=\"640\" height=\"618\" src=\"https:\/\/nassasilhouette.org\/wp-content\/uploads\/2021\/11\/EASL-Logo.jpeg\" alt=\"\" class=\"wp-image-6794 size-full\" srcset=\"https:\/\/nassasilhouette.org\/wp-content\/uploads\/2021\/11\/EASL-Logo.jpeg 640w, https:\/\/nassasilhouette.org\/wp-content\/uploads\/2021\/11\/EASL-Logo-300x290.jpeg 300w\" sizes=\"auto, (max-width: 640px) 100vw, 640px\" \/><\/figure><div class=\"wp-block-media-text__content\">\n<p>El EASL Smallbore Silhouette Club celebra partidos regulares de silueta con ca\u00f1\u00f3n peque\u00f1o el cuarto s\u00e1bado de cada mes en el Ascension Parish Sheriff&#8217;s Range en Landry Road frente al Lamar Dixon Expo Center en Gonzales.  <meta charset=\"utf-8\">Los partidos comienzan a las 8:00 de la ma\u00f1ana y a veces duran hasta las 16:00, dependiendo de la participaci\u00f3n y de la competici\u00f3n individual que se celebre.<\/p>\n\n\n\n<p>Cada partido consiste en diferentes eventos de competici\u00f3n, incluyendo un partido sancionado por la NRA, un partido de deportistas, un partido de ni\u00f1os.&nbsp;  En ocasiones, se celebrar\u00e1 un concurso de Bench Rest. Las distancias utilizadas en los partidos son, 40, 60 y 77 metros, y 100 yardas. Los adultos disparan a blancos de escala 1\/5, mientras que los ni\u00f1os disparan a blancos de escala 3\/8.<\/p>\n\n\n\n<p>Los adultos pagan 5 $ y los ni\u00f1os 1 $. Con ello se cubrir\u00e1n los gastos de cocina de los actos. Estas competiciones est\u00e1n pensadas para que &#8220;haya algo para todo el mundo&#8221;, independientemente de la experiencia de tiro que se tenga. Todo lo que necesitas son ganas de disparar y divertirte, y un rifle del 22 si tienes uno.<\/p>\n<\/div><\/div>\n\n\n\n<div style=\"height:50px\" aria-hidden=\"true\" class=\"wp-block-spacer\"><\/div>\n\n\n\n<h2 class=\"has-text-align-center wp-block-heading\">Informaci\u00f3n de contacto<\/h2>\n\n\n\n<p><\/p>\n\n\n\n<figure class=\"wp-block-table is-style-stripes\"><table><tbody><tr><td><strong>P\u00e1gina web<\/strong>:<\/td><td>\n  <a href=\"http:\/\/easlonline.org\/shooting-sports\/\" data-type=\"URL\" data-id=\"http:\/\/easlonline.org\/shooting-sports\/\">http:\/\/easlonline.org\/shooting-sports\/<\/a>\n<\/td><\/tr><tr><td><strong>Facebook<\/strong>:<\/td><td>\n  <strong>No hay p\u00e1gina de Facebook<\/strong>\n<\/td><\/tr><tr><td><strong>Direcci\u00f3n profesional<\/strong>:<\/td><td>\n  <strong>Xxxx<\/strong>\n<\/td><\/tr><tr><td><strong>Ubicaci\u00f3n del rango<\/strong>:<\/td><td>\n  <strong>Xxxx<\/strong>\n<\/td><\/tr><tr><td><strong>Contacto principal<\/strong> 1:<\/td><td>\n  <strong>Dustin Flint<\/strong>\n<\/td><\/tr><tr><td><strong>Contacto principal 1 Tel\u00e9fono<\/strong><\/td><td>\n  <strong>\n    <strong>225 719-1112<\/strong>\n  <\/strong>\n<\/td><\/tr><tr><td><strong>Contacto principal 1 Email<\/strong>:<\/td><td>\n  <strong>louisianasilhouette@gmail.com<\/strong>\n<\/td><\/tr><tr><td>\n  <strong>Contacto principal 2:<\/strong>\n<\/td><td>\n  <strong>Jerry Tureau<\/strong>\n<\/td><\/tr><tr><td>\n  <strong>Contacto principal 2 Tel\u00e9fono:<\/strong>\n<\/td><td>\n  <strong>225 803-2773<\/strong>\n<\/td><\/tr><\/tbody><\/table><\/figure>\n\n\n\n<div style=\"height:30px\" aria-hidden=\"true\" class=\"wp-block-spacer\"><\/div>\n\n\n\n<p><\/p>\n\n\n\n<h2 class=\"has-text-align-center wp-block-heading\">Capacidades de la gama Silhouette<\/h2>\n\n\n\n<p><\/p>\n\n\n\n<figure class=\"wp-block-table is-style-stripes\"><table><tbody><tr><td class=\"has-text-align-left\" data-align=\"left\"><strong>Disciplinas<\/strong>:<\/td><td><strong>Range Facilites<\/strong>:<\/td><\/tr><tr><td class=\"has-text-align-left\" data-align=\"left\">\n  <strong>Rifle Smallbore<\/strong>\n<\/td><td>\n  <strong>2 bancos de cada animal<\/strong>\n<\/td><\/tr><tr><td class=\"has-text-align-left\" data-align=\"left\">\n  <strong>Rifle de alta potencia<\/strong>\n<\/td><td>\n  <strong>2 bancos de cada animal (reducido a 200 yardas)<\/strong>\n<\/td><\/tr><tr><td class=\"has-text-align-left\" data-align=\"left\">\n  <strong>Rifle de palanca<\/strong>\n<\/td><td>\n  <strong>2 bancos de cada animal<\/strong>\n<\/td><\/tr><tr><td class=\"has-text-align-left\" data-align=\"left\">\n  <strong>Rifle de aire<\/strong>\n<\/td><td>\n  <strong>2 bancos de cada animal<\/strong>\n<\/td><\/tr><\/tbody><\/table><\/figure>\n\n\n\n<div style=\"height:30px\" aria-hidden=\"true\" class=\"wp-block-spacer\"><\/div>\n\n\n\n<h2 class=\"has-text-align-center wp-block-heading\">Instalaciones de la gama Silhouette<\/h2>\n\n\n\n<figure class=\"wp-block-gallery columns-1 is-cropped wp-block-gallery-1 is-layout-flex wp-block-gallery-is-layout-flex\"><ul class=\"blocks-gallery-grid\"><li class=\"blocks-gallery-item\"><figure><img loading=\"lazy\" decoding=\"async\" width=\"960\" height=\"720\" src=\"https:\/\/nassasilhouette.org\/wp-content\/uploads\/2021\/11\/Elisabeth-Chris-Shootoff.jpg\" alt=\"\" data-id=\"6806\" data-full-url=\"https:\/\/nassasilhouette.org\/wp-content\/uploads\/2021\/11\/Elisabeth-Chris-Shootoff.jpg\" data-link=\"https:\/\/nassasilhouette.org\/nassa-regions\/usa-gun-clubs\/south-central\/easl-smallbore-silhouette-club-gonzales-la\/elisabeth-chris-shootoff\/\" class=\"wp-image-6806\" srcset=\"https:\/\/nassasilhouette.org\/wp-content\/uploads\/2021\/11\/Elisabeth-Chris-Shootoff.jpg 960w, https:\/\/nassasilhouette.org\/wp-content\/uploads\/2021\/11\/Elisabeth-Chris-Shootoff-300x225.jpg 300w, https:\/\/nassasilhouette.org\/wp-content\/uploads\/2021\/11\/Elisabeth-Chris-Shootoff-768x576.jpg 768w\" sizes=\"auto, (max-width: 960px) 100vw, 960px\" \/><\/figure><\/li><\/ul><\/figure>\n\n\n\n<figure class=\"wp-block-gallery columns-0 is-cropped wp-block-gallery-2 is-layout-flex wp-block-gallery-is-layout-flex\"><ul class=\"blocks-gallery-grid\"><\/ul><\/figure>\n\n\n\n<figure class=\"wp-block-gallery alignwide columns-0 is-cropped wp-block-gallery-3 is-layout-flex wp-block-gallery-is-layout-flex\"><ul class=\"blocks-gallery-grid\"><\/ul><\/figure>\n\n\n\n<figure class=\"wp-block-gallery alignwide columns-0 is-cropped wp-block-gallery-4 is-layout-flex wp-block-gallery-is-layout-flex\"><ul class=\"blocks-gallery-grid\"><\/ul><\/figure>\n\n\n\n<figure class=\"wp-block-gallery alignwide columns-0 is-cropped wp-block-gallery-5 is-layout-flex wp-block-gallery-is-layout-flex\"><ul class=\"blocks-gallery-grid\"><\/ul><\/figure>\n\n\n\n<figure class=\"wp-block-gallery alignwide columns-0 is-cropped wp-block-gallery-6 is-layout-flex wp-block-gallery-is-layout-flex\"><ul class=\"blocks-gallery-grid\"><\/ul><\/figure>\n","protected":false},"excerpt":{"rendered":"<p>El EASL Smallbore Silhouette Club celebra partidos regulares de silueta con ca\u00f1\u00f3n peque\u00f1o el cuarto s\u00e1bado de cada mes en el Ascension Parish Sheriff&#8217;s Range en Landry Road frente al Lamar Dixon Expo Center en Gonzales. Los partidos comienzan a las 8:00 de la ma\u00f1ana y a veces duran hasta las 16:00, dependiendo de la&hellip; <a class=\"more-link\" href=\"https:\/\/nassasilhouette.org\/es-mx\/regiones-clubes-nassa\/regiones-clubes-de-ee-uu\/region-centro-sur-clubes\/club-easl-smallbore-silhouette-gonzales-luisiana\/\">Continue reading <span class=\"screen-reader-text\">Club EASL Smallbore Silhouette &#8211; Gonzales, Luisiana<\/span><\/a><\/p>\n","protected":false},"author":4,"featured_media":0,"parent":19582,"menu_order":0,"comment_status":"closed","ping_status":"closed","template":"","meta":{"_acf_changed":false,"footnotes":""},"class_list":["post-19500","page","type-page","status-publish","hentry","entry"],"acf":[],"rttpg_featured_image_url":null,"rttpg_author":{"display_name":"Chris Cawthorne","author_link":"https:\/\/nassasilhouette.org\/es-mx\/author\/cecawthorneyahoo-com\/"},"rttpg_comment":0,"rttpg_category":" <a href=\"https:\/\/nassasilhouette.org\/es-mx\/?taxonomy=translation_priority&#038;term=optional-es-mx\" rel=\"tag\">Optional<\/a>","rttpg_excerpt":"El EASL Smallbore Silhouette Club celebra partidos regulares de silueta con ca\u00f1\u00f3n peque\u00f1o el cuarto s\u00e1bado de cada mes en el Ascension Parish Sheriff&#8217;s Range en Landry Road frente al Lamar Dixon Expo Center en Gonzales. Los partidos comienzan a las 8:00 de la ma\u00f1ana y a veces duran hasta las 16:00, dependiendo de la&hellip;&hellip;","_links":{"self":[{"href":"https:\/\/nassasilhouette.org\/es-mx\/wp-json\/wp\/v2\/pages\/19500","targetHints":{"allow":["GET"]}}],"collection":[{"href":"https:\/\/nassasilhouette.org\/es-mx\/wp-json\/wp\/v2\/pages"}],"about":[{"href":"https:\/\/nassasilhouette.org\/es-mx\/wp-json\/wp\/v2\/types\/page"}],"author":[{"embeddable":true,"href":"https:\/\/nassasilhouette.org\/es-mx\/wp-json\/wp\/v2\/users\/4"}],"replies":[{"embeddable":true,"href":"https:\/\/nassasilhouette.org\/es-mx\/wp-json\/wp\/v2\/comments?post=19500"}],"version-history":[{"count":0,"href":"https:\/\/nassasilhouette.org\/es-mx\/wp-json\/wp\/v2\/pages\/19500\/revisions"}],"up":[{"embeddable":true,"href":"https:\/\/nassasilhouette.org\/es-mx\/wp-json\/wp\/v2\/pages\/19582"}],"wp:attachment":[{"href":"https:\/\/nassasilhouette.org\/es-mx\/wp-json\/wp\/v2\/media?parent=19500"}],"curies":[{"name":"wp","href":"https:\/\/api.w.org\/{rel}","templated":true}]}}