{"id":19499,"date":"2021-11-24T21:35:06","date_gmt":"2021-11-25T03:35:06","guid":{"rendered":"https:\/\/nassasilhouette.org\/centro-de-tiro-team-hatch-jonesboro-luisiana\/"},"modified":"2021-11-24T21:35:06","modified_gmt":"2021-11-25T03:35:06","slug":"centro-de-tiro-team-hatch-jonesboro-luisiana","status":"publish","type":"page","link":"https:\/\/nassasilhouette.org\/es-mx\/regiones-clubes-nassa\/regiones-clubes-de-ee-uu\/region-centro-sur-clubes\/centro-de-tiro-team-hatch-jonesboro-luisiana\/","title":{"rendered":"Centro de tiro Team Hatch &#8211; Jonesboro, Luisiana"},"content":{"rendered":"\n<div class=\"wp-block-media-text alignwide is-stacked-on-mobile\" style=\"grid-template-columns:21% auto\"><figure class=\"wp-block-media-text__media\"><img loading=\"lazy\" decoding=\"async\" width=\"728\" height=\"582\" src=\"https:\/\/nassasilhouette.org\/wp-content\/uploads\/2021\/11\/Picture1.png\" alt=\"\" class=\"wp-image-6499 size-full\" srcset=\"https:\/\/nassasilhouette.org\/wp-content\/uploads\/2021\/11\/Picture1.png 728w, https:\/\/nassasilhouette.org\/wp-content\/uploads\/2021\/11\/Picture1-300x240.png 300w\" sizes=\"auto, (max-width: 728px) 100vw, 728px\" \/><\/figure><div class=\"wp-block-media-text__content\">\n<p><meta charset=\"utf-8\">Las instalaciones de tiro de Team Hatch nacieron de lo que antes era una parte de una granja familiar de pollos. Tras el cese de la producci\u00f3n, se concibi\u00f3 una &#8220;idea descabellada&#8221; para crear un campo de tiro de siluetas con carabina de aire comprimido en interiores, sin viento. La conversi\u00f3n en campo de tiro no tard\u00f3 en ponerse en marcha, ofreciendo 130 yardas cubiertas en toda su longitud e iluminadas con distancias de silueta de rifle de aire iluminadas.<\/p>\n\n\n\n<p><\/p>\n\n\n\n<p>Poco despu\u00e9s, en 2015, se celebr\u00f3 el primer Campeonato Agregado NRA Registered Target, Sporter y Open Air Rifle. Estos partidos continuaron hasta 2020, antes de que Covid suspendiera temporalmente los partidos. La tragedia lleg\u00f3 en 2021, cuando una tormenta de hielo provoc\u00f3 el derrumbe del edificio de la cooperativa. En la actualidad se est\u00e1 planeando el traslado a un segundo gallinero y la celebraci\u00f3n de un campeonato en la primavera de 2002. Puede que \u00e9ste sea el \u00fanico campo de tiro de siluetas con carabina de aire comprimido de interior que funciona en EE.UU., as\u00ed que venga a disparar con nosotros y vea de lo que es capaz su escopeta.<\/p>\n\n\n\n<div style=\"height:50px\" aria-hidden=\"true\" class=\"wp-block-spacer\"><\/div>\n\n\n\n<p><\/p>\n<\/div><\/div>\n\n\n\n<h2 class=\"has-text-align-center wp-block-heading\">Informaci\u00f3n de contacto<\/h2>\n\n\n\n<p><\/p>\n\n\n\n<figure class=\"wp-block-table is-style-stripes\"><table><tbody><tr><td><strong>P\u00e1gina web<\/strong>:<\/td><td>\n  <a href=\"http:\/\/www.teamhatchshootingfacility.com\/\" data-type=\"URL\" data-id=\"http:\/\/www.teamhatchshootingfacility.com\/\">http:\/\/www.teamhatchshootingfacility.com\/<\/a>\n<\/td><\/tr><tr><td><strong>Facebook<\/strong>:<\/td><td>\n  <strong>No hay p\u00e1gina de Facebook<\/strong>\n<\/td><\/tr><tr><td><strong>Direcci\u00f3n comercial<\/strong>:<\/td><td>\n  <strong>\n    <meta charset=\"utf-8\">\n    <strong>429 Swanner Watts Road, Jonesboro, LA&nbsp;<\/strong>\n  <\/strong>\n<\/td><\/tr><tr><td><strong>Ubicaci\u00f3n del campo de tiro<\/strong>:<\/td><td>\n  <strong>429 Swanner Watts Road, Jonesboro, LA&nbsp;<\/strong>\n<\/td><\/tr><tr><td>\n  <strong>Contacto principal (1):<\/strong>\n<\/td><td>\n  <strong>Garin Hatch<\/strong>\n<\/td><\/tr><tr><td><strong>Contacto principal (1) Tel\u00e9fono<\/strong>:<\/td><td>\n  <strong>X318 237-6353<\/strong>\n<\/td><\/tr><tr><td><strong>Contacto principal (1) Correo electr\u00f3nico<\/strong>:<\/td><td>\n  <strong>\n    <strong>garinhatch@gmail.com<\/strong>\n  <\/strong>\n<\/td><\/tr><tr><td>\n  <meta charset=\"utf-8\">\n  <strong>Contacto principal (2):<\/strong>\n<\/td><td>\n  <strong>Danny Hatch<\/strong>\n<\/td><\/tr><tr><td><meta charset=\"utf-8\"><strong>Contacto principal (2) Tel\u00e9fono<\/strong><\/td><td>\n  <strong>318 816-9974<\/strong>\n<\/td><\/tr><tr><td><meta charset=\"utf-8\"><strong>Contacto principal (2) Correo electr\u00f3nico<\/strong>:<\/td><td>\n  <strong>dannymhatch@gmail.com<\/strong>\n<\/td><\/tr><\/tbody><\/table><\/figure>\n\n\n\n<div style=\"height:30px\" aria-hidden=\"true\" class=\"wp-block-spacer\"><\/div>\n\n\n\n<p><\/p>\n\n\n\n<h2 class=\"has-text-align-center wp-block-heading\">Capacidades de la gama Silhouette<\/h2>\n\n\n\n<p><\/p>\n\n\n\n<figure class=\"wp-block-table is-style-stripes\"><table><tbody><tr><td class=\"has-text-align-left\" data-align=\"left\"><strong>Disciplinas<\/strong>:<\/td><td><strong>Range Facilites<\/strong>:<\/td><\/tr><tr><td class=\"has-text-align-left\" data-align=\"left\">\n  <strong>Rifle peque\u00f1o<\/strong>\n<\/td><td>\n  <strong>No aplicable<\/strong>\n<\/td><\/tr><tr><td class=\"has-text-align-left\" data-align=\"left\">\n  <strong>Rifle de alta potencia<\/strong>\n<\/td><td>\n  <strong>No aplicable<\/strong>\n<\/td><\/tr><tr><td class=\"has-text-align-left\" data-align=\"left\">\n  <strong>Rifle de palanca<\/strong>\n<\/td><td>\n  <strong>No aplicable<\/strong>\n<\/td><\/tr><tr><td class=\"has-text-align-left\" data-align=\"left\">\n  <strong>Rifle de aire<\/strong>\n<\/td><td>\n  <strong>2 bancos de cada animal<\/strong>\n<\/td><\/tr><\/tbody><\/table><\/figure>\n\n\n\n<div style=\"height:30px\" aria-hidden=\"true\" class=\"wp-block-spacer\"><\/div>\n\n\n\n<h2 class=\"has-text-align-center wp-block-heading\">Instalaciones de la gama Silhouette<\/h2>\n\n\n\n<figure class=\"wp-block-gallery aligncenter columns-1 is-cropped wp-block-gallery-1 is-layout-flex wp-block-gallery-is-layout-flex\"><ul class=\"blocks-gallery-grid\"><li class=\"blocks-gallery-item\"><figure><a href=\"https:\/\/nassasilhouette.org\/wp-content\/uploads\/2021\/11\/1A-Participating-Shooters-scaled.jpg\"><img loading=\"lazy\" decoding=\"async\" width=\"1024\" height=\"576\" src=\"https:\/\/nassasilhouette.org\/wp-content\/uploads\/2021\/11\/1A-Participating-Shooters-1024x576.jpg\" alt=\"\" data-id=\"6500\" data-full-url=\"https:\/\/nassasilhouette.org\/wp-content\/uploads\/2021\/11\/1A-Participating-Shooters-scaled.jpg\" data-link=\"https:\/\/nassasilhouette.org\/?attachment_id=6500\" class=\"wp-image-6500\" srcset=\"https:\/\/nassasilhouette.org\/wp-content\/uploads\/2021\/11\/1A-Participating-Shooters-1024x576.jpg 1024w, https:\/\/nassasilhouette.org\/wp-content\/uploads\/2021\/11\/1A-Participating-Shooters-300x169.jpg 300w, https:\/\/nassasilhouette.org\/wp-content\/uploads\/2021\/11\/1A-Participating-Shooters-768x432.jpg 768w, https:\/\/nassasilhouette.org\/wp-content\/uploads\/2021\/11\/1A-Participating-Shooters-1536x864.jpg 1536w, https:\/\/nassasilhouette.org\/wp-content\/uploads\/2021\/11\/1A-Participating-Shooters-2048x1152.jpg 2048w\" sizes=\"auto, (max-width: 1024px) 100vw, 1024px\" \/><\/a><figcaption class=\"blocks-gallery-item__caption\">Competidores del Campeonato Coop Shoot Air Rifle<\/figcaption><\/figure><\/li><\/ul><\/figure>\n\n\n\n<figure class=\"wp-block-gallery alignwide columns-2 is-cropped wp-block-gallery-2 is-layout-flex wp-block-gallery-is-layout-flex\"><ul class=\"blocks-gallery-grid\"><li class=\"blocks-gallery-item\"><figure><a href=\"https:\/\/nassasilhouette.org\/wp-content\/uploads\/2021\/11\/2-Ready-To-Go.jpg\"><img loading=\"lazy\" decoding=\"async\" width=\"1024\" height=\"576\" src=\"https:\/\/nassasilhouette.org\/wp-content\/uploads\/2021\/11\/2-Ready-To-Go-1024x576.jpg\" alt=\"\" data-id=\"6502\" data-full-url=\"https:\/\/nassasilhouette.org\/wp-content\/uploads\/2021\/11\/2-Ready-To-Go.jpg\" data-link=\"https:\/\/nassasilhouette.org\/?attachment_id=6502\" class=\"wp-image-6502\" srcset=\"https:\/\/nassasilhouette.org\/wp-content\/uploads\/2021\/11\/2-Ready-To-Go-1024x576.jpg 1024w, https:\/\/nassasilhouette.org\/wp-content\/uploads\/2021\/11\/2-Ready-To-Go-300x169.jpg 300w, https:\/\/nassasilhouette.org\/wp-content\/uploads\/2021\/11\/2-Ready-To-Go-768x432.jpg 768w, https:\/\/nassasilhouette.org\/wp-content\/uploads\/2021\/11\/2-Ready-To-Go-1536x864.jpg 1536w, https:\/\/nassasilhouette.org\/wp-content\/uploads\/2021\/11\/2-Ready-To-Go.jpg 2000w\" sizes=\"auto, (max-width: 1024px) 100vw, 1024px\" \/><\/a><figcaption class=\"blocks-gallery-item__caption\">El campo de tiro est\u00e1 listo para el d\u00eda de pr\u00e1cticas  <\/figcaption><\/figure><\/li><li class=\"blocks-gallery-item\"><figure><a href=\"https:\/\/nassasilhouette.org\/wp-content\/uploads\/2021\/11\/1B-Team-Hatch-Facility-1024x768.jpg\"><img loading=\"lazy\" decoding=\"async\" width=\"1024\" height=\"768\" src=\"https:\/\/nassasilhouette.org\/wp-content\/uploads\/2021\/11\/1B-Team-Hatch-Facility-1024x768.jpg\" alt=\"\" data-id=\"6501\" data-link=\"https:\/\/nassasilhouette.org\/?attachment_id=6501\" class=\"wp-image-6501\" srcset=\"https:\/\/nassasilhouette.org\/wp-content\/uploads\/2021\/11\/1B-Team-Hatch-Facility-1024x768.jpg 1024w, https:\/\/nassasilhouette.org\/wp-content\/uploads\/2021\/11\/1B-Team-Hatch-Facility-300x225.jpg 300w, https:\/\/nassasilhouette.org\/wp-content\/uploads\/2021\/11\/1B-Team-Hatch-Facility-768x576.jpg 768w, https:\/\/nassasilhouette.org\/wp-content\/uploads\/2021\/11\/1B-Team-Hatch-Facility-1536x1152.jpg 1536w, https:\/\/nassasilhouette.org\/wp-content\/uploads\/2021\/11\/1B-Team-Hatch-Facility.jpg 2048w\" sizes=\"auto, (max-width: 1024px) 100vw, 1024px\" \/><\/a><figcaption class=\"blocks-gallery-item__caption\">Tiradores a la l\u00ednea<\/figcaption><\/figure><\/li><\/ul><\/figure>\n\n\n\n<figure class=\"wp-block-gallery alignwide columns-2 is-cropped wp-block-gallery-3 is-layout-flex wp-block-gallery-is-layout-flex\"><ul class=\"blocks-gallery-grid\"><li class=\"blocks-gallery-item\"><figure><a href=\"https:\/\/nassasilhouette.org\/wp-content\/uploads\/2021\/11\/3-Firing-Line-1024x576.jpg\"><img loading=\"lazy\" decoding=\"async\" width=\"1024\" height=\"576\" src=\"https:\/\/nassasilhouette.org\/wp-content\/uploads\/2021\/11\/3-Firing-Line-1024x576.jpg\" alt=\"\" data-id=\"6503\" data-link=\"https:\/\/nassasilhouette.org\/?attachment_id=6503\" class=\"wp-image-6503\" srcset=\"https:\/\/nassasilhouette.org\/wp-content\/uploads\/2021\/11\/3-Firing-Line-1024x576.jpg 1024w, https:\/\/nassasilhouette.org\/wp-content\/uploads\/2021\/11\/3-Firing-Line-300x169.jpg 300w, https:\/\/nassasilhouette.org\/wp-content\/uploads\/2021\/11\/3-Firing-Line-768x432.jpg 768w, https:\/\/nassasilhouette.org\/wp-content\/uploads\/2021\/11\/3-Firing-Line-1536x864.jpg 1536w, https:\/\/nassasilhouette.org\/wp-content\/uploads\/2021\/11\/3-Firing-Line-2048x1152.jpg 2048w\" sizes=\"auto, (max-width: 1024px) 100vw, 1024px\" \/><\/a><figcaption class=\"blocks-gallery-item__caption\">L\u00ednea de fuego<\/figcaption><\/figure><\/li><li class=\"blocks-gallery-item\"><figure><a href=\"https:\/\/nassasilhouette.org\/wp-content\/uploads\/2021\/11\/4-Jerry-Bruce-Fight-It-Out.jpg\"><img loading=\"lazy\" decoding=\"async\" width=\"1024\" height=\"576\" src=\"https:\/\/nassasilhouette.org\/wp-content\/uploads\/2021\/11\/4-Jerry-Bruce-Fight-It-Out.jpg\" alt=\"\" data-id=\"6504\" data-full-url=\"https:\/\/nassasilhouette.org\/wp-content\/uploads\/2021\/11\/4-Jerry-Bruce-Fight-It-Out.jpg\" data-link=\"https:\/\/nassasilhouette.org\/?attachment_id=6504\" class=\"wp-image-6504\" srcset=\"https:\/\/nassasilhouette.org\/wp-content\/uploads\/2021\/11\/4-Jerry-Bruce-Fight-It-Out.jpg 1024w, https:\/\/nassasilhouette.org\/wp-content\/uploads\/2021\/11\/4-Jerry-Bruce-Fight-It-Out-300x169.jpg 300w, https:\/\/nassasilhouette.org\/wp-content\/uploads\/2021\/11\/4-Jerry-Bruce-Fight-It-Out-768x432.jpg 768w\" sizes=\"auto, (max-width: 1024px) 100vw, 1024px\" \/><\/a><figcaption class=\"blocks-gallery-item__caption\">Jerry y Bruce se enzarzan<\/figcaption><\/figure><\/li><\/ul><\/figure>\n\n\n\n<figure class=\"wp-block-gallery alignwide columns-2 is-cropped wp-block-gallery-4 is-layout-flex wp-block-gallery-is-layout-flex\"><ul class=\"blocks-gallery-grid\"><li class=\"blocks-gallery-item\"><figure><a href=\"https:\/\/nassasilhouette.org\/wp-content\/uploads\/2021\/11\/5-Spectator-Gallery-1024x768.jpg\"><img loading=\"lazy\" decoding=\"async\" width=\"1024\" height=\"768\" src=\"https:\/\/nassasilhouette.org\/wp-content\/uploads\/2021\/11\/5-Spectator-Gallery-1024x768.jpg\" alt=\"\" data-id=\"6505\" data-link=\"https:\/\/nassasilhouette.org\/?attachment_id=6505\" class=\"wp-image-6505\" srcset=\"https:\/\/nassasilhouette.org\/wp-content\/uploads\/2021\/11\/5-Spectator-Gallery-1024x768.jpg 1024w, https:\/\/nassasilhouette.org\/wp-content\/uploads\/2021\/11\/5-Spectator-Gallery-300x225.jpg 300w, https:\/\/nassasilhouette.org\/wp-content\/uploads\/2021\/11\/5-Spectator-Gallery-768x576.jpg 768w, https:\/\/nassasilhouette.org\/wp-content\/uploads\/2021\/11\/5-Spectator-Gallery.jpg 1280w\" sizes=\"auto, (max-width: 1024px) 100vw, 1024px\" \/><\/a><figcaption class=\"blocks-gallery-item__caption\">Zona lista detr\u00e1s de la l\u00ednea<\/figcaption><\/figure><\/li><li class=\"blocks-gallery-item\"><figure><a href=\"https:\/\/nassasilhouette.org\/wp-content\/uploads\/2021\/11\/6-Resettable-Animals-scaled.jpg\"><img loading=\"lazy\" decoding=\"async\" width=\"1024\" height=\"768\" src=\"https:\/\/nassasilhouette.org\/wp-content\/uploads\/2021\/11\/6-Resettable-Animals-1024x768.jpg\" alt=\"\" data-id=\"6506\" data-full-url=\"https:\/\/nassasilhouette.org\/wp-content\/uploads\/2021\/11\/6-Resettable-Animals-scaled.jpg\" data-link=\"https:\/\/nassasilhouette.org\/?attachment_id=6506\" class=\"wp-image-6506\" srcset=\"https:\/\/nassasilhouette.org\/wp-content\/uploads\/2021\/11\/6-Resettable-Animals-1024x768.jpg 1024w, https:\/\/nassasilhouette.org\/wp-content\/uploads\/2021\/11\/6-Resettable-Animals-300x225.jpg 300w, https:\/\/nassasilhouette.org\/wp-content\/uploads\/2021\/11\/6-Resettable-Animals-768x576.jpg 768w, https:\/\/nassasilhouette.org\/wp-content\/uploads\/2021\/11\/6-Resettable-Animals-1536x1152.jpg 1536w, https:\/\/nassasilhouette.org\/wp-content\/uploads\/2021\/11\/6-Resettable-Animals-2048x1536.jpg 2048w\" sizes=\"auto, (max-width: 1024px) 100vw, 1024px\" \/><\/a><figcaption class=\"blocks-gallery-item__caption\">Objetivos reajustables<\/figcaption><\/figure><\/li><\/ul><\/figure>\n\n\n\n<figure class=\"wp-block-gallery alignwide columns-2 is-cropped wp-block-gallery-5 is-layout-flex wp-block-gallery-is-layout-flex\"><ul class=\"blocks-gallery-grid\"><li class=\"blocks-gallery-item\"><figure><a href=\"https:\/\/nassasilhouette.org\/wp-content\/uploads\/2021\/11\/7-Junior-Shooters.jpg\"><img loading=\"lazy\" decoding=\"async\" width=\"1024\" height=\"768\" src=\"https:\/\/nassasilhouette.org\/wp-content\/uploads\/2021\/11\/7-Junior-Shooters.jpg\" alt=\"\" data-id=\"6507\" data-link=\"https:\/\/nassasilhouette.org\/?attachment_id=6507\" class=\"wp-image-6507\" srcset=\"https:\/\/nassasilhouette.org\/wp-content\/uploads\/2021\/11\/7-Junior-Shooters.jpg 1024w, https:\/\/nassasilhouette.org\/wp-content\/uploads\/2021\/11\/7-Junior-Shooters-300x225.jpg 300w, https:\/\/nassasilhouette.org\/wp-content\/uploads\/2021\/11\/7-Junior-Shooters-768x576.jpg 768w\" sizes=\"auto, (max-width: 1024px) 100vw, 1024px\" \/><\/a><figcaption class=\"blocks-gallery-item__caption\">J\u00f3venes participantes en el partido<\/figcaption><\/figure><\/li><li class=\"blocks-gallery-item\"><figure><a href=\"https:\/\/nassasilhouette.org\/wp-content\/uploads\/2021\/11\/8-Air-Rifles-scaled.jpg\"><img loading=\"lazy\" decoding=\"async\" width=\"1024\" height=\"576\" src=\"https:\/\/nassasilhouette.org\/wp-content\/uploads\/2021\/11\/8-Air-Rifles-1024x576.jpg\" alt=\"\" data-id=\"6508\" data-full-url=\"https:\/\/nassasilhouette.org\/wp-content\/uploads\/2021\/11\/8-Air-Rifles-scaled.jpg\" data-link=\"https:\/\/nassasilhouette.org\/?attachment_id=6508\" class=\"wp-image-6508\" srcset=\"https:\/\/nassasilhouette.org\/wp-content\/uploads\/2021\/11\/8-Air-Rifles-1024x576.jpg 1024w, https:\/\/nassasilhouette.org\/wp-content\/uploads\/2021\/11\/8-Air-Rifles-300x169.jpg 300w, https:\/\/nassasilhouette.org\/wp-content\/uploads\/2021\/11\/8-Air-Rifles-768x432.jpg 768w, https:\/\/nassasilhouette.org\/wp-content\/uploads\/2021\/11\/8-Air-Rifles-1536x864.jpg 1536w, https:\/\/nassasilhouette.org\/wp-content\/uploads\/2021\/11\/8-Air-Rifles-2048x1152.jpg 2048w\" sizes=\"auto, (max-width: 1024px) 100vw, 1024px\" \/><\/a><figcaption class=\"blocks-gallery-item__caption\">Portafusiles de aire comprimido<\/figcaption><\/figure><\/li><\/ul><\/figure>\n","protected":false},"excerpt":{"rendered":"<p>Informaci\u00f3n de contacto P\u00e1gina web: http:\/\/www.teamhatchshootingfacility.com\/ Facebook: No hay p\u00e1gina de Facebook Direcci\u00f3n comercial: 429 Swanner Watts Road, Jonesboro, LA&nbsp; Ubicaci\u00f3n del campo de tiro: 429 Swanner Watts Road, Jonesboro, LA&nbsp; Contacto principal (1): Garin Hatch Contacto principal (1) Tel\u00e9fono: X318 237-6353 Contacto principal (1) Correo electr\u00f3nico: garinhatch@gmail.com Contacto principal (2): Danny Hatch Contacto principal&hellip; <a class=\"more-link\" href=\"https:\/\/nassasilhouette.org\/es-mx\/regiones-clubes-nassa\/regiones-clubes-de-ee-uu\/region-centro-sur-clubes\/centro-de-tiro-team-hatch-jonesboro-luisiana\/\">Continue reading <span class=\"screen-reader-text\">Centro de tiro Team Hatch &#8211; Jonesboro, Luisiana<\/span><\/a><\/p>\n","protected":false},"author":4,"featured_media":0,"parent":19582,"menu_order":0,"comment_status":"closed","ping_status":"closed","template":"","meta":{"_acf_changed":false,"footnotes":""},"class_list":["post-19499","page","type-page","status-publish","hentry","entry"],"acf":[],"rttpg_featured_image_url":null,"rttpg_author":{"display_name":"Chris Cawthorne","author_link":"https:\/\/nassasilhouette.org\/es-mx\/author\/cecawthorneyahoo-com\/"},"rttpg_comment":0,"rttpg_category":" <a href=\"https:\/\/nassasilhouette.org\/es-mx\/?taxonomy=translation_priority&#038;term=optional-es-mx\" rel=\"tag\">Optional<\/a>","rttpg_excerpt":"Informaci\u00f3n de contacto P\u00e1gina web: http:\/\/www.teamhatchshootingfacility.com\/ Facebook: No hay p\u00e1gina de Facebook Direcci\u00f3n comercial: 429 Swanner Watts Road, Jonesboro, LA&nbsp; Ubicaci\u00f3n del campo de tiro: 429 Swanner Watts Road, Jonesboro, LA&nbsp; Contacto principal (1): Garin Hatch Contacto principal (1) Tel\u00e9fono: X318 237-6353 Contacto principal (1) Correo electr\u00f3nico: garinhatch@gmail.com Contacto principal (2): Danny Hatch Contacto principal&hellip;&hellip;","_links":{"self":[{"href":"https:\/\/nassasilhouette.org\/es-mx\/wp-json\/wp\/v2\/pages\/19499","targetHints":{"allow":["GET"]}}],"collection":[{"href":"https:\/\/nassasilhouette.org\/es-mx\/wp-json\/wp\/v2\/pages"}],"about":[{"href":"https:\/\/nassasilhouette.org\/es-mx\/wp-json\/wp\/v2\/types\/page"}],"author":[{"embeddable":true,"href":"https:\/\/nassasilhouette.org\/es-mx\/wp-json\/wp\/v2\/users\/4"}],"replies":[{"embeddable":true,"href":"https:\/\/nassasilhouette.org\/es-mx\/wp-json\/wp\/v2\/comments?post=19499"}],"version-history":[{"count":0,"href":"https:\/\/nassasilhouette.org\/es-mx\/wp-json\/wp\/v2\/pages\/19499\/revisions"}],"up":[{"embeddable":true,"href":"https:\/\/nassasilhouette.org\/es-mx\/wp-json\/wp\/v2\/pages\/19582"}],"wp:attachment":[{"href":"https:\/\/nassasilhouette.org\/es-mx\/wp-json\/wp\/v2\/media?parent=19499"}],"curies":[{"name":"wp","href":"https:\/\/api.w.org\/{rel}","templated":true}]}}