{"id":19495,"date":"2021-11-27T15:32:39","date_gmt":"2021-11-27T21:32:39","guid":{"rendered":"https:\/\/nassasilhouette.org\/club-de-siluetas-con-rifle-hassayampa-phoenix-arizona\/"},"modified":"2021-11-27T15:32:39","modified_gmt":"2021-11-27T21:32:39","slug":"club-de-siluetas-con-rifle-hassayampa-phoenix-arizona","status":"publish","type":"page","link":"https:\/\/nassasilhouette.org\/es-mx\/regiones-clubes-nassa\/regiones-clubes-de-ee-uu\/region-suroeste-clubes\/club-de-siluetas-con-rifle-hassayampa-phoenix-arizona\/","title":{"rendered":"Club de siluetas con rifle Hassayampa &#8211; Phoenix, Arizona"},"content":{"rendered":"\n<div class=\"wp-block-media-text alignwide is-stacked-on-mobile\" style=\"grid-template-columns:15% auto\"><figure class=\"wp-block-media-text__media\"><img loading=\"lazy\" decoding=\"async\" width=\"410\" height=\"410\" src=\"https:\/\/nassasilhouette.org\/wp-content\/uploads\/2021\/11\/AZGFD_Logo_Brown.png\" alt=\"\" class=\"wp-image-6814 size-full\" srcset=\"https:\/\/nassasilhouette.org\/wp-content\/uploads\/2021\/11\/AZGFD_Logo_Brown.png 410w, https:\/\/nassasilhouette.org\/wp-content\/uploads\/2021\/11\/AZGFD_Logo_Brown-300x300.png 300w, https:\/\/nassasilhouette.org\/wp-content\/uploads\/2021\/11\/AZGFD_Logo_Brown-150x150.png 150w\" sizes=\"auto, (max-width: 410px) 100vw, 410px\" \/><\/figure><div class=\"wp-block-media-text__content\">\n<p>El Hassayampa Rifle Silhouette Club se constituy\u00f3 en Arizona en 1976 con el nombre de Hassayampa Rod and Gun Club. El 5\u00ba Campeonato Nacional NRA de Silueta Met\u00e1lica fue organizado por el Club en 1977 en Black Canyon Range en Phoenix, AZ (ahora conocido como Ben Avery Shooting Facility). El club organiza encuentros mensuales tanto de peque\u00f1o calibre como de silueta de alta potencia en Ben Avery y ha sido sede de los Campeonatos del Estado en ambas disciplinas en numerosas ocasiones.  <\/p>\n\n\n\n<p>Aunque no est\u00e1n asociados con el Hassayapa Rifle Silhouette Club, Bob y Jeanie Hershey tambi\u00e9n organizan mensualmente partidos de silueta de acci\u00f3n de palanca en Ben Avery. Adem\u00e1s, organizan el Arizona State Lever Action Championship en febrero y un Regional Lever Action Match en octubre de cada a\u00f1o.<\/p>\n<\/div><\/div>\n\n\n\n<div style=\"height:50px\" aria-hidden=\"true\" class=\"wp-block-spacer\"><\/div>\n\n\n\n<h2 class=\"has-text-align-center wp-block-heading\">Informaci\u00f3n de contacto<\/h2>\n\n\n\n<p><\/p>\n\n\n\n<figure class=\"wp-block-table is-style-stripes\"><table><tbody><tr><td><strong>P\u00e1gina web<\/strong>:<\/td><td>\n  <a href=\"http:\/\/phoenixsilhouette.org\" data-type=\"URL\" data-id=\"phoenixsilhouette.org\">phoenixsilhouette.org<\/a>\n<\/td><\/tr><tr><td><strong>Facebook<\/strong>:<\/td><td>\n  <strong>Hassayampa Rod and Gun Club<\/strong>\n<\/td><\/tr><tr><td><strong>Direcci\u00f3n comercial<\/strong>:<\/td><td>\n  <strong>3820 W Happy Valley Rd, Ste 141-205, Glendale, AZ 85310<\/strong>\n<\/td><\/tr><tr><td><strong>Ubicaci\u00f3n del campo de tiro<\/strong>:<\/td><td>\n  <strong>Ben Avery Shooting Facility<br>4044 W. Black Canyon Blvd, Phoenix, AZ 85086<\/strong>\n<\/td><\/tr><tr><td>\n  <strong>Contacto principal 1:<\/strong>\n<\/td><td>\n  <strong>Mike Slagel<\/strong>\n<\/td><\/tr><tr><td><strong>Contacto principal 1 Tel\u00e9fono<\/strong><\/td><td>\n  <strong>623 308-4222<\/strong>\n<\/td><\/tr><tr><td><strong>Contacto principal 1 Email<\/strong>:<\/td><td>\n  <meta charset=\"utf-8\">\n  <strong>mjslagel@gmail.com<\/strong>\n<\/td><\/tr><tr><td>\n  <meta charset=\"utf-8\">\n  <strong>Contacto principal 2:<\/strong>\n<\/td><td>\n  <strong>Dan Cates<\/strong>\n<\/td><\/tr><tr><td><meta charset=\"utf-8\"><strong>Contacto principal 2 Tel\u00e9fono<\/strong>:<\/td><td>\n  <strong>907 351-0204<\/strong>\n<\/td><\/tr><tr><td><meta charset=\"utf-8\"><strong>Contacto principal 2 Email<\/strong>:<\/td><td>\n  <meta charset=\"utf-8\">\n  <strong>dscak1@gmail.com<\/strong>\n<\/td><\/tr><\/tbody><\/table><\/figure>\n\n\n\n<div style=\"height:30px\" aria-hidden=\"true\" class=\"wp-block-spacer\"><\/div>\n\n\n\n<h2 class=\"has-text-align-center wp-block-heading\">Capacidades de la gama Silhouette<\/h2>\n\n\n\n<p><\/p>\n\n\n\n<figure class=\"wp-block-table is-style-stripes\"><table><tbody><tr><td class=\"has-text-align-left\" data-align=\"left\"><strong>Disciplinas<\/strong>:<\/td><td><strong>Range Facilites<\/strong>:<\/td><\/tr><tr><td class=\"has-text-align-left\" data-align=\"left\">\n  <strong>Rifle peque\u00f1o<\/strong>\n<\/td><td>\n  <strong>12 grupos de 10 para cada animal, pero normalmente se dispara en 6 grupos de 10<\/strong>\n<\/td><\/tr><tr><td class=\"has-text-align-left\" data-align=\"left\">\n  <strong>Rifle de alta potencia<\/strong>\n<\/td><td>\n  <strong>8 bancos de 5 para cada animal, pero para los partidos mensuales normalmente s\u00f3lo se utilizan 4<\/strong>\n<\/td><\/tr><tr><td class=\"has-text-align-left\" data-align=\"left\">\n  <strong>Rifle de palanca<\/strong>\n<\/td><td>\n  <strong>6 bancos de aire reajustables de 5 para cada animal SB\/PC, 4 bancos de aire reajustables de 5 para calibre de rifle<\/strong>\n<\/td><\/tr><tr><td class=\"has-text-align-left\" data-align=\"left\">\n  <strong>Rifle de aire comprimido<\/strong>\n<\/td><td>\n  <strong>No disponible<\/strong>\n<\/td><\/tr><\/tbody><\/table><\/figure>\n\n\n\n<div style=\"height:30px\" aria-hidden=\"true\" class=\"wp-block-spacer\"><\/div>\n\n\n\n<h2 class=\"has-text-align-center wp-block-heading\">Instalaciones de la gama Silhouette<\/h2>\n\n\n\n<figure class=\"wp-block-gallery columns-2 is-cropped wp-block-gallery-1 is-layout-flex wp-block-gallery-is-layout-flex\"><ul class=\"blocks-gallery-grid\"><li class=\"blocks-gallery-item\"><figure><img loading=\"lazy\" decoding=\"async\" width=\"1024\" height=\"768\" src=\"https:\/\/nassasilhouette.org\/wp-content\/uploads\/2021\/11\/1-Main-Entrance-1024x768.jpeg\" alt=\"\" data-id=\"6822\" data-link=\"https:\/\/nassasilhouette.org\/nassa-regions\/usa-gun-clubs\/southwest\/hassayampa\/1-main-entrance\/\" class=\"wp-image-6822\" srcset=\"https:\/\/nassasilhouette.org\/wp-content\/uploads\/2021\/11\/1-Main-Entrance-1024x768.jpeg 1024w, https:\/\/nassasilhouette.org\/wp-content\/uploads\/2021\/11\/1-Main-Entrance-300x225.jpeg 300w, https:\/\/nassasilhouette.org\/wp-content\/uploads\/2021\/11\/1-Main-Entrance-768x576.jpeg 768w, https:\/\/nassasilhouette.org\/wp-content\/uploads\/2021\/11\/1-Main-Entrance-1536x1152.jpeg 1536w, https:\/\/nassasilhouette.org\/wp-content\/uploads\/2021\/11\/1-Main-Entrance.jpeg 2048w\" sizes=\"auto, (max-width: 1024px) 100vw, 1024px\" \/><figcaption class=\"blocks-gallery-item__caption\">Entrada a las instalaciones de tiro Ben Avery<\/figcaption><\/figure><\/li><li class=\"blocks-gallery-item\"><figure><img loading=\"lazy\" decoding=\"async\" width=\"1024\" height=\"683\" src=\"https:\/\/nassasilhouette.org\/wp-content\/uploads\/2021\/11\/2-Ben-Avery-Firing-Line-1024x683.jpeg\" alt=\"\" data-id=\"6832\" data-full-url=\"https:\/\/nassasilhouette.org\/wp-content\/uploads\/2021\/11\/2-Ben-Avery-Firing-Line.jpeg\" data-link=\"https:\/\/nassasilhouette.org\/nassa-regions\/usa-gun-clubs\/southwest\/hassayampa\/2-ben-avery-firing-line\/\" class=\"wp-image-6832\" srcset=\"https:\/\/nassasilhouette.org\/wp-content\/uploads\/2021\/11\/2-Ben-Avery-Firing-Line-1024x683.jpeg 1024w, https:\/\/nassasilhouette.org\/wp-content\/uploads\/2021\/11\/2-Ben-Avery-Firing-Line-300x200.jpeg 300w, https:\/\/nassasilhouette.org\/wp-content\/uploads\/2021\/11\/2-Ben-Avery-Firing-Line-768x512.jpeg 768w, https:\/\/nassasilhouette.org\/wp-content\/uploads\/2021\/11\/2-Ben-Avery-Firing-Line-1536x1024.jpeg 1536w, https:\/\/nassasilhouette.org\/wp-content\/uploads\/2021\/11\/2-Ben-Avery-Firing-Line.jpeg 1776w\" sizes=\"auto, (max-width: 1024px) 100vw, 1024px\" \/><figcaption class=\"blocks-gallery-item__caption\">Gama Silhouette de Ben Avery<\/figcaption><\/figure><\/li><\/ul><\/figure>\n\n\n\n<figure class=\"wp-block-gallery columns-2 is-cropped wp-block-gallery-2 is-layout-flex wp-block-gallery-is-layout-flex\"><ul class=\"blocks-gallery-grid\"><li class=\"blocks-gallery-item\"><figure><a href=\"https:\/\/nassasilhouette.org\/wp-content\/uploads\/2021\/11\/3-HP-John-Eric-Mark-1024x939.jpeg\"><img loading=\"lazy\" decoding=\"async\" width=\"1024\" height=\"939\" src=\"https:\/\/nassasilhouette.org\/wp-content\/uploads\/2021\/11\/3-HP-John-Eric-Mark-1024x939.jpeg\" alt=\"\" data-id=\"6833\" data-link=\"https:\/\/nassasilhouette.org\/nassa-regions\/usa-gun-clubs\/southwest\/hassayampa\/3-hp-john-eric-mark\/\" class=\"wp-image-6833\" srcset=\"https:\/\/nassasilhouette.org\/wp-content\/uploads\/2021\/11\/3-HP-John-Eric-Mark-1024x939.jpeg 1024w, https:\/\/nassasilhouette.org\/wp-content\/uploads\/2021\/11\/3-HP-John-Eric-Mark-300x275.jpeg 300w, https:\/\/nassasilhouette.org\/wp-content\/uploads\/2021\/11\/3-HP-John-Eric-Mark-768x704.jpeg 768w, https:\/\/nassasilhouette.org\/wp-content\/uploads\/2021\/11\/3-HP-John-Eric-Mark.jpeg 1150w\" sizes=\"auto, (max-width: 1024px) 100vw, 1024px\" \/><\/a><figcaption class=\"blocks-gallery-item__caption\">John Mullins, Eric Mietenkorte y Mark Pharr<\/figcaption><\/figure><\/li><li class=\"blocks-gallery-item\"><figure><a href=\"https:\/\/nassasilhouette.org\/wp-content\/uploads\/2021\/11\/4-HP-Firing-Line-1.jpeg\"><img loading=\"lazy\" decoding=\"async\" width=\"1024\" height=\"683\" src=\"https:\/\/nassasilhouette.org\/wp-content\/uploads\/2021\/11\/4-HP-Firing-Line-1-1024x683.jpeg\" alt=\"\" data-id=\"6835\" data-full-url=\"https:\/\/nassasilhouette.org\/wp-content\/uploads\/2021\/11\/4-HP-Firing-Line-1.jpeg\" data-link=\"https:\/\/nassasilhouette.org\/nassa-regions\/usa-gun-clubs\/southwest\/hassayampa\/4-hp-firing-line-1\/\" class=\"wp-image-6835\" srcset=\"https:\/\/nassasilhouette.org\/wp-content\/uploads\/2021\/11\/4-HP-Firing-Line-1-1024x683.jpeg 1024w, https:\/\/nassasilhouette.org\/wp-content\/uploads\/2021\/11\/4-HP-Firing-Line-1-300x200.jpeg 300w, https:\/\/nassasilhouette.org\/wp-content\/uploads\/2021\/11\/4-HP-Firing-Line-1-768x512.jpeg 768w, https:\/\/nassasilhouette.org\/wp-content\/uploads\/2021\/11\/4-HP-Firing-Line-1-1536x1024.jpeg 1536w, https:\/\/nassasilhouette.org\/wp-content\/uploads\/2021\/11\/4-HP-Firing-Line-1.jpeg 1776w\" sizes=\"auto, (max-width: 1024px) 100vw, 1024px\" \/><\/a><figcaption class=\"blocks-gallery-item__caption\">L\u00ednea de tiro de siluetas de alta potencia<\/figcaption><\/figure><\/li><\/ul><\/figure>\n\n\n\n<figure class=\"wp-block-gallery alignwide columns-2 is-cropped wp-block-gallery-3 is-layout-flex wp-block-gallery-is-layout-flex\"><ul class=\"blocks-gallery-grid\"><li class=\"blocks-gallery-item\"><figure><a href=\"https:\/\/nassasilhouette.org\/wp-content\/uploads\/2021\/11\/5-HP-Animal-Banks-1024x683.jpeg\"><img loading=\"lazy\" decoding=\"async\" width=\"1024\" height=\"683\" src=\"https:\/\/nassasilhouette.org\/wp-content\/uploads\/2021\/11\/5-HP-Animal-Banks-1024x683.jpeg\" alt=\"\" data-id=\"6826\" data-link=\"https:\/\/nassasilhouette.org\/nassa-regions\/usa-gun-clubs\/southwest\/hassayampa\/5-hp-animal-banks\/\" class=\"wp-image-6826\" srcset=\"https:\/\/nassasilhouette.org\/wp-content\/uploads\/2021\/11\/5-HP-Animal-Banks-1024x683.jpeg 1024w, https:\/\/nassasilhouette.org\/wp-content\/uploads\/2021\/11\/5-HP-Animal-Banks-300x200.jpeg 300w, https:\/\/nassasilhouette.org\/wp-content\/uploads\/2021\/11\/5-HP-Animal-Banks-768x512.jpeg 768w, https:\/\/nassasilhouette.org\/wp-content\/uploads\/2021\/11\/5-HP-Animal-Banks-1536x1024.jpeg 1536w, https:\/\/nassasilhouette.org\/wp-content\/uploads\/2021\/11\/5-HP-Animal-Banks.jpeg 1776w\" sizes=\"auto, (max-width: 1024px) 100vw, 1024px\" \/><\/a><figcaption class=\"blocks-gallery-item__caption\">Silueta de alta potencia Bancos de animales<\/figcaption><\/figure><\/li><li class=\"blocks-gallery-item\"><figure><a href=\"https:\/\/nassasilhouette.org\/wp-content\/uploads\/2021\/11\/6-HP-Ram-Line-1024x683.jpeg\"><img loading=\"lazy\" decoding=\"async\" width=\"1024\" height=\"683\" src=\"https:\/\/nassasilhouette.org\/wp-content\/uploads\/2021\/11\/6-HP-Ram-Line-1024x683.jpeg\" alt=\"\" data-id=\"6830\" data-link=\"https:\/\/nassasilhouette.org\/nassa-regions\/usa-gun-clubs\/southwest\/hassayampa\/6-hp-ram-line\/\" class=\"wp-image-6830\" srcset=\"https:\/\/nassasilhouette.org\/wp-content\/uploads\/2021\/11\/6-HP-Ram-Line-1024x683.jpeg 1024w, https:\/\/nassasilhouette.org\/wp-content\/uploads\/2021\/11\/6-HP-Ram-Line-300x200.jpeg 300w, https:\/\/nassasilhouette.org\/wp-content\/uploads\/2021\/11\/6-HP-Ram-Line-768x512.jpeg 768w, https:\/\/nassasilhouette.org\/wp-content\/uploads\/2021\/11\/6-HP-Ram-Line-1536x1024.jpeg 1536w, https:\/\/nassasilhouette.org\/wp-content\/uploads\/2021\/11\/6-HP-Ram-Line.jpeg 1776w\" sizes=\"auto, (max-width: 1024px) 100vw, 1024px\" \/><\/a><figcaption class=\"blocks-gallery-item__caption\">Bancos de arietes de alta potencia<\/figcaption><\/figure><\/li><\/ul><\/figure>\n\n\n\n<figure class=\"wp-block-gallery alignwide columns-2 is-cropped wp-block-gallery-4 is-layout-flex wp-block-gallery-is-layout-flex\"><ul class=\"blocks-gallery-grid\"><li class=\"blocks-gallery-item\"><figure><a href=\"https:\/\/nassasilhouette.org\/wp-content\/uploads\/2021\/11\/7-SB-Firing-Line-1-1024x683.jpg\"><img loading=\"lazy\" decoding=\"async\" width=\"1024\" height=\"683\" src=\"https:\/\/nassasilhouette.org\/wp-content\/uploads\/2021\/11\/7-SB-Firing-Line-1-1024x683.jpg\" alt=\"\" data-id=\"6837\" data-link=\"https:\/\/nassasilhouette.org\/nassa-regions\/usa-gun-clubs\/southwest\/hassayampa\/7-sb-firing-line-1\/\" class=\"wp-image-6837\" srcset=\"https:\/\/nassasilhouette.org\/wp-content\/uploads\/2021\/11\/7-SB-Firing-Line-1-1024x683.jpg 1024w, https:\/\/nassasilhouette.org\/wp-content\/uploads\/2021\/11\/7-SB-Firing-Line-1-300x200.jpg 300w, https:\/\/nassasilhouette.org\/wp-content\/uploads\/2021\/11\/7-SB-Firing-Line-1-768x512.jpg 768w, https:\/\/nassasilhouette.org\/wp-content\/uploads\/2021\/11\/7-SB-Firing-Line-1-1536x1024.jpg 1536w, https:\/\/nassasilhouette.org\/wp-content\/uploads\/2021\/11\/7-SB-Firing-Line-1.jpg 1776w\" sizes=\"auto, (max-width: 1024px) 100vw, 1024px\" \/><\/a><figcaption class=\"blocks-gallery-item__caption\">L\u00ednea de tiro Smallbore Silhouette<\/figcaption><\/figure><\/li><li class=\"blocks-gallery-item\"><figure><a href=\"https:\/\/nassasilhouette.org\/wp-content\/uploads\/2021\/11\/8-SB-Firing-Line-1.jpg\"><img loading=\"lazy\" decoding=\"async\" width=\"1024\" height=\"683\" src=\"https:\/\/nassasilhouette.org\/wp-content\/uploads\/2021\/11\/8-SB-Firing-Line-1-1024x683.jpg\" alt=\"\" data-id=\"6838\" data-full-url=\"https:\/\/nassasilhouette.org\/wp-content\/uploads\/2021\/11\/8-SB-Firing-Line-1.jpg\" data-link=\"https:\/\/nassasilhouette.org\/nassa-regions\/usa-gun-clubs\/southwest\/hassayampa\/8-sb-firing-line-1\/\" class=\"wp-image-6838\" srcset=\"https:\/\/nassasilhouette.org\/wp-content\/uploads\/2021\/11\/8-SB-Firing-Line-1-1024x683.jpg 1024w, https:\/\/nassasilhouette.org\/wp-content\/uploads\/2021\/11\/8-SB-Firing-Line-1-300x200.jpg 300w, https:\/\/nassasilhouette.org\/wp-content\/uploads\/2021\/11\/8-SB-Firing-Line-1-768x512.jpg 768w, https:\/\/nassasilhouette.org\/wp-content\/uploads\/2021\/11\/8-SB-Firing-Line-1-1536x1024.jpg 1536w, https:\/\/nassasilhouette.org\/wp-content\/uploads\/2021\/11\/8-SB-Firing-Line-1.jpg 1776w\" sizes=\"auto, (max-width: 1024px) 100vw, 1024px\" \/><\/a><figcaption class=\"blocks-gallery-item__caption\">Smallbore Silhouette Firing Line (Carlos &amp; Daniel Salazar)<\/figcaption><\/figure><\/li><\/ul><\/figure>\n\n\n\n<figure class=\"wp-block-gallery alignwide columns-2 is-cropped wp-block-gallery-5 is-layout-flex wp-block-gallery-is-layout-flex\"><ul class=\"blocks-gallery-grid\"><li class=\"blocks-gallery-item\"><figure><a href=\"https:\/\/nassasilhouette.org\/wp-content\/uploads\/2021\/11\/9-Lever-Action-Rifle-Regional-1024x683.jpg\"><img loading=\"lazy\" decoding=\"async\" width=\"1024\" height=\"683\" src=\"https:\/\/nassasilhouette.org\/wp-content\/uploads\/2021\/11\/9-Lever-Action-Rifle-Regional-1024x683.jpg\" alt=\"\" data-id=\"6839\" data-link=\"https:\/\/nassasilhouette.org\/nassa-regions\/usa-gun-clubs\/southwest\/hassayampa\/9-lever-action-rifle-regional\/\" class=\"wp-image-6839\" srcset=\"https:\/\/nassasilhouette.org\/wp-content\/uploads\/2021\/11\/9-Lever-Action-Rifle-Regional-1024x683.jpg 1024w, https:\/\/nassasilhouette.org\/wp-content\/uploads\/2021\/11\/9-Lever-Action-Rifle-Regional-300x200.jpg 300w, https:\/\/nassasilhouette.org\/wp-content\/uploads\/2021\/11\/9-Lever-Action-Rifle-Regional-768x512.jpg 768w, https:\/\/nassasilhouette.org\/wp-content\/uploads\/2021\/11\/9-Lever-Action-Rifle-Regional-1536x1024.jpg 1536w, https:\/\/nassasilhouette.org\/wp-content\/uploads\/2021\/11\/9-Lever-Action-Rifle-Regional-2048x1365.jpg 2048w\" sizes=\"auto, (max-width: 1024px) 100vw, 1024px\" \/><\/a><figcaption class=\"blocks-gallery-item__caption\">Silueta de acci\u00f3n de palanca L\u00ednea de tiro regional<\/figcaption><\/figure><\/li><li class=\"blocks-gallery-item\"><figure><a href=\"https:\/\/nassasilhouette.org\/wp-content\/uploads\/2021\/11\/10-Lever-Action-Regional-scaled.jpg\"><img loading=\"lazy\" decoding=\"async\" width=\"1024\" height=\"683\" src=\"https:\/\/nassasilhouette.org\/wp-content\/uploads\/2021\/11\/10-Lever-Action-Regional-1024x683.jpg\" alt=\"\" data-id=\"6840\" data-full-url=\"https:\/\/nassasilhouette.org\/wp-content\/uploads\/2021\/11\/10-Lever-Action-Regional-scaled.jpg\" data-link=\"https:\/\/nassasilhouette.org\/nassa-regions\/usa-gun-clubs\/southwest\/hassayampa\/10-lever-action-regional\/\" class=\"wp-image-6840\" srcset=\"https:\/\/nassasilhouette.org\/wp-content\/uploads\/2021\/11\/10-Lever-Action-Regional-1024x683.jpg 1024w, https:\/\/nassasilhouette.org\/wp-content\/uploads\/2021\/11\/10-Lever-Action-Regional-300x200.jpg 300w, https:\/\/nassasilhouette.org\/wp-content\/uploads\/2021\/11\/10-Lever-Action-Regional-768x512.jpg 768w, https:\/\/nassasilhouette.org\/wp-content\/uploads\/2021\/11\/10-Lever-Action-Regional-1536x1024.jpg 1536w, https:\/\/nassasilhouette.org\/wp-content\/uploads\/2021\/11\/10-Lever-Action-Regional-2048x1365.jpg 2048w\" sizes=\"auto, (max-width: 1024px) 100vw, 1024px\" \/><\/a><figcaption class=\"blocks-gallery-item__caption\">Silueta de acci\u00f3n de palanca L\u00ednea de tiro regional<\/figcaption><\/figure><\/li><\/ul><\/figure>\n\n\n\n<figure class=\"wp-block-gallery alignwide columns-0 is-cropped wp-block-gallery-6 is-layout-flex wp-block-gallery-is-layout-flex\"><ul class=\"blocks-gallery-grid\"><\/ul><\/figure>\n","protected":false},"excerpt":{"rendered":"<p>El Hassayampa Rifle Silhouette Club se constituy\u00f3 en Arizona en 1976 con el nombre de Hassayampa Rod and Gun Club. El 5\u00ba Campeonato Nacional NRA de Silueta Met\u00e1lica fue organizado por el Club en 1977 en Black Canyon Range en Phoenix, AZ (ahora conocido como Ben Avery Shooting Facility). El club organiza encuentros mensuales tanto&hellip; <a class=\"more-link\" href=\"https:\/\/nassasilhouette.org\/es-mx\/regiones-clubes-nassa\/regiones-clubes-de-ee-uu\/region-suroeste-clubes\/club-de-siluetas-con-rifle-hassayampa-phoenix-arizona\/\">Continue reading <span class=\"screen-reader-text\">Club de siluetas con rifle Hassayampa &#8211; Phoenix, Arizona<\/span><\/a><\/p>\n","protected":false},"author":4,"featured_media":0,"parent":19542,"menu_order":0,"comment_status":"closed","ping_status":"closed","template":"","meta":{"_acf_changed":false,"footnotes":""},"class_list":["post-19495","page","type-page","status-publish","hentry","entry"],"acf":[],"rttpg_featured_image_url":null,"rttpg_author":{"display_name":"Chris Cawthorne","author_link":"https:\/\/nassasilhouette.org\/es-mx\/author\/cecawthorneyahoo-com\/"},"rttpg_comment":0,"rttpg_category":" <a href=\"https:\/\/nassasilhouette.org\/es-mx\/?taxonomy=translation_priority&#038;term=optional-es-mx\" rel=\"tag\">Optional<\/a>","rttpg_excerpt":"El Hassayampa Rifle Silhouette Club se constituy\u00f3 en Arizona en 1976 con el nombre de Hassayampa Rod and Gun Club. El 5\u00ba Campeonato Nacional NRA de Silueta Met\u00e1lica fue organizado por el Club en 1977 en Black Canyon Range en Phoenix, AZ (ahora conocido como Ben Avery Shooting Facility). El club organiza encuentros mensuales tanto&hellip;&hellip;","_links":{"self":[{"href":"https:\/\/nassasilhouette.org\/es-mx\/wp-json\/wp\/v2\/pages\/19495","targetHints":{"allow":["GET"]}}],"collection":[{"href":"https:\/\/nassasilhouette.org\/es-mx\/wp-json\/wp\/v2\/pages"}],"about":[{"href":"https:\/\/nassasilhouette.org\/es-mx\/wp-json\/wp\/v2\/types\/page"}],"author":[{"embeddable":true,"href":"https:\/\/nassasilhouette.org\/es-mx\/wp-json\/wp\/v2\/users\/4"}],"replies":[{"embeddable":true,"href":"https:\/\/nassasilhouette.org\/es-mx\/wp-json\/wp\/v2\/comments?post=19495"}],"version-history":[{"count":0,"href":"https:\/\/nassasilhouette.org\/es-mx\/wp-json\/wp\/v2\/pages\/19495\/revisions"}],"up":[{"embeddable":true,"href":"https:\/\/nassasilhouette.org\/es-mx\/wp-json\/wp\/v2\/pages\/19542"}],"wp:attachment":[{"href":"https:\/\/nassasilhouette.org\/es-mx\/wp-json\/wp\/v2\/media?parent=19495"}],"curies":[{"name":"wp","href":"https:\/\/api.w.org\/{rel}","templated":true}]}}