{"id":19492,"date":"2021-11-18T11:01:23","date_gmt":"2021-11-18T17:01:23","guid":{"rendered":"https:\/\/nassasilhouette.org\/bayou-rifles-inc-houston-texas\/"},"modified":"2021-11-18T11:01:23","modified_gmt":"2021-11-18T17:01:23","slug":"bayou-rifles-inc-houston-texas","status":"publish","type":"page","link":"https:\/\/nassasilhouette.org\/es-mx\/regiones-clubes-nassa\/regiones-clubes-de-ee-uu\/region-centro-sur-clubes\/bayou-rifles-inc-houston-texas\/","title":{"rendered":"Bayou Rifles Inc. &#8211; Houston, Texas"},"content":{"rendered":"\n<div class=\"wp-block-media-text alignwide is-stacked-on-mobile\" style=\"grid-template-columns:19% auto\"><figure class=\"wp-block-media-text__media\"><img loading=\"lazy\" decoding=\"async\" width=\"185\" height=\"184\" src=\"https:\/\/nassasilhouette.org\/wp-content\/uploads\/2021\/10\/image11.png\" alt=\"\" class=\"wp-image-95 size-full\" srcset=\"https:\/\/nassasilhouette.org\/wp-content\/uploads\/2021\/10\/image11.png 185w, https:\/\/nassasilhouette.org\/wp-content\/uploads\/2021\/10\/image11-150x150.png 150w\" sizes=\"auto, (max-width: 185px) 100vw, 185px\" \/><\/figure><div class=\"wp-block-media-text__content\">\n<p>Bayou Rifles, fundada en 1936, ha sido durante mucho tiempo la meca del tiro deportivo en el \u00e1rea metropolitana de Houston. Tras el final de la Segunda Guerra Mundial, el Congreso cre\u00f3 el Civilian Marksmanship Program (CMP) y le encomend\u00f3 poner terrenos a disposici\u00f3n de organizaciones civiles como Bayou Rifles. El CMP era responsable de garantizar que los civiles estuvieran preparados para los servicios armados. Bayou Rifles construy\u00f3 el Addicks Range aproximadamente en 1952 en la ubicaci\u00f3n actual y el club de tiro trabaja en estrecha colaboraci\u00f3n con el Cuerpo de Ingenieros (COE) para mantener esta ubicaci\u00f3n para sus deportes de tiro de silueta.<\/p>\n\n\n\n<p>Bayou Rifles es muy conocida en Texas por su programa de silueta met\u00e1lica en las disciplinas de rifle de peque\u00f1o calibre, rifle de aire comprimido y rifle de palanca. Bayou Rifles tambi\u00e9n est\u00e1 bien establecida en otros deportes de tiro como el rifle de alta potencia y la pistola Bulls-Eye. La inscripci\u00f3n de nuevos miembros se realiza por orden de llegada a trav\u00e9s del correo electr\u00f3nico una vez al a\u00f1o. \u00a1Damos la bienvenida a todos los nuevos tiradores a unirse a nuestro programa de silueta!<\/p>\n<\/div><\/div>\n\n\n\n<div style=\"height:50px\" aria-hidden=\"true\" class=\"wp-block-spacer\"><\/div>\n\n\n\n<p><\/p>\n\n\n\n<h2 class=\"has-text-align-center wp-block-heading\">Informaci\u00f3n de contacto<\/h2>\n\n\n\n<p><\/p>\n\n\n\n<figure class=\"wp-block-table is-style-stripes\"><table><tbody><tr><td><strong>P\u00e1gina web<\/strong>:<\/td><td>\n  <a href=\"http:\/\/www.bayourifles.com\">\n    <strong>http:\/\/www.bayourifles.com<\/strong>\n  <\/a>\n<\/td><\/tr><tr><td><strong>Facebook<\/strong>:<\/td><td>\n  <strong>Bayou Rifles Gun Club<\/strong>\n<\/td><\/tr><tr><td><strong>Direcci\u00f3n comercial<\/strong>:<\/td><td>\n  <strong>PO Box 761, Bellaire, TX 77041<\/strong>\n<\/td><\/tr><tr><td><strong>Ubicaci\u00f3n del campo de tiro<\/strong>:<\/td><td>\n  <strong>1300 North Eldridge Parkway, Houston, TX 77077<\/strong>\n<\/td><\/tr><tr><td><strong>Contacto principal<\/strong>:<\/td><td>\n  <strong>Bill Motl &#8211; Director de Silhouette<\/strong>\n<\/td><\/tr><tr><td><strong>Tel\u00e9fono de contacto principal<\/strong><\/td><td>\n  <strong>281 435-2706<\/strong>\n<\/td><\/tr><tr><td><strong>Correo electr\u00f3nico de contacto principal<\/strong>:<\/td><td>\n  <strong>wlmotl@yahoo.com<\/strong>\n<\/td><\/tr><\/tbody><\/table><\/figure>\n\n\n\n<div style=\"height:30px\" aria-hidden=\"true\" class=\"wp-block-spacer\"><\/div>\n\n\n\n<p><\/p>\n\n\n\n<h2 class=\"has-text-align-center wp-block-heading\">Capacidades de la gama Silhouette<\/h2>\n\n\n\n<p><\/p>\n\n\n\n<figure class=\"wp-block-table is-style-stripes\"><table><tbody><tr><td class=\"has-text-align-left\" data-align=\"left\"><strong>Disciplinas<\/strong>:<\/td><td><strong>Range Facilites<\/strong>:<\/td><\/tr><tr><td class=\"has-text-align-left\" data-align=\"left\">\n  <strong>Rifle Smallbore<\/strong>\n<\/td><td>\n  <strong>6 Bancos de cada animal<\/strong>\n<\/td><\/tr><tr><td class=\"has-text-align-left\" data-align=\"left\">\n  <strong>Rifle de alta potencia<\/strong>\n<\/td><td>\n  <strong>Planificaci\u00f3n preliminar de un campo de tiro de alta potencia en Juliff Range<\/strong>\n<\/td><\/tr><tr><td class=\"has-text-align-left\" data-align=\"left\">\n  <strong>Rifle de palanca<\/strong>\n<\/td><td>\n  <strong>6 bancos de cada animal s\u00f3lo para SB y cartucho de pistola .22Mag<\/strong>\n<\/td><\/tr><tr><td class=\"has-text-align-left\" data-align=\"left\">\n  <strong>Rifle de aire<\/strong>\n<\/td><td>\n  <strong>4 bancos de cada animal<\/strong>\n<\/td><\/tr><\/tbody><\/table><\/figure>\n\n\n\n<div style=\"height:30px\" aria-hidden=\"true\" class=\"wp-block-spacer\"><\/div>\n\n\n\n<h2 class=\"has-text-align-center wp-block-heading\">Instalaciones de la gama Silhouette<\/h2>\n\n\n\n<figure class=\"wp-block-gallery columns-1 is-cropped wp-block-gallery-1 is-layout-flex wp-block-gallery-is-layout-flex\"><ul class=\"blocks-gallery-grid\"><li class=\"blocks-gallery-item\"><figure><a href=\"https:\/\/nassasilhouette.org\/wp-content\/uploads\/2021\/11\/1-2021-TSRA-SB-Championship-scaled.jpg\"><img loading=\"lazy\" decoding=\"async\" width=\"1024\" height=\"507\" src=\"https:\/\/nassasilhouette.org\/wp-content\/uploads\/2021\/11\/1-2021-TSRA-SB-Championship-1024x507.jpg\" alt=\"\" data-id=\"5672\" data-full-url=\"https:\/\/nassasilhouette.org\/wp-content\/uploads\/2021\/11\/1-2021-TSRA-SB-Championship-scaled.jpg\" data-link=\"https:\/\/nassasilhouette.org\/?attachment_id=5672\" class=\"wp-image-5672\" srcset=\"https:\/\/nassasilhouette.org\/wp-content\/uploads\/2021\/11\/1-2021-TSRA-SB-Championship-1024x507.jpg 1024w, https:\/\/nassasilhouette.org\/wp-content\/uploads\/2021\/11\/1-2021-TSRA-SB-Championship-300x149.jpg 300w, https:\/\/nassasilhouette.org\/wp-content\/uploads\/2021\/11\/1-2021-TSRA-SB-Championship-768x381.jpg 768w, https:\/\/nassasilhouette.org\/wp-content\/uploads\/2021\/11\/1-2021-TSRA-SB-Championship-1536x761.jpg 1536w, https:\/\/nassasilhouette.org\/wp-content\/uploads\/2021\/11\/1-2021-TSRA-SB-Championship-2048x1015.jpg 2048w\" sizes=\"auto, (max-width: 1024px) 100vw, 1024px\" \/><\/a><figcaption class=\"blocks-gallery-item__caption\">Competidores del Campeonato Estatal SB de Texas 2021<\/figcaption><\/figure><\/li><\/ul><\/figure>\n\n\n\n<figure class=\"wp-block-gallery alignwide columns-2 is-cropped wp-block-gallery-2 is-layout-flex wp-block-gallery-is-layout-flex\"><ul class=\"blocks-gallery-grid\"><li class=\"blocks-gallery-item\"><figure><a href=\"https:\/\/nassasilhouette.org\/wp-content\/uploads\/2021\/11\/2021-TSRA-SB-Championship-scaled.jpg\"><img loading=\"lazy\" decoding=\"async\" width=\"1024\" height=\"768\" src=\"https:\/\/nassasilhouette.org\/wp-content\/uploads\/2021\/11\/2021-TSRA-SB-Championship-1024x768.jpg\" alt=\"\" data-id=\"5674\" data-full-url=\"https:\/\/nassasilhouette.org\/wp-content\/uploads\/2021\/11\/2021-TSRA-SB-Championship-scaled.jpg\" data-link=\"https:\/\/nassasilhouette.org\/?attachment_id=5674\" class=\"wp-image-5674\" srcset=\"https:\/\/nassasilhouette.org\/wp-content\/uploads\/2021\/11\/2021-TSRA-SB-Championship-1024x768.jpg 1024w, https:\/\/nassasilhouette.org\/wp-content\/uploads\/2021\/11\/2021-TSRA-SB-Championship-300x225.jpg 300w, https:\/\/nassasilhouette.org\/wp-content\/uploads\/2021\/11\/2021-TSRA-SB-Championship-768x576.jpg 768w, https:\/\/nassasilhouette.org\/wp-content\/uploads\/2021\/11\/2021-TSRA-SB-Championship-1536x1152.jpg 1536w, https:\/\/nassasilhouette.org\/wp-content\/uploads\/2021\/11\/2021-TSRA-SB-Championship-2048x1536.jpg 2048w\" sizes=\"auto, (max-width: 1024px) 100vw, 1024px\" \/><\/a><figcaption class=\"blocks-gallery-item__caption\">Campo de tiro Bayou Rifles<\/figcaption><\/figure><\/li><li class=\"blocks-gallery-item\"><figure><a href=\"https:\/\/nassasilhouette.org\/wp-content\/uploads\/2021\/11\/3-2021-TSRA-SB-Championships-scaled.jpg\"><img loading=\"lazy\" decoding=\"async\" width=\"1024\" height=\"768\" src=\"https:\/\/nassasilhouette.org\/wp-content\/uploads\/2021\/11\/3-2021-TSRA-SB-Championships-1024x768.jpg\" alt=\"\" data-id=\"5675\" data-full-url=\"https:\/\/nassasilhouette.org\/wp-content\/uploads\/2021\/11\/3-2021-TSRA-SB-Championships-scaled.jpg\" data-link=\"https:\/\/nassasilhouette.org\/?attachment_id=5675\" class=\"wp-image-5675\" srcset=\"https:\/\/nassasilhouette.org\/wp-content\/uploads\/2021\/11\/3-2021-TSRA-SB-Championships-1024x768.jpg 1024w, https:\/\/nassasilhouette.org\/wp-content\/uploads\/2021\/11\/3-2021-TSRA-SB-Championships-300x225.jpg 300w, https:\/\/nassasilhouette.org\/wp-content\/uploads\/2021\/11\/3-2021-TSRA-SB-Championships-768x576.jpg 768w, https:\/\/nassasilhouette.org\/wp-content\/uploads\/2021\/11\/3-2021-TSRA-SB-Championships-1536x1152.jpg 1536w, https:\/\/nassasilhouette.org\/wp-content\/uploads\/2021\/11\/3-2021-TSRA-SB-Championships-2048x1536.jpg 2048w\" sizes=\"auto, (max-width: 1024px) 100vw, 1024px\" \/><\/a><figcaption class=\"blocks-gallery-item__caption\">2021 Texas State SB Championship Firing Line<\/figcaption><\/figure><\/li><\/ul><\/figure>\n\n\n\n<figure class=\"wp-block-gallery alignwide columns-2 is-cropped wp-block-gallery-3 is-layout-flex wp-block-gallery-is-layout-flex\"><ul class=\"blocks-gallery-grid\"><li class=\"blocks-gallery-item\"><figure><a href=\"https:\/\/nassasilhouette.org\/wp-content\/uploads\/2021\/11\/4-2021-TSRA-SB-Championships-scaled.jpg\"><img loading=\"lazy\" decoding=\"async\" width=\"1024\" height=\"768\" src=\"https:\/\/nassasilhouette.org\/wp-content\/uploads\/2021\/11\/4-2021-TSRA-SB-Championships-1024x768.jpg\" alt=\"\" data-id=\"5677\" data-full-url=\"https:\/\/nassasilhouette.org\/wp-content\/uploads\/2021\/11\/4-2021-TSRA-SB-Championships-scaled.jpg\" data-link=\"https:\/\/nassasilhouette.org\/?attachment_id=5677\" class=\"wp-image-5677\" srcset=\"https:\/\/nassasilhouette.org\/wp-content\/uploads\/2021\/11\/4-2021-TSRA-SB-Championships-1024x768.jpg 1024w, https:\/\/nassasilhouette.org\/wp-content\/uploads\/2021\/11\/4-2021-TSRA-SB-Championships-300x225.jpg 300w, https:\/\/nassasilhouette.org\/wp-content\/uploads\/2021\/11\/4-2021-TSRA-SB-Championships-768x576.jpg 768w, https:\/\/nassasilhouette.org\/wp-content\/uploads\/2021\/11\/4-2021-TSRA-SB-Championships-1536x1152.jpg 1536w, https:\/\/nassasilhouette.org\/wp-content\/uploads\/2021\/11\/4-2021-TSRA-SB-Championships-2048x1536.jpg 2048w\" sizes=\"auto, (max-width: 1024px) 100vw, 1024px\" \/><\/a><figcaption class=\"blocks-gallery-item__caption\">2021 Texas State SB Championship Firing Line<\/figcaption><\/figure><\/li><li class=\"blocks-gallery-item\"><figure><a href=\"https:\/\/nassasilhouette.org\/wp-content\/uploads\/2021\/11\/6-Lever-Action-Competitors-scaled.jpg\"><img loading=\"lazy\" decoding=\"async\" width=\"1024\" height=\"683\" src=\"https:\/\/nassasilhouette.org\/wp-content\/uploads\/2021\/11\/6-Lever-Action-Competitors-1024x683.jpg\" alt=\"\" data-id=\"5678\" data-full-url=\"https:\/\/nassasilhouette.org\/wp-content\/uploads\/2021\/11\/6-Lever-Action-Competitors-scaled.jpg\" data-link=\"https:\/\/nassasilhouette.org\/?attachment_id=5678\" class=\"wp-image-5678\" srcset=\"https:\/\/nassasilhouette.org\/wp-content\/uploads\/2021\/11\/6-Lever-Action-Competitors-1024x683.jpg 1024w, https:\/\/nassasilhouette.org\/wp-content\/uploads\/2021\/11\/6-Lever-Action-Competitors-300x200.jpg 300w, https:\/\/nassasilhouette.org\/wp-content\/uploads\/2021\/11\/6-Lever-Action-Competitors-768x512.jpg 768w, https:\/\/nassasilhouette.org\/wp-content\/uploads\/2021\/11\/6-Lever-Action-Competitors-1536x1024.jpg 1536w, https:\/\/nassasilhouette.org\/wp-content\/uploads\/2021\/11\/6-Lever-Action-Competitors-2048x1365.jpg 2048w\" sizes=\"auto, (max-width: 1024px) 100vw, 1024px\" \/><\/a><figcaption class=\"blocks-gallery-item__caption\">Competidores de pistolas de palanca de cartuchos de peque\u00f1o calibre y pistola<\/figcaption><\/figure><\/li><\/ul><\/figure>\n\n\n\n<figure class=\"wp-block-gallery alignwide columns-2 is-cropped wp-block-gallery-4 is-layout-flex wp-block-gallery-is-layout-flex\"><ul class=\"blocks-gallery-grid\"><li class=\"blocks-gallery-item\"><figure><a href=\"https:\/\/nassasilhouette.org\/wp-content\/uploads\/2021\/11\/7-Lever-Action-Range-4-scaled.jpg\"><img loading=\"lazy\" decoding=\"async\" width=\"1024\" height=\"768\" src=\"https:\/\/nassasilhouette.org\/wp-content\/uploads\/2021\/11\/7-Lever-Action-Range-4-1024x768.jpg\" alt=\"\" data-id=\"5679\" data-full-url=\"https:\/\/nassasilhouette.org\/wp-content\/uploads\/2021\/11\/7-Lever-Action-Range-4-scaled.jpg\" data-link=\"https:\/\/nassasilhouette.org\/?attachment_id=5679\" class=\"wp-image-5679\" srcset=\"https:\/\/nassasilhouette.org\/wp-content\/uploads\/2021\/11\/7-Lever-Action-Range-4-1024x768.jpg 1024w, https:\/\/nassasilhouette.org\/wp-content\/uploads\/2021\/11\/7-Lever-Action-Range-4-300x225.jpg 300w, https:\/\/nassasilhouette.org\/wp-content\/uploads\/2021\/11\/7-Lever-Action-Range-4-768x576.jpg 768w, https:\/\/nassasilhouette.org\/wp-content\/uploads\/2021\/11\/7-Lever-Action-Range-4-1536x1152.jpg 1536w, https:\/\/nassasilhouette.org\/wp-content\/uploads\/2021\/11\/7-Lever-Action-Range-4-2048x1536.jpg 2048w\" sizes=\"auto, (max-width: 1024px) 100vw, 1024px\" \/><\/a><figcaption class=\"blocks-gallery-item__caption\">Campo de tiro de armas de palanca de cartuchos de peque\u00f1o calibre y pistola<\/figcaption><\/figure><\/li><li class=\"blocks-gallery-item\"><figure><a href=\"https:\/\/nassasilhouette.org\/wp-content\/uploads\/2021\/11\/8-Lever-Action-Targets.jpg\"><img loading=\"lazy\" decoding=\"async\" width=\"1024\" height=\"683\" src=\"https:\/\/nassasilhouette.org\/wp-content\/uploads\/2021\/11\/8-Lever-Action-Targets-1024x683.jpg\" alt=\"\" data-id=\"5680\" data-full-url=\"https:\/\/nassasilhouette.org\/wp-content\/uploads\/2021\/11\/8-Lever-Action-Targets.jpg\" data-link=\"https:\/\/nassasilhouette.org\/?attachment_id=5680\" class=\"wp-image-5680\" srcset=\"https:\/\/nassasilhouette.org\/wp-content\/uploads\/2021\/11\/8-Lever-Action-Targets-1024x683.jpg 1024w, https:\/\/nassasilhouette.org\/wp-content\/uploads\/2021\/11\/8-Lever-Action-Targets-300x200.jpg 300w, https:\/\/nassasilhouette.org\/wp-content\/uploads\/2021\/11\/8-Lever-Action-Targets-768x512.jpg 768w, https:\/\/nassasilhouette.org\/wp-content\/uploads\/2021\/11\/8-Lever-Action-Targets-1536x1024.jpg 1536w, https:\/\/nassasilhouette.org\/wp-content\/uploads\/2021\/11\/8-Lever-Action-Targets-2048x1365.jpg 2048w\" sizes=\"auto, (max-width: 1024px) 100vw, 1024px\" \/><\/a><figcaption class=\"blocks-gallery-item__caption\">Blancos para armas de palanca de cartuchos de peque\u00f1o calibre y pistola<\/figcaption><\/figure><\/li><\/ul><\/figure>\n\n\n\n<figure class=\"wp-block-gallery alignwide columns-2 is-cropped wp-block-gallery-5 is-layout-flex wp-block-gallery-is-layout-flex\"><ul class=\"blocks-gallery-grid\"><li class=\"blocks-gallery-item\"><figure><a href=\"https:\/\/nassasilhouette.org\/wp-content\/uploads\/2021\/11\/9-Air-Rifle-Competitors-scaled.jpg\"><img loading=\"lazy\" decoding=\"async\" width=\"1024\" height=\"768\" src=\"https:\/\/nassasilhouette.org\/wp-content\/uploads\/2021\/11\/9-Air-Rifle-Competitors-1024x768.jpg\" alt=\"\" data-id=\"5685\" data-full-url=\"https:\/\/nassasilhouette.org\/wp-content\/uploads\/2021\/11\/9-Air-Rifle-Competitors-scaled.jpg\" data-link=\"https:\/\/nassasilhouette.org\/?attachment_id=5685\" class=\"wp-image-5685\" srcset=\"https:\/\/nassasilhouette.org\/wp-content\/uploads\/2021\/11\/9-Air-Rifle-Competitors-1024x768.jpg 1024w, https:\/\/nassasilhouette.org\/wp-content\/uploads\/2021\/11\/9-Air-Rifle-Competitors-300x225.jpg 300w, https:\/\/nassasilhouette.org\/wp-content\/uploads\/2021\/11\/9-Air-Rifle-Competitors-768x576.jpg 768w, https:\/\/nassasilhouette.org\/wp-content\/uploads\/2021\/11\/9-Air-Rifle-Competitors-1536x1152.jpg 1536w, https:\/\/nassasilhouette.org\/wp-content\/uploads\/2021\/11\/9-Air-Rifle-Competitors-2048x1536.jpg 2048w\" sizes=\"auto, (max-width: 1024px) 100vw, 1024px\" \/><\/a><figcaption class=\"blocks-gallery-item__caption\">Competidores de rifle de aire comprimido y l\u00ednea de tiro<\/figcaption><\/figure><\/li><li class=\"blocks-gallery-item\"><figure><a href=\"https:\/\/nassasilhouette.org\/wp-content\/uploads\/2021\/11\/10-Air-Rifle-Targets-scaled.jpg\"><img loading=\"lazy\" decoding=\"async\" width=\"1024\" height=\"768\" src=\"https:\/\/nassasilhouette.org\/wp-content\/uploads\/2021\/11\/10-Air-Rifle-Targets-1024x768.jpg\" alt=\"\" data-id=\"5682\" data-full-url=\"https:\/\/nassasilhouette.org\/wp-content\/uploads\/2021\/11\/10-Air-Rifle-Targets-scaled.jpg\" data-link=\"https:\/\/nassasilhouette.org\/?attachment_id=5682\" class=\"wp-image-5682\" srcset=\"https:\/\/nassasilhouette.org\/wp-content\/uploads\/2021\/11\/10-Air-Rifle-Targets-1024x768.jpg 1024w, https:\/\/nassasilhouette.org\/wp-content\/uploads\/2021\/11\/10-Air-Rifle-Targets-300x225.jpg 300w, https:\/\/nassasilhouette.org\/wp-content\/uploads\/2021\/11\/10-Air-Rifle-Targets-768x576.jpg 768w, https:\/\/nassasilhouette.org\/wp-content\/uploads\/2021\/11\/10-Air-Rifle-Targets-1536x1152.jpg 1536w, https:\/\/nassasilhouette.org\/wp-content\/uploads\/2021\/11\/10-Air-Rifle-Targets-2048x1536.jpg 2048w\" sizes=\"auto, (max-width: 1024px) 100vw, 1024px\" \/><\/a><figcaption class=\"blocks-gallery-item__caption\">Blancos reajustables para rifle de aire<\/figcaption><\/figure><\/li><\/ul><\/figure>\n","protected":false},"excerpt":{"rendered":"<p>Bayou Rifles, fundada en 1936, ha sido durante mucho tiempo la meca del tiro deportivo en el \u00e1rea metropolitana de Houston. Tras el final de la Segunda Guerra Mundial, el Congreso cre\u00f3 el Civilian Marksmanship Program (CMP) y le encomend\u00f3 poner terrenos a disposici\u00f3n de organizaciones civiles como Bayou Rifles. El CMP era responsable de&hellip; <a class=\"more-link\" href=\"https:\/\/nassasilhouette.org\/es-mx\/regiones-clubes-nassa\/regiones-clubes-de-ee-uu\/region-centro-sur-clubes\/bayou-rifles-inc-houston-texas\/\">Continue reading <span class=\"screen-reader-text\">Bayou Rifles Inc. &#8211; Houston, Texas<\/span><\/a><\/p>\n","protected":false},"author":4,"featured_media":0,"parent":19582,"menu_order":0,"comment_status":"closed","ping_status":"closed","template":"","meta":{"_acf_changed":false,"footnotes":""},"class_list":["post-19492","page","type-page","status-publish","hentry","entry"],"acf":[],"rttpg_featured_image_url":null,"rttpg_author":{"display_name":"Chris Cawthorne","author_link":"https:\/\/nassasilhouette.org\/es-mx\/author\/cecawthorneyahoo-com\/"},"rttpg_comment":0,"rttpg_category":" <a href=\"https:\/\/nassasilhouette.org\/es-mx\/?taxonomy=translation_priority&#038;term=optional-es-mx\" rel=\"tag\">Optional<\/a>","rttpg_excerpt":"Bayou Rifles, fundada en 1936, ha sido durante mucho tiempo la meca del tiro deportivo en el \u00e1rea metropolitana de Houston. Tras el final de la Segunda Guerra Mundial, el Congreso cre\u00f3 el Civilian Marksmanship Program (CMP) y le encomend\u00f3 poner terrenos a disposici\u00f3n de organizaciones civiles como Bayou Rifles. El CMP era responsable de&hellip;&hellip;","_links":{"self":[{"href":"https:\/\/nassasilhouette.org\/es-mx\/wp-json\/wp\/v2\/pages\/19492","targetHints":{"allow":["GET"]}}],"collection":[{"href":"https:\/\/nassasilhouette.org\/es-mx\/wp-json\/wp\/v2\/pages"}],"about":[{"href":"https:\/\/nassasilhouette.org\/es-mx\/wp-json\/wp\/v2\/types\/page"}],"author":[{"embeddable":true,"href":"https:\/\/nassasilhouette.org\/es-mx\/wp-json\/wp\/v2\/users\/4"}],"replies":[{"embeddable":true,"href":"https:\/\/nassasilhouette.org\/es-mx\/wp-json\/wp\/v2\/comments?post=19492"}],"version-history":[{"count":0,"href":"https:\/\/nassasilhouette.org\/es-mx\/wp-json\/wp\/v2\/pages\/19492\/revisions"}],"up":[{"embeddable":true,"href":"https:\/\/nassasilhouette.org\/es-mx\/wp-json\/wp\/v2\/pages\/19582"}],"wp:attachment":[{"href":"https:\/\/nassasilhouette.org\/es-mx\/wp-json\/wp\/v2\/media?parent=19492"}],"curies":[{"name":"wp","href":"https:\/\/api.w.org\/{rel}","templated":true}]}}