{"id":19486,"date":"2021-12-31T10:48:31","date_gmt":"2021-12-31T16:48:31","guid":{"rendered":"https:\/\/nassasilhouette.org\/resultados-del-campeonato\/resultados-del-campeonato-de-mexico\/"},"modified":"2024-04-11T22:50:23","modified_gmt":"2024-04-12T03:50:23","slug":"resultados-del-campeonato-de-mexico","status":"publish","type":"page","link":"https:\/\/nassasilhouette.org\/es-mx\/resultados-del-campeonato\/resultados-del-campeonato-de-mexico\/","title":{"rendered":"Resultados del Campeonato de M\u00e9xico"},"content":{"rendered":"\n<div style=\"height:20px\" aria-hidden=\"true\" class=\"wp-block-spacer\"><\/div>\n\n\n\n<div class=\"wp-block-media-text alignwide has-media-on-the-right is-stacked-on-mobile\" style=\"grid-template-columns:auto 57%\"><div class=\"wp-block-media-text__content\">\n<p class=\"has-text-align-center has-vivid-cyan-blue-color has-text-color\"><meta charset=\"utf-8\"><\/p>\n\n\n\n<p><meta charset=\"utf-8\">A continuaci\u00f3n encontrar\u00e1 los resultados de los Campeonatos de M\u00e9xico (sancionados por la FEMENTI), as\u00ed como enlaces a los perfiles de los clubes de armas anfitriones. Su equipo de implementaci\u00f3n de NASSA est\u00e1 trabajando duro para capturar todos los resultados conocidos de los partidos del campeonato de manera oportuna a medida que lanzamos el sitio web de NASSA.<\/p>\n<\/div><figure class=\"wp-block-media-text__media\"><img loading=\"lazy\" decoding=\"async\" width=\"1024\" height=\"678\" src=\"https:\/\/nassasilhouette.org\/wp-content\/uploads\/2021\/12\/Mexico-Regions-Map-1-1024x678.png\" alt=\"\" class=\"wp-image-8105 size-full\" srcset=\"https:\/\/nassasilhouette.org\/wp-content\/uploads\/2021\/12\/Mexico-Regions-Map-1-1024x678.png 1024w, https:\/\/nassasilhouette.org\/wp-content\/uploads\/2021\/12\/Mexico-Regions-Map-1-300x199.png 300w, https:\/\/nassasilhouette.org\/wp-content\/uploads\/2021\/12\/Mexico-Regions-Map-1-768x509.png 768w, https:\/\/nassasilhouette.org\/wp-content\/uploads\/2021\/12\/Mexico-Regions-Map-1-1536x1017.png 1536w, https:\/\/nassasilhouette.org\/wp-content\/uploads\/2021\/12\/Mexico-Regions-Map-1-2048x1356.png 2048w\" sizes=\"auto, (max-width: 1024px) 100vw, 1024px\" \/><\/figure><\/div>\n\n\n\n<p class=\"has-text-align-center has-vivid-cyan-blue-color has-text-color\"><strong>Directores de Partidos &#8211; Si no ve los resultados de su Partido de Campeonato, p\u00f3ngase en contacto con su Director Regional, publ\u00edquelo en NASSA Facebook, NASSA Forum o haga clic en el enlace de abajo<\/strong>:<\/p>\n\n\n\n<div class=\"wp-block-buttons is-horizontal is-content-justification-center is-layout-flex wp-container-core-buttons-is-layout-499968f5 wp-block-buttons-is-layout-flex\">\n<div class=\"wp-block-button has-custom-font-size has-small-font-size\"><a class=\"wp-block-button__link has-vivid-cyan-blue-background-color has-background wp-element-button\" href=\"https:\/\/nassasilhouette.org\/about-us\/contact-us\/\"><strong>CONTACTAR CON NOSOTROS<\/strong><\/a><\/div>\n<\/div>\n\n\n\n<hr class=\"wp-block-separator has-alpha-channel-opacity\">\n\n\n\n<div style=\"height:50px\" aria-hidden=\"true\" class=\"wp-block-spacer\"><\/div>\n\n\n<div class=\"wp-block-image\">\n<figure class=\"aligncenter size-large\"><img loading=\"lazy\" decoding=\"async\" width=\"1024\" height=\"196\" src=\"https:\/\/nassasilhouette.org\/wp-content\/uploads\/2023\/01\/2023-Mexico-Championship-Results-1024x196.jpg\" alt=\"\" class=\"wp-image-19333\" srcset=\"https:\/\/nassasilhouette.org\/wp-content\/uploads\/2023\/01\/2023-Mexico-Championship-Results-1024x196.jpg 1024w, https:\/\/nassasilhouette.org\/wp-content\/uploads\/2023\/01\/2023-Mexico-Championship-Results-300x57.jpg 300w, https:\/\/nassasilhouette.org\/wp-content\/uploads\/2023\/01\/2023-Mexico-Championship-Results-768x147.jpg 768w, https:\/\/nassasilhouette.org\/wp-content\/uploads\/2023\/01\/2023-Mexico-Championship-Results-1536x294.jpg 1536w, https:\/\/nassasilhouette.org\/wp-content\/uploads\/2023\/01\/2023-Mexico-Championship-Results-2048x392.jpg 2048w, https:\/\/nassasilhouette.org\/wp-content\/uploads\/2023\/01\/2023-Mexico-Championship-Results-1568x300.jpg 1568w\" sizes=\"auto, (max-width: 1024px) 100vw, 1024px\" \/><\/figure>\n<\/div>\n\n<div class=\"wp-block-image\">\n<figure class=\"aligncenter size-large is-resized\"><img loading=\"lazy\" decoding=\"async\" width=\"1024\" height=\"1008\" src=\"https:\/\/nassasilhouette.org\/wp-content\/uploads\/2022\/12\/Under-Construction-Logo-1024x1008.jpg\" alt=\"\" class=\"wp-image-16800\" style=\"width:311px;height:306px\" srcset=\"https:\/\/nassasilhouette.org\/wp-content\/uploads\/2022\/12\/Under-Construction-Logo-1024x1008.jpg 1024w, https:\/\/nassasilhouette.org\/wp-content\/uploads\/2022\/12\/Under-Construction-Logo-300x295.jpg 300w, https:\/\/nassasilhouette.org\/wp-content\/uploads\/2022\/12\/Under-Construction-Logo-768x756.jpg 768w, https:\/\/nassasilhouette.org\/wp-content\/uploads\/2022\/12\/Under-Construction-Logo.jpg 1494w\" sizes=\"auto, (max-width: 1024px) 100vw, 1024px\" \/><\/figure>\n<\/div>\n\n\n<div style=\"height:10px\" aria-hidden=\"true\" class=\"wp-block-spacer\"><\/div>\n\n\n\n<p class=\"has-text-align-center has-text-color\" style=\"color:#ee0808\"><strong>El Equipo de Implementaci\u00f3n de NASSA estar\u00e1 trabajando de cerca con Ricard Arellano, nuestro Director de Integraci\u00f3n de NASSA M\u00e9xico, para actualizar toda la informaci\u00f3n sobre los Resultados del Campeonato de M\u00e9xico 2023. Perdonen nuestra construcci\u00f3n hasta que terminemos nuestro trabajo.<\/strong><\/p>\n\n\n\n<hr class=\"wp-block-separator has-alpha-channel-opacity\">\n\n\n\n<div style=\"height:30px\" aria-hidden=\"true\" class=\"wp-block-spacer\"><\/div>\n\n\n<div class=\"wp-block-image\">\n<figure class=\"aligncenter size-large\"><img loading=\"lazy\" decoding=\"async\" width=\"1024\" height=\"236\" src=\"https:\/\/nassasilhouette.org\/wp-content\/uploads\/2022\/01\/FEMETI-National-Championships-1024x236.png\" alt=\"\" class=\"wp-image-9216\" srcset=\"https:\/\/nassasilhouette.org\/wp-content\/uploads\/2022\/01\/FEMETI-National-Championships-1024x236.png 1024w, https:\/\/nassasilhouette.org\/wp-content\/uploads\/2022\/01\/FEMETI-National-Championships-300x69.png 300w, https:\/\/nassasilhouette.org\/wp-content\/uploads\/2022\/01\/FEMETI-National-Championships-768x177.png 768w, https:\/\/nassasilhouette.org\/wp-content\/uploads\/2022\/01\/FEMETI-National-Championships-1536x354.png 1536w, https:\/\/nassasilhouette.org\/wp-content\/uploads\/2022\/01\/FEMETI-National-Championships-2048x471.png 2048w\" sizes=\"auto, (max-width: 1024px) 100vw, 1024px\" \/><\/figure>\n<\/div>\n\n\n<p class=\"has-text-align-center has-vivid-red-color has-text-color\"><meta charset=\"utf-8\"><strong>(En construcci\u00f3n)<\/strong><\/p>\n\n\n\n<hr class=\"wp-block-separator has-alpha-channel-opacity\">\n\n\n\n<div style=\"height:50px\" aria-hidden=\"true\" class=\"wp-block-spacer\"><\/div>\n\n\n<div class=\"wp-block-image\">\n<figure class=\"aligncenter size-large\"><img loading=\"lazy\" decoding=\"async\" width=\"1024\" height=\"193\" src=\"https:\/\/nassasilhouette.org\/wp-content\/uploads\/2022\/01\/FEMETI-State-Championships-1024x193.png\" alt=\"\" class=\"wp-image-9217\" srcset=\"https:\/\/nassasilhouette.org\/wp-content\/uploads\/2022\/01\/FEMETI-State-Championships-1024x193.png 1024w, https:\/\/nassasilhouette.org\/wp-content\/uploads\/2022\/01\/FEMETI-State-Championships-300x56.png 300w, https:\/\/nassasilhouette.org\/wp-content\/uploads\/2022\/01\/FEMETI-State-Championships-768x145.png 768w, https:\/\/nassasilhouette.org\/wp-content\/uploads\/2022\/01\/FEMETI-State-Championships-1536x289.png 1536w, https:\/\/nassasilhouette.org\/wp-content\/uploads\/2022\/01\/FEMETI-State-Championships-2048x385.png 2048w\" sizes=\"auto, (max-width: 1024px) 100vw, 1024px\" \/><\/figure>\n<\/div>\n\n\n<p class=\"has-text-align-center has-vivid-red-color has-text-color\"><meta charset=\"utf-8\"><strong>(En construcci\u00f3n)<\/strong><\/p>\n\n\n\n<hr class=\"wp-block-separator has-alpha-channel-opacity\">\n\n\n\n<div style=\"height:50px\" aria-hidden=\"true\" class=\"wp-block-spacer\"><\/div>\n\n\n<div class=\"wp-block-image\">\n<figure class=\"aligncenter size-large\"><img loading=\"lazy\" decoding=\"async\" width=\"1024\" height=\"193\" src=\"https:\/\/nassasilhouette.org\/wp-content\/uploads\/2022\/01\/FEMETI-Sanctioned-Championships-1024x193.png\" alt=\"\" class=\"wp-image-9218\" srcset=\"https:\/\/nassasilhouette.org\/wp-content\/uploads\/2022\/01\/FEMETI-Sanctioned-Championships-1024x193.png 1024w, https:\/\/nassasilhouette.org\/wp-content\/uploads\/2022\/01\/FEMETI-Sanctioned-Championships-300x56.png 300w, https:\/\/nassasilhouette.org\/wp-content\/uploads\/2022\/01\/FEMETI-Sanctioned-Championships-768x145.png 768w, https:\/\/nassasilhouette.org\/wp-content\/uploads\/2022\/01\/FEMETI-Sanctioned-Championships-1536x289.png 1536w, https:\/\/nassasilhouette.org\/wp-content\/uploads\/2022\/01\/FEMETI-Sanctioned-Championships-2048x385.png 2048w\" sizes=\"auto, (max-width: 1024px) 100vw, 1024px\" \/><\/figure>\n<\/div>\n\n\n<p class=\"has-text-align-center has-vivid-red-color has-text-color\"><meta charset=\"utf-8\"><strong>(En construcci\u00f3n)<\/strong><\/p>\n\n\n\n<hr class=\"wp-block-separator has-alpha-channel-opacity\">\n\n\n\n<div style=\"height:50px\" aria-hidden=\"true\" class=\"wp-block-spacer\"><\/div>\n\n\n\n<h2 class=\"wp-block-heading has-text-align-center\"><strong>Archivo de resultados del Campeonato<\/strong><\/h2>\n\n\n\n<p><strong>Todos los archivos de resultados de los campeonatos de Canad\u00e1, M\u00e9xico y Estados Unidos se archivar\u00e1n a partir de 2022.  <\/strong>Esto continuar\u00e1 para los a\u00f1os siguientes (2023, 2024, 2025, etc.) en nuestras bases de datos para su referencia.  <\/p>\n\n\n\n<p class=\"has-text-align-center has-vivid-cyan-blue-color has-text-color\"><strong>Para ver los archivos, haga clic en el enlace de los archivos de resultados de los campeonatos que aparece a continuaci\u00f3n:  <\/strong><\/p>\n\n\n\n<div class=\"wp-block-buttons is-horizontal is-content-justification-center is-layout-flex wp-container-core-buttons-is-layout-499968f5 wp-block-buttons-is-layout-flex\">\n<div class=\"wp-block-button has-custom-font-size has-extra-small-font-size\"><a class=\"wp-block-button__link has-vivid-cyan-blue-background-color has-background wp-element-button\" href=\"https:\/\/nassasilhouette.org\/championship-results\/championship-results-archive\/\"><strong>ARCHIVOS DE RESULTADOS DEL CAMPEONATO<\/strong><\/a><\/div>\n<\/div>\n\n\n\n<hr class=\"wp-block-separator has-alpha-channel-opacity\">\n\n\n\n<div style=\"height:50px\" aria-hidden=\"true\" class=\"wp-block-spacer\"><\/div>\n\n\n\n<h2 class=\"wp-block-heading has-text-align-center\"><strong>Championship Results Database<\/strong><\/h2>\n\n\n<div class=\"wp-block-image\">\n<figure class=\"aligncenter size-large\"><img loading=\"lazy\" decoding=\"async\" width=\"1024\" height=\"411\" src=\"https:\/\/nassasilhouette.org\/wp-content\/uploads\/2022\/01\/Championship-Results-Database-Banner-1024x411.png\" alt=\"\" class=\"wp-image-9873\" srcset=\"https:\/\/nassasilhouette.org\/wp-content\/uploads\/2022\/01\/Championship-Results-Database-Banner-1024x411.png 1024w, https:\/\/nassasilhouette.org\/wp-content\/uploads\/2022\/01\/Championship-Results-Database-Banner-300x120.png 300w, https:\/\/nassasilhouette.org\/wp-content\/uploads\/2022\/01\/Championship-Results-Database-Banner-768x308.png 768w, https:\/\/nassasilhouette.org\/wp-content\/uploads\/2022\/01\/Championship-Results-Database-Banner-1536x616.png 1536w, https:\/\/nassasilhouette.org\/wp-content\/uploads\/2022\/01\/Championship-Results-Database-Banner-2048x822.png 2048w\" sizes=\"auto, (max-width: 1024px) 100vw, 1024px\" \/><\/figure>\n<\/div>\n\n\n<div style=\"height:20px\" aria-hidden=\"true\" class=\"wp-block-spacer\"><\/div>\n\n\n\n<p>Xxxxx<\/p>\n\n\n\n<div class=\"wp-block-buttons is-horizontal is-content-justification-center is-layout-flex wp-container-core-buttons-is-layout-499968f5 wp-block-buttons-is-layout-flex\">\n<div class=\"wp-block-button has-custom-font-size has-extra-small-font-size\"><a class=\"wp-block-button__link has-vivid-cyan-blue-background-color has-background wp-element-button\" href=\"http:\/\/nassasilhouette.org\/championship-results-database\"><strong>BASE DE DATOS DE RESULTADOS DEL CAMPEONATO<\/strong><\/a><\/div>\n<\/div>\n\n\n\n<hr class=\"wp-block-separator has-alpha-channel-opacity\">\n","protected":false},"excerpt":{"rendered":"<p>A continuaci\u00f3n encontrar\u00e1 los resultados de los Campeonatos de M\u00e9xico (sancionados por la FEMENTI), as\u00ed como enlaces a los perfiles de los clubes de armas anfitriones. Su equipo de implementaci\u00f3n de NASSA est\u00e1 trabajando duro para capturar todos los resultados conocidos de los partidos del campeonato de manera oportuna a medida que lanzamos el sitio&hellip; <a class=\"more-link\" href=\"https:\/\/nassasilhouette.org\/es-mx\/resultados-del-campeonato\/resultados-del-campeonato-de-mexico\/\">Continue reading <span class=\"screen-reader-text\">Resultados del Campeonato de M\u00e9xico<\/span><\/a><\/p>\n","protected":false},"author":4,"featured_media":0,"parent":13850,"menu_order":0,"comment_status":"closed","ping_status":"closed","template":"","meta":{"_acf_changed":false,"footnotes":""},"class_list":["post-19486","page","type-page","status-publish","hentry","entry"],"acf":[],"rttpg_featured_image_url":null,"rttpg_author":{"display_name":"Chris Cawthorne","author_link":"https:\/\/nassasilhouette.org\/es-mx\/author\/cecawthorneyahoo-com\/"},"rttpg_comment":0,"rttpg_category":" <a href=\"https:\/\/nassasilhouette.org\/es-mx\/?taxonomy=translation_priority&#038;term=optional-es-mx\" rel=\"tag\">Optional<\/a>","rttpg_excerpt":"A continuaci\u00f3n encontrar\u00e1 los resultados de los Campeonatos de M\u00e9xico (sancionados por la FEMENTI), as\u00ed como enlaces a los perfiles de los clubes de armas anfitriones. Su equipo de implementaci\u00f3n de NASSA est\u00e1 trabajando duro para capturar todos los resultados conocidos de los partidos del campeonato de manera oportuna a medida que lanzamos el sitio&hellip;&hellip;","_links":{"self":[{"href":"https:\/\/nassasilhouette.org\/es-mx\/wp-json\/wp\/v2\/pages\/19486","targetHints":{"allow":["GET"]}}],"collection":[{"href":"https:\/\/nassasilhouette.org\/es-mx\/wp-json\/wp\/v2\/pages"}],"about":[{"href":"https:\/\/nassasilhouette.org\/es-mx\/wp-json\/wp\/v2\/types\/page"}],"author":[{"embeddable":true,"href":"https:\/\/nassasilhouette.org\/es-mx\/wp-json\/wp\/v2\/users\/4"}],"replies":[{"embeddable":true,"href":"https:\/\/nassasilhouette.org\/es-mx\/wp-json\/wp\/v2\/comments?post=19486"}],"version-history":[{"count":1,"href":"https:\/\/nassasilhouette.org\/es-mx\/wp-json\/wp\/v2\/pages\/19486\/revisions"}],"predecessor-version":[{"id":21245,"href":"https:\/\/nassasilhouette.org\/es-mx\/wp-json\/wp\/v2\/pages\/19486\/revisions\/21245"}],"up":[{"embeddable":true,"href":"https:\/\/nassasilhouette.org\/es-mx\/wp-json\/wp\/v2\/pages\/13850"}],"wp:attachment":[{"href":"https:\/\/nassasilhouette.org\/es-mx\/wp-json\/wp\/v2\/media?parent=19486"}],"curies":[{"name":"wp","href":"https:\/\/api.w.org\/{rel}","templated":true}]}}