{"id":19483,"date":"2022-01-02T12:07:01","date_gmt":"2022-01-02T18:07:01","guid":{"rendered":"https:\/\/nassasilhouette.org\/sobre-nosotros\/premios-al-servicio-de-la-nassa\/"},"modified":"2022-01-02T12:07:01","modified_gmt":"2022-01-02T18:07:01","slug":"premios-al-servicio-de-la-nassa","status":"publish","type":"page","link":"https:\/\/nassasilhouette.org\/es-mx\/sobre-nosotros\/premios-al-servicio-de-la-nassa\/","title":{"rendered":"Premios al servicio de la NASSA"},"content":{"rendered":"<div class=\"wp-block-image\">\n<figure class=\"aligncenter size-large\"><img loading=\"lazy\" decoding=\"async\" width=\"1024\" height=\"376\" src=\"https:\/\/nassasilhouette.org\/wp-content\/uploads\/2022\/01\/NASSA-Service-Awards-Banner-2-1024x376.png\" alt=\"\" class=\"wp-image-9692\" srcset=\"https:\/\/nassasilhouette.org\/wp-content\/uploads\/2022\/01\/NASSA-Service-Awards-Banner-2-1024x376.png 1024w, https:\/\/nassasilhouette.org\/wp-content\/uploads\/2022\/01\/NASSA-Service-Awards-Banner-2-300x110.png 300w, https:\/\/nassasilhouette.org\/wp-content\/uploads\/2022\/01\/NASSA-Service-Awards-Banner-2-768x282.png 768w, https:\/\/nassasilhouette.org\/wp-content\/uploads\/2022\/01\/NASSA-Service-Awards-Banner-2-1536x564.png 1536w, https:\/\/nassasilhouette.org\/wp-content\/uploads\/2022\/01\/NASSA-Service-Awards-Banner-2-2048x752.png 2048w\" sizes=\"auto, (max-width: 1024px) 100vw, 1024px\" \/><\/figure>\n<\/div>\n\n\n<div style=\"height:29px\" aria-hidden=\"true\" class=\"wp-block-spacer\"><\/div>\n\n\n\n<h2 class=\"has-text-align-center wp-block-heading\"><strong>Voluntarios &#8211; La sangre vital de NASSA<\/strong><\/h2>\n\n\n\n<p>Muchas organizaciones sin \u00e1nimo de lucro se estancan y fracasan debido a que sus dirigentes subestiman la cantidad de recursos voluntarios necesarios y las alianzas y asociaciones necesarias para sostener su organizaci\u00f3n. La falta de un plan de sucesi\u00f3n tambi\u00e9n puede desbaratar los esfuerzos cuando no se pueden contratar candidatos cualificados.<\/p>\n\n\n\n<div class=\"wp-block-media-text alignwide has-media-on-the-right is-stacked-on-mobile\" style=\"grid-template-columns:auto 56%\"><div class=\"wp-block-media-text__content\">\n<p><meta charset=\"utf-8\"><strong>Aunque tenemos diferencias culturales en todo el continente norteamericano, todos estamos unidos en nuestra pasi\u00f3n por nuestro deporte de tiro Rifle Silhouette. Podemos aprovechar esta masa cr\u00edtica para ayudar a encontrar los recursos de voluntarios de NASSA necesarios para el liderazgo, as\u00ed como para las funciones de apoyo.  <\/strong><\/p>\n\n\n\n<p><strong>Concretamente, esto significa:<\/strong><\/p>\n<\/div><figure class=\"wp-block-media-text__media\"><img loading=\"lazy\" decoding=\"async\" width=\"1024\" height=\"568\" src=\"https:\/\/nassasilhouette.org\/wp-content\/uploads\/2022\/01\/Tri-Flag-1024x568.png\" alt=\"\" class=\"wp-image-8582 size-full\" srcset=\"https:\/\/nassasilhouette.org\/wp-content\/uploads\/2022\/01\/Tri-Flag-1024x568.png 1024w, https:\/\/nassasilhouette.org\/wp-content\/uploads\/2022\/01\/Tri-Flag-300x166.png 300w, https:\/\/nassasilhouette.org\/wp-content\/uploads\/2022\/01\/Tri-Flag-768x426.png 768w, https:\/\/nassasilhouette.org\/wp-content\/uploads\/2022\/01\/Tri-Flag-1536x852.png 1536w, https:\/\/nassasilhouette.org\/wp-content\/uploads\/2022\/01\/Tri-Flag-2048x1136.png 2048w\" sizes=\"auto, (max-width: 1024px) 100vw, 1024px\" \/><\/figure><\/div>\n\n\n\n<div style=\"height:10px\" aria-hidden=\"true\" class=\"wp-block-spacer\"><\/div>\n\n\n\n<ul class=\"wp-block-list\">\n<li>Identificar y reclutar un cuadro cr\u00edtico de tiradores en \u00e1reas clave de Norteam\u00e9rica que trabajen para ayudar a lanzar la NASSA. La direcci\u00f3n de NASSA debe tener un consenso com\u00fan sobre la visi\u00f3n\/misi\u00f3n<\/li>\n<\/ul>\n\n\n\n<div style=\"height:10px\" aria-hidden=\"true\" class=\"wp-block-spacer\"><\/div>\n\n\n\n<ul class=\"wp-block-list\">\n<li>Crear una &#8220;Federaci\u00f3n Regional&#8221; que pueda aprovechar los muchos voluntarios potenciales de los miembros de los clubes de Rifle Silhouette de Canad\u00e1, M\u00e9xico y EE.UU. que ya apoyan nuestro deporte.<\/li>\n<\/ul>\n\n\n\n<div style=\"height:10px\" aria-hidden=\"true\" class=\"wp-block-spacer\"><\/div>\n\n\n\n<ul class=\"wp-block-list\">\n<li>Mejor organizaci\u00f3n y distribuci\u00f3n de la informaci\u00f3n, como informaci\u00f3n sobre los clubes, programas de los partidos, etc., as\u00ed como nuevos procesos de informaci\u00f3n digital implementados a partir de este grupo de voluntarios.<\/li>\n<\/ul>\n\n\n\n<div style=\"height:10px\" aria-hidden=\"true\" class=\"wp-block-spacer\"><\/div>\n\n\n\n<ul class=\"wp-block-list\">\n<li>El apoyo de nuestros voluntarios tambi\u00e9n garantizar\u00e1 que permanezcamos conectados a nivel de base con todos los tiradores de nuestra comunidad de Rifle Silhouette. Aporte valor a nuestros tiradores<\/li>\n<\/ul>\n\n\n\n<p>Un elemento fundamental para que todo esto suceda es reconocer el duro trabajo y las contribuciones de aquellos que van m\u00e1s all\u00e1 de la norma para hacer de NASSA un \u00e9xito. Por eso, al principio de nuestro viaje, estamos estableciendo un Programa de Premios NASSA.<\/p>\n\n\n\n<hr class=\"wp-block-separator has-alpha-channel-opacity\">\n\n\n\n<div style=\"height:50px\" aria-hidden=\"true\" class=\"wp-block-spacer\"><\/div>\n\n\n\n<h2 class=\"has-text-align-center wp-block-heading\"><strong>Programa y administraci\u00f3n de los premios NASSA<\/strong><\/h2>\n\n\n\n<p>El objetivo de establecer un Programa de Premios NASSA es reconocer y recompensar a los clubes de rifle afiliados a Rifle Silhouette, organizaciones afines, nuestros socios de la industria o individuos por un acto, logro o servicios prestados que han contribuido directamente al crecimiento y sostenimiento de NASSA.  <\/p>\n\n\n\n<p>Para poder optar a un premio NASSA, el acto, logro o servicio debe representar en general un esfuerzo superior al que normalmente se espera de una organizaci\u00f3n o individuo y puede prolongarse durante un periodo de tiempo.<\/p>\n\n\n\n<p>Con el objetivo de que NASSA se convierta en una organizaci\u00f3n sin \u00e1nimo de lucro 501(c)(3) en el futuro, un <strong>Consejo de Administraci\u00f3n de NASSA<\/strong> administrar\u00eda dicho programa de premios. Dado que el Programa de Premios NASSA es algo que deseamos implantar cuanto antes, el <strong>Equipo de Implantaci\u00f3n de NASSA<\/strong> asumir\u00e1 la responsabilidad de poner en marcha este Programa de Premios NASSA.<\/p>\n\n\n\n<p>El Equipo de Implementaci\u00f3n de la <strong>NASSA<\/strong> nombrar\u00e1 a un voluntario como Presidente de un <strong>Comit\u00e9 de Premios al Servicio de la NASSA<\/strong>. El Presidente formar\u00e1 el comit\u00e9 con representantes de Canad\u00e1, M\u00e9xico y Estados Unidos. I<meta charset=\"utf-8\"><meta charset=\"utf-8\">Su objetivo es recopilar y presentar las candidaturas a los Premios al Servicio de la NASSA al Equipo de Implementaci\u00f3n de la NASSA. Cualquier miembro de NASSA puede nominar a otro club de rifle o individuo para un premio NASSA.  <\/p>\n\n\n\n<p>Antes de conceder cualquier premio al servicio, se crear\u00e1 un <strong>Manual de Premios al Servicio <\/strong>de NASSA para regir el Programa de Premios de NASSA. El Equipo de Implementaci\u00f3n de NASSA, en este \u00ednterin, ser\u00e1 el \u00fanico \u00f3rgano rector para determinar los beneficiarios finales de los premios y el nivel o tipo de premio que se conceder\u00e1.<\/p>\n\n\n\n<p class=\"has-text-align-center has-vivid-cyan-blue-color has-text-color\"><strong>Los siguientes Premios de Servicio NASSA se proponen en este momento y se describir\u00e1n con m\u00e1s detalle en el Manual de Premios de Servicio NASSA que se preparar\u00e1:<\/strong><\/p>\n\n\n\n<div style=\"height:20px\" aria-hidden=\"true\" class=\"wp-block-spacer\"><\/div>\n\n\n\n<h2 class=\"has-text-align-center wp-block-heading\"><strong>Medallas de servicio NASSA<\/strong><\/h2>\n\n\n\n<div class=\"wp-block-media-text alignwide is-stacked-on-mobile\" style=\"grid-template-columns:28% auto\"><figure class=\"wp-block-media-text__media\"><img loading=\"lazy\" decoding=\"async\" width=\"773\" height=\"1024\" src=\"https:\/\/nassasilhouette.org\/wp-content\/uploads\/2022\/01\/NASSA-Gold-Medal-773x1024.png\" alt=\"\" class=\"wp-image-9701 size-full\" srcset=\"https:\/\/nassasilhouette.org\/wp-content\/uploads\/2022\/01\/NASSA-Gold-Medal-773x1024.png 773w, https:\/\/nassasilhouette.org\/wp-content\/uploads\/2022\/01\/NASSA-Gold-Medal-227x300.png 227w, https:\/\/nassasilhouette.org\/wp-content\/uploads\/2022\/01\/NASSA-Gold-Medal-768x1017.png 768w, https:\/\/nassasilhouette.org\/wp-content\/uploads\/2022\/01\/NASSA-Gold-Medal-1160x1536.png 1160w, https:\/\/nassasilhouette.org\/wp-content\/uploads\/2022\/01\/NASSA-Gold-Medal.png 1443w\" sizes=\"auto, (max-width: 773px) 100vw, 773px\" \/><\/figure><div class=\"wp-block-media-text__content\">\n<p class=\"has-text-align-center has-medium-font-size\"><meta charset=\"utf-8\"><strong>MEDALLA AL SERVICIO DISTINGUIDO (DSM)<\/strong><\/p>\n\n\n\n<p><meta charset=\"utf-8\"><strong>La Medalla DSM de Oro<\/strong> puede ser otorgada a clubes afiliados a Rifle Silhouette, organizaciones afines, nuestros socios de la industria o individuos por un logro extraordinario o por un per\u00edodo de servicio particularmente distinguido a NASSA. Para justificar la concesi\u00f3n de la Medalla por Servicios Distinguidos, el logro o el periodo de servicio debe estar muy por encima de las expectativas normales y haber contribuido materialmente al \u00e9xito de la asociaci\u00f3n.  <\/p>\n<\/div><\/div>\n\n\n\n<hr class=\"wp-block-separator has-alpha-channel-opacity\">\n\n\n\n<div style=\"height:50px\" aria-hidden=\"true\" class=\"wp-block-spacer\"><\/div>\n\n\n\n<div class=\"wp-block-media-text alignwide is-stacked-on-mobile\" style=\"grid-template-columns:29% auto\"><figure class=\"wp-block-media-text__media\"><img loading=\"lazy\" decoding=\"async\" width=\"773\" height=\"1024\" src=\"https:\/\/nassasilhouette.org\/wp-content\/uploads\/2022\/01\/NASSA-Silver-Medal-773x1024.png\" alt=\"\" class=\"wp-image-9702 size-full\" srcset=\"https:\/\/nassasilhouette.org\/wp-content\/uploads\/2022\/01\/NASSA-Silver-Medal-773x1024.png 773w, https:\/\/nassasilhouette.org\/wp-content\/uploads\/2022\/01\/NASSA-Silver-Medal-227x300.png 227w, https:\/\/nassasilhouette.org\/wp-content\/uploads\/2022\/01\/NASSA-Silver-Medal-768x1017.png 768w, https:\/\/nassasilhouette.org\/wp-content\/uploads\/2022\/01\/NASSA-Silver-Medal-1160x1536.png 1160w, https:\/\/nassasilhouette.org\/wp-content\/uploads\/2022\/01\/NASSA-Silver-Medal.png 1443w\" sizes=\"auto, (max-width: 773px) 100vw, 773px\" \/><\/figure><div class=\"wp-block-media-text__content\">\n<p class=\"has-text-align-center has-medium-font-size\"><meta charset=\"utf-8\"><strong>MEDALLA AL M\u00c9RITO EN EL SERVICIO (MSM)<\/strong><\/p>\n\n\n\n<p><meta charset=\"utf-8\"><strong>La Medalla MSM de Plata<\/strong> puede concederse a clubes afiliados a Rifle Silhouette, a organizaciones afines, a nuestros socios del sector o a particulares por un logro excepcional o un periodo de servicio destacado a la Asociaci\u00f3n. Para justificar la concesi\u00f3n de la Medalla al M\u00e9rito en el Servicio, el logro o el periodo de servicio debe estar por encima de las expectativas normales y tener m\u00e9ritos suficientes para distinguir al miembro de aquellos en circunstancias similares, pero de un grado inferior al requerido para la concesi\u00f3n de la Medalla al M\u00e9rito en el Servicio (DSM).  <\/p>\n<\/div><\/div>\n\n\n\n<hr class=\"wp-block-separator has-alpha-channel-opacity\">\n\n\n\n<div style=\"height:50px\" aria-hidden=\"true\" class=\"wp-block-spacer\"><\/div>\n\n\n\n<div class=\"wp-block-media-text alignwide is-stacked-on-mobile\" style=\"grid-template-columns:28% auto\"><figure class=\"wp-block-media-text__media\"><img loading=\"lazy\" decoding=\"async\" width=\"773\" height=\"1024\" src=\"https:\/\/nassasilhouette.org\/wp-content\/uploads\/2022\/01\/NASSA-Bronze-Medal-773x1024.png\" alt=\"\" class=\"wp-image-9703 size-full\" srcset=\"https:\/\/nassasilhouette.org\/wp-content\/uploads\/2022\/01\/NASSA-Bronze-Medal-773x1024.png 773w, https:\/\/nassasilhouette.org\/wp-content\/uploads\/2022\/01\/NASSA-Bronze-Medal-227x300.png 227w, https:\/\/nassasilhouette.org\/wp-content\/uploads\/2022\/01\/NASSA-Bronze-Medal-768x1017.png 768w, https:\/\/nassasilhouette.org\/wp-content\/uploads\/2022\/01\/NASSA-Bronze-Medal-1160x1536.png 1160w, https:\/\/nassasilhouette.org\/wp-content\/uploads\/2022\/01\/NASSA-Bronze-Medal.png 1443w\" sizes=\"auto, (max-width: 773px) 100vw, 773px\" \/><\/figure><div class=\"wp-block-media-text__content\">\n<p class=\"has-medium-font-size\"><meta charset=\"utf-8\"><strong>MEDALLA DE RECONOCIMIENTO (CM)<\/strong><\/p>\n\n\n\n<p><meta charset=\"utf-8\"><strong>La Medalla CM de Bronce<\/strong> puede concederse a los clubes afiliados a Rifle Silhouette, a organizaciones afines, a nuestros socios industriales o a particulares por un acto particular o un periodo de servicio que haya beneficiado significativamente a la Asociaci\u00f3n, pero inferior al requerido para la concesi\u00f3n de la Medalla al M\u00e9rito en el Servicio (MSM).  <\/p>\n<\/div><\/div>\n\n\n\n<hr class=\"wp-block-separator has-alpha-channel-opacity\">\n\n\n\n<div style=\"height:50px\" aria-hidden=\"true\" class=\"wp-block-spacer\"><\/div>\n\n\n\n<h2 class=\"has-text-align-center wp-block-heading\">Galardonados con la Medalla al Servicio de NASSA<\/h2>\n\n\n\n<p>A continuaci\u00f3n se enumeran todos los galardonados con la Medalla al Servicio de NASSA. Dado que el programa acaba de arrancar, por el momento no se han concedido premios.<\/p>\n\n\n\n<div style=\"height:30px\" aria-hidden=\"true\" class=\"wp-block-spacer\"><\/div>\n\n\n\n<p><meta charset=\"utf-8\"><strong>MEDALLA DE ORO AL SERVICIO DISTINGUIDO (DSM)  <\/strong><\/p>\n\n\n\n<p>(Sin premios hasta la fecha)<\/p>\n\n\n\n<hr class=\"wp-block-separator has-alpha-channel-opacity\">\n\n\n\n<div style=\"height:30px\" aria-hidden=\"true\" class=\"wp-block-spacer\"><\/div>\n\n\n\n<p><meta charset=\"utf-8\"><strong><meta charset=\"utf-8\"><strong><meta charset=\"utf-8\"><strong><meta charset=\"utf-8\"><strong>MEDALLA DE PLATA AL M\u00c9RITO EN EL SERVICIO (MSM):  <\/strong><\/strong><\/strong><\/strong><\/p>\n\n\n\n<p>(Sin premios hasta la fecha)<\/p>\n\n\n\n<hr class=\"wp-block-separator has-alpha-channel-opacity\">\n\n\n\n<div style=\"height:30px\" aria-hidden=\"true\" class=\"wp-block-spacer\"><\/div>\n\n\n\n<p><meta charset=\"utf-8\"><strong>MEDALLA DE BRONCE AL M\u00c9RITO (CM)<\/strong>:<\/p>\n\n\n\n<p>(Sin premios hasta la fecha)<\/p>\n\n\n\n<hr class=\"wp-block-separator has-alpha-channel-opacity\">\n","protected":false},"excerpt":{"rendered":"<p>Voluntarios &#8211; La sangre vital de NASSA Muchas organizaciones sin \u00e1nimo de lucro se estancan y fracasan debido a que sus dirigentes subestiman la cantidad de recursos voluntarios necesarios y las alianzas y asociaciones necesarias para sostener su organizaci\u00f3n. La falta de un plan de sucesi\u00f3n tambi\u00e9n puede desbaratar los esfuerzos cuando no se pueden&hellip; <a class=\"more-link\" href=\"https:\/\/nassasilhouette.org\/es-mx\/sobre-nosotros\/premios-al-servicio-de-la-nassa\/\">Continue reading <span class=\"screen-reader-text\">Premios al servicio de la NASSA<\/span><\/a><\/p>\n","protected":false},"author":4,"featured_media":0,"parent":13848,"menu_order":0,"comment_status":"closed","ping_status":"closed","template":"","meta":{"_acf_changed":false,"footnotes":""},"class_list":["post-19483","page","type-page","status-publish","hentry","entry"],"acf":[],"rttpg_featured_image_url":null,"rttpg_author":{"display_name":"Chris Cawthorne","author_link":"https:\/\/nassasilhouette.org\/es-mx\/author\/cecawthorneyahoo-com\/"},"rttpg_comment":0,"rttpg_category":" <a href=\"https:\/\/nassasilhouette.org\/es-mx\/?taxonomy=translation_priority&#038;term=optional-es-mx\" rel=\"tag\">Optional<\/a>","rttpg_excerpt":"Voluntarios &#8211; La sangre vital de NASSA Muchas organizaciones sin \u00e1nimo de lucro se estancan y fracasan debido a que sus dirigentes subestiman la cantidad de recursos voluntarios necesarios y las alianzas y asociaciones necesarias para sostener su organizaci\u00f3n. La falta de un plan de sucesi\u00f3n tambi\u00e9n puede desbaratar los esfuerzos cuando no se pueden&hellip;&hellip;","_links":{"self":[{"href":"https:\/\/nassasilhouette.org\/es-mx\/wp-json\/wp\/v2\/pages\/19483","targetHints":{"allow":["GET"]}}],"collection":[{"href":"https:\/\/nassasilhouette.org\/es-mx\/wp-json\/wp\/v2\/pages"}],"about":[{"href":"https:\/\/nassasilhouette.org\/es-mx\/wp-json\/wp\/v2\/types\/page"}],"author":[{"embeddable":true,"href":"https:\/\/nassasilhouette.org\/es-mx\/wp-json\/wp\/v2\/users\/4"}],"replies":[{"embeddable":true,"href":"https:\/\/nassasilhouette.org\/es-mx\/wp-json\/wp\/v2\/comments?post=19483"}],"version-history":[{"count":0,"href":"https:\/\/nassasilhouette.org\/es-mx\/wp-json\/wp\/v2\/pages\/19483\/revisions"}],"up":[{"embeddable":true,"href":"https:\/\/nassasilhouette.org\/es-mx\/wp-json\/wp\/v2\/pages\/13848"}],"wp:attachment":[{"href":"https:\/\/nassasilhouette.org\/es-mx\/wp-json\/wp\/v2\/media?parent=19483"}],"curies":[{"name":"wp","href":"https:\/\/api.w.org\/{rel}","templated":true}]}}