{"id":19482,"date":"2022-01-03T14:11:18","date_gmt":"2022-01-03T20:11:18","guid":{"rendered":"https:\/\/nassasilhouette.org\/resultados-del-campeonato\/championship-results-database\/"},"modified":"2022-01-03T14:11:18","modified_gmt":"2022-01-03T20:11:18","slug":"championship-results-database","status":"publish","type":"page","link":"https:\/\/nassasilhouette.org\/es-mx\/resultados-del-campeonato\/championship-results-database\/","title":{"rendered":"Championship Results Database"},"content":{"rendered":"<div class=\"wp-block-image\">\n<figure class=\"aligncenter size-large\"><img loading=\"lazy\" decoding=\"async\" width=\"1024\" height=\"411\" src=\"https:\/\/nassasilhouette.org\/wp-content\/uploads\/2022\/01\/Championship-Results-Database-Banner-1024x411.png\" alt=\"\" class=\"wp-image-9873\" srcset=\"https:\/\/nassasilhouette.org\/wp-content\/uploads\/2022\/01\/Championship-Results-Database-Banner-1024x411.png 1024w, https:\/\/nassasilhouette.org\/wp-content\/uploads\/2022\/01\/Championship-Results-Database-Banner-300x120.png 300w, https:\/\/nassasilhouette.org\/wp-content\/uploads\/2022\/01\/Championship-Results-Database-Banner-768x308.png 768w, https:\/\/nassasilhouette.org\/wp-content\/uploads\/2022\/01\/Championship-Results-Database-Banner-1536x616.png 1536w, https:\/\/nassasilhouette.org\/wp-content\/uploads\/2022\/01\/Championship-Results-Database-Banner-2048x822.png 2048w\" sizes=\"auto, (max-width: 1024px) 100vw, 1024px\" \/><figcaption class=\"wp-element-caption\"><strong>Base de datos de rendimiento del lenguaje de consulta de b\u00fasqueda (SQL)<\/strong><\/figcaption><\/figure>\n<\/div>\n\n\n<div style=\"height:9px\" aria-hidden=\"true\" class=\"wp-block-spacer\"><\/div>\n\n\n\n<p>En un futuro pr\u00f3ximo, prevalecer\u00e1n los deportes de tiro que aprovechen la vanguardia de la tecnolog\u00eda digital. Ya lo estamos viendo con la utilizaci\u00f3n de aplicaciones en l\u00ednea y bases de datos asociadas para aumentar el atractivo de determinadas disciplinas de tiro. \u00a1Ya sabes qui\u00e9nes son!<\/p>\n\n\n\n<p>Dado que uno de los principales prop\u00f3sitos de NASSA es hacer crecer nuestro Deporte de Silueta con Rifle, no tenemos intenci\u00f3n de quedarnos al margen. Por lo tanto, una de las iniciativas estrat\u00e9gicas de la fase V de la NASSA es desarrollar nuestro propio software de vanguardia basado en aplicaciones, que incluir\u00e1 una base de datos de los resultados de los campeonatos de siluetas para el an\u00e1lisis del rendimiento.  <\/p>\n\n\n\n<div class=\"wp-block-media-text alignwide has-media-on-the-right is-stacked-on-mobile\" style=\"grid-template-columns:auto 52%\"><div class=\"wp-block-media-text__content\">\n<p>Aunque el Equipo de Implementaci\u00f3n de NASSA se ha centrado principalmente en el lanzamiento de NASSA en enero de 2023, hemos concentrado algunos de nuestros recursos en determinadas Iniciativas de la Fase V de NASSA relacionadas con el desarrollo de software de aplicaci\u00f3n espec\u00edfico.<\/p>\n<\/div><figure class=\"wp-block-media-text__media\"><img loading=\"lazy\" decoding=\"async\" width=\"1024\" height=\"693\" src=\"https:\/\/nassasilhouette.org\/wp-content\/uploads\/2022\/04\/NASSA-Digital-Tunnel-1-1024x693.png\" alt=\"\" class=\"wp-image-11136 size-full\" srcset=\"https:\/\/nassasilhouette.org\/wp-content\/uploads\/2022\/04\/NASSA-Digital-Tunnel-1-1024x693.png 1024w, https:\/\/nassasilhouette.org\/wp-content\/uploads\/2022\/04\/NASSA-Digital-Tunnel-1-300x203.png 300w, https:\/\/nassasilhouette.org\/wp-content\/uploads\/2022\/04\/NASSA-Digital-Tunnel-1-768x520.png 768w, https:\/\/nassasilhouette.org\/wp-content\/uploads\/2022\/04\/NASSA-Digital-Tunnel-1-1536x1039.png 1536w, https:\/\/nassasilhouette.org\/wp-content\/uploads\/2022\/04\/NASSA-Digital-Tunnel-1-2048x1386.png 2048w\" sizes=\"auto, (max-width: 1024px) 100vw, 1024px\" \/><\/figure><\/div>\n\n\n\n<p>Mario Hererra, nuestro nuevo Director de Desarrollo de Bases de Datos y Aplicaciones NASSA, dirigir\u00e1 este esfuerzo trabajando con Garin Hatch (Desarrollo de Sistemas Inform\u00e1ticos) y Chris Cawthorne (Sistemas de Ingenier\u00eda y Aplicaciones) en el Equipo de Implementaci\u00f3n NASSA. El trabajo de colaboraci\u00f3n con otros ya est\u00e1 en marcha y les mantendremos informados a trav\u00e9s de diversos comunicados de prensa de NASSA cuando llegue el momento oportuno.<\/p>\n","protected":false},"excerpt":{"rendered":"<p>En un futuro pr\u00f3ximo, prevalecer\u00e1n los deportes de tiro que aprovechen la vanguardia de la tecnolog\u00eda digital. Ya lo estamos viendo con la utilizaci\u00f3n de aplicaciones en l\u00ednea y bases de datos asociadas para aumentar el atractivo de determinadas disciplinas de tiro. \u00a1Ya sabes qui\u00e9nes son! Dado que uno de los principales prop\u00f3sitos de NASSA&hellip; <a class=\"more-link\" href=\"https:\/\/nassasilhouette.org\/es-mx\/resultados-del-campeonato\/championship-results-database\/\">Continue reading <span class=\"screen-reader-text\">Championship Results Database<\/span><\/a><\/p>\n","protected":false},"author":4,"featured_media":0,"parent":13850,"menu_order":0,"comment_status":"closed","ping_status":"closed","template":"","meta":{"_acf_changed":false,"footnotes":""},"class_list":["post-19482","page","type-page","status-publish","hentry","entry"],"acf":[],"rttpg_featured_image_url":null,"rttpg_author":{"display_name":"Chris Cawthorne","author_link":"https:\/\/nassasilhouette.org\/es-mx\/author\/cecawthorneyahoo-com\/"},"rttpg_comment":0,"rttpg_category":" <a href=\"https:\/\/nassasilhouette.org\/es-mx\/?taxonomy=translation_priority&#038;term=optional-es-mx\" rel=\"tag\">Optional<\/a>","rttpg_excerpt":"En un futuro pr\u00f3ximo, prevalecer\u00e1n los deportes de tiro que aprovechen la vanguardia de la tecnolog\u00eda digital. Ya lo estamos viendo con la utilizaci\u00f3n de aplicaciones en l\u00ednea y bases de datos asociadas para aumentar el atractivo de determinadas disciplinas de tiro. \u00a1Ya sabes qui\u00e9nes son! Dado que uno de los principales prop\u00f3sitos de NASSA&hellip;&hellip;","_links":{"self":[{"href":"https:\/\/nassasilhouette.org\/es-mx\/wp-json\/wp\/v2\/pages\/19482","targetHints":{"allow":["GET"]}}],"collection":[{"href":"https:\/\/nassasilhouette.org\/es-mx\/wp-json\/wp\/v2\/pages"}],"about":[{"href":"https:\/\/nassasilhouette.org\/es-mx\/wp-json\/wp\/v2\/types\/page"}],"author":[{"embeddable":true,"href":"https:\/\/nassasilhouette.org\/es-mx\/wp-json\/wp\/v2\/users\/4"}],"replies":[{"embeddable":true,"href":"https:\/\/nassasilhouette.org\/es-mx\/wp-json\/wp\/v2\/comments?post=19482"}],"version-history":[{"count":0,"href":"https:\/\/nassasilhouette.org\/es-mx\/wp-json\/wp\/v2\/pages\/19482\/revisions"}],"up":[{"embeddable":true,"href":"https:\/\/nassasilhouette.org\/es-mx\/wp-json\/wp\/v2\/pages\/13850"}],"wp:attachment":[{"href":"https:\/\/nassasilhouette.org\/es-mx\/wp-json\/wp\/v2\/media?parent=19482"}],"curies":[{"name":"wp","href":"https:\/\/api.w.org\/{rel}","templated":true}]}}