{"id":19480,"date":"2022-01-03T12:46:39","date_gmt":"2022-01-03T18:46:39","guid":{"rendered":"https:\/\/nassasilhouette.org\/sobre-nosotros\/afiliacion-a-la-nassa\/"},"modified":"2022-01-03T12:46:39","modified_gmt":"2022-01-03T18:46:39","slug":"afiliacion-a-la-nassa","status":"publish","type":"page","link":"https:\/\/nassasilhouette.org\/es-mx\/sobre-nosotros\/afiliacion-a-la-nassa\/","title":{"rendered":"Afiliaci\u00f3n a la NASSA"},"content":{"rendered":"<div class=\"wp-block-image\">\n<figure class=\"aligncenter size-large\"><img loading=\"lazy\" decoding=\"async\" width=\"1024\" height=\"363\" src=\"https:\/\/nassasilhouette.org\/wp-content\/uploads\/2022\/01\/Join-NASSA-Banner-1024x363.png\" alt=\"\" class=\"wp-image-9539\" srcset=\"https:\/\/nassasilhouette.org\/wp-content\/uploads\/2022\/01\/Join-NASSA-Banner-1024x363.png 1024w, https:\/\/nassasilhouette.org\/wp-content\/uploads\/2022\/01\/Join-NASSA-Banner-300x106.png 300w, https:\/\/nassasilhouette.org\/wp-content\/uploads\/2022\/01\/Join-NASSA-Banner-768x272.png 768w, https:\/\/nassasilhouette.org\/wp-content\/uploads\/2022\/01\/Join-NASSA-Banner-1536x545.png 1536w, https:\/\/nassasilhouette.org\/wp-content\/uploads\/2022\/01\/Join-NASSA-Banner-2048x726.png 2048w\" sizes=\"auto, (max-width: 1024px) 100vw, 1024px\" \/><\/figure>\n<\/div>\n\n\n<blockquote class=\"wp-block-quote has-text-align-center is-style-default is-layout-flow wp-block-quote-is-layout-flow\">\n<p><strong>&#8220;NASSA &#8211; Una asociaci\u00f3n construida por tiradores de silueta para tiradores de silueta&#8221;<\/strong><\/p>\n<\/blockquote>\n\n\n\n<p>Para obtener m\u00e1s informaci\u00f3n sobre c\u00f3mo puede afiliarse como <strong>Miembro Individual de NASSA<\/strong>, <strong>Miembro del Club NASSA<\/strong> o recibir un mayor reconocimiento como <strong>Patrocinador de la Industria de la Silueta<\/strong>, lea la siguiente informaci\u00f3n resumida a continuaci\u00f3n:  <\/p>\n\n\n\n<hr class=\"wp-block-separator has-alpha-channel-opacity\">\n\n\n\n<div style=\"height:9px\" aria-hidden=\"true\" class=\"wp-block-spacer\"><\/div>\n\n\n\n<h2 class=\"has-text-align-center wp-block-heading\"><strong>Tiradores norteamericanos individuales de rifle de silueta<\/strong><\/h2>\n\n\n<div class=\"wp-block-image\">\n<figure class=\"aligncenter size-large\"><img loading=\"lazy\" decoding=\"async\" width=\"1024\" height=\"346\" src=\"https:\/\/nassasilhouette.org\/wp-content\/uploads\/2022\/01\/Individual-membership-Banner-2-1024x346.png\" alt=\"\" class=\"wp-image-9541\" srcset=\"https:\/\/nassasilhouette.org\/wp-content\/uploads\/2022\/01\/Individual-membership-Banner-2-1024x346.png 1024w, https:\/\/nassasilhouette.org\/wp-content\/uploads\/2022\/01\/Individual-membership-Banner-2-300x101.png 300w, https:\/\/nassasilhouette.org\/wp-content\/uploads\/2022\/01\/Individual-membership-Banner-2-768x260.png 768w, https:\/\/nassasilhouette.org\/wp-content\/uploads\/2022\/01\/Individual-membership-Banner-2-1536x520.png 1536w, https:\/\/nassasilhouette.org\/wp-content\/uploads\/2022\/01\/Individual-membership-Banner-2-2048x693.png 2048w\" sizes=\"auto, (max-width: 1024px) 100vw, 1024px\" \/><\/figure>\n<\/div>\n\n\n<div style=\"height:5px\" aria-hidden=\"true\" class=\"wp-block-spacer\"><\/div>\n\n\n\n<p>Como tirador de Rifle Silueta en Norteam\u00e9rica, puedes inscribirte autom\u00e1ticamente como<strong> Miembro Individual de NASSA SIN COSTE ALGUNO PARA TI<\/strong>.  <\/p>\n\n\n\n<p>Lo \u00fanico que tienes que hacer es registrar tu nombre y tus datos de contacto en el sitio web de la NASSA para iniciar sesi\u00f3n en el foro. Toda esta informaci\u00f3n de contacto individual ser\u00e1 tratada confidencialmente.<\/p>\n\n\n\n<p>Por registrarse en el sitio web de NASSA, obtendr\u00e1 las siguientes ventajas:<\/p>\n\n\n\n<ul class=\"wp-block-list\">\n<li>La posibilidad de publicar y responder en nuestros foros NASSA.<\/li>\n<\/ul>\n\n\n\n<ul class=\"wp-block-list\">\n<li>Acceso futuro a funciones avanzadas que est\u00e1 desarrollando el equipo de implementaci\u00f3n de NASSA.<\/li>\n<\/ul>\n\n\n\n<ul class=\"wp-block-list\">\n<li>Utilizar los recursos de NASSA para hacer nuevos amigos y contactos de tiro de silueta en toda Am\u00e9rica del Norte.<\/li>\n<\/ul>\n\n\n\n<p class=\"has-black-color has-text-color\">Sobre este \u00faltimo beneficio, preg\u00fantele a un tirador de silueta competitivo mayor y experimentado qu\u00e9 es lo mejor de nuestro deporte de Silueta con Rifle y la respuesta m\u00e1s probable es <em>&#8220;Los maravillosos amigos que he hecho en los muchos a\u00f1os de tiro&#8221;. <\/em>Citando a un famoso atleta:  <meta charset=\"utf-8\"><\/p>\n\n\n\n<blockquote class=\"wp-block-quote has-text-align-center is-style-default is-layout-flow wp-block-quote-is-layout-flow\">\n<p>&#8220;Las amistades que nacen en el campo de la lucha atl\u00e9tica son el verdadero oro de la competici\u00f3n. Los premios se corroen, los amigos no acumulan polvo<\/p>\n<cite>Jesse Owens (ganador de cuatro medallas de oro), Juegos Ol\u00edmpicos de Berl\u00edn 1936<\/cite><\/blockquote>\n\n\n\n<p class=\"has-text-align-center has-vivid-cyan-blue-color has-text-color\"><strong>Si tiene alg\u00fan problema para registrarse, utilice el enlace CONT\u00c1CTENOS que aparece a continuaci\u00f3n.<\/strong><\/p>\n\n\n\n<div class=\"wp-block-buttons is-horizontal is-content-justification-center is-layout-flex wp-container-core-buttons-is-layout-499968f5 wp-block-buttons-is-layout-flex\">\n<div class=\"wp-block-button has-custom-font-size has-small-font-size\"><a class=\"wp-block-button__link has-vivid-cyan-blue-background-color has-background wp-element-button\" href=\"https:\/\/nassasilhouette.org\/about-us\/contact-us\/\"><strong>CONTACTAR CON NOSOTROS<\/strong><\/a><\/div>\n<\/div>\n\n\n\n<hr class=\"wp-block-separator has-alpha-channel-opacity\">\n\n\n\n<div style=\"height:30px\" aria-hidden=\"true\" class=\"wp-block-spacer\"><\/div>\n\n\n\n<h2 class=\"has-text-align-center wp-block-heading\"><strong>Clubes norteamericanos de rifle de silueta<\/strong><\/h2>\n\n\n\n<figure class=\"wp-block-gallery has-nested-images columns-default is-cropped wp-block-gallery-1 is-layout-flex wp-block-gallery-is-layout-flex\">\n<figure class=\"wp-block-image size-large\"><img loading=\"lazy\" decoding=\"async\" width=\"1024\" height=\"325\" data-id=\"9491\" src=\"https:\/\/nassasilhouette.org\/wp-content\/uploads\/2022\/01\/Silhouette-Clubs-Banner-2-1024x325.png\" alt=\"\" class=\"wp-image-9491\" srcset=\"https:\/\/nassasilhouette.org\/wp-content\/uploads\/2022\/01\/Silhouette-Clubs-Banner-2-1024x325.png 1024w, https:\/\/nassasilhouette.org\/wp-content\/uploads\/2022\/01\/Silhouette-Clubs-Banner-2-300x95.png 300w, https:\/\/nassasilhouette.org\/wp-content\/uploads\/2022\/01\/Silhouette-Clubs-Banner-2-768x244.png 768w, https:\/\/nassasilhouette.org\/wp-content\/uploads\/2022\/01\/Silhouette-Clubs-Banner-2-1536x488.png 1536w, https:\/\/nassasilhouette.org\/wp-content\/uploads\/2022\/01\/Silhouette-Clubs-Banner-2-2048x650.png 2048w\" sizes=\"auto, (max-width: 1024px) 100vw, 1024px\" \/><\/figure>\n<\/figure>\n\n\n\n<p>Si eres un club de silueta norteamericano que patrocina encuentros de rifle de silueta en High Power, Smallbore, Air Rifle y\/o Lever Action, puedes unirte como <strong>Miembro del Club NASSA SIN COSTE ALGUNO PARA TI<\/strong>.  <\/p>\n\n\n\n<p>Todo lo que tienes que hacer es ponerte en contacto con nosotros para incluir tu club y su perfil en nuestro enlace <strong>Regiones\/Clubes NASSA<\/strong>. Para ello, p\u00f3ngase en contacto con el Director Regional de NASSA de su zona o utilice el enlace &#8220;Contacte con nosotros&#8221; que aparece a continuaci\u00f3n.  <\/p>\n\n\n\n<p class=\"has-text-align-center has-vivid-cyan-blue-color has-text-color\"><strong>El Equipo de Implementaci\u00f3n de la NASSA y los reci\u00e9n nombrados Directores Regionales de la NASSA tambi\u00e9n se pondr\u00e1n en contacto de forma proactiva con los clubes de silueta mientras seguimos ampliando nuestro sitio web de la NASSA<\/strong>.<\/p>\n\n\n\n<p>Algunas de las ventajas de ser Miembro del Club NASSA son:<\/p>\n\n\n\n<ul class=\"wp-block-list\">\n<li>El nombre y el perfil de su club aparecer\u00e1n en el sitio web de NASSA para aumentar su visibilidad.<\/li>\n<\/ul>\n\n\n\n<ul class=\"wp-block-list\">\n<li>Sus pr\u00f3ximos Programas de Partidos de Campeonato y Resultados de Partidos de Campeonato listados en nuestra p\u00e1gina web para mejorar la asistencia a los partidos.<\/li>\n<\/ul>\n\n\n\n<ul class=\"wp-block-list\">\n<li>Los pr\u00f3ximos partidos de tu club aparecer\u00e1n en la p\u00e1gina web para aumentar la difusi\u00f3n y la asistencia (funci\u00f3n futura).<\/li>\n<\/ul>\n\n\n\n<ul class=\"wp-block-list\">\n<li>Iniciativas regionales de la NASSA que apoyan y benefician directa o indirectamente a su club local de silueta.<\/li>\n<\/ul>\n\n\n\n<ul class=\"wp-block-list\">\n<li>La satisfacci\u00f3n de ser parte integrante de algo m\u00e1s grande que un club individual de Rifle Silhouette.<\/li>\n<\/ul>\n\n\n\n<p class=\"has-text-align-center has-vivid-cyan-blue-color has-text-color\"><strong>Estamos trabajando para incluir a todos los clubes de siluetas en la lista. Si su club no aparece en la lista o su perfil no est\u00e1 completo, p\u00f3ngase en contacto con su Director Regional o con nosotros a trav\u00e9s del enlace CONT\u00c1CTENOS:<\/strong><\/p>\n\n\n\n<div class=\"wp-block-columns is-layout-flex wp-container-core-columns-is-layout-9d6595d7 wp-block-columns-is-layout-flex\">\n<div class=\"wp-block-column is-layout-flow wp-block-column-is-layout-flow\">\n<div class=\"wp-block-buttons is-content-justification-right is-layout-flex wp-container-core-buttons-is-layout-765c4724 wp-block-buttons-is-layout-flex\">\n<div class=\"wp-block-button aligncenter has-custom-font-size has-extra-small-font-size\"><a class=\"wp-block-button__link has-vivid-cyan-blue-background-color has-background wp-element-button\" href=\"https:\/\/nassasilhouette.org\/nassa-regions\/nassa-regional-coordinators\/(opens%20in%20a%20new%20tab)\"><strong>DIRECTORES REGIONALES DE NASSA<\/strong><\/a><\/div>\n<\/div>\n<\/div>\n\n\n\n<div class=\"wp-block-column is-layout-flow wp-block-column-is-layout-flow\">\n<div class=\"wp-block-buttons is-content-justification-left is-layout-flex wp-container-core-buttons-is-layout-fdcfc74e wp-block-buttons-is-layout-flex\">\n<div class=\"wp-block-button has-custom-font-size has-extra-small-font-size\"><a class=\"wp-block-button__link has-vivid-cyan-blue-background-color has-background wp-element-button\" href=\"https:\/\/nassasilhouette.org\/about-us\/contact-us\/\">CONTACTAR CON NOSOTROS<\/a><\/div>\n<\/div>\n<\/div>\n<\/div>\n\n\n\n<hr class=\"wp-block-separator has-alpha-channel-opacity\">\n\n\n\n<div style=\"height:50px\" aria-hidden=\"true\" class=\"wp-block-spacer\"><\/div>\n\n\n\n<h2 class=\"has-text-align-center wp-block-heading\"><strong>Tiradores mundiales de rifle de silueta<\/strong><\/h2>\n\n\n<div class=\"wp-block-image\">\n<figure class=\"aligncenter size-large\"><img loading=\"lazy\" decoding=\"async\" width=\"1024\" height=\"270\" src=\"https:\/\/nassasilhouette.org\/wp-content\/uploads\/2022\/01\/World-Wide-Shooters-Banner-1024x270.png\" alt=\"\" class=\"wp-image-9339\" srcset=\"https:\/\/nassasilhouette.org\/wp-content\/uploads\/2022\/01\/World-Wide-Shooters-Banner-1024x270.png 1024w, https:\/\/nassasilhouette.org\/wp-content\/uploads\/2022\/01\/World-Wide-Shooters-Banner-300x79.png 300w, https:\/\/nassasilhouette.org\/wp-content\/uploads\/2022\/01\/World-Wide-Shooters-Banner-768x203.png 768w, https:\/\/nassasilhouette.org\/wp-content\/uploads\/2022\/01\/World-Wide-Shooters-Banner-1536x405.png 1536w, https:\/\/nassasilhouette.org\/wp-content\/uploads\/2022\/01\/World-Wide-Shooters-Banner-2048x540.png 2048w\" sizes=\"auto, (max-width: 1024px) 100vw, 1024px\" \/><\/figure>\n<\/div>\n\n\n<div style=\"height:10px\" aria-hidden=\"true\" class=\"wp-block-spacer\"><\/div>\n\n\n\n<p>Los tiradores norteamericanos de Rifle <strong>Silueta<\/strong> comparten una gran cosa con nuestros hermanos tiradores de Silueta de todo el mundo &#8211; <strong>\u00a1Un gran amor por nuestro Deporte de Rifle Silueta!<\/strong> <\/p>\n\n\n\n<p>Aunque la afiliaci\u00f3n individual a la NASSA est\u00e1 reservada a los tiradores de silueta de rifle de Norteam\u00e9rica, te invitamos a seguirnos en nuestro viaje por la NASSA y a compartir el intercambio de informaci\u00f3n.  <\/p>\n\n\n\n<p>Puede registrarse en el sitio web de NASSA (pa\u00eds de origen requerido), lo que le permitir\u00e1 publicar y responder en nuestros foros de NASSA <strong>SIN COSTE ALGUNO PARA USTED.<\/strong><\/p>\n\n\n\n<p class=\"has-text-align-center has-vivid-cyan-blue-color has-text-color\"><strong>Si tiene problemas para registrarse, utilice el enlace CONT\u00c1CTENOS que aparece a continuaci\u00f3n<\/strong>:<\/p>\n\n\n\n<div class=\"wp-block-buttons is-horizontal is-content-justification-center is-layout-flex wp-container-core-buttons-is-layout-499968f5 wp-block-buttons-is-layout-flex\">\n<div class=\"wp-block-button has-custom-font-size has-small-font-size\"><a class=\"wp-block-button__link has-vivid-cyan-blue-background-color has-background wp-element-button\" href=\"https:\/\/nassasilhouette.org\/about-us\/contact-us\/\"><strong>CONTACTAR CON NOSOTROS<\/strong><\/a><\/div>\n<\/div>\n\n\n\n<hr class=\"wp-block-separator has-alpha-channel-opacity\">\n\n\n\n<div style=\"height:50px\" aria-hidden=\"true\" class=\"wp-block-spacer\"><\/div>\n\n\n\n<h2 class=\"has-text-align-center wp-block-heading\"><strong>Nuestros patrocinadores del sector de la silueta<\/strong><\/h2>\n\n\n<div class=\"wp-block-image\">\n<figure class=\"aligncenter size-large\"><img loading=\"lazy\" decoding=\"async\" width=\"1024\" height=\"335\" src=\"https:\/\/nassasilhouette.org\/wp-content\/uploads\/2022\/01\/Industry-Sponsors-Banner-1-1024x335.png\" alt=\"\" class=\"wp-image-9494\" srcset=\"https:\/\/nassasilhouette.org\/wp-content\/uploads\/2022\/01\/Industry-Sponsors-Banner-1-1024x335.png 1024w, https:\/\/nassasilhouette.org\/wp-content\/uploads\/2022\/01\/Industry-Sponsors-Banner-1-300x98.png 300w, https:\/\/nassasilhouette.org\/wp-content\/uploads\/2022\/01\/Industry-Sponsors-Banner-1-768x252.png 768w, https:\/\/nassasilhouette.org\/wp-content\/uploads\/2022\/01\/Industry-Sponsors-Banner-1-1536x503.png 1536w, https:\/\/nassasilhouette.org\/wp-content\/uploads\/2022\/01\/Industry-Sponsors-Banner-1-2048x671.png 2048w\" sizes=\"auto, (max-width: 1024px) 100vw, 1024px\" \/><\/figure>\n<\/div>\n\n\n<div style=\"height:10px\" aria-hidden=\"true\" class=\"wp-block-spacer\"><\/div>\n\n\n\n<p>Por \u00faltimo, pero no por ello menos importante, nuestros <strong>patrocinadores de la industria de la silueta<\/strong>. Tanto si eres un tirador de Silhouette que posee un peque\u00f1o negocio que suministra servicios\/productos a nuestro deporte como si eres una entidad corporativa m\u00e1s grande, eres un valioso socio de Silhouette y parte de nuestra familia NASSA.<\/p>\n\n\n\n<p><meta charset=\"utf-8\">Algunas de las ventajas de ser patrocinador industrial de Silhouette son:<\/p>\n\n\n\n<ul class=\"wp-block-list\">\n<li>Para nuestros patrocinadores de la industria de la silueta que continuamente proporcionan importantes donaciones de mesas de premios a los campeonatos norteamericanos, la reciprocidad de NASSA vendr\u00e1 en forma de publicidad gratuita en nuestro sitio web NASSA.<\/li>\n<\/ul>\n\n\n\n<ul class=\"wp-block-list\">\n<li>La publicidad se realizar\u00e1 en forma de promoci\u00f3n en nuestra p\u00e1gina de <strong>Enlaces <\/strong>y de banners con el logotipo de la marca (enlaces activos) que aparecer\u00e1n en todas las entradas del sitio web de NASSA.<\/li>\n<\/ul>\n\n\n\n<ul class=\"wp-block-list\">\n<li>Nuestras peque\u00f1as empresas y patrocinadores de la industria tambi\u00e9n son bienvenidos a publicar <strong>Blogs NASSA<\/strong> en nuestra <strong>Biblioteca T\u00e9cnica NASSA<\/strong> para discutir sus productos y\/o servicios desde una perspectiva t\u00e9cnica, siempre y cuando el contenido del blog contribuya al desarrollo t\u00e9cnico de nuestra comunidad de tiro.<\/li>\n<\/ul>\n\n\n\n<ul class=\"wp-block-list\">\n<li>NASSA tambi\u00e9n ha introducido un <strong>Silhouette &amp; Industry Newswire<\/strong> en nuestro enlace de noticias y multimedia. Si nos env\u00edas Notas de Prensa relacionadas con nuestro deporte Silueta Rifle, publicaremos r\u00e1pidamente tus notas de prensa en nuestro Silhouette &amp; Industry Newswire.<\/li>\n<\/ul>\n\n\n\n<p class=\"has-text-align-center has-vivid-cyan-blue-color has-text-color\"><strong>Si usted es un contribuyente habitual a nuestras Mesas de Premios de los Campeonatos y no ve su negocio en nuestra p\u00e1gina web o desea convertirse en un Donante de Premios de los Campeonatos, por favor, p\u00f3ngase en contacto con su Director Regional NASSA local o p\u00f3ngase en contacto con nosotros en el enlace de abajo para preguntar acerca de la publicidad de su negocio.<\/strong><\/p>\n\n\n\n<div class=\"wp-block-buttons is-horizontal is-content-justification-center is-layout-flex wp-container-core-buttons-is-layout-499968f5 wp-block-buttons-is-layout-flex\">\n<div class=\"wp-block-button has-custom-font-size has-small-font-size\"><a class=\"wp-block-button__link has-vivid-cyan-blue-background-color has-background wp-element-button\" href=\"https:\/\/nassasilhouette.org\/about-us\/contact-us\/\"><strong>CONTACTAR CON NOSOTROS<\/strong><\/a><\/div>\n<\/div>\n\n\n\n<hr class=\"wp-block-separator has-alpha-channel-opacity\">\n","protected":false},"excerpt":{"rendered":"<p>&#8220;NASSA &#8211; Una asociaci\u00f3n construida por tiradores de silueta para tiradores de silueta&#8221; Para obtener m\u00e1s informaci\u00f3n sobre c\u00f3mo puede afiliarse como Miembro Individual de NASSA, Miembro del Club NASSA o recibir un mayor reconocimiento como Patrocinador de la Industria de la Silueta, lea la siguiente informaci\u00f3n resumida a continuaci\u00f3n: Tiradores norteamericanos individuales de rifle&hellip; <a class=\"more-link\" href=\"https:\/\/nassasilhouette.org\/es-mx\/sobre-nosotros\/afiliacion-a-la-nassa\/\">Continue reading <span class=\"screen-reader-text\">Afiliaci\u00f3n a la NASSA<\/span><\/a><\/p>\n","protected":false},"author":4,"featured_media":0,"parent":13848,"menu_order":0,"comment_status":"closed","ping_status":"closed","template":"","meta":{"_acf_changed":false,"footnotes":""},"class_list":["post-19480","page","type-page","status-publish","hentry","entry"],"acf":[],"rttpg_featured_image_url":null,"rttpg_author":{"display_name":"Chris Cawthorne","author_link":"https:\/\/nassasilhouette.org\/es-mx\/author\/cecawthorneyahoo-com\/"},"rttpg_comment":0,"rttpg_category":" <a href=\"https:\/\/nassasilhouette.org\/es-mx\/?taxonomy=translation_priority&#038;term=optional-es-mx\" rel=\"tag\">Optional<\/a>","rttpg_excerpt":"&#8220;NASSA &#8211; Una asociaci\u00f3n construida por tiradores de silueta para tiradores de silueta&#8221; Para obtener m\u00e1s informaci\u00f3n sobre c\u00f3mo puede afiliarse como Miembro Individual de NASSA, Miembro del Club NASSA o recibir un mayor reconocimiento como Patrocinador de la Industria de la Silueta, lea la siguiente informaci\u00f3n resumida a continuaci\u00f3n: Tiradores norteamericanos individuales de rifle&hellip;&hellip;","_links":{"self":[{"href":"https:\/\/nassasilhouette.org\/es-mx\/wp-json\/wp\/v2\/pages\/19480","targetHints":{"allow":["GET"]}}],"collection":[{"href":"https:\/\/nassasilhouette.org\/es-mx\/wp-json\/wp\/v2\/pages"}],"about":[{"href":"https:\/\/nassasilhouette.org\/es-mx\/wp-json\/wp\/v2\/types\/page"}],"author":[{"embeddable":true,"href":"https:\/\/nassasilhouette.org\/es-mx\/wp-json\/wp\/v2\/users\/4"}],"replies":[{"embeddable":true,"href":"https:\/\/nassasilhouette.org\/es-mx\/wp-json\/wp\/v2\/comments?post=19480"}],"version-history":[{"count":0,"href":"https:\/\/nassasilhouette.org\/es-mx\/wp-json\/wp\/v2\/pages\/19480\/revisions"}],"up":[{"embeddable":true,"href":"https:\/\/nassasilhouette.org\/es-mx\/wp-json\/wp\/v2\/pages\/13848"}],"wp:attachment":[{"href":"https:\/\/nassasilhouette.org\/es-mx\/wp-json\/wp\/v2\/media?parent=19480"}],"curies":[{"name":"wp","href":"https:\/\/api.w.org\/{rel}","templated":true}]}}