{"id":19478,"date":"2022-01-03T20:04:48","date_gmt":"2022-01-04T02:04:48","guid":{"rendered":"https:\/\/nassasilhouette.org\/proximos-campeonatos\/proximos-campeonatos-archivos\/"},"modified":"2024-04-11T22:41:40","modified_gmt":"2024-04-12T03:41:40","slug":"proximos-campeonatos-archivos","status":"publish","type":"page","link":"https:\/\/nassasilhouette.org\/es-mx\/proximos-campeonatos\/proximos-campeonatos-archivos\/","title":{"rendered":"Pr\u00f3ximos campeonatos Archivos"},"content":{"rendered":"\n<p><meta charset=\"utf-8\"><strong>Todas las listas de los pr\u00f3ximos campeonatos de Canad\u00e1, M\u00e9xico y Estados Unidos se archivar\u00e1n aqu\u00ed a partir de 2022.  <\/strong>Esto continuar\u00e1 para los a\u00f1os siguientes (2023, 2024, 2025, etc.) en nuestras bases de datos para su referencia.  <\/p>\n\n\n\n<hr class=\"wp-block-separator has-alpha-channel-opacity\">\n\n\n\n<div style=\"height:50px\" aria-hidden=\"true\" class=\"wp-block-spacer\"><\/div>\n\n\n\n<h2 class=\"wp-block-heading has-text-align-center\"><strong>Pr\u00f3ximo Campeonato de Canad\u00e1 Archivos<\/strong><\/h2>\n\n\n\n<p class=\"has-black-color has-text-color\">Haga clic en el siguiente enlace para ver los partidos y programas archivados de los pr\u00f3ximos campeonatos de Canad\u00e1 de ese a\u00f1o:<\/p>\n\n\n\n<div class=\"wp-block-columns is-layout-flex wp-container-core-columns-is-layout-9d6595d7 wp-block-columns-is-layout-flex\">\n<div class=\"wp-block-column is-layout-flow wp-block-column-is-layout-flow\">\n<div class=\"wp-block-buttons is-content-justification-center is-layout-flex wp-container-core-buttons-is-layout-16018d1d wp-block-buttons-is-layout-flex\">\n<div class=\"wp-block-button has-custom-font-size has-extra-small-font-size\"><a class=\"wp-block-button__link has-vivid-cyan-blue-background-color has-background wp-element-button\" href=\"https:\/\/nassasilhouette.org\/championship-matches\/upcoming-championship-archives\/2022-canada-upcoming-championship-archive\/\"><strong>2022<\/strong><\/a><\/div>\n<\/div>\n<\/div>\n\n\n\n<div class=\"wp-block-column is-layout-flow wp-block-column-is-layout-flow\">\n<div class=\"wp-block-buttons is-content-justification-center is-layout-flex wp-container-core-buttons-is-layout-16018d1d wp-block-buttons-is-layout-flex\">\n<div class=\"wp-block-button has-custom-font-size is-style-fill has-extra-small-font-size\"><a class=\"wp-block-button__link has-background wp-element-button\" style=\"background-color:#0693e3\"><strong>2023<\/strong><\/a><\/div>\n<\/div>\n<\/div>\n\n\n\n<div class=\"wp-block-column is-layout-flow wp-block-column-is-layout-flow\">\n<div class=\"wp-block-buttons is-content-justification-center is-layout-flex wp-container-core-buttons-is-layout-16018d1d wp-block-buttons-is-layout-flex\">\n<div class=\"wp-block-button has-custom-font-size has-extra-small-font-size\"><a class=\"wp-block-button__link has-background wp-element-button\" style=\"background-color:#ee0707\"><strong>2024 (pendiente)<\/strong><\/a><\/div>\n<\/div>\n<\/div>\n<\/div>\n\n\n\n<hr class=\"wp-block-separator has-alpha-channel-opacity\">\n\n\n\n<div style=\"height:50px\" aria-hidden=\"true\" class=\"wp-block-spacer\"><\/div>\n\n\n\n<h2 class=\"wp-block-heading has-text-align-center\"><strong>Pr\u00f3ximo Campeonato de M\u00e9xico Archivos<\/strong><\/h2>\n\n\n\n<p class=\"has-black-color has-text-color\">Haga clic en el enlace de abajo para ver el archivo de los pr\u00f3ximos Campeonatos de M\u00e9xico de ese a\u00f1o en particular:<\/p>\n\n\n\n<div class=\"wp-block-columns is-layout-flex wp-container-core-columns-is-layout-9d6595d7 wp-block-columns-is-layout-flex\">\n<div class=\"wp-block-column is-layout-flow wp-block-column-is-layout-flow\">\n<div class=\"wp-block-file aligncenter\"><a id=\"wp-block-file--media-7d736e0f-bd54-4c32-8f04-bbbb0c2b400d\" href=\"https:\/\/nassasilhouette.org\/wp-content\/uploads\/2022\/02\/FEMETI-2022-Calendar.png\">FEMETI-2022-Calendario<\/a><a href=\"https:\/\/nassasilhouette.org\/wp-content\/uploads\/2022\/02\/FEMETI-2022-Calendar.png\" class=\"wp-block-file__button wp-element-button\" download=\"\" aria-describedby=\"wp-block-file--media-7d736e0f-bd54-4c32-8f04-bbbb0c2b400d\">Descargar<\/a><\/div>\n<\/div>\n\n\n\n<div class=\"wp-block-column is-layout-flow wp-block-column-is-layout-flow\">\n<p class=\"has-text-align-center has-text-color\" style=\"color:#eb0909\"><strong>2023 (pendiente)<\/strong><\/p>\n<\/div>\n\n\n\n<div class=\"wp-block-column is-layout-flow wp-block-column-is-layout-flow\">\n<p class=\"has-text-color\" style=\"color:#ef0a0a\"><strong>2024 (pendiente)<\/strong><\/p>\n<\/div>\n<\/div>\n\n\n\n<hr class=\"wp-block-separator has-alpha-channel-opacity\">\n\n\n\n<div style=\"height:50px\" aria-hidden=\"true\" class=\"wp-block-spacer\"><\/div>\n\n\n\n<h2 class=\"wp-block-heading has-text-align-center\"><strong>Pr\u00f3ximo Campeonato de EE.UU. Archivos<\/strong><\/h2>\n\n\n\n<p class=\"has-black-color has-text-color\">Haga clic en el siguiente enlace para ver los partidos y programas archivados de los pr\u00f3ximos campeonatos de EE.UU. de ese a\u00f1o en concreto:<\/p>\n\n\n\n<div class=\"wp-block-columns is-layout-flex wp-container-core-columns-is-layout-9d6595d7 wp-block-columns-is-layout-flex\">\n<div class=\"wp-block-column is-layout-flow wp-block-column-is-layout-flow\">\n<div class=\"wp-block-buttons is-content-justification-center is-layout-flex wp-container-core-buttons-is-layout-16018d1d wp-block-buttons-is-layout-flex\">\n<div class=\"wp-block-button has-custom-font-size has-extra-small-font-size\"><a class=\"wp-block-button__link has-vivid-cyan-blue-background-color has-background wp-element-button\" href=\"https:\/\/nassasilhouette.org\/championship-matches\/upcoming-championship-archives\/2022-usa-upcoming-championships-archive\/\"><strong>2022<\/strong><\/a><\/div>\n<\/div>\n<\/div>\n\n\n\n<div class=\"wp-block-column is-layout-flow wp-block-column-is-layout-flow\">\n<div class=\"wp-block-buttons is-content-justification-center is-layout-flex wp-container-core-buttons-is-layout-16018d1d wp-block-buttons-is-layout-flex\">\n<div class=\"wp-block-button has-custom-font-size is-style-fill has-extra-small-font-size\"><a class=\"wp-block-button__link has-background wp-element-button\" href=\"https:\/\/nassasilhouette.org\/championship-matches\/upcoming-championship-archives\/2023-usa-upcoming-championship-archives\/\" style=\"background-color:#0693e3\"><strong>2023<\/strong><\/a><\/div>\n<\/div>\n<\/div>\n\n\n\n<div class=\"wp-block-column is-layout-flow wp-block-column-is-layout-flow\">\n<div class=\"wp-block-buttons is-content-justification-center is-layout-flex wp-container-core-buttons-is-layout-8057eaf3 wp-block-buttons-is-layout-flex\">\n<div class=\"wp-block-button has-custom-font-size has-extra-small-font-size\"><a class=\"wp-block-button__link has-background wp-element-button\" style=\"background-color:#ee0707\"><strong>2024 (pendiente)<\/strong><\/a><\/div>\n<\/div>\n<\/div>\n<\/div>\n\n\n\n<hr class=\"wp-block-separator has-alpha-channel-opacity\">\n","protected":false},"excerpt":{"rendered":"<p>Todas las listas de los pr\u00f3ximos campeonatos de Canad\u00e1, M\u00e9xico y Estados Unidos se archivar\u00e1n aqu\u00ed a partir de 2022. Esto continuar\u00e1 para los a\u00f1os siguientes (2023, 2024, 2025, etc.) en nuestras bases de datos para su referencia. Pr\u00f3ximo Campeonato de Canad\u00e1 Archivos Haga clic en el siguiente enlace para ver los partidos y programas&hellip; <a class=\"more-link\" href=\"https:\/\/nassasilhouette.org\/es-mx\/proximos-campeonatos\/proximos-campeonatos-archivos\/\">Continue reading <span class=\"screen-reader-text\">Pr\u00f3ximos campeonatos Archivos<\/span><\/a><\/p>\n","protected":false},"author":4,"featured_media":0,"parent":13849,"menu_order":0,"comment_status":"closed","ping_status":"closed","template":"","meta":{"_acf_changed":false,"footnotes":""},"class_list":["post-19478","page","type-page","status-publish","hentry","entry"],"acf":[],"rttpg_featured_image_url":null,"rttpg_author":{"display_name":"Chris Cawthorne","author_link":"https:\/\/nassasilhouette.org\/es-mx\/author\/cecawthorneyahoo-com\/"},"rttpg_comment":0,"rttpg_category":" <a href=\"https:\/\/nassasilhouette.org\/es-mx\/?taxonomy=translation_priority&#038;term=optional-es-mx\" rel=\"tag\">Optional<\/a>","rttpg_excerpt":"Todas las listas de los pr\u00f3ximos campeonatos de Canad\u00e1, M\u00e9xico y Estados Unidos se archivar\u00e1n aqu\u00ed a partir de 2022. Esto continuar\u00e1 para los a\u00f1os siguientes (2023, 2024, 2025, etc.) en nuestras bases de datos para su referencia. Pr\u00f3ximo Campeonato de Canad\u00e1 Archivos Haga clic en el siguiente enlace para ver los partidos y programas&hellip;&hellip;","_links":{"self":[{"href":"https:\/\/nassasilhouette.org\/es-mx\/wp-json\/wp\/v2\/pages\/19478","targetHints":{"allow":["GET"]}}],"collection":[{"href":"https:\/\/nassasilhouette.org\/es-mx\/wp-json\/wp\/v2\/pages"}],"about":[{"href":"https:\/\/nassasilhouette.org\/es-mx\/wp-json\/wp\/v2\/types\/page"}],"author":[{"embeddable":true,"href":"https:\/\/nassasilhouette.org\/es-mx\/wp-json\/wp\/v2\/users\/4"}],"replies":[{"embeddable":true,"href":"https:\/\/nassasilhouette.org\/es-mx\/wp-json\/wp\/v2\/comments?post=19478"}],"version-history":[{"count":1,"href":"https:\/\/nassasilhouette.org\/es-mx\/wp-json\/wp\/v2\/pages\/19478\/revisions"}],"predecessor-version":[{"id":21239,"href":"https:\/\/nassasilhouette.org\/es-mx\/wp-json\/wp\/v2\/pages\/19478\/revisions\/21239"}],"up":[{"embeddable":true,"href":"https:\/\/nassasilhouette.org\/es-mx\/wp-json\/wp\/v2\/pages\/13849"}],"wp:attachment":[{"href":"https:\/\/nassasilhouette.org\/es-mx\/wp-json\/wp\/v2\/media?parent=19478"}],"curies":[{"name":"wp","href":"https:\/\/api.w.org\/{rel}","templated":true}]}}