{"id":19477,"date":"2022-12-04T17:09:17","date_gmt":"2022-12-04T23:09:17","guid":{"rendered":"https:\/\/nassasilhouette.org\/bayou-rifles-22lr-smallbore-silhouette-stand\/"},"modified":"2022-12-04T17:09:17","modified_gmt":"2022-12-04T23:09:17","slug":"bayou-rifles-22lr-smallbore-silhouette-stand","status":"publish","type":"page","link":"https:\/\/nassasilhouette.org\/es-mx\/biblioteca-tecnica-de-wigger\/iniciar-un-programa-de-siluetas\/bayou-rifles-22lr-smallbore-silhouette-stand\/","title":{"rendered":"Bayou Rifles .22lr Smallbore Silhouette Stand"},"content":{"rendered":"\n<p>Bayou Rifles Inc. (Houston, Texas) lleva m\u00e1s de 40 a\u00f1os utilizando este dise\u00f1o. Recientemente tuvieron que sustituir sus actuales puestos de tiro al blanco para pollos smllbore (tres puestos para un total de 6 estaciones en pollos) y encargaron estos planos para fabricar los puestos. Las gradas fueron fabricadas por una clase de taller de un instituto local, por lo que son una soluci\u00f3n relativamente f\u00e1cil y rentable tambi\u00e9n para otros clubes.  <\/p>\n\n\n\n<div class=\"wp-block-media-text alignwide is-stacked-on-mobile\" style=\"grid-template-columns:26% auto\"><figure class=\"wp-block-media-text__media\"><img loading=\"lazy\" decoding=\"async\" width=\"1024\" height=\"589\" src=\"https:\/\/nassasilhouette.org\/wp-content\/uploads\/2022\/12\/BRI-Target-Frame-Image-1024x589.jpg\" alt=\"\" class=\"wp-image-15116 size-full\" srcset=\"https:\/\/nassasilhouette.org\/wp-content\/uploads\/2022\/12\/BRI-Target-Frame-Image-1024x589.jpg 1024w, https:\/\/nassasilhouette.org\/wp-content\/uploads\/2022\/12\/BRI-Target-Frame-Image-300x173.jpg 300w, https:\/\/nassasilhouette.org\/wp-content\/uploads\/2022\/12\/BRI-Target-Frame-Image-768x442.jpg 768w, https:\/\/nassasilhouette.org\/wp-content\/uploads\/2022\/12\/BRI-Target-Frame-Image.jpg 1154w\" sizes=\"auto, (max-width: 1024px) 100vw, 1024px\" \/><\/figure><div class=\"wp-block-media-text__content\">\n<p>Dibujo esquem\u00e1tico terminado para un puesto de silueta .22lr de dos estaciones (10 animales por estaci\u00f3n)<\/p>\n<\/div><\/div>\n\n\n\n<hr class=\"wp-block-separator has-alpha-channel-opacity\">\n\n\n\n<h2 class=\"has-text-align-center wp-block-heading\"><strong>Planos de los componentes<\/strong><\/h2>\n\n\n\n<p>Todos los dibujos que aparecen a continuaci\u00f3n corresponden a las piezas necesarias para soldar y fabricar los soportes para dianas silueteadas de dos estaciones.<\/p>\n\n\n\n<h2 class=\"wp-block-heading\"><strong>Stand frontal<\/strong><\/h2>\n\n\n\n<div data-wp-interactive=\"core\/file\" class=\"wp-block-file\"><object data-wp-bind--hidden=\"!state.hasPdfPreview\" hidden class=\"wp-block-file__embed\" data=\"https:\/\/nassasilhouette.org\/wp-content\/uploads\/2022\/12\/Stand-Front-2.pdf\" type=\"application\/pdf\" style=\"width:100%;height:600px\" aria-label=\"Embed of Stand-Front.\"><\/object><a id=\"wp-block-file--media-5a8a4ffc-d219-4cd4-b7ac-5ca32153548b\" href=\"https:\/\/nassasilhouette.org\/wp-content\/uploads\/2022\/12\/Stand-Front-2.pdf\">Stand-Front<\/a><a href=\"https:\/\/nassasilhouette.org\/wp-content\/uploads\/2022\/12\/Stand-Front-2.pdf\" class=\"wp-block-file__button wp-element-button\" download=\"\" aria-describedby=\"wp-block-file--media-5a8a4ffc-d219-4cd4-b7ac-5ca32153548b\">Descargar<\/a><\/div>\n\n\n\n<h2 class=\"wp-block-heading\"><strong>Retroceder<\/strong><\/h2>\n\n\n\n<div data-wp-interactive=\"core\/file\" class=\"wp-block-file\"><object data-wp-bind--hidden=\"!state.hasPdfPreview\" hidden class=\"wp-block-file__embed\" data=\"https:\/\/nassasilhouette.org\/wp-content\/uploads\/2022\/12\/Stand-Back.pdf\" type=\"application\/pdf\" style=\"width:100%;height:600px\" aria-label=\"Embed of Stand-Back.\"><\/object><a id=\"wp-block-file--media-d35466fd-2689-465e-86fd-5b7124bee27f\" href=\"https:\/\/nassasilhouette.org\/wp-content\/uploads\/2022\/12\/Stand-Back.pdf\">Stand-Back<\/a><a href=\"https:\/\/nassasilhouette.org\/wp-content\/uploads\/2022\/12\/Stand-Back.pdf\" class=\"wp-block-file__button wp-element-button\" download=\"\" aria-describedby=\"wp-block-file--media-d35466fd-2689-465e-86fd-5b7124bee27f\">Descargar<\/a><\/div>\n\n\n\n<div data-wp-interactive=\"core\/file\" class=\"wp-block-file\"><object data-wp-bind--hidden=\"!state.hasPdfPreview\" hidden class=\"wp-block-file__embed\" data=\"https:\/\/nassasilhouette.org\/wp-content\/uploads\/2022\/12\/Side-Plate-1.pdf\" type=\"application\/pdf\" style=\"width:100%;height:600px\" aria-label=\"Embed of Side-Plate-1.\"><\/object><a id=\"wp-block-file--media-ae0d3422-71e2-4881-8657-28b1e1e3e4e2\" href=\"https:\/\/nassasilhouette.org\/wp-content\/uploads\/2022\/12\/Side-Plate-1.pdf\">Placa lateral-1<\/a><a href=\"https:\/\/nassasilhouette.org\/wp-content\/uploads\/2022\/12\/Side-Plate-1.pdf\" class=\"wp-block-file__button wp-element-button\" download=\"\" aria-describedby=\"wp-block-file--media-ae0d3422-71e2-4881-8657-28b1e1e3e4e2\">Descargar<\/a><\/div>\n\n\n\n<div data-wp-interactive=\"core\/file\" class=\"wp-block-file\"><object data-wp-bind--hidden=\"!state.hasPdfPreview\" hidden class=\"wp-block-file__embed\" data=\"https:\/\/nassasilhouette.org\/wp-content\/uploads\/2022\/12\/Sheet-2.pdf\" type=\"application\/pdf\" style=\"width:100%;height:600px\" aria-label=\"Embed of Sheet-2.\"><\/object><a id=\"wp-block-file--media-aa886563-79e5-4234-b210-50d8c277ca93\" href=\"https:\/\/nassasilhouette.org\/wp-content\/uploads\/2022\/12\/Sheet-2.pdf\">Hoja-2<\/a><a href=\"https:\/\/nassasilhouette.org\/wp-content\/uploads\/2022\/12\/Sheet-2.pdf\" class=\"wp-block-file__button wp-element-button\" download=\"\" aria-describedby=\"wp-block-file--media-aa886563-79e5-4234-b210-50d8c277ca93\">Descargar<\/a><\/div>\n\n\n\n<div data-wp-interactive=\"core\/file\" class=\"wp-block-file\"><object data-wp-bind--hidden=\"!state.hasPdfPreview\" hidden class=\"wp-block-file__embed\" data=\"https:\/\/nassasilhouette.org\/wp-content\/uploads\/2022\/12\/Screen.pdf\" type=\"application\/pdf\" style=\"width:100%;height:600px\" aria-label=\"Embed of Screen.\"><\/object><a id=\"wp-block-file--media-530f5ed4-6f36-4507-af59-16d983786873\" href=\"https:\/\/nassasilhouette.org\/wp-content\/uploads\/2022\/12\/Screen.pdf\">Pantalla<\/a><a href=\"https:\/\/nassasilhouette.org\/wp-content\/uploads\/2022\/12\/Screen.pdf\" class=\"wp-block-file__button wp-element-button\" download=\"\" aria-describedby=\"wp-block-file--media-530f5ed4-6f36-4507-af59-16d983786873\">Descargar<\/a><\/div>\n\n\n\n<div data-wp-interactive=\"core\/file\" class=\"wp-block-file\"><object data-wp-bind--hidden=\"!state.hasPdfPreview\" hidden class=\"wp-block-file__embed\" data=\"https:\/\/nassasilhouette.org\/wp-content\/uploads\/2022\/12\/L-Sheet-place.pdf\" type=\"application\/pdf\" style=\"width:100%;height:600px\" aria-label=\"Embed of L-Sheet-place.\"><\/object><a id=\"wp-block-file--media-6a2121eb-ef16-48f0-8cbf-70e761a07692\" href=\"https:\/\/nassasilhouette.org\/wp-content\/uploads\/2022\/12\/L-Sheet-place.pdf\">L-Sheet-place<\/a><a href=\"https:\/\/nassasilhouette.org\/wp-content\/uploads\/2022\/12\/L-Sheet-place.pdf\" class=\"wp-block-file__button wp-element-button\" download=\"\" aria-describedby=\"wp-block-file--media-6a2121eb-ef16-48f0-8cbf-70e761a07692\">Descargar<\/a><\/div>\n\n\n\n<div data-wp-interactive=\"core\/file\" class=\"wp-block-file\"><object data-wp-bind--hidden=\"!state.hasPdfPreview\" hidden class=\"wp-block-file__embed\" data=\"https:\/\/nassasilhouette.org\/wp-content\/uploads\/2022\/12\/Frame.pdf\" type=\"application\/pdf\" style=\"width:100%;height:600px\" aria-label=\"Embed of Frame.\"><\/object><a id=\"wp-block-file--media-bbec6797-d021-4e46-8d1b-133c2a7a49dc\" href=\"https:\/\/nassasilhouette.org\/wp-content\/uploads\/2022\/12\/Frame.pdf\">Marco<\/a><a href=\"https:\/\/nassasilhouette.org\/wp-content\/uploads\/2022\/12\/Frame.pdf\" class=\"wp-block-file__button wp-element-button\" download=\"\" aria-describedby=\"wp-block-file--media-bbec6797-d021-4e46-8d1b-133c2a7a49dc\">Descargar<\/a><\/div>\n\n\n\n<div data-wp-interactive=\"core\/file\" class=\"wp-block-file\"><object data-wp-bind--hidden=\"!state.hasPdfPreview\" hidden class=\"wp-block-file__embed\" data=\"https:\/\/nassasilhouette.org\/wp-content\/uploads\/2022\/12\/Block.pdf\" type=\"application\/pdf\" style=\"width:100%;height:600px\" aria-label=\"Embed of Block.\"><\/object><a id=\"wp-block-file--media-9db33d60-056c-44e4-b545-e2756ab350e0\" href=\"https:\/\/nassasilhouette.org\/wp-content\/uploads\/2022\/12\/Block.pdf\">Bloque<\/a><a href=\"https:\/\/nassasilhouette.org\/wp-content\/uploads\/2022\/12\/Block.pdf\" class=\"wp-block-file__button wp-element-button\" download=\"\" aria-describedby=\"wp-block-file--media-9db33d60-056c-44e4-b545-e2756ab350e0\">Descargar<\/a><\/div>\n\n\n\n<div data-wp-interactive=\"core\/file\" class=\"wp-block-file\"><object data-wp-bind--hidden=\"!state.hasPdfPreview\" hidden class=\"wp-block-file__embed\" data=\"https:\/\/nassasilhouette.org\/wp-content\/uploads\/2022\/12\/Block-Place.pdf\" type=\"application\/pdf\" style=\"width:100%;height:600px\" aria-label=\"Embed of Block-Place.\"><\/object><a id=\"wp-block-file--media-a3bf6437-9151-401b-a4e2-130d92bc45d1\" href=\"https:\/\/nassasilhouette.org\/wp-content\/uploads\/2022\/12\/Block-Place.pdf\">Block-Place<\/a><a href=\"https:\/\/nassasilhouette.org\/wp-content\/uploads\/2022\/12\/Block-Place.pdf\" class=\"wp-block-file__button wp-element-button\" download=\"\" aria-describedby=\"wp-block-file--media-a3bf6437-9151-401b-a4e2-130d92bc45d1\">Descargar<\/a><\/div>\n\n\n\n<div data-wp-interactive=\"core\/file\" class=\"wp-block-file\"><object data-wp-bind--hidden=\"!state.hasPdfPreview\" hidden class=\"wp-block-file__embed\" data=\"https:\/\/nassasilhouette.org\/wp-content\/uploads\/2022\/12\/Base-Place.pdf\" type=\"application\/pdf\" style=\"width:100%;height:600px\" aria-label=\"Embed of Base-Place.\"><\/object><a id=\"wp-block-file--media-1715b78a-d0ed-406e-bab9-d3d175c03477\" href=\"https:\/\/nassasilhouette.org\/wp-content\/uploads\/2022\/12\/Base-Place.pdf\">Base-Place<\/a><a href=\"https:\/\/nassasilhouette.org\/wp-content\/uploads\/2022\/12\/Base-Place.pdf\" class=\"wp-block-file__button wp-element-button\" download=\"\" aria-describedby=\"wp-block-file--media-1715b78a-d0ed-406e-bab9-d3d175c03477\">Descargar<\/a><\/div>\n\n\n\n<div data-wp-interactive=\"core\/file\" class=\"wp-block-file\"><object data-wp-bind--hidden=\"!state.hasPdfPreview\" hidden class=\"wp-block-file__embed\" data=\"https:\/\/nassasilhouette.org\/wp-content\/uploads\/2022\/12\/3L-120.pdf\" type=\"application\/pdf\" style=\"width:100%;height:600px\" aria-label=\"Embed of 3L-120.\"><\/object><a id=\"wp-block-file--media-1bce0ff2-911a-4f37-b48a-441cef24c849\" href=\"https:\/\/nassasilhouette.org\/wp-content\/uploads\/2022\/12\/3L-120.pdf\">3L-120<\/a><a href=\"https:\/\/nassasilhouette.org\/wp-content\/uploads\/2022\/12\/3L-120.pdf\" class=\"wp-block-file__button wp-element-button\" download=\"\" aria-describedby=\"wp-block-file--media-1bce0ff2-911a-4f37-b48a-441cef24c849\">Descargar<\/a><\/div>\n\n\n\n<div data-wp-interactive=\"core\/file\" class=\"wp-block-file\"><object data-wp-bind--hidden=\"!state.hasPdfPreview\" hidden class=\"wp-block-file__embed\" data=\"https:\/\/nassasilhouette.org\/wp-content\/uploads\/2022\/12\/3L-120-Cut-Top.pdf\" type=\"application\/pdf\" style=\"width:100%;height:600px\" aria-label=\"Embed of 3L-120-Cut-Top.\"><\/object><a id=\"wp-block-file--media-78c3091c-39cc-4a07-94cc-6f5718eb5b43\" href=\"https:\/\/nassasilhouette.org\/wp-content\/uploads\/2022\/12\/3L-120-Cut-Top.pdf\">3L-120-Cut-Top<\/a><a href=\"https:\/\/nassasilhouette.org\/wp-content\/uploads\/2022\/12\/3L-120-Cut-Top.pdf\" class=\"wp-block-file__button wp-element-button\" download=\"\" aria-describedby=\"wp-block-file--media-78c3091c-39cc-4a07-94cc-6f5718eb5b43\">Descargar<\/a><\/div>\n\n\n\n<div data-wp-interactive=\"core\/file\" class=\"wp-block-file\"><object data-wp-bind--hidden=\"!state.hasPdfPreview\" hidden class=\"wp-block-file__embed\" data=\"https:\/\/nassasilhouette.org\/wp-content\/uploads\/2022\/12\/3L-120-Cut-Btm.pdf\" type=\"application\/pdf\" style=\"width:100%;height:600px\" aria-label=\"Embed of 3L-120-Cut-Btm.\"><\/object><a id=\"wp-block-file--media-2f17d6b1-d5c8-452c-bc29-e797584263ba\" href=\"https:\/\/nassasilhouette.org\/wp-content\/uploads\/2022\/12\/3L-120-Cut-Btm.pdf\">3L-120-Corte-Btm<\/a><a href=\"https:\/\/nassasilhouette.org\/wp-content\/uploads\/2022\/12\/3L-120-Cut-Btm.pdf\" class=\"wp-block-file__button wp-element-button\" download=\"\" aria-describedby=\"wp-block-file--media-2f17d6b1-d5c8-452c-bc29-e797584263ba\">Descargar<\/a><\/div>\n\n\n\n<div data-wp-interactive=\"core\/file\" class=\"wp-block-file\"><object data-wp-bind--hidden=\"!state.hasPdfPreview\" hidden class=\"wp-block-file__embed\" data=\"https:\/\/nassasilhouette.org\/wp-content\/uploads\/2022\/12\/2x2-124.pdf\" type=\"application\/pdf\" style=\"width:100%;height:600px\" aria-label=\"Embed of 2x2-124.\"><\/object><a id=\"wp-block-file--media-6f5e81b6-28ca-486f-adde-fe681c7b1645\" href=\"https:\/\/nassasilhouette.org\/wp-content\/uploads\/2022\/12\/2x2-124.pdf\">2&#215;2-124<\/a><a href=\"https:\/\/nassasilhouette.org\/wp-content\/uploads\/2022\/12\/2x2-124.pdf\" class=\"wp-block-file__button wp-element-button\" download=\"\" aria-describedby=\"wp-block-file--media-6f5e81b6-28ca-486f-adde-fe681c7b1645\">Descargar<\/a><\/div>\n\n\n\n<div data-wp-interactive=\"core\/file\" class=\"wp-block-file\"><object data-wp-bind--hidden=\"!state.hasPdfPreview\" hidden class=\"wp-block-file__embed\" data=\"https:\/\/nassasilhouette.org\/wp-content\/uploads\/2022\/12\/2x2-120.pdf\" type=\"application\/pdf\" style=\"width:100%;height:600px\" aria-label=\"Embed of 2x2-120.\"><\/object><a id=\"wp-block-file--media-f4376526-2850-4f9e-a1e1-d493e9cf4f6c\" href=\"https:\/\/nassasilhouette.org\/wp-content\/uploads\/2022\/12\/2x2-120.pdf\">2&#215;2-120<\/a><a href=\"https:\/\/nassasilhouette.org\/wp-content\/uploads\/2022\/12\/2x2-120.pdf\" class=\"wp-block-file__button wp-element-button\" download=\"\" aria-describedby=\"wp-block-file--media-f4376526-2850-4f9e-a1e1-d493e9cf4f6c\">Descargar<\/a><\/div>\n\n\n\n<div data-wp-interactive=\"core\/file\" class=\"wp-block-file\"><object data-wp-bind--hidden=\"!state.hasPdfPreview\" hidden class=\"wp-block-file__embed\" data=\"https:\/\/nassasilhouette.org\/wp-content\/uploads\/2022\/12\/2x2-116.pdf\" type=\"application\/pdf\" style=\"width:100%;height:600px\" aria-label=\"Embed of 2x2-116.\"><\/object><a id=\"wp-block-file--media-f71c6d59-5e19-47b3-b6bc-448a7f5487b2\" href=\"https:\/\/nassasilhouette.org\/wp-content\/uploads\/2022\/12\/2x2-116.pdf\">2&#215;2-116<\/a><a href=\"https:\/\/nassasilhouette.org\/wp-content\/uploads\/2022\/12\/2x2-116.pdf\" class=\"wp-block-file__button wp-element-button\" download=\"\" aria-describedby=\"wp-block-file--media-f71c6d59-5e19-47b3-b6bc-448a7f5487b2\">Descargar<\/a><\/div>\n\n\n\n<div data-wp-interactive=\"core\/file\" class=\"wp-block-file\"><object data-wp-bind--hidden=\"!state.hasPdfPreview\" hidden class=\"wp-block-file__embed\" data=\"https:\/\/nassasilhouette.org\/wp-content\/uploads\/2022\/12\/2x2-46.pdf\" type=\"application\/pdf\" style=\"width:100%;height:600px\" aria-label=\"Embed of 2x2-46.\"><\/object><a id=\"wp-block-file--media-28a1f79d-2238-492d-95b9-1eb9200a7173\" href=\"https:\/\/nassasilhouette.org\/wp-content\/uploads\/2022\/12\/2x2-46.pdf\">2&#215;2-46<\/a><a href=\"https:\/\/nassasilhouette.org\/wp-content\/uploads\/2022\/12\/2x2-46.pdf\" class=\"wp-block-file__button wp-element-button\" download=\"\" aria-describedby=\"wp-block-file--media-28a1f79d-2238-492d-95b9-1eb9200a7173\">Descargar<\/a><\/div>\n\n\n\n<div data-wp-interactive=\"core\/file\" class=\"wp-block-file\"><object data-wp-bind--hidden=\"!state.hasPdfPreview\" hidden class=\"wp-block-file__embed\" data=\"https:\/\/nassasilhouette.org\/wp-content\/uploads\/2022\/12\/2x2-40.pdf\" type=\"application\/pdf\" style=\"width:100%;height:600px\" aria-label=\"Embed of 2x2-40.\"><\/object><a id=\"wp-block-file--media-03e1d6ca-b762-4bd2-b374-f4744b2ff380\" href=\"https:\/\/nassasilhouette.org\/wp-content\/uploads\/2022\/12\/2x2-40.pdf\">2&#215;2-40<\/a><a href=\"https:\/\/nassasilhouette.org\/wp-content\/uploads\/2022\/12\/2x2-40.pdf\" class=\"wp-block-file__button wp-element-button\" download=\"\" aria-describedby=\"wp-block-file--media-03e1d6ca-b762-4bd2-b374-f4744b2ff380\">Descargar<\/a><\/div>\n\n\n\n<div data-wp-interactive=\"core\/file\" class=\"wp-block-file\"><object data-wp-bind--hidden=\"!state.hasPdfPreview\" hidden class=\"wp-block-file__embed\" data=\"https:\/\/nassasilhouette.org\/wp-content\/uploads\/2022\/12\/2x2-32.pdf\" type=\"application\/pdf\" style=\"width:100%;height:600px\" aria-label=\"Embed of 2x2-32.\"><\/object><a id=\"wp-block-file--media-66f25835-5e18-499d-9e93-4445706cea89\" href=\"https:\/\/nassasilhouette.org\/wp-content\/uploads\/2022\/12\/2x2-32.pdf\">2&#215;2-32<\/a><a href=\"https:\/\/nassasilhouette.org\/wp-content\/uploads\/2022\/12\/2x2-32.pdf\" class=\"wp-block-file__button wp-element-button\" download=\"\" aria-describedby=\"wp-block-file--media-66f25835-5e18-499d-9e93-4445706cea89\">Descargar<\/a><\/div>\n\n\n\n<div data-wp-interactive=\"core\/file\" class=\"wp-block-file\"><object data-wp-bind--hidden=\"!state.hasPdfPreview\" hidden class=\"wp-block-file__embed\" data=\"https:\/\/nassasilhouette.org\/wp-content\/uploads\/2022\/12\/2x2-15.pdf\" type=\"application\/pdf\" style=\"width:100%;height:600px\" aria-label=\"Embed of 2x2-15.\"><\/object><a id=\"wp-block-file--media-3ec4b86d-7e5e-417b-8c9f-8c7802e1a790\" href=\"https:\/\/nassasilhouette.org\/wp-content\/uploads\/2022\/12\/2x2-15.pdf\">2&#215;2-15<\/a><a href=\"https:\/\/nassasilhouette.org\/wp-content\/uploads\/2022\/12\/2x2-15.pdf\" class=\"wp-block-file__button wp-element-button\" download=\"\" aria-describedby=\"wp-block-file--media-3ec4b86d-7e5e-417b-8c9f-8c7802e1a790\">Descargar<\/a><\/div>\n\n\n\n<div data-wp-interactive=\"core\/file\" class=\"wp-block-file\"><object data-wp-bind--hidden=\"!state.hasPdfPreview\" hidden class=\"wp-block-file__embed\" data=\"https:\/\/nassasilhouette.org\/wp-content\/uploads\/2022\/12\/2x2-10.pdf\" type=\"application\/pdf\" style=\"width:100%;height:600px\" aria-label=\"Embed of 2x2-10.\"><\/object><a id=\"wp-block-file--media-5d0be695-6c4e-470a-9aa5-8c7b80784fb8\" href=\"https:\/\/nassasilhouette.org\/wp-content\/uploads\/2022\/12\/2x2-10.pdf\">2&#215;2-10<\/a><a href=\"https:\/\/nassasilhouette.org\/wp-content\/uploads\/2022\/12\/2x2-10.pdf\" class=\"wp-block-file__button wp-element-button\" download=\"\" aria-describedby=\"wp-block-file--media-5d0be695-6c4e-470a-9aa5-8c7b80784fb8\">Descargar<\/a><\/div>\n\n\n\n<div data-wp-interactive=\"core\/file\" class=\"wp-block-file\"><object data-wp-bind--hidden=\"!state.hasPdfPreview\" hidden class=\"wp-block-file__embed\" data=\"https:\/\/nassasilhouette.org\/wp-content\/uploads\/2022\/12\/1x1-17.pdf\" type=\"application\/pdf\" style=\"width:100%;height:600px\" aria-label=\"Embed of 1x1-17.\"><\/object><a id=\"wp-block-file--media-551411de-ae80-4c02-bd34-62692aecc8ae\" href=\"https:\/\/nassasilhouette.org\/wp-content\/uploads\/2022\/12\/1x1-17.pdf\">1&#215;1-17<\/a><a href=\"https:\/\/nassasilhouette.org\/wp-content\/uploads\/2022\/12\/1x1-17.pdf\" class=\"wp-block-file__button wp-element-button\" download=\"\" aria-describedby=\"wp-block-file--media-551411de-ae80-4c02-bd34-62692aecc8ae\">Descargar<\/a><\/div>\n\n\n\n<div data-wp-interactive=\"core\/file\" class=\"wp-block-file\"><object data-wp-bind--hidden=\"!state.hasPdfPreview\" hidden class=\"wp-block-file__embed\" data=\"https:\/\/nassasilhouette.org\/wp-content\/uploads\/2022\/12\/1x1-10.pdf\" type=\"application\/pdf\" style=\"width:100%;height:600px\" aria-label=\"Embed of 1x1-10.\"><\/object><a id=\"wp-block-file--media-f51dec05-8dc8-45dd-aa54-a70139f4fb20\" href=\"https:\/\/nassasilhouette.org\/wp-content\/uploads\/2022\/12\/1x1-10.pdf\">1&#215;1-10<\/a><a href=\"https:\/\/nassasilhouette.org\/wp-content\/uploads\/2022\/12\/1x1-10.pdf\" class=\"wp-block-file__button wp-element-button\" download=\"\" aria-describedby=\"wp-block-file--media-f51dec05-8dc8-45dd-aa54-a70139f4fb20\">Descargar<\/a><\/div>\n","protected":false},"excerpt":{"rendered":"<p>Bayou Rifles Inc. (Houston, Texas) lleva m\u00e1s de 40 a\u00f1os utilizando este dise\u00f1o. Recientemente tuvieron que sustituir sus actuales puestos de tiro al blanco para pollos smllbore (tres puestos para un total de 6 estaciones en pollos) y encargaron estos planos para fabricar los puestos. Las gradas fueron fabricadas por una clase de taller de&hellip; <a class=\"more-link\" href=\"https:\/\/nassasilhouette.org\/es-mx\/biblioteca-tecnica-de-wigger\/iniciar-un-programa-de-siluetas\/bayou-rifles-22lr-smallbore-silhouette-stand\/\">Continue reading <span class=\"screen-reader-text\">Bayou Rifles .22lr Smallbore Silhouette Stand<\/span><\/a><\/p>\n","protected":false},"author":4,"featured_media":0,"parent":19559,"menu_order":0,"comment_status":"closed","ping_status":"closed","template":"","meta":{"_acf_changed":false,"footnotes":""},"class_list":["post-19477","page","type-page","status-publish","hentry","entry"],"acf":[],"rttpg_featured_image_url":null,"rttpg_author":{"display_name":"Chris Cawthorne","author_link":"https:\/\/nassasilhouette.org\/es-mx\/author\/cecawthorneyahoo-com\/"},"rttpg_comment":0,"rttpg_category":" <a href=\"https:\/\/nassasilhouette.org\/es-mx\/?taxonomy=translation_priority&#038;term=optional-es-mx\" rel=\"tag\">Optional<\/a>","rttpg_excerpt":"Bayou Rifles Inc. (Houston, Texas) lleva m\u00e1s de 40 a\u00f1os utilizando este dise\u00f1o. Recientemente tuvieron que sustituir sus actuales puestos de tiro al blanco para pollos smllbore (tres puestos para un total de 6 estaciones en pollos) y encargaron estos planos para fabricar los puestos. Las gradas fueron fabricadas por una clase de taller de&hellip;&hellip;","_links":{"self":[{"href":"https:\/\/nassasilhouette.org\/es-mx\/wp-json\/wp\/v2\/pages\/19477","targetHints":{"allow":["GET"]}}],"collection":[{"href":"https:\/\/nassasilhouette.org\/es-mx\/wp-json\/wp\/v2\/pages"}],"about":[{"href":"https:\/\/nassasilhouette.org\/es-mx\/wp-json\/wp\/v2\/types\/page"}],"author":[{"embeddable":true,"href":"https:\/\/nassasilhouette.org\/es-mx\/wp-json\/wp\/v2\/users\/4"}],"replies":[{"embeddable":true,"href":"https:\/\/nassasilhouette.org\/es-mx\/wp-json\/wp\/v2\/comments?post=19477"}],"version-history":[{"count":0,"href":"https:\/\/nassasilhouette.org\/es-mx\/wp-json\/wp\/v2\/pages\/19477\/revisions"}],"up":[{"embeddable":true,"href":"https:\/\/nassasilhouette.org\/es-mx\/wp-json\/wp\/v2\/pages\/19559"}],"wp:attachment":[{"href":"https:\/\/nassasilhouette.org\/es-mx\/wp-json\/wp\/v2\/media?parent=19477"}],"curies":[{"name":"wp","href":"https:\/\/api.w.org\/{rel}","templated":true}]}}