{"id":19476,"date":"2022-01-03T12:49:00","date_gmt":"2022-01-03T18:49:00","guid":{"rendered":"https:\/\/nassasilhouette.org\/sobre-nosotros\/programas-para-jovenes-de-la-nassa\/"},"modified":"2022-01-03T12:49:00","modified_gmt":"2022-01-03T18:49:00","slug":"programas-para-jovenes-de-la-nassa","status":"publish","type":"page","link":"https:\/\/nassasilhouette.org\/es-mx\/sobre-nosotros\/programas-para-jovenes-de-la-nassa\/","title":{"rendered":"Programas para j\u00f3venes de la NASSA"},"content":{"rendered":"<div class=\"wp-block-image\">\n<figure class=\"aligncenter size-large\"><img loading=\"lazy\" decoding=\"async\" width=\"1024\" height=\"415\" src=\"https:\/\/nassasilhouette.org\/wp-content\/uploads\/2022\/03\/NASSA-Youth-Programs-Banner-2-1-1024x415.png\" alt=\"\" class=\"wp-image-10842\" srcset=\"https:\/\/nassasilhouette.org\/wp-content\/uploads\/2022\/03\/NASSA-Youth-Programs-Banner-2-1-1024x415.png 1024w, https:\/\/nassasilhouette.org\/wp-content\/uploads\/2022\/03\/NASSA-Youth-Programs-Banner-2-1-300x121.png 300w, https:\/\/nassasilhouette.org\/wp-content\/uploads\/2022\/03\/NASSA-Youth-Programs-Banner-2-1-768x311.png 768w, https:\/\/nassasilhouette.org\/wp-content\/uploads\/2022\/03\/NASSA-Youth-Programs-Banner-2-1-1536x622.png 1536w, https:\/\/nassasilhouette.org\/wp-content\/uploads\/2022\/03\/NASSA-Youth-Programs-Banner-2-1-2048x829.png 2048w\" sizes=\"auto, (max-width: 1024px) 100vw, 1024px\" \/><\/figure>\n<\/div>\n\n\n<p>Ninguna misi\u00f3n para NASSA es m\u00e1s importante que desarrollar iniciativas para atraer a m\u00e1s j\u00f3venes a participar y destacar en nuestras disciplinas de Rifle Silueta. En los pr\u00f3ximos meses, el <strong>Equipo de Implementaci\u00f3n de NASSA<\/strong> y nuestros reci\u00e9n nombrados <strong>Directores Regionales de NASSA<\/strong> se centrar\u00e1n m\u00e1s en la conceptualizaci\u00f3n, el desarrollo y el lanzamiento de <strong>Programas Juveniles<\/strong> espec\u00edficos de <strong>NASSA<\/strong>.<\/p>\n\n\n\n<div class=\"wp-block-media-text alignwide is-stacked-on-mobile\" style=\"grid-template-columns:26% auto\"><figure class=\"wp-block-media-text__media\"><img loading=\"lazy\" decoding=\"async\" width=\"521\" height=\"1024\" src=\"https:\/\/nassasilhouette.org\/wp-content\/uploads\/2022\/04\/Garin-Son-2-521x1024.png\" alt=\"\" class=\"wp-image-10892 size-full\" srcset=\"https:\/\/nassasilhouette.org\/wp-content\/uploads\/2022\/04\/Garin-Son-2-521x1024.png 521w, https:\/\/nassasilhouette.org\/wp-content\/uploads\/2022\/04\/Garin-Son-2-153x300.png 153w, https:\/\/nassasilhouette.org\/wp-content\/uploads\/2022\/04\/Garin-Son-2-768x1510.png 768w, https:\/\/nassasilhouette.org\/wp-content\/uploads\/2022\/04\/Garin-Son-2-781x1536.png 781w, https:\/\/nassasilhouette.org\/wp-content\/uploads\/2022\/04\/Garin-Son-2-1042x2048.png 1042w, https:\/\/nassasilhouette.org\/wp-content\/uploads\/2022\/04\/Garin-Son-2.png 1925w\" sizes=\"auto, (max-width: 521px) 100vw, 521px\" \/><\/figure><div class=\"wp-block-media-text__content\">\n<p>Que conste que no se nos ocurre una experiencia m\u00e1s gratificante y que merezca m\u00e1s la pena que trabajar junto a nuestros tiradores de silueta de rifle junior. A trav\u00e9s de nuestros esfuerzos combinados, estos tiradores junior pueden aprender seguridad responsable con las armas de fuego e importantes habilidades para la vida, como la fijaci\u00f3n de objetivos, la construcci\u00f3n de una fuerte autoestima y el liderazgo.<\/p>\n\n\n\n<p>El Equipo de Implementaci\u00f3n de la NASSA no se hace ilusiones sobre el tiempo y el duro trabajo que llevar\u00e1 atraer y retener a m\u00e1s tiradores junior. Sencillamente, no vamos a aceptar ning\u00fan pesimismo en la consecuci\u00f3n de nuestros objetivos declarados. Esto tambi\u00e9n requerir\u00e1 que reclutemos m\u00e1s voluntarios adultos para ayudar a nuestros Directores Regionales de NASSA en sus respectivas regiones.<\/p>\n\n\n\n<p>Informaremos peri\u00f3dicamente a los miembros de NASSA sobre el Programa NASAA para J\u00f3venes.<strong><em> <\/em><\/strong>que se est\u00e1n poniendo a prueba en determinadas regiones de la NASSA. El equipo de implantaci\u00f3n de la NASSA<strong><em> <\/em><\/strong>tambi\u00e9n servir\u00e1 de referencia a los clubes de tiro de Canad\u00e1, M\u00e9xico y EE.UU. que tienen cierto nivel de \u00e9xito en sus programas juveniles. Cuando haya m\u00e1s Directores Regionales de la NASSA, estaremos en mejores condiciones para potenciar sin\u00e9rgicamente nuestros programas piloto para j\u00f3venes en toda Norteam\u00e9rica.<\/p>\n<\/div><\/div>\n\n\n\n<p class=\"has-text-align-center has-vivid-cyan-blue-color has-text-color\"><strong>Si deseas hablar m\u00e1s detalladamente sobre los Programas para J\u00f3venes de NASSA y\/o deseas participar como voluntario, haz clic en el enlace CONT\u00c1CTANOS que aparece a continuaci\u00f3n:<\/strong><\/p>\n\n\n\n<div class=\"wp-block-buttons is-layout-flex wp-block-buttons-is-layout-flex\">\n<div class=\"wp-block-button aligncenter has-custom-font-size has-small-font-size\"><a class=\"wp-block-button__link has-vivid-cyan-blue-background-color has-background wp-element-button\" href=\"https:\/\/nassasilhouette.org\/about-us\/contact-us\/\"><strong>CONTACTAR CON NOSOTROS<\/strong><\/a><\/div>\n<\/div>\n\n\n\n<hr class=\"wp-block-separator has-alpha-channel-opacity\">\n\n\n\n<div style=\"height:30px\" aria-hidden=\"true\" class=\"wp-block-spacer\"><\/div>\n\n\n\n<h2 class=\"has-text-align-center wp-block-heading\"><strong>Comit\u00e9 Consultivo Juvenil de la NASSA<\/strong><\/h2>\n\n\n\n<p>Dentro de nuestra estructura de gobierno de la NASSA, el Equipo de Implementaci\u00f3n de la NASSA est\u00e1 poniendo a prueba un <strong>Comit\u00e9 Asesor Juvenil de la NASSA<\/strong> para que trabaje junto a nosotros y el<strong><em> <\/em><\/strong>Directores regionales de NASSA.<strong><em> <\/em><\/strong>Comit\u00e9 Consultivo Juvenil de la NASSA<strong><em> <\/em><\/strong>estar\u00e1 formado por j\u00f3venes y padres seleccionados de todas nuestras regiones NASSA para ayudar a definir\/desarrollar iniciativas dentro de nuestros Programas Juveniles NASSA.  &nbsp;<\/p>\n\n\n\n<p class=\"has-text-align-center has-vivid-cyan-blue-color has-text-color\"><strong>Comunicaremos peri\u00f3dicamente el progreso de estas iniciativas a trav\u00e9s de varios comunicados de prensa de NASSA y de esta p\u00e1gina web de Programas Juveniles de NASSA.<\/strong><\/p>\n\n\n\n<hr class=\"wp-block-separator has-alpha-channel-opacity\">\n\n\n\n<div style=\"height:30px\" aria-hidden=\"true\" class=\"wp-block-spacer\"><\/div>\n\n\n\n<h2 class=\"has-text-align-center wp-block-heading\"><a><strong>NASSA Instagram<\/strong><\/a><\/h2>\n\n\n<div class=\"wp-block-image\">\n<figure class=\"aligncenter size-large\"><img loading=\"lazy\" decoding=\"async\" width=\"1024\" height=\"496\" src=\"https:\/\/nassasilhouette.org\/wp-content\/uploads\/2022\/12\/NASSA-Instagram-Banner-1-1024x496.jpg\" alt=\"\" class=\"wp-image-16822\" srcset=\"https:\/\/nassasilhouette.org\/wp-content\/uploads\/2022\/12\/NASSA-Instagram-Banner-1-1024x496.jpg 1024w, https:\/\/nassasilhouette.org\/wp-content\/uploads\/2022\/12\/NASSA-Instagram-Banner-1-300x145.jpg 300w, https:\/\/nassasilhouette.org\/wp-content\/uploads\/2022\/12\/NASSA-Instagram-Banner-1-768x372.jpg 768w, https:\/\/nassasilhouette.org\/wp-content\/uploads\/2022\/12\/NASSA-Instagram-Banner-1-1536x744.jpg 1536w, https:\/\/nassasilhouette.org\/wp-content\/uploads\/2022\/12\/NASSA-Instagram-Banner-1-2048x992.jpg 2048w, https:\/\/nassasilhouette.org\/wp-content\/uploads\/2022\/12\/NASSA-Instagram-Banner-1-1568x759.jpg 1568w\" sizes=\"auto, (max-width: 1024px) 100vw, 1024px\" \/><\/figure>\n<\/div>\n\n\n<div style=\"height:20px\" aria-hidden=\"true\" class=\"wp-block-spacer\"><\/div>\n\n\n\n<p>La primera iniciativa de NASSA Youth Programs fue el lanzamiento de <strong>NASSA Instagram<em> <\/em><\/strong>en noviembre de 2022. Esta plataforma multimedia, muy popular entre nuestros j\u00f3venes, permite ahora a los tiradores Junior de Rifle Silueta conectarse entre s\u00ed a trav\u00e9s de nuestras Regiones NASSA en Canad\u00e1, M\u00e9xico y los EE.UU.. Ahora los juniors pueden conectarse y mantenerse en contacto con los amigos que conozcan en campeonatos como el 2022 NRA Silhouette Nationals en Ridgway, PA.<\/p>\n\n\n\n<p><a>Luisiana y el sur de Texas son dos estados con una importante participaci\u00f3n de Junior Rifle Silhouette. Juniors tanto de Luisiana como de Texas viajan de un lado a otro para competir entre s\u00ed durante toda la temporada de partidos de Silhouette. El  <\/a>El Equipo de Implementaci\u00f3n de<a> NASSA se reuni\u00f3 con muchos de estos mismos juniors (y padres) en los Campeonatos de Silueta SB del Estado de Texas en noviembre de 2022 para discutir el lanzamiento de la nueva plataforma Instagram de NASSA.<\/a><\/p>\n\n\n\n<p>Como resultado de esta reuni\u00f3n, el Equipo de Implementaci\u00f3n de NASSA est\u00e1 trabajando ahora con estos mismos juniors (y padres) para definir su papel en la administraci\u00f3n de <strong>\n  <em>NASSA Instagram<\/em>\n<\/strong>.  &nbsp;Una vez que esta funci\u00f3n y el proceso est\u00e9n m\u00e1s definidos, creceremos y compartiremos la administraci\u00f3n de NASSA Instagram con juniors seleccionados en todas las Regiones de NASSA.<\/p>\n\n\n\n<p class=\"has-text-align-center has-vivid-cyan-blue-color has-text-color\"><strong>Para conectarte con NASSA Instagram, haz clic en el siguiente enlace:<\/strong><\/p>\n\n\n\n<div class=\"wp-block-buttons is-layout-flex wp-block-buttons-is-layout-flex\">\n<div class=\"wp-block-button aligncenter has-custom-font-size has-small-font-size\"><a class=\"wp-block-button__link has-vivid-cyan-blue-background-color has-background wp-element-button\" href=\"https:\/\/nassasilhouette.org\/news-multimedia\/nassa-instagram-2\/\"><strong>NASSA INSTAGRAM<\/strong><\/a><\/div>\n<\/div>\n\n\n\n<hr class=\"wp-block-separator has-alpha-channel-opacity\">\n\n\n\n<div style=\"height:28px\" aria-hidden=\"true\" class=\"wp-block-spacer\"><\/div>\n\n\n\n<h2 class=\"has-text-align-center wp-block-heading\"><strong>Divulgaci\u00f3n de los programas de tiro de Kindred Youth<\/strong><\/h2>\n\n\n<div class=\"wp-block-image\">\n<figure class=\"aligncenter size-large\"><img loading=\"lazy\" decoding=\"async\" width=\"1024\" height=\"212\" src=\"https:\/\/nassasilhouette.org\/wp-content\/uploads\/2022\/11\/Kindred-Organizations-Banner-2-1024x212.jpg\" alt=\"\" class=\"wp-image-14969\" srcset=\"https:\/\/nassasilhouette.org\/wp-content\/uploads\/2022\/11\/Kindred-Organizations-Banner-2-1024x212.jpg 1024w, https:\/\/nassasilhouette.org\/wp-content\/uploads\/2022\/11\/Kindred-Organizations-Banner-2-300x62.jpg 300w, https:\/\/nassasilhouette.org\/wp-content\/uploads\/2022\/11\/Kindred-Organizations-Banner-2-768x159.jpg 768w, https:\/\/nassasilhouette.org\/wp-content\/uploads\/2022\/11\/Kindred-Organizations-Banner-2-1536x318.jpg 1536w, https:\/\/nassasilhouette.org\/wp-content\/uploads\/2022\/11\/Kindred-Organizations-Banner-2-2048x424.jpg 2048w, https:\/\/nassasilhouette.org\/wp-content\/uploads\/2022\/11\/Kindred-Organizations-Banner-2-1568x325.jpg 1568w\" sizes=\"auto, (max-width: 1024px) 100vw, 1024px\" \/><\/figure>\n<\/div>\n\n\n<div style=\"height:10px\" aria-hidden=\"true\" class=\"wp-block-spacer\"><\/div>\n\n\n\n<p>En toda Norteam\u00e9rica existen excelentes programas de tiro junior con los que potencialmente podemos colaborar para desarrollar nuestros propios Programas Juveniles NASSA. Ejemplos de estas organizaciones afines dentro de los EE.UU. son USA Shooting, 4-H Shooting Sports, el Civilian Marksmanship Program (CMP), High School Reserve Officers Training Corps (JROTC) Shooting Programs, State Rifle Association Junior Programs y Friends of the NRA. Su Equipo de Implementaci\u00f3n NASSA tambi\u00e9n se pondr\u00e1 en contacto con nuestros miembros NASSA mexicanos y canadienses para aprender acerca de sus diversos programas de tiro junior tambi\u00e9n.<\/p>\n\n\n\n<p>Uno de estos ejemplos de colaboraci\u00f3n es el <strong>Equipo de Silueta de Rifle de Luisiana<\/strong>, que trabaja conjuntamente con 4-H Shooting Sports en el sur de Luisiana. Los juniors 4-H de Luisiana han ganado recientemente los Campeonatos Nacionales 4-H en numerosas ocasiones, ya que el Rifle Silueta es una parte importante del agregado para este partido de campeonato. Estos juniors del 4-H de Luisiana se ponen a punto durante todo el a\u00f1o en partidos patrocinados por el Louisiana Rifle Silhouette Team y bajo la direcci\u00f3n de Dustin Flint. Ahora tambi\u00e9n participan de forma sin\u00e9rgica en nuestra iniciativa NASSA Instagram como resultado directo de este esfuerzo de divulgaci\u00f3n de los deportes de tiro 4-H.<\/p>\n\n\n\n<p>Bas\u00e1ndose en la evaluaci\u00f3n comparativa de este \u00e9xito con el programa 4-H en Luisiana, se estableci\u00f3 una iniciativa preliminar para la Regi\u00f3n Centro-Sur de EE.UU. de la siguiente manera:<\/p>\n\n\n\n<ul class=\"wp-block-list\">\n<li>Aumentar el nivel de participaci\u00f3n de nuestros Tiradores Junior de Rifle Silueta en toda la Regi\u00f3n Centro Sur de EE.UU. Esto se lograr\u00e1 mediante el desarrollo y la puesta a prueba de programas de formaci\u00f3n y divulgaci\u00f3n para los clubes 4H existentes en las \u00e1reas identificadas de mayor potencial.<\/li>\n<\/ul>\n\n\n\n<p>Como resultado del establecimiento de esta iniciativa, el Director Regional de USA South Central se pondr\u00e1 en contacto con la Administraci\u00f3n Superior de Deportes de Tiro 4-H en Texas para ver si podemos replicar los resultados exitosos en Luisiana. Dos son las \u00e1reas de oportunidad:<\/p>\n\n\n\n<ul class=\"wp-block-list\">\n<li><strong>Introducci\u00f3n<\/strong> al Match de Silueta <strong>para J\u00f3venes<\/strong> &#8211; Para cualquier grupo de j\u00f3venes, como un Programa de Tiro 4-H, un programa de introducci\u00f3n para participar en un Match de Silueta del Club NASSA local.<\/li>\n<\/ul>\n\n\n\n<ul class=\"wp-block-list\">\n<li><strong>Youth Silhouette Club Organiztion<\/strong> &#8211; Para Gun Clubs y 4-H Shooting Programs que quieran organizar un Youth Silhouette Program, asistencia de NASSA en la puesta en marcha del programa.<\/li>\n<\/ul>\n\n\n\n<p>El Equipo de Implementaci\u00f3n de la NASSA tambi\u00e9n discuti\u00f3 los potenciales Programas Juveniles de la NASSA con los principales tiradores mexicanos de Silueta en la <strong>Copa Lapua Monarca<\/strong> <strong>2022<\/strong> en Saltillo. Existe un sentido com\u00fan de urgencia dentro de M\u00e9xico y Estados Unidos sobre la importancia de incrementar la participaci\u00f3n juvenil en Rifle Silueta. Nos basaremos en este tema com\u00fan en los pr\u00f3ximos meses.<\/p>\n\n\n\n<p class=\"has-text-align-center has-vivid-cyan-blue-color has-text-color\"><strong>Nos encantar\u00eda conocer su propia colaboraci\u00f3n con organizaciones afines de tiro juvenil. Haga clic en el siguiente ENLACE <em>CONT\u00c1CTENOS<\/em>:<\/strong><\/p>\n\n\n\n<div class=\"wp-block-buttons is-layout-flex wp-block-buttons-is-layout-flex\">\n<div class=\"wp-block-button aligncenter has-custom-font-size has-small-font-size\"><a class=\"wp-block-button__link has-vivid-cyan-blue-background-color has-background wp-element-button\" href=\"https:\/\/nassasilhouette.org\/about-us\/contact-us\/\">CONTACTAR CON NOSOTROS<\/a><\/div>\n<\/div>\n\n\n\n<hr class=\"wp-block-separator has-alpha-channel-opacity\">\n\n\n\n<div style=\"height:30px\" aria-hidden=\"true\" class=\"wp-block-spacer\"><\/div>\n\n\n\n<h2 class=\"has-text-align-center wp-block-heading\"><strong>NASSA Junior Silhouette Seminarios\/Entrenamiento<\/strong><\/h2>\n\n\n<div class=\"wp-block-image\">\n<figure class=\"aligncenter size-large\"><img loading=\"lazy\" decoding=\"async\" width=\"1024\" height=\"326\" src=\"https:\/\/nassasilhouette.org\/wp-content\/uploads\/2022\/11\/Dustin-Jerry-Coaching-1024x326.jpg\" alt=\"\" class=\"wp-image-14961\" srcset=\"https:\/\/nassasilhouette.org\/wp-content\/uploads\/2022\/11\/Dustin-Jerry-Coaching-1024x326.jpg 1024w, https:\/\/nassasilhouette.org\/wp-content\/uploads\/2022\/11\/Dustin-Jerry-Coaching-300x95.jpg 300w, https:\/\/nassasilhouette.org\/wp-content\/uploads\/2022\/11\/Dustin-Jerry-Coaching-768x244.jpg 768w, https:\/\/nassasilhouette.org\/wp-content\/uploads\/2022\/11\/Dustin-Jerry-Coaching-1536x488.jpg 1536w, https:\/\/nassasilhouette.org\/wp-content\/uploads\/2022\/11\/Dustin-Jerry-Coaching-2048x651.jpg 2048w, https:\/\/nassasilhouette.org\/wp-content\/uploads\/2022\/11\/Dustin-Jerry-Coaching-1568x499.jpg 1568w\" sizes=\"auto, (max-width: 1024px) 100vw, 1024px\" \/><figcaption class=\"wp-element-caption\"><strong>Dustin Flint y Jerry Tureau entrenan a los j\u00f3venes 4-H de Luisiana<\/strong><\/figcaption><\/figure>\n<\/div>\n\n\n<p>El Equipo de Implementaci\u00f3n de la NASSA cree que un componente clave del \u00e9xito de nuestros Programas Juveniles de la NASSA es la capacidad de llevar a cabo seminarios y proporcionar entrenamiento para j\u00f3venes como:<\/p>\n\n\n\n<ul class=\"wp-block-list\">\n<li><strong>Seminarios\/Escuelas de Entrenamiento Juvenil<\/strong> &#8211; Seminarios\/escuelas dirigidos por algunos de los mejores tiradores de Rifle Silueta de la NASSA para introducir e iniciar a los j\u00f3venes en nuestro deporte.<\/li>\n<\/ul>\n\n\n\n<ul class=\"wp-block-list\">\n<li><strong>Entrenamiento Individualizado para J\u00f3venes<\/strong> &#8211; Para aquellos que se toman en serio el Rifle Silueta, un programa de entrenamiento individualizado m\u00e1s estructurado para competir a nivel estatal\/regional\/nacional.<\/li>\n<\/ul>\n\n\n\n<p>&nbsp;La capacidad de ofrecer seminarios\/entrenamiento aporta algo de valor a los juniors, a los padres de los juniors y a las organizaciones de tiro juvenil afines con las que deseamos colaborar.<\/p>\n\n\n\n<p>Una vez m\u00e1s, el Equipo de Implementaci\u00f3n de NASSA cita al Equipo de Silueta de Rifle de Luisiana en sus esfuerzos para llevar a cabo seminarios de Silueta de Rifle con las Organizaciones de Deportes de Tiro 4-H en el sur de Luisiana. Los juniors 4-H de Luisiana est\u00e1n decididos a mantener su racha de Campeonatos Nacionales 4-H, por lo que un Club 4-H en particular de Shreveport, Luisiana, est\u00e1 solicitando que Dustin Flint y Jerry Tureau impartan un seminario similar.<\/p>\n\n\n\n<p>Para ampliar las iniciativas de entrenamiento para los juniors 4-H de Luisiana, el Director Regional de USA South Central tambi\u00e9n llevar\u00e1 a cabo un taller de entrenamiento mental con algunos de los juniors m\u00e1s experimentados tanto de Texas como de Luisiana. Todos estos juniors recibieron el libro <strong>\n  <em>&#8220;Con la mente puesta en ganar&#8221;<\/em>\n<\/strong> de Lanny Bassham para que desarrollaran sus propias declaraciones personales de <strong>&#8220;Afirmaci\u00f3n Directa <\/strong>&#8221; para formular actitudes ganadoras. Los resultados de su viaje se publicar\u00e1n en <strong>\n  <em>El juego mental<\/em>\n<\/strong> de la <strong>Biblioteca T\u00e9cnica Lones W. Wigger de la NASSA<\/strong>.<\/p>\n\n\n\n<p>El objetivo de citar estos ejemplos es que la NASSA debe desarrollar el material de seminarios y formaci\u00f3n que aumente en gran medida nuestra capacidad de atraer a los j\u00f3venes y a los padres. Si conseguimos que los padres tambi\u00e9n se interesen por el tiro, todos saldremos ganando.<\/p>\n\n\n\n<p>Para lograr esto, NASSA desarrollar\u00e1 un <strong>Programa de Entrenamiento de Silueta NASSA<\/strong> que satisfaga las necesidades de nuestros tiradores junior, as\u00ed como la comunidad de tiro de Silueta de Rifle. Haremos referencia a lo que ya se ha creado a trav\u00e9s de nuestras organizaciones afines, como USA Shooting, el Civilian Marksmanship Program (CMP), la NRA, la International Shooting Sport Federation (ISSF) y otras organizaciones.<\/p>\n\n\n\n<p class=\"has-text-align-center has-vivid-cyan-blue-color has-text-color\"><strong>Utilice el siguiente enlace para obtener m\u00e1s informaci\u00f3n sobre el Programa de formaci\u00f3n en siluetas de la NASSA  <\/strong><\/p>\n\n\n\n<div class=\"wp-block-buttons is-layout-flex wp-block-buttons-is-layout-flex\">\n<div class=\"wp-block-button aligncenter has-custom-font-size has-extra-small-font-size\"><a class=\"wp-block-button__link has-vivid-cyan-blue-background-color has-background wp-element-button\" href=\"https:\/\/nassasilhouette.org\/technical-library\/silhouette-training-program\/\"><strong>PROGRAMA DE FORMACI\u00d3N NASSA SILHOUETTE<\/strong><\/a><\/div>\n<\/div>\n\n\n\n<hr class=\"wp-block-separator has-alpha-channel-opacity\">\n","protected":false},"excerpt":{"rendered":"<p>Ninguna misi\u00f3n para NASSA es m\u00e1s importante que desarrollar iniciativas para atraer a m\u00e1s j\u00f3venes a participar y destacar en nuestras disciplinas de Rifle Silueta. En los pr\u00f3ximos meses, el Equipo de Implementaci\u00f3n de NASSA y nuestros reci\u00e9n nombrados Directores Regionales de NASSA se centrar\u00e1n m\u00e1s en la conceptualizaci\u00f3n, el desarrollo y el lanzamiento de&hellip; <a class=\"more-link\" href=\"https:\/\/nassasilhouette.org\/es-mx\/sobre-nosotros\/programas-para-jovenes-de-la-nassa\/\">Continue reading <span class=\"screen-reader-text\">Programas para j\u00f3venes de la NASSA<\/span><\/a><\/p>\n","protected":false},"author":4,"featured_media":0,"parent":13848,"menu_order":0,"comment_status":"closed","ping_status":"closed","template":"","meta":{"_acf_changed":false,"footnotes":""},"class_list":["post-19476","page","type-page","status-publish","hentry","entry"],"acf":[],"rttpg_featured_image_url":null,"rttpg_author":{"display_name":"Chris Cawthorne","author_link":"https:\/\/nassasilhouette.org\/es-mx\/author\/cecawthorneyahoo-com\/"},"rttpg_comment":0,"rttpg_category":" <a href=\"https:\/\/nassasilhouette.org\/es-mx\/?taxonomy=translation_priority&#038;term=optional-es-mx\" rel=\"tag\">Optional<\/a>","rttpg_excerpt":"Ninguna misi\u00f3n para NASSA es m\u00e1s importante que desarrollar iniciativas para atraer a m\u00e1s j\u00f3venes a participar y destacar en nuestras disciplinas de Rifle Silueta. En los pr\u00f3ximos meses, el Equipo de Implementaci\u00f3n de NASSA y nuestros reci\u00e9n nombrados Directores Regionales de NASSA se centrar\u00e1n m\u00e1s en la conceptualizaci\u00f3n, el desarrollo y el lanzamiento de&hellip;&hellip;","_links":{"self":[{"href":"https:\/\/nassasilhouette.org\/es-mx\/wp-json\/wp\/v2\/pages\/19476","targetHints":{"allow":["GET"]}}],"collection":[{"href":"https:\/\/nassasilhouette.org\/es-mx\/wp-json\/wp\/v2\/pages"}],"about":[{"href":"https:\/\/nassasilhouette.org\/es-mx\/wp-json\/wp\/v2\/types\/page"}],"author":[{"embeddable":true,"href":"https:\/\/nassasilhouette.org\/es-mx\/wp-json\/wp\/v2\/users\/4"}],"replies":[{"embeddable":true,"href":"https:\/\/nassasilhouette.org\/es-mx\/wp-json\/wp\/v2\/comments?post=19476"}],"version-history":[{"count":0,"href":"https:\/\/nassasilhouette.org\/es-mx\/wp-json\/wp\/v2\/pages\/19476\/revisions"}],"up":[{"embeddable":true,"href":"https:\/\/nassasilhouette.org\/es-mx\/wp-json\/wp\/v2\/pages\/13848"}],"wp:attachment":[{"href":"https:\/\/nassasilhouette.org\/es-mx\/wp-json\/wp\/v2\/media?parent=19476"}],"curies":[{"name":"wp","href":"https:\/\/api.w.org\/{rel}","templated":true}]}}