{"id":19470,"date":"2022-01-03T13:13:20","date_gmt":"2022-01-03T19:13:20","guid":{"rendered":"https:\/\/nassasilhouette.org\/biblioteca-tecnica-de-wigger\/encuestas-sobre-el-equipo-del-campeonato\/"},"modified":"2022-01-03T13:13:20","modified_gmt":"2022-01-03T19:13:20","slug":"encuestas-sobre-el-equipo-del-campeonato","status":"publish","type":"page","link":"https:\/\/nassasilhouette.org\/es-mx\/biblioteca-tecnica-de-wigger\/encuestas-sobre-el-equipo-del-campeonato\/","title":{"rendered":"Encuestas sobre el equipo del campeonato"},"content":{"rendered":"<div class=\"wp-block-image\">\n<figure class=\"aligncenter size-large\"><img loading=\"lazy\" decoding=\"async\" width=\"1024\" height=\"472\" src=\"https:\/\/nassasilhouette.org\/wp-content\/uploads\/2022\/05\/Championship-Equipment-Surveys-1024x472.png\" alt=\"\" class=\"wp-image-11298\" srcset=\"https:\/\/nassasilhouette.org\/wp-content\/uploads\/2022\/05\/Championship-Equipment-Surveys-1024x472.png 1024w, https:\/\/nassasilhouette.org\/wp-content\/uploads\/2022\/05\/Championship-Equipment-Surveys-300x138.png 300w, https:\/\/nassasilhouette.org\/wp-content\/uploads\/2022\/05\/Championship-Equipment-Surveys-768x354.png 768w, https:\/\/nassasilhouette.org\/wp-content\/uploads\/2022\/05\/Championship-Equipment-Surveys-1536x709.png 1536w, https:\/\/nassasilhouette.org\/wp-content\/uploads\/2022\/05\/Championship-Equipment-Surveys-2048x945.png 2048w\" sizes=\"auto, (max-width: 1024px) 100vw, 1024px\" \/><\/figure>\n<\/div>\n\n\n<div style=\"height:10px\" aria-hidden=\"true\" class=\"wp-block-spacer\"><\/div>\n\n\n\n<p>La NASSA tiene previsto ampliar y mejorar <strong>las encuestas sobre el equipamiento de los campeonatos<\/strong> por varias razones:<\/p>\n\n\n\n<ul class=\"wp-block-list\">\n<li>Muchos tiradores de Silhouette est\u00e1n interesados en saber qu\u00e9 rifles, miras, acciones, balas, p\u00f3lvora y otros componentes cr\u00edticos son tendencia y est\u00e1n siendo utilizados por los tiradores de Silhouette en toda Norteam\u00e9rica. Los tiradores noveles pueden necesitar ayuda para seleccionar el equipo adecuado desde el principio. Los tiradores m\u00e1s experimentados buscan recomendaciones similares para mejorar su rendimiento, como entrar en la Master Class o ganar ese Championship Match.<\/li>\n<\/ul>\n\n\n\n<p><\/p>\n\n\n\n<ul class=\"wp-block-list\">\n<li>Nuestros patrocinadores del sector siempre est\u00e1n buscando datos relevantes, como la cuota de mercado de los productos y el rendimiento relativo de los productos frente a los competidores en las disciplinas de silueta con rifle. Nuestros patrocinadores industriales contribuyen a nuestras tablas de premios, por lo que es imprescindible que trabajemos con ellos para proporcionar las mejores fuentes de datos de encuestas sobre equipos.<\/li>\n<\/ul>\n\n\n\n<p><\/p>\n\n\n\n<ul class=\"wp-block-list\">\n<li>Se podr\u00eda argumentar que las encuestas existentes sobre el campeonato no abordan los dos puntos anteriores. Nuestras encuestas suelen incluir una lista de equipos\/componentes que todos los competidores utilizan en un determinado campeonato. A partir de estos datos, se puede calcular la cuota de mercado total de la marca dentro de una determinada categor\u00eda de equipos\/componentes. Lo que faltan son los datos de rendimiento. Por ejemplo, las encuestas no indican qu\u00e9 utilizan los (10) mejores tiradores, por lo que nuestros patrocinadores del sector no obtienen m\u00e9tricas \u00f3ptimas del rendimiento del producto. A\u00f1adir algunas categor\u00edas, como la marca del ca\u00f1\u00f3n para la Alta Potencia, tambi\u00e9n podr\u00eda aportar datos \u00fatiles sobre el rendimiento.  <\/li>\n<\/ul>\n\n\n\n<p>En el transcurso de 2023, el equipo de implementaci\u00f3n de NASSA trabajar\u00e1 con nuestros patrocinadores de la industria, directores regionales de NASSA y directores de partidos de campeonato para optimizar y ampliar el proceso de encuesta de equipos que mejor sirva a las necesidades de nuestros miembros de NASSA. Esto dar\u00e1 lugar a la creaci\u00f3n de una <strong>base de datos de encuestas sobre los campeonatos<\/strong> que se publicar\u00e1 en esta p\u00e1gina web.<\/p>\n\n\n\n<p class=\"has-text-align-center has-text-color\" style=\"color:#fa0101\"><strong>Hasta que pongamos en marcha la base de datos de las encuestas sobre los campeonatos, seguiremos publicando los resultados de las encuestas recientes sobre los equipos para nuestros miembros de la NASSA.<\/strong><\/p>\n\n\n\n<div style=\"height:50px\" aria-hidden=\"true\" class=\"wp-block-spacer\"><\/div>\n\n\n\n<h2 class=\"has-text-align-center wp-block-heading\"><strong>2022 NRA Campeonato Nacional de Silueta<\/strong><\/h2>\n\n\n\n<div style=\"height:30px\" aria-hidden=\"true\" class=\"wp-block-spacer\"><\/div>\n\n\n\n<div class=\"wp-block-media-text alignwide is-stacked-on-mobile\" style=\"grid-template-columns:24% auto\"><figure class=\"wp-block-media-text__media\"><img loading=\"lazy\" decoding=\"async\" width=\"1024\" height=\"415\" src=\"https:\/\/nassasilhouette.org\/wp-content\/uploads\/2022\/12\/NRA-Ridgway-Logo-1024x415.png\" alt=\"\" class=\"wp-image-15408 size-full\" srcset=\"https:\/\/nassasilhouette.org\/wp-content\/uploads\/2022\/12\/NRA-Ridgway-Logo-1024x415.png 1024w, https:\/\/nassasilhouette.org\/wp-content\/uploads\/2022\/12\/NRA-Ridgway-Logo-300x122.png 300w, https:\/\/nassasilhouette.org\/wp-content\/uploads\/2022\/12\/NRA-Ridgway-Logo-768x311.png 768w, https:\/\/nassasilhouette.org\/wp-content\/uploads\/2022\/12\/NRA-Ridgway-Logo-1536x623.png 1536w, https:\/\/nassasilhouette.org\/wp-content\/uploads\/2022\/12\/NRA-Ridgway-Logo-1568x636.png 1568w, https:\/\/nassasilhouette.org\/wp-content\/uploads\/2022\/12\/NRA-Ridgway-Logo.png 1966w\" sizes=\"auto, (max-width: 1024px) 100vw, 1024px\" \/><\/figure><div class=\"wp-block-media-text__content\">\n<p class=\"has-normal-font-size\"><strong>2022 NRA National Smallbore Silhouette Championships<\/strong><\/p>\n<\/div><\/div>\n\n\n\n<div class=\"wp-block-columns is-layout-flex wp-container-core-columns-is-layout-9d6595d7 wp-block-columns-is-layout-flex\">\n<div class=\"wp-block-column is-layout-flow wp-block-column-is-layout-flow\">\n<p class=\"has-text-align-center\"><strong>Encuesta sobre equipamiento para rifles de peque\u00f1o calibre<\/strong><\/p>\n\n\n\n<div class=\"wp-block-file aligncenter\"><a id=\"wp-block-file--media-bbd8c0b1-7de3-4c60-b6b9-0a3be5af341e\" href=\"https:\/\/nassasilhouette.org\/wp-content\/uploads\/2022\/12\/2022-Smallbore-Standard-Equipment-Survey-Report-2.pdf\">\n  <strong>PDF<\/strong>\n<\/a><a href=\"https:\/\/nassasilhouette.org\/wp-content\/uploads\/2022\/12\/2022-Smallbore-Standard-Equipment-Survey-Report-2.pdf\" class=\"wp-block-file__button wp-element-button\" download=\"\" aria-describedby=\"wp-block-file--media-bbd8c0b1-7de3-4c60-b6b9-0a3be5af341e\">Descargar<\/a><\/div>\n<\/div>\n\n\n\n<div class=\"wp-block-column is-layout-flow wp-block-column-is-layout-flow\">\n<p class=\"has-text-align-center\"><strong>Encuesta sobre el equipamiento del rifle de caza menor<\/strong><\/p>\n\n\n\n<div class=\"wp-block-file aligncenter\"><a id=\"wp-block-file--media-b9ea0758-8c23-49c2-b416-4e416815d6d2\" href=\"https:\/\/nassasilhouette.org\/wp-content\/uploads\/2022\/12\/2022-Smallbore-Hunter-Equipment-Survey-Report.pdf\">\n  <strong>PDF<\/strong>\n<\/a><a href=\"https:\/\/nassasilhouette.org\/wp-content\/uploads\/2022\/12\/2022-Smallbore-Hunter-Equipment-Survey-Report.pdf\" class=\"wp-block-file__button wp-element-button\" download=\"\" aria-describedby=\"wp-block-file--media-b9ea0758-8c23-49c2-b416-4e416815d6d2\">Descargar<\/a><\/div>\n<\/div>\n\n\n\n<div class=\"wp-block-column is-layout-flow wp-block-column-is-layout-flow\"><\/div>\n<\/div>\n\n\n\n<div style=\"height:20px\" aria-hidden=\"true\" class=\"wp-block-spacer\"><\/div>\n\n\n\n<hr class=\"wp-block-separator has-alpha-channel-opacity\">\n\n\n\n<div style=\"height:20px\" aria-hidden=\"true\" class=\"wp-block-spacer\"><\/div>\n\n\n\n<div class=\"wp-block-media-text alignwide is-stacked-on-mobile\" style=\"grid-template-columns:24% auto\"><figure class=\"wp-block-media-text__media\"><img loading=\"lazy\" decoding=\"async\" width=\"1024\" height=\"415\" src=\"https:\/\/nassasilhouette.org\/wp-content\/uploads\/2022\/12\/NRA-Ridgway-Logo-1024x415.png\" alt=\"\" class=\"wp-image-15408 size-full\" srcset=\"https:\/\/nassasilhouette.org\/wp-content\/uploads\/2022\/12\/NRA-Ridgway-Logo-1024x415.png 1024w, https:\/\/nassasilhouette.org\/wp-content\/uploads\/2022\/12\/NRA-Ridgway-Logo-300x122.png 300w, https:\/\/nassasilhouette.org\/wp-content\/uploads\/2022\/12\/NRA-Ridgway-Logo-768x311.png 768w, https:\/\/nassasilhouette.org\/wp-content\/uploads\/2022\/12\/NRA-Ridgway-Logo-1536x623.png 1536w, https:\/\/nassasilhouette.org\/wp-content\/uploads\/2022\/12\/NRA-Ridgway-Logo-1568x636.png 1568w, https:\/\/nassasilhouette.org\/wp-content\/uploads\/2022\/12\/NRA-Ridgway-Logo.png 1966w\" sizes=\"auto, (max-width: 1024px) 100vw, 1024px\" \/><\/figure><div class=\"wp-block-media-text__content\">\n<p class=\"has-normal-font-size\"><strong>2022 NRA Campeonato Nacional de Silueta de Alta Potencia<\/strong><\/p>\n<\/div><\/div>\n\n\n\n<div class=\"wp-block-columns is-layout-flex wp-container-core-columns-is-layout-9d6595d7 wp-block-columns-is-layout-flex\">\n<div class=\"wp-block-column is-layout-flow wp-block-column-is-layout-flow\">\n<p class=\"has-text-align-center\"><strong>Encuesta sobre el equipamiento est\u00e1ndar para rifles HP<\/strong><\/p>\n\n\n\n<div class=\"wp-block-file aligncenter\"><a id=\"wp-block-file--media-4a58d92b-351f-4034-a32f-048a2b273c70\" href=\"https:\/\/nassasilhouette.org\/wp-content\/uploads\/2022\/12\/2022-Highpower-Standard-Equipment-Survey-Report-2.pdf\">\n  <strong>PDF<\/strong>\n<\/a><a href=\"https:\/\/nassasilhouette.org\/wp-content\/uploads\/2022\/12\/2022-Highpower-Standard-Equipment-Survey-Report-2.pdf\" class=\"wp-block-file__button wp-element-button\" download=\"\" aria-describedby=\"wp-block-file--media-4a58d92b-351f-4034-a32f-048a2b273c70\">Descargar<\/a><\/div>\n<\/div>\n\n\n\n<div class=\"wp-block-column is-layout-flow wp-block-column-is-layout-flow\">\n<p class=\"has-text-align-center\"><strong>Encuesta sobre el equipamiento del rifle HP Hunter<\/strong><\/p>\n\n\n\n<div class=\"wp-block-file aligncenter\"><a id=\"wp-block-file--media-6cd23d2a-2572-43a6-810f-2a7775dba8a3\" href=\"https:\/\/nassasilhouette.org\/wp-content\/uploads\/2022\/12\/2022-Highpower-Hunter-Equipment-Survey-Report.pdf\">\n  <strong>PDF<\/strong>\n<\/a><a href=\"https:\/\/nassasilhouette.org\/wp-content\/uploads\/2022\/12\/2022-Highpower-Hunter-Equipment-Survey-Report.pdf\" class=\"wp-block-file__button wp-element-button\" download=\"\" aria-describedby=\"wp-block-file--media-6cd23d2a-2572-43a6-810f-2a7775dba8a3\">Descargar<\/a><\/div>\n<\/div>\n\n\n\n<div class=\"wp-block-column is-layout-flow wp-block-column-is-layout-flow\"><\/div>\n<\/div>\n\n\n\n<div style=\"height:20px\" aria-hidden=\"true\" class=\"wp-block-spacer\"><\/div>\n\n\n\n<hr class=\"wp-block-separator has-alpha-channel-opacity\">\n\n\n\n<div style=\"height:20px\" aria-hidden=\"true\" class=\"wp-block-spacer\"><\/div>\n\n\n\n<div class=\"wp-block-media-text alignwide is-stacked-on-mobile\" style=\"grid-template-columns:24% auto\"><figure class=\"wp-block-media-text__media\"><img loading=\"lazy\" decoding=\"async\" width=\"1024\" height=\"432\" src=\"https:\/\/nassasilhouette.org\/wp-content\/uploads\/2022\/12\/NRA-Whittington-Logo-1024x432.jpg\" alt=\"\" class=\"wp-image-15462 size-full\" srcset=\"https:\/\/nassasilhouette.org\/wp-content\/uploads\/2022\/12\/NRA-Whittington-Logo-1024x432.jpg 1024w, https:\/\/nassasilhouette.org\/wp-content\/uploads\/2022\/12\/NRA-Whittington-Logo-300x127.jpg 300w, https:\/\/nassasilhouette.org\/wp-content\/uploads\/2022\/12\/NRA-Whittington-Logo-768x324.jpg 768w, https:\/\/nassasilhouette.org\/wp-content\/uploads\/2022\/12\/NRA-Whittington-Logo-1536x648.jpg 1536w, https:\/\/nassasilhouette.org\/wp-content\/uploads\/2022\/12\/NRA-Whittington-Logo-1568x662.jpg 1568w, https:\/\/nassasilhouette.org\/wp-content\/uploads\/2022\/12\/NRA-Whittington-Logo.jpg 1888w\" sizes=\"auto, (max-width: 1024px) 100vw, 1024px\" \/><\/figure><div class=\"wp-block-media-text__content\">\n<p class=\"has-normal-font-size\"><strong>2022 NRA National Lever Action Silhouette Championships<\/strong><\/p>\n<\/div><\/div>\n\n\n\n<p class=\"has-text-align-center has-text-color\" style=\"color:#f70505\"><strong>(No hay estudios de equipamiento disponibles)<\/strong><\/p>\n\n\n\n<hr class=\"wp-block-separator has-alpha-channel-opacity\">\n\n\n\n<div style=\"height:49px\" aria-hidden=\"true\" class=\"wp-block-spacer\"><\/div>\n\n\n\n<div style=\"height:10px\" aria-hidden=\"true\" class=\"wp-block-spacer\"><\/div>\n\n\n\n<h2 class=\"has-text-align-center wp-block-heading\"><strong>2021 Campeonato Nacional de Silueta de la NRA<\/strong><\/h2>\n\n\n\n<div style=\"height:30px\" aria-hidden=\"true\" class=\"wp-block-spacer\"><\/div>\n\n\n\n<div class=\"wp-block-media-text alignwide is-stacked-on-mobile\" style=\"grid-template-columns:24% auto\"><figure class=\"wp-block-media-text__media\"><img loading=\"lazy\" decoding=\"async\" width=\"1024\" height=\"415\" src=\"https:\/\/nassasilhouette.org\/wp-content\/uploads\/2022\/12\/NRA-Ridgway-Logo-1024x415.png\" alt=\"\" class=\"wp-image-15408 size-full\" srcset=\"https:\/\/nassasilhouette.org\/wp-content\/uploads\/2022\/12\/NRA-Ridgway-Logo-1024x415.png 1024w, https:\/\/nassasilhouette.org\/wp-content\/uploads\/2022\/12\/NRA-Ridgway-Logo-300x122.png 300w, https:\/\/nassasilhouette.org\/wp-content\/uploads\/2022\/12\/NRA-Ridgway-Logo-768x311.png 768w, https:\/\/nassasilhouette.org\/wp-content\/uploads\/2022\/12\/NRA-Ridgway-Logo-1536x623.png 1536w, https:\/\/nassasilhouette.org\/wp-content\/uploads\/2022\/12\/NRA-Ridgway-Logo-1568x636.png 1568w, https:\/\/nassasilhouette.org\/wp-content\/uploads\/2022\/12\/NRA-Ridgway-Logo.png 1966w\" sizes=\"auto, (max-width: 1024px) 100vw, 1024px\" \/><\/figure><div class=\"wp-block-media-text__content\">\n<p class=\"has-normal-font-size\"><strong>2021 NRA National Smallbore Silhouette Championships<\/strong><\/p>\n<\/div><\/div>\n\n\n\n<div class=\"wp-block-columns is-layout-flex wp-container-core-columns-is-layout-9d6595d7 wp-block-columns-is-layout-flex\">\n<div class=\"wp-block-column is-layout-flow wp-block-column-is-layout-flow\">\n<p class=\"has-text-align-center\"><strong>Encuesta sobre equipamiento para rifles de peque\u00f1o calibre<\/strong><\/p>\n\n\n\n<div class=\"wp-block-file aligncenter\"><a id=\"wp-block-file--media-d0adfbc4-e4f0-4d68-b436-b222c406206b\" href=\"https:\/\/nassasilhouette.org\/wp-content\/uploads\/2022\/12\/2021-Smallbore-Standard-Equipment-Survey-Report.pdf\">\n  <strong>PDF<\/strong>\n<\/a><a href=\"https:\/\/nassasilhouette.org\/wp-content\/uploads\/2022\/12\/2021-Smallbore-Standard-Equipment-Survey-Report.pdf\" class=\"wp-block-file__button wp-element-button\" download=\"\" aria-describedby=\"wp-block-file--media-d0adfbc4-e4f0-4d68-b436-b222c406206b\">Descargar<\/a><\/div>\n<\/div>\n\n\n\n<div class=\"wp-block-column is-layout-flow wp-block-column-is-layout-flow\">\n<p><strong>Encuesta sobre el equipamiento del rifle de caza menor<\/strong><\/p>\n\n\n\n<div class=\"wp-block-file\"><a id=\"wp-block-file--media-0cdae6e2-4603-4084-bd45-615741417db1\" href=\"https:\/\/nassasilhouette.org\/wp-content\/uploads\/2022\/12\/2021-Smallbore-Hunter-Equipment-Survey-Report.pdf\">\n  <strong>PDF<\/strong>\n<\/a><a href=\"https:\/\/nassasilhouette.org\/wp-content\/uploads\/2022\/12\/2021-Smallbore-Hunter-Equipment-Survey-Report.pdf\" class=\"wp-block-file__button wp-element-button\" download=\"\" aria-describedby=\"wp-block-file--media-0cdae6e2-4603-4084-bd45-615741417db1\">Descargar<\/a><\/div>\n<\/div>\n\n\n\n<div class=\"wp-block-column is-layout-flow wp-block-column-is-layout-flow\"><\/div>\n<\/div>\n\n\n\n<div style=\"height:20px\" aria-hidden=\"true\" class=\"wp-block-spacer\"><\/div>\n\n\n\n<hr class=\"wp-block-separator has-alpha-channel-opacity\">\n\n\n\n<div style=\"height:20px\" aria-hidden=\"true\" class=\"wp-block-spacer\"><\/div>\n\n\n\n<div class=\"wp-block-media-text alignwide is-stacked-on-mobile\" style=\"grid-template-columns:24% auto\"><figure class=\"wp-block-media-text__media\"><img loading=\"lazy\" decoding=\"async\" width=\"1024\" height=\"415\" src=\"https:\/\/nassasilhouette.org\/wp-content\/uploads\/2022\/12\/NRA-Ridgway-Logo-1024x415.png\" alt=\"\" class=\"wp-image-15408 size-full\" srcset=\"https:\/\/nassasilhouette.org\/wp-content\/uploads\/2022\/12\/NRA-Ridgway-Logo-1024x415.png 1024w, https:\/\/nassasilhouette.org\/wp-content\/uploads\/2022\/12\/NRA-Ridgway-Logo-300x122.png 300w, https:\/\/nassasilhouette.org\/wp-content\/uploads\/2022\/12\/NRA-Ridgway-Logo-768x311.png 768w, https:\/\/nassasilhouette.org\/wp-content\/uploads\/2022\/12\/NRA-Ridgway-Logo-1536x623.png 1536w, https:\/\/nassasilhouette.org\/wp-content\/uploads\/2022\/12\/NRA-Ridgway-Logo-1568x636.png 1568w, https:\/\/nassasilhouette.org\/wp-content\/uploads\/2022\/12\/NRA-Ridgway-Logo.png 1966w\" sizes=\"auto, (max-width: 1024px) 100vw, 1024px\" \/><\/figure><div class=\"wp-block-media-text__content\">\n<p class=\"has-normal-font-size\"><strong>2021 NRA Campeonato Nacional de Silueta de Alta Potencia<\/strong><\/p>\n<\/div><\/div>\n\n\n\n<div class=\"wp-block-columns is-layout-flex wp-container-core-columns-is-layout-9d6595d7 wp-block-columns-is-layout-flex\">\n<div class=\"wp-block-column is-layout-flow wp-block-column-is-layout-flow\">\n<p class=\"has-text-align-center\"><strong>Encuesta sobre el equipamiento est\u00e1ndar para rifles HP<\/strong><\/p>\n\n\n\n<div class=\"wp-block-file aligncenter\"><a id=\"wp-block-file--media-51d92075-7329-48e5-8ba0-7f04d0307f01\" href=\"https:\/\/nassasilhouette.org\/wp-content\/uploads\/2022\/12\/2021-Highpower-Standard-Equipment-Survey-Report.pdf\">\n  <strong>PDF<\/strong>\n<\/a><a href=\"https:\/\/nassasilhouette.org\/wp-content\/uploads\/2022\/12\/2021-Highpower-Standard-Equipment-Survey-Report.pdf\" class=\"wp-block-file__button wp-element-button\" download=\"\" aria-describedby=\"wp-block-file--media-51d92075-7329-48e5-8ba0-7f04d0307f01\">Descargar<\/a><\/div>\n<\/div>\n\n\n\n<div class=\"wp-block-column is-layout-flow wp-block-column-is-layout-flow\">\n<p class=\"has-text-align-center\"><strong>Encuesta sobre equipamiento para rifles de caza HP<\/strong><\/p>\n\n\n\n<div class=\"wp-block-file aligncenter\"><a id=\"wp-block-file--media-0c1cdcac-4d85-4988-ba8c-76fcc6a9515d\" href=\"https:\/\/nassasilhouette.org\/wp-content\/uploads\/2022\/12\/2021-Highpower-Hunter-Equipment-Survey-Report.pdf\">\n  <strong>PDF<\/strong>\n<\/a><a href=\"https:\/\/nassasilhouette.org\/wp-content\/uploads\/2022\/12\/2021-Highpower-Hunter-Equipment-Survey-Report.pdf\" class=\"wp-block-file__button wp-element-button\" download=\"\" aria-describedby=\"wp-block-file--media-0c1cdcac-4d85-4988-ba8c-76fcc6a9515d\">Descargar<\/a><\/div>\n<\/div>\n\n\n\n<div class=\"wp-block-column is-layout-flow wp-block-column-is-layout-flow\"><\/div>\n<\/div>\n\n\n\n<div style=\"height:20px\" aria-hidden=\"true\" class=\"wp-block-spacer\"><\/div>\n\n\n\n<hr class=\"wp-block-separator has-alpha-channel-opacity\">\n\n\n\n<div style=\"height:20px\" aria-hidden=\"true\" class=\"wp-block-spacer\"><\/div>\n\n\n\n<div class=\"wp-block-media-text alignwide is-stacked-on-mobile\" style=\"grid-template-columns:24% auto\"><figure class=\"wp-block-media-text__media\"><img loading=\"lazy\" decoding=\"async\" width=\"1024\" height=\"415\" src=\"https:\/\/nassasilhouette.org\/wp-content\/uploads\/2022\/12\/NRA-Ridgway-Logo-1024x415.png\" alt=\"\" class=\"wp-image-15408 size-full\" srcset=\"https:\/\/nassasilhouette.org\/wp-content\/uploads\/2022\/12\/NRA-Ridgway-Logo-1024x415.png 1024w, https:\/\/nassasilhouette.org\/wp-content\/uploads\/2022\/12\/NRA-Ridgway-Logo-300x122.png 300w, https:\/\/nassasilhouette.org\/wp-content\/uploads\/2022\/12\/NRA-Ridgway-Logo-768x311.png 768w, https:\/\/nassasilhouette.org\/wp-content\/uploads\/2022\/12\/NRA-Ridgway-Logo-1536x623.png 1536w, https:\/\/nassasilhouette.org\/wp-content\/uploads\/2022\/12\/NRA-Ridgway-Logo-1568x636.png 1568w, https:\/\/nassasilhouette.org\/wp-content\/uploads\/2022\/12\/NRA-Ridgway-Logo.png 1966w\" sizes=\"auto, (max-width: 1024px) 100vw, 1024px\" \/><\/figure><div class=\"wp-block-media-text__content\">\n<p class=\"has-normal-font-size\"><strong>2021 NRA National Lever Action Silhouette Championships<\/strong><\/p>\n<\/div><\/div>\n\n\n\n<div class=\"wp-block-columns is-layout-flex wp-container-core-columns-is-layout-9d6595d7 wp-block-columns-is-layout-flex\">\n<div class=\"wp-block-column is-layout-flow wp-block-column-is-layout-flow\">\n<p class=\"has-text-align-center\"><strong>Encuesta sobre equipamiento para rifles de palanca<\/strong><\/p>\n\n\n\n<div class=\"wp-block-file aligncenter\"><a id=\"wp-block-file--media-d4e9eff9-7caf-4344-afa6-41f6e64c99b6\" href=\"https:\/\/nassasilhouette.org\/wp-content\/uploads\/2022\/12\/2021-Lever-Action-Rifle-Equipment-Survey-Report.pdf\">\n  <strong>PDF<\/strong>\n<\/a><a href=\"https:\/\/nassasilhouette.org\/wp-content\/uploads\/2022\/12\/2021-Lever-Action-Rifle-Equipment-Survey-Report.pdf\" class=\"wp-block-file__button wp-element-button\" download=\"\" aria-describedby=\"wp-block-file--media-d4e9eff9-7caf-4344-afa6-41f6e64c99b6\">Descargar<\/a><\/div>\n<\/div>\n\n\n\n<div class=\"wp-block-column is-layout-flow wp-block-column-is-layout-flow\">\n<p class=\"has-text-align-center\"><strong>Encuesta sobre el equipamiento de los fusiles para cartuchos de pistola<\/strong><\/p>\n\n\n\n<div class=\"wp-block-file aligncenter\"><a id=\"wp-block-file--media-aa5607bb-0f65-44e3-99f1-2cf4394d961c\" href=\"https:\/\/nassasilhouette.org\/wp-content\/uploads\/2022\/12\/2021-Pistol-Cartridge-Equipment-Survey-Report.pdf\">\n  <strong>PDF<\/strong>\n<\/a><a href=\"https:\/\/nassasilhouette.org\/wp-content\/uploads\/2022\/12\/2021-Pistol-Cartridge-Equipment-Survey-Report.pdf\" class=\"wp-block-file__button wp-element-button\" download=\"\" aria-describedby=\"wp-block-file--media-aa5607bb-0f65-44e3-99f1-2cf4394d961c\">Descargar<\/a><\/div>\n<\/div>\n\n\n\n<div class=\"wp-block-column is-layout-flow wp-block-column-is-layout-flow\">\n<p class=\"has-text-align-center\"><strong>Encuesta sobre equipamiento para rifles de peque\u00f1o calibre<\/strong><\/p>\n\n\n\n<div class=\"wp-block-file aligncenter\"><a id=\"wp-block-file--media-c658b38e-d05d-49b9-be14-eafe0ff0b99b\" href=\"https:\/\/nassasilhouette.org\/wp-content\/uploads\/2022\/12\/2021-Smallbore-Lever-Rifle-Equipment-Survey-Report.pdf\">\n  <strong>PDF<\/strong>\n<\/a><a href=\"https:\/\/nassasilhouette.org\/wp-content\/uploads\/2022\/12\/2021-Smallbore-Lever-Rifle-Equipment-Survey-Report.pdf\" class=\"wp-block-file__button wp-element-button\" download=\"\" aria-describedby=\"wp-block-file--media-c658b38e-d05d-49b9-be14-eafe0ff0b99b\">Descargar<\/a><\/div>\n<\/div>\n<\/div>\n\n\n\n<p><strong> <\/strong><\/p>\n","protected":false},"excerpt":{"rendered":"<p>La NASSA tiene previsto ampliar y mejorar las encuestas sobre el equipamiento de los campeonatos por varias razones: En el transcurso de 2023, el equipo de implementaci\u00f3n de NASSA trabajar\u00e1 con nuestros patrocinadores de la industria, directores regionales de NASSA y directores de partidos de campeonato para optimizar y ampliar el proceso de encuesta de&hellip; <a class=\"more-link\" href=\"https:\/\/nassasilhouette.org\/es-mx\/biblioteca-tecnica-de-wigger\/encuestas-sobre-el-equipo-del-campeonato\/\">Continue reading <span class=\"screen-reader-text\">Encuestas sobre el equipo del campeonato<\/span><\/a><\/p>\n","protected":false},"author":4,"featured_media":0,"parent":13853,"menu_order":0,"comment_status":"closed","ping_status":"closed","template":"","meta":{"_acf_changed":false,"footnotes":""},"class_list":["post-19470","page","type-page","status-publish","hentry","entry"],"acf":[],"rttpg_featured_image_url":null,"rttpg_author":{"display_name":"Chris Cawthorne","author_link":"https:\/\/nassasilhouette.org\/es-mx\/author\/cecawthorneyahoo-com\/"},"rttpg_comment":0,"rttpg_category":" <a href=\"https:\/\/nassasilhouette.org\/es-mx\/?taxonomy=translation_priority&#038;term=optional-es-mx\" rel=\"tag\">Optional<\/a>","rttpg_excerpt":"La NASSA tiene previsto ampliar y mejorar las encuestas sobre el equipamiento de los campeonatos por varias razones: En el transcurso de 2023, el equipo de implementaci\u00f3n de NASSA trabajar\u00e1 con nuestros patrocinadores de la industria, directores regionales de NASSA y directores de partidos de campeonato para optimizar y ampliar el proceso de encuesta de&hellip;&hellip;","_links":{"self":[{"href":"https:\/\/nassasilhouette.org\/es-mx\/wp-json\/wp\/v2\/pages\/19470","targetHints":{"allow":["GET"]}}],"collection":[{"href":"https:\/\/nassasilhouette.org\/es-mx\/wp-json\/wp\/v2\/pages"}],"about":[{"href":"https:\/\/nassasilhouette.org\/es-mx\/wp-json\/wp\/v2\/types\/page"}],"author":[{"embeddable":true,"href":"https:\/\/nassasilhouette.org\/es-mx\/wp-json\/wp\/v2\/users\/4"}],"replies":[{"embeddable":true,"href":"https:\/\/nassasilhouette.org\/es-mx\/wp-json\/wp\/v2\/comments?post=19470"}],"version-history":[{"count":0,"href":"https:\/\/nassasilhouette.org\/es-mx\/wp-json\/wp\/v2\/pages\/19470\/revisions"}],"up":[{"embeddable":true,"href":"https:\/\/nassasilhouette.org\/es-mx\/wp-json\/wp\/v2\/pages\/13853"}],"wp:attachment":[{"href":"https:\/\/nassasilhouette.org\/es-mx\/wp-json\/wp\/v2\/media?parent=19470"}],"curies":[{"name":"wp","href":"https:\/\/api.w.org\/{rel}","templated":true}]}}